

{"id":18214,"date":"2022-11-01T12:24:03","date_gmt":"2022-11-01T12:24:03","guid":{"rendered":"https:\/\/nutrident.fr\/?page_id=18214"},"modified":"2022-11-03T07:20:36","modified_gmt":"2022-11-03T07:20:36","slug":"charcoal-teeth-whitening","status":"publish","type":"page","link":"https:\/\/nutrident.fr\/en\/charcoal-teeth-whitening\/","title":{"rendered":"Charcoal teeth whitening: a real way to whiten your teeth?"},"content":{"rendered":"<div class=\"meta\"><div class=\"meta__users\"><\/div><div class=\"meta__date-modified\">Updated:&nbsp;<span>November 3, 2022<\/span><\/div><\/div><div class=\"wp-block-image\">\n<figure class=\"alignright size-medium\"><img width=\"300\" height=\"216\" src=\"https:\/\/nutrident.fr\/wp-content\/uploads\/2022\/06\/charbon-actif-300x216.jpg\" alt=\"vegetable coal\" class=\"wp-image-12541\" srcset=\"https:\/\/nutrident.fr\/wp-content\/uploads\/2022\/06\/charbon-actif-300x216.jpg 300w, https:\/\/nutrident.fr\/wp-content\/uploads\/2022\/06\/charbon-actif-1024x737.jpg 1024w, https:\/\/nutrident.fr\/wp-content\/uploads\/2022\/06\/charbon-actif-768x552.jpg 768w, https:\/\/nutrident.fr\/wp-content\/uploads\/2022\/06\/charbon-actif-1536x1105.jpg 1536w, https:\/\/nutrident.fr\/wp-content\/uploads\/2022\/06\/charbon-actif-2048x1473.jpg 2048w, https:\/\/nutrident.fr\/wp-content\/uploads\/2022\/06\/charbon-actif-254x183.jpg 254w\" sizes=\"(max-width: 300px) 100vw, 300px\" \/><figcaption>Vegetable charcoal comes in the form of a black powder.  <\/figcaption><\/figure><\/div>\n\n\n<p>You would like to have a bright smile, but <a href=\"https:\/\/nutrident.fr\/en\/black-stains-teeth\/\">your teeth are stained? <\/a> Then, it may be time for you to try a natural method, safe for your teeth, that will make them whiter. Rather than turning to a chemical solution that can attack the enamel of your teeth.<\/p>\n\n\n\n<div id=\"ez-toc-container\" class=\"ez-toc-v2_0_33_2 counter-hierarchy ez-toc-counter ez-toc-white ez-toc-container-direction\">\n<div class=\"ez-toc-title-container\">\n<p class=\"ez-toc-title\">Contenus<\/p>\n<span class=\"ez-toc-title-toggle\"><a href=\"#\" class=\"ez-toc-pull-right ez-toc-btn ez-toc-btn-xs ez-toc-btn-default ez-toc-toggle\" style=\"display: none;\"><label for=\"item\" aria-label=\"Table of Content\"><i class=\"ez-toc-glyphicon ez-toc-icon-toggle\"><\/i><\/label><input type=\"checkbox\" id=\"item\"><\/a><\/span><\/div>\n<nav><ul class='ez-toc-list ez-toc-list-level-1'><li class='ez-toc-page-1 ez-toc-heading-level-2'><a class=\"ez-toc-link ez-toc-heading-1\" href=\"https:\/\/nutrident.fr\/en\/charcoal-teeth-whitening\/#Where_does_charcoal_come_from_to_whiten_teeth\" title=\"Where does charcoal come from to whiten teeth?\">Where does charcoal come from to whiten teeth?<\/a><\/li><li class='ez-toc-page-1 ez-toc-heading-level-2'><a class=\"ez-toc-link ez-toc-heading-2\" href=\"https:\/\/nutrident.fr\/en\/charcoal-teeth-whitening\/#Where_to_find_the_vegetable_coal\" title=\"Where to find the vegetable coal?\">Where to find the vegetable coal?<\/a><\/li><li class='ez-toc-page-1 ez-toc-heading-level-2'><a class=\"ez-toc-link ez-toc-heading-3\" href=\"https:\/\/nutrident.fr\/en\/charcoal-teeth-whitening\/#Which_vegetable_charcoal_to_use_in_cosmetics_and_for_teeth\" title=\"Which vegetable charcoal to use in cosmetics and for teeth?\">Which vegetable charcoal to use in cosmetics and for teeth?<\/a><\/li><li class='ez-toc-page-1 ez-toc-heading-level-2'><a class=\"ez-toc-link ez-toc-heading-4\" href=\"https:\/\/nutrident.fr\/en\/charcoal-teeth-whitening\/#How_to_whiten_your_teeth_with_vegetable_charcoal\" title=\"How to whiten your teeth with vegetable charcoal?  \">How to whiten your teeth with vegetable charcoal?  <\/a><\/li><li class='ez-toc-page-1 ez-toc-heading-level-2'><a class=\"ez-toc-link ez-toc-heading-5\" href=\"https:\/\/nutrident.fr\/en\/charcoal-teeth-whitening\/#What_type_of_charcoal_for_teeth_whitening\" title=\"What type of charcoal for teeth whitening?  \">What type of charcoal for teeth whitening?  <\/a><\/li><li class='ez-toc-page-1 ez-toc-heading-level-2'><a class=\"ez-toc-link ez-toc-heading-6\" href=\"https:\/\/nutrident.fr\/en\/charcoal-teeth-whitening\/#Vegetable_coal_FAQ\" title=\"Vegetable coal : FAQ  \">Vegetable coal : FAQ  <\/a><\/li><\/ul><\/nav><\/div>\n<h2><span class=\"ez-toc-section\" id=\"Where_does_charcoal_come_from_to_whiten_teeth\"><\/span>Where does charcoal come from to whiten teeth?<span class=\"ez-toc-section-end\"><\/span><\/h2>\n\n\n\n<p>The use of charcoal <strong>goes back to antiquity<\/strong>, it was then prized for its ability to purify and decontaminate water. It was also used to filter polluted air. <a href=\"https:\/\/www.sciencesetavenir.fr\/fondamental\/le-maquillage-protecteur-des-anciens-egyptiens_7232\" target=\"_blank\" rel=\"noopener noreferrer\">The Egyptians<\/a> also used it for cosmetic purposes, especially for eye makeup.<\/p>\n\n\n\n<p>Also known as activated charcoal, vegetable charcoal is a <strong>black powder<\/strong> collected from the carbonization of organic vegetable matter.<\/p>\n\n\n\n<p>It is its porous nature and its ability to absorb all the substances that naturally adhere to its surface that make it so effective. It is also used in case of poisoning, because it will absorb toxins and purify the body. It helps to reduce abdominal bloating and it is in this case the vegetable coal of Belloc, made from the black poplar which is the most effective.<\/p>\n\n\n\n<p>It may seem paradoxical to use black powder to <a href=\"https:\/\/nutrident.fr\/en\/teeth-whitening-kits\/\">whiten teeth<\/a>, but it is its absorbent effect that will remove stains from the surface of the enamel. When you brush your teeth with charcoal powder, the porous surface of each tiny particle rubs against the tooth &#8211; without scratching it &#8211; and the elements that make up the stains come off and are transferred to the powder.<\/p>\n\n\n\n<p>Vegetable charcoal <strong>works very well for food stains<\/strong>, such as tea or <a href=\"https:\/\/nutrident.fr\/en\/?page_id=17900\">coffee<\/a> stains, as well as tobacco stains. It is also used to eliminate bad breath <a href=\"https:\/\/nutrident.fr\/halitose-traitement\/\">due to toxins in the mouth<\/a>.<\/p>\n\n\n\n<p>The black color of the charcoal does not attach to the teeth, but is carried away by the rinsing water.<\/p>\n\n\n\n<h2><span class=\"ez-toc-section\" id=\"Where_to_find_the_vegetable_coal\"><\/span>Where to find the vegetable coal?<span class=\"ez-toc-section-end\"><\/span><\/h2>\n\n\n<div class=\"wp-block-image\">\n<figure class=\"alignright size-medium\"><a href=\"https:\/\/amzn.to\/3b4NDAU\" target=\"_blank\" rel=\"noopener\"><img width=\"300\" height=\"186\" src=\"https:\/\/nutrident.fr\/wp-content\/uploads\/2022\/06\/615DJiRoNyL._AC_SX679_-300x186.jpg\" alt=\"Very Good Smile Vegetable Charcoal Powder\" class=\"wp-image-12527\" srcset=\"https:\/\/nutrident.fr\/wp-content\/uploads\/2022\/06\/615DJiRoNyL._AC_SX679_-300x186.jpg 300w, https:\/\/nutrident.fr\/wp-content\/uploads\/2022\/06\/615DJiRoNyL._AC_SX679_-254x157.jpg 254w, https:\/\/nutrident.fr\/wp-content\/uploads\/2022\/06\/615DJiRoNyL._AC_SX679_.jpg 679w\" sizes=\"(max-width: 300px) 100vw, 300px\" \/><\/a><\/figure><\/div>\n\n\n<p>You can find this type of product in pharmacies, parapharmacy, in organic stores and online of course.  <\/p>\n\n\n\n<p>For example, <a href=\"https:\/\/amzn.to\/3b4NDAU\" target=\"_blank\" rel=\"noopener\">Very Good Smile<\/a> offers a very effective powder, guaranteed to be 100% natural, based on activated coconut carbon.<\/p>\n\n\n\n<h2><span class=\"ez-toc-section\" id=\"Which_vegetable_charcoal_to_use_in_cosmetics_and_for_teeth\"><\/span>Which vegetable charcoal to use in cosmetics and for teeth?<span class=\"ez-toc-section-end\"><\/span><\/h2>\n\n\n\n<p>Vegetable charcoal comes from <strong>different types of plants<\/strong> and is collected after their combustion. To obtain a quality coal, an organic raw material rich in carbon is required. The ingredients most often used for cosmetics are wood &#8211; especially their bark &#8211; peanut shells and olive pits.<\/p>\n\n\n\n<p>Coconut shells are more commonly used for dental products, as the fineness of the grain is far superior to that of other plants. Thus, we obtain a powder up to twenty-five times more absorbent with <strong>coconut<\/strong>, than with ash wood. The result is a much better absorption capacity, especially of the tiny toxins and gases that they release.<\/p>\n\n\n\n<p>The other advantage of coconut charcoal is that it is odorless and tasteless, which makes it usable without any inconvenience.<\/p>\n\n\n\n<p>From an ecological point of view, the great advantage of coconut charcoal is that it leaves the tree intact and allows for multiple harvests.<\/p>\n\n\n\n<p>The chosen material is carbonized, i.e. it is raised to temperatures between 600 and 900\u00b0 C, but without air. A second carbonization is then carried out, but this time in the presence of air, oxidizing gases and water vapor.<\/p>\n\n\n\n<p>The transformation into a porous material takes place during the second carbonization.<\/p>\n\n\n\n<figure class=\"wp-block-embed is-type-video is-provider-youtube wp-block-embed-youtube wp-embed-aspect-16-9 wp-has-aspect-ratio\"><div class=\"wp-block-embed__wrapper\">\n<iframe title=\"Le charbon v\u00e9g\u00e9tal actif : \u00e0 quoi \u00e7a sert ?\" width=\"500\" height=\"281\" src=\"https:\/\/www.youtube.com\/embed\/qD80nvKCUII?feature=oembed\" frameborder=\"0\" allow=\"accelerometer; autoplay; clipboard-write; encrypted-media; gyroscope; picture-in-picture\" allowfullscreen><\/iframe>\n<\/div><\/figure>\n\n\n\n<h2><span class=\"ez-toc-section\" id=\"How_to_whiten_your_teeth_with_vegetable_charcoal\"><\/span>How to whiten your teeth with vegetable charcoal?  <span class=\"ez-toc-section-end\"><\/span><\/h2>\n\n\n\n<p>Vegetable charcoal is not used <a href=\"https:\/\/nutrident.fr\/en\/best-manual-toothbrush\/\">every time you brush<\/a>, once or twice a week is enough. Too much use could eventually weaken your <a href=\"https:\/\/nutrident.fr\/en\/?page_id=17847\">enamel<\/a>. Even though charcoal is not aggressive, it does have a slightly abrasive power that should not be abused.<\/p>\n\n\n\n<p>Dip the head of your toothbrush into the charcoal powder, paying attention to the clothes. If charcoal loosens teeth, it stains clothes. You can put the powder in the palm of your hand, because it's best to moisten your brush and if you put water in your can, the powder may then clump.<\/p>\n\n\n<div class=\"wp-block-image\">\n<figure class=\"alignright size-medium\"><img width=\"300\" height=\"200\" src=\"https:\/\/nutrident.fr\/wp-content\/uploads\/2020\/01\/adrien-olichon-z-WbjZ3a6GU-unsplash-300x200.jpg\" alt=\"vegetable coal\" class=\"wp-image-3087\" srcset=\"https:\/\/nutrident.fr\/wp-content\/uploads\/2020\/01\/adrien-olichon-z-WbjZ3a6GU-unsplash-300x200.jpg 300w, https:\/\/nutrident.fr\/wp-content\/uploads\/2020\/01\/adrien-olichon-z-WbjZ3a6GU-unsplash-1024x683.jpg 1024w, https:\/\/nutrident.fr\/wp-content\/uploads\/2020\/01\/adrien-olichon-z-WbjZ3a6GU-unsplash-768x512.jpg 768w, https:\/\/nutrident.fr\/wp-content\/uploads\/2020\/01\/adrien-olichon-z-WbjZ3a6GU-unsplash-1080x720.jpg 1080w, https:\/\/nutrident.fr\/wp-content\/uploads\/2020\/01\/adrien-olichon-z-WbjZ3a6GU-unsplash-980x653.jpg 980w, https:\/\/nutrident.fr\/wp-content\/uploads\/2020\/01\/adrien-olichon-z-WbjZ3a6GU-unsplash-480x320.jpg 480w, https:\/\/nutrident.fr\/wp-content\/uploads\/2020\/01\/adrien-olichon-z-WbjZ3a6GU-unsplash.jpg 1200w\" sizes=\"(max-width: 300px) 100vw, 300px\" \/><figcaption>To whiten your teeth, brush them with vegetable charcoal!<\/figcaption><\/figure><\/div>\n\n\n<p><strong>Brush your teeth<\/strong>, as you would with toothpaste, for two minutes if you have an electric toothbrush, and for three minutes if you use a manual toothbrush.<\/p>\n\n\n\n<p>When <a href=\"https:\/\/nutrident.fr\/en\/best-toothpaste\/\">you use toothpaste<\/a>, you should spit it out, but it's not a good idea to rinse your mouth with water. It is more effective to let the ingredients work on your teeth for a while, and saliva will naturally remove the residue. On the other hand, you must rinse your mouth well after using charcoal. Otherwise, it may stick to the teeth and <a href=\"https:\/\/nutrident.fr\/en\/?page_id=17906\">gums<\/a>.<\/p>\n\n\n\n<h3>Make your own charcoal toothpaste<\/h3>\n\n\n\n<p>The other very practical solution is to prepare a paste in a small bowl. Mix one teaspoon of activated coconut charcoal and one teaspoon of virgin coconut oil. You can perfume your preparation with three drops of lemon essential oil. In addition to its good taste, lemon <a href=\"https:\/\/nutrident.fr\/en\/essential-oils-healthy-teeth\/\">essential oil<\/a> has a very strong decontaminating power.<\/p>\n\n\n\n<p>This mixture can be stored for several months at room temperature, if you place it in a jar that closes to keep out dust.<\/p>\n\n\n\n<h2><span class=\"ez-toc-section\" id=\"What_type_of_charcoal_for_teeth_whitening\"><\/span>What type of charcoal for teeth whitening?  <span class=\"ez-toc-section-end\"><\/span><\/h2>\n\n\n\n<p>Vegetable charcoal is offered in the <strong>form of capsules, tablets, granules or powder<\/strong>. For the teeth, it is the powder version that you should choose. It is also the right packaging to make your charcoal toothpaste or to make skin masks.<\/p>\n\n\n\n<p>The other forms are reserved for the evils and heartburns of stomach, as well as for the distensions.<\/p>\n\n\n\n<p>As we have already mentioned, coconut charcoal is the most suitable for teeth whitening. Make sure the product you choose contains 100% activated carbon and no chemicals or additives.<\/p>\n\n\n\n<p>Following this article, we recommend reading <a href=\"https:\/\/nutrident.fr\/en\/teeth-whitening-kits\/\">our review of teeth whitening appliances<\/a>.<\/p>\n\n\n\n<h2><span class=\"ez-toc-section\" id=\"Vegetable_coal_FAQ\"><\/span>Vegetable coal : FAQ  <span class=\"ez-toc-section-end\"><\/span><\/h2>\n\n\n<div id=\"rank-math-faq\" class=\"rank-math-block\">\n<div class=\"rank-math-list \">\n<div id=\"faq-question-1657867676958\" class=\"rank-math-list-item\">\n<h3 class=\"rank-math-question \">What are the benefits of charcoal?<\/h3>\n<div class=\"rank-math-answer \">\n\n<p> <strong>Charcoal<\/strong> is the most effective natural remedy against intestinal gas responsible for flatulence, which is often the cause of swollen bellies. It is also useful for whitening teeth.<\/p>\n\n<\/div>\n<\/div>\n<div id=\"faq-question-1657867683319\" class=\"rank-math-list-item\">\n<h3 class=\"rank-math-question \">What are the side effects of charcoal?<\/h3>\n<div class=\"rank-math-answer \">\n\n<p>If you use it to whiten your teeth, there are no side effects to report.<\/p>\n\n<\/div>\n<\/div>\n<div id=\"faq-question-1657867691636\" class=\"rank-math-list-item\">\n<h3 class=\"rank-math-question \">Is it serious if I swallow charcoal?<\/h3>\n<div class=\"rank-math-answer \">\n\n<p>If you swallow a little charcoal while brushing your teeth, no worries. Vegetable charcoal is harmless to health.<\/p>\n\n<\/div>\n<\/div>\n<\/div>\n<\/div><div class=\"article-data before-content\"><div class=\"article-data__date\"><div class=\"article-data__date-modified\"><time class=\"published\" datetime=\"2022-11-01T12:24:03+00:00\">This article was originally published on&nbsp;<span class=\"2\">November 1, 2022<\/span>&nbsp;and was most recently updated on&nbsp;<span>November 3, 2022<\/span><\/time><br><\/div><\/div><\/div><div class=\"user-info\"><\/div><!--copyscapeskip--><div class=\"medical_references\"><div class=\"medical_references__heading\"><span>Medical Sources<\/span><\/div><div class=\"medical_references__list\"><p><strong>The protective makeup of the ancient Egyptians;<\/strong><br \/>\n<a href=\"https:\/\/www.sciencesetavenir.fr\/fondamental\/le-maquillage-protecteur-des-anciens-egyptiens_7232\">https:\/\/www.sciencesetavenir.fr\/fondamental\/le-maquillage-protecteur-des-anciens-egyptiens_7232<\/a><\/p>\n<\/div><\/div><!--\/copyscapeskip-->","protected":false},"excerpt":{"rendered":"<p>Updated:&nbsp;November 3, 2022 You would like to have a bright smile, but your teeth are stained? Then, it may be time for you to try a natural method, safe for your teeth, that will make them whiter. Rather than turning to a chemical solution that can attack the enamel of your teeth. Where does charcoal [&hellip;]<\/p>\n","protected":false},"author":2,"featured_media":18215,"parent":0,"menu_order":0,"comment_status":"open","ping_status":"open","template":"","meta":{"inline_featured_image":false},"acf":[],"_links":{"self":[{"href":"https:\/\/nutrident.fr\/en\/wp-json\/wp\/v2\/pages\/18214"}],"collection":[{"href":"https:\/\/nutrident.fr\/en\/wp-json\/wp\/v2\/pages"}],"about":[{"href":"https:\/\/nutrident.fr\/en\/wp-json\/wp\/v2\/types\/page"}],"author":[{"embeddable":true,"href":"https:\/\/nutrident.fr\/en\/wp-json\/wp\/v2\/users\/2"}],"replies":[{"embeddable":true,"href":"https:\/\/nutrident.fr\/en\/wp-json\/wp\/v2\/comments?post=18214"}],"version-history":[{"count":3,"href":"https:\/\/nutrident.fr\/en\/wp-json\/wp\/v2\/pages\/18214\/revisions"}],"predecessor-version":[{"id":18784,"href":"https:\/\/nutrident.fr\/en\/wp-json\/wp\/v2\/pages\/18214\/revisions\/18784"}],"wp:featuredmedia":[{"embeddable":true,"href":"https:\/\/nutrident.fr\/en\/wp-json\/wp\/v2\/media\/18215"}],"wp:attachment":[{"href":"https:\/\/nutrident.fr\/en\/wp-json\/wp\/v2\/media?parent=18214"}],"curies":[{"name":"wp","href":"https:\/\/api.w.org\/{rel}","templated":true}]}}