

{"id":14488,"date":"2022-09-02T07:05:30","date_gmt":"2022-09-02T07:05:30","guid":{"rendered":"https:\/\/nutrident.fr\/alveolitis-dental-causas-sintomas-y-tratamientos\/"},"modified":"2023-06-15T21:02:07","modified_gmt":"2023-06-15T21:02:07","slug":"alveolitis-dental-causas-sintomas-y-tratamientos","status":"publish","type":"page","link":"https:\/\/nutrident.fr\/es\/alveolitis-dental-causas-sintomas-y-tratamientos\/","title":{"rendered":"C\u00f3mo se cura la alveolitis dental y c\u00f3mo evitar que aparezca"},"content":{"rendered":"<div class=\"meta\"><div class=\"meta__users\">    <div class=\"meta__users__reviewed\">\r\n      <p class=\"meta__users__caption\">Contributor:&nbsp;<\/p>\r\n      <div class=\"users\">\r\n        <span class=\"users__user\">\r\n          <a href=\"#\">Dr Abel Jes\u00fas Pederzoli<\/a>\r\n        <\/span>\r\n      <\/div>\r\n    <\/div>\r\n\t<\/div><div class=\"meta__date-modified\">Updated:&nbsp;<span>junio 15, 2023<\/span><\/div><\/div><div class=\"wp-block-image\">\n<figure class=\"alignright size-medium\"><img width=\"300\" height=\"225\" src=\"https:\/\/nutrident.fr\/wp-content\/uploads\/2022\/05\/Depositphotos_404884950_S-300x225.jpg\" alt=\"alveolitis dental\" class=\"wp-image-10554\" srcset=\"https:\/\/nutrident.fr\/wp-content\/uploads\/2022\/05\/Depositphotos_404884950_S-300x225.jpg 300w, https:\/\/nutrident.fr\/wp-content\/uploads\/2022\/05\/Depositphotos_404884950_S-768x576.jpg 768w, https:\/\/nutrident.fr\/wp-content\/uploads\/2022\/05\/Depositphotos_404884950_S-254x190.jpg 254w, https:\/\/nutrident.fr\/wp-content\/uploads\/2022\/05\/Depositphotos_404884950_S.jpg 1000w\" sizes=\"(max-width: 300px) 100vw, 300px\" \/><figcaption>La alveolitis dental se produce despu\u00e9s de una extracci\u00f3n dental<\/figcaption><\/figure><\/div>\n\n\n<p>La alveolitis es la inflamaci\u00f3n del alv\u00e9olo dental, que es la peque\u00f1a cavidad de la mand\u00edbula en la que se aloja y se fija el diente. Se produce tras la extracci\u00f3n de un diente y puede ser extremadamente dolorosa.<\/p>\n\n\n\n<p>En este art\u00edculo, <a href=\"https:\/\/nutrident.fr\/es\/\">Nutrident.es<\/a> te explica c\u00f3mo se forma la alveolitis dental, c\u00f3mo prevenirla y sus posibles tratamientos.<\/p>\n\n\n\n<div id=\"ez-toc-container\" class=\"ez-toc-v2_0_33_2 counter-hierarchy ez-toc-counter ez-toc-white ez-toc-container-direction\">\n<div class=\"ez-toc-title-container\">\n<p class=\"ez-toc-title\">Contenus<\/p>\n<span class=\"ez-toc-title-toggle\"><a href=\"#\" class=\"ez-toc-pull-right ez-toc-btn ez-toc-btn-xs ez-toc-btn-default ez-toc-toggle\" style=\"display: none;\"><label for=\"item\" aria-label=\"Tabla de contenidos\"><i class=\"ez-toc-glyphicon ez-toc-icon-toggle\"><\/i><\/label><input type=\"checkbox\" id=\"item\"><\/a><\/span><\/div>\n<nav><ul class='ez-toc-list ez-toc-list-level-1'><li class='ez-toc-page-1 ez-toc-heading-level-2'><a class=\"ez-toc-link ez-toc-heading-1\" href=\"https:\/\/nutrident.fr\/es\/alveolitis-dental-causas-sintomas-y-tratamientos\/#%C2%BFQue_es_la_alveolitis_dental\" title=\"\u00bfQu\u00e9 es la alveolitis dental?\">\u00bfQu\u00e9 es la alveolitis dental?<\/a><\/li><li class='ez-toc-page-1 ez-toc-heading-level-2'><a class=\"ez-toc-link ez-toc-heading-2\" href=\"https:\/\/nutrident.fr\/es\/alveolitis-dental-causas-sintomas-y-tratamientos\/#Alveolitis_seca_o_supurativa\" title=\"Alveolitis seca o supurativa\">Alveolitis seca o supurativa<\/a><\/li><li class='ez-toc-page-1 ez-toc-heading-level-2'><a class=\"ez-toc-link ez-toc-heading-3\" href=\"https:\/\/nutrident.fr\/es\/alveolitis-dental-causas-sintomas-y-tratamientos\/#Sintomas_de_la_alveolitis_dental\" title=\"S\u00edntomas de la alveolitis dental\">S\u00edntomas de la alveolitis dental<\/a><\/li><li class='ez-toc-page-1 ez-toc-heading-level-2'><a class=\"ez-toc-link ez-toc-heading-4\" href=\"https:\/\/nutrident.fr\/es\/alveolitis-dental-causas-sintomas-y-tratamientos\/#%C2%BFComo_se_puede_prevenir_y_tratar_la_alveolitis_dental\" title=\"\u00bfC\u00f3mo se puede prevenir y tratar la alveolitis dental?\">\u00bfC\u00f3mo se puede prevenir y tratar la alveolitis dental?<\/a><\/li><li class='ez-toc-page-1 ez-toc-heading-level-2'><a class=\"ez-toc-link ez-toc-heading-5\" href=\"https:\/\/nutrident.fr\/es\/alveolitis-dental-causas-sintomas-y-tratamientos\/#Preguntas_frecuentes\" title=\"Preguntas frecuentes\">Preguntas frecuentes<\/a><\/li><\/ul><\/nav><\/div>\n<h2><span class=\"ez-toc-section\" id=\"%C2%BFQue_es_la_alveolitis_dental\"><\/span>\u00bfQu\u00e9 es la alveolitis dental?<span class=\"ez-toc-section-end\"><\/span><\/h2>\n\n\n\n<p>Esta patolog\u00eda oral es una <strong>inflamaci\u00f3n del alveolo dental<\/strong> que se produce despu\u00e9s de una extracci\u00f3n dental. La extracci\u00f3n dental puede ser necesaria cuando un diente est\u00e1 demasiado da\u00f1ado o cuando las <a href=\"https:\/\/nutrident.fr\/es\/muelas-del-juicio\/\" data-type=\"URL\" data-id=\"https:\/\/nutrident.fr\/es\/muelas-del-juicio\/\" target=\"_blank\" rel=\"noreferrer noopener\">muelas del juicio<\/a> no tiene suficiente espacio en la mand\u00edbula.<\/p>\n\n\n\n<p>Despu\u00e9s de sacar un diente, se forma <strong>un co\u00e1gulo de sangre<\/strong> en el espacio vac\u00edo, de manera similar a como se forma una costra cuando te cortas la piel. Este co\u00e1gulo detiene la hemorragia, adem\u00e1s de proteger la herida de las bacterias, pero en algunos casos<strong> puede desprenderse<\/strong> antes de que la cuenca o alveolo sane. Esto puede ocurrir al comer, beber con una pajita o cepillarse los dientes.<\/p>\n\n\n\n<p>El co\u00e1gulo tambi\u00e9n puede tardar en formarse <strong>si tu sangre no coagula lo suficientemente r\u00e1pido<\/strong>, en cuyo caso ser\u00e1 es m\u00e1s fr\u00e1gil y durar\u00e1 m\u00e1s tiempo en sanar. Si el co\u00e1gulo desaparece antes de que el espacio vac\u00edo sane, <strong>las terminaciones nerviosas del alveolo quedan expuestas<\/strong> y puede desarrollarse una alveolitis dental.<\/p>\n\n\n\n<figure class=\"wp-block-embed is-type-video is-provider-youtube wp-block-embed-youtube wp-embed-aspect-16-9 wp-has-aspect-ratio\"><div class=\"wp-block-embed__wrapper\">\n<iframe title=\"INFECCI\u00d3N tras extracci\u00f3n dental: ALVEOLITIS \u2013 Tratamiento, s\u00edntomas y causas | Dentalk! \u00a9\" width=\"500\" height=\"281\" src=\"https:\/\/www.youtube.com\/embed\/QP01w0mzchk?feature=oembed\" frameborder=\"0\" allow=\"accelerometer; autoplay; clipboard-write; encrypted-media; gyroscope; picture-in-picture; web-share\" allowfullscreen><\/iframe>\n<\/div><\/figure>\n\n\n\n<h2><span class=\"ez-toc-section\" id=\"Alveolitis_seca_o_supurativa\"><\/span>Alveolitis seca o supurativa<span class=\"ez-toc-section-end\"><\/span><\/h2>\n\n\n\n<p>La alveolitis seca no produce pus, a diferencia de la alveolitis supurativa o purulenta, que puede tardar m\u00e1s en aparecer, a veces unas semanas. Es m\u00e1s com\u00fan en la mand\u00edbula inferior debido a la presencia de saliva y restos de comida si no se realiza una limpieza dental despu\u00e9s de comer. Esta forma de alveolitis requiere el uso de antibi\u00f3ticos.<\/p>\n\n\n\n<h2><span class=\"ez-toc-section\" id=\"Sintomas_de_la_alveolitis_dental\"><\/span>S\u00edntomas de la alveolitis dental<span class=\"ez-toc-section-end\"><\/span><\/h2>\n\n\n\n<p>Es normal que sientas dolor despu\u00e9s de la extracci\u00f3n de un diente, ya que los tejidos est\u00e1n da\u00f1ados, pero el dolor deber\u00eda remitir en 24 horas.  <\/p>\n\n\n\n<p>Si se desarrolla la enfermedad del alveolo, en los pr\u00f3ximos d\u00edas (o semanas) experimentar\u00e1s un <strong>dolor intenso<\/strong> y punzante en el espacio vac\u00edo dejado por el diente, dolor que puede irradiarse al o\u00eddo.  <\/p>\n\n\n<div class=\"wp-block-image\">\n<figure class=\"alignright size-medium\"><img width=\"300\" height=\"240\" src=\"https:\/\/nutrident.fr\/wp-content\/uploads\/2022\/05\/Depositphotos_314624452_S-300x240.jpg\" alt=\"alveolitis dental\" class=\"wp-image-10557\" srcset=\"https:\/\/nutrident.fr\/wp-content\/uploads\/2022\/05\/Depositphotos_314624452_S-300x240.jpg 300w, https:\/\/nutrident.fr\/wp-content\/uploads\/2022\/05\/Depositphotos_314624452_S-768x614.jpg 768w, https:\/\/nutrident.fr\/wp-content\/uploads\/2022\/05\/Depositphotos_314624452_S-238x190.jpg 238w, https:\/\/nutrident.fr\/wp-content\/uploads\/2022\/05\/Depositphotos_314624452_S.jpg 1000w\" sizes=\"(max-width: 300px) 100vw, 300px\" \/><figcaption>Una buena higiene dental es el primer paso para prevenir la aparici\u00f3n de la alveolitis dental<\/figcaption><\/figure><\/div>\n\n\n<p>Abrir la boca y comer puede resultar doloroso. Adem\u00e1s, es posible que experimentes un <strong>sabor desagradable<\/strong> en la boca y que desarrolles <a href=\"https:\/\/nutrident.fr\/es\/halitosis\/\" target=\"_blank\" data-type=\"URL\" data-id=\"https:\/\/nutrident.fr\/es\/halitosis\/\" rel=\"noreferrer noopener\">halitosis<\/a> (mal aliento).<\/p>\n\n\n\n<h2><span class=\"ez-toc-section\" id=\"%C2%BFComo_se_puede_prevenir_y_tratar_la_alveolitis_dental\"><\/span>\u00bfC\u00f3mo se puede prevenir y tratar la alveolitis dental?<span class=\"ez-toc-section-end\"><\/span><\/h2>\n\n\n\n<p>Para evitar el riesgo de alveolitis dental, debes practicar una <a href=\"https:\/\/nutrident.fr\/es\/como-lavarse-los-dientes\/\" target=\"_blank\" data-type=\"URL\" data-id=\"https:\/\/nutrident.fr\/es\/como-lavarse-los-dientes\/\" rel=\"noreferrer noopener\">buena higiene bucal<\/a> en los d\u00edas posteriores a la extracci\u00f3n.<\/p>\n\n\n\n<p><strong>Evita <a href=\"https:\/\/nutrident.fr\/es\/tabaco\/\" data-type=\"URL\" data-id=\"https:\/\/nutrident.fr\/es\/tabaco\/\" target=\"_blank\" rel=\"noreferrer noopener\">fumar<\/a> y consumir <a href=\"https:\/\/nutrident.fr\/es\/son-los-dulces-realmente-malos-para-los-dientes\/\" data-type=\"URL\" data-id=\"https:\/\/nutrident.fr\/es\/son-los-dulces-realmente-malos-para-los-dientes\/\" target=\"_blank\" rel=\"noreferrer noopener\">az\u00facar<\/a><\/strong>. Las pacientes con diabetes, as\u00ed como las mujeres en la primera mitad de su ciclo menstrual, corren un mayor riesgo. Evita tambi\u00e9n escupir para prevenir la eliminaci\u00f3n del co\u00e1gulo.<\/p>\n\n\n\n<p>Si se trata adecuadamente, la alveolitis se puede curar en<strong> dos o tres semanas<\/strong>. <a href=\"https:\/\/nutrident.fr\/es\/dentista-de-urgencias\/\">El dentista<\/a> limpiar\u00e1 la cuenca y luego la proteger\u00e1 con un ap\u00f3sito empapado en antis\u00e9ptico. En casos de alveolitis supurativa, ser\u00e1 necesario adem\u00e1s el uso de <strong>un antibi\u00f3tico<\/strong>. Tambi\u00e9n se puede realizar un legrado para facilitar la formaci\u00f3n de un nuevo co\u00e1gulo de sangre. Dependiendo de intensidad de la alveolitis, el dentista te podr\u00e1 recetar alg\u00fan <strong>analg\u00e9sico<\/strong>.<\/p>\n\n\n\n<h2><span class=\"ez-toc-section\" id=\"Preguntas_frecuentes\"><\/span>Preguntas frecuentes<span class=\"ez-toc-section-end\"><\/span><\/h2>\n\n\n<div id=\"rank-math-faq\" class=\"rank-math-block\">\n<div class=\"rank-math-list \">\n<div id=\"faq-question-1657866197637\" class=\"rank-math-list-item\">\n<h3 class=\"rank-math-question \">\u00bfCu\u00e1les son los s\u00edntomas de la alveolitis?<\/h3>\n<div class=\"rank-math-answer \">\n\n<p>Los signos que indican la presencia de alveolitis son el mal aliento, los brotes de fiebre, el dolor intenso que puede llegar hasta los o\u00eddos y las molestias al abrir la boca.<\/p>\n\n<\/div>\n<\/div>\n<div id=\"faq-question-1657866215931\" class=\"rank-math-list-item\">\n<h3 class=\"rank-math-question \">\u00bfCu\u00e1ndo se produce la alveolitis dental?<\/h3>\n<div class=\"rank-math-answer \">\n\n<p>La inflamaci\u00f3n del alveolo dental se produce unos d\u00edas o semanas despu\u00e9s de una extracci\u00f3n dental.<\/p>\n\n<\/div>\n<\/div>\n<div id=\"faq-question-1678902409136\" class=\"rank-math-list-item\">\n<h3 class=\"rank-math-question \">\u00bfCu\u00e1nto tiempo tarda en sanar una alveolitis?<\/h3>\n<div class=\"rank-math-answer \">\n\n<p>Una alveolitis puede tomar entre dos o tres semanas para curarse completamente.<\/p>\n\n<\/div>\n<\/div>\n<div id=\"faq-question-1678902463355\" class=\"rank-math-list-item\">\n<h3 class=\"rank-math-question \">\u00bfQu\u00e9 puedo comer si tengo alveolitis?<\/h3>\n<div class=\"rank-math-answer \">\n\n<p>Lo m\u00e1s recomendable es seguir una dieta blanda compuesta de pur\u00e9s, batidos y sopas que no est\u00e9n demasiado calientes. Otros alimentos que puedes incluir en la dieta son gelatinas, pudines, helado, yogur, huevos revueltos y quesos blandos.<\/p>\n\n<\/div>\n<\/div>\n<\/div>\n<\/div><div class=\"article-data before-content\"><div class=\"article-data__date\"><div class=\"article-data__date-modified\"><time class=\"published\" datetime=\"2022-09-02T07:05:30+00:00\">This article was originally published on&nbsp;<span class=\"2\">septiembre 2, 2022<\/span>&nbsp;and was most recently updated on&nbsp;<span>junio 15, 2023<\/span><\/time><br><\/div><\/div><\/div><div class=\"user-info\">    <div class=\"user-info__body\">\r\n      <div class=\"user-info__caption\"><span>Contributors:<\/span><\/div>\r\n\t\t\t        <div class=\"user-info__wrap \">\r\n          <div class=\"user-info__data\">\r\n            <div class=\"user-info__data__info\">\r\n              <div class=\"photo\">\r\n\t\t\t\t\t\t\t\t<img width=\"66\" height=\"61\" src=\"https:\/\/nutrident.fr\/wp-content\/uploads\/2023\/06\/unnamed-66x61.jpg\" class=\"attachment-profileImageAuthor size-profileImageAuthor wp-post-image\" alt=\"Dr Abel Jes\u00fas Pederzoli\" loading=\"lazy\" srcset=\"https:\/\/nutrident.fr\/wp-content\/uploads\/2023\/06\/unnamed-66x61.jpg 66w, https:\/\/nutrident.fr\/wp-content\/uploads\/2023\/06\/unnamed-300x279.jpg 300w, https:\/\/nutrident.fr\/wp-content\/uploads\/2023\/06\/unnamed-1024x952.jpg 1024w, https:\/\/nutrident.fr\/wp-content\/uploads\/2023\/06\/unnamed-768x714.jpg 768w, https:\/\/nutrident.fr\/wp-content\/uploads\/2023\/06\/unnamed-204x190.jpg 204w, https:\/\/nutrident.fr\/wp-content\/uploads\/2023\/06\/unnamed-120x112.jpg 120w, https:\/\/nutrident.fr\/wp-content\/uploads\/2023\/06\/unnamed.jpg 1125w\" sizes=\"(max-width: 66px) 100vw, 66px\" \/>              <\/div>\r\n              <a href=\"https:\/\/nutrident.fr\/es\/author\/dr-abel-jesus-pederzoli\/\" class=\"name\">Dr Abel Jes\u00fas Pederzoli<\/a>\r\n            <\/div>\r\n            <div class=\"user-info__data__social\">\r\n\t\t\t\t\t\t\t\t\t\t\t\t\t\t\t\t\t\t\t\t\t          <a href=\"https:\/\/clinicaleixample.es\/\"\r\n             class=\"soc-item website\">website<\/a>\r\n\t\t\t\t          <a href=\"http:\/\/linkedin.com\/in\/abel-jes%C3%BAs-pederzoli\"\r\n             class=\"soc-item linkedin\">linkedin<\/a>\r\n\t\t\t\t            <\/div>\r\n          <\/div>\r\n          <div class=\"user-info__description\">\r\n\t\t\t\t\t\t\t\t\t\t\t\t\t<p>Con t\u00edtulos obtenidos en la Facultad de Odontolog\u00eda de la Universidad Nacional de La Plata y una participaci\u00f3n activa en congresos y jornadas, el Dr. Pederzoli se mantiene actualizado en las \u00faltimas t\u00e9cnicas y avances en odontolog\u00eda. Actualmente se encuentra desarrollando un proyecto de consultor\u00eda tecnol\u00f3gica aplicada a cl\u00ednicas dentales.<\/p>\n\t\t\t\t\t\t          <\/div>\r\n        <\/div>\r\n\t\t\t\t    <\/div>\r\n\t<\/div><!--copyscapeskip--><div class=\"medical_references\"><div class=\"medical_references__heading\"><span>Fuentes M\u00e9dicas<\/span><\/div><div class=\"medical_references__list\"><p><strong>Scielo:<\/strong> <a href=\"https:\/\/scielo.isciii.es\/scielo.php?script=sci_arttext&pid=S1698-44472005000100011\" target=\"_blank\" rel=\"noopener\">Alveolitis seca. Actualizaci\u00f3n de conceptos<\/a>. Consultado el 15 de marzo de 2023.<\/p>\n<p><strong>Elsevier:<\/strong> <a href=\"https:\/\/www.elsevier.es\/es-revista-revista-espanola-cirugia-oral-maxilofacial-300-articulo-alveolitis-seca-una-revision-literatura-S1130055814000604\" target=\"_blank\" rel=\"noopener\">Alveolitis seca: una revisi\u00f3n de la literatura<\/a>. Consultado el 15 de marzo de 2023.<\/p>\n<p><strong>Mayo Clinic<\/strong>: <a href=\"https:\/\/www.mayoclinic.org\/es-es\/diseases-conditions\/dry-socket\/symptoms-causes\/syc-20354376\" target=\"_blank\" rel=\"noopener\">Alveolitis seca<\/a>. Consultado el 15 de marzo de 2023.<\/p>\n<\/div><\/div><!--\/copyscapeskip-->","protected":false},"excerpt":{"rendered":"<p>Contributor:&nbsp; Dr Abel Jes\u00fas Pederzoli Updated:&nbsp;junio 15, 2023 La alveolitis es la inflamaci\u00f3n del alv\u00e9olo dental, que es la peque\u00f1a cavidad de la mand\u00edbula en la que se aloja y se fija el diente. Se produce tras la extracci\u00f3n de un diente y puede ser extremadamente dolorosa. En este art\u00edculo, Nutrident.es te explica c\u00f3mo se [&hellip;]<\/p>\n","protected":false},"author":14,"featured_media":10556,"parent":0,"menu_order":0,"comment_status":"closed","ping_status":"closed","template":"","meta":{"inline_featured_image":false},"acf":[],"_links":{"self":[{"href":"https:\/\/nutrident.fr\/es\/wp-json\/wp\/v2\/pages\/14488"}],"collection":[{"href":"https:\/\/nutrident.fr\/es\/wp-json\/wp\/v2\/pages"}],"about":[{"href":"https:\/\/nutrident.fr\/es\/wp-json\/wp\/v2\/types\/page"}],"author":[{"embeddable":true,"href":"https:\/\/nutrident.fr\/es\/wp-json\/wp\/v2\/users\/14"}],"replies":[{"embeddable":true,"href":"https:\/\/nutrident.fr\/es\/wp-json\/wp\/v2\/comments?post=14488"}],"version-history":[{"count":16,"href":"https:\/\/nutrident.fr\/es\/wp-json\/wp\/v2\/pages\/14488\/revisions"}],"predecessor-version":[{"id":21997,"href":"https:\/\/nutrident.fr\/es\/wp-json\/wp\/v2\/pages\/14488\/revisions\/21997"}],"wp:featuredmedia":[{"embeddable":true,"href":"https:\/\/nutrident.fr\/es\/wp-json\/wp\/v2\/media\/10556"}],"wp:attachment":[{"href":"https:\/\/nutrident.fr\/es\/wp-json\/wp\/v2\/media?parent=14488"}],"curies":[{"name":"wp","href":"https:\/\/api.w.org\/{rel}","templated":true}]}}