

{"id":14522,"date":"2022-09-29T12:34:00","date_gmt":"2022-09-29T12:34:00","guid":{"rendered":"https:\/\/nutrident.fr\/?page_id=14522"},"modified":"2023-06-13T11:10:58","modified_gmt":"2023-06-13T11:10:58","slug":"cepillo-interdental","status":"publish","type":"page","link":"https:\/\/nutrident.fr\/es\/cepillo-interdental\/","title":{"rendered":"Cepillos interdentales: gu\u00eda de los mejores productos en el mercado"},"content":{"rendered":"<div class=\"meta\"><div class=\"meta__users\">    <div class=\"meta__users__reviewed\">\r\n      <p class=\"meta__users__caption\">Contributor:&nbsp;<\/p>\r\n      <div class=\"users\">\r\n        <span class=\"users__user\">\r\n          <a href=\"#\">Dr Abel Jes\u00fas Pederzoli<\/a>\r\n        <\/span>\r\n      <\/div>\r\n    <\/div>\r\n\t<\/div><div class=\"meta__date-modified\">Updated:&nbsp;<span>junio 13, 2023<\/span><\/div><\/div>\n<p>Nutrident est\u00e1 financiado por sus lectores. Cuando compras en nuestro sitio, a veces ganamos comisiones de afiliaci\u00f3n que no suponen ning\u00fan coste para ti. <a href=\"https:\/\/nutrident.fr\/es\/divulgacion-y-exencion-de-responsabilidad-de-amazon\/\" rel=\"noindex, nofollow\">Lee m\u00e1s.<\/a><\/p>\n\n\n<div class=\"wp-block-image\">\n<figure class=\"alignright size-medium\"><img width=\"300\" height=\"200\" src=\"https:\/\/nutrident.fr\/wp-content\/uploads\/2022\/05\/Depositphotos_60853651_S-300x200.jpg\" alt=\"cepillo interdental\" class=\"wp-image-10647\" srcset=\"https:\/\/nutrident.fr\/wp-content\/uploads\/2022\/05\/Depositphotos_60853651_S-300x200.jpg 300w, https:\/\/nutrident.fr\/wp-content\/uploads\/2022\/05\/Depositphotos_60853651_S-768x511.jpg 768w, https:\/\/nutrident.fr\/wp-content\/uploads\/2022\/05\/Depositphotos_60853651_S-254x169.jpg 254w, https:\/\/nutrident.fr\/wp-content\/uploads\/2022\/05\/Depositphotos_60853651_S.jpg 999w\" sizes=\"(max-width: 300px) 100vw, 300px\" \/><figcaption>El cepillo interdental: un buen aliado para tu higiene bucal<\/figcaption><\/figure><\/div>\n\n\n<p>El cepillo interdental es un producto de higiene oral que se utiliza para limpiar entre los dientes, cumpliendo la misma funci\u00f3n que el hilo dental. Tambi\u00e9n es muy \u00fatil para las personas que tienen aparatos de ortodoncia, pues ayuda a eliminar los restos de alimentos y la placa dental de manera muy f\u00e1cil y efectiva.<\/p>\n\n\n\n<p>En este art\u00edculo, encontrar\u00e1s todos los detalles sobre los cepillos interdentales, as\u00ed como una rese\u00f1a comparativa de tres de los mejores modelos que puedes encontrar en el mercado.<\/p>\n\n\n\n<div id=\"ez-toc-container\" class=\"ez-toc-v2_0_33_2 counter-hierarchy ez-toc-counter ez-toc-white ez-toc-container-direction\">\n<div class=\"ez-toc-title-container\">\n<p class=\"ez-toc-title\">Contenus<\/p>\n<span class=\"ez-toc-title-toggle\"><a href=\"#\" class=\"ez-toc-pull-right ez-toc-btn ez-toc-btn-xs ez-toc-btn-default ez-toc-toggle\" style=\"display: none;\"><label for=\"item\" aria-label=\"Tabla de contenidos\"><i class=\"ez-toc-glyphicon ez-toc-icon-toggle\"><\/i><\/label><input type=\"checkbox\" id=\"item\"><\/a><\/span><\/div>\n<nav><ul class='ez-toc-list ez-toc-list-level-1'><li class='ez-toc-page-1 ez-toc-heading-level-2'><a class=\"ez-toc-link ez-toc-heading-1\" href=\"https:\/\/nutrident.fr\/es\/cepillo-interdental\/#Los_mejores_cepillos_interdentales_nuestra_resena_y_opiniones\" title=\"Los mejores cepillos interdentales: nuestra rese\u00f1a y opiniones\">Los mejores cepillos interdentales: nuestra rese\u00f1a y opiniones<\/a><\/li><li class='ez-toc-page-1 ez-toc-heading-level-2'><a class=\"ez-toc-link ez-toc-heading-2\" href=\"https:\/\/nutrident.fr\/es\/cepillo-interdental\/#Los_diferentes_cepillos_disponibles_en_el_mercado\" title=\"Los diferentes cepillos disponibles en el mercado\">Los diferentes cepillos disponibles en el mercado<\/a><\/li><li class='ez-toc-page-1 ez-toc-heading-level-2'><a class=\"ez-toc-link ez-toc-heading-3\" href=\"https:\/\/nutrident.fr\/es\/cepillo-interdental\/#%C2%BFPor_que_utilizar_un_cepillo_interdental\" title=\"\u00bfPor qu\u00e9 utilizar un cepillo interdental?\">\u00bfPor qu\u00e9 utilizar un cepillo interdental?<\/a><\/li><li class='ez-toc-page-1 ez-toc-heading-level-2'><a class=\"ez-toc-link ez-toc-heading-4\" href=\"https:\/\/nutrident.fr\/es\/cepillo-interdental\/#%C2%BFQuien_deberia_usar_un_cepillo_interdental\" title=\"\u00bfQui\u00e9n deber\u00eda usar un cepillo interdental?\">\u00bfQui\u00e9n deber\u00eda usar un cepillo interdental?<\/a><\/li><li class='ez-toc-page-1 ez-toc-heading-level-2'><a class=\"ez-toc-link ez-toc-heading-5\" href=\"https:\/\/nutrident.fr\/es\/cepillo-interdental\/#El_diseno_del_cepillo_interdental\" title=\"El dise\u00f1o del cepillo interdental\">El dise\u00f1o del cepillo interdental<\/a><\/li><li class='ez-toc-page-1 ez-toc-heading-level-2'><a class=\"ez-toc-link ez-toc-heading-6\" href=\"https:\/\/nutrident.fr\/es\/cepillo-interdental\/#%C2%BFComo_utilizar_el_cepillo_interdental\" title=\"\u00bfC\u00f3mo utilizar el cepillo interdental?\">\u00bfC\u00f3mo utilizar el cepillo interdental?<\/a><\/li><li class='ez-toc-page-1 ez-toc-heading-level-2'><a class=\"ez-toc-link ez-toc-heading-7\" href=\"https:\/\/nutrident.fr\/es\/cepillo-interdental\/#Preguntas_frecuentes\" title=\"Preguntas frecuentes\">Preguntas frecuentes<\/a><\/li><\/ul><\/nav><\/div>\n<h2><span class=\"ez-toc-section\" id=\"Los_mejores_cepillos_interdentales_nuestra_resena_y_opiniones\"><\/span>Los mejores cepillos interdentales: nuestra rese\u00f1a y opiniones<span class=\"ez-toc-section-end\"><\/span><\/h2>\n\n\n\n<p>Hemos seleccionado tres modelos para nuestra comparativa, de manera que puedas elegir el producto que m\u00e1s te convenga.<\/p>\n\n\n\n<h3>Gum Bi-Direction<\/h3>\n\n\n\n<p>La marca Gum es una referencia en el mercado de productos para el cuidado de las enc\u00edas. Su gama de cepillos bidireccionales tiene la particularidad de ofrecer <strong>un cabezal giratorio de 90\u00b0<\/strong> para facilitar el acceso a las zonas posteriores.<\/p>\n\n\n\n<p>Los <strong>mangos son muy fuertes<\/strong> y no se doblan cuando el cabezal encuentra un obst\u00e1culo durante su uso. Adem\u00e1s, su longitud es bastante adecuada para un manejo c\u00f3modo y sencillo, especialmente si tienes manos grandes.<\/p>\n\n\n\n<p>El cepillo interdental bidireccional de Gum es de excelente calidad y es nuestro favorito. Aunque es un poco m\u00e1s caro que los dem\u00e1s, <strong>dura m\u00e1s tiempo<\/strong>, lo que lo convierte en una mejor inversi\u00f3n. Viene en presentaciones de 0,7 mm, 0,9 mm y 1,2 mm.<\/p>\n\n\n\n<div class=\"wp-container-1 is-content-justification-center wp-block-buttons\">\n<div class=\"wp-block-button\"><a class=\"wp-block-button__link has-white-color has-vivid-cyan-blue-background-color has-text-color has-background\" href=\"https:\/\/amzn.to\/3NG0CqI\" target=\"_blank\" rel=\"noreferrer noopener\">Encuentra este producto al mejor precio<\/a><\/div>\n<\/div>\n\n\n\n<h3>Cepillos interdentales Oral-B<\/h3>\n\n\n\n<p>Oral-B es, desde hace tiempo, una de las mejores marcas en el campo de la odontolog\u00eda, ya que ofrece todos los productos necesarios para una buena higiene bucal: pasta de dientes, cepillos de dientes, colutorio, etc.<\/p>\n\n\n\n<p>Estos cepillos interdentales son de muy buena calidad y muy <strong>suaves para las enc\u00edas<\/strong>. La caja viene con 12 cepillos de cerdas suaves con un grosor de 6,5 mm. Si tienes los dientes muy api\u00f1ados o juntos, probablemente no sea la mejor opci\u00f3n para ti.<\/p>\n\n\n\n<div class=\"wp-container-2 is-content-justification-center wp-block-buttons\">\n<div class=\"wp-block-button\"><a class=\"wp-block-button__link has-white-color has-vivid-cyan-blue-background-color has-text-color has-background\" href=\"https:\/\/amzn.to\/3LW71ga\" target=\"_blank\" rel=\"noreferrer noopener\">Encuentra este producto al mejor precio<\/a><\/div>\n<\/div>\n\n\n\n<h3>Crinex<\/h3>\n\n\n\n<p>Crinex es una marca francesa y sus cepillos interdentales son muy eficaces. Hemos seleccionado este paquete por la <strong>variedad de di\u00e1metros<\/strong> que ofrece: viene con 12 cepillos que van desde los 3,2 mm hasta los 6 mm.<\/p>\n\n\n\n<p>Las fibras son de Tynex y vienen en dos colores que permiten identificar las hemorragias y la placa dental. Otra caracter\u00edstica muy \u00fatil de este modelo es que viene con una <strong>tapa protectora<\/strong> para el cabezal que se puede fijar a la base del mango para extenderlo y que sea m\u00e1s f\u00e1cil usar el cepillo.<\/p>\n\n\n\n<div class=\"wp-container-3 is-content-justification-center wp-block-buttons\">\n<div class=\"wp-block-button\"><a class=\"wp-block-button__link has-white-color has-vivid-cyan-blue-background-color has-text-color has-background\" href=\"https:\/\/amzn.to\/3Nz2W2K\" target=\"_blank\" rel=\"noreferrer noopener\">Encuentra este producto al mejor precio<\/a><\/div>\n<\/div>\n\n\n\n<h2><span class=\"ez-toc-section\" id=\"Los_diferentes_cepillos_disponibles_en_el_mercado\"><\/span>Los diferentes cepillos disponibles en el mercado<span class=\"ez-toc-section-end\"><\/span><\/h2>\n\n\n\n<p>Existe una gama muy amplia y diversa de cepillos interdentales en el mercado. Los modelos difieren en los <strong>materiales utilizados<\/strong> y en el <strong>dise\u00f1o<\/strong>. El tama\u00f1o del mango difiere de un cepillo a otro y algunos tienen cabezales que se pueden inclinar para que sea m\u00e1s f\u00e1cil llegar a las \u00e1reas dif\u00edciles.<\/p>\n\n\n\n<p>Tambi\u00e9n puedes encontrar <strong>cepillos interdentales desechables<\/strong> de un solo uso que tienen un impacto negativo sobre el medio ambiente. Es mejor comprar paquetes de cepillos reutilizables, as\u00ed ahorrar\u00e1s unos euros y reducir\u00e1s la cantidad de desechos pl\u00e1sticos que generas.<\/p>\n\n\n\n<h2><span class=\"ez-toc-section\" id=\"%C2%BFPor_que_utilizar_un_cepillo_interdental\"><\/span>\u00bfPor qu\u00e9 utilizar un cepillo interdental?<span class=\"ez-toc-section-end\"><\/span><\/h2>\n\n\n\n<p>Incluso <a href=\"https:\/\/nutrident.fr\/es\/cepillarse-correctamente-los-dientes\/\" target=\"_blank\" data-type=\"URL\" data-id=\"https:\/\/nutrident.fr\/es\/cepillarse-correctamente-los-dientes\/\" rel=\"noreferrer noopener\">cuando se utiliza correctamente<\/a>, un cepillo de dientes <strong>s\u00f3lo alcanza el 60% de la superficie dental<\/strong>, ya que las cerdas no llegan a los espacios interdentales. La placa se acumula en estos lugares en donde el cepillo no puede penetrar.<\/p>\n\n\n\n<p>Utilizar un cepillo interdental, tambi\u00e9n conocido como cepillo interproximal, ayuda a <strong>eliminar la placa<\/strong> antes de que se convierta en <a href=\"https:\/\/nutrident.fr\/es\/sarro-dental\/\" data-type=\"URL\" data-id=\"https:\/\/nutrident.fr\/es\/sarro-dental\/\" target=\"_blank\" rel=\"noreferrer noopener\">sarro<\/a>. Una vez que la placa se calcifica, s\u00f3lo el dentista la puede eliminar.<\/p>\n\n\n\n<p>Una limpieza a fondo previene la <a href=\"https:\/\/nutrident.fr\/es\/inflamacion-de-encias\/\" target=\"_blank\" data-type=\"URL\" data-id=\"https:\/\/nutrident.fr\/es\/inflamacion-de-encias\/\" rel=\"noreferrer noopener\">inflamaci\u00f3n de las enc\u00edas<\/a>, la caries, la enfermedad periodontal, el <a href=\"https:\/\/nutrident.fr\/es\/mal-aliento\/\">mal aliento<\/a> y otros problemas orales.<\/p>\n\n\n\n<h2><span class=\"ez-toc-section\" id=\"%C2%BFQuien_deberia_usar_un_cepillo_interdental\"><\/span>\u00bfQui\u00e9n deber\u00eda usar un cepillo interdental?<span class=\"ez-toc-section-end\"><\/span><\/h2>\n\n\n\n<p>Casi todo el mundo puede usar un cepillo interdental. La excepci\u00f3n son las personas con <a href=\"https:\/\/nutrident.fr\/es\/apinamiento-dental\/\" target=\"_blank\" data-type=\"URL\" rel=\"noreferrer noopener\">dientes especialmente juntos<\/a>, ya que les ser\u00e1 muy dificil, si no imposible, introducir el cepillo entre los dientes. En estos casos lo mejor es usar hilo dental.<\/p>\n\n\n\n<h3>Un complemento para el cepillo de dientes<\/h3>\n\n\n\n<p>El cepillo de dientes es esencial en la rutina de higiene oral, pero no es suficiente. Es necesario usar hilo dental, o en su defecto un cepillo interdental, para <strong>eliminar los trozos de comida<\/strong> que se atascan entre los dientes, se descomponen y fomentan el desarrollo de caries y sarro.<\/p>\n\n\n\n<h3>Para limpiar entre los dientes y las enc\u00edas<\/h3>\n\n\n\n<p>Si se utilizan con cuidado, los cepillos interdentales <strong>limpian perfectamente las enc\u00edas<\/strong> y los espacios interdentales, proporcionando un masaje que estimula la circulaci\u00f3n sangu\u00ednea y que es beneficiosa para las enc\u00edas.<\/p>\n\n\n\n<p>Los cepillos interdentales ayudan a garantizar una limpieza suave y, por tanto, son adecuados para todo tipo de <a href=\"https:\/\/nutrident.fr\/es\/dentaduras-postizas-fijas-y-removibles\/\" data-type=\"URL\" data-id=\"https:\/\/nutrident.fr\/es\/dentaduras-postizas-fijas-y-removibles\/\" target=\"_blank\" rel=\"noreferrer noopener\">pr\u00f3tesis dentales<\/a>, fijas o extra\u00edbles. Tambi\u00e9n son muy \u00fatiles para limpiar las zonas inaccesibles de la boca si llevas <a href=\"https:\/\/nutrident.fr\/es\/ortodoncia\/como-evitar\/\" target=\"_blank\" data-type=\"URL\" rel=\"noreferrer noopener\">aparatos de ortodoncia<\/a>, por ejemplo.<\/p>\n\n\n<div class=\"wp-block-image\">\n<figure class=\"alignright size-medium\"><img width=\"300\" height=\"300\" src=\"https:\/\/nutrident.fr\/wp-content\/uploads\/2022\/05\/Depositphotos_147789927_S-300x300.jpg\" alt=\"cepillo interdental\" class=\"wp-image-10650\" srcset=\"https:\/\/nutrident.fr\/wp-content\/uploads\/2022\/05\/Depositphotos_147789927_S-300x300.jpg 300w, https:\/\/nutrident.fr\/wp-content\/uploads\/2022\/05\/Depositphotos_147789927_S-150x150.jpg 150w, https:\/\/nutrident.fr\/wp-content\/uploads\/2022\/05\/Depositphotos_147789927_S-768x768.jpg 768w, https:\/\/nutrident.fr\/wp-content\/uploads\/2022\/05\/Depositphotos_147789927_S-190x190.jpg 190w, https:\/\/nutrident.fr\/wp-content\/uploads\/2022\/05\/Depositphotos_147789927_S.jpg 1000w\" sizes=\"(max-width: 300px) 100vw, 300px\" \/><figcaption>El cepillo interproximal es una buena forma de limpiar las zonas a las que no llega el cepillo de dientes<\/figcaption><\/figure><\/div>\n\n\n<p>Debes utilizar el cepillo interdental <strong>una vez al d\u00eda<\/strong>, preferiblemente por la noche, moviendo el cepillo suavemente hacia delante y hacia atr\u00e1s en cada espacio interdental.<\/p>\n\n\n\n<h2><span class=\"ez-toc-section\" id=\"El_diseno_del_cepillo_interdental\"><\/span>El dise\u00f1o del cepillo interdental<span class=\"ez-toc-section-end\"><\/span><\/h2>\n\n\n\n<p>El cepillo interdental est\u00e1 dise\u00f1ado para <strong>introducirse donde un cepillo de dientes no puede<\/strong>. Se compone de un mango corto de pl\u00e1stico antideslizante para ofrecerte un buen agarre y una parte de acero inoxidable, normalmente protegida por pl\u00e1stico, y cerdas sint\u00e9ticas suaves.<\/p>\n\n\n\n<h3>Varios tama\u00f1os de cepillo<\/h3>\n\n\n\n<p>Los cepillos interdentales vienen en una gran variedad de tama\u00f1os, normalmente <strong>a partir de 0,6 o 0,7 mm<\/strong> y var\u00edan de una marca a otra. Si no acostumbras a utilizar el cepillo interproximal y lo compras por primera vez, escoge el modelo m\u00e1s fino. Si consideras que es demasiado fino, puedes elegir el siguiente tama\u00f1o m\u00e1s grande.<\/p>\n\n\n\n<p>Si compras un cepillo demasiado grande, no cabr\u00e1 entre los dientes y se torcer\u00e1. Se puede utilizar un cepillo demasiado fino hasta encontrar uno m\u00e1s grueso. Tambi\u00e9n puedes comprar un paquete que incluya varios tama\u00f1os para que puedas compararlos y elegir el que m\u00e1s te convenga.<\/p>\n\n\n\n<h3>Un proceso que no funciona para todos<\/h3>\n\n\n\n<p>Si ni siquiera el cepillo m\u00e1s fino puede pasar entre tus dientes, no insistas, este m\u00e9todo no es para ti y necesitas usar el hilo dental. Este es el caso de las personas cuyos <strong>dientes est\u00e1n demasiado juntos<\/strong>, pero tambi\u00e9n en los casos en que los dientes se superponen.<\/p>\n\n\n\n<p>Si tus dientes est\u00e1n desiguales, debes utilizar una combinaci\u00f3n de cepillo interdental para los dientes separados e hilo dental para los dientes api\u00f1ados.<\/p>\n\n\n\n<h2><span class=\"ez-toc-section\" id=\"%C2%BFComo_utilizar_el_cepillo_interdental\"><\/span>\u00bfC\u00f3mo utilizar el cepillo interdental?<span class=\"ez-toc-section-end\"><\/span><\/h2>\n\n\n\n<p>Se recomienda usar el cepillo interproximal una vez al d\u00eda, preferiblemente<strong> por la noche <\/strong>para prevenir la acumulaci\u00f3n de placa mientras duermes y la formaci\u00f3n de sarro. Las primeras veces, es aconsejable usarlo frente al espejo para evitar movimientos torpes. Una vez que hayas adquirido la t\u00e9cnica correcta, podr\u00e1s hacerlo sin un espejo.<\/p>\n\n\n\n<h3>\u00bfAntes o despu\u00e9s del cepillado?<\/h3>\n\n\n\n<p>Al igual que sucede con el hilo dental, existen diferentes opiniones sobre si el cepillo interproximal debe utilizarse antes o despu\u00e9s del cepillado regular. Los que defienden el uso posterior del cepillo interdental argumentan que este act\u00faa como el toque final, asegurando una limpieza completa y efectiva.<\/p>\n\n\n\n<p>Sin embargo, los defensores del uso previo sostienen un argumento m\u00e1s l\u00f3gico: al usar el cepillo interdental, es posible que se remuevan restos de comida que puede adherirse a otras \u00e1reas de la boca. La funci\u00f3n del cepillo interproximal es <strong>comenzar el trabajo de limpieza<\/strong>, por lo que es mejor cepillarse los dientes despu\u00e9s para eliminar cualquier part\u00edcula no deseada.<\/p>\n\n\n\n<h3>Una ligera inclinaci\u00f3n para una limpieza suave<\/h3>\n\n\n\n<p>Para introducir el cepillo con suavidad, puedes inclinarlo ligeramente, empujar la punta y luego enderezarlo para que quede perpendicular a los dientes. A continuaci\u00f3n, puedes empujarlo completamente.<\/p>\n\n\n\n<p>Intenta ir despacio y s\u00f3lo hacia dentro y hacia afuera para<strong> evitar irritaciones y lesiones en las enc\u00edas<\/strong>. Si el espacio entre los dientes es m\u00e1s amplio, puedes realizar varias pasadas e incluso hacer un movimiento de rotaci\u00f3n.<\/p>\n\n\n<div class=\"wp-block-image\">\n<figure class=\"alignright size-medium\"><img width=\"300\" height=\"200\" src=\"https:\/\/nutrident.fr\/wp-content\/uploads\/2022\/05\/Depositphotos_74747957_S-300x200.jpg\" alt=\"cepillo interdental\" class=\"wp-image-10653\" srcset=\"https:\/\/nutrident.fr\/wp-content\/uploads\/2022\/05\/Depositphotos_74747957_S-300x200.jpg 300w, https:\/\/nutrident.fr\/wp-content\/uploads\/2022\/05\/Depositphotos_74747957_S-768x512.jpg 768w, https:\/\/nutrident.fr\/wp-content\/uploads\/2022\/05\/Depositphotos_74747957_S-254x169.jpg 254w, https:\/\/nutrident.fr\/wp-content\/uploads\/2022\/05\/Depositphotos_74747957_S.jpg 1000w\" sizes=\"(max-width: 300px) 100vw, 300px\" \/><figcaption>Para un uso \u00f3ptimo del cepillo, debes adoptar la posici\u00f3n adecuada<\/figcaption><\/figure><\/div>\n\n\n<p>Limpia bien el cepillo y vuelve a guardarlo en su caja o estuche protector.<\/p>\n\n\n\n<p>Un cepillo suele durar <strong>de una a tres semanas<\/strong>. Todo depende de la configuraci\u00f3n de tus dientes, de c\u00f3mo lo utilices y de la marca que elijas.<\/p>\n\n\n\n<h3>\u00bfQu\u00e9 hacer en caso de hemorragia?<\/h3>\n\n\n\n<p><strong>Es probable que sangres<\/strong> un poco si nunca has utilizado un cepillo interdental, ya que tus enc\u00edas no est\u00e1n acostumbradas al contacto y al roce de las cerdas. Sin embargo, si este sangrado persiste durante m\u00e1s de una semana, debes dejar de utilizar el cepillo y concertar una cita con tu dentista para que compruebe si tienes una infecci\u00f3n o una enfermedad periodontal.<\/p>\n\n\n\n<h2><span class=\"ez-toc-section\" id=\"Preguntas_frecuentes\"><\/span>Preguntas frecuentes<span class=\"ez-toc-section-end\"><\/span><\/h2>\n\n\n<div id=\"rank-math-faq\" class=\"rank-math-block\">\n<div class=\"rank-math-list \">\n<div id=\"faq-question-1682888343640\" class=\"rank-math-list-item\">\n<h3 class=\"rank-math-question \">\u00bfCu\u00e1ntas veces se puede usar un cepillo interdental?<\/h3>\n<div class=\"rank-math-answer \">\n\n<p>Depender\u00e1 del modelo que elijas. En general, un cepillo interproximal puede durar un par de semanas o hasta que las cerdas se deformen.<\/p>\n\n<\/div>\n<\/div>\n<div id=\"faq-question-1682888428868\" class=\"rank-math-list-item\">\n<h3 class=\"rank-math-question \">\u00bfC\u00f3mo se lava un cepillo interdental?<\/h3>\n<div class=\"rank-math-answer \">\n\n<p>Lava tu cepillo interproximal tal como lo har\u00edas con tu cepillo de dientes regular. Utiliza abundante agua para aclararlo y, si quieres, puedes enjuagarlo con un poco de colutorio antibacterial para una limpieza m\u00e1s profunda.<\/p>\n\n<\/div>\n<\/div>\n<div id=\"faq-question-1682888538560\" class=\"rank-math-list-item\">\n<h3 class=\"rank-math-question \">\u00bfQu\u00e9 es mejor, el cepillo interdental o el hilo dental?<\/h3>\n<div class=\"rank-math-answer \">\n\n<p>Un cepillo interdental generalmente es m\u00e1s eficaz a la hora de eliminar la placa y los restos de comida, ya que es m\u00e1s grueso, puede llegar a m\u00e1s sitios y suele tener cerdas que limpian mejor los espacios interdentales. No obstante, el hilo dental es m\u00e1s pr\u00e1ctico y vers\u00e1til, pues cualquier persona puede usarlo sin importar la posici\u00f3n de sus dientes.<\/p>\n\n<\/div>\n<\/div>\n<\/div>\n<\/div><div class=\"article-data before-content\"><div class=\"article-data__date\"><div class=\"article-data__date-modified\"><time class=\"published\" datetime=\"2022-09-29T12:34:00+00:00\">This article was originally published on&nbsp;<span class=\"2\">septiembre 29, 2022<\/span>&nbsp;and was most recently updated on&nbsp;<span>junio 13, 2023<\/span><\/time><br><\/div><\/div><\/div><div class=\"user-info\">    <div class=\"user-info__body\">\r\n      <div class=\"user-info__caption\"><span>Contributors:<\/span><\/div>\r\n\t\t\t        <div class=\"user-info__wrap \">\r\n          <div class=\"user-info__data\">\r\n            <div class=\"user-info__data__info\">\r\n              <div class=\"photo\">\r\n\t\t\t\t\t\t\t\t<img width=\"66\" height=\"61\" src=\"https:\/\/nutrident.fr\/wp-content\/uploads\/2023\/06\/unnamed-66x61.jpg\" class=\"attachment-profileImageAuthor size-profileImageAuthor wp-post-image\" alt=\"Dr Abel Jes\u00fas Pederzoli\" loading=\"lazy\" srcset=\"https:\/\/nutrident.fr\/wp-content\/uploads\/2023\/06\/unnamed-66x61.jpg 66w, https:\/\/nutrident.fr\/wp-content\/uploads\/2023\/06\/unnamed-300x279.jpg 300w, https:\/\/nutrident.fr\/wp-content\/uploads\/2023\/06\/unnamed-1024x952.jpg 1024w, https:\/\/nutrident.fr\/wp-content\/uploads\/2023\/06\/unnamed-768x714.jpg 768w, https:\/\/nutrident.fr\/wp-content\/uploads\/2023\/06\/unnamed-204x190.jpg 204w, https:\/\/nutrident.fr\/wp-content\/uploads\/2023\/06\/unnamed-120x112.jpg 120w, https:\/\/nutrident.fr\/wp-content\/uploads\/2023\/06\/unnamed.jpg 1125w\" sizes=\"(max-width: 66px) 100vw, 66px\" \/>              <\/div>\r\n              <a href=\"https:\/\/nutrident.fr\/es\/author\/dr-abel-jesus-pederzoli\/\" class=\"name\">Dr Abel Jes\u00fas Pederzoli<\/a>\r\n            <\/div>\r\n            <div class=\"user-info__data__social\">\r\n\t\t\t\t\t\t\t\t\t\t\t\t\t\t\t\t\t\t\t\t\t          <a href=\"https:\/\/clinicaleixample.es\/\"\r\n             class=\"soc-item website\">website<\/a>\r\n\t\t\t\t          <a href=\"http:\/\/linkedin.com\/in\/abel-jes%C3%BAs-pederzoli\"\r\n             class=\"soc-item linkedin\">linkedin<\/a>\r\n\t\t\t\t            <\/div>\r\n          <\/div>\r\n          <div class=\"user-info__description\">\r\n\t\t\t\t\t\t\t\t\t\t\t\t\t<p>Con t\u00edtulos obtenidos en la Facultad de Odontolog\u00eda de la Universidad Nacional de La Plata y una participaci\u00f3n activa en congresos y jornadas, el Dr. Pederzoli se mantiene actualizado en las \u00faltimas t\u00e9cnicas y avances en odontolog\u00eda. Actualmente se encuentra desarrollando un proyecto de consultor\u00eda tecnol\u00f3gica aplicada a cl\u00ednicas dentales.<\/p>\n\t\t\t\t\t\t          <\/div>\r\n        <\/div>\r\n\t\t\t\t    <\/div>\r\n\t<\/div><!--copyscapeskip--><div class=\"medical_references\"><div class=\"medical_references__heading\"><span>Fuentes M\u00e9dicas<\/span><\/div><div class=\"medical_references__list\"><p><strong>SciELO<\/strong>:\u00a0<a href=\"http:\/\/www.scielo.edu.uy\/pdf\/ode\/v21n33\/1688-9339-ode-21-33-46.pdf\" target=\"_blank\" rel=\"noopener\">Cepillos interdentales, de la teor\u00eda a la pr\u00e1ctica. Revisi\u00f3n de literatura e indicaciones cl\u00ednicas<\/a>. Consultado el 30 de abril de 2023.<\/p>\n<\/div><\/div><!--\/copyscapeskip-->","protected":false},"excerpt":{"rendered":"<p>Contributor:&nbsp; Dr Abel Jes\u00fas Pederzoli Updated:&nbsp;junio 13, 2023 Nutrident est\u00e1 financiado por sus lectores. Cuando compras en nuestro sitio, a veces ganamos comisiones de afiliaci\u00f3n que no suponen ning\u00fan coste para ti. Lee m\u00e1s. El cepillo interdental es un producto de higiene oral que se utiliza para limpiar entre los dientes, cumpliendo la misma funci\u00f3n [&hellip;]<\/p>\n","protected":false},"author":14,"featured_media":10649,"parent":0,"menu_order":0,"comment_status":"closed","ping_status":"closed","template":"","meta":{"inline_featured_image":false},"acf":[],"_links":{"self":[{"href":"https:\/\/nutrident.fr\/es\/wp-json\/wp\/v2\/pages\/14522"}],"collection":[{"href":"https:\/\/nutrident.fr\/es\/wp-json\/wp\/v2\/pages"}],"about":[{"href":"https:\/\/nutrident.fr\/es\/wp-json\/wp\/v2\/types\/page"}],"author":[{"embeddable":true,"href":"https:\/\/nutrident.fr\/es\/wp-json\/wp\/v2\/users\/14"}],"replies":[{"embeddable":true,"href":"https:\/\/nutrident.fr\/es\/wp-json\/wp\/v2\/comments?post=14522"}],"version-history":[{"count":51,"href":"https:\/\/nutrident.fr\/es\/wp-json\/wp\/v2\/pages\/14522\/revisions"}],"predecessor-version":[{"id":22031,"href":"https:\/\/nutrident.fr\/es\/wp-json\/wp\/v2\/pages\/14522\/revisions\/22031"}],"wp:featuredmedia":[{"embeddable":true,"href":"https:\/\/nutrident.fr\/es\/wp-json\/wp\/v2\/media\/10649"}],"wp:attachment":[{"href":"https:\/\/nutrident.fr\/es\/wp-json\/wp\/v2\/media?parent=14522"}],"curies":[{"name":"wp","href":"https:\/\/api.w.org\/{rel}","templated":true}]}}