

{"id":14611,"date":"2022-10-27T16:22:08","date_gmt":"2022-10-27T16:22:08","guid":{"rendered":"https:\/\/nutrident.fr\/?page_id=14611"},"modified":"2023-06-13T10:37:15","modified_gmt":"2023-06-13T10:37:15","slug":"pasta-de-dientes-natural-sin-fluor","status":"publish","type":"page","link":"https:\/\/nutrident.fr\/es\/pasta-de-dientes-natural-sin-fluor\/","title":{"rendered":"La mejor pasta de dientes ecol\u00f3gica sin fl\u00faor: opiniones y gu\u00eda de compra"},"content":{"rendered":"<div class=\"meta\"><div class=\"meta__users\">    <div class=\"meta__users__reviewed\">\r\n      <p class=\"meta__users__caption\">Contributor:&nbsp;<\/p>\r\n      <div class=\"users\">\r\n        <span class=\"users__user\">\r\n          <a href=\"#\">Dr Abel Jes\u00fas Pederzoli<\/a>\r\n        <\/span>\r\n      <\/div>\r\n    <\/div>\r\n\t<\/div><div class=\"meta__date-modified\">Updated:&nbsp;<span>junio 13, 2023<\/span><\/div><\/div><div class=\"wp-block-image\">\n<figure class=\"alignright size-medium\"><img width=\"300\" height=\"200\" src=\"https:\/\/nutrident.fr\/wp-content\/uploads\/2019\/08\/blue-and-white-toothpaste-on-toothbrush-216729-300x200.jpg\" alt=\"la mejor pasta de dientes\" class=\"wp-image-2935\" srcset=\"https:\/\/nutrident.fr\/wp-content\/uploads\/2019\/08\/blue-and-white-toothpaste-on-toothbrush-216729-300x200.jpg 300w, https:\/\/nutrident.fr\/wp-content\/uploads\/2019\/08\/blue-and-white-toothpaste-on-toothbrush-216729-480x320.jpg 480w, https:\/\/nutrident.fr\/wp-content\/uploads\/2019\/08\/blue-and-white-toothpaste-on-toothbrush-216729.jpg 750w\" sizes=\"(max-width: 300px) 100vw, 300px\" \/><figcaption>\u00bfQu\u00e9 es la pasta de dientes org\u00e1nica?<\/figcaption><\/figure><\/div>\n\n\n<p>Los productos ecol\u00f3gicos est\u00e1n cada vez m\u00e1s presentes en nuestras estanter\u00edas. Las tiendas ahora tienen secciones enteras  reservadas para ellos y e incluso han surgido tiendas dedicadas por completo a los productos ecol\u00f3gicos. Pero lo ecol\u00f3gico no se limita solo a los productos alimentarios, ya que los cosm\u00e9ticos y la pasta de dientes tambi\u00e9n se ofrecen en este tipo de versiones naturales u org\u00e1nicas.<\/p>\n\n\n\n<p>Es importante elegir la pasta de dientes adecuada, dado que esta entra en contacto con las mucosas orales y adem\u00e1s siempre ingerimos un poco al cepillarnos.<\/p>\n\n\n\n<p>Los dent\u00edfricos convencionales contienen <strong>sustancias que generan controversia <\/strong>entre los investigadores, especialmente el fl\u00faor. Si prefieres los productos org\u00e1nicos, te presentamos esta gu\u00eda que te ayudar\u00e1 a elegir una pasta de dientes org\u00e1nica y sin fl\u00faor.<\/p>\n\n\n\n<div id=\"ez-toc-container\" class=\"ez-toc-v2_0_33_2 counter-hierarchy ez-toc-counter ez-toc-white ez-toc-container-direction\">\n<div class=\"ez-toc-title-container\">\n<p class=\"ez-toc-title\">Contenus<\/p>\n<span class=\"ez-toc-title-toggle\"><a href=\"#\" class=\"ez-toc-pull-right ez-toc-btn ez-toc-btn-xs ez-toc-btn-default ez-toc-toggle\" style=\"display: none;\"><label for=\"item\" aria-label=\"Tabla de contenidos\"><i class=\"ez-toc-glyphicon ez-toc-icon-toggle\"><\/i><\/label><input type=\"checkbox\" id=\"item\"><\/a><\/span><\/div>\n<nav><ul class='ez-toc-list ez-toc-list-level-1'><li class='ez-toc-page-1 ez-toc-heading-level-2'><a class=\"ez-toc-link ez-toc-heading-1\" href=\"https:\/\/nutrident.fr\/es\/pasta-de-dientes-natural-sin-fluor\/#Comparacion_de_los_mejores_dentifricos_organicos_sin_fluor_en_2023\" title=\"Comparaci\u00f3n de los mejores dent\u00edfricos org\u00e1nicos sin fl\u00faor en 2023\">Comparaci\u00f3n de los mejores dent\u00edfricos org\u00e1nicos sin fl\u00faor en 2023<\/a><\/li><li class='ez-toc-page-1 ez-toc-heading-level-2'><a class=\"ez-toc-link ez-toc-heading-2\" href=\"https:\/\/nutrident.fr\/es\/pasta-de-dientes-natural-sin-fluor\/#%C2%BFPara_que_sirve_la_pasta_de_dientes\" title=\"\u00bfPara qu\u00e9 sirve la pasta de dientes?\">\u00bfPara qu\u00e9 sirve la pasta de dientes?<\/a><\/li><li class='ez-toc-page-1 ez-toc-heading-level-2'><a class=\"ez-toc-link ez-toc-heading-3\" href=\"https:\/\/nutrident.fr\/es\/pasta-de-dientes-natural-sin-fluor\/#%C2%BFQue_es_la_pasta_de_dientes_ecologica\" title=\"\u00bfQu\u00e9 es la pasta de dientes ecol\u00f3gica?\">\u00bfQu\u00e9 es la pasta de dientes ecol\u00f3gica?<\/a><\/li><li class='ez-toc-page-1 ez-toc-heading-level-2'><a class=\"ez-toc-link ez-toc-heading-4\" href=\"https:\/\/nutrident.fr\/es\/pasta-de-dientes-natural-sin-fluor\/#Diferencias_entre_las_pastas_dentales_convencionales_y_organicas\" title=\"Diferencias entre las pastas dentales convencionales y org\u00e1nicas \">Diferencias entre las pastas dentales convencionales y org\u00e1nicas <\/a><\/li><li class='ez-toc-page-1 ez-toc-heading-level-2'><a class=\"ez-toc-link ez-toc-heading-5\" href=\"https:\/\/nutrident.fr\/es\/pasta-de-dientes-natural-sin-fluor\/#%C2%BFPor_que_la_mayoria_de_los_dentifricos_organicos_no_contienen_fluor\" title=\"\u00bfPor qu\u00e9 la mayor\u00eda de los dent\u00edfricos org\u00e1nicos no contienen fl\u00faor?\">\u00bfPor qu\u00e9 la mayor\u00eda de los dent\u00edfricos org\u00e1nicos no contienen fl\u00faor?<\/a><\/li><li class='ez-toc-page-1 ez-toc-heading-level-2'><a class=\"ez-toc-link ez-toc-heading-6\" href=\"https:\/\/nutrident.fr\/es\/pasta-de-dientes-natural-sin-fluor\/#%C2%BFPueden_los_ninos_usar_un_dentifrico_ecologico_sin_fluor\" title=\"\u00bfPueden los ni\u00f1os usar un dent\u00edfrico ecol\u00f3gico sin fl\u00faor?\">\u00bfPueden los ni\u00f1os usar un dent\u00edfrico ecol\u00f3gico sin fl\u00faor?<\/a><\/li><li class='ez-toc-page-1 ez-toc-heading-level-2'><a class=\"ez-toc-link ez-toc-heading-7\" href=\"https:\/\/nutrident.fr\/es\/pasta-de-dientes-natural-sin-fluor\/#Conclusion\" title=\"Conclusi\u00f3n\">Conclusi\u00f3n<\/a><\/li><li class='ez-toc-page-1 ez-toc-heading-level-2'><a class=\"ez-toc-link ez-toc-heading-8\" href=\"https:\/\/nutrident.fr\/es\/pasta-de-dientes-natural-sin-fluor\/#Preguntas_frecuentes\" title=\"Preguntas frecuentes\">Preguntas frecuentes<\/a><\/li><\/ul><\/nav><\/div>\n<h2><span class=\"ez-toc-section\" id=\"Comparacion_de_los_mejores_dentifricos_organicos_sin_fluor_en_2023\"><\/span><strong>Comparaci\u00f3n de los mejores dent\u00edfricos org\u00e1nicos sin fl\u00faor en 2023<\/strong><span class=\"ez-toc-section-end\"><\/span><\/h2>\n\n\n\n<h3>Pasta de dientes ayurv\u00e9dica con meswak<\/h3>\n\n\n<div class=\"wp-block-image\">\n<figure class=\"aligncenter size-thumbnail\"><img width=\"150\" height=\"150\" src=\"https:\/\/nutrident.fr\/wp-content\/uploads\/2022\/05\/811VR2DtAL._AC_SY550_PIbundle-4TopRight00_SH20_-150x150.jpg\" alt=\"pasta de dientes meswak\" class=\"wp-image-10853\"\/><\/figure><\/div>\n\n\n<p>El ayurveda es un sistema m\u00e9dico tradicional no convencional que se origin\u00f3 en la India y desde entonces se ha extendido por todo el mundo. Inspir\u00e1ndose en ello, Kerala Nature ha desarrollado esta pasta de dientes que contiene meswak, un \u00e1rbol que crece en Asia y \u00c1frica oriental y que es conocido por sus <strong>propiedades antis\u00e9pticas<\/strong>.<\/p>\n\n\n\n<p>Este producto contiene solo ingredientes naturales y est\u00e1 <strong>certificado como org\u00e1nico<\/strong>. Es perfectamente eficaz y tiene un buen sabor.<\/p>\n\n\n\n<p>La pasta de dientes ecologica Meswak es <strong>un poco m\u00e1s cara<\/strong> que los dent\u00edfricos convencionales. Sin embargo, la mayor\u00eda de nosotros tiende a utilizar demasiada pasta de dientes. Si los anuncios y envases muestran un cepillo de dientes completamente cubierto de pasta, es s\u00f3lo una cuesti\u00f3n de <em>marketing<\/em>.<\/p>\n\n\n\n<p>En realidad, utilizar el equivalente a un guisante es m\u00e1s que suficiente, y esto es v\u00e1lido para todo tipo de dent\u00edfricos. Esta t\u00e9cnica te permitir\u00e1 reducir tu consumo de pasta dental a la mitad.<\/p>\n\n\n\n<h3>Pasta de dientes ecol\u00f3gica Logona<\/h3>\n\n\n<div class=\"wp-block-image\">\n<figure class=\"aligncenter size-thumbnail\"><img width=\"150\" height=\"150\" src=\"https:\/\/nutrident.fr\/wp-content\/uploads\/2022\/05\/41j2VXkYFcL._AC_SX425_-150x150.jpg\" alt=\"pasta de dientes logona\" class=\"wp-image-10856\"\/><\/figure><\/div>\n\n\n<p>Logona es una empresa alemana que dise\u00f1a y fabrica productos ecol\u00f3gicos de higiene y belleza. Su pasta de dientes contiene menta y manzanilla para darle un <strong>buen sabor<\/strong> y adem\u00e1s conseguir un aliento fresco. Est\u00e1 especialmente recomendada para las personas con enc\u00edas sensibles, es muy suave y tiene efectos antiinflamatorios inmediatos.<\/p>\n\n\n\n<h3>Gel dental Logona para ni\u00f1os<\/h3>\n\n\n<div class=\"wp-block-image\">\n<figure class=\"aligncenter size-thumbnail\"><img width=\"150\" height=\"150\" src=\"https:\/\/nutrident.fr\/wp-content\/uploads\/2022\/05\/81E9CsNmTuL._AC_SY879_-150x150.jpg\" alt=\"Gel dental Logona para ni\u00f1os\" class=\"wp-image-10859\"\/><\/figure><\/div>\n\n\n<p>Esta pasta de dientes infantil de Logona contiene extractos de equin\u00e1cea, an\u00eds y t\u00e9 verde, aceite esencial de clavo y \u00e9ster de sacarosa, que <strong>eliminan las bacterias<\/strong> que causan la caries y la placa.<\/p>\n\n\n\n<p>Adem\u00e1s, la mirra, el hamamelis y la manzanilla tonifican las enc\u00edas y previenen las infecciones. Por \u00faltimo, la s\u00edlice en polvo muy fino y la sal marina son los agentes de limpieza que sirven para <strong>combatir la placa<\/strong> que es perjudicial para los dientes, pero sin da\u00f1ar el esmalte.<\/p>\n\n\n\n<p>Esta otra versi\u00f3n infantil de Lagona tiene un sabor natural a fresa. A los ni\u00f1os les gusta el sabor y est\u00e1n m\u00e1s dispuestos a cepillarse los dientes.<\/p>\n\n\n\n<h3>Pasta de dientes Xyliwhite<\/h3>\n\n\n<div class=\"wp-block-image\">\n<figure class=\"aligncenter size-medium\"><img width=\"300\" height=\"70\" src=\"https:\/\/nutrident.fr\/wp-content\/uploads\/2022\/05\/61lwQ48LmuL._AC_SX425_-300x70.jpg\" alt=\"Pasta de dientes Xyliwhite\" class=\"wp-image-10862\" srcset=\"https:\/\/nutrident.fr\/wp-content\/uploads\/2022\/05\/61lwQ48LmuL._AC_SX425_-300x70.jpg 300w, https:\/\/nutrident.fr\/wp-content\/uploads\/2022\/05\/61lwQ48LmuL._AC_SX425_-254x59.jpg 254w, https:\/\/nutrident.fr\/wp-content\/uploads\/2022\/05\/61lwQ48LmuL._AC_SX425_.jpg 425w\" sizes=\"(max-width: 300px) 100vw, 300px\" \/><\/figure><\/div>\n\n\n<p>Now Food ofrece una pasta de dientes ecol\u00f3gica sin fl\u00faor que <strong>contiene xilitol<\/strong> proveniente de la corteza de abedul. Tiene un sabor a menta que no es demasiado fuerte y tambi\u00e9n es adecuado para los ni\u00f1os. La consistencia es agradable y se recomienda para las personas que sufren regularmente de \u00falceras bucales.<\/p>\n\n\n\n<h2><span class=\"ez-toc-section\" id=\"%C2%BFPara_que_sirve_la_pasta_de_dientes\"><\/span>\u00bfPara qu\u00e9 sirve la pasta de dientes?<span class=\"ez-toc-section-end\"><\/span><\/h2>\n\n\n\n<p>La pasta de dientes ayuda a mantener una buena higiene bucal. Al limpiar los dientes, nos permite deshacernos de la placa antes de que se convierta <a href=\"https:\/\/nutrident.fr\/es\/sarro-dental\/\" data-type=\"URL\" data-id=\"https:\/\/nutrident.fr\/es\/sarro-dental\/\" target=\"_blank\" rel=\"noreferrer noopener\">en sarro<\/a>. Adem\u00e1s, ayuda a prevenir la formaci\u00f3n de caries y otras infecciones, mantiene <a href=\"https:\/\/nutrident.fr\/es\/gingivitis-y-carencia-de-zinc\/\">las enc\u00edas en buen estado<\/a> y tambi\u00e9n es eficaz contra el mal aliento.<\/p>\n\n\n\n<p>La mucosa bucal <strong>es muy permeable<\/strong> y absorbe todos los elementos sint\u00e9ticos de la pasta de dientes convencional. Una parte tambi\u00e9n se ingiere de forma natural y se distribuye por el cuerpo a trav\u00e9s de la saliva y el sistema digestivo.<\/p>\n\n\n\n<p>Tampoco debemos pasar por alto la parte que escupimos en el fregadero y que vuelve a las aguas residuales, ya que puede afectar nuestro entorno natural y contaminar las fuentes de agua.<\/p>\n\n\n\n<h2><span class=\"ez-toc-section\" id=\"%C2%BFQue_es_la_pasta_de_dientes_ecologica\"><\/span>\u00bfQu\u00e9 es la pasta de dientes ecol\u00f3gica?<span class=\"ez-toc-section-end\"><\/span><\/h2>\n\n\n<div class=\"wp-block-image\">\n<figure class=\"alignright size-large is-resized\"><img src=\"https:\/\/nutrident.fr\/wp-content\/uploads\/2023\/05\/pasta-de-dientes-organica-1024x682.jpg\" alt=\"pasta de dientes ecologica sin fluor\" class=\"wp-image-21193\" width=\"300\" height=\"200\" srcset=\"https:\/\/nutrident.fr\/wp-content\/uploads\/2023\/05\/pasta-de-dientes-organica-1024x682.jpg 1024w, https:\/\/nutrident.fr\/wp-content\/uploads\/2023\/05\/pasta-de-dientes-organica-300x200.jpg 300w, https:\/\/nutrident.fr\/wp-content\/uploads\/2023\/05\/pasta-de-dientes-organica-768x512.jpg 768w, https:\/\/nutrident.fr\/wp-content\/uploads\/2023\/05\/pasta-de-dientes-organica-1536x1024.jpg 1536w, https:\/\/nutrident.fr\/wp-content\/uploads\/2023\/05\/pasta-de-dientes-organica-254x169.jpg 254w, https:\/\/nutrident.fr\/wp-content\/uploads\/2023\/05\/pasta-de-dientes-organica-66x44.jpg 66w, https:\/\/nutrident.fr\/wp-content\/uploads\/2023\/05\/pasta-de-dientes-organica-120x80.jpg 120w, https:\/\/nutrident.fr\/wp-content\/uploads\/2023\/05\/pasta-de-dientes-organica.jpg 2000w\" sizes=\"(max-width: 300px) 100vw, 300px\" \/><\/figure><\/div>\n\n\n<p>Para ser calificada como ecol\u00f3gica, una pasta de dientes debe cumplir ciertos criterios:<\/p>\n\n\n\n<ul><li><strong>No debe contener compuestos qu\u00edmicos<\/strong>, especialmente dodecil sulfato de sodio, que tiene una mala reputaci\u00f3n. En particular, se le acusa de resecar la boca y facilitar la aparici\u00f3n de \u00falceras bucales<\/li><li>Debe estar certificada como \u00abecol\u00f3gica\u00bb por <strong>organizaciones reconocidas<\/strong> que verifiquen su composici\u00f3n. Las principales etiquetas son Cosm\u00e9bio, BDIH o Nature et Progr\u00e8s<\/li><li>La mayor\u00eda de las veces <strong>no contiene fl\u00faor<\/strong><\/li><\/ul>\n\n\n\n<p>La pasta de dientes ecol\u00f3gica es natural, pero <strong>es tan eficaz como la convencional<\/strong>. Contiene ingredientes naturales que son m\u00e1s suaves para los dientes (y ofrecen una buena alternativa para los dientes sensibles), pero al mismo tiempo erradican las bacterias nocivas que se encuentran en la boca.<\/p>\n\n\n\n<p>Este tipo de dent\u00edfrico es <strong>menos agresivo para los dientes<\/strong> que los productos sint\u00e9ticos y respeta el pH de la mucosa bucal, adem\u00e1s de que no contiene colorantes ni aromatizantes qu\u00edmicos.<\/p>\n\n\n\n<h2><span class=\"ez-toc-section\" id=\"Diferencias_entre_las_pastas_dentales_convencionales_y_organicas\"><\/span>Diferencias entre las pastas dentales convencionales y org\u00e1nicas <span class=\"ez-toc-section-end\"><\/span><\/h2>\n\n\n\n<p>Hay muchas pastas dentales org\u00e1nicas sin fl\u00faor en el mercado que, como hemos dicho, son perfectamente eficaces. Sin embargo, tienen algunas diferencias respecto a las pastas dentales convencionales. Los dent\u00edfricos org\u00e1nicos <strong>son m\u00e1s granulados<\/strong> y su sabor natural es un poco diferente, pues generalmente <strong>son m\u00e1s salados y menos dulces<\/strong> que los dent\u00edfricos convencionales.<\/p>\n\n\n\n<p>Sin embargo, las marcas se han dado cuenta de que tienen que hacer un esfuerzo para mejorar el sabor de sus productos y cada vez hay m\u00e1s dent\u00edfricos ecol\u00f3gicos sin fl\u00faor con <strong>sabores naturales de frutas o hierbas<\/strong> como la menta. Tardar\u00e1s unos d\u00edas en adaptarte a este tipo de productos, pero una vez que te hayas acostumbrado, no notar\u00e1s la diferencia.<\/p>\n\n\n\n<p>Dado que los dent\u00edfricos ecol\u00f3gicos <strong>no contienen colorantes<\/strong>, no encontrar\u00e1s ninguno con rayas azules, verdes o rojas. Pero no te preocupes, estos colorantes utilizados en los dent\u00edfricos convencionales s\u00f3lo tienen fines de <em>marketing<\/em> y no tienen ninguna utilidad en lo que se refiere a la <a href=\"https:\/\/nutrident.fr\/es\/como-lavarse-los-dientes\/\" target=\"_blank\" data-type=\"URL\" data-id=\"https:\/\/nutrident.fr\/es\/como-lavarse-los-dientes\/\" rel=\"noreferrer noopener\">higiene bucal<\/a>.<\/p>\n\n\n\n<p>Otra diferencia notable es que los dent\u00edfricos ecol\u00f3gicos <strong>hacen menos espuma <\/strong>que los convencionales. La raz\u00f3n por la que estos \u00faltimos hacen espuma es, de nuevo, por razones de <em>marketing<\/em>. Nuestra mente inconsciente nos hace pensar que la espuma limpia m\u00e1s, lo que es totalmente err\u00f3neo. Por esta raz\u00f3n, las pastas de dientes convencionales contienen un aditivo inductor de espuma que, por supuesto, no encontrar\u00e1s en los dent\u00edfricos ecol\u00f3gicos.<\/p>\n\n\n\n<p>Tambi\u00e9n puedes hacer tu propia pasta de dientes org\u00e1nica y sin fl\u00faor de manera casera con productos naturales.<\/p>\n\n\n\n<h2><span class=\"ez-toc-section\" id=\"%C2%BFPor_que_la_mayoria_de_los_dentifricos_organicos_no_contienen_fluor\"><\/span>\u00bfPor qu\u00e9 la mayor\u00eda de los dent\u00edfricos org\u00e1nicos no contienen fl\u00faor?<span class=\"ez-toc-section-end\"><\/span><\/h2>\n\n\n<div class=\"wp-block-image\">\n<figure class=\"alignright size-large is-resized\"><img src=\"https:\/\/nutrident.fr\/wp-content\/uploads\/2023\/05\/dentifrico-natural-1024x683.jpg\" alt=\"dentifrico organico ecologico natural\" class=\"wp-image-21196\" width=\"300\" height=\"200\" srcset=\"https:\/\/nutrident.fr\/wp-content\/uploads\/2023\/05\/dentifrico-natural-1024x683.jpg 1024w, https:\/\/nutrident.fr\/wp-content\/uploads\/2023\/05\/dentifrico-natural-300x200.jpg 300w, https:\/\/nutrident.fr\/wp-content\/uploads\/2023\/05\/dentifrico-natural-768x512.jpg 768w, https:\/\/nutrident.fr\/wp-content\/uploads\/2023\/05\/dentifrico-natural-1536x1025.jpg 1536w, https:\/\/nutrident.fr\/wp-content\/uploads\/2023\/05\/dentifrico-natural-254x169.jpg 254w, https:\/\/nutrident.fr\/wp-content\/uploads\/2023\/05\/dentifrico-natural-66x44.jpg 66w, https:\/\/nutrident.fr\/wp-content\/uploads\/2023\/05\/dentifrico-natural-120x80.jpg 120w, https:\/\/nutrident.fr\/wp-content\/uploads\/2023\/05\/dentifrico-natural.jpg 2000w\" sizes=\"(max-width: 300px) 100vw, 300px\" \/><\/figure><\/div>\n\n\n<p>El fl\u00faor es un oligoelemento que se encuentra en casi toda la tierra, pues forma parte de la corteza terrestre y <strong>se encuentra de forma natural en algunos alimentos y en el agua<\/strong>. La idea de a\u00f1adir fl\u00faor a la pasta de dientes se remonta a la d\u00e9cada de 1930, tras observarse que las personas que beb\u00edan agua rica en fl\u00faor desarrollaban menos caries.<\/p>\n\n\n\n<p>El fl\u00faor puede ser realmente beneficioso para la salud bucodental. En el caso de los ni\u00f1os, este elemento se integra en los huesos y en el esmalte de los dientes en desarrollo para fortalecerlos. Esto promueve la fortaleza de los dientes permanentes incluso antes de que erupcionen. Adem\u00e1s, el fl\u00faor tambi\u00e9n es eficaz en la <strong>prevenci\u00f3n de la caries dental<\/strong>.<\/p>\n\n\n\n<p>Sin embargo, aunque el fl\u00faor es beneficioso para los dientes, su uso excesivo tiene algunas desventajas. El primero es est\u00e9tico: si consumes demasiado fl\u00faor corres el riesgo de desarrollar <strong>fluorosis<\/strong>, una condici\u00f3n en la que se forman <a href=\"https:\/\/nutrident.fr\/es\/?page_id=16818\">manchas<\/a> en los dientes que son irreversibles.<\/p>\n\n\n\n<p>La segunda es la <strong>intoxicaci\u00f3n<\/strong>: las investigaciones sugieren que los fluoruros tienen un impacto negativo en el sistema nervioso.<\/p>\n\n\n\n<p>En cualquier caso, puedes encontrar <strong>suficiente fl\u00faor en el agua y en tu dieta diaria <\/strong>para satisfacer las necesidades corporales.<\/p>\n\n\n\n<h2><span class=\"ez-toc-section\" id=\"%C2%BFPueden_los_ninos_usar_un_dentifrico_ecologico_sin_fluor\"><\/span>\u00bfPueden los ni\u00f1os usar un dent\u00edfrico ecol\u00f3gico sin fl\u00faor?<span class=\"ez-toc-section-end\"><\/span><\/h2>\n\n\n\n<p>S\u00ed, los ni\u00f1os pueden utilizar pasta de dientes ecol\u00f3gica sin fl\u00faor, ya que pueden <strong>obtener suficiente suficiente fl\u00faor en el agua<\/strong> y en ciertos alimentos, como los mariscos. Si no est\u00e1s seguro de que la ingesta sea suficiente, puedes alternar entre una pasta de dientes ecol\u00f3gica sin fl\u00faor por la ma\u00f1ana y a la hora de comer, y una pasta de dientes normal por la noche.<\/p>\n\n\n\n<p>La ventaja para los ni\u00f1os de restringir la cantidad de productos qu\u00edmicos es que <strong>no desarrollan reacciones o alergias<\/strong>. Adem\u00e1s, algunas pastas de dientes ecol\u00f3gicas tienen sabores naturales de frutas, lo que las hace m\u00e1s aceptables para los ni\u00f1os.<\/p>\n\n\n\n<h2><span class=\"ez-toc-section\" id=\"Conclusion\"><\/span><strong>Conclusi\u00f3n<\/strong><span class=\"ez-toc-section-end\"><\/span><\/h2>\n\n\n\n<p>Si quieres dejar de utilizar pastas de dientes que contengan productos qu\u00edmicos, puedes recurrir a una pasta de dientes natural y sin fl\u00faor. Este tipo de productos <strong>son tan eficaces y adecuados<\/strong> para toda la familia como los dent\u00edfricos convencionales. Adem\u00e1s, las marcas est\u00e1n trabajando constantemente para mejorar la consistencia y el sabor de los dent\u00edfricos org\u00e1nicos y podr\u00e1s encontrar una variedad de productos que satisfagan tus necesidades.<\/p>\n\n\n\n<h2><span class=\"ez-toc-section\" id=\"Preguntas_frecuentes\"><\/span>Preguntas frecuentes<span class=\"ez-toc-section-end\"><\/span><\/h2>\n\n\n<div id=\"rank-math-faq\" class=\"rank-math-block\">\n<div class=\"rank-math-list \">\n<div id=\"faq-question-1657867584256\" class=\"rank-math-list-item\">\n<h3 class=\"rank-math-question \">\u00bfEs peligroso el fl\u00faor?<\/h3>\n<div class=\"rank-math-answer \">\n\n<p>El fl\u00faor es peligroso si est\u00e1 presente en la pasta de dientes en cantidades demasiado grandes. Un exceso de fl\u00faor puede causar fluorosis e incluso intoxicaciones.<\/p>\n\n<\/div>\n<\/div>\n<div id=\"faq-question-1657867593748\" class=\"rank-math-list-item\">\n<h3 class=\"rank-math-question \">\u00bfCu\u00e1les son los beneficios del fl\u00faor?<\/h3>\n<div class=\"rank-math-answer \">\n\n<p>Los dentistas consideran que el fl\u00faor es un elemento esencial en la lucha contra la caries.<\/p>\n\n<\/div>\n<\/div>\n<div id=\"faq-question-1657867600847\" class=\"rank-math-list-item\">\n<h3 class=\"rank-math-question \">\u00bfCu\u00e1l es la pasta de dientes preferida por los dentistas?<\/h3>\n<div class=\"rank-math-answer \">\n\n<p>La comunidad odontol\u00f3gica recomienda regularmente la pasta de dientes de la marca Sensodyne para combatir eficazmente el sarro, la placa y las caries.<\/p>\n\n<\/div>\n<\/div>\n<\/div>\n<\/div><div class=\"article-data before-content\"><div class=\"article-data__date\"><div class=\"article-data__date-modified\"><time class=\"published\" datetime=\"2022-10-27T16:22:08+00:00\">This article was originally published on&nbsp;<span class=\"2\">octubre 27, 2022<\/span>&nbsp;and was most recently updated on&nbsp;<span>junio 13, 2023<\/span><\/time><br><\/div><\/div><\/div><div class=\"user-info\">    <div class=\"user-info__body\">\r\n      <div class=\"user-info__caption\"><span>Contributors:<\/span><\/div>\r\n\t\t\t        <div class=\"user-info__wrap \">\r\n          <div class=\"user-info__data\">\r\n            <div class=\"user-info__data__info\">\r\n              <div class=\"photo\">\r\n\t\t\t\t\t\t\t\t<img width=\"66\" height=\"61\" src=\"https:\/\/nutrident.fr\/wp-content\/uploads\/2023\/06\/unnamed-66x61.jpg\" class=\"attachment-profileImageAuthor size-profileImageAuthor wp-post-image\" alt=\"Dr Abel Jes\u00fas Pederzoli\" loading=\"lazy\" srcset=\"https:\/\/nutrident.fr\/wp-content\/uploads\/2023\/06\/unnamed-66x61.jpg 66w, https:\/\/nutrident.fr\/wp-content\/uploads\/2023\/06\/unnamed-300x279.jpg 300w, https:\/\/nutrident.fr\/wp-content\/uploads\/2023\/06\/unnamed-1024x952.jpg 1024w, https:\/\/nutrident.fr\/wp-content\/uploads\/2023\/06\/unnamed-768x714.jpg 768w, https:\/\/nutrident.fr\/wp-content\/uploads\/2023\/06\/unnamed-204x190.jpg 204w, https:\/\/nutrident.fr\/wp-content\/uploads\/2023\/06\/unnamed-120x112.jpg 120w, https:\/\/nutrident.fr\/wp-content\/uploads\/2023\/06\/unnamed.jpg 1125w\" sizes=\"(max-width: 66px) 100vw, 66px\" \/>              <\/div>\r\n              <a href=\"https:\/\/nutrident.fr\/es\/author\/dr-abel-jesus-pederzoli\/\" class=\"name\">Dr Abel Jes\u00fas Pederzoli<\/a>\r\n            <\/div>\r\n            <div class=\"user-info__data__social\">\r\n\t\t\t\t\t\t\t\t\t\t\t\t\t\t\t\t\t\t\t\t\t          <a href=\"https:\/\/clinicaleixample.es\/\"\r\n             class=\"soc-item website\">website<\/a>\r\n\t\t\t\t          <a href=\"http:\/\/linkedin.com\/in\/abel-jes%C3%BAs-pederzoli\"\r\n             class=\"soc-item linkedin\">linkedin<\/a>\r\n\t\t\t\t            <\/div>\r\n          <\/div>\r\n          <div class=\"user-info__description\">\r\n\t\t\t\t\t\t\t\t\t\t\t\t\t<p>Con t\u00edtulos obtenidos en la Facultad de Odontolog\u00eda de la Universidad Nacional de La Plata y una participaci\u00f3n activa en congresos y jornadas, el Dr. Pederzoli se mantiene actualizado en las \u00faltimas t\u00e9cnicas y avances en odontolog\u00eda. Actualmente se encuentra desarrollando un proyecto de consultor\u00eda tecnol\u00f3gica aplicada a cl\u00ednicas dentales.<\/p>\n\t\t\t\t\t\t          <\/div>\r\n        <\/div>\r\n\t\t\t\t    <\/div>\r\n\t<\/div>","protected":false},"excerpt":{"rendered":"<p>Contributor:&nbsp; Dr Abel Jes\u00fas Pederzoli Updated:&nbsp;junio 13, 2023 Los productos ecol\u00f3gicos est\u00e1n cada vez m\u00e1s presentes en nuestras estanter\u00edas. Las tiendas ahora tienen secciones enteras reservadas para ellos y e incluso han surgido tiendas dedicadas por completo a los productos ecol\u00f3gicos. Pero lo ecol\u00f3gico no se limita solo a los productos alimentarios, ya que los [&hellip;]<\/p>\n","protected":false},"author":14,"featured_media":21190,"parent":0,"menu_order":0,"comment_status":"closed","ping_status":"closed","template":"","meta":{"inline_featured_image":false},"acf":[],"_links":{"self":[{"href":"https:\/\/nutrident.fr\/es\/wp-json\/wp\/v2\/pages\/14611"}],"collection":[{"href":"https:\/\/nutrident.fr\/es\/wp-json\/wp\/v2\/pages"}],"about":[{"href":"https:\/\/nutrident.fr\/es\/wp-json\/wp\/v2\/types\/page"}],"author":[{"embeddable":true,"href":"https:\/\/nutrident.fr\/es\/wp-json\/wp\/v2\/users\/14"}],"replies":[{"embeddable":true,"href":"https:\/\/nutrident.fr\/es\/wp-json\/wp\/v2\/comments?post=14611"}],"version-history":[{"count":19,"href":"https:\/\/nutrident.fr\/es\/wp-json\/wp\/v2\/pages\/14611\/revisions"}],"predecessor-version":[{"id":21928,"href":"https:\/\/nutrident.fr\/es\/wp-json\/wp\/v2\/pages\/14611\/revisions\/21928"}],"wp:featuredmedia":[{"embeddable":true,"href":"https:\/\/nutrident.fr\/es\/wp-json\/wp\/v2\/media\/21190"}],"wp:attachment":[{"href":"https:\/\/nutrident.fr\/es\/wp-json\/wp\/v2\/media?parent=14611"}],"curies":[{"name":"wp","href":"https:\/\/api.w.org\/{rel}","templated":true}]}}