

{"id":14627,"date":"2022-09-13T12:40:00","date_gmt":"2022-09-13T12:40:00","guid":{"rendered":"https:\/\/nutrident.fr\/?page_id=14627"},"modified":"2022-10-27T09:39:08","modified_gmt":"2022-10-27T09:39:08","slug":"limpiar-cepillo-de-dientes-electrico","status":"publish","type":"page","link":"https:\/\/nutrident.fr\/es\/limpiar-cepillo-de-dientes-electrico\/","title":{"rendered":"\u00bfC\u00f3mo limpiar su cepillo de dientes el\u00e9ctrico?"},"content":{"rendered":"<div class=\"meta\"><div class=\"meta__users\"><\/div><div class=\"meta__date-modified\">Updated:&nbsp;<span>octubre 27, 2022<\/span><\/div><\/div><div class=\"wp-block-image\">\n<figure class=\"alignright size-medium\"><img width=\"300\" height=\"200\" src=\"https:\/\/nutrident.fr\/wp-content\/uploads\/2020\/06\/goby-30LfeG_ZaQ-unsplash-300x200.jpg\" alt=\"limpieza de su cepillo de dientes el&#xE9;ctrico\" class=\"wp-image-5055\" srcset=\"https:\/\/nutrident.fr\/wp-content\/uploads\/2020\/06\/goby-30LfeG_ZaQ-unsplash-300x200.jpg 300w, https:\/\/nutrident.fr\/wp-content\/uploads\/2020\/06\/goby-30LfeG_ZaQ-unsplash-1024x683.jpg 1024w, https:\/\/nutrident.fr\/wp-content\/uploads\/2020\/06\/goby-30LfeG_ZaQ-unsplash-768x512.jpg 768w, https:\/\/nutrident.fr\/wp-content\/uploads\/2020\/06\/goby-30LfeG_ZaQ-unsplash-1080x720.jpg 1080w, https:\/\/nutrident.fr\/wp-content\/uploads\/2020\/06\/goby-30LfeG_ZaQ-unsplash-980x653.jpg 980w, https:\/\/nutrident.fr\/wp-content\/uploads\/2020\/06\/goby-30LfeG_ZaQ-unsplash-480x320.jpg 480w, https:\/\/nutrident.fr\/wp-content\/uploads\/2020\/06\/goby-30LfeG_ZaQ-unsplash.jpg 1200w\" sizes=\"(max-width: 300px) 100vw, 300px\" \/><figcaption>Es importante que cuide bien su cepillo de dientes<\/figcaption><\/figure><\/div>\n<p>Una de las claves para una higiene bucal \u00f3ptima es el uso de equipos de buena calidad y bien mantenidos. Una forma de hacerlo es limpiar regularmente su cepillo de dientes, ya sea el\u00e9ctrico o manual. Entonces, \u00bfpor qu\u00e9 deber\u00edamos hacerlo? \u00bfY cu\u00e1les son los diferentes m\u00e9todos que existen para limpiar eficazmente su cepillo de dientes? <a href=\"https:\/\/nutrident.fr\/es\/\">Nutrident.co.uk<\/a> se lo cuenta todo en este art\u00edculo.<\/p>\n\n<h2>\u00bfPor qu\u00e9 debe limpiar su cepillo de dientes?<\/h2>\n\n<p>Estas son las razones por las que debe limpiar su<a href=\"https:\/\/nutrident.fr\/es\/?p=16657\"> cepillo de dientes<\/a> regularmente:<\/p>\n\n<ul><li>Su cuarto de ba\u00f1o proporciona un <strong>entorno ideal<\/strong> para el crecimiento de <strong>bacterias<\/strong> y <strong>moho<\/strong>, principalmente debido a la <strong>humedad<\/strong> del ba\u00f1o.<\/li><li>Los microorganismos que quedan atrapados en las cerdas del cepillo de dientes, ya sea manual o el\u00e9ctrico, pueden ser <strong>perjudiciales para<\/strong> nuestra salud bucodental.<\/li><\/ul>\n<h2>\u00bfC\u00f3mo limpiar su cepillo de dientes?<\/h2>\n\n<p>Hay que distinguir entre dos tipos de <strong>limpieza: <\/strong><\/p>\n\n<h3>Limpieza de rutina<\/h3>\n\n<p>Debe hacerse <strong>despu\u00e9s de cada cepillado.<\/strong> Consiste en enjuagar a fondo el cabezal del cepillo con un fuerte chorro de agua clara del grifo para eliminar los restos de comida y pasta de dientes. A continuaci\u00f3n, abra el agua caliente sobre la cabeza durante <strong>unos 10 segundos<\/strong> para eliminar las sustancias grasas adheridas al cabello.<\/p>\n\n<p><em>\n  <strong>A continuaci\u00f3n encontrar\u00e1 un v\u00eddeo en el que se explica c\u00f3mo mantener correctamente su cepillo de dientes el\u00e9ctrico<\/strong>\n<\/em> :<\/p>\n\n<figure class=\"wp-block-embed is-type-video is-provider-youtube wp-block-embed-youtube wp-embed-aspect-16-9 wp-has-aspect-ratio\"><div class=\"wp-block-embed__wrapper\">\n<iframe title=\"Comment entretenir votre brosse \u00e0 dents suite \u00e0 un d\u00e9p\u00f4t?\" width=\"500\" height=\"281\" src=\"https:\/\/www.youtube.com\/embed\/77nwomrven4?feature=oembed\" frameborder=\"0\" allow=\"accelerometer; autoplay; clipboard-write; encrypted-media; gyroscope; picture-in-picture\" allowfullscreen><\/iframe>\n<\/div><\/figure>\n\n<h3>Limpieza de mantenimiento<\/h3>\n\n<p>Consiste en sumergir la cabeza durante la noche en el agua.<strong>  cepillo de dientes<\/strong>  en una soluci\u00f3n que contenga vinagre blanco (50% de agua, 50% de vinagre) cada 2 d\u00edas, y en una soluci\u00f3n que contenga lej\u00eda (1 cucharada de lej\u00eda en un vaso de agua) cada semana. Al d\u00eda siguiente de estas operaciones, basta con <strong>enjuagar bien<\/strong> el cepillo con agua caliente antes de utilizarlo.<\/p>\n\n<p>En la siguiente secci\u00f3n, le sugerimos otros m\u00e9todos para <strong>limpiar eficazmente <\/strong>su cepillo de dientes, ya sea manual o el\u00e9ctrico. Depende de usted elegir el que m\u00e1s le convenga:<\/p>\n<div class=\"wp-block-image\">\n<figure class=\"alignright size-medium\"><img width=\"300\" height=\"200\" src=\"https:\/\/nutrident.fr\/wp-content\/uploads\/2019\/07\/brosser-dents-bambou-300x200.jpg\" alt=\"cepillarse los dientes\" class=\"wp-image-10246\" srcset=\"https:\/\/nutrident.fr\/wp-content\/uploads\/2019\/07\/brosser-dents-bambou-300x200.jpg 300w, https:\/\/nutrident.fr\/wp-content\/uploads\/2019\/07\/brosser-dents-bambou-768x513.jpg 768w, https:\/\/nutrident.fr\/wp-content\/uploads\/2019\/07\/brosser-dents-bambou-254x170.jpg 254w, https:\/\/nutrident.fr\/wp-content\/uploads\/2019\/07\/brosser-dents-bambou.jpg 999w\" sizes=\"(max-width: 300px) 100vw, 300px\" \/><figcaption>Para un cepillado eficaz, el cepillo debe estar bien mantenido<\/figcaption><\/figure><\/div>\n<ul><li><strong>Enjuague bucal:<\/strong> Sumerja su cepillo de dientes en un vaso que contenga una soluci\u00f3n de enjuague bucal durante una media hora. De la misma manera que <strong>el enjuague bucal<\/strong> elimina las bacterias de su boca, tambi\u00e9n elimina las bacterias que quedan en su cepillo de dientes despu\u00e9s del cepillado.<\/li><li><strong>Vinagre blanco y bicarbonato de sodio: <\/strong>desinfecte su cepillo de dientes utilizando una soluci\u00f3n obtenida mezclando un vaso de agua caliente, una cucharada de <strong>vinagre<\/strong> blanco  y una cucharadita de bicarbonato de sodio. Sumerja la cabeza de su cepillo de dientes en esta mezcla y d\u00e9jela en remojo toda la noche. La reacci\u00f3n qu\u00edmica entre los ingredientes destruir\u00e1 cualquier bacteria restante. Al d\u00eda siguiente, acl\u00e1relo bien con agua limpia antes de utilizarlo.<\/li><\/ul>\n<ul><li><strong>Esterilizaci\u00f3n por rayos UV<\/strong>: es el m\u00e9todo m\u00e1s r\u00e1pido y eficaz. Todo lo que tiene que hacer es exponer el <a href=\"https:\/\/nutrident.fr\/es\/philips-sonicare-serie-2\/\">cepillo de dientes <\/a>a la luz ultravioleta durante 10 minutos con un peque\u00f1o dispositivo disponible en las tiendas. El resultado es un cepillo de dientes libre de microorganismos en un 99,99%.<\/li><li><strong>Desinfecci\u00f3n en el microondas: <\/strong>simplemente ponga su cepillo manual o el cepillo de su cepillo el\u00e9ctrico (s\u00f3lo el cepillo) en el microondas durante 1 minuto a 600W. Esta acci\u00f3n debe ser excepcional ya que puede da\u00f1ar el pelo de su equipo.<\/li><\/ul><div class=\"article-data before-content\"><div class=\"article-data__date\"><div class=\"article-data__date-modified\"><time class=\"published\" datetime=\"2022-09-13T12:40:00+00:00\">This article was originally published on&nbsp;<span class=\"2\">septiembre 13, 2022<\/span>&nbsp;and was most recently updated on&nbsp;<span>octubre 27, 2022<\/span><\/time><br><\/div><\/div><\/div><div class=\"user-info\"><\/div>","protected":false},"excerpt":{"rendered":"<p>Updated:&nbsp;octubre 27, 2022 Una de las claves para una higiene bucal \u00f3ptima es el uso de equipos de buena calidad y bien mantenidos. Una forma de hacerlo es limpiar regularmente su cepillo de dientes, ya sea el\u00e9ctrico o manual. Entonces, \u00bfpor qu\u00e9 deber\u00edamos hacerlo? \u00bfY cu\u00e1les son los diferentes m\u00e9todos que existen para limpiar eficazmente [&hellip;]<\/p>\n","protected":false},"author":14,"featured_media":14628,"parent":0,"menu_order":0,"comment_status":"closed","ping_status":"closed","template":"","meta":{"inline_featured_image":false},"acf":[],"_links":{"self":[{"href":"https:\/\/nutrident.fr\/es\/wp-json\/wp\/v2\/pages\/14627"}],"collection":[{"href":"https:\/\/nutrident.fr\/es\/wp-json\/wp\/v2\/pages"}],"about":[{"href":"https:\/\/nutrident.fr\/es\/wp-json\/wp\/v2\/types\/page"}],"author":[{"embeddable":true,"href":"https:\/\/nutrident.fr\/es\/wp-json\/wp\/v2\/users\/14"}],"replies":[{"embeddable":true,"href":"https:\/\/nutrident.fr\/es\/wp-json\/wp\/v2\/comments?post=14627"}],"version-history":[{"count":9,"href":"https:\/\/nutrident.fr\/es\/wp-json\/wp\/v2\/pages\/14627\/revisions"}],"predecessor-version":[{"id":16979,"href":"https:\/\/nutrident.fr\/es\/wp-json\/wp\/v2\/pages\/14627\/revisions\/16979"}],"wp:featuredmedia":[{"embeddable":true,"href":"https:\/\/nutrident.fr\/es\/wp-json\/wp\/v2\/media\/14628"}],"wp:attachment":[{"href":"https:\/\/nutrident.fr\/es\/wp-json\/wp\/v2\/media?parent=14627"}],"curies":[{"name":"wp","href":"https:\/\/api.w.org\/{rel}","templated":true}]}}