

{"id":14643,"date":"2022-10-27T16:41:34","date_gmt":"2022-10-27T16:41:34","guid":{"rendered":"https:\/\/nutrident.fr\/?page_id=14643"},"modified":"2023-06-13T11:13:50","modified_gmt":"2023-06-13T11:13:50","slug":"repuestos-cepillo-de-dientes-electrico","status":"publish","type":"page","link":"https:\/\/nutrident.fr\/es\/repuestos-cepillo-de-dientes-electrico\/","title":{"rendered":"C\u00f3mo elegir el repuesto adecuado para tu cepillo de dientes el\u00e9ctrico Oral-B"},"content":{"rendered":"<div class=\"meta\"><div class=\"meta__users\">    <div class=\"meta__users__reviewed\">\r\n      <p class=\"meta__users__caption\">Contributor:&nbsp;<\/p>\r\n      <div class=\"users\">\r\n        <span class=\"users__user\">\r\n          <a href=\"#\">Dr Abel Jes\u00fas Pederzoli<\/a>\r\n        <\/span>\r\n      <\/div>\r\n    <\/div>\r\n\t<\/div><div class=\"meta__date-modified\">Updated:&nbsp;<span>junio 13, 2023<\/span><\/div><\/div>\n<p>Todos los dentistas coinciden en que los cepillos el\u00e9ctricos son mucho m\u00e1s eficaces que los manuales y existen distintos tipos entre los que puedes elegir. Sin embargo, los cepillos el\u00e9ctricos desechables son de menor calidad, no son tan efectivos y presentan un verdadero problema ecol\u00f3gico. La mejor opci\u00f3n es un <a href=\"https:\/\/nutrident.fr\/es\/cepillos-de-dientes-electricos\/\" target=\"_blank\" data-type=\"URL\" data-id=\"https:\/\/nutrident.fr\/es\/cepillos-de-dientes-electricos\/\" rel=\"noreferrer noopener\">cepillo de dientes recargable<\/a> con un cabezal de recambio para que puedas reponerlo cuando las cerdas est\u00e9n desgastadas.<\/p>\n\n\n\n<p>En este art\u00edculo, te ofrecemos nuestras opiniones y rese\u00f1as sobre los repuestos para <a href=\"https:\/\/nutrident.fr\/es\/cepillos-electricos-oral-b\/\" target=\"_blank\" data-type=\"URL\" data-id=\"https:\/\/nutrident.fr\/es\/cepillos-electricos-oral-b\/\" rel=\"noreferrer noopener\">cepillos de dientes el\u00e9ctricos de Oral-B<\/a> y que as\u00ed te sea m\u00e1s f\u00e1cil elegir. A excepci\u00f3n del modelo Pulsonic, todos los repuestos para cepillo de dientes el\u00e9ctrico Oral-B son compatibles, independientemente del modelo.<\/p>\n\n\n\n<div id=\"ez-toc-container\" class=\"ez-toc-v2_0_33_2 counter-hierarchy ez-toc-counter ez-toc-white ez-toc-container-direction\">\n<div class=\"ez-toc-title-container\">\n<p class=\"ez-toc-title\">Contenus<\/p>\n<span class=\"ez-toc-title-toggle\"><a href=\"#\" class=\"ez-toc-pull-right ez-toc-btn ez-toc-btn-xs ez-toc-btn-default ez-toc-toggle\" style=\"display: none;\"><label for=\"item\" aria-label=\"Tabla de contenidos\"><i class=\"ez-toc-glyphicon ez-toc-icon-toggle\"><\/i><\/label><input type=\"checkbox\" id=\"item\"><\/a><\/span><\/div>\n<nav><ul class='ez-toc-list ez-toc-list-level-1'><li class='ez-toc-page-1 ez-toc-heading-level-2'><a class=\"ez-toc-link ez-toc-heading-1\" href=\"https:\/\/nutrident.fr\/es\/repuestos-cepillo-de-dientes-electrico\/#Oral-B_Precision_Clean\" title=\"Oral-B Precision Clean\">Oral-B Precision Clean<\/a><\/li><li class='ez-toc-page-1 ez-toc-heading-level-2'><a class=\"ez-toc-link ez-toc-heading-2\" href=\"https:\/\/nutrident.fr\/es\/repuestos-cepillo-de-dientes-electrico\/#Oral-B_Cross_Action\" title=\"Oral-B Cross Action\">Oral-B Cross Action<\/a><\/li><li class='ez-toc-page-1 ez-toc-heading-level-2'><a class=\"ez-toc-link ez-toc-heading-3\" href=\"https:\/\/nutrident.fr\/es\/repuestos-cepillo-de-dientes-electrico\/#El_cepillo_Oral-B_3D_White\" title=\"El cepillo Oral-B 3D White\">El cepillo Oral-B 3D White<\/a><\/li><li class='ez-toc-page-1 ez-toc-heading-level-2'><a class=\"ez-toc-link ez-toc-heading-4\" href=\"https:\/\/nutrident.fr\/es\/repuestos-cepillo-de-dientes-electrico\/#Oral-B_Sensitive_Clean_y_Sensi_Ultrathin\" title=\"Oral-B Sensitive Clean y Sensi Ultrathin\">Oral-B Sensitive Clean y Sensi Ultrathin<\/a><\/li><li class='ez-toc-page-1 ez-toc-heading-level-2'><a class=\"ez-toc-link ez-toc-heading-5\" href=\"https:\/\/nutrident.fr\/es\/repuestos-cepillo-de-dientes-electrico\/#Oral-B_Flossaction\" title=\"Oral-B Flossaction\">Oral-B Flossaction<\/a><\/li><li class='ez-toc-page-1 ez-toc-heading-level-2'><a class=\"ez-toc-link ez-toc-heading-6\" href=\"https:\/\/nutrident.fr\/es\/repuestos-cepillo-de-dientes-electrico\/#Oral-B_Trizone\" title=\"Oral-B Trizone\">Oral-B Trizone<\/a><\/li><li class='ez-toc-page-1 ez-toc-heading-level-2'><a class=\"ez-toc-link ez-toc-heading-7\" href=\"https:\/\/nutrident.fr\/es\/repuestos-cepillo-de-dientes-electrico\/#Oral-B_Dual_Clean\" title=\"Oral-B Dual Clean\">Oral-B Dual Clean<\/a><\/li><li class='ez-toc-page-1 ez-toc-heading-level-2'><a class=\"ez-toc-link ez-toc-heading-8\" href=\"https:\/\/nutrident.fr\/es\/repuestos-cepillo-de-dientes-electrico\/#Oral-B_para_ninos\" title=\"Oral-B para ni\u00f1os\">Oral-B para ni\u00f1os<\/a><\/li><\/ul><\/nav><\/div>\n<h2><span class=\"ez-toc-section\" id=\"Oral-B_Precision_Clean\"><\/span>Oral-B Precision Clean<span class=\"ez-toc-section-end\"><\/span><\/h2>\n\n\n<div class=\"wp-block-image\">\n<figure class=\"aligncenter size-medium\"><a href=\"https:\/\/amzn.to\/3ylVy64\" target=\"_blank\" rel=\"noopener\"><img width=\"263\" height=\"300\" src=\"https:\/\/nutrident.fr\/wp-content\/uploads\/2022\/06\/brossette-precision-clean-263x300.jpg\" alt=\"Cepillo Oral-B Precision Clean\" class=\"wp-image-13282\" srcset=\"https:\/\/nutrident.fr\/wp-content\/uploads\/2022\/06\/brossette-precision-clean-263x300.jpg 263w, https:\/\/nutrident.fr\/wp-content\/uploads\/2022\/06\/brossette-precision-clean-166x190.jpg 166w, https:\/\/nutrident.fr\/wp-content\/uploads\/2022\/06\/brossette-precision-clean.jpg 679w\" sizes=\"(max-width: 263px) 100vw, 263px\" \/><\/a><\/figure><\/div>\n\n\n<p>Los repuestos para cepillo de dientes el\u00e9ctrico Precision Clean son los m\u00e1s cl\u00e1sicos y <strong>convenientes para todas las personas<\/strong>. Este recambio se adapta a todas las bocas, no tiene caracter\u00edsticas especiales y es muy adecuado para el cepillado diario. Sus filamentos limpian profundamente cada diente para eliminar la placa y adem\u00e1s cuentan con unas cerdas verdes especiales que, gracias a la tecnolog\u00eda CleanMaximiser, se vuelven amarillas cuando llega el momento de reemplazar el cabezal.<\/p>\n\n\n\n<div class=\"wp-container-1 wp-block-buttons\"><\/div>\n\n\n\n<h2><span class=\"ez-toc-section\" id=\"Oral-B_Cross_Action\"><\/span>Oral-B Cross Action<span class=\"ez-toc-section-end\"><\/span><\/h2>\n\n\n<div class=\"wp-block-image\">\n<figure class=\"aligncenter size-medium\"><a href=\"https:\/\/amzn.to\/3OFU4JT\" target=\"_blank\" rel=\"noopener\"><img width=\"84\" height=\"300\" src=\"https:\/\/nutrident.fr\/wp-content\/uploads\/2022\/06\/crossaction-1-84x300.jpg\" alt=\"Cepillo Oral-B Cross Action\" class=\"wp-image-13289\" srcset=\"https:\/\/nutrident.fr\/wp-content\/uploads\/2022\/06\/crossaction-1-84x300.jpg 84w, https:\/\/nutrident.fr\/wp-content\/uploads\/2022\/06\/crossaction-1-428x1536.jpg 428w, https:\/\/nutrident.fr\/wp-content\/uploads\/2022\/06\/crossaction-1-53x190.jpg 53w\" sizes=\"(max-width: 84px) 100vw, 84px\" \/><\/a><\/figure><\/div>\n\n\n<p>El cabezal de cepillado Oral-B Cross Action tambi\u00e9n es adecuado para personas sin problemas particulares. El cabezal redondo tiene cerdas con un \u00e1ngulo de 16\u00b0 que cubren bien el diente y penetran en el espacio interdental para proporcionar una mejor limpieza y <strong>eliminar hasta dos veces m\u00e1s placa<\/strong> que un cepillo manual. <\/p>\n\n\n\n<p>Al igual que otros recambios de Oral-B, el Cross Action cuenta con la tecnolog\u00eda CleanMaximiser para que sepas cu\u00e1ndo reemplazar el cabezal. Las puntas de las cerdas son redondas y, por tanto, <strong>ofrecen un contacto suave<\/strong>, especialmente en las enc\u00edas, que a veces pueden ser sensibles.<\/p>\n\n\n\n<div class=\"wp-container-2 wp-block-buttons\"><\/div>\n\n\n\n<h2><span class=\"ez-toc-section\" id=\"El_cepillo_Oral-B_3D_White\"><\/span>El cepillo Oral-B 3D White<span class=\"ez-toc-section-end\"><\/span><\/h2>\n\n\n<div class=\"wp-block-image\">\n<figure class=\"aligncenter size-medium\"><a href=\"https:\/\/amzn.to\/3xXm4kT\" target=\"_blank\" rel=\"noopener\"><img width=\"225\" height=\"300\" src=\"https:\/\/nutrident.fr\/wp-content\/uploads\/2022\/06\/oralb-3D-white-225x300.jpg\" alt=\"Cepillo Oral-B 3D White\" class=\"wp-image-13292\" srcset=\"https:\/\/nutrident.fr\/wp-content\/uploads\/2022\/06\/oralb-3D-white-225x300.jpg 225w, https:\/\/nutrident.fr\/wp-content\/uploads\/2022\/06\/oralb-3D-white-143x190.jpg 143w, https:\/\/nutrident.fr\/wp-content\/uploads\/2022\/06\/oralb-3D-white.jpg 679w\" sizes=\"(max-width: 225px) 100vw, 225px\" \/><\/a><\/figure><\/div>\n\n\n<p>El cabezal Oral-B 3D White est\u00e1 recomendado para las personas que tienen <strong>h\u00e1bitos que manchan los dientes<\/strong>, por ejemplo los fumadores y los grandes bebedores de <a href=\"https:\/\/nutrident.fr\/es\/blanqueamiento-profesional\/manchas-cafe\/\" target=\"_blank\" rel=\"noreferrer noopener\">caf\u00e9<\/a> y\/o t\u00e9. El cepillo es redondo y tiene una c\u00e1psula pulidora de silicona en el centro, en lugar de cerdas, que permite raspar el diente sin riesgo de da\u00f1ar el esmalte. La c\u00e1psula est\u00e1 rodeada de cerdas redondas que penetran en los espacios interdentales y cepillan las enc\u00edas con suavidad, y tambi\u00e9n cuenta con la tecnolog\u00eda CleanMaximiser.<\/p>\n\n\n\n<div class=\"wp-container-3 wp-block-buttons\"><\/div>\n\n\n\n<h2><span class=\"ez-toc-section\" id=\"Oral-B_Sensitive_Clean_y_Sensi_Ultrathin\"><\/span>Oral-B Sensitive Clean y Sensi Ultrathin<span class=\"ez-toc-section-end\"><\/span><\/h2>\n\n\n<div class=\"wp-block-image\">\n<figure class=\"aligncenter size-medium\"><a href=\"https:\/\/amzn.to\/3OqQRxy\" target=\"_blank\" rel=\"noopener\"><img width=\"225\" height=\"300\" src=\"https:\/\/nutrident.fr\/wp-content\/uploads\/2022\/06\/Oral-B-Sensitive-Clean-et-Sensi-Ultrathin-225x300.jpg\" alt=\"Oral-B Sensitive Clean y Sensi Ultrathin\" class=\"wp-image-13295\" srcset=\"https:\/\/nutrident.fr\/wp-content\/uploads\/2022\/06\/Oral-B-Sensitive-Clean-et-Sensi-Ultrathin-225x300.jpg 225w, https:\/\/nutrident.fr\/wp-content\/uploads\/2022\/06\/Oral-B-Sensitive-Clean-et-Sensi-Ultrathin-143x190.jpg 143w, https:\/\/nutrident.fr\/wp-content\/uploads\/2022\/06\/Oral-B-Sensitive-Clean-et-Sensi-Ultrathin.jpg 679w\" sizes=\"(max-width: 225px) 100vw, 225px\" \/><\/a><\/figure><\/div>\n\n\n<p>Los recambios Oral-B Sensitive Clean y Sensi Ultrathin est\u00e1n dise\u00f1ados<strong> para personas con enc\u00edas sensibles<\/strong>. Se pueden encontrar juntos en un solo paquete o por separado. Se trata de repuestos extra suaves, uno de ellos con cerdas m\u00e1s finas, para poder limpiar delicadamente la zona entre el diente y la enc\u00eda. Gracias a ello, son perfectos para las personas con <a href=\"https:\/\/nutrident.fr\/es\/gingivitis\/\" target=\"_blank\" data-type=\"URL\" data-id=\"https:\/\/nutrident.fr\/es\/gingivitis\/\" rel=\"noreferrer noopener\">gingivitis<\/a> o cualquier otra afecci\u00f3n que provoque una mayor sensibilidad dental.<\/p>\n\n\n\n<p>El cabezal Sensitive Clean combina cerdas normales que eliminan efectivamente la placa con <strong>cerdas ultrafinas<\/strong> que son suaves con las enc\u00edas y reducen su inflamaci\u00f3n. El recambio Sensi Ultrathin, por otro lado, solo utiliza filamentos suaves que mejoran la salud de las enc\u00edas y permiten luchar contra la gingivitis. <\/p>\n\n\n\n<div class=\"wp-container-4 wp-block-buttons\"><\/div>\n\n\n\n<h2><span class=\"ez-toc-section\" id=\"Oral-B_Flossaction\"><\/span>Oral-B Flossaction<span class=\"ez-toc-section-end\"><\/span><\/h2>\n\n\n<div class=\"wp-block-image\">\n<figure class=\"aligncenter size-medium\"><a href=\"https:\/\/amzn.to\/3u4hNv0\" target=\"_blank\" rel=\"noopener\"><img width=\"87\" height=\"300\" src=\"https:\/\/nutrident.fr\/wp-content\/uploads\/2022\/06\/floss-action-87x300.jpg\" alt=\"Cepillo Oral-B Flossaction\" class=\"wp-image-13298\" srcset=\"https:\/\/nutrident.fr\/wp-content\/uploads\/2022\/06\/floss-action-87x300.jpg 87w, https:\/\/nutrident.fr\/wp-content\/uploads\/2022\/06\/floss-action-55x190.jpg 55w, https:\/\/nutrident.fr\/wp-content\/uploads\/2022\/06\/floss-action.jpg 256w\" sizes=\"(max-width: 87px) 100vw, 87px\" \/><\/a><\/figure><\/div>\n\n\n<p>El repuesto Oral-B FlossAction recibe su nombre de la palabra anglosajona que significa hilo dental, ya que cuenta con cerdas Micropulse dise\u00f1adas para penetrar mejor entre los dientes. Es uno de los mejores cabezales de recambio de Oral-B, pero es especialmente recomendable para para las <strong>personas con dientes muy juntos<\/strong> o api\u00f1ados, pues ayuda a eliminar los restos de comida que se atascan en los espacios interdentales y evita la formaci\u00f3n de placa y caries entre los dientes.<\/p>\n\n\n\n<div class=\"wp-container-5 wp-block-buttons\"><\/div>\n\n\n\n<h2><span class=\"ez-toc-section\" id=\"Oral-B_Trizone\"><\/span>Oral-B Trizone<span class=\"ez-toc-section-end\"><\/span><\/h2>\n\n\n<div class=\"wp-block-image\">\n<figure class=\"aligncenter size-medium\"><img width=\"78\" height=\"300\" src=\"https:\/\/nutrident.fr\/wp-content\/uploads\/2022\/06\/brossette-Oral-B-Trizone-78x300.jpg\" alt=\"Cepillo Oral-B Trizone\" class=\"wp-image-13301\" srcset=\"https:\/\/nutrident.fr\/wp-content\/uploads\/2022\/06\/brossette-Oral-B-Trizone-78x300.jpg 78w, https:\/\/nutrident.fr\/wp-content\/uploads\/2022\/06\/brossette-Oral-B-Trizone.jpg 229w\" sizes=\"(max-width: 78px) 100vw, 78px\" \/><\/figure><\/div>\n\n\n<p>El cabezal Oral-B Trizone tiene una forma ovalada y alargada que recuerda la forma de un cepillo de dientes manual. Esto difiere bastante de la mayor\u00eda de los repuestos para cepillo de dientes el\u00e9ctrico de Oral-B, que suelen ser redondeados, pero de todas maneras ofrece una limpieza profunda, con <strong>tres conjuntos de cerdas diferentes<\/strong>:<\/p>\n\n\n\n<ol><li>La punta \u00abPower Tip\u00bb llega a los dientes inferiores<\/li><li>Las cerdas m\u00e1s cortas limpian los diferentes lados de los dientes<\/li><li>Las cerdas m\u00e1s largas penetran dos veces m\u00e1s en los espacios interdentales que un cepillo manual convencional<\/li><\/ol>\n\n\n\n<p>Las cerdas azules van perdiendo su color con el uso para que sepas cu\u00e1ndo es el momento de cambiar el cabezal.<\/p>\n\n\n\n<div class=\"wp-container-6 wp-block-buttons\"><\/div>\n\n\n\n<h2><span class=\"ez-toc-section\" id=\"Oral-B_Dual_Clean\"><\/span>Oral-B Dual Clean<span class=\"ez-toc-section-end\"><\/span><\/h2>\n\n\n<div class=\"wp-block-image\">\n<figure class=\"aligncenter size-full is-resized\"><a href=\"https:\/\/amzn.to\/3xWexmu\" target=\"_blank\" rel=\"noopener\"><img src=\"https:\/\/nutrident.fr\/wp-content\/uploads\/2022\/06\/oralb-dual-clean.jpg\" alt=\"Cepillo Dual Clean\" class=\"wp-image-13305\" width=\"192\" height=\"300\" srcset=\"https:\/\/nutrident.fr\/wp-content\/uploads\/2022\/06\/oralb-dual-clean.jpg 192w, https:\/\/nutrident.fr\/wp-content\/uploads\/2022\/06\/oralb-dual-clean-122x190.jpg 122w\" sizes=\"(max-width: 192px) 100vw, 192px\" \/><\/a><\/figure><\/div>\n\n\n<p>El cabezal Dual Clean combina la forma de los cepillos manuales con una parte redondeada para limpiar zonas m\u00e1s amplias y llegar a las m\u00e1s inaccesibles. Una parte del cabezal se mueve lateralmente, mientras que la zona redondeada oscila y pulsa para ofrecer una <strong>limpieza doblemente eficaz<\/strong>. Tambi\u00e9n tiene cerdas azules que indican el grado de desgaste.<\/p>\n\n\n\n<div class=\"wp-container-7 wp-block-buttons\"><\/div>\n\n\n\n<h2><span class=\"ez-toc-section\" id=\"Oral-B_para_ninos\"><\/span>Oral-B para ni\u00f1os<span class=\"ez-toc-section-end\"><\/span><\/h2>\n\n\n<div class=\"wp-block-image\">\n<figure class=\"aligncenter size-medium\"><a href=\"https:\/\/amzn.to\/3QOAdtk\" target=\"_blank\" rel=\"noopener\"><img width=\"229\" height=\"300\" src=\"https:\/\/nutrident.fr\/wp-content\/uploads\/2022\/06\/brossette-Oral-B-pour-enfant-229x300.jpg\" alt=\"  Cepillo Oral-B para ni\u00f1os\" class=\"wp-image-13309\" srcset=\"https:\/\/nutrident.fr\/wp-content\/uploads\/2022\/06\/brossette-Oral-B-pour-enfant-229x300.jpg 229w, https:\/\/nutrident.fr\/wp-content\/uploads\/2022\/06\/brossette-Oral-B-pour-enfant-145x190.jpg 145w, https:\/\/nutrident.fr\/wp-content\/uploads\/2022\/06\/brossette-Oral-B-pour-enfant.jpg 679w\" sizes=\"(max-width: 229px) 100vw, 229px\" \/><\/a><\/figure><\/div>\n\n\n<p>El cabezal infantil de Oral-B es <strong>m\u00e1s peque\u00f1o<\/strong> que los anteriores para adaptarse mejor a la peque\u00f1a boca y dientes de los ni\u00f1os. Est\u00e1 decorado con una selecci\u00f3n de motivos de Disney y <strong>sus cerdas son extra suaves<\/strong> para proteger el esmalte y las enc\u00edas. Es apto para ni\u00f1os a partir de los tres a\u00f1os y es compatible con todos los cepillos el\u00e9ctricos Oral-B Kids.<\/p>\n\n\n\n<p>\u00c9chale un vistazo a nuestra lista de <a href=\"https:\/\/nutrident.fr\/es\/cepillos-de-dientes-inteligentes-para-ninos\/\">cepillos el\u00e9ctricos especiales para ni\u00f1os<\/a> si est\u00e1s buscando el mejor cepillo de dientes para tus hijos.<\/p>\n\n\n\n<div class=\"wp-container-8 wp-block-buttons\"><\/div>\n<div class=\"article-data before-content\"><div class=\"article-data__date\"><div class=\"article-data__date-modified\"><time class=\"published\" datetime=\"2022-10-27T16:41:34+00:00\">This article was originally published on&nbsp;<span class=\"2\">octubre 27, 2022<\/span>&nbsp;and was most recently updated on&nbsp;<span>junio 13, 2023<\/span><\/time><br><\/div><\/div><\/div><div class=\"user-info\">    <div class=\"user-info__body\">\r\n      <div class=\"user-info__caption\"><span>Contributors:<\/span><\/div>\r\n\t\t\t        <div class=\"user-info__wrap \">\r\n          <div class=\"user-info__data\">\r\n            <div class=\"user-info__data__info\">\r\n              <div class=\"photo\">\r\n\t\t\t\t\t\t\t\t<img width=\"66\" height=\"61\" src=\"https:\/\/nutrident.fr\/wp-content\/uploads\/2023\/06\/unnamed-66x61.jpg\" class=\"attachment-profileImageAuthor size-profileImageAuthor wp-post-image\" alt=\"Dr Abel Jes\u00fas Pederzoli\" loading=\"lazy\" srcset=\"https:\/\/nutrident.fr\/wp-content\/uploads\/2023\/06\/unnamed-66x61.jpg 66w, https:\/\/nutrident.fr\/wp-content\/uploads\/2023\/06\/unnamed-300x279.jpg 300w, https:\/\/nutrident.fr\/wp-content\/uploads\/2023\/06\/unnamed-1024x952.jpg 1024w, https:\/\/nutrident.fr\/wp-content\/uploads\/2023\/06\/unnamed-768x714.jpg 768w, https:\/\/nutrident.fr\/wp-content\/uploads\/2023\/06\/unnamed-204x190.jpg 204w, https:\/\/nutrident.fr\/wp-content\/uploads\/2023\/06\/unnamed-120x112.jpg 120w, https:\/\/nutrident.fr\/wp-content\/uploads\/2023\/06\/unnamed.jpg 1125w\" sizes=\"(max-width: 66px) 100vw, 66px\" \/>              <\/div>\r\n              <a href=\"https:\/\/nutrident.fr\/es\/author\/dr-abel-jesus-pederzoli\/\" class=\"name\">Dr Abel Jes\u00fas Pederzoli<\/a>\r\n            <\/div>\r\n            <div class=\"user-info__data__social\">\r\n\t\t\t\t\t\t\t\t\t\t\t\t\t\t\t\t\t\t\t\t\t          <a href=\"https:\/\/clinicaleixample.es\/\"\r\n             class=\"soc-item website\">website<\/a>\r\n\t\t\t\t          <a href=\"http:\/\/linkedin.com\/in\/abel-jes%C3%BAs-pederzoli\"\r\n             class=\"soc-item linkedin\">linkedin<\/a>\r\n\t\t\t\t            <\/div>\r\n          <\/div>\r\n          <div class=\"user-info__description\">\r\n\t\t\t\t\t\t\t\t\t\t\t\t\t<p>Con t\u00edtulos obtenidos en la Facultad de Odontolog\u00eda de la Universidad Nacional de La Plata y una participaci\u00f3n activa en congresos y jornadas, el Dr. Pederzoli se mantiene actualizado en las \u00faltimas t\u00e9cnicas y avances en odontolog\u00eda. Actualmente se encuentra desarrollando un proyecto de consultor\u00eda tecnol\u00f3gica aplicada a cl\u00ednicas dentales.<\/p>\n\t\t\t\t\t\t          <\/div>\r\n        <\/div>\r\n\t\t\t\t    <\/div>\r\n\t<\/div>","protected":false},"excerpt":{"rendered":"<p>Contributor:&nbsp; Dr Abel Jes\u00fas Pederzoli Updated:&nbsp;junio 13, 2023 Todos los dentistas coinciden en que los cepillos el\u00e9ctricos son mucho m\u00e1s eficaces que los manuales y existen distintos tipos entre los que puedes elegir. Sin embargo, los cepillos el\u00e9ctricos desechables son de menor calidad, no son tan efectivos y presentan un verdadero problema ecol\u00f3gico. La mejor [&hellip;]<\/p>\n","protected":false},"author":10,"featured_media":14644,"parent":0,"menu_order":0,"comment_status":"open","ping_status":"open","template":"","meta":{"inline_featured_image":false},"acf":[],"_links":{"self":[{"href":"https:\/\/nutrident.fr\/es\/wp-json\/wp\/v2\/pages\/14643"}],"collection":[{"href":"https:\/\/nutrident.fr\/es\/wp-json\/wp\/v2\/pages"}],"about":[{"href":"https:\/\/nutrident.fr\/es\/wp-json\/wp\/v2\/types\/page"}],"author":[{"embeddable":true,"href":"https:\/\/nutrident.fr\/es\/wp-json\/wp\/v2\/users\/10"}],"replies":[{"embeddable":true,"href":"https:\/\/nutrident.fr\/es\/wp-json\/wp\/v2\/comments?post=14643"}],"version-history":[{"count":17,"href":"https:\/\/nutrident.fr\/es\/wp-json\/wp\/v2\/pages\/14643\/revisions"}],"predecessor-version":[{"id":22098,"href":"https:\/\/nutrident.fr\/es\/wp-json\/wp\/v2\/pages\/14643\/revisions\/22098"}],"wp:featuredmedia":[{"embeddable":true,"href":"https:\/\/nutrident.fr\/es\/wp-json\/wp\/v2\/media\/14644"}],"wp:attachment":[{"href":"https:\/\/nutrident.fr\/es\/wp-json\/wp\/v2\/media?parent=14643"}],"curies":[{"name":"wp","href":"https:\/\/api.w.org\/{rel}","templated":true}]}}