

{"id":14656,"date":"2022-09-13T12:49:00","date_gmt":"2022-09-13T12:49:00","guid":{"rendered":"https:\/\/nutrident.fr\/?page_id=14656"},"modified":"2023-06-13T10:16:45","modified_gmt":"2023-06-13T10:16:45","slug":"cepillarse-correctamente-los-dientes","status":"publish","type":"page","link":"https:\/\/nutrident.fr\/es\/cepillarse-correctamente-los-dientes\/","title":{"rendered":"Cepillarse los dientes correctamente: paso a paso y consejos"},"content":{"rendered":"<div class=\"meta\"><div class=\"meta__users\">    <div class=\"meta__users__reviewed\">\r\n      <p class=\"meta__users__caption\">Contributor:&nbsp;<\/p>\r\n      <div class=\"users\">\r\n        <span class=\"users__user\">\r\n          <a href=\"#\">Dr Abel Jes\u00fas Pederzoli<\/a>\r\n        <\/span>\r\n      <\/div>\r\n    <\/div>\r\n\t<\/div><div class=\"meta__date-modified\">Updated:&nbsp;<span>junio 13, 2023<\/span><\/div><\/div><div class=\"wp-block-image\">\n<figure class=\"alignright size-medium\"><img width=\"300\" height=\"200\" src=\"https:\/\/nutrident.fr\/wp-content\/uploads\/2019\/07\/brosser-dents-bambou-300x200.jpg\" alt=\"cepillarse los dientes\" class=\"wp-image-10246\" srcset=\"https:\/\/nutrident.fr\/wp-content\/uploads\/2019\/07\/brosser-dents-bambou-300x200.jpg 300w, https:\/\/nutrident.fr\/wp-content\/uploads\/2019\/07\/brosser-dents-bambou-768x513.jpg 768w, https:\/\/nutrident.fr\/wp-content\/uploads\/2019\/07\/brosser-dents-bambou-254x170.jpg 254w, https:\/\/nutrident.fr\/wp-content\/uploads\/2019\/07\/brosser-dents-bambou.jpg 999w\" sizes=\"(max-width: 300px) 100vw, 300px\" \/><figcaption>La mayor\u00eda de los espa\u00f1oles no se cepillan los dientes correctamente<\/figcaption><\/figure><\/div>\n\n\n<p>El cepillado dental es una parte esencial de nuestra rutina de higiene diaria, pero desafortunadamente no todos lo hacen de la manera adecuada. Cepillarse los dientes correctamente permite eliminar restos de comida atascados y previene la acumulaci\u00f3n de la placa bacteriana, el desarrollo de caries, enfermedades de las enc\u00edas, mal aliento, entre muchos otros beneficios.<\/p>\n\n\n\n<p>En este art\u00edculo, te explicaremos c\u00f3mo cepillarte los dientes de la manera correcta paso a paso y encontrar\u00e1s toda la informaci\u00f3n relevante para mejorar tu higiene oral, desde la elecci\u00f3n del cepillo y de la pasta dental, hasta los movimientos y el tiempo adecuado para lograr una limpieza \u00f3ptima.<\/p>\n\n\n\n<div id=\"ez-toc-container\" class=\"ez-toc-v2_0_33_2 counter-hierarchy ez-toc-counter ez-toc-white ez-toc-container-direction\">\n<div class=\"ez-toc-title-container\">\n<p class=\"ez-toc-title\">Contenus<\/p>\n<span class=\"ez-toc-title-toggle\"><a href=\"#\" class=\"ez-toc-pull-right ez-toc-btn ez-toc-btn-xs ez-toc-btn-default ez-toc-toggle\" style=\"display: none;\"><label for=\"item\" aria-label=\"Tabla de contenidos\"><i class=\"ez-toc-glyphicon ez-toc-icon-toggle\"><\/i><\/label><input type=\"checkbox\" id=\"item\"><\/a><\/span><\/div>\n<nav><ul class='ez-toc-list ez-toc-list-level-1'><li class='ez-toc-page-1 ez-toc-heading-level-2'><a class=\"ez-toc-link ez-toc-heading-1\" href=\"https:\/\/nutrident.fr\/es\/cepillarse-correctamente-los-dientes\/#%C2%BFPor_que_es_necesario_cepillarse_los_dientes\" title=\"\u00bfPor qu\u00e9 es necesario cepillarse los dientes?\">\u00bfPor qu\u00e9 es necesario cepillarse los dientes?<\/a><\/li><li class='ez-toc-page-1 ez-toc-heading-level-2'><a class=\"ez-toc-link ez-toc-heading-2\" href=\"https:\/\/nutrident.fr\/es\/cepillarse-correctamente-los-dientes\/#%C2%BFComo_cepillarse_los_dientes_correctamente\" title=\"\u00bfC\u00f3mo cepillarse los dientes correctamente?\">\u00bfC\u00f3mo cepillarse los dientes correctamente?<\/a><\/li><li class='ez-toc-page-1 ez-toc-heading-level-2'><a class=\"ez-toc-link ez-toc-heading-3\" href=\"https:\/\/nutrident.fr\/es\/cepillarse-correctamente-los-dientes\/#Conclusion\" title=\"Conclusi\u00f3n\">Conclusi\u00f3n<\/a><\/li><li class='ez-toc-page-1 ez-toc-heading-level-2'><a class=\"ez-toc-link ez-toc-heading-4\" href=\"https:\/\/nutrident.fr\/es\/cepillarse-correctamente-los-dientes\/#Preguntas_frecuentes\" title=\"Preguntas frecuentes\">Preguntas frecuentes<\/a><\/li><\/ul><\/nav><\/div>\n<h2><span class=\"ez-toc-section\" id=\"%C2%BFPor_que_es_necesario_cepillarse_los_dientes\"><\/span>\u00bfPor qu\u00e9 es necesario cepillarse los dientes?<span class=\"ez-toc-section-end\"><\/span><\/h2>\n\n\n\n<p>La falta de higiene bucal, el consumo de caf\u00e9 y <a href=\"https:\/\/nutrident.fr\/es\/alcohol-y-dientes\/\" target=\"_blank\" data-type=\"URL\" data-id=\"https:\/\/nutrident.fr\/es\/alcohol-y-dientes\/\" rel=\"noreferrer noopener\">alcohol<\/a>, la <a href=\"https:\/\/nutrident.fr\/es\/caries-y-dieta\/\" target=\"_blank\" data-type=\"URL\" data-id=\"https:\/\/nutrident.fr\/es\/caries-y-dieta\/\" rel=\"noreferrer noopener\">mala alimentaci\u00f3n<\/a>, el tabaquismo y muchos otros factores pueden contribuir al deterioro de la salud oral. El cepillado regular de los dientes ayuda a <strong>prevenir posibles problemas<\/strong> como el amarillamiento, las manchas, las caries, el <a href=\"https:\/\/nutrident.fr\/es\/sarro-dental\/\" target=\"_blank\" data-type=\"URL\" data-id=\"https:\/\/nutrident.fr\/es\/sarro-dental\/\" rel=\"noreferrer noopener\">sarro<\/a> y las infecciones dentales.<\/p>\n\n\n\n<h2><span class=\"ez-toc-section\" id=\"%C2%BFComo_cepillarse_los_dientes_correctamente\"><\/span>\u00bfC\u00f3mo cepillarse los dientes correctamente?<span class=\"ez-toc-section-end\"><\/span><\/h2>\n\n\n\n<p>Para un cepillado de dientes eficaz y para mantener una buena higiene bucal, hay que seguir algunos pasos esenciales.<\/p>\n\n\n\n<p>La primera regla general es cepillarse durante<strong> al menos dos minutos<\/strong> para limpiar bien todas las superficies. Emplea treinta segundos en cada cuadrante de la dentadura para asegurarte de que cada parte de la boca reciba una limpieza homog\u00e9nea. Un <a href=\"https:\/\/nutrident.fr\/es\/cepillos-de-dientes-electricos\/\" data-type=\"URL\" data-id=\"https:\/\/nutrident.fr\/es\/cepillos-de-dientes-electricos\/\" target=\"_blank\" rel=\"noreferrer noopener\">cepillo el\u00e9ctrico<\/a> te puede ayudar a llevar la cuenta, ya que la mayor\u00eda cuenta con un temporizador de dos minutos que emite una se\u00f1al cada treinta segundos. Una buena opci\u00f3n es <a href=\"https:\/\/nutrident.fr\/es\/oral-b-genius-x\/\" target=\"_blank\" data-type=\"URL\" data-id=\"https:\/\/nutrident.fr\/es\/oral-b-genius-x\/\" rel=\"noreferrer noopener\">este modelo de Oral-B<\/a>.<\/p>\n\n\n\n<p>Otra regla importante para tener unos dientes lo m\u00e1s sanos posible es <strong>cepillarse despu\u00e9s de cada comida<\/strong>, idealmente incluso despu\u00e9s de picar o de tomar una <a href=\"https:\/\/nutrident.fr\/es\/bebidas-azucaradas\/\" target=\"_blank\" data-type=\"URL\" data-id=\"https:\/\/nutrident.fr\/es\/bebidas-azucaradas\/\" rel=\"noreferrer noopener\">bebida azucarada<\/a>.  Si no puedes cepillarte despu\u00e9s de las tres comidas principales, no te preocupes, con hacerlo dos veces al d\u00eda durante dos minutos es suficiente, ya que esto ayudar\u00e1 a prevenir el desarrollo de bacterias.<\/p>\n\n\n\n<p>Sin embargo, para que el cepillado sea completamente efectivo, necesitas el <strong>equipo adecuado<\/strong>. Existen cepillos de dientes con cerdas duras o suaves, modelos el\u00e9ctricos y manuales, pero \u00bfcu\u00e1l es mejor?<\/p>\n\n\n\n<h4>Un cepillo de dientes suave y el\u00e9ctrico<\/h4>\n\n\n<div class=\"wp-block-image\">\n<figure class=\"alignright size-medium\"><img width=\"300\" height=\"200\" src=\"https:\/\/nutrident.fr\/wp-content\/uploads\/2022\/06\/brosses-a-dents-connectees-300x200.jpg\" alt=\"cepillo de dientes el\u00e9ctrico\" class=\"wp-image-11104\" srcset=\"https:\/\/nutrident.fr\/wp-content\/uploads\/2022\/06\/brosses-a-dents-connectees-300x200.jpg 300w, https:\/\/nutrident.fr\/wp-content\/uploads\/2022\/06\/brosses-a-dents-connectees-768x513.jpg 768w, https:\/\/nutrident.fr\/wp-content\/uploads\/2022\/06\/brosses-a-dents-connectees-254x170.jpg 254w, https:\/\/nutrident.fr\/wp-content\/uploads\/2022\/06\/brosses-a-dents-connectees.jpg 999w\" sizes=\"(max-width: 300px) 100vw, 300px\" \/><figcaption>La tecnolog\u00eda del cepillo el\u00e9ctrico facilita el cepillado correcto de los dientes<\/figcaption><\/figure><\/div>\n\n\n<p>Para proteger tus enc\u00edas y evitar <a href=\"https:\/\/nutrident.fr\/es\/periodontitis\/\" data-type=\"URL\" data-id=\"https:\/\/nutrident.fr\/es\/periodontitis\/\" target=\"_blank\" rel=\"noreferrer noopener\">problemas periodontales<\/a>, lo mejor es utilizar un cepillo de dientes con cerdas suaves. <a href=\"https:\/\/nutrident.fr\/es\/cepillo-de-dientes-electrico-para-ninos\/\" data-type=\"URL\" data-id=\"https:\/\/nutrident.fr\/es\/cepillo-de-dientes-electrico-para-ninos\/\" target=\"_blank\" rel=\"noreferrer noopener\">Para los ni\u00f1os<\/a>, elige un cepillo de dientes peque\u00f1o que se adapte a su boca. En cuanto a los cepillos el\u00e9ctricos, los diversos estudios realizados revelan que son m\u00e1s eficaces en el combate contra la placa y otros problemas que los modelos manuales. <\/p>\n\n\n\n<p>No obstante, puedes lograr el mismo resultado con un cepillo manual si sigues la t\u00e9cnica adecuada y durante el tiempo suficiente. Puedes leer m\u00e1s al respecto en nuestro art\u00edculo sobre <a href=\"https:\/\/nutrident.fr\/es\/cepillo-de-dientes-electrico-o-manual\/\" target=\"_blank\" data-type=\"URL\" data-id=\"https:\/\/nutrident.fr\/es\/cepillo-de-dientes-electrico-o-manual\/\" rel=\"noreferrer noopener\">cepillos el\u00e9ctricos vs manuales<\/a>.<\/p>\n\n\n\n<h4>Encontrar la pasta de dientes adecuada<\/h4>\n\n\n\n<p>Cepillarse bien los dientes tambi\u00e9n significa elegir la pasta de dientes adecuada. <a href=\"https:\/\/nutrident.fr\/es\/?page_id=14611\">Las pastas de dientes con fl\u00faor<\/a> pueden no ser las m\u00e1s adecuadas para los ni\u00f1os, ya que pueden provocar fluorosis (manchas blancas en los dientes). Tampoco son las mejores para las personas que sufren de enfermedades de las enc\u00edas. La clave es encontrar la pasta de dientes adecuada para tus necesidades. Si no tienes ning\u00fan problema de enc\u00edas, una crema de dientes con fl\u00faor es ideal para ti ya que ayudar\u00e1 a proteger tus dientes contra las caries y el <a href=\"https:\/\/nutrident.fr\/es\/erosion-dental\/\" target=\"_blank\" data-type=\"URL\" data-id=\"https:\/\/nutrident.fr\/es\/erosion-dental\/\" rel=\"noreferrer noopener\">desgaste del esmalte<\/a>.<\/p>\n\n\n\n<h4>Todo es cuesti\u00f3n de movimiento<\/h4>\n\n\n\n<p>El tercer consejo para cepillarse los dientes correctamente es utilizar los movimientos adecuados. Debes cepillar la parte superior e inferior de la dentadura por separado, utilizando un movimiento descendiente para los dientes superiores y un movimiento ascendente para los inferiores. Recuerda tambi\u00e9n <strong>cepillar todas las caras de los dientes<\/strong>, incluyendo la parte interna.<\/p>\n\n\n\n<p>Tambi\u00e9n es una buena idea limpiar la lengua, ya sea con un <a href=\"https:\/\/nutrident.fr\/es\/limpiador-de-lengua\/\" target=\"_blank\" data-type=\"URL\" data-id=\"https:\/\/nutrident.fr\/es\/limpiador-de-lengua\/\" rel=\"noreferrer noopener\">limpiador lingual<\/a> o con el cepillo de dientes. No te olvides de usar <strong>hilo dental<\/strong> para eliminar las impurezas que se acumulan en los espacios interdentales. Si quieres optimizar a\u00fan m\u00e1s tu higiene bucal, utiliza un <a href=\"https:\/\/nutrident.fr\/es\/irrigadores-dentales\/\" target=\"_blank\" data-type=\"URL\" data-id=\"https:\/\/nutrident.fr\/es\/irrigadores-dentales\/\" rel=\"noreferrer noopener\">irrigador dental<\/a> y finaliza con un poco de enjuague.<\/p>\n\n\n\n<figure class=\"wp-block-embed is-type-video is-provider-youtube wp-block-embed-youtube wp-embed-aspect-16-9 wp-has-aspect-ratio\"><div class=\"wp-block-embed__wrapper\">\n<iframe title=\"La mejor t\u00e9cnica para cepillar los dientes y c\u00f3mo usar el hilo\/seda dental | \u00bfCu\u00e1l hilo es el mejor?\" width=\"500\" height=\"281\" src=\"https:\/\/www.youtube.com\/embed\/3u91yMPzmWY?feature=oembed\" frameborder=\"0\" allow=\"accelerometer; autoplay; clipboard-write; encrypted-media; gyroscope; picture-in-picture; web-share\" allowfullscreen><\/iframe>\n<\/div><\/figure>\n\n\n\n<h2><span class=\"ez-toc-section\" id=\"Conclusion\"><\/span>Conclusi\u00f3n<span class=\"ez-toc-section-end\"><\/span><\/h2>\n\n\n\n<p>Para terminar, estas son las principales reglas que hay que recordar:<\/p>\n\n\n\n<ul><li>Dos minutos de cepillado por cada sesi\u00f3n<\/li><li>Un cepillo de dientes adecuado<\/li><li>Cepillarse despu\u00e9s de cada comida<\/li><li>Realizar los movimientos correctos durante el cepillado<\/li><\/ul>\n\n\n\n<p>Siguiendo estas recomendaciones, tu higiene bucal mejorar\u00e1 y tendr\u00e1s menos problemas con tus dientes y\/o enc\u00edas. Otros consejos para una mejor higiene bucal son el uso del hilo dental y el enjuague bucal.<\/p>\n\n\n\n<h2><span class=\"ez-toc-section\" id=\"Preguntas_frecuentes\"><\/span>Preguntas frecuentes<span class=\"ez-toc-section-end\"><\/span><\/h2>\n\n\n<div id=\"rank-math-faq\" class=\"rank-math-block\">\n<div class=\"rank-math-list \">\n<div id=\"faq-question-1657868934315\" class=\"rank-math-list-item\">\n<h3 class=\"rank-math-question \">\u00bfDebo cepillarme los dientes durante 3 minutos?<\/h3>\n<div class=\"rank-math-answer \">\n\n<p>No, no tienes que cepillarse los dientes durante tres minutos. Dos minutos son suficientes para cada sesi\u00f3n de cepillado si te cepillas tres veces al d\u00eda.<\/p>\n\n<\/div>\n<\/div>\n<div id=\"faq-question-1657868942184\" class=\"rank-math-list-item\">\n<h3 class=\"rank-math-question \">\u00bfEs peligroso cepillarse demasiado los dientes?<\/h3>\n<div class=\"rank-math-answer \">\n\n<p>S\u00ed, de hecho, m\u00e1s de tres cepillados al d\u00eda pueden da\u00f1ar las enc\u00edas y desgastar el esmalte dental.<\/p>\n\n<\/div>\n<\/div>\n<div id=\"faq-question-1657868943267\" class=\"rank-math-list-item\">\n<h3 class=\"rank-math-question \">\u00bfPor qu\u00e9 un buen cepillado dental tarda 2 minutos?<\/h3>\n<div class=\"rank-math-answer \">\n\n<p>Seg\u00fan la comunidad dental, este tiempo de cepillado asegura que todas las zonas de los dientes se limpien adecuadamente.<\/p>\n\n<\/div>\n<\/div>\n<\/div>\n<\/div><div class=\"article-data before-content\"><div class=\"article-data__date\"><div class=\"article-data__date-modified\"><time class=\"published\" datetime=\"2022-09-13T12:49:00+00:00\">This article was originally published on&nbsp;<span class=\"2\">septiembre 13, 2022<\/span>&nbsp;and was most recently updated on&nbsp;<span>junio 13, 2023<\/span><\/time><br><\/div><\/div><\/div><div class=\"user-info\">    <div class=\"user-info__body\">\r\n      <div class=\"user-info__caption\"><span>Contributors:<\/span><\/div>\r\n\t\t\t        <div class=\"user-info__wrap \">\r\n          <div class=\"user-info__data\">\r\n            <div class=\"user-info__data__info\">\r\n              <div class=\"photo\">\r\n\t\t\t\t\t\t\t\t<img width=\"66\" height=\"61\" src=\"https:\/\/nutrident.fr\/wp-content\/uploads\/2023\/06\/unnamed-66x61.jpg\" class=\"attachment-profileImageAuthor size-profileImageAuthor wp-post-image\" alt=\"Dr Abel Jes\u00fas Pederzoli\" loading=\"lazy\" srcset=\"https:\/\/nutrident.fr\/wp-content\/uploads\/2023\/06\/unnamed-66x61.jpg 66w, https:\/\/nutrident.fr\/wp-content\/uploads\/2023\/06\/unnamed-300x279.jpg 300w, https:\/\/nutrident.fr\/wp-content\/uploads\/2023\/06\/unnamed-1024x952.jpg 1024w, https:\/\/nutrident.fr\/wp-content\/uploads\/2023\/06\/unnamed-768x714.jpg 768w, https:\/\/nutrident.fr\/wp-content\/uploads\/2023\/06\/unnamed-204x190.jpg 204w, https:\/\/nutrident.fr\/wp-content\/uploads\/2023\/06\/unnamed-120x112.jpg 120w, https:\/\/nutrident.fr\/wp-content\/uploads\/2023\/06\/unnamed.jpg 1125w\" sizes=\"(max-width: 66px) 100vw, 66px\" \/>              <\/div>\r\n              <a href=\"https:\/\/nutrident.fr\/es\/author\/dr-abel-jesus-pederzoli\/\" class=\"name\">Dr Abel Jes\u00fas Pederzoli<\/a>\r\n            <\/div>\r\n            <div class=\"user-info__data__social\">\r\n\t\t\t\t\t\t\t\t\t\t\t\t\t\t\t\t\t\t\t\t\t          <a href=\"https:\/\/clinicaleixample.es\/\"\r\n             class=\"soc-item website\">website<\/a>\r\n\t\t\t\t          <a href=\"http:\/\/linkedin.com\/in\/abel-jes%C3%BAs-pederzoli\"\r\n             class=\"soc-item linkedin\">linkedin<\/a>\r\n\t\t\t\t            <\/div>\r\n          <\/div>\r\n          <div class=\"user-info__description\">\r\n\t\t\t\t\t\t\t\t\t\t\t\t\t<p>Con t\u00edtulos obtenidos en la Facultad de Odontolog\u00eda de la Universidad Nacional de La Plata y una participaci\u00f3n activa en congresos y jornadas, el Dr. Pederzoli se mantiene actualizado en las \u00faltimas t\u00e9cnicas y avances en odontolog\u00eda. Actualmente se encuentra desarrollando un proyecto de consultor\u00eda tecnol\u00f3gica aplicada a cl\u00ednicas dentales.<\/p>\n\t\t\t\t\t\t          <\/div>\r\n        <\/div>\r\n\t\t\t\t    <\/div>\r\n\t<\/div><!--copyscapeskip--><div class=\"medical_references\"><div class=\"medical_references__heading\"><span>Fuentes M\u00e9dicas<\/span><\/div><div class=\"medical_references__list\"><p><strong>Scielo.<\/strong> <a href=\"http:\/\/www.scielo.org.co\/pdf\/ceso\/v29n2\/v29n2a07.pdf\" target=\"_blank\" rel=\"noopener\"><span id=\"page1342R_mcid19\" class=\"markedContent\"><span dir=\"ltr\" role=\"presentation\">Comparaci\u00f3n de diferentes t\u00e9cnicas de cepillado <\/span><\/span><span id=\"page1342R_mcid20\" class=\"markedContent\"><span dir=\"ltr\" role=\"presentation\">para la higiene bucal.<\/span><\/span><\/a> Consultado el 28 de abril de 2023.<\/p>\n<\/div><\/div><!--\/copyscapeskip-->","protected":false},"excerpt":{"rendered":"<p>Contributor:&nbsp; Dr Abel Jes\u00fas Pederzoli Updated:&nbsp;junio 13, 2023 El cepillado dental es una parte esencial de nuestra rutina de higiene diaria, pero desafortunadamente no todos lo hacen de la manera adecuada. Cepillarse los dientes correctamente permite eliminar restos de comida atascados y previene la acumulaci\u00f3n de la placa bacteriana, el desarrollo de caries, enfermedades de [&hellip;]<\/p>\n","protected":false},"author":14,"featured_media":11109,"parent":0,"menu_order":0,"comment_status":"closed","ping_status":"closed","template":"","meta":{"inline_featured_image":false},"acf":[],"_links":{"self":[{"href":"https:\/\/nutrident.fr\/es\/wp-json\/wp\/v2\/pages\/14656"}],"collection":[{"href":"https:\/\/nutrident.fr\/es\/wp-json\/wp\/v2\/pages"}],"about":[{"href":"https:\/\/nutrident.fr\/es\/wp-json\/wp\/v2\/types\/page"}],"author":[{"embeddable":true,"href":"https:\/\/nutrident.fr\/es\/wp-json\/wp\/v2\/users\/14"}],"replies":[{"embeddable":true,"href":"https:\/\/nutrident.fr\/es\/wp-json\/wp\/v2\/comments?post=14656"}],"version-history":[{"count":35,"href":"https:\/\/nutrident.fr\/es\/wp-json\/wp\/v2\/pages\/14656\/revisions"}],"predecessor-version":[{"id":21802,"href":"https:\/\/nutrident.fr\/es\/wp-json\/wp\/v2\/pages\/14656\/revisions\/21802"}],"wp:featuredmedia":[{"embeddable":true,"href":"https:\/\/nutrident.fr\/es\/wp-json\/wp\/v2\/media\/11109"}],"wp:attachment":[{"href":"https:\/\/nutrident.fr\/es\/wp-json\/wp\/v2\/media?parent=14656"}],"curies":[{"name":"wp","href":"https:\/\/api.w.org\/{rel}","templated":true}]}}