

{"id":14683,"date":"2022-09-14T21:05:00","date_gmt":"2022-09-14T21:05:00","guid":{"rendered":"https:\/\/nutrident.fr\/?page_id=14683"},"modified":"2023-06-13T11:09:29","modified_gmt":"2023-06-13T11:09:29","slug":"cepillo-de-dientes-electrico-o-manual","status":"publish","type":"page","link":"https:\/\/nutrident.fr\/es\/cepillo-de-dientes-electrico-o-manual\/","title":{"rendered":"\u00bfC\u00f3mo elegir entre un cepillo de dientes el\u00e9ctrico o manual?"},"content":{"rendered":"<div class=\"meta\"><div class=\"meta__users\">    <div class=\"meta__users__reviewed\">\r\n      <p class=\"meta__users__caption\">Contributor:&nbsp;<\/p>\r\n      <div class=\"users\">\r\n        <span class=\"users__user\">\r\n          <a href=\"#\">Dr Abel Jes\u00fas Pederzoli<\/a>\r\n        <\/span>\r\n      <\/div>\r\n    <\/div>\r\n\t<\/div><div class=\"meta__date-modified\">Updated:&nbsp;<span>junio 13, 2023<\/span><\/div><\/div><div class=\"wp-block-image\">\n<figure class=\"alignright size-medium is-resized\"><img src=\"https:\/\/nutrident.fr\/wp-content\/uploads\/2020\/03\/henrik-lagercrantz-CsPCTYYxalw-unsplash-300x200.jpg\" alt=\"cepillo de dientes electrico o manual\" class=\"wp-image-3738\" width=\"300\" height=\"200\" srcset=\"https:\/\/nutrident.fr\/wp-content\/uploads\/2020\/03\/henrik-lagercrantz-CsPCTYYxalw-unsplash-300x200.jpg 300w, https:\/\/nutrident.fr\/wp-content\/uploads\/2020\/03\/henrik-lagercrantz-CsPCTYYxalw-unsplash-1024x683.jpg 1024w, https:\/\/nutrident.fr\/wp-content\/uploads\/2020\/03\/henrik-lagercrantz-CsPCTYYxalw-unsplash-768x512.jpg 768w, https:\/\/nutrident.fr\/wp-content\/uploads\/2020\/03\/henrik-lagercrantz-CsPCTYYxalw-unsplash-1080x720.jpg 1080w, https:\/\/nutrident.fr\/wp-content\/uploads\/2020\/03\/henrik-lagercrantz-CsPCTYYxalw-unsplash-980x653.jpg 980w, https:\/\/nutrident.fr\/wp-content\/uploads\/2020\/03\/henrik-lagercrantz-CsPCTYYxalw-unsplash-480x320.jpg 480w, https:\/\/nutrident.fr\/wp-content\/uploads\/2020\/03\/henrik-lagercrantz-CsPCTYYxalw-unsplash.jpg 1200w\" sizes=\"(max-width: 300px) 100vw, 300px\" \/><figcaption>\u00bfEs m\u00e1s eficaz un cepillo de dientes el\u00e9ctrico que uno manual?<\/figcaption><\/figure><\/div>\n\n\n<p>Los fabricantes y dise\u00f1adores de cepillos de dientes siguen siendo cada vez m\u00e1s ingeniosos para ofrecernos modelos cada vez m\u00e1s sofisticados y eficaces. En los \u00faltimos a\u00f1os, los modelos el\u00e9ctricos se han incorporado a los estantes de los cepillos de dientes y los dentistas los recomiendan cada vez m\u00e1s, especialmente en determinadas situaciones.<\/p>\n\n\n\n<p>Entonces, \u00bfdebes optar por un cepillo de dientes el\u00e9ctrico? \u00bfO es mejor seguir con el tradicional cepillo de dientes manual?<\/p>\n\n\n\n<p>Hay una serie de criterios para elegir el cepillo de dientes que mejor se adapte a tus necesidades y que satisfaga todas tus expectativas. <a href=\"https:\/\/nutrident.fr\/es\/\">Nutrident.es<\/a> te ayuda a hacer esta elecci\u00f3n.<\/p>\n\n\n\n<div id=\"ez-toc-container\" class=\"ez-toc-v2_0_33_2 counter-hierarchy ez-toc-counter ez-toc-white ez-toc-container-direction\">\n<div class=\"ez-toc-title-container\">\n<p class=\"ez-toc-title\">Contenus<\/p>\n<span class=\"ez-toc-title-toggle\"><a href=\"#\" class=\"ez-toc-pull-right ez-toc-btn ez-toc-btn-xs ez-toc-btn-default ez-toc-toggle\" style=\"display: none;\"><label for=\"item\" aria-label=\"Tabla de contenidos\"><i class=\"ez-toc-glyphicon ez-toc-icon-toggle\"><\/i><\/label><input type=\"checkbox\" id=\"item\"><\/a><\/span><\/div>\n<nav><ul class='ez-toc-list ez-toc-list-level-1'><li class='ez-toc-page-1 ez-toc-heading-level-2'><a class=\"ez-toc-link ez-toc-heading-1\" href=\"https:\/\/nutrident.fr\/es\/cepillo-de-dientes-electrico-o-manual\/#La_tecnica_del_cepillado\" title=\"La t\u00e9cnica del cepillado\">La t\u00e9cnica del cepillado<\/a><\/li><li class='ez-toc-page-1 ez-toc-heading-level-2'><a class=\"ez-toc-link ez-toc-heading-2\" href=\"https:\/\/nutrident.fr\/es\/cepillo-de-dientes-electrico-o-manual\/#Autonomia_del_cepillo_de_dientes\" title=\"Autonom\u00eda del cepillo de dientes\">Autonom\u00eda del cepillo de dientes<\/a><\/li><li class='ez-toc-page-1 ez-toc-heading-level-2'><a class=\"ez-toc-link ez-toc-heading-3\" href=\"https:\/\/nutrident.fr\/es\/cepillo-de-dientes-electrico-o-manual\/#El_precio_un_criterio_importante\" title=\"El precio: un criterio importante\">El precio: un criterio importante<\/a><\/li><li class='ez-toc-page-1 ez-toc-heading-level-2'><a class=\"ez-toc-link ez-toc-heading-4\" href=\"https:\/\/nutrident.fr\/es\/cepillo-de-dientes-electrico-o-manual\/#%C2%BFQue_es_mejor_un_cepillo_electrico_o_uno_manual\" title=\"\u00bfQu\u00e9 es mejor, un cepillo el\u00e9ctrico o uno manual?\">\u00bfQu\u00e9 es mejor, un cepillo el\u00e9ctrico o uno manual?<\/a><\/li><li class='ez-toc-page-1 ez-toc-heading-level-2'><a class=\"ez-toc-link ez-toc-heading-5\" href=\"https:\/\/nutrident.fr\/es\/cepillo-de-dientes-electrico-o-manual\/#Preguntas_frecuentes\" title=\"Preguntas frecuentes\">Preguntas frecuentes<\/a><\/li><\/ul><\/nav><\/div>\n<h2><span class=\"ez-toc-section\" id=\"La_tecnica_del_cepillado\"><\/span>La t\u00e9cnica del cepillado<span class=\"ez-toc-section-end\"><\/span><\/h2>\n\n\n\n<p>No importa si eliges un cepillo de dientes el\u00e9ctrico o manual, ya que si no lo utilizas de la forma correcta, el cepillado no ser\u00e1 eficaz. Por lo tanto, <a href=\"https:\/\/nutrident.fr\/es\/cepillarse-correctamente-los-dientes\/\" target=\"_blank\" data-type=\"URL\" data-id=\"https:\/\/nutrident.fr\/es\/cepillarse-correctamente-los-dientes\/\" rel=\"noreferrer noopener\">una buena t\u00e9cnica<\/a> es esencial, y es especialmente importante si utilizas un cepillo de dientes manual.<\/p>\n\n\n\n<p>El cepillado con un <a href=\"https:\/\/nutrident.fr\/es\/cepillos-de-dientes-electricos\/\" target=\"_blank\" data-type=\"URL\" data-id=\"https:\/\/nutrident.fr\/es\/cepillos-de-dientes-electricos\/\" rel=\"noreferrer noopener\">modelo el\u00e9ctrico<\/a>, en cambio, no requiere ninguna t\u00e9cnica especial, ya que simplemente debes moverlo de diente en diente y \u00e9l har\u00e1 el resto del trabajo por ti. Incluso se ha demostrado en estudios cl\u00ednicos que el cepillo el\u00e9ctrico <strong>elimina m\u00e1s placa<\/strong> que el cepillado manual.<\/p>\n\n\n\n<p>Por lo tanto, te aconsejamos que elijas <strong>un cepillo el\u00e9ctrico si no dominas la t\u00e9cnica de cepillado<\/strong> o si tienes alguna afecci\u00f3n que te impida cepillarte correctamente (temblores, traumatismos, debilidad muscular, etc.). Sin embargo, es importante respetar el tiempo de cepillado, incluso con un cepillo el\u00e9ctrico, que es de al menos <strong>dos minutos<\/strong>. Por el contrario, si sigues la t\u00e9cnica adecuada, un cepillo de dientes manual ser\u00e1 m\u00e1s que adecuado.<\/p>\n\n\n\n<h2><span class=\"ez-toc-section\" id=\"Autonomia_del_cepillo_de_dientes\"><\/span>Autonom\u00eda del cepillo de dientes<span class=\"ez-toc-section-end\"><\/span><\/h2>\n\n\n\n<p>Aunque las bater\u00edas de los <a href=\"https:\/\/nutrident.fr\/es\/cepillos-electricos-oral-b\/\" target=\"_blank\" data-type=\"URL\" data-id=\"https:\/\/nutrident.fr\/es\/cepillos-electricos-oral-b\/\" rel=\"noreferrer noopener\">cepillos el\u00e9ctricos<\/a> son cada vez m\u00e1s duraderos, nunca alcanzar\u00e1n la <strong>autonom\u00eda de un cepillo manual<\/strong>, ya que nunca te dejar\u00e1n tirado en mitad del cepillado. Si usas un cepillo el\u00e9ctrico, te recomendamos que tengas siempre un cepillo manual como medida de precauci\u00f3n. Esto es para garantizar que nunca te saltes una sesi\u00f3n de cepillado por culpa de una bater\u00eda agotada.<\/p>\n\n\n\n<h2><span class=\"ez-toc-section\" id=\"El_precio_un_criterio_importante\"><\/span>El precio: un criterio importante<span class=\"ez-toc-section-end\"><\/span><\/h2>\n\n\n<div class=\"wp-block-image\">\n<figure class=\"alignright size-large is-resized\"><img src=\"https:\/\/nutrident.fr\/wp-content\/uploads\/2023\/04\/cepillo-de-dientes-electrico-o-manual-1024x682.jpg\" alt=\"\" class=\"wp-image-21000\" width=\"300\" height=\"200\" srcset=\"https:\/\/nutrident.fr\/wp-content\/uploads\/2023\/04\/cepillo-de-dientes-electrico-o-manual-1024x682.jpg 1024w, https:\/\/nutrident.fr\/wp-content\/uploads\/2023\/04\/cepillo-de-dientes-electrico-o-manual-300x200.jpg 300w, https:\/\/nutrident.fr\/wp-content\/uploads\/2023\/04\/cepillo-de-dientes-electrico-o-manual-768x512.jpg 768w, https:\/\/nutrident.fr\/wp-content\/uploads\/2023\/04\/cepillo-de-dientes-electrico-o-manual-1536x1024.jpg 1536w, https:\/\/nutrident.fr\/wp-content\/uploads\/2023\/04\/cepillo-de-dientes-electrico-o-manual-254x169.jpg 254w, https:\/\/nutrident.fr\/wp-content\/uploads\/2023\/04\/cepillo-de-dientes-electrico-o-manual-66x44.jpg 66w, https:\/\/nutrident.fr\/wp-content\/uploads\/2023\/04\/cepillo-de-dientes-electrico-o-manual-120x80.jpg 120w, https:\/\/nutrident.fr\/wp-content\/uploads\/2023\/04\/cepillo-de-dientes-electrico-o-manual.jpg 2000w\" sizes=\"(max-width: 300px) 100vw, 300px\" \/><figcaption>Los cepillos manuales son m\u00e1s baratos que los el\u00e9ctricos<\/figcaption><\/figure><\/div>\n\n\n<p>Un cepillo manual est\u00e1ndar de buena calidad cuesta <strong>entre 3 y 5 euros<\/strong>. Tomando en cuenta que debes reemplazarlo cada tres meses, utilizar\u00e1s cuatro cepillos de dientes al a\u00f1o, lo que equivale a 12-20 euros anuales.  <\/p>\n\n\n\n<p>Los precios de los cepillos de dientes el\u00e9ctricos var\u00edan mucho, <strong>desde 20 a 200 euros<\/strong>. A esto hay que a\u00f1adir el coste de los <a href=\"https:\/\/nutrident.fr\/es\/repuestos-cepillo-de-dientes-electrico\/\" data-type=\"URL\" data-id=\"https:\/\/nutrident.fr\/es\/repuestos-cepillo-de-dientes-electrico\/\" target=\"_blank\" rel=\"noreferrer noopener\">cabezales de repuesto<\/a>, que deben sustituirse, como en los modelos manuales, cuatro veces al a\u00f1o, con un coste de 10 euros por par de repuestos.<\/p>\n\n\n\n<p>Por no hablar del coste de las pilas, si eliges un modelo a pilas en lugar de uno recargable. Por tanto, el presupuesto anual para un cepillo de dientes el\u00e9ctrico es de 100 euros de media.<\/p>\n\n\n\n<p>Si tienes un <strong>presupuesto ajustado<\/strong>, es mejor que elijas un <strong>cepillo manual<\/strong> para no perder la eficacia del cepillado por no tener dinero para sustituir los cabezales o las pilas.<\/p>\n\n\n\n<h2><span class=\"ez-toc-section\" id=\"%C2%BFQue_es_mejor_un_cepillo_electrico_o_uno_manual\"><\/span>\u00bfQu\u00e9 es mejor, un cepillo el\u00e9ctrico o uno manual?<span class=\"ez-toc-section-end\"><\/span><\/h2>\n\n\n\n<p>Ambos tipos de cepillo pueden ser igual de eficaces, pero en el caso del manual se debe usar la t\u00e9cnica correcta para conseguir los mismos resultados que con uno el\u00e9ctrico. Por el contrario, <strong>un cepillo el\u00e9ctrico no requiere de una t\u00e9cnica precisa<\/strong>, ya que el movimiento oscilatorio y\/o pulsatorio del cabezal har\u00e1 la mayor\u00eda del trabajo. Es por ello que los cepillos el\u00e9ctricos recargables como <a href=\"https:\/\/nutrident.fr\/es\/oral-b-genius-x\/\" target=\"_blank\" data-type=\"URL\" data-id=\"https:\/\/nutrident.fr\/es\/oral-b-genius-x\/\" rel=\"noreferrer noopener\">este de Oral-B<\/a> son preferibles a los modelos desechables que funcionan a pilas, pues estos \u00faltimos no cuentan con cabezales rotatorios.<\/p>\n\n\n\n<h2><span class=\"ez-toc-section\" id=\"Preguntas_frecuentes\"><\/span>Preguntas frecuentes<span class=\"ez-toc-section-end\"><\/span><\/h2>\n\n\n<div id=\"rank-math-faq\" class=\"rank-math-block\">\n<div class=\"rank-math-list \">\n<div id=\"faq-question-1657869010672\" class=\"rank-math-list-item\">\n<h3 class=\"rank-math-question \">\u00bfQu\u00e9 ventajas tiene el cepillo de dientes el\u00e9ctrico?<\/h3>\n<div class=\"rank-math-answer \">\n\n<p>Las ventajas del cepillo el\u00e9ctrico son muchas. En concreto, esta herramienta elimina m\u00e1s placa que un cepillo de dientes manual y tambi\u00e9n puede ayudar a reducir la gingivitis. Sin embargo, algunos cepillos el\u00e9ctricos pueden ser demasiado abrasivos para las enc\u00edas.<\/p>\n\n<\/div>\n<\/div>\n<div id=\"faq-question-1657869019195\" class=\"rank-math-list-item\">\n<h3 class=\"rank-math-question \">\u00bfCu\u00e1l es el mejor cepillo de dientes manual?<\/h3>\n<div class=\"rank-math-answer \">\n\n<p>Los cepillos de dientes manuales como Colgate, Oral B o Signal White est\u00e1n entre los mejores del mercado.<\/p>\n\n<\/div>\n<\/div>\n<div id=\"faq-question-1657869034111\" class=\"rank-math-list-item\">\n<h3 class=\"rank-math-question \">\u00bfQu\u00e9 cepillo de dientes se recomienda contra el sarro?<\/h3>\n<div class=\"rank-math-answer \">\n\n<p>La comunidad cient\u00edfica considera que el cepillo el\u00e9ctrico es m\u00e1s eficaz para combatir la placa y el sarro.<\/p>\n\n<\/div>\n<\/div>\n<\/div>\n<\/div><div class=\"article-data before-content\"><div class=\"article-data__date\"><div class=\"article-data__date-modified\"><time class=\"published\" datetime=\"2022-09-14T21:05:00+00:00\">This article was originally published on&nbsp;<span class=\"2\">septiembre 14, 2022<\/span>&nbsp;and was most recently updated on&nbsp;<span>junio 13, 2023<\/span><\/time><br><\/div><\/div><\/div><div class=\"user-info\">    <div class=\"user-info__body\">\r\n      <div class=\"user-info__caption\"><span>Contributors:<\/span><\/div>\r\n\t\t\t        <div class=\"user-info__wrap \">\r\n          <div class=\"user-info__data\">\r\n            <div class=\"user-info__data__info\">\r\n              <div class=\"photo\">\r\n\t\t\t\t\t\t\t\t<img width=\"66\" height=\"61\" src=\"https:\/\/nutrident.fr\/wp-content\/uploads\/2023\/06\/unnamed-66x61.jpg\" class=\"attachment-profileImageAuthor size-profileImageAuthor wp-post-image\" alt=\"Dr Abel Jes\u00fas Pederzoli\" loading=\"lazy\" srcset=\"https:\/\/nutrident.fr\/wp-content\/uploads\/2023\/06\/unnamed-66x61.jpg 66w, https:\/\/nutrident.fr\/wp-content\/uploads\/2023\/06\/unnamed-300x279.jpg 300w, https:\/\/nutrident.fr\/wp-content\/uploads\/2023\/06\/unnamed-1024x952.jpg 1024w, https:\/\/nutrident.fr\/wp-content\/uploads\/2023\/06\/unnamed-768x714.jpg 768w, https:\/\/nutrident.fr\/wp-content\/uploads\/2023\/06\/unnamed-204x190.jpg 204w, https:\/\/nutrident.fr\/wp-content\/uploads\/2023\/06\/unnamed-120x112.jpg 120w, https:\/\/nutrident.fr\/wp-content\/uploads\/2023\/06\/unnamed.jpg 1125w\" sizes=\"(max-width: 66px) 100vw, 66px\" \/>              <\/div>\r\n              <a href=\"https:\/\/nutrident.fr\/es\/author\/dr-abel-jesus-pederzoli\/\" class=\"name\">Dr Abel Jes\u00fas Pederzoli<\/a>\r\n            <\/div>\r\n            <div class=\"user-info__data__social\">\r\n\t\t\t\t\t\t\t\t\t\t\t\t\t\t\t\t\t\t\t\t\t          <a href=\"https:\/\/clinicaleixample.es\/\"\r\n             class=\"soc-item website\">website<\/a>\r\n\t\t\t\t          <a href=\"http:\/\/linkedin.com\/in\/abel-jes%C3%BAs-pederzoli\"\r\n             class=\"soc-item linkedin\">linkedin<\/a>\r\n\t\t\t\t            <\/div>\r\n          <\/div>\r\n          <div class=\"user-info__description\">\r\n\t\t\t\t\t\t\t\t\t\t\t\t\t<p>Con t\u00edtulos obtenidos en la Facultad de Odontolog\u00eda de la Universidad Nacional de La Plata y una participaci\u00f3n activa en congresos y jornadas, el Dr. Pederzoli se mantiene actualizado en las \u00faltimas t\u00e9cnicas y avances en odontolog\u00eda. Actualmente se encuentra desarrollando un proyecto de consultor\u00eda tecnol\u00f3gica aplicada a cl\u00ednicas dentales.<\/p>\n\t\t\t\t\t\t          <\/div>\r\n        <\/div>\r\n\t\t\t\t    <\/div>\r\n\t<\/div><!--copyscapeskip--><div class=\"medical_references\"><div class=\"medical_references__heading\"><span>Fuentes M\u00e9dicas<\/span><\/div><div class=\"medical_references__list\"><p><strong><span class=\"ILfuVd\" lang=\"es\"><span class=\"hgKElc\">Revista del Ilustre Consejo General de Colegios de Odont\u00f3logos y Estomat\u00f3logos de Espa\u00f1a<\/span><\/span> (RCOE)<\/strong>. <a href=\"https:\/\/www.google.com\/url?sa=t&rct=j&q=&esrc=s&source=web&cd=&cad=rja&uact=8&ved=2ahUKEwj8w-XYjYX6AhXIhc4BHcN7BsYQFnoECAkQAQ&url=https%3A%2F%2Fwww.consejodentistas.es%2Fcomunicacion%2Factualidad-del-consejo%2Fpublicaciones-del-consejo%2Frevistas-del-consejo%2Frevista-rcoe%2Fitem%2Fdownload%2F1121_2c573f980b9a1e3b29aa124c3dbcf18b.html&usg=AOvVaw3QhUwPZr-QmMb9zKufNIuZ\" target=\"_blank\" rel=\"noopener\">Cepillos dentales oscilantes-rotacionales-puls\u00e1tiles: evidencia cient\u00edfica.<\/a> Consultado el 29 de abril de 2023.<\/p>\n<\/div><\/div><!--\/copyscapeskip-->","protected":false},"excerpt":{"rendered":"<p>Contributor:&nbsp; Dr Abel Jes\u00fas Pederzoli Updated:&nbsp;junio 13, 2023 Los fabricantes y dise\u00f1adores de cepillos de dientes siguen siendo cada vez m\u00e1s ingeniosos para ofrecernos modelos cada vez m\u00e1s sofisticados y eficaces. En los \u00faltimos a\u00f1os, los modelos el\u00e9ctricos se han incorporado a los estantes de los cepillos de dientes y los dentistas los recomiendan cada [&hellip;]<\/p>\n","protected":false},"author":14,"featured_media":14628,"parent":0,"menu_order":0,"comment_status":"closed","ping_status":"closed","template":"","meta":{"inline_featured_image":false},"acf":[],"_links":{"self":[{"href":"https:\/\/nutrident.fr\/es\/wp-json\/wp\/v2\/pages\/14683"}],"collection":[{"href":"https:\/\/nutrident.fr\/es\/wp-json\/wp\/v2\/pages"}],"about":[{"href":"https:\/\/nutrident.fr\/es\/wp-json\/wp\/v2\/types\/page"}],"author":[{"embeddable":true,"href":"https:\/\/nutrident.fr\/es\/wp-json\/wp\/v2\/users\/14"}],"replies":[{"embeddable":true,"href":"https:\/\/nutrident.fr\/es\/wp-json\/wp\/v2\/comments?post=14683"}],"version-history":[{"count":41,"href":"https:\/\/nutrident.fr\/es\/wp-json\/wp\/v2\/pages\/14683\/revisions"}],"predecessor-version":[{"id":22015,"href":"https:\/\/nutrident.fr\/es\/wp-json\/wp\/v2\/pages\/14683\/revisions\/22015"}],"wp:featuredmedia":[{"embeddable":true,"href":"https:\/\/nutrident.fr\/es\/wp-json\/wp\/v2\/media\/14628"}],"wp:attachment":[{"href":"https:\/\/nutrident.fr\/es\/wp-json\/wp\/v2\/media?parent=14683"}],"curies":[{"name":"wp","href":"https:\/\/api.w.org\/{rel}","templated":true}]}}