

{"id":14792,"date":"2022-10-27T16:43:14","date_gmt":"2022-10-27T16:43:14","guid":{"rendered":"https:\/\/nutrident.fr\/?page_id=14792"},"modified":"2023-06-13T11:11:07","modified_gmt":"2023-06-13T11:11:07","slug":"cepillos-de-dientes-inteligentes-para-ninos","status":"publish","type":"page","link":"https:\/\/nutrident.fr\/es\/cepillos-de-dientes-inteligentes-para-ninos\/","title":{"rendered":"Cepillo de dientes inteligente para ni\u00f1os: rese\u00f1a y opiniones"},"content":{"rendered":"<div class=\"meta\"><div class=\"meta__users\">    <div class=\"meta__users__reviewed\">\r\n      <p class=\"meta__users__caption\">Contributor:&nbsp;<\/p>\r\n      <div class=\"users\">\r\n        <span class=\"users__user\">\r\n          <a href=\"#\">Dr Abel Jes\u00fas Pederzoli<\/a>\r\n        <\/span>\r\n      <\/div>\r\n    <\/div>\r\n\t<\/div><div class=\"meta__date-modified\">Updated:&nbsp;<span>junio 13, 2023<\/span><\/div><\/div>\n<p>Nutrident est\u00e1 financiado por sus lectores. Cuando compras a trav\u00e9s de los enlaces de nuestro sitio, a veces ganamos comisiones de afiliaci\u00f3n que no suponen ning\u00fan cargo para ti. <a href=\"https:\/\/nutrident.fr\/es\/divulgacion-y-exencion-de-responsabilidad-de-amazon\/\" rel=\"noindex, nofollow\">Lee m\u00e1s.<\/a><\/p>\n\n\n<div class=\"wp-block-image\">\n<figure class=\"alignright size-large is-resized\"><img src=\"https:\/\/nutrident.fr\/wp-content\/uploads\/2023\/04\/cepillo-de-dientes-electrico-para-ninos-1024x682.jpg\" alt=\"cepillo de dientes electrico infantil\" class=\"wp-image-21027\" width=\"300\" height=\"200\" srcset=\"https:\/\/nutrident.fr\/wp-content\/uploads\/2023\/04\/cepillo-de-dientes-electrico-para-ninos-1024x682.jpg 1024w, https:\/\/nutrident.fr\/wp-content\/uploads\/2023\/04\/cepillo-de-dientes-electrico-para-ninos-300x200.jpg 300w, https:\/\/nutrident.fr\/wp-content\/uploads\/2023\/04\/cepillo-de-dientes-electrico-para-ninos-768x512.jpg 768w, https:\/\/nutrident.fr\/wp-content\/uploads\/2023\/04\/cepillo-de-dientes-electrico-para-ninos-1536x1024.jpg 1536w, https:\/\/nutrident.fr\/wp-content\/uploads\/2023\/04\/cepillo-de-dientes-electrico-para-ninos-254x169.jpg 254w, https:\/\/nutrident.fr\/wp-content\/uploads\/2023\/04\/cepillo-de-dientes-electrico-para-ninos-66x44.jpg 66w, https:\/\/nutrident.fr\/wp-content\/uploads\/2023\/04\/cepillo-de-dientes-electrico-para-ninos-120x80.jpg 120w, https:\/\/nutrident.fr\/wp-content\/uploads\/2023\/04\/cepillo-de-dientes-electrico-para-ninos.jpg 2000w\" sizes=\"(max-width: 300px) 100vw, 300px\" \/><\/figure><\/div>\n\n\n<p>Cepillarse los dientes es algo que debe aprenderse desde una edad muy temprana. Un ni\u00f1o debe conocer la t\u00e9cnica de cepillado adecuada, pero tambi\u00e9n dedicarle el tiempo necesario para una limpieza completa.<\/p>\n\n\n\n<p>Los fabricantes de cepillos de dientes han pensado en los padres al desarrollar modelos inteligentes para ni\u00f1os que hacen que el cepillado sea divertido, adem\u00e1s de ofrecer <strong>tutoriales para mejorar su t\u00e9cnica <\/strong>y un sistema de puntos de recompensa.<\/p>\n\n\n\n<p>En este art\u00edculo, te explicamos c\u00f3mo funciona un cepillo de dientes inteligente para ni\u00f1os y rese\u00f1amos el mejor modelo del mercado para los peque\u00f1os de la casa.<\/p>\n\n\n\n<div id=\"ez-toc-container\" class=\"ez-toc-v2_0_33_2 counter-hierarchy ez-toc-counter ez-toc-white ez-toc-container-direction\">\n<div class=\"ez-toc-title-container\">\n<p class=\"ez-toc-title\">Contenus<\/p>\n<span class=\"ez-toc-title-toggle\"><a href=\"#\" class=\"ez-toc-pull-right ez-toc-btn ez-toc-btn-xs ez-toc-btn-default ez-toc-toggle\" style=\"display: none;\"><label for=\"item\" aria-label=\"Tabla de contenidos\"><i class=\"ez-toc-glyphicon ez-toc-icon-toggle\"><\/i><\/label><input type=\"checkbox\" id=\"item\"><\/a><\/span><\/div>\n<nav><ul class='ez-toc-list ez-toc-list-level-1'><li class='ez-toc-page-1 ez-toc-heading-level-2'><a class=\"ez-toc-link ez-toc-heading-1\" href=\"https:\/\/nutrident.fr\/es\/cepillos-de-dientes-inteligentes-para-ninos\/#El_mejor_cepillo_de_dientes_inteligente_para_ninos\" title=\"El mejor cepillo de dientes inteligente para ni\u00f1os\">El mejor cepillo de dientes inteligente para ni\u00f1os<\/a><\/li><li class='ez-toc-page-1 ez-toc-heading-level-2'><a class=\"ez-toc-link ez-toc-heading-2\" href=\"https:\/\/nutrident.fr\/es\/cepillos-de-dientes-inteligentes-para-ninos\/#Cepillarse_los_dientes_desde_pequeno\" title=\"Cepillarse los dientes desde peque\u00f1o\">Cepillarse los dientes desde peque\u00f1o<\/a><\/li><li class='ez-toc-page-1 ez-toc-heading-level-2'><a class=\"ez-toc-link ez-toc-heading-3\" href=\"https:\/\/nutrident.fr\/es\/cepillos-de-dientes-inteligentes-para-ninos\/#%C2%BFPor_que_utilizar_un_cepillo_de_dientes_electrico_para_ninos\" title=\"\u00bfPor qu\u00e9 utilizar un cepillo de dientes el\u00e9ctrico para ni\u00f1os?\">\u00bfPor qu\u00e9 utilizar un cepillo de dientes el\u00e9ctrico para ni\u00f1os?<\/a><\/li><li class='ez-toc-page-1 ez-toc-heading-level-2'><a class=\"ez-toc-link ez-toc-heading-4\" href=\"https:\/\/nutrident.fr\/es\/cepillos-de-dientes-inteligentes-para-ninos\/#%C2%BFPor_que_utilizar_un_cepillo_de_dientes_inteligente_para_ninos\" title=\"\u00bfPor qu\u00e9 utilizar un cepillo de dientes inteligente para ni\u00f1os?\">\u00bfPor qu\u00e9 utilizar un cepillo de dientes inteligente para ni\u00f1os?<\/a><\/li><\/ul><\/nav><\/div>\n<h2><span class=\"ez-toc-section\" id=\"El_mejor_cepillo_de_dientes_inteligente_para_ninos\"><\/span>El mejor cepillo de dientes inteligente para ni\u00f1os<span class=\"ez-toc-section-end\"><\/span><\/h2>\n\n\n\n<h3>Philips Sonicare for Kids HX6321<\/h3>\n\n\n\n<div class=\"aawp\">\n\n    <div id=\"aawp-tb-3893\">\n\n        <!-- Desktop -->\n        <div class=\"aawp-tb aawp-tb--desktop aawp-tb--cols-2 aawp-tb--hide-labels\">\n\n            \n                \n                <div class=\"aawp-tb__row\">\n\n                    <div class=\"aawp-tb__head\">\n                                            <\/div>\n\n                    \n                        \n                        \n                            <div class=\"aawp-tb-product-0 aawp-tb__data aawp-tb__data--type-title aawp-tb__data--highlight\">\n                                                                <div class=\"aawp-tb-product-data-title\"><a data-aawp-product-id=\"B01AXLWDPU\" data-aawp-product-title=\"Philips Sonicare for Kids Brosse \u00e0 Dents \u00e9lectrique Bluetooth\u00ae int\u00e9gr\u00e9\" data-aawp-click-tracking=\"title\" class=\"aawp-field-link\" href=\"https:\/\/www.amazon.fr\/dp\/B01AXLWDPU?tag=nutrident-21&linkCode=ogi&th=1&psc=1\" title=\"Philips Sonicare for Kids Brosse \u00e0 Dents \u00e9lectrique, Bluetooth\u00ae int\u00e9gr\u00e9\" target=\"_blank\" rel=\"nofollow noopener sponsored\">Philips Sonicare for Kids Brosse \u00e0 Dents \u00e9lectrique, Bluetooth\u00ae int\u00e9gr\u00e9<\/a><\/div>                            <\/div>\n\n                        \n                    \n                <\/div>\n\n            \n                \n                <div class=\"aawp-tb__row\">\n\n                    <div class=\"aawp-tb__head\">\n                                            <\/div>\n\n                    \n                        \n                        \n                            <div class=\"aawp-tb-product-0 aawp-tb__data aawp-tb__data--type-thumb aawp-tb__data--highlight\">\n                                                                <div class=\"aawp-tb-product-data-thumb\"><a href=\"https:\/\/www.amazon.fr\/dp\/B01AXLWDPU?tag=nutrident-21&#038;linkCode=ogi&#038;th=1&#038;psc=1\" title=\"Philips Sonicare for Kids Brosse \u00e0 Dents \u00e9lectrique, Bluetooth\u00ae int\u00e9gr\u00e9\" target=\"_blank\" rel=\"nofollow noopener sponsored\" data-aawp-product-id=\"B01AXLWDPU\" data-aawp-product-title=\"Philips Sonicare for Kids Brosse \u00e0 Dents \u00e9lectrique, Bluetooth\u00ae int\u00e9gr\u00e9\" data-aawp-click-tracking=\"title\" data-aawp-product-><span class=\"aawp-tb-thumb\"><img src=\"https:\/\/m.media-amazon.com\/images\/I\/212H+FlzjOS._SL160_.jpg\" alt=\"Philips Sonicare for Kids Brosse \u00e0 Dents \u00e9lectrique, Bluetooth\u00ae int\u00e9gr\u00e9\" \/><\/span><\/a><\/div>                            <\/div>\n\n                        \n                    \n                <\/div>\n\n            \n                \n                <div class=\"aawp-tb__row\">\n\n                    <div class=\"aawp-tb__head\">\n                                            <\/div>\n\n                    \n                        \n                        \n                            <div class=\"aawp-tb-product-0 aawp-tb__data aawp-tb__data--type-button aawp-tb__data--highlight\">\n                                                                <div class=\"aawp-tb-product-data-button\"><a data-aawp-product-id=\"B01AXLWDPU\" data-aawp-product-title=\"Philips Sonicare for Kids Brosse \u00e0 Dents \u00e9lectrique Bluetooth\u00ae int\u00e9gr\u00e9\" data-aawp-click-tracking=\"title\" class=\"aawp-button aawp-button--buy aawp-button aawp-button--amazon aawp-button--icon aawp-button--icon-black\" href=\"https:\/\/www.amazon.fr\/dp\/B01AXLWDPU?tag=nutrident-21&#038;linkCode=ogi&#038;th=1&#038;psc=1\" title=\"Voir Les Meilleurs Prix Du Moment\" target=\"_blank\" rel=\"nofollow noopener sponsored\">Voir Les Meilleurs Prix Du Moment<\/a><\/div>                            <\/div>\n\n                        \n                    \n                <\/div>\n\n                    <\/div>\n\n        <!-- Mobile -->\n        <div class=\"aawp-tb aawp-tb--mobile aawp-tb--hide-labels\">\n\n            \n                <div class=\"aawp-tb__product aawp-tb-product-0 aawp-tb__product--highlight\">\n\n                    \n                    \n                        \n                        <div class=\"aawp-tb__row\">\n\n                            <div class=\"aawp-tb__head\">\n                                                            <\/div>\n\n                            \n                                <div class=\"aawp-tb__data aawp-tb__data--type-title\">\n                                    <div class=\"aawp-tb-product-data-title\"><a data-aawp-product-id=\"B01AXLWDPU\" data-aawp-product-title=\"Philips Sonicare for Kids Brosse \u00e0 Dents \u00e9lectrique Bluetooth\u00ae int\u00e9gr\u00e9\" data-aawp-click-tracking=\"title\" class=\"aawp-field-link\" href=\"https:\/\/www.amazon.fr\/dp\/B01AXLWDPU?tag=nutrident-21&linkCode=ogi&th=1&psc=1\" title=\"Philips Sonicare for Kids Brosse \u00e0 Dents \u00e9lectrique, Bluetooth\u00ae int\u00e9gr\u00e9\" target=\"_blank\" rel=\"nofollow noopener sponsored\">Philips Sonicare for Kids Brosse \u00e0 Dents \u00e9lectrique, Bluetooth\u00ae int\u00e9gr\u00e9<\/a><\/div>                                <\/div>\n\n                            \n                        <\/div>\n\n                    \n                        \n                        <div class=\"aawp-tb__row\">\n\n                            <div class=\"aawp-tb__head\">\n                                                            <\/div>\n\n                            \n                                <div class=\"aawp-tb__data aawp-tb__data--type-thumb\">\n                                    <div class=\"aawp-tb-product-data-thumb\"><a href=\"https:\/\/www.amazon.fr\/dp\/B01AXLWDPU?tag=nutrident-21&#038;linkCode=ogi&#038;th=1&#038;psc=1\" title=\"Philips Sonicare for Kids Brosse \u00e0 Dents \u00e9lectrique, Bluetooth\u00ae int\u00e9gr\u00e9\" target=\"_blank\" rel=\"nofollow noopener sponsored\" data-aawp-product-id=\"B01AXLWDPU\" data-aawp-product-title=\"Philips Sonicare for Kids Brosse \u00e0 Dents \u00e9lectrique, Bluetooth\u00ae int\u00e9gr\u00e9\" data-aawp-click-tracking=\"title\" data-aawp-product-><span class=\"aawp-tb-thumb\"><img src=\"https:\/\/m.media-amazon.com\/images\/I\/212H+FlzjOS._SL160_.jpg\" alt=\"Philips Sonicare for Kids Brosse \u00e0 Dents \u00e9lectrique, Bluetooth\u00ae int\u00e9gr\u00e9\" \/><\/span><\/a><\/div>                                <\/div>\n\n                            \n                        <\/div>\n\n                    \n                        \n                        <div class=\"aawp-tb__row\">\n\n                            <div class=\"aawp-tb__head\">\n                                                            <\/div>\n\n                            \n                                <div class=\"aawp-tb__data aawp-tb__data--type-button\">\n                                    <div class=\"aawp-tb-product-data-button\"><a data-aawp-product-id=\"B01AXLWDPU\" data-aawp-product-title=\"Philips Sonicare for Kids Brosse \u00e0 Dents \u00e9lectrique Bluetooth\u00ae int\u00e9gr\u00e9\" data-aawp-click-tracking=\"title\" class=\"aawp-button aawp-button--buy aawp-button aawp-button--amazon aawp-button--icon aawp-button--icon-black\" href=\"https:\/\/www.amazon.fr\/dp\/B01AXLWDPU?tag=nutrident-21&#038;linkCode=ogi&#038;th=1&#038;psc=1\" title=\"Voir Les Meilleurs Prix Du Moment\" target=\"_blank\" rel=\"nofollow noopener sponsored\">Voir Les Meilleurs Prix Du Moment<\/a><\/div>                                <\/div>\n\n                            \n                        <\/div>\n\n                    \n                <\/div>\n\n            \n        <\/div>\n\n    <\/div>\n\n<\/div>\n\n\n\n\n\n<p>Philips es el l\u00edder en cepillos dentales el\u00e9ctricos s\u00f3nicos. Esto significa que el cabezal del cepillo es ovalado o rectangular, como un cepillo convencional, pero produce vibraciones que mueven las cerdas de lado a lado para imitar el movimiento del cepillado manual.<\/p>\n\n\n\n<p>El cepillo de dientes inteligente para ni\u00f1os Sonicare for Kids se puede personalizar con ocho pegatinas diferentes. Ofrece <strong>dos modos de cepillado<\/strong>: uno extra suave para ni\u00f1os a partir de los tres a\u00f1os y un modo suave para ni\u00f1os mayores de siete a\u00f1os. Esto ayuda a proteger las enc\u00edas en cada etapa de su desarrollo.<\/p>\n\n\n<div class=\"wp-block-image\">\n<figure class=\"alignright size-large is-resized\"><img src=\"https:\/\/nutrident.fr\/wp-content\/uploads\/2023\/05\/cepillo-de-dientes-inteligente-para-ninos-1024x683.jpg\" alt=\"\" class=\"wp-image-21123\" width=\"300\" height=\"200\" srcset=\"https:\/\/nutrident.fr\/wp-content\/uploads\/2023\/05\/cepillo-de-dientes-inteligente-para-ninos-1024x683.jpg 1024w, https:\/\/nutrident.fr\/wp-content\/uploads\/2023\/05\/cepillo-de-dientes-inteligente-para-ninos-300x200.jpg 300w, https:\/\/nutrident.fr\/wp-content\/uploads\/2023\/05\/cepillo-de-dientes-inteligente-para-ninos-768x512.jpg 768w, https:\/\/nutrident.fr\/wp-content\/uploads\/2023\/05\/cepillo-de-dientes-inteligente-para-ninos-254x169.jpg 254w, https:\/\/nutrident.fr\/wp-content\/uploads\/2023\/05\/cepillo-de-dientes-inteligente-para-ninos-66x44.jpg 66w, https:\/\/nutrident.fr\/wp-content\/uploads\/2023\/05\/cepillo-de-dientes-inteligente-para-ninos-120x80.jpg 120w, https:\/\/nutrident.fr\/wp-content\/uploads\/2023\/05\/cepillo-de-dientes-inteligente-para-ninos.jpg 1348w\" sizes=\"(max-width: 300px) 100vw, 300px\" \/><\/figure><\/div>\n\n\n<p>La aplicaci\u00f3n utiliza un peque\u00f1o personaje llamado Sparkly para <strong>guiar a tu hijo en su sesi\u00f3n de limpieza<\/strong>. Una vez que se pulsa el bot\u00f3n del mango en \u00abon\u00bb, se inicia el cepillado. Tu hijo puede seguir el progreso de su cepillado en tiempo real en su tel\u00e9fono m\u00f3vil o tableta y, al finalizar, se elabora un informe y el ni\u00f1o recibe puntos de recompensa por cada sesi\u00f3n satisfactoria. Puedes comprobar el historial para asegurarte de que todo ha ido bien.<\/p>\n\n\n\n<p>El <strong>temporizador de dos minutos<\/strong> permite emplear treinta segundos en cada zona de la boca y la bater\u00eda ofrece una duraci\u00f3n de hasta tres semanas. El Philips Sonicare for Kids cuenta con una garant\u00eda de dos a\u00f1os.<\/p>\n\n\n\n<p>Este es probablemente el mejor cepillo de dientes el\u00e9ctrico para ni\u00f1os del mercado, gracias en parte a su aplicaci\u00f3n m\u00f3vil, ya que <strong>fomenta los buenos h\u00e1bitos orales<\/strong> y permite al peque\u00f1o divertirse mientras aprende a cepillarse bien los dientes.<\/p>\n\n\n\n<h2><span class=\"ez-toc-section\" id=\"Cepillarse_los_dientes_desde_pequeno\"><\/span>Cepillarse los dientes desde peque\u00f1o<span class=\"ez-toc-section-end\"><\/span><\/h2>\n\n\n\n<p>Es importante que tu hijo adquiera el h\u00e1bito de cepillarse los dientes despu\u00e9s de cada comida, o al menos por la ma\u00f1ana y por la noche. Contrariamente a lo que algunos piensan, el <a href=\"https:\/\/nutrident.fr\/es\/dientes-de-leche\/\" target=\"_blank\" data-type=\"URL\" data-id=\"https:\/\/nutrident.fr\/es\/dientes-de-leche\/\" rel=\"noreferrer noopener\">cuidado de los dientes de leche<\/a> es esencial por dos razones.<\/p>\n\n\n\n<p>Los dientes de leche est\u00e1n hechos para durar varios a\u00f1os. No son inmunes al ataque de las bacterias, que pueden provocar infecciones y caries. Estas infecciones pueden extenderse a otros dientes, agredir las enc\u00edas e incluso <strong>da\u00f1ar los dientes permanentes<\/strong> que a\u00fan no han erupcionado. El dolor que provocan estas infecciones y las desagradables visitas al dentista no deben pasarse por alto.<\/p>\n\n\n\n<p>Si tu hijo se acostumbra a <a href=\"https:\/\/nutrident.fr\/es\/como-lavarse-los-dientes\/\" target=\"_blank\" data-type=\"URL\" data-id=\"https:\/\/nutrident.fr\/es\/como-lavarse-los-dientes\/\" rel=\"noreferrer noopener\">cepillarse los dientes<\/a> desde una edad temprana, ser\u00e1 m\u00e1s f\u00e1cil para \u00e9l <strong>seguir una rutina adecuada de higiene oral<\/strong> durante el resto de su vida. Aprender\u00e1 a apreciar la sensaci\u00f3n de tener unos dientes limpios y un aliento fresco. Si inculcas este h\u00e1bito en la primera infancia, el cepillado se convertir\u00e1 en algo autom\u00e1tico y el peque\u00f1o se volver\u00e1 aut\u00f3nomo r\u00e1pidamente, lo que te permitir\u00e1 evitar la supervisi\u00f3n constante durante a\u00f1os.<\/p>\n\n\n\n<h2><span class=\"ez-toc-section\" id=\"%C2%BFPor_que_utilizar_un_cepillo_de_dientes_electrico_para_ninos\"><\/span>\u00bfPor qu\u00e9 utilizar un cepillo de dientes el\u00e9ctrico para ni\u00f1os?<span class=\"ez-toc-section-end\"><\/span><\/h2>\n\n\n<div class=\"wp-block-image\">\n<figure class=\"alignright size-large is-resized\"><img src=\"https:\/\/nutrident.fr\/wp-content\/uploads\/2023\/05\/cepillo-inteligente-infantil-1024x682.jpg\" alt=\"\" class=\"wp-image-21126\" width=\"300\" height=\"200\" srcset=\"https:\/\/nutrident.fr\/wp-content\/uploads\/2023\/05\/cepillo-inteligente-infantil-1024x682.jpg 1024w, https:\/\/nutrident.fr\/wp-content\/uploads\/2023\/05\/cepillo-inteligente-infantil-300x200.jpg 300w, https:\/\/nutrident.fr\/wp-content\/uploads\/2023\/05\/cepillo-inteligente-infantil-768x512.jpg 768w, https:\/\/nutrident.fr\/wp-content\/uploads\/2023\/05\/cepillo-inteligente-infantil-1536x1024.jpg 1536w, https:\/\/nutrident.fr\/wp-content\/uploads\/2023\/05\/cepillo-inteligente-infantil-254x169.jpg 254w, https:\/\/nutrident.fr\/wp-content\/uploads\/2023\/05\/cepillo-inteligente-infantil-66x44.jpg 66w, https:\/\/nutrident.fr\/wp-content\/uploads\/2023\/05\/cepillo-inteligente-infantil-120x80.jpg 120w, https:\/\/nutrident.fr\/wp-content\/uploads\/2023\/05\/cepillo-inteligente-infantil.jpg 2000w\" sizes=\"(max-width: 300px) 100vw, 300px\" \/><\/figure><\/div>\n\n\n<p>El <a href=\"https:\/\/nutrident.fr\/es\/cepillos-de-dientes-electricos\/\" data-type=\"URL\" data-id=\"https:\/\/nutrident.fr\/es\/cepillos-de-dientes-electricos\/\" target=\"_blank\" rel=\"noreferrer noopener\">cepillo el\u00e9ctrico<\/a> es mucho <strong>m\u00e1s eficaz para eliminar la placa<\/strong> que el <a href=\"https:\/\/nutrident.fr\/es\/cepillo-de-dientes-electrico-o-manual\/\" data-type=\"URL\" data-id=\"https:\/\/nutrident.fr\/es\/cepillo-de-dientes-electrico-o-manual\/\" target=\"_blank\" rel=\"noreferrer noopener\">cepillado manual<\/a>, ya que puede llegar a todos los rincones de la boca sin reducir el ritmo. Adem\u00e1s, un ni\u00f1o puede cansarse r\u00e1pidamente si no tiene la fuerza necesaria para aplicar la t\u00e9cnica correcta durante dos minutos.<\/p>\n\n\n\n<p>Los movimientos de un <a href=\"https:\/\/nutrident.fr\/es\/cepillo-de-dientes-electrico-para-ninos\/\" data-type=\"URL\" data-id=\"https:\/\/nutrident.fr\/es\/cepillo-de-dientes-electrico-para-ninos\/\" target=\"_blank\" rel=\"noreferrer noopener\">cepillo el\u00e9ctrico infantil<\/a> son <strong>m\u00e1s r\u00e1pidos y eficaces<\/strong> para eliminar todas las impurezas y el temporizador permite controlar el tiempo necesario y dedicar la misma cantidad de tiempo a cada zona de la boca.<\/p>\n\n\n\n<h2><span class=\"ez-toc-section\" id=\"%C2%BFPor_que_utilizar_un_cepillo_de_dientes_inteligente_para_ninos\"><\/span>\u00bfPor qu\u00e9 utilizar un cepillo de dientes inteligente para ni\u00f1os?<span class=\"ez-toc-section-end\"><\/span><\/h2>\n\n\n\n<p>Con la popularizaci\u00f3n de los tel\u00e9fonos inteligentes, los objetos que se pueden conectar a ellos se han multiplicado, y esto incluye los cepillos de dientes. Solo tienes que descargar una <strong>aplicaci\u00f3n en tu smartphone<\/strong>, vincularlo con tu <a href=\"https:\/\/nutrident.fr\/es\/cepillo-de-dientes-inteligente\/\" target=\"_blank\" data-type=\"URL\" data-id=\"https:\/\/nutrident.fr\/es\/cepillo-de-dientes-inteligente\/\" rel=\"noreferrer noopener\">cepillo inteligente<\/a> la primera vez que lo utilices y luego la conexi\u00f3n se realizar\u00e1 autom\u00e1ticamente mientras la funci\u00f3n Bluetooth en tu tel\u00e9fono permanezca activa.<\/p>\n\n\n\n<p>Los sensores del cepillo transmiten su recorrido en tiempo real, teniendo en cuenta las zonas tratadas, las zonas que se han pasado por alto, el tiempo empleado y la presi\u00f3n ejercida.<\/p>\n\n\n\n<p>Los fabricantes de cepillos inteligentes han adaptado estas aplicaciones para los ni\u00f1os. En lugar de un aburrido informe num\u00e9rico que no siempre es comprensible para los m\u00e1s peque\u00f1os, han creado <strong>animaciones que hacen que el cepillado sea divertido<\/strong>. El aspecto l\u00fadico prevalece, pero siempre hay un trasfondo pedag\u00f3gico que ayuda a tu hijo a desarrollar buenos h\u00e1bitos.<\/p>\n\n\n\n<p>Los cabezales de los cepillos de dientes inteligentes est\u00e1n <strong>dise\u00f1ados para adaptarse a la boca de los ni\u00f1os<\/strong>. Adem\u00e1s, el mango tiene el tama\u00f1o adecuado para que sus peque\u00f1as manos puedan sujetarlo correctamente. La guinda del pastel son sus dise\u00f1os coloridos, con divertidos dibujos para que el ni\u00f1o lo perciba como un juguete, aunque no lo sea.<\/p>\n<div class=\"article-data before-content\"><div class=\"article-data__date\"><div class=\"article-data__date-modified\"><time class=\"published\" datetime=\"2022-10-27T16:43:14+00:00\">This article was originally published on&nbsp;<span class=\"2\">octubre 27, 2022<\/span>&nbsp;and was most recently updated on&nbsp;<span>junio 13, 2023<\/span><\/time><br><\/div><\/div><\/div><div class=\"user-info\">    <div class=\"user-info__body\">\r\n      <div class=\"user-info__caption\"><span>Contributors:<\/span><\/div>\r\n\t\t\t        <div class=\"user-info__wrap \">\r\n          <div class=\"user-info__data\">\r\n            <div class=\"user-info__data__info\">\r\n              <div class=\"photo\">\r\n\t\t\t\t\t\t\t\t<img width=\"66\" height=\"61\" src=\"https:\/\/nutrident.fr\/wp-content\/uploads\/2023\/06\/unnamed-66x61.jpg\" class=\"attachment-profileImageAuthor size-profileImageAuthor wp-post-image\" alt=\"Dr Abel Jes\u00fas Pederzoli\" loading=\"lazy\" srcset=\"https:\/\/nutrident.fr\/wp-content\/uploads\/2023\/06\/unnamed-66x61.jpg 66w, https:\/\/nutrident.fr\/wp-content\/uploads\/2023\/06\/unnamed-300x279.jpg 300w, https:\/\/nutrident.fr\/wp-content\/uploads\/2023\/06\/unnamed-1024x952.jpg 1024w, https:\/\/nutrident.fr\/wp-content\/uploads\/2023\/06\/unnamed-768x714.jpg 768w, https:\/\/nutrident.fr\/wp-content\/uploads\/2023\/06\/unnamed-204x190.jpg 204w, https:\/\/nutrident.fr\/wp-content\/uploads\/2023\/06\/unnamed-120x112.jpg 120w, https:\/\/nutrident.fr\/wp-content\/uploads\/2023\/06\/unnamed.jpg 1125w\" sizes=\"(max-width: 66px) 100vw, 66px\" \/>              <\/div>\r\n              <a href=\"https:\/\/nutrident.fr\/es\/author\/dr-abel-jesus-pederzoli\/\" class=\"name\">Dr Abel Jes\u00fas Pederzoli<\/a>\r\n            <\/div>\r\n            <div class=\"user-info__data__social\">\r\n\t\t\t\t\t\t\t\t\t\t\t\t\t\t\t\t\t\t\t\t\t          <a href=\"https:\/\/clinicaleixample.es\/\"\r\n             class=\"soc-item website\">website<\/a>\r\n\t\t\t\t          <a href=\"http:\/\/linkedin.com\/in\/abel-jes%C3%BAs-pederzoli\"\r\n             class=\"soc-item linkedin\">linkedin<\/a>\r\n\t\t\t\t            <\/div>\r\n          <\/div>\r\n          <div class=\"user-info__description\">\r\n\t\t\t\t\t\t\t\t\t\t\t\t\t<p>Con t\u00edtulos obtenidos en la Facultad de Odontolog\u00eda de la Universidad Nacional de La Plata y una participaci\u00f3n activa en congresos y jornadas, el Dr. Pederzoli se mantiene actualizado en las \u00faltimas t\u00e9cnicas y avances en odontolog\u00eda. Actualmente se encuentra desarrollando un proyecto de consultor\u00eda tecnol\u00f3gica aplicada a cl\u00ednicas dentales.<\/p>\n\t\t\t\t\t\t          <\/div>\r\n        <\/div>\r\n\t\t\t\t    <\/div>\r\n\t<\/div>","protected":false},"excerpt":{"rendered":"<p>Contributor:&nbsp; Dr Abel Jes\u00fas Pederzoli Updated:&nbsp;junio 13, 2023 Nutrident est\u00e1 financiado por sus lectores. Cuando compras a trav\u00e9s de los enlaces de nuestro sitio, a veces ganamos comisiones de afiliaci\u00f3n que no suponen ning\u00fan cargo para ti. Lee m\u00e1s. Cepillarse los dientes es algo que debe aprenderse desde una edad muy temprana. Un ni\u00f1o debe [&hellip;]<\/p>\n","protected":false},"author":10,"featured_media":21126,"parent":0,"menu_order":0,"comment_status":"open","ping_status":"open","template":"","meta":{"inline_featured_image":false},"acf":[],"_links":{"self":[{"href":"https:\/\/nutrident.fr\/es\/wp-json\/wp\/v2\/pages\/14792"}],"collection":[{"href":"https:\/\/nutrident.fr\/es\/wp-json\/wp\/v2\/pages"}],"about":[{"href":"https:\/\/nutrident.fr\/es\/wp-json\/wp\/v2\/types\/page"}],"author":[{"embeddable":true,"href":"https:\/\/nutrident.fr\/es\/wp-json\/wp\/v2\/users\/10"}],"replies":[{"embeddable":true,"href":"https:\/\/nutrident.fr\/es\/wp-json\/wp\/v2\/comments?post=14792"}],"version-history":[{"count":15,"href":"https:\/\/nutrident.fr\/es\/wp-json\/wp\/v2\/pages\/14792\/revisions"}],"predecessor-version":[{"id":22035,"href":"https:\/\/nutrident.fr\/es\/wp-json\/wp\/v2\/pages\/14792\/revisions\/22035"}],"wp:featuredmedia":[{"embeddable":true,"href":"https:\/\/nutrident.fr\/es\/wp-json\/wp\/v2\/media\/21126"}],"wp:attachment":[{"href":"https:\/\/nutrident.fr\/es\/wp-json\/wp\/v2\/media?parent=14792"}],"curies":[{"name":"wp","href":"https:\/\/api.w.org\/{rel}","templated":true}]}}