

{"id":14975,"date":"2022-09-15T12:31:00","date_gmt":"2022-09-15T12:31:00","guid":{"rendered":"https:\/\/nutrident.fr\/?page_id=14975"},"modified":"2023-06-13T10:42:31","modified_gmt":"2023-06-13T10:42:31","slug":"tartrectomia","status":"publish","type":"page","link":"https:\/\/nutrident.fr\/es\/tartrectomia\/","title":{"rendered":"\u00bfPor qu\u00e9 es tan importante la tartrectom\u00eda?"},"content":{"rendered":"<div class=\"meta\"><div class=\"meta__users\">    <div class=\"meta__users__reviewed\">\r\n      <p class=\"meta__users__caption\">Contributor:&nbsp;<\/p>\r\n      <div class=\"users\">\r\n        <span class=\"users__user\">\r\n          <a href=\"#\">Dr Abel Jes\u00fas Pederzoli<\/a>\r\n        <\/span>\r\n      <\/div>\r\n    <\/div>\r\n\t<\/div><div class=\"meta__date-modified\">Updated:&nbsp;<span>junio 13, 2023<\/span><\/div><\/div><div class=\"wp-block-image\">\n<figure class=\"alignright size-large is-resized\"><img src=\"https:\/\/nutrident.fr\/wp-content\/uploads\/2023\/02\/sarro-dental-detrartaje-1024x673.jpg\" alt=\"tartrectomia\" class=\"wp-image-20175\" width=\"300\" height=\"200\"\/><figcaption>Sarro, placa dental y gingivitis<\/figcaption><\/figure><\/div>\n\n\n<p>La tartrectom\u00eda, tambi\u00e9n conocida como raspado del sarro o detrartaje, es un procedimiento odontol\u00f3gico crucial para mantener una buena salud dental. La acumulaci\u00f3n de sarro en los dientes puede causar caries, inflamaci\u00f3n de las enc\u00edas e incluso la p\u00e9rdida de los dientes. La tartrectom\u00eda sirve para prevenir todos estos problemas. <\/p>\n\n\n\n<p>En esta gu\u00eda, Nutrident te explica la importancia de este procedimiento para el cuidado adecuado de tus dientes. Si deseas mantener una sonrisa saludable y prevenir problemas dentales, sigue leyendo para obtener m\u00e1s informaci\u00f3n sobre la tartrectom\u00eda.<\/p>\n\n\n\n<div id=\"ez-toc-container\" class=\"ez-toc-v2_0_33_2 counter-hierarchy ez-toc-counter ez-toc-white ez-toc-container-direction\">\n<div class=\"ez-toc-title-container\">\n<p class=\"ez-toc-title\">Contenus<\/p>\n<span class=\"ez-toc-title-toggle\"><a href=\"#\" class=\"ez-toc-pull-right ez-toc-btn ez-toc-btn-xs ez-toc-btn-default ez-toc-toggle\" style=\"display: none;\"><label for=\"item\" aria-label=\"Tabla de contenidos\"><i class=\"ez-toc-glyphicon ez-toc-icon-toggle\"><\/i><\/label><input type=\"checkbox\" id=\"item\"><\/a><\/span><\/div>\n<nav><ul class='ez-toc-list ez-toc-list-level-1'><li class='ez-toc-page-1 ez-toc-heading-level-2'><a class=\"ez-toc-link ez-toc-heading-1\" href=\"https:\/\/nutrident.fr\/es\/tartrectomia\/#%C2%BFQue_es_la_tartrectomia\" title=\"\u00bfQu\u00e9 es la tartrectom\u00eda?\">\u00bfQu\u00e9 es la tartrectom\u00eda?<\/a><\/li><li class='ez-toc-page-1 ez-toc-heading-level-2'><a class=\"ez-toc-link ez-toc-heading-2\" href=\"https:\/\/nutrident.fr\/es\/tartrectomia\/#%C2%BFCon_que_frecuencia_debo_hacerme_una_tartrectomia\" title=\"\u00bfCon qu\u00e9 frecuencia debo hacerme una tartrectom\u00eda?\">\u00bfCon qu\u00e9 frecuencia debo hacerme una tartrectom\u00eda?<\/a><\/li><li class='ez-toc-page-1 ez-toc-heading-level-2'><a class=\"ez-toc-link ez-toc-heading-3\" href=\"https:\/\/nutrident.fr\/es\/tartrectomia\/#%C2%BFPor_que_se_produce_el_sarro\" title=\"\u00bfPor qu\u00e9 se produce el sarro?\">\u00bfPor qu\u00e9 se produce el sarro?<\/a><\/li><li class='ez-toc-page-1 ez-toc-heading-level-2'><a class=\"ez-toc-link ez-toc-heading-4\" href=\"https:\/\/nutrident.fr\/es\/tartrectomia\/#Como_evitar_la_acumulacion_de_sarro\" title=\"C\u00f3mo evitar la acumulaci\u00f3n de sarro\">C\u00f3mo evitar la acumulaci\u00f3n de sarro<\/a><\/li><li class='ez-toc-page-1 ez-toc-heading-level-2'><a class=\"ez-toc-link ez-toc-heading-5\" href=\"https:\/\/nutrident.fr\/es\/tartrectomia\/#Metodos_de_detrartaje_en_el_dentista\" title=\"M\u00e9todos de detrartaje en el dentista\">M\u00e9todos de detrartaje en el dentista<\/a><\/li><\/ul><\/nav><\/div>\n<h2><span class=\"ez-toc-section\" id=\"%C2%BFQue_es_la_tartrectomia\"><\/span>\u00bfQu\u00e9 es la tartrectom\u00eda?<span class=\"ez-toc-section-end\"><\/span><\/h2>\n\n\n\n<p>Se trata de un procedimiento odontol\u00f3gico que sirve para <a href=\"https:\/\/nutrident.fr\/es\/limpieza-dental\/\" target=\"_blank\" data-type=\"URL\" data-id=\"https:\/\/nutrident.fr\/es\/limpieza-dental\/\" rel=\"noreferrer noopener\">eliminar el sarro<\/a> y la placa bacteriana que se acumulan en dientes y enc\u00edas. Si el sarro no se elimina, puede causar problemas dentales tales como caries, mal aliento, <a href=\"https:\/\/nutrident.fr\/es\/periodontitis\/\" target=\"_blank\" data-type=\"URL\" data-id=\"https:\/\/nutrident.fr\/es\/periodontitis\/\" rel=\"noreferrer noopener\">enfermedad de las enc\u00edas<\/a> e incluso la p\u00e9rdida de dientes.<\/p>\n\n\n\n<h2><span class=\"ez-toc-section\" id=\"%C2%BFCon_que_frecuencia_debo_hacerme_una_tartrectomia\"><\/span>\u00bfCon qu\u00e9 frecuencia debo hacerme una tartrectom\u00eda?<span class=\"ez-toc-section-end\"><\/span><\/h2>\n\n\n\n<p>La frecuencia con la que debes realizarte la tartrectom\u00eda depende de varios factores. Tu dentista podr\u00e1 aconsejarte al respecto, pero lo m\u00e1s recomendable suele ser <strong>una vez al a\u00f1o<\/strong>, coincidiendo con la revisi\u00f3n anual.<\/p>\n\n\n\n<p>En el siguiente v\u00eddeo puedes ver una de las formas m\u00e1s utilizadas para eliminar el sarro de los dientes.<\/p>\n\n\n\n<figure class=\"wp-block-embed is-type-video is-provider-youtube wp-block-embed-youtube wp-embed-aspect-16-9 wp-has-aspect-ratio\"><div class=\"wp-block-embed__wrapper\">\n<iframe title=\"tartrectomia\" width=\"500\" height=\"281\" src=\"https:\/\/www.youtube.com\/embed\/pwLbyBIHeHU?feature=oembed\" frameborder=\"0\" allow=\"accelerometer; autoplay; clipboard-write; encrypted-media; gyroscope; picture-in-picture; web-share\" allowfullscreen><\/iframe>\n<\/div><\/figure>\n\n\n\n<h2><span class=\"ez-toc-section\" id=\"%C2%BFPor_que_se_produce_el_sarro\"><\/span>\u00bfPor qu\u00e9 se produce el sarro?<span class=\"ez-toc-section-end\"><\/span><\/h2>\n\n\n\n<p>El sarro proviene de dos fuentes:<\/p>\n\n\n\n<h3>El factor personal<\/h3>\n\n\n\n<p>La principal fuente de sarro est\u00e1 en <strong>tu saliva<\/strong> y no hay nada que puedas hacer al respecto. Tu metabolismo produce secreciones m\u00e1s o menos cargadas de sarro, as\u00ed que dos personas que viven en las mismas condiciones pueden desarrollar cantidades muy diferentes de sarro.<\/p>\n\n\n\n<h3>Factores externos<\/h3>\n\n\n\n<p>La cantidad de sarro depende de lo que comas y de ciertos comportamientos. Si vives en una casa con agua muy dura y no tienes un descalcificador, <strong>la cal del agua del grifo<\/strong> llega a tus dientes al beberla, usarla para cocinar e incluso al cepillarte los dientes.<\/p>\n\n\n\n<p>Si el agua que consumes es muy dura, puedes considerar la posibilidad de instalar un descalcificador de agua. Este aparato ofrece varias ventajas: ahorrar\u00e1s en gastos de fontaner\u00eda, ya que el exceso de cal desgasta prematuramente las tuber\u00edas, los grifos y los calentadores de agua; y, con un agua m\u00e1s blanda, tus dientes estar\u00e1n mejor cuidados.<\/p>\n\n\n\n<p>El <strong>t\u00e9 y el caf\u00e9<\/strong> tambi\u00e9n son factores agravantes del dep\u00f3sito de sarro en los dientes, al igual que el <strong>tabaco<\/strong>.<\/p>\n\n\n\n<h2><span class=\"ez-toc-section\" id=\"Como_evitar_la_acumulacion_de_sarro\"><\/span>C\u00f3mo evitar la acumulaci\u00f3n de sarro<span class=\"ez-toc-section-end\"><\/span><\/h2>\n\n\n<div class=\"wp-block-image\">\n<figure class=\"alignright size-large is-resized\"><img src=\"https:\/\/nutrident.fr\/wp-content\/uploads\/2022\/09\/Detrartaje-1024x768.jpg\" alt=\"\" class=\"wp-image-14997\" width=\"300\" height=\"200\"\/><\/figure><\/div>\n\n\n<p>El sarro procede de la calcificaci\u00f3n de la placa, que a su vez se compone de<strong> saliva, restos de comida y bacterias<\/strong> que viven en tu boca. Esta pel\u00edcula pastosa y transparente se deposita en los dientes y puede erradicarse con un <a href=\"https:\/\/nutrident.fr\/es\/como-lavarse-los-dientes\/\" data-type=\"URL\" data-id=\"https:\/\/nutrident.fr\/es\/como-lavarse-los-dientes\/\" target=\"_blank\" rel=\"noreferrer noopener\">cepillado cuidadoso<\/a> despu\u00e9s de cada comida, reforzado por el uso de hilo dental o de un <a href=\"https:\/\/nutrident.fr\/es\/combo-dental-irrigador-y-cepillo\/\" data-type=\"URL\" data-id=\"https:\/\/nutrident.fr\/es\/combo-dental-irrigador-y-cepillo\/\" target=\"_blank\" rel=\"noreferrer noopener\">irrigador dental<\/a>, los cuales permiten eliminar la placa de los lugares m\u00e1s inaccesibles: entre los dientes y en la parte posterior de la boca.<\/p>\n\n\n\n<p>Si la placa no se limpia r\u00e1pidamente, se calcifica y se adhiere a los dientes. Sin embargo, no se puede eliminar toda con el cepillo de dientes, y despu\u00e9s de un a\u00f1o <strong>solo el dentista puede eliminar el sarro<\/strong> acumulado.<\/p>\n\n\n\n<p>Si no acudes al dentista a hacerte la tartrectom\u00eda, entrar\u00e1s en un c\u00edrculo vicioso. El sarro es una superficie porosa y rugosa que <strong>facilita la fijaci\u00f3n de la placa<\/strong>: cuanto m\u00e1s sarro tengas, m\u00e1s r\u00e1pidamente se acumular\u00e1 la placa y se producir\u00e1 m\u00e1s sarro.<\/p>\n\n\n\n<p>El sarro proporciona un hogar c\u00f3modo para que las bacterias prosperen y su acumulaci\u00f3n en los dientes puede provocar caries. Cuando el sarro se acumula en la base del diente, <strong>las enc\u00edas se ven afectadas<\/strong> y te arriesgas a sufrir una inflamaci\u00f3n que puede provocar gingivitis, abscesos y, en el peor de los casos, enfermedad periodontal.<\/p>\n\n\n\n<p>En cuanto a la est\u00e9tica, el sarro hace que los dientes <a href=\"https:\/\/nutrident.fr\/es\/blanqueamiento-profesional\/dientes-amarillos\/\" data-type=\"URL\" data-id=\"https:\/\/nutrident.fr\/es\/blanqueamiento-profesional\/dientes-amarillos\/\" target=\"_blank\" rel=\"noreferrer noopener\">se vuelvan amarillos<\/a> e incluso pueden oscurecerse mucho m\u00e1s, sobre todo <a href=\"https:\/\/nutrident.fr\/es\/blanqueamiento-profesional\/manchas-cafe\/\" data-type=\"URL\" data-id=\"https:\/\/nutrident.fr\/es\/blanqueamiento-profesional\/manchas-cafe\/\" target=\"_blank\" rel=\"noreferrer noopener\">si bebes caf\u00e9<\/a> o fumas.<\/p>\n\n\n\n<p>Tras el raspado o tartrectom\u00eda, tendr\u00e1s una sonrisa brillante y unos dientes suaves.<\/p>\n\n\n<div class=\"wp-block-image\">\n<figure class=\"aligncenter size-large is-resized\"><img src=\"https:\/\/nutrident.fr\/wp-content\/uploads\/2022\/09\/Antes-y-despues-tartrectomia-1024x519.jpg\" alt=\"\" class=\"wp-image-15000\" width=\"545\" height=\"275\" srcset=\"https:\/\/nutrident.fr\/wp-content\/uploads\/2022\/09\/Antes-y-despues-tartrectomia-1024x519.jpg 1024w, https:\/\/nutrident.fr\/wp-content\/uploads\/2022\/09\/Antes-y-despues-tartrectomia-300x152.jpg 300w, https:\/\/nutrident.fr\/wp-content\/uploads\/2022\/09\/Antes-y-despues-tartrectomia-768x389.jpg 768w, https:\/\/nutrident.fr\/wp-content\/uploads\/2022\/09\/Antes-y-despues-tartrectomia-1536x778.jpg 1536w, https:\/\/nutrident.fr\/wp-content\/uploads\/2022\/09\/Antes-y-despues-tartrectomia-254x129.jpg 254w, https:\/\/nutrident.fr\/wp-content\/uploads\/2022\/09\/Antes-y-despues-tartrectomia.jpg 2000w\" sizes=\"(max-width: 545px) 100vw, 545px\" \/><\/figure><\/div>\n\n\n<h2><span class=\"ez-toc-section\" id=\"Metodos_de_detrartaje_en_el_dentista\"><\/span>M\u00e9todos de detrartaje en el dentista<span class=\"ez-toc-section-end\"><\/span><\/h2>\n\n\n\n<p>Existen varios m\u00e9todos de detrartaje. Todos <strong>son indoloros<\/strong> y no requieren anestesia.<\/p>\n\n\n\n<h3>Tartrectom\u00eda por limpieza mec\u00e1nica<\/h3>\n\n\n\n<p>El dentista <strong>raspa tus dientes<\/strong> utilizando herramientas especiales que no da\u00f1an el esmalte. Con los m\u00e9todos m\u00e1s modernos, la tartrectom\u00eda mec\u00e1nica solo se emplea para los retoques finales, es decir, para eliminar los restos de sarro resistentes que hubieran quedado despu\u00e9s de los dos m\u00e9todos que te explicamos a continuaci\u00f3n.<\/p>\n\n\n<div class=\"wp-block-image\">\n<figure class=\"alignright size-large is-resized\"><img src=\"https:\/\/nutrident.fr\/wp-content\/uploads\/2022\/09\/Tartrectomia-mecanica-1-1024x768.jpg\" alt=\"\" class=\"wp-image-14994\" width=\"300\" height=\"200\"\/><\/figure><\/div>\n\n\n<h3>Raspado por ultrasonidos<\/h3>\n\n\n\n<p>El raspado por ultrasonidos es el m\u00e9todo m\u00e1s utilizado. Es totalmente indoloro y consiste en utilizar una <strong>punta que vibra a alta frecuencia<\/strong>. Los trocitos de sarro se rompen y se desprenden del diente. A continuaci\u00f3n, el dentista roc\u00eda agua a presi\u00f3n para eliminarlos.<\/p>\n\n\n\n<h3>Pulido dental con chorro de arena<\/h3>\n\n\n\n<p>El otro m\u00e9todo consiste en <strong>pulverizar finas part\u00edculas<\/strong> de carbonato c\u00e1lcico a trav\u00e9s de una boquilla, como si utilizaras una mini karcher para limpiarte los dientes. Tambi\u00e9n es muy eficaz.<\/p>\n<div class=\"article-data before-content\"><div class=\"article-data__date\"><div class=\"article-data__date-modified\"><time class=\"published\" datetime=\"2022-09-15T12:31:00+00:00\">This article was originally published on&nbsp;<span class=\"2\">septiembre 15, 2022<\/span>&nbsp;and was most recently updated on&nbsp;<span>junio 13, 2023<\/span><\/time><br><\/div><\/div><\/div><div class=\"user-info\">    <div class=\"user-info__body\">\r\n      <div class=\"user-info__caption\"><span>Contributors:<\/span><\/div>\r\n\t\t\t        <div class=\"user-info__wrap \">\r\n          <div class=\"user-info__data\">\r\n            <div class=\"user-info__data__info\">\r\n              <div class=\"photo\">\r\n\t\t\t\t\t\t\t\t<img width=\"66\" height=\"61\" src=\"https:\/\/nutrident.fr\/wp-content\/uploads\/2023\/06\/unnamed-66x61.jpg\" class=\"attachment-profileImageAuthor size-profileImageAuthor wp-post-image\" alt=\"Dr Abel Jes\u00fas Pederzoli\" loading=\"lazy\" srcset=\"https:\/\/nutrident.fr\/wp-content\/uploads\/2023\/06\/unnamed-66x61.jpg 66w, https:\/\/nutrident.fr\/wp-content\/uploads\/2023\/06\/unnamed-300x279.jpg 300w, https:\/\/nutrident.fr\/wp-content\/uploads\/2023\/06\/unnamed-1024x952.jpg 1024w, https:\/\/nutrident.fr\/wp-content\/uploads\/2023\/06\/unnamed-768x714.jpg 768w, https:\/\/nutrident.fr\/wp-content\/uploads\/2023\/06\/unnamed-204x190.jpg 204w, https:\/\/nutrident.fr\/wp-content\/uploads\/2023\/06\/unnamed-120x112.jpg 120w, https:\/\/nutrident.fr\/wp-content\/uploads\/2023\/06\/unnamed.jpg 1125w\" sizes=\"(max-width: 66px) 100vw, 66px\" \/>              <\/div>\r\n              <a href=\"https:\/\/nutrident.fr\/es\/author\/dr-abel-jesus-pederzoli\/\" class=\"name\">Dr Abel Jes\u00fas Pederzoli<\/a>\r\n            <\/div>\r\n            <div class=\"user-info__data__social\">\r\n\t\t\t\t\t\t\t\t\t\t\t\t\t\t\t\t\t\t\t\t\t          <a href=\"https:\/\/clinicaleixample.es\/\"\r\n             class=\"soc-item website\">website<\/a>\r\n\t\t\t\t          <a href=\"http:\/\/linkedin.com\/in\/abel-jes%C3%BAs-pederzoli\"\r\n             class=\"soc-item linkedin\">linkedin<\/a>\r\n\t\t\t\t            <\/div>\r\n          <\/div>\r\n          <div class=\"user-info__description\">\r\n\t\t\t\t\t\t\t\t\t\t\t\t\t<p>Con t\u00edtulos obtenidos en la Facultad de Odontolog\u00eda de la Universidad Nacional de La Plata y una participaci\u00f3n activa en congresos y jornadas, el Dr. Pederzoli se mantiene actualizado en las \u00faltimas t\u00e9cnicas y avances en odontolog\u00eda. Actualmente se encuentra desarrollando un proyecto de consultor\u00eda tecnol\u00f3gica aplicada a cl\u00ednicas dentales.<\/p>\n\t\t\t\t\t\t          <\/div>\r\n        <\/div>\r\n\t\t\t\t    <\/div>\r\n\t<\/div><!--copyscapeskip--><div class=\"medical_references\"><div class=\"medical_references__heading\"><span>Fuentes M\u00e9dicas<\/span><\/div><div class=\"medical_references__list\"><p><strong>Wikipedia:<\/strong> <a href=\"https:\/\/es.wikipedia.org\/wiki\/Tartrectom%C3%ADa\" target=\"_blank\" rel=\"noopener\">Tartrectom\u00eda<\/a>. Consultado el 22 de febrero de 2023.<\/p>\n<p><strong>Healthline:<\/strong> <a href=\"https:\/\/www.healthline.com\/health\/tartar-removal\" target=\"_blank\" rel=\"noopener\">How to Remove Plaque and Tartar<\/a>. Consultado el 22 de febrero de 2023.<\/p>\n<\/div><\/div><!--\/copyscapeskip-->","protected":false},"excerpt":{"rendered":"<p>Contributor:&nbsp; Dr Abel Jes\u00fas Pederzoli Updated:&nbsp;junio 13, 2023 La tartrectom\u00eda, tambi\u00e9n conocida como raspado del sarro o detrartaje, es un procedimiento odontol\u00f3gico crucial para mantener una buena salud dental. La acumulaci\u00f3n de sarro en los dientes puede causar caries, inflamaci\u00f3n de las enc\u00edas e incluso la p\u00e9rdida de los dientes. La tartrectom\u00eda sirve para prevenir [&hellip;]<\/p>\n","protected":false},"author":10,"featured_media":0,"parent":0,"menu_order":0,"comment_status":"open","ping_status":"open","template":"","meta":{"inline_featured_image":false},"acf":[],"_links":{"self":[{"href":"https:\/\/nutrident.fr\/es\/wp-json\/wp\/v2\/pages\/14975"}],"collection":[{"href":"https:\/\/nutrident.fr\/es\/wp-json\/wp\/v2\/pages"}],"about":[{"href":"https:\/\/nutrident.fr\/es\/wp-json\/wp\/v2\/types\/page"}],"author":[{"embeddable":true,"href":"https:\/\/nutrident.fr\/es\/wp-json\/wp\/v2\/users\/10"}],"replies":[{"embeddable":true,"href":"https:\/\/nutrident.fr\/es\/wp-json\/wp\/v2\/comments?post=14975"}],"version-history":[{"count":24,"href":"https:\/\/nutrident.fr\/es\/wp-json\/wp\/v2\/pages\/14975\/revisions"}],"predecessor-version":[{"id":21975,"href":"https:\/\/nutrident.fr\/es\/wp-json\/wp\/v2\/pages\/14975\/revisions\/21975"}],"wp:attachment":[{"href":"https:\/\/nutrident.fr\/es\/wp-json\/wp\/v2\/media?parent=14975"}],"curies":[{"name":"wp","href":"https:\/\/api.w.org\/{rel}","templated":true}]}}