

{"id":15038,"date":"2022-09-17T11:43:00","date_gmt":"2022-09-17T11:43:00","guid":{"rendered":"https:\/\/nutrident.fr\/?page_id=15038"},"modified":"2023-06-13T11:12:42","modified_gmt":"2023-06-13T11:12:42","slug":"hipersalivacion","status":"publish","type":"page","link":"https:\/\/nutrident.fr\/es\/hipersalivacion\/","title":{"rendered":"Hipersalivaci\u00f3n: causas y tratamientos de la salivaci\u00f3n excesiva"},"content":{"rendered":"<div class=\"meta\"><div class=\"meta__users\">    <div class=\"meta__users__reviewed\">\r\n      <p class=\"meta__users__caption\">Contributor:&nbsp;<\/p>\r\n      <div class=\"users\">\r\n        <span class=\"users__user\">\r\n          <a href=\"#\">Dr Abel Jes\u00fas Pederzoli<\/a>\r\n        <\/span>\r\n      <\/div>\r\n    <\/div>\r\n\t<\/div><div class=\"meta__date-modified\">Updated:&nbsp;<span>junio 13, 2023<\/span><\/div><\/div><div class=\"wp-block-image\">\n<figure class=\"alignright size-medium is-resized\"><img src=\"https:\/\/nutrident.fr\/wp-content\/uploads\/2022\/05\/hypersalivation-300x168.jpg\" alt=\"hipersalivaci\u00f3n\" class=\"wp-image-10454\" height=\"200\" srcset=\"https:\/\/nutrident.fr\/wp-content\/uploads\/2022\/05\/hypersalivation-300x168.jpg 300w, https:\/\/nutrident.fr\/wp-content\/uploads\/2022\/05\/hypersalivation-768x431.jpg 768w, https:\/\/nutrident.fr\/wp-content\/uploads\/2022\/05\/hypersalivation-254x142.jpg 254w, https:\/\/nutrident.fr\/wp-content\/uploads\/2022\/05\/hypersalivation.jpg 1000w\" sizes=\"(max-width: 300px) 100vw, 300px\" \/><figcaption>La hipersalivaci\u00f3n se conoce como sialorrea<\/figcaption><\/figure><\/div>\n\n\n<p>La hipersalivaci\u00f3n es la <strong>producci\u00f3n excesiva de saliva<\/strong>. Este es un problema bastante vergonzoso que hace a la persona escupir y\/o babear, as\u00ed que es muy inc\u00f3modo para quien lo padece. Tambi\u00e9n es muy incapacitante en el \u00e1mbito social y algunas personas con hipersalivaci\u00f3n se vuelven poco sociales, ya que no se atreven a hablar en p\u00fablico.<\/p>\n\n\n\n<p>Sin embargo, las causas de la hipersalivaci\u00f3n son bastante conocidas y pueden solucionarse consultando al m\u00e9dico o al dentista. Esto es especialmente importante, ya que la alteraci\u00f3n en la salivaci\u00f3n puede estar causada por un problema menor, pero tambi\u00e9n por una enfermedad m\u00e1s grave.<\/p>\n\n\n\n<div id=\"ez-toc-container\" class=\"ez-toc-v2_0_33_2 counter-hierarchy ez-toc-counter ez-toc-white ez-toc-container-direction\">\n<div class=\"ez-toc-title-container\">\n<p class=\"ez-toc-title\">Contenus<\/p>\n<span class=\"ez-toc-title-toggle\"><a href=\"#\" class=\"ez-toc-pull-right ez-toc-btn ez-toc-btn-xs ez-toc-btn-default ez-toc-toggle\" style=\"display: none;\"><label for=\"item\" aria-label=\"Tabla de contenidos\"><i class=\"ez-toc-glyphicon ez-toc-icon-toggle\"><\/i><\/label><input type=\"checkbox\" id=\"item\"><\/a><\/span><\/div>\n<nav><ul class='ez-toc-list ez-toc-list-level-1'><li class='ez-toc-page-1 ez-toc-heading-level-2'><a class=\"ez-toc-link ez-toc-heading-1\" href=\"https:\/\/nutrident.fr\/es\/hipersalivacion\/#%C2%BFDe_donde_viene_la_saliva\" title=\"\u00bfDe d\u00f3nde viene la saliva?\">\u00bfDe d\u00f3nde viene la saliva?<\/a><\/li><li class='ez-toc-page-1 ez-toc-heading-level-2'><a class=\"ez-toc-link ez-toc-heading-2\" href=\"https:\/\/nutrident.fr\/es\/hipersalivacion\/#%C2%BFQue_causa_la_hipersalivacion\" title=\"\u00bfQu\u00e9 causa la hipersalivaci\u00f3n?\">\u00bfQu\u00e9 causa la hipersalivaci\u00f3n?<\/a><\/li><li class='ez-toc-page-1 ez-toc-heading-level-2'><a class=\"ez-toc-link ez-toc-heading-3\" href=\"https:\/\/nutrident.fr\/es\/hipersalivacion\/#%C2%BFQue_hacer_en_caso_de_hipersalivacion\" title=\"\u00bfQu\u00e9 hacer en caso de hipersalivaci\u00f3n?\">\u00bfQu\u00e9 hacer en caso de hipersalivaci\u00f3n?<\/a><\/li><li class='ez-toc-page-1 ez-toc-heading-level-2'><a class=\"ez-toc-link ez-toc-heading-4\" href=\"https:\/\/nutrident.fr\/es\/hipersalivacion\/#Tratamientos_para_la_hipersalivacion\" title=\"Tratamientos para la hipersalivaci\u00f3n\">Tratamientos para la hipersalivaci\u00f3n<\/a><\/li><li class='ez-toc-page-1 ez-toc-heading-level-2'><a class=\"ez-toc-link ez-toc-heading-5\" href=\"https:\/\/nutrident.fr\/es\/hipersalivacion\/#Hipersalivacion_debida_a_un_problema_del_habla\" title=\"Hipersalivaci\u00f3n debida a un problema del habla\">Hipersalivaci\u00f3n debida a un problema del habla<\/a><\/li><li class='ez-toc-page-1 ez-toc-heading-level-2'><a class=\"ez-toc-link ez-toc-heading-6\" href=\"https:\/\/nutrident.fr\/es\/hipersalivacion\/#Preguntas_frecuentes\" title=\"Preguntas frecuentes\">Preguntas frecuentes<\/a><\/li><\/ul><\/nav><\/div>\n<h2><span class=\"ez-toc-section\" id=\"%C2%BFDe_donde_viene_la_saliva\"><\/span>\u00bfDe d\u00f3nde viene la saliva?<span class=\"ez-toc-section-end\"><\/span><\/h2>\n\n\n\n<p>La saliva desempe\u00f1a un papel importante en nuestro organismo ya que <strong>humedece los alimentos<\/strong> y reduce su acidez, lo que nos permite digerirlos mejor y evitar la <a href=\"https:\/\/nutrident.fr\/es\/erosion-dental\/\" target=\"_blank\" data-type=\"URL\" data-id=\"https:\/\/nutrident.fr\/es\/erosion-dental\/\" rel=\"noreferrer noopener\">corrosi\u00f3n del esmalte dental<\/a>. Por \u00faltimo, la saliva tiene la capacidad de neutralizar las bacterias y los virus que tragamos cuando comemos o nos llevamos objetos o las manos a la boca.<\/p>\n\n\n<div class=\"wp-block-image\">\n<figure class=\"alignright size-medium is-resized\"><img src=\"https:\/\/nutrident.fr\/wp-content\/uploads\/2022\/05\/glandes-salivaires-300x169.jpg\" alt=\"gl\u00e1ndulas salivales y sialorrea\" class=\"wp-image-10458\" height=\"200\" srcset=\"https:\/\/nutrident.fr\/wp-content\/uploads\/2022\/05\/glandes-salivaires-300x169.jpg 300w, https:\/\/nutrident.fr\/wp-content\/uploads\/2022\/05\/glandes-salivaires-768x432.jpg 768w, https:\/\/nutrident.fr\/wp-content\/uploads\/2022\/05\/glandes-salivaires-254x143.jpg 254w, https:\/\/nutrident.fr\/wp-content\/uploads\/2022\/05\/glandes-salivaires.jpg 1000w\" sizes=\"(max-width: 300px) 100vw, 300px\" \/><figcaption>Las gl\u00e1ndulas salivales segregan aproximadamente un litro de saliva al d\u00eda<\/figcaption><\/figure><\/div>\n\n\n<p>Los seres humanos contamos con <strong>tres pares de gl\u00e1ndulas salivales<\/strong>: las gl\u00e1ndulas par\u00f3tidas (debajo de la orejas), las gl\u00e1ndula submaxilares (debajo de la mand\u00edbula) y las gl\u00e1ndulas sublinguales (debajo de la lengua). Estas producen saliva todo el tiempo, incluso durante el sue\u00f1o. Cuando comemos, el cerebro les env\u00eda un mensaje para que aumenten su producci\u00f3n, pero el solo hecho de masticar algo tambi\u00e9n desencadena la producci\u00f3n de saliva.<\/p>\n\n\n\n<p>Estas gl\u00e1ndulas salivales se complementan con otras peque\u00f1as gl\u00e1ndulas situadas en la mucosa de la lengua y la boca, as\u00ed como en el paladar y la faringe.<\/p>\n\n\n\n<p>La saliva se compone principalmente de <strong>agua (99%) y de prote\u00ednas y minerales<\/strong>, y segregamos una media de un litro de saliva al d\u00eda.<\/p>\n\n\n\n<h2><span class=\"ez-toc-section\" id=\"%C2%BFQue_causa_la_hipersalivacion\"><\/span>\u00bfQu\u00e9 causa la hipersalivaci\u00f3n?<span class=\"ez-toc-section-end\"><\/span><\/h2>\n\n\n\n<p>La hipersalivaci\u00f3n (tambi\u00e9n conocida como sialorrea) puede ser el resultado de dos factores:<\/p>\n\n\n\n<h3>Producir un exceso de saliva<\/h3>\n\n\n\n<p>La hipersalivaci\u00f3n puede ser provocada por <strong>el hambre<\/strong>, en cuyo caso es temporal y normal. Pero tambi\u00e9n puede ser el resultado de diversas patolog\u00edas e infecciones. Los siguientes problemas pueden causar sialorrea:<\/p>\n\n\n\n<ul><li>\u00dalceras bucales<\/li><li>Infecci\u00f3n dental<\/li><li>Infecci\u00f3n oral<\/li><li>Inflamaci\u00f3n de las am\u00edgdalas<\/li><li>Inflamaci\u00f3n de la faringe<\/li><li><a href=\"https:\/\/nutrident.fr\/es\/diente-roto\/\" data-type=\"URL\" data-id=\"https:\/\/nutrident.fr\/es\/diente-roto\/\" target=\"_blank\" rel=\"noreferrer noopener\">Dientes infectados o rotos<\/a><\/li><li>Estomatitis, una inflamaci\u00f3n de la membrana mucosa de la boca<\/li><li><a href=\"https:\/\/nutrident.fr\/es\/dentaduras-postizas\/\" data-type=\"URL\" data-id=\"https:\/\/nutrident.fr\/es\/dentaduras-postizas\/\" target=\"_blank\" rel=\"noreferrer noopener\">Dentadura postiza<\/a> mal dimensionada y\/o instalada<\/li><li>Gastritis, \u00falcera g\u00e1strica y todas las dem\u00e1s inflamaciones del est\u00f3mago<\/li><li>Problemas en el h\u00edgado<\/li><li><a href=\"https:\/\/nutrident.fr\/es\/gingivitis\/\" data-type=\"URL\" data-id=\"https:\/\/nutrident.fr\/es\/gingivitis\/\" target=\"_blank\" rel=\"noreferrer noopener\">Gingivitis<\/a><\/li><li>Problemas en el es\u00f3fago<\/li><li>N\u00e1useas y v\u00f3mitos<\/li><li>Mononucleosis infecciosa<\/li><li>Da\u00f1os en los nervios<\/li><li>Intoxicaci\u00f3n por drogas o consumo de ciertos medicamentos, incluido el antipsic\u00f3tico clozapina<\/li><li>Tics nerviosos<\/li><li>La enfermedad de la rabia<\/li><\/ul>\n\n\n\n<p>La hipersalivaci\u00f3n tambi\u00e9n puede ser desencadenada por fen\u00f3menos psicol\u00f3gicos y por <a href=\"https:\/\/nutrident.fr\/es\/dientes-y-embarazo\/\" target=\"_blank\" data-type=\"URL\" data-id=\"https:\/\/nutrident.fr\/es\/dientes-y-embarazo\/\" rel=\"noreferrer noopener\">el embarazo<\/a>.<\/p>\n\n\n\n<h3>Producir una cantidad normal de saliva, pero mantenerla en la boca en lugar de tragarla<\/h3>\n\n\n\n<p>Todos los <strong>trastornos otorrinolaringol\u00f3gicos<\/strong>, como la sinusitis, la laringitis, las anginas, etc., impiden tragar con normalidad, de forma que se mantiene demasiada saliva en la boca en lugar de tragarla.<\/p>\n\n\n\n<p>Otras enfermedades tambi\u00e9n tienen este efecto:<\/p>\n\n\n<div class=\"wp-block-image\">\n<figure class=\"alignright size-medium\"><img width=\"300\" height=\"200\" src=\"https:\/\/nutrident.fr\/wp-content\/uploads\/2019\/08\/iStock-104454288-300x200.jpg\" alt=\"hipersalivaci\u00f3n o salivaci\u00f3n excesiva\" class=\"wp-image-7507\" srcset=\"https:\/\/nutrident.fr\/wp-content\/uploads\/2019\/08\/iStock-104454288-300x200.jpg 300w, https:\/\/nutrident.fr\/wp-content\/uploads\/2019\/08\/iStock-104454288-480x320.jpg 480w, https:\/\/nutrident.fr\/wp-content\/uploads\/2019\/08\/iStock-104454288.jpg 750w\" sizes=\"(max-width: 300px) 100vw, 300px\" \/><figcaption>La hipersalivaci\u00f3n tiene soluci\u00f3n. Consulta a tu m\u00e9dico para encontrar la m\u00e1s adecuada para tu problema<\/figcaption><\/figure><\/div>\n\n\n<ul><li>C\u00e1ncer de es\u00f3fago<\/li><li>Tumor cerebral<\/li><li>Enfermedad neurol\u00f3gica<\/li><li>Envenenamiento por ars\u00e9nico o mercurio<\/li><li>Alergia<\/li><li>Tumor localizado en la boca<\/li><li>Enfermedad neurodegenerativa<\/li><li>La enfermedad de Charcot<\/li><li>La enfermedad de Parkinson<\/li><li>Par\u00e1lisis cerebral<\/li><li>ACV: accidente cerebro vascular<\/li><li>Esclerosis m\u00faltiple<\/li><\/ul>\n\n\n\n<h2><span class=\"ez-toc-section\" id=\"%C2%BFQue_hacer_en_caso_de_hipersalivacion\"><\/span>\u00bfQu\u00e9 hacer en caso de hipersalivaci\u00f3n?<span class=\"ez-toc-section-end\"><\/span><\/h2>\n\n\n\n<p>Si notas que salivas demasiado o que no tragas lo suficiente, es esencial que busques asesoramiento, ya que puede ser un problema menor, por ejemplo un diente da\u00f1ado, pero tambi\u00e9n <strong>puede ser uno de los s\u00edntomas de una enfermedad<\/strong> mucho m\u00e1s grave.<\/p>\n\n\n\n<p>La primera persona a la que debes acudir es tu m\u00e9dico de cabecera o, si tienes <a href=\"https:\/\/nutrident.fr\/es\/dolor-de-muelas\/\" target=\"_blank\" data-type=\"URL\" data-id=\"https:\/\/nutrident.fr\/es\/dolor-de-muelas\/\" rel=\"noreferrer noopener\">dolor en la boca<\/a>, tu dentista. El especialista puede encontrar el origen del problema y prescribirte el tratamiento adecuado.<\/p>\n\n\n\n<p>En el siguiente v\u00eddeo, la Dra. Liliana Morales habla de este problema, ofrece algunos consejos y hace hincapi\u00e9 en la importancia de acudir a tu m\u00e9dico para que valore tu caso.<\/p>\n\n\n\n<figure class=\"wp-block-embed is-type-video is-provider-youtube wp-block-embed-youtube wp-embed-aspect-16-9 wp-has-aspect-ratio\"><div class=\"wp-block-embed__wrapper\">\n<iframe title=\"\ud83d\udc49Remedios para controlar el BABEO NOCTURNO excesivo\ud83d\udc8bcausa - efecto (FUNCIONA R\u00c1PIDO) Episodio 52\" width=\"500\" height=\"281\" src=\"https:\/\/www.youtube.com\/embed\/bCv5iRCQdJU?feature=oembed\" frameborder=\"0\" allow=\"accelerometer; autoplay; clipboard-write; encrypted-media; gyroscope; picture-in-picture; web-share\" allowfullscreen><\/iframe>\n<\/div><\/figure>\n\n\n\n<h2><span class=\"ez-toc-section\" id=\"Tratamientos_para_la_hipersalivacion\"><\/span>Tratamientos para la hipersalivaci\u00f3n<span class=\"ez-toc-section-end\"><\/span><\/h2>\n\n\n\n<p>Estos son los tratamientos principales que se utilizan a d\u00eda de hoy para tratar la sialorrea:<\/p>\n\n\n\n<h3>Gotas de atropina<\/h3>\n\n\n\n<p>Los tratamientos m\u00e1s comunes incluyen gotas de atropina. Se aplican bajo la lengua y reducen inmediatamente la secreci\u00f3n de saliva.<\/p>\n\n\n\n<h3>Toxina botul\u00ednica<\/h3>\n\n\n\n<p>La toxina botul\u00ednica (la misma que se utiliza en el b\u00f3tox) <strong>se inyecta en las gl\u00e1ndulas salivales<\/strong> para reducir la producci\u00f3n de saliva. La dosis es extremadamente precisa y la acci\u00f3n causada por la toxina debe ser estrictamente controlada por ultrasonidos. Si la dosis es m\u00e1s alta de lo necesario, los m\u00fasculos de la boca pueden resultar da\u00f1ados, lo que har\u00e1 que el problema empeore en lugar de mejorar. El efecto de la toxina botul\u00ednica dura una media de cuatro a seis meses.<\/p>\n\n\n\n<h3>Cirug\u00eda<\/h3>\n\n\n\n<p>Es posible <strong>redirigir los conductos salivales<\/strong> para que la saliva producida se dirija a la parte posterior de la boca y facilitar as\u00ed su eliminaci\u00f3n al tragarla. En casos extremos, el cirujano puede incluso decidir extirpar una o m\u00e1s gl\u00e1ndulas salivales.<\/p>\n\n\n\n<p>Si la hipersalivaci\u00f3n se debe a un <a href=\"https:\/\/nutrident.fr\/es\/diente-necrotico\/\" target=\"_blank\" data-type=\"URL\" data-id=\"https:\/\/nutrident.fr\/es\/diente-necrotico\/\" rel=\"noreferrer noopener\">problema dental<\/a>, el dentista tomar\u00e1 medidas para reparar el diente implicado o tratar las infecciones que puedan haberse desarrollado en la boca.<\/p>\n\n\n\n<h2><span class=\"ez-toc-section\" id=\"Hipersalivacion_debida_a_un_problema_del_habla\"><\/span>Hipersalivaci\u00f3n debida a un problema del habla<span class=\"ez-toc-section-end\"><\/span><\/h2>\n\n\n<div class=\"wp-block-image\">\n<figure class=\"alignright size-medium\"><img width=\"300\" height=\"200\" src=\"https:\/\/nutrident.fr\/wp-content\/uploads\/2022\/05\/orthophoniste-300x200.jpg\" alt=\"tratamiento de la hipersalivaci\u00f3n con logopedia\" class=\"wp-image-10461\" srcset=\"https:\/\/nutrident.fr\/wp-content\/uploads\/2022\/05\/orthophoniste-300x200.jpg 300w, https:\/\/nutrident.fr\/wp-content\/uploads\/2022\/05\/orthophoniste-768x512.jpg 768w, https:\/\/nutrident.fr\/wp-content\/uploads\/2022\/05\/orthophoniste-254x169.jpg 254w, https:\/\/nutrident.fr\/wp-content\/uploads\/2022\/05\/orthophoniste.jpg 1000w\" sizes=\"(max-width: 300px) 100vw, 300px\" \/><figcaption>La logopedia puede ser \u00fatil en algunos casos de hipersalivaci\u00f3n<\/figcaption><\/figure><\/div>\n\n\n<p>Algunas personas <strong>presionan demasiado la lengua hacia delante<\/strong> cuando hablan y la saliva se estanca detr\u00e1s de los labios, impidiendo la degluci\u00f3n de la misma. Como resultado, ciertos m\u00fasculos de la boca lo compensan tens\u00e1ndose y la persona tendr\u00e1 problemas de pronunciaci\u00f3n y tartamudear\u00e1 al decir ciertas palabras, especialmente las que contienen \u00abp\u00bb y \u00abb\u00bb.<\/p>\n\n\n\n<p>Tu m\u00e9dico de cabecera o tu dentista pueden remitirte a un <strong>logopeda<\/strong>, ya que este <a href=\"https:\/\/nutrident.fr\/es\/7-malos-habitos-que-danan-los-dientes\/\" target=\"_blank\" data-type=\"URL\" data-id=\"https:\/\/nutrident.fr\/es\/7-malos-habitos-que-danan-los-dientes\/\" rel=\"noreferrer noopener\">mal h\u00e1bito<\/a> puede curarse con rehabilitaci\u00f3n.<\/p>\n\n\n\n<p>El logopeda trabajar\u00e1 con el paciente para que sea consciente de la posici\u00f3n de su lengua cuando habla y cuando traga. Le ense\u00f1ar\u00e1 a presionar la lengua hacia delante con m\u00e1s ligereza, a relajar los m\u00fasculos de la boca y le ense\u00f1ar\u00e1 <strong>ejercicios para controlar mejor la degluci\u00f3n de la saliva<\/strong>. Los resultados de esta terapia suelen ser r\u00e1pidos y el problema se resuelve definitivamente en unas pocas sesiones.<\/p>\n\n\n\n<h2><span class=\"ez-toc-section\" id=\"Preguntas_frecuentes\"><\/span>Preguntas frecuentes<span class=\"ez-toc-section-end\"><\/span><\/h2>\n\n\n<div id=\"rank-math-faq\" class=\"rank-math-block\">\n<div class=\"rank-math-list \">\n<div id=\"faq-question-1679692599410\" class=\"rank-math-list-item\">\n<h3 class=\"rank-math-question \">\u00bfPara qu\u00e9 sirve la saliva?<\/h3>\n<div class=\"rank-math-answer \">\n\n<p>La saliva es fundamental porque humedece nuestra boca, lo que nos permite hablar y tragar los alimentos, pero tambi\u00e9n juega un papel importante en el inicio de la digesti\u00f3n y en la protecci\u00f3n contra la caries.<\/p>\n\n<\/div>\n<\/div>\n<div id=\"faq-question-1679692607536\" class=\"rank-math-list-item\">\n<h3 class=\"rank-math-question \">\u00bfC\u00f3mo curar la hipersalivaci\u00f3n de forma natural?<\/h3>\n<div class=\"rank-math-answer \">\n\n<p>Es posible realizar enjuagues bucales con Cal\u00e9ndula y Plantago TM diluidos en un poco de agua para controlar el exceso de saliva.<\/p>\n\n<\/div>\n<\/div>\n<div id=\"faq-question-1679692636874\" class=\"rank-math-list-item\">\n<h3 class=\"rank-math-question \">\u00bfEs normal babear por la noche?<\/h3>\n<div class=\"rank-math-answer \">\n\n<p>\u00a1S\u00ed! Durante la noche seguimos produciendo saliva y, al principio, trag\u00e1ndola. Pero cuando entramos en fase REM (sue\u00f1o profundo) se reduce su producci\u00f3n y dejamos de tragar. Si tienes la boca abierta y duermes de lado, el exceso de saliva terminar\u00e1 sobre la almohada.<\/p>\n\n<\/div>\n<\/div>\n<\/div>\n<\/div><div class=\"article-data before-content\"><div class=\"article-data__date\"><div class=\"article-data__date-modified\"><time class=\"published\" datetime=\"2022-09-17T11:43:00+00:00\">This article was originally published on&nbsp;<span class=\"2\">septiembre 17, 2022<\/span>&nbsp;and was most recently updated on&nbsp;<span>junio 13, 2023<\/span><\/time><br><\/div><\/div><\/div><div class=\"user-info\">    <div class=\"user-info__body\">\r\n      <div class=\"user-info__caption\"><span>Contributors:<\/span><\/div>\r\n\t\t\t        <div class=\"user-info__wrap \">\r\n          <div class=\"user-info__data\">\r\n            <div class=\"user-info__data__info\">\r\n              <div class=\"photo\">\r\n\t\t\t\t\t\t\t\t<img width=\"66\" height=\"61\" src=\"https:\/\/nutrident.fr\/wp-content\/uploads\/2023\/06\/unnamed-66x61.jpg\" class=\"attachment-profileImageAuthor size-profileImageAuthor wp-post-image\" alt=\"Dr Abel Jes\u00fas Pederzoli\" loading=\"lazy\" srcset=\"https:\/\/nutrident.fr\/wp-content\/uploads\/2023\/06\/unnamed-66x61.jpg 66w, https:\/\/nutrident.fr\/wp-content\/uploads\/2023\/06\/unnamed-300x279.jpg 300w, https:\/\/nutrident.fr\/wp-content\/uploads\/2023\/06\/unnamed-1024x952.jpg 1024w, https:\/\/nutrident.fr\/wp-content\/uploads\/2023\/06\/unnamed-768x714.jpg 768w, https:\/\/nutrident.fr\/wp-content\/uploads\/2023\/06\/unnamed-204x190.jpg 204w, https:\/\/nutrident.fr\/wp-content\/uploads\/2023\/06\/unnamed-120x112.jpg 120w, https:\/\/nutrident.fr\/wp-content\/uploads\/2023\/06\/unnamed.jpg 1125w\" sizes=\"(max-width: 66px) 100vw, 66px\" \/>              <\/div>\r\n              <a href=\"https:\/\/nutrident.fr\/es\/author\/dr-abel-jesus-pederzoli\/\" class=\"name\">Dr Abel Jes\u00fas Pederzoli<\/a>\r\n            <\/div>\r\n            <div class=\"user-info__data__social\">\r\n\t\t\t\t\t\t\t\t\t\t\t\t\t\t\t\t\t\t\t\t\t          <a href=\"https:\/\/clinicaleixample.es\/\"\r\n             class=\"soc-item website\">website<\/a>\r\n\t\t\t\t          <a href=\"http:\/\/linkedin.com\/in\/abel-jes%C3%BAs-pederzoli\"\r\n             class=\"soc-item linkedin\">linkedin<\/a>\r\n\t\t\t\t            <\/div>\r\n          <\/div>\r\n          <div class=\"user-info__description\">\r\n\t\t\t\t\t\t\t\t\t\t\t\t\t<p>Con t\u00edtulos obtenidos en la Facultad de Odontolog\u00eda de la Universidad Nacional de La Plata y una participaci\u00f3n activa en congresos y jornadas, el Dr. Pederzoli se mantiene actualizado en las \u00faltimas t\u00e9cnicas y avances en odontolog\u00eda. Actualmente se encuentra desarrollando un proyecto de consultor\u00eda tecnol\u00f3gica aplicada a cl\u00ednicas dentales.<\/p>\n\t\t\t\t\t\t          <\/div>\r\n        <\/div>\r\n\t\t\t\t    <\/div>\r\n\t<\/div><!--copyscapeskip--><div class=\"medical_references\"><div class=\"medical_references__heading\"><span>Fuentes M\u00e9dicas<\/span><\/div><div class=\"medical_references__list\"><p><strong>Hospital Materno-Infantil &#8211; HRU de M\u00e1laga<\/strong>. <a href=\"https:\/\/www.pedpal.es\/site\/wp-content\/uploads\/2021\/12\/SIALORREA.pdf\" target=\"_blank\" rel=\"noopener\">Sialorrea.<\/a> Consultado el 24 de marzo de 2023.<\/p>\n<p><strong>MedicalNewsToday:<\/strong> <a href=\"https:\/\/www.medicalnewstoday.com\/articles\/es\/salivacion-excesiva\" target=\"_blank\" rel=\"noopener\">Todo lo que debes saber acerca de la hipersalivaci\u00f3n<\/a>.<\/p>\n<p><strong>Huffington Post<\/strong>: <a href=\"https:\/\/www.huffingtonpost.es\/entry\/por-que-babeas-al-dormir_es_5c8a93f9e4b066940327872f.html\" target=\"_blank\" rel=\"noopener\">La raz\u00f3n por la que babeas al dormir<\/a>. Consultado el 24 de marzo de 2023.<\/p>\n<\/div><\/div><!--\/copyscapeskip-->","protected":false},"excerpt":{"rendered":"<p>Contributor:&nbsp; Dr Abel Jes\u00fas Pederzoli Updated:&nbsp;junio 13, 2023 La hipersalivaci\u00f3n es la producci\u00f3n excesiva de saliva. Este es un problema bastante vergonzoso que hace a la persona escupir y\/o babear, as\u00ed que es muy inc\u00f3modo para quien lo padece. Tambi\u00e9n es muy incapacitante en el \u00e1mbito social y algunas personas con hipersalivaci\u00f3n se vuelven poco [&hellip;]<\/p>\n","protected":false},"author":10,"featured_media":20698,"parent":0,"menu_order":0,"comment_status":"open","ping_status":"open","template":"","meta":{"inline_featured_image":false},"acf":[],"_links":{"self":[{"href":"https:\/\/nutrident.fr\/es\/wp-json\/wp\/v2\/pages\/15038"}],"collection":[{"href":"https:\/\/nutrident.fr\/es\/wp-json\/wp\/v2\/pages"}],"about":[{"href":"https:\/\/nutrident.fr\/es\/wp-json\/wp\/v2\/types\/page"}],"author":[{"embeddable":true,"href":"https:\/\/nutrident.fr\/es\/wp-json\/wp\/v2\/users\/10"}],"replies":[{"embeddable":true,"href":"https:\/\/nutrident.fr\/es\/wp-json\/wp\/v2\/comments?post=15038"}],"version-history":[{"count":34,"href":"https:\/\/nutrident.fr\/es\/wp-json\/wp\/v2\/pages\/15038\/revisions"}],"predecessor-version":[{"id":22072,"href":"https:\/\/nutrident.fr\/es\/wp-json\/wp\/v2\/pages\/15038\/revisions\/22072"}],"wp:featuredmedia":[{"embeddable":true,"href":"https:\/\/nutrident.fr\/es\/wp-json\/wp\/v2\/media\/20698"}],"wp:attachment":[{"href":"https:\/\/nutrident.fr\/es\/wp-json\/wp\/v2\/media?parent=15038"}],"curies":[{"name":"wp","href":"https:\/\/api.w.org\/{rel}","templated":true}]}}