

{"id":15078,"date":"2022-09-18T13:15:00","date_gmt":"2022-09-18T13:15:00","guid":{"rendered":"https:\/\/nutrident.fr\/?page_id=15078"},"modified":"2023-06-13T11:07:32","modified_gmt":"2023-06-13T11:07:32","slug":"artritis-dental","status":"publish","type":"page","link":"https:\/\/nutrident.fr\/es\/artritis-dental\/","title":{"rendered":"Artritis dental: entender y tratar la periodontitis apical"},"content":{"rendered":"<div class=\"meta\"><div class=\"meta__users\">    <div class=\"meta__users__reviewed\">\r\n      <p class=\"meta__users__caption\">Contributor:&nbsp;<\/p>\r\n      <div class=\"users\">\r\n        <span class=\"users__user\">\r\n          <a href=\"#\">Dr Abel Jes\u00fas Pederzoli<\/a>\r\n        <\/span>\r\n      <\/div>\r\n    <\/div>\r\n\t<\/div><div class=\"meta__date-modified\">Updated:&nbsp;<span>junio 13, 2023<\/span><\/div><\/div><div class=\"wp-block-image\">\n<figure class=\"alignright size-medium\"><img width=\"300\" height=\"200\" src=\"https:\/\/nutrident.fr\/wp-content\/uploads\/2020\/12\/iStock-1254139856-1-300x200.jpg\" alt=\"artritis dental\" class=\"wp-image-7581\" srcset=\"https:\/\/nutrident.fr\/wp-content\/uploads\/2020\/12\/iStock-1254139856-1-300x200.jpg 300w, https:\/\/nutrident.fr\/wp-content\/uploads\/2020\/12\/iStock-1254139856-1-1024x683.jpg 1024w, https:\/\/nutrident.fr\/wp-content\/uploads\/2020\/12\/iStock-1254139856-1-768x512.jpg 768w, https:\/\/nutrident.fr\/wp-content\/uploads\/2020\/12\/iStock-1254139856-1-1080x720.jpg 1080w, https:\/\/nutrident.fr\/wp-content\/uploads\/2020\/12\/iStock-1254139856-1-980x653.jpg 980w, https:\/\/nutrident.fr\/wp-content\/uploads\/2020\/12\/iStock-1254139856-1-480x320.jpg 480w, https:\/\/nutrident.fr\/wp-content\/uploads\/2020\/12\/iStock-1254139856-1.jpg 1254w\" sizes=\"(max-width: 300px) 100vw, 300px\" \/><figcaption>La artritis dental es extremadamente dolorosa<\/figcaption><\/figure><\/div>\n\n\n<p>La artritis no solo afecta las articulaciones, sino tambi\u00e9n los dientes. La afecci\u00f3n no es grave si se trata a tiempo, pero puede ser extremadamente dolorosa, as\u00ed que es natural que quieras pedir una cita de urgencia con el dentista.<\/p>\n\n\n\n<p>Si experimentas dolor punzante al masticar, es posible que padezcas de artritis dental. Afortunadamente, una vez identificada la causa, el dentista podr\u00e1 tratarla f\u00e1cilmente. Descubre todo lo que necesitas saber sobre la artritis dental en este art\u00edculo.<\/p>\n\n\n\n<div id=\"ez-toc-container\" class=\"ez-toc-v2_0_33_2 counter-hierarchy ez-toc-counter ez-toc-white ez-toc-container-direction\">\n<div class=\"ez-toc-title-container\">\n<p class=\"ez-toc-title\">Contenus<\/p>\n<span class=\"ez-toc-title-toggle\"><a href=\"#\" class=\"ez-toc-pull-right ez-toc-btn ez-toc-btn-xs ez-toc-btn-default ez-toc-toggle\" style=\"display: none;\"><label for=\"item\" aria-label=\"Tabla de contenidos\"><i class=\"ez-toc-glyphicon ez-toc-icon-toggle\"><\/i><\/label><input type=\"checkbox\" id=\"item\"><\/a><\/span><\/div>\n<nav><ul class='ez-toc-list ez-toc-list-level-1'><li class='ez-toc-page-1 ez-toc-heading-level-2'><a class=\"ez-toc-link ez-toc-heading-1\" href=\"https:\/\/nutrident.fr\/es\/artritis-dental\/#%C2%BFQue_es_la_artritis_dental\" title=\"\u00bfQu\u00e9 es la artritis dental?\">\u00bfQu\u00e9 es la artritis dental?<\/a><\/li><li class='ez-toc-page-1 ez-toc-heading-level-2'><a class=\"ez-toc-link ez-toc-heading-2\" href=\"https:\/\/nutrident.fr\/es\/artritis-dental\/#Causas_de_la_artritis_dental\" title=\"Causas de la artritis dental\">Causas de la artritis dental<\/a><\/li><li class='ez-toc-page-1 ez-toc-heading-level-2'><a class=\"ez-toc-link ez-toc-heading-3\" href=\"https:\/\/nutrident.fr\/es\/artritis-dental\/#%C2%BFCuales_son_los_sintomas_de_la_artritis_dental\" title=\"\u00bfCu\u00e1les son los s\u00edntomas de la artritis dental?\">\u00bfCu\u00e1les son los s\u00edntomas de la artritis dental?<\/a><\/li><li class='ez-toc-page-1 ez-toc-heading-level-2'><a class=\"ez-toc-link ez-toc-heading-4\" href=\"https:\/\/nutrident.fr\/es\/artritis-dental\/#Como_tratar_la_artritis_dental\" title=\"C\u00f3mo tratar la artritis dental\">C\u00f3mo tratar la artritis dental<\/a><\/li><li class='ez-toc-page-1 ez-toc-heading-level-2'><a class=\"ez-toc-link ez-toc-heading-5\" href=\"https:\/\/nutrident.fr\/es\/artritis-dental\/#Preguntas_frecuentes\" title=\"Preguntas frecuentes\">Preguntas frecuentes<\/a><\/li><\/ul><\/nav><\/div>\n<h2><span class=\"ez-toc-section\" id=\"%C2%BFQue_es_la_artritis_dental\"><\/span>\u00bfQu\u00e9 es la artritis dental?<span class=\"ez-toc-section-end\"><\/span><\/h2>\n\n\n\n<p>La artritis dental es la<strong> inflamaci\u00f3n del ligamento que sostiene la ra\u00edz del diente<\/strong> en su hueco. Este tejido,  llamado desmodonto o ligamento periodontal, envuelve la ra\u00edz para mantenerla en su cavidad.<\/p>\n\n\n\n<p>Cuando este ligamento est\u00e1 inflamado, en lugar de artritis dental, deber\u00eda utilizarse el t\u00e9rmino m\u00e1s apropiado de <strong><a href=\"https:\/\/nutrident.fr\/es\/periodontitis\/\" target=\"_blank\" data-type=\"URL\" data-id=\"https:\/\/nutrident.fr\/es\/periodontitis\/\" rel=\"noreferrer noopener\">periodontitis<\/a> apical<\/strong> (antigua desmodontitis). De hecho, esta enfermedad afecta al ligamento, mientras que la artritis, en el sentido etimol\u00f3gico, se refiere a las articulaciones.<\/p>\n\n\n\n<p>La inflamaci\u00f3n que causa este tipo de periodontitis <strong>suele ser cr\u00f3nica<\/strong>, y a veces el dolor dental agudo aparece sin motivo.<\/p>\n\n\n\n<h2><span class=\"ez-toc-section\" id=\"Causas_de_la_artritis_dental\"><\/span>Causas de la artritis dental<span class=\"ez-toc-section-end\"><\/span><\/h2>\n\n\n\n<p>Son muchas las causas de la inflamaci\u00f3n del tejido conectivo que da lugar a la artritis dental. Los tejidos de los ligamentos presentan un n\u00famero infinito de terminaciones nerviosas que son sensibles. Su inflamaci\u00f3n hace que se hinchen y provoca un dolor punzante.<\/p>\n\n\n\n<h3>Causas infecciosas de la periodontitis apical<\/h3>\n\n\n\n<p>La artritis dental puede tener un origen infeccioso. En este caso, deber\u00edas preguntarte si tu <a href=\"https:\/\/nutrident.fr\/es\/como-lavarse-los-dientes\/\" data-type=\"URL\" data-id=\"https:\/\/nutrident.fr\/es\/como-lavarse-los-dientes\/\" target=\"_blank\" rel=\"noreferrer noopener\">higiene bucal<\/a> es realmente efectiva. Aunque te cepilles los dientes despu\u00e9s de cada comida, <strong>los restos de alimentos pueden quedarse atascados<\/strong>, especialmente si tus dientes est\u00e1n muy apretados.<\/p>\n\n\n\n<p>Es importante complementar el cepillado dental con el uso de <a href=\"https:\/\/nutrident.fr\/es\/hilo-dental\/\" data-type=\"URL\" data-id=\"https:\/\/nutrident.fr\/es\/hilo-dental\/\" target=\"_blank\" rel=\"noreferrer noopener\">hilo dental<\/a> o un <a href=\"https:\/\/nutrident.fr\/es\/irrigadores-dentales\/\" data-type=\"URL\" data-id=\"https:\/\/nutrident.fr\/es\/irrigadores-dentales\/\" target=\"_blank\" rel=\"noreferrer noopener\">irrigador dental<\/a> para evitar la acumulaci\u00f3n de restos de comida que pueden <strong>ejercer presi\u00f3n sobre los dientes<\/strong> y desencadenar una inflamaci\u00f3n de los ligamentos, lo que puede llevar a la artritis dental.<\/p>\n\n\n\n<h3>Origen traum\u00e1tico de la artritis dental<\/h3>\n\n\n\n<p>La periodontitis apical puede ser provocada por un trauma, ya sea una ca\u00edda, un accidente o una pelea que cause un <strong>fuerte impacto en la mand\u00edbula<\/strong>. Adem\u00e1s, la acumulaci\u00f3n de microtraumas tambi\u00e9n puede ser una causa probable.<\/p>\n\n\n\n<p>Los <strong>golpes repetidos de los<\/strong> <strong>deportes de combate<\/strong>, como el boxeo, ejercen presi\u00f3n sobre los dientes y acaban irritando los ligamentos. Tambi\u00e9n es posible que una <strong>pr\u00f3tesis dental defectuosa<\/strong> o mal ajustada ejerza presiones desequilibradas que hagan reaccionar a los tejidos conectivos.<\/p>\n\n\n\n<h3>Las consecuencias de la cirug\u00eda dental<\/h3>\n\n\n<div class=\"wp-block-image\">\n<figure class=\"alignright size-medium\"><img width=\"300\" height=\"200\" src=\"https:\/\/nutrident.fr\/wp-content\/uploads\/2019\/11\/grayscale-photo-of-woman-lying-on-hospital-bed-3470032-300x200.jpg\" alt=\"artritis dental - cirug\u00eda\" class=\"wp-image-3065\" srcset=\"https:\/\/nutrident.fr\/wp-content\/uploads\/2019\/11\/grayscale-photo-of-woman-lying-on-hospital-bed-3470032-300x200.jpg 300w, https:\/\/nutrident.fr\/wp-content\/uploads\/2019\/11\/grayscale-photo-of-woman-lying-on-hospital-bed-3470032-480x320.jpg 480w, https:\/\/nutrident.fr\/wp-content\/uploads\/2019\/11\/grayscale-photo-of-woman-lying-on-hospital-bed-3470032.jpg 750w\" sizes=\"(max-width: 300px) 100vw, 300px\" \/><figcaption>La artritis dental puede producirse despu\u00e9s de una cirug\u00eda dental<\/figcaption><\/figure><\/div>\n\n\n<p>La artritis dental tambi\u00e9n puede producirse despu\u00e9s de un tratamiento dental extenso. Si te has sometido a una operaci\u00f3n importante, <strong>el tejido puede irritarse<\/strong> y provocar una inflamaci\u00f3n.<\/p>\n\n\n\n<p>Tu cuerpo tambi\u00e9n puede reaccionar a los productos utilizados en una cirug\u00eda, por ejemplo a los anest\u00e9sicos, a las pastas de relleno o cualquier otro compuesto qu\u00edmico.<\/p>\n\n\n\n<p>En este caso, la artritis dental est\u00e1 bien localizada. Tu dentista te recetar\u00e1 medicamentos antiinflamatorios que aliviar\u00e1n r\u00e1pidamente el dolor dental y la artritis.<\/p>\n\n\n\n<p>Sea cual sea la causa de la periodontitis apical, debe tratarse lo antes posible. Normalmente, el dolor dental es tan intenso que los pacientes piden r\u00e1pidamente una cita. Ten en cuenta que si esperas demasiado, <strong>las consecuencias pueden ser irreversibles<\/strong>.<\/p>\n\n\n\n<p>La destrucci\u00f3n progresiva de los tejidos ligamentosos <a href=\"https:\/\/nutrident.fr\/es\/aflojamiento-de-los-dientes\/\" data-type=\"URL\" data-id=\"https:\/\/nutrident.fr\/es\/aflojamiento-de-los-dientes\/\" target=\"_blank\" rel=\"noreferrer noopener\">afloja los dientes<\/a> gradualmente y el resultado final puede ser la p\u00e9rdida dental, pues estos ya no se mantienen de forma natural en sus cavidades.<\/p>\n\n\n\n<h2><span class=\"ez-toc-section\" id=\"%C2%BFCuales_son_los_sintomas_de_la_artritis_dental\"><\/span>\u00bfCu\u00e1les son los s\u00edntomas de la artritis dental?<span class=\"ez-toc-section-end\"><\/span><\/h2>\n\n\n\n<p>Esta condici\u00f3n <strong>es f\u00e1cil de diagnosticar<\/strong>, ya que sus s\u00edntomas son bastante caracter\u00edsticos. Si experimentas alguna de las sensaciones enumeradas a continuaci\u00f3n, pide una cita urgente para ver a tu dentista, ya que el dolor no remitir\u00e1 de forma natural con el tiempo, sino que empeorar\u00e1.<\/p>\n\n\n\n<h3>Dolor continuo<\/h3>\n\n\n\n<p>La artritis dental provoca <strong>dolor constante en la zona afectada<\/strong>, que puede aumentar al tocarla, al masticar o al apretar los dientes. En casos avanzados, hasta la presi\u00f3n de los labios al sonre\u00edr puede causar dolor.<\/p>\n\n\n<div class=\"wp-block-image\">\n<figure class=\"alignright size-medium\"><img width=\"300\" height=\"217\" src=\"https:\/\/nutrident.fr\/wp-content\/uploads\/2022\/05\/Depositphotos_10927666_s-2015-300x217.jpg\" alt=\"dolor de artritis dental\" class=\"wp-image-10526\" srcset=\"https:\/\/nutrident.fr\/wp-content\/uploads\/2022\/05\/Depositphotos_10927666_s-2015-300x217.jpg 300w, https:\/\/nutrident.fr\/wp-content\/uploads\/2022\/05\/Depositphotos_10927666_s-2015-254x183.jpg 254w, https:\/\/nutrident.fr\/wp-content\/uploads\/2022\/05\/Depositphotos_10927666_s-2015.jpg 500w\" sizes=\"(max-width: 300px) 100vw, 300px\" \/><figcaption>El principal s\u00edntoma de la artritis dental es el dolor intenso y continuo<\/figcaption><\/figure><\/div>\n\n\n<p>Adem\u00e1s, el dolor provocado por la periodontitis apical suele ser <strong>resistente a los analg\u00e9sicos<\/strong> que se consiguen en la farmacia y el estar tumbado o acostado lo intensifica. Es por ello que esta condici\u00f3n puede provocar insomnio.<\/p>\n\n\n\n<h3>Enrojecimiento de las enc\u00edas<\/h3>\n\n\n\n<p>Cuando los ligamentos se hinchan, aumenta la presi\u00f3n sobre las enc\u00edas, que <strong>se vuelven rojas<\/strong>.<\/p>\n\n\n\n<h3>Sensaci\u00f3n de \u00abdiente largo\u00bb<\/h3>\n\n\n\n<p>El s\u00edndrome del \u00abdiente largo\u00bb o \u00abdiente el\u00e1stico\u00bb es el m\u00e1s caracter\u00edstico de la artritis dental. Las sensaciones nerviosas de tus ligamentos inflamados se distorsionan y <strong>sientes que el diente ya no est\u00e1 sujeto<\/strong> en su hueco, lo que finalmente se convierte en la realidad si no se trata esta condici\u00f3n.<\/p>\n\n\n\n<h3>Cambios en la intensidad del dolor en funci\u00f3n de la temperatura<\/h3>\n\n\n\n<p>La artritis se vuelve<strong> m\u00e1s dolorosa en respuesta al calor y se alivia con el fr\u00edo<\/strong>. Normalmente, el dentista detecta r\u00e1pidamente la artritis dental y confirma el diagn\u00f3stico con una radiograf\u00eda que muestra la inflamaci\u00f3n.<\/p>\n\n\n\n<h2><span class=\"ez-toc-section\" id=\"Como_tratar_la_artritis_dental\"><\/span>C\u00f3mo tratar la artritis dental<span class=\"ez-toc-section-end\"><\/span><\/h2>\n\n\n\n<h3>En el dentista<\/h3>\n\n\n\n<p>Una visita al dentista es imprescindible para tratar la artritis dental. El profesional empieza por <strong>eliminar el elemento perturbador<\/strong>: <a href=\"https:\/\/nutrident.fr\/es\/caries\/\" data-type=\"URL\" data-id=\"https:\/\/nutrident.fr\/es\/caries\/\" target=\"_blank\" rel=\"noreferrer noopener\">caries<\/a>, si se trata de una infecci\u00f3n, ajuste o cambio de una pr\u00f3tesis mal ajustada u obsoleta, reparaci\u00f3n de un problema de mordida, recomendaci\u00f3n de un aparato bucal si eres propenso al <a href=\"https:\/\/nutrident.fr\/es\/bruxismo\/\" data-type=\"URL\" data-id=\"https:\/\/nutrident.fr\/es\/bruxismo\/\" target=\"_blank\" rel=\"noreferrer noopener\">bruxismo nocturno<\/a> (rechinar los dientes), etc.<\/p>\n\n\n<div class=\"wp-block-image\">\n<figure class=\"alignright size-medium\"><img width=\"300\" height=\"190\" src=\"https:\/\/nutrident.fr\/wp-content\/uploads\/2022\/05\/dentist-1427291_640-1-300x190.jpg\" alt=\"dentista artritis\" class=\"wp-image-10521\" srcset=\"https:\/\/nutrident.fr\/wp-content\/uploads\/2022\/05\/dentist-1427291_640-1-300x190.jpg 300w, https:\/\/nutrident.fr\/wp-content\/uploads\/2022\/05\/dentist-1427291_640-1-254x161.jpg 254w, https:\/\/nutrident.fr\/wp-content\/uploads\/2022\/05\/dentist-1427291_640-1.jpg 640w\" sizes=\"(max-width: 300px) 100vw, 300px\" \/><figcaption>En caso de artritis dental, es necesaria una cita con el dentista<\/figcaption><\/figure><\/div>\n\n\n<p>Si es necesario, el dentista puede dise\u00f1ar un sistema de sujeci\u00f3n para mantener el diente en su sitio mientras la inflamaci\u00f3n cede.<\/p>\n\n\n\n<p>Tambi\u00e9n corregir\u00e1 tu <a href=\"https:\/\/nutrident.fr\/es\/cepillarse-correctamente-los-dientes\/\" target=\"_blank\" data-type=\"URL\" data-id=\"https:\/\/nutrident.fr\/es\/cepillarse-correctamente-los-dientes\/\" rel=\"noreferrer noopener\">t\u00e9cnica del cepillado<\/a>, por ejemplo: usar un cepillo de dientes poco adecuado, especialmente uno con cerdas duras, ejercer demasiada presi\u00f3n al cepillarte, uso excesivo de palillos, etc.<\/p>\n\n\n\n<p>Es posible que te recomiende usar <a href=\"https:\/\/nutrident.fr\/es\/cepillo-interdental\/\" target=\"_blank\" data-type=\"URL\" data-id=\"https:\/\/nutrident.fr\/es\/cepillo-interdental\/\" rel=\"noreferrer noopener\">cepillos interdentales<\/a> e hilo dental.<\/p>\n\n\n\n<h3>M\u00e9todos naturales<\/h3>\n\n\n\n<p>Para acelerar la curaci\u00f3n de tu artritis dental, puedes utilizar recetas naturales que calmar\u00e1n el dolor. Ten en cuenta que estos remedios <strong>no sustituyen la prescripci\u00f3n de tu dentista<\/strong> si este te ha recetado medicamentos.<\/p>\n\n\n<div class=\"wp-block-image\">\n<figure class=\"alignright size-medium\"><img width=\"300\" height=\"199\" src=\"https:\/\/nutrident.fr\/wp-content\/uploads\/2022\/05\/clou-de-girofle-300x199.jpg\" alt=\"clavo como remedio natural para cuidar los dientes\" class=\"wp-image-10517\" srcset=\"https:\/\/nutrident.fr\/wp-content\/uploads\/2022\/05\/clou-de-girofle-300x199.jpg 300w, https:\/\/nutrident.fr\/wp-content\/uploads\/2022\/05\/clou-de-girofle-768x510.jpg 768w, https:\/\/nutrident.fr\/wp-content\/uploads\/2022\/05\/clou-de-girofle-254x169.jpg 254w, https:\/\/nutrident.fr\/wp-content\/uploads\/2022\/05\/clou-de-girofle.jpg 960w\" sizes=\"(max-width: 300px) 100vw, 300px\" \/><figcaption>El clavo tiene propiedades antiinflamatorias y analg\u00e9sicas<\/figcaption><\/figure><\/div>\n\n\n<h4>Clavo de olor<\/h4>\n\n\n\n<p>El <a href=\"https:\/\/nutrident.fr\/es\/blanqueamiento-profesional\/natural\/\" data-type=\"URL\" data-id=\"https:\/\/nutrident.fr\/es\/blanqueamiento-profesional\/natural\/\" target=\"_blank\" rel=\"noreferrer noopener\">clavo<\/a> es com\u00fanmente utilizado en el cuidado dental debido a su contenido de eugenol, el cual tiene <strong>propiedades antiinflamatorias<\/strong> probadas. Adem\u00e1s, el \u03b2-cariofileno del clavo es <strong>analg\u00e9sico<\/strong>, lo que ayuda a curar los tejidos doloridos y proporciona anestesia al mismo tiempo.<\/p>\n\n\n\n<p>Los clavos de olor se pueden encontrar f\u00e1cilmente en tiendas y se pueden masticar o dejar infusionar en la boca. Sin embargo, su sabor puede ser muy fuerte y particular. Si no te gusta, puedes recurrir al <strong>aceite de clavo<\/strong> como alternativa.<\/p>\n\n\n\n<p>El aceite de clavo conserva solo los ingredientes activos del clavo, lo que lo convierte en una<strong> soluci\u00f3n extremadamente concentrada<\/strong>, que debe utilizarse con cuidado. Cuenta con todas las propiedades antiinflamatorias y analg\u00e9sicas del clavo y ayuda a erradicar las bacterias responsables de las infecciones bucales.<\/p>\n\n\n\n<p>Frota <strong>una sola gota de aceite de clavo en tus dientes<\/strong> con la yema del dedo, dos o tres veces al d\u00eda. Con el dedo, masajea la enc\u00eda alrededor del diente dolorido. Tendr\u00e1s una sensaci\u00f3n de calentamiento que es normal y el sabor del aceite de clavo ser\u00e1 menos duradero que cuando se mastica un clavo.<\/p>\n\n\n<div class=\"wp-block-image\">\n<figure class=\"alignright size-large is-resized\"><img src=\"https:\/\/nutrident.fr\/wp-content\/uploads\/2022\/09\/Homeopatia_para_tratar_la_artritis_dental-1024x683.jpg\" alt=\"Homeopat\u00eda para la artritis dental\" class=\"wp-image-15106\" width=\"295\" height=\"197\" srcset=\"https:\/\/nutrident.fr\/wp-content\/uploads\/2022\/09\/Homeopatia_para_tratar_la_artritis_dental-1024x683.jpg 1024w, https:\/\/nutrident.fr\/wp-content\/uploads\/2022\/09\/Homeopatia_para_tratar_la_artritis_dental-300x200.jpg 300w, https:\/\/nutrident.fr\/wp-content\/uploads\/2022\/09\/Homeopatia_para_tratar_la_artritis_dental-768x512.jpg 768w, https:\/\/nutrident.fr\/wp-content\/uploads\/2022\/09\/Homeopatia_para_tratar_la_artritis_dental-1536x1024.jpg 1536w, https:\/\/nutrident.fr\/wp-content\/uploads\/2022\/09\/Homeopatia_para_tratar_la_artritis_dental-254x169.jpg 254w, https:\/\/nutrident.fr\/wp-content\/uploads\/2022\/09\/Homeopatia_para_tratar_la_artritis_dental.jpg 1999w\" sizes=\"(max-width: 295px) 100vw, 295px\" \/><figcaption>Se puede utilizar la homeopat\u00eda como tratamiento complementario. Siempre consulta con tu m\u00e9dico<\/figcaption><\/figure><\/div>\n\n\n<p>Los aceites esenciales no deben utilizarse en ni\u00f1os ni en mujeres embarazadas.<\/p>\n\n\n\n<h4>Homeopat\u00eda<\/h4>\n\n\n\n<p>En la farmacia puedes encontrar tratamientos homeop\u00e1ticos que complementar\u00e1n el tratamiento de tu dentista. La soluci\u00f3n granulada con Ammonium Carbonicum 5 CH o Arnica Montana 5CH son buenas opciones para este fin. Toma dos comprimidos cada dos horas y deja que se derritan bajo la lengua.<\/p>\n\n\n\n<h2><span class=\"ez-toc-section\" id=\"Preguntas_frecuentes\"><\/span>Preguntas frecuentes<span class=\"ez-toc-section-end\"><\/span><\/h2>\n\n\n<div id=\"rank-math-faq\" class=\"rank-math-block\">\n<div class=\"rank-math-list \">\n<div id=\"faq-question-1677433234894\" class=\"rank-math-list-item\">\n<h3 class=\"rank-math-question \">\u00bfQu\u00e9 medicamento tomar para tratar la artritis dental?<\/h3>\n<div class=\"rank-math-answer \">\n\n<p>Para aliviar el dolor, puedes tomar un antiinflamatorio potente como el ibuprofeno.<\/p>\n\n<\/div>\n<\/div>\n<div id=\"faq-question-1677433243925\" class=\"rank-math-list-item\">\n<h3 class=\"rank-math-question \">\u00bfQu\u00e9 pasta de dientes usar para prevenir la artritis dental?<\/h3>\n<div class=\"rank-math-answer \">\n\n<p>Utiliza diariamente un dent\u00edfrico con fl\u00faor como Parodontax, que elimina la acumulaci\u00f3n de placa bacteriana a lo largo de la l\u00ednea de las enc\u00edas.<\/p>\n\n<\/div>\n<\/div>\n<div id=\"faq-question-1677433309754\" class=\"rank-math-list-item\">\n<h3 class=\"rank-math-question \">\u00bfC\u00f3mo curar la periodontitis apical de forma natural?<\/h3>\n<div class=\"rank-math-answer \">\n\n<p>Adem\u00e1s del clavo de olor, varios aceites esenciales pueden ayudarte a tratar la artritis dental: el de semilla de pomelo (antibacteriano, antiparasitario, antiinflamatorio y equilibrador del pH) y el de \u00e1rbol de t\u00e9 (antibacteriano especialmente indicado para problemas bucales).<\/p>\n\n<\/div>\n<\/div>\n<\/div>\n<\/div><div class=\"article-data before-content\"><div class=\"article-data__date\"><div class=\"article-data__date-modified\"><time class=\"published\" datetime=\"2022-09-18T13:15:00+00:00\">This article was originally published on&nbsp;<span class=\"2\">septiembre 18, 2022<\/span>&nbsp;and was most recently updated on&nbsp;<span>junio 13, 2023<\/span><\/time><br><\/div><\/div><\/div><div class=\"user-info\">    <div class=\"user-info__body\">\r\n      <div class=\"user-info__caption\"><span>Contributors:<\/span><\/div>\r\n\t\t\t        <div class=\"user-info__wrap \">\r\n          <div class=\"user-info__data\">\r\n            <div class=\"user-info__data__info\">\r\n              <div class=\"photo\">\r\n\t\t\t\t\t\t\t\t<img width=\"66\" height=\"61\" src=\"https:\/\/nutrident.fr\/wp-content\/uploads\/2023\/06\/unnamed-66x61.jpg\" class=\"attachment-profileImageAuthor size-profileImageAuthor wp-post-image\" alt=\"Dr Abel Jes\u00fas Pederzoli\" loading=\"lazy\" srcset=\"https:\/\/nutrident.fr\/wp-content\/uploads\/2023\/06\/unnamed-66x61.jpg 66w, https:\/\/nutrident.fr\/wp-content\/uploads\/2023\/06\/unnamed-300x279.jpg 300w, https:\/\/nutrident.fr\/wp-content\/uploads\/2023\/06\/unnamed-1024x952.jpg 1024w, https:\/\/nutrident.fr\/wp-content\/uploads\/2023\/06\/unnamed-768x714.jpg 768w, https:\/\/nutrident.fr\/wp-content\/uploads\/2023\/06\/unnamed-204x190.jpg 204w, https:\/\/nutrident.fr\/wp-content\/uploads\/2023\/06\/unnamed-120x112.jpg 120w, https:\/\/nutrident.fr\/wp-content\/uploads\/2023\/06\/unnamed.jpg 1125w\" sizes=\"(max-width: 66px) 100vw, 66px\" \/>              <\/div>\r\n              <a href=\"https:\/\/nutrident.fr\/es\/author\/dr-abel-jesus-pederzoli\/\" class=\"name\">Dr Abel Jes\u00fas Pederzoli<\/a>\r\n            <\/div>\r\n            <div class=\"user-info__data__social\">\r\n\t\t\t\t\t\t\t\t\t\t\t\t\t\t\t\t\t\t\t\t\t          <a href=\"https:\/\/clinicaleixample.es\/\"\r\n             class=\"soc-item website\">website<\/a>\r\n\t\t\t\t          <a href=\"http:\/\/linkedin.com\/in\/abel-jes%C3%BAs-pederzoli\"\r\n             class=\"soc-item linkedin\">linkedin<\/a>\r\n\t\t\t\t            <\/div>\r\n          <\/div>\r\n          <div class=\"user-info__description\">\r\n\t\t\t\t\t\t\t\t\t\t\t\t\t<p>Con t\u00edtulos obtenidos en la Facultad de Odontolog\u00eda de la Universidad Nacional de La Plata y una participaci\u00f3n activa en congresos y jornadas, el Dr. Pederzoli se mantiene actualizado en las \u00faltimas t\u00e9cnicas y avances en odontolog\u00eda. Actualmente se encuentra desarrollando un proyecto de consultor\u00eda tecnol\u00f3gica aplicada a cl\u00ednicas dentales.<\/p>\n\t\t\t\t\t\t          <\/div>\r\n        <\/div>\r\n\t\t\t\t    <\/div>\r\n\t<\/div><!--copyscapeskip--><div class=\"medical_references\"><div class=\"medical_references__heading\"><span>Fuentes M\u00e9dicas<\/span><\/div><div class=\"medical_references__list\"><p><strong>Colegio de Cirug\u00eda Maxilofacial y Estomatolog\u00eda del Hospital Universitario<\/strong> de Francia. Curso. <a href=\"http:\/\/campus.cerimes.fr\/chirurgie-maxillo-faciale-et-stomatologie\/enseignement\/stomatologie9\/site\/html\/1_13_131_1.html\" target=\"_blank\" rel=\"noopener\">Pulpopat\u00edas\/Desmodontitis<\/a>. Consultado el 16 de septiembre de 2022.<\/p>\n<p><strong>Facultad de Farmacia de Lorraine<\/strong>. Sophie Barbelet. Tesis. <a href=\"http:\/\/docnum.univ-lorraine.fr\/public\/BUPHA_T_2015_BARBELET_SOPHIE.pdf\" target=\"_blank\" rel=\"noopener\">El clavo: historia, descripci\u00f3n y usos de la planta y de su aceite esencial<\/a>. Consultado el 16 de septiembre de 2022.<\/p>\n<\/div><\/div><!--\/copyscapeskip-->","protected":false},"excerpt":{"rendered":"<p>Contributor:&nbsp; Dr Abel Jes\u00fas Pederzoli Updated:&nbsp;junio 13, 2023 La artritis no solo afecta las articulaciones, sino tambi\u00e9n los dientes. La afecci\u00f3n no es grave si se trata a tiempo, pero puede ser extremadamente dolorosa, as\u00ed que es natural que quieras pedir una cita de urgencia con el dentista. Si experimentas dolor punzante al masticar, es [&hellip;]<\/p>\n","protected":false},"author":10,"featured_media":20227,"parent":0,"menu_order":0,"comment_status":"open","ping_status":"open","template":"","meta":{"inline_featured_image":false},"acf":[],"_links":{"self":[{"href":"https:\/\/nutrident.fr\/es\/wp-json\/wp\/v2\/pages\/15078"}],"collection":[{"href":"https:\/\/nutrident.fr\/es\/wp-json\/wp\/v2\/pages"}],"about":[{"href":"https:\/\/nutrident.fr\/es\/wp-json\/wp\/v2\/types\/page"}],"author":[{"embeddable":true,"href":"https:\/\/nutrident.fr\/es\/wp-json\/wp\/v2\/users\/10"}],"replies":[{"embeddable":true,"href":"https:\/\/nutrident.fr\/es\/wp-json\/wp\/v2\/comments?post=15078"}],"version-history":[{"count":35,"href":"https:\/\/nutrident.fr\/es\/wp-json\/wp\/v2\/pages\/15078\/revisions"}],"predecessor-version":[{"id":21999,"href":"https:\/\/nutrident.fr\/es\/wp-json\/wp\/v2\/pages\/15078\/revisions\/21999"}],"wp:featuredmedia":[{"embeddable":true,"href":"https:\/\/nutrident.fr\/es\/wp-json\/wp\/v2\/media\/20227"}],"wp:attachment":[{"href":"https:\/\/nutrident.fr\/es\/wp-json\/wp\/v2\/media?parent=15078"}],"curies":[{"name":"wp","href":"https:\/\/api.w.org\/{rel}","templated":true}]}}