

{"id":15135,"date":"2022-09-19T11:03:14","date_gmt":"2022-09-19T11:03:14","guid":{"rendered":"https:\/\/nutrident.fr\/?page_id=15135"},"modified":"2023-06-13T10:37:59","modified_gmt":"2023-06-13T10:37:59","slug":"quistes-dentales","status":"publish","type":"page","link":"https:\/\/nutrident.fr\/es\/quistes-dentales\/","title":{"rendered":"Tipos de quistes dentales, sus s\u00edntomas y posibles tratamientos"},"content":{"rendered":"<div class=\"meta\"><div class=\"meta__users\">    <div class=\"meta__users__reviewed\">\r\n      <p class=\"meta__users__caption\">Contributor:&nbsp;<\/p>\r\n      <div class=\"users\">\r\n        <span class=\"users__user\">\r\n          <a href=\"#\">Dr Abel Jes\u00fas Pederzoli<\/a>\r\n        <\/span>\r\n      <\/div>\r\n    <\/div>\r\n\t<\/div><div class=\"meta__date-modified\">Updated:&nbsp;<span>junio 13, 2023<\/span><\/div><\/div><div class=\"wp-block-image\">\n<figure class=\"alignright size-medium\"><img width=\"300\" height=\"225\" src=\"https:\/\/nutrident.fr\/wp-content\/uploads\/2019\/08\/iStock-1193841052-300x225.jpg\" alt=\"quiste dental\" class=\"wp-image-7679\" srcset=\"https:\/\/nutrident.fr\/wp-content\/uploads\/2019\/08\/iStock-1193841052-300x225.jpg 300w, https:\/\/nutrident.fr\/wp-content\/uploads\/2019\/08\/iStock-1193841052-1024x768.jpg 1024w, https:\/\/nutrident.fr\/wp-content\/uploads\/2019\/08\/iStock-1193841052-768x576.jpg 768w, https:\/\/nutrident.fr\/wp-content\/uploads\/2019\/08\/iStock-1193841052-510x382.jpg 510w, https:\/\/nutrident.fr\/wp-content\/uploads\/2019\/08\/iStock-1193841052-1080x810.jpg 1080w, https:\/\/nutrident.fr\/wp-content\/uploads\/2019\/08\/iStock-1193841052-980x735.jpg 980w, https:\/\/nutrident.fr\/wp-content\/uploads\/2019\/08\/iStock-1193841052-480x360.jpg 480w, https:\/\/nutrident.fr\/wp-content\/uploads\/2019\/08\/iStock-1193841052.jpg 1183w\" sizes=\"(max-width: 300px) 100vw, 300px\" \/><\/figure><\/div>\n\n\n<p>Los quistes dentales son bolsas llenas de una sustancia l\u00edquida o semil\u00edquida que se forman en el interior de los tejidos bucales y que en algunos casos pueden llegar a producir molestias e incomodidad.<\/p>\n\n\n\n<p>Es imprescindible que los quistes dentales sean tratados por un dentista en cuanto se detecten. Al principio son benignos y se tratan f\u00e1cilmente, pero pueden volverse peligrosos y extremadamente dolorosos si no se tratan.<\/p>\n\n\n\n<div id=\"ez-toc-container\" class=\"ez-toc-v2_0_33_2 counter-hierarchy ez-toc-counter ez-toc-white ez-toc-container-direction\">\n<div class=\"ez-toc-title-container\">\n<p class=\"ez-toc-title\">Contenus<\/p>\n<span class=\"ez-toc-title-toggle\"><a href=\"#\" class=\"ez-toc-pull-right ez-toc-btn ez-toc-btn-xs ez-toc-btn-default ez-toc-toggle\" style=\"display: none;\"><label for=\"item\" aria-label=\"Tabla de contenidos\"><i class=\"ez-toc-glyphicon ez-toc-icon-toggle\"><\/i><\/label><input type=\"checkbox\" id=\"item\"><\/a><\/span><\/div>\n<nav><ul class='ez-toc-list ez-toc-list-level-1'><li class='ez-toc-page-1 ez-toc-heading-level-2'><a class=\"ez-toc-link ez-toc-heading-1\" href=\"https:\/\/nutrident.fr\/es\/quistes-dentales\/#%C2%BFQue_es_un_quiste_dental\" title=\"\u00bfQu\u00e9 es un quiste dental?\">\u00bfQu\u00e9 es un quiste dental?<\/a><\/li><li class='ez-toc-page-1 ez-toc-heading-level-2'><a class=\"ez-toc-link ez-toc-heading-2\" href=\"https:\/\/nutrident.fr\/es\/quistes-dentales\/#%C2%BFCuales_son_los_sintomas_de_un_quiste_dental\" title=\"\u00bfCu\u00e1les son los s\u00edntomas de un quiste dental?\">\u00bfCu\u00e1les son los s\u00edntomas de un quiste dental?<\/a><\/li><li class='ez-toc-page-1 ez-toc-heading-level-2'><a class=\"ez-toc-link ez-toc-heading-3\" href=\"https:\/\/nutrident.fr\/es\/quistes-dentales\/#%C2%BFQue_ocurre_si_no_se_trata_el_quiste_dental\" title=\"\u00bfQu\u00e9 ocurre si no se trata el quiste dental?\">\u00bfQu\u00e9 ocurre si no se trata el quiste dental?<\/a><\/li><li class='ez-toc-page-1 ez-toc-heading-level-2'><a class=\"ez-toc-link ez-toc-heading-4\" href=\"https:\/\/nutrident.fr\/es\/quistes-dentales\/#%C2%BFCuales_son_los_diferentes_tipos_de_quistes_dentales\" title=\"\u00bfCu\u00e1les son los diferentes tipos de quistes dentales?\">\u00bfCu\u00e1les son los diferentes tipos de quistes dentales?<\/a><\/li><li class='ez-toc-page-1 ez-toc-heading-level-2'><a class=\"ez-toc-link ez-toc-heading-5\" href=\"https:\/\/nutrident.fr\/es\/quistes-dentales\/#%C2%BFComo_se_trata_un_quiste_dental\" title=\"\u00bfC\u00f3mo se trata un quiste dental?\">\u00bfC\u00f3mo se trata un quiste dental?<\/a><\/li><li class='ez-toc-page-1 ez-toc-heading-level-2'><a class=\"ez-toc-link ez-toc-heading-6\" href=\"https:\/\/nutrident.fr\/es\/quistes-dentales\/#Preguntas_frecuentes\" title=\"Preguntas frecuentes\">Preguntas frecuentes<\/a><\/li><\/ul><\/nav><\/div>\n<h2><span class=\"ez-toc-section\" id=\"%C2%BFQue_es_un_quiste_dental\"><\/span>\u00bfQu\u00e9 es un quiste dental?<span class=\"ez-toc-section-end\"><\/span><\/h2>\n\n\n\n<h3>Quiste bajo el diente<\/h3>\n\n\n\n<p>Si el quiste mide menos de 5 mil\u00edmetros, se le denomina granuloma. Se trata de una <strong>bolsa redonda u ovalada <\/strong>que se desarrolla bajo un diente muerto, una corona, un diente de leche o una muela del juicio, en el extremo de la ra\u00edz del diente. Si no se trata, seguir\u00e1 llen\u00e1ndose de l\u00edquido y creciendo.<\/p>\n\n\n\n<p>Este cuerpo extra\u00f1o se debe a varios factores, entre ellos la osteog\u00e9nesis, el proceso que permite el crecimiento del tejido \u00f3seo. Sucede cuando este tejido se acumula y acaba desencadenando una <strong>inflamaci\u00f3n<\/strong> que se convierte en un quiste de origen inflamatorio.<\/p>\n\n\n\n<p>Los <strong>golpes o traumatismos<\/strong> tambi\u00e9n pueden provocar la formaci\u00f3n de un quiste.<\/p>\n\n\n\n<h3>Quiste en la enc\u00eda<\/h3>\n\n\n\n<p>El quiste en la enc\u00eda suele ser cong\u00e9nito, lo que significa que est\u00e1 presente desde el nacimiento. Tambi\u00e9n puede tener un <strong>origen infeccioso<\/strong> y desarrollarse junto con una caries, <a href=\"https:\/\/nutrident.fr\/es\/absceso-dental\/\" target=\"_blank\" data-type=\"URL\" data-id=\"https:\/\/nutrident.fr\/es\/absceso-dental\/\" rel=\"noreferrer noopener\">un absceso<\/a> o un traumatismo. En este caso, las bacterias orales proliferan y favorecen la formaci\u00f3n de la p\u00fastula.<\/p>\n\n\n\n<p>En el siguiente v\u00eddeo, un doctor nos explica de forma f\u00e1cil qu\u00e9 es un quiste dental y c\u00f3mo tratarlo.<\/p>\n\n\n\n<figure class=\"wp-block-embed is-type-video is-provider-youtube wp-block-embed-youtube wp-embed-aspect-16-9 wp-has-aspect-ratio\"><div class=\"wp-block-embed__wrapper\">\n<iframe title=\"INFECCI\u00d3N DENTAL quistes\" width=\"500\" height=\"281\" src=\"https:\/\/www.youtube.com\/embed\/0gi5IhftyP8?start=355&#038;feature=oembed\" frameborder=\"0\" allow=\"accelerometer; autoplay; clipboard-write; encrypted-media; gyroscope; picture-in-picture; web-share\" allowfullscreen><\/iframe>\n<\/div><\/figure>\n\n\n\n<h2><span class=\"ez-toc-section\" id=\"%C2%BFCuales_son_los_sintomas_de_un_quiste_dental\"><\/span>\u00bfCu\u00e1les son los s\u00edntomas de un quiste dental?<span class=\"ez-toc-section-end\"><\/span><\/h2>\n\n\n\n<p>El quiste <strong>suele detectarse tarde<\/strong>, cuando se vuelve doloroso, pero puede desarrollarse durante varios a\u00f1os sin que lo notes. Tambi\u00e9n puede descubrirse por casualidad, durante una revisi\u00f3n rutinaria o en una radiograf\u00eda que se realiza por otro problema.<\/p>\n\n\n\n<p>La revisi\u00f3n anual en el dentista para detectar caries es tambi\u00e9n la forma de revelar este problema en su fase de desarrollo, antes de que sea doloroso.<\/p>\n\n\n\n<p>El primer s\u00edntoma de los quistes dentales es la <strong>inflamaci\u00f3n de las enc\u00edas o de la mand\u00edbula<\/strong>. Sin embargo, hay algunas se\u00f1ales de advertencia que pueden alertarte, como por ejemplo:<\/p>\n\n\n\n<ul><li>Dolor breve e intenso en la mand\u00edbula<\/li><li>Dolor o molestias al apretar los dientes o masticar<\/li><li>Enc\u00edas sangrantes<\/li><li>Problemas de <a href=\"https:\/\/nutrident.fr\/es\/bruxismo\/\">mordida<\/a><\/li><li>Traumatismo que provoca una fractura de mand\u00edbula<\/li><li>Los dientes se mueven de forma anormal<\/li><li>Desarrollo de f\u00edstulas<\/li><\/ul>\n\n\n\n<p>Si tienes alguna duda, pide una cita con el dentista. Tendr\u00e1n que hacerte una radiograf\u00eda u ortopantomograf\u00eda, m\u00e1s conocida como panor\u00e1mica dental.<\/p>\n\n\n\n<h2><span class=\"ez-toc-section\" id=\"%C2%BFQue_ocurre_si_no_se_trata_el_quiste_dental\"><\/span>\u00bfQu\u00e9 ocurre si no se trata el quiste dental?<span class=\"ez-toc-section-end\"><\/span><\/h2>\n\n\n\n<p>Un quiste dentario es benigno y de f\u00e1cil tratamiento. Sin embargo, si dejas que se desarrolle sin recibir tratamiento, te expones a consecuencias m\u00e1s graves que<strong> pueden deteriorar la salud bucal y general<\/strong>.<\/p>\n\n\n\n<p>Estos son los riesgos relacionados con un quiste dental no tratado:<\/p>\n\n\n<div class=\"wp-block-image\">\n<figure class=\"alignright size-medium\"><img width=\"300\" height=\"200\" src=\"https:\/\/nutrident.fr\/wp-content\/uploads\/2019\/10\/pexels-andrea-piacquadio-3771115-300x200.jpg\" alt=\"hombre que sufre por un quiste dental\" class=\"wp-image-7477\" srcset=\"https:\/\/nutrident.fr\/wp-content\/uploads\/2019\/10\/pexels-andrea-piacquadio-3771115-300x200.jpg 300w, https:\/\/nutrident.fr\/wp-content\/uploads\/2019\/10\/pexels-andrea-piacquadio-3771115-1024x683.jpg 1024w, https:\/\/nutrident.fr\/wp-content\/uploads\/2019\/10\/pexels-andrea-piacquadio-3771115-768x512.jpg 768w, https:\/\/nutrident.fr\/wp-content\/uploads\/2019\/10\/pexels-andrea-piacquadio-3771115-1536x1024.jpg 1536w, https:\/\/nutrident.fr\/wp-content\/uploads\/2019\/10\/pexels-andrea-piacquadio-3771115-2048x1365.jpg 2048w, https:\/\/nutrident.fr\/wp-content\/uploads\/2019\/10\/pexels-andrea-piacquadio-3771115-1080x720.jpg 1080w, https:\/\/nutrident.fr\/wp-content\/uploads\/2019\/10\/pexels-andrea-piacquadio-3771115-1280x854.jpg 1280w, https:\/\/nutrident.fr\/wp-content\/uploads\/2019\/10\/pexels-andrea-piacquadio-3771115-980x653.jpg 980w, https:\/\/nutrident.fr\/wp-content\/uploads\/2019\/10\/pexels-andrea-piacquadio-3771115-480x320.jpg 480w\" sizes=\"(max-width: 300px) 100vw, 300px\" \/><figcaption>Un quiste oral puede ser muy doloroso<\/figcaption><\/figure><\/div>\n\n\n<ul><li>Contaminaci\u00f3n general de la boca<\/li><li>Formaci\u00f3n de un absceso y de pus en el tejido mandibular<\/li><li>Absceso cerebral<\/li><li>Dolor que gradualmente se volver\u00e1 insoportable<\/li><li>Problemas para masticar<\/li><li>Fatiga general que puede ir acompa\u00f1ada de fiebre<\/li><li>Aflojamiento del diente afectado, que acabar\u00e1 por caerse<\/li><li>En casos extremos, la deformaci\u00f3n de la mand\u00edbula<\/li><li>Ganglios inflamados<\/li><li>Infecci\u00f3n renal<\/li><li>Dolor en todo el cuerpo a nivel de las articulaciones<\/li><li>Sinusitis<\/li><li>Problemas respiratorios<\/li><li>Enfermedades cardiovasculares<\/li><\/ul>\n\n\n\n<p>Si no se interviene, el quiste crecer\u00e1 y aumentar\u00e1 el tama\u00f1o del tejido mandibular. Entonces <strong>se formar\u00e1n met\u00e1stasis<\/strong>, como ocurre con el c\u00e1ncer, y se producir\u00e1 la contaminaci\u00f3n del resto del cuerpo a trav\u00e9s de los vasos sangu\u00edneos.<\/p>\n\n\n\n<h2><span class=\"ez-toc-section\" id=\"%C2%BFCuales_son_los_diferentes_tipos_de_quistes_dentales\"><\/span>\u00bfCu\u00e1les son los diferentes tipos de quistes dentales?<span class=\"ez-toc-section-end\"><\/span><\/h2>\n\n\n\n<p>Determinar la naturaleza del quiste es esencial para decidir el m\u00e9todo de tratamiento. Estos son los diferentes tipos de quistes que se pueden desarrollar en la cavidad oral:<\/p>\n\n\n<div class=\"wp-block-image\">\n<figure class=\"alignright size-large is-resized\"><img src=\"https:\/\/nutrident.fr\/wp-content\/uploads\/2022\/09\/Quiste-bajo-los-dientes-1024x860.jpg\" alt=\"\" class=\"wp-image-15171\" width=\"300\" height=\"200\"\/><figcaption>Quiste dental inflamatorio<\/figcaption><\/figure><\/div>\n\n\n<h3>Quiste dental inflamatorio<\/h3>\n\n\n\n<p>Se trata de una <strong>infecci\u00f3n de la pulpa dental <\/strong>no tratada o mal tratada. Puede causar una hinchaz\u00f3n que provoca un dolor intenso, pero tambi\u00e9n puede ser asintom\u00e1tico. El dentista puede detectarlo durante la revisi\u00f3n anual.<\/p>\n\n\n\n<h3>Quiste dental epitelial<\/h3>\n\n\n\n<p>El quiste dental epitelial est\u00e1 relacionado con <strong>el desarrollo y crecimiento de los dientes<\/strong>. Se forma cuando un diente crece y erupciona, por lo que es m\u00e1s frecuente en beb\u00e9s y ni\u00f1os peque\u00f1os, en cuyo caso se le conoce como quiste gingival. Este problema puede ser dentario o folicular, cuando se localiza en el esmalte del diente.<\/p>\n\n\n\n<p>El quiste de erupci\u00f3n crece alrededor de la corona del diente. El quiste de calcificaci\u00f3n, por otro lado, es una lesi\u00f3n benigna muy rara. Tambi\u00e9n se pueden desarrollar quistes periodontales y quistes glandulares.<\/p>\n\n\n\n<h3>Quistes en la boca<\/h3>\n\n\n\n<p>Estos bultos no s\u00f3lo afectan a los dientes, sino a toda la boca. Ya no se llaman quistes dentales, porque <strong>afectan los labios y el paladar<\/strong>, pero tambi\u00e9n la cara e incluso el cuello. Naturalmente, son m\u00e1s f\u00e1ciles de detectar.<\/p>\n\n\n\n<h4>Quiste del paladar<\/h4>\n\n\n\n<p>Tambi\u00e9n conocido como quiste del conducto nasopalatino, es un peque\u00f1o tumor que se forma en los tejidos del paladar. Es un tipo de quiste bastante com\u00fan que debe ser eliminado mediante cirug\u00eda.<\/p>\n\n\n\n<h4>Quiste nasolabial<\/h4>\n\n\n\n<p>El quiste nasolabial se desarrolla en los labios y <strong>provoca hinchaz\u00f3n labial<\/strong>, por lo que puede detectarse a tiempo. Es necesario someterse a una cirug\u00eda para extirparlo. El m\u00e9dico abrir\u00e1 el labio para extraerlo y despu\u00e9s se debe seguir un tratamiento con antibi\u00f3ticos para curar y prevenir la infecci\u00f3n.<\/p>\n\n\n\n<h4>Quiste en la mejilla<\/h4>\n\n\n\n<p>El quiste dermoide se localiza en los tejidos del <strong>interior de la mejilla<\/strong> y debe ser extirpado por un cirujano. Si es externo, el quiste de mejilla es menos grave, pero la cirug\u00eda sigue siendo necesaria. No obstante, se trata de un simple problema cut\u00e1neo y no de un tumor.<\/p>\n\n\n\n<h2><span class=\"ez-toc-section\" id=\"%C2%BFComo_se_trata_un_quiste_dental\"><\/span>\u00bfC\u00f3mo se trata un quiste dental?<span class=\"ez-toc-section-end\"><\/span><\/h2>\n\n\n<div class=\"wp-block-image\">\n<figure class=\"alignright size-medium\"><img width=\"300\" height=\"163\" src=\"https:\/\/nutrident.fr\/wp-content\/uploads\/2019\/08\/adult-business-care-chair-305565-300x163.jpg\" alt=\"quiste en los dientes\" class=\"wp-image-3180\" srcset=\"https:\/\/nutrident.fr\/wp-content\/uploads\/2019\/08\/adult-business-care-chair-305565-300x163.jpg 300w, https:\/\/nutrident.fr\/wp-content\/uploads\/2019\/08\/adult-business-care-chair-305565-480x260.jpg 480w, https:\/\/nutrident.fr\/wp-content\/uploads\/2019\/08\/adult-business-care-chair-305565.jpg 750w\" sizes=\"(max-width: 300px) 100vw, 300px\" \/><figcaption>Es necesario acudir al dentista para recibir tratamiento contra el quiste dental<\/figcaption><\/figure><\/div>\n\n\n<p>Es tu dentista quien debe determinar c\u00f3mo tratar un quiste. Para realizar el diagn\u00f3stico ser\u00e1 necesario tomar una radiograf\u00eda.<\/p>\n\n\n\n<p>Es posible que s\u00f3lo tengas que tomar una medicaci\u00f3n que detenga la infecci\u00f3n y permita que el quiste desaparezca sin intervenci\u00f3n m\u00e9dica. Sin embargo, en la mayor\u00eda de los casos <strong>se requiere una intervenci\u00f3n quir\u00fargica<\/strong> para eliminarlo de forma permanente.<\/p>\n\n\n\n<h3>Cirug\u00eda para extirpar un quiste dental<\/h3>\n\n\n\n<p>La operaci\u00f3n quir\u00fargica la realiza un cirujano-dentista con anestesia local, aunque en casos extremos puede utilizarse anestesia general.<\/p>\n\n\n\n<p>Se trata de una <strong>extirpaci\u00f3n<\/strong>: el dentista corta el tejido, vac\u00eda el contenido del quiste y elimina la bolsa. Tambi\u00e9n aprovechar\u00e1 la ocasi\u00f3n para comprobar que el quiste no ha proliferado y que tus dientes y enc\u00edas vecinos no necesitan tratamiento.<\/p>\n\n\n\n<p>El cirujano-dentista debe estar muy atento. Si quedan peque\u00f1os fragmentos del quiste, puede ser necesaria una nueva operaci\u00f3n, ya que <strong>la bolsa puede volver a formarse<\/strong>.<\/p>\n\n\n\n<p>Cuando el efecto de la anestesia haya desaparecido, el dolor puede ser intenso, por lo que el dentista te recetar\u00e1 analg\u00e9sicos.<\/p>\n\n\n\n<h3>Cuidados postoperatorios de los quistes dentales<\/h3>\n\n\n\n<p>Adem\u00e1s de los analg\u00e9sicos, el dentista te prescribir\u00e1 un <strong>tratamiento con antibi\u00f3ticos<\/strong> durante varios d\u00edas para evitar que se forme una infecci\u00f3n y que se contamine toda la boca.<\/p>\n\n\n\n<p>Debes mantener una <a href=\"https:\/\/nutrident.fr\/es\/cepillarse-correctamente-los-dientes\/\" target=\"_blank\" data-type=\"URL\" data-id=\"https:\/\/nutrident.fr\/es\/cepillarse-correctamente-los-dientes\/\" rel=\"noreferrer noopener\">higiene bucal exhaustiva<\/a> despu\u00e9s de la operaci\u00f3n. Ten mucho cuidado con el cepillo de dientes, pues las cerdas pueden provocar un dolor intenso si raspan la zona que est\u00e1 cicatrizando. Tambi\u00e9n puedes utilizar un enjuague bucal, que suele prescribir el dentista.<\/p>\n\n\n\n<p>En cuanto a la dieta, <strong>evita los alimentos duros<\/strong>, demasiado calientes o demasiado fr\u00edos, y mastica en el lado opuesto a la lesi\u00f3n. Si eres fumador, esta es tu oportunidad para dejarlo. El calor que desprende el <a href=\"https:\/\/nutrident.fr\/es\/tabaco\/\" target=\"_blank\" data-type=\"URL\" data-id=\"https:\/\/nutrident.fr\/es\/tabaco\/\" rel=\"noreferrer noopener\">humo del tabaco<\/a> es intenso y calienta el tejido que est\u00e1 cicatrizando, lo que resulta muy doloroso. Por otro lado, las diversas sustancias que contienen los cigarrillos son perjudiciales para una herida en proceso de curaci\u00f3n.<\/p>\n\n\n\n<p>Ten paciencia: una vez que la herida haya cicatrizado, recuperar\u00e1s todas tus capacidades bucodentales. Mientras tanto, <a href=\"https:\/\/nutrident.fr\/es\/inflamacion-de-encias\/\" target=\"_blank\" data-type=\"URL\" data-id=\"https:\/\/nutrident.fr\/es\/inflamacion-de-encias\/\" rel=\"noreferrer noopener\">las enc\u00edas pueden sangrar y estar doloridas<\/a>. Aseg\u00farate de seguir la medicaci\u00f3n a rajatabla y de terminar los antibi\u00f3ticos, aunque ya no tengas dolor.<\/p>\n\n\n\n<p>Tu dentista programar\u00e1 una <strong>cita de seguimiento<\/strong> para verificar la curaci\u00f3n y asegurarse de que el quiste no reaparezca.<\/p>\n\n\n\n<p>Es importante realizar <strong>controles regulares<\/strong>, al menos una vez al a\u00f1o, para detectar y tratar los quistes dentales a tiempo. Cuanto antes se detecte el quiste, m\u00e1s sencillo ser\u00e1 el tratamiento. Si sientes dolor en la boca, pide una <a href=\"https:\/\/nutrident.fr\/es\/dentista-de-urgencias\/\" target=\"_blank\" rel=\"noreferrer noopener\">cita urgente<\/a> con el dentista, ya que cuanto m\u00e1s esperes, m\u00e1s dolor experimentar\u00e1s y mayor ser\u00e1 el riesgo de que la infecci\u00f3n se extienda.<\/p>\n\n\n\n<h2><span class=\"ez-toc-section\" id=\"Preguntas_frecuentes\"><\/span>Preguntas frecuentes<span class=\"ez-toc-section-end\"><\/span><\/h2>\n\n\n<div id=\"rank-math-faq\" class=\"rank-math-block\">\n<div class=\"rank-math-list \">\n<div id=\"faq-question-1685534852093\" class=\"rank-math-list-item\">\n<h3 class=\"rank-math-question \">\u00bfC\u00f3mo eliminar un quiste dental?<\/h3>\n<div class=\"rank-math-answer \">\n\n<p>La mejor manera de tratar un quiste dental es a trav\u00e9s de una cirug\u00eda menor, aunque en algunos casos es posible eliminarlos con medicamentos recetados por el dentista.<\/p>\n\n<\/div>\n<\/div>\n<div id=\"faq-question-1685534889673\" class=\"rank-math-list-item\">\n<h3 class=\"rank-math-question \">\u00bfCu\u00e1les son las diferencias entre un quiste dental y un absceso dental?<\/h3>\n<div class=\"rank-math-answer \">\n\n<p>La principal diferencia es que el absceso es una acumulaci\u00f3n de pus, es decir, una infecci\u00f3n, mientras que el quiste se compone de un l\u00edquido que puede estar infectado o no. Otra diferencia es el dolor que provocan: el absceso provoca un dolor intenso acompa\u00f1ado de fiebre, fatiga o hinchaz\u00f3n, mientras que el quiste puede provocar molestias leves e incluso puede ser asintom\u00e1tico.<\/p>\n\n<\/div>\n<\/div>\n<div id=\"faq-question-1685535051643\" class=\"rank-math-list-item\">\n<h3 class=\"rank-math-question \">\u00bfCu\u00e1les son los m\u00e9todos naturales para eliminar un quiste dental?<\/h3>\n<div class=\"rank-math-answer \">\n\n<p>Los enjuagues bucales hechos con bicarbonato de sodio son muy efectivos para aliviar los s\u00edntomas del quiste. Sin embargo, ning\u00fan m\u00e9todo natural o casero ser\u00e1 efectivo para eliminar el quiste, por lo que es necesario acudir al dentista.<\/p>\n\n<\/div>\n<\/div>\n<\/div>\n<\/div><div class=\"article-data before-content\"><div class=\"article-data__date\"><div class=\"article-data__date-modified\"><time class=\"published\" datetime=\"2022-09-19T11:03:14+00:00\">This article was originally published on&nbsp;<span class=\"2\">septiembre 19, 2022<\/span>&nbsp;and was most recently updated on&nbsp;<span>junio 13, 2023<\/span><\/time><br><\/div><\/div><\/div><div class=\"user-info\">    <div class=\"user-info__body\">\r\n      <div class=\"user-info__caption\"><span>Contributors:<\/span><\/div>\r\n\t\t\t        <div class=\"user-info__wrap \">\r\n          <div class=\"user-info__data\">\r\n            <div class=\"user-info__data__info\">\r\n              <div class=\"photo\">\r\n\t\t\t\t\t\t\t\t<img width=\"66\" height=\"61\" src=\"https:\/\/nutrident.fr\/wp-content\/uploads\/2023\/06\/unnamed-66x61.jpg\" class=\"attachment-profileImageAuthor size-profileImageAuthor wp-post-image\" alt=\"Dr Abel Jes\u00fas Pederzoli\" loading=\"lazy\" srcset=\"https:\/\/nutrident.fr\/wp-content\/uploads\/2023\/06\/unnamed-66x61.jpg 66w, https:\/\/nutrident.fr\/wp-content\/uploads\/2023\/06\/unnamed-300x279.jpg 300w, https:\/\/nutrident.fr\/wp-content\/uploads\/2023\/06\/unnamed-1024x952.jpg 1024w, https:\/\/nutrident.fr\/wp-content\/uploads\/2023\/06\/unnamed-768x714.jpg 768w, https:\/\/nutrident.fr\/wp-content\/uploads\/2023\/06\/unnamed-204x190.jpg 204w, https:\/\/nutrident.fr\/wp-content\/uploads\/2023\/06\/unnamed-120x112.jpg 120w, https:\/\/nutrident.fr\/wp-content\/uploads\/2023\/06\/unnamed.jpg 1125w\" sizes=\"(max-width: 66px) 100vw, 66px\" \/>              <\/div>\r\n              <a href=\"https:\/\/nutrident.fr\/es\/author\/dr-abel-jesus-pederzoli\/\" class=\"name\">Dr Abel Jes\u00fas Pederzoli<\/a>\r\n            <\/div>\r\n            <div class=\"user-info__data__social\">\r\n\t\t\t\t\t\t\t\t\t\t\t\t\t\t\t\t\t\t\t\t\t          <a href=\"https:\/\/clinicaleixample.es\/\"\r\n             class=\"soc-item website\">website<\/a>\r\n\t\t\t\t          <a href=\"http:\/\/linkedin.com\/in\/abel-jes%C3%BAs-pederzoli\"\r\n             class=\"soc-item linkedin\">linkedin<\/a>\r\n\t\t\t\t            <\/div>\r\n          <\/div>\r\n          <div class=\"user-info__description\">\r\n\t\t\t\t\t\t\t\t\t\t\t\t\t<p>Con t\u00edtulos obtenidos en la Facultad de Odontolog\u00eda de la Universidad Nacional de La Plata y una participaci\u00f3n activa en congresos y jornadas, el Dr. Pederzoli se mantiene actualizado en las \u00faltimas t\u00e9cnicas y avances en odontolog\u00eda. Actualmente se encuentra desarrollando un proyecto de consultor\u00eda tecnol\u00f3gica aplicada a cl\u00ednicas dentales.<\/p>\n\t\t\t\t\t\t          <\/div>\r\n        <\/div>\r\n\t\t\t\t    <\/div>\r\n\t<\/div><!--copyscapeskip--><div class=\"medical_references\"><div class=\"medical_references__heading\"><span>Fuentes M\u00e9dicas<\/span><\/div><div class=\"medical_references__list\"><p><strong>Scielo:<\/strong> <a href=\"https:\/\/scielo.isciii.es\/scielo.php?script=sci_arttext&pid=S0213-12852013000200004\" target=\"_blank\" rel=\"noopener\">Opciones terap\u00e9uticas en quistes odontog\u00e9nicos. Revisi\u00f3n<\/a>. Consultado el 26 de mayo de 2023.<\/p>\n<p><strong>NIH:<\/strong> <a href=\"https:\/\/www.ncbi.nlm.nih.gov\/books\/NBK574529\/\" target=\"_blank\" rel=\"noopener\">Odontogenic Cysts<\/a>. Consultado el 26 de mayo de 2023.<\/p>\n<p><strong>WebMD:<\/strong> <a href=\"https:\/\/www.webmd.com\/oral-health\/what-are-dentigerous-cysts\" target=\"_blank\" rel=\"noopener\">What Are Dentigerous Cysts?<\/a> Consultado el 26 de mayo de 2023.<\/p>\n<\/div><\/div><!--\/copyscapeskip-->","protected":false},"excerpt":{"rendered":"<p>Contributor:&nbsp; Dr Abel Jes\u00fas Pederzoli Updated:&nbsp;junio 13, 2023 Los quistes dentales son bolsas llenas de una sustancia l\u00edquida o semil\u00edquida que se forman en el interior de los tejidos bucales y que en algunos casos pueden llegar a producir molestias e incomodidad. Es imprescindible que los quistes dentales sean tratados por un dentista en cuanto [&hellip;]<\/p>\n","protected":false},"author":2,"featured_media":21359,"parent":0,"menu_order":0,"comment_status":"closed","ping_status":"open","template":"","meta":{"inline_featured_image":false},"acf":[],"_links":{"self":[{"href":"https:\/\/nutrident.fr\/es\/wp-json\/wp\/v2\/pages\/15135"}],"collection":[{"href":"https:\/\/nutrident.fr\/es\/wp-json\/wp\/v2\/pages"}],"about":[{"href":"https:\/\/nutrident.fr\/es\/wp-json\/wp\/v2\/types\/page"}],"author":[{"embeddable":true,"href":"https:\/\/nutrident.fr\/es\/wp-json\/wp\/v2\/users\/2"}],"replies":[{"embeddable":true,"href":"https:\/\/nutrident.fr\/es\/wp-json\/wp\/v2\/comments?post=15135"}],"version-history":[{"count":33,"href":"https:\/\/nutrident.fr\/es\/wp-json\/wp\/v2\/pages\/15135\/revisions"}],"predecessor-version":[{"id":21943,"href":"https:\/\/nutrident.fr\/es\/wp-json\/wp\/v2\/pages\/15135\/revisions\/21943"}],"wp:featuredmedia":[{"embeddable":true,"href":"https:\/\/nutrident.fr\/es\/wp-json\/wp\/v2\/media\/21359"}],"wp:attachment":[{"href":"https:\/\/nutrident.fr\/es\/wp-json\/wp\/v2\/media?parent=15135"}],"curies":[{"name":"wp","href":"https:\/\/api.w.org\/{rel}","templated":true}]}}