

{"id":15188,"date":"2022-09-21T11:04:35","date_gmt":"2022-09-21T11:04:35","guid":{"rendered":"https:\/\/nutrident.fr\/?page_id=15188"},"modified":"2023-06-15T21:04:01","modified_gmt":"2023-06-15T21:04:01","slug":"candidiasis","status":"publish","type":"page","link":"https:\/\/nutrident.fr\/es\/candidiasis\/","title":{"rendered":"Candidiasis oral: causas, s\u00edntomas y tratamiento de esta infecci\u00f3n bucal"},"content":{"rendered":"<div class=\"meta\"><div class=\"meta__users\">    <div class=\"meta__users__reviewed\">\r\n      <p class=\"meta__users__caption\">Contributor:&nbsp;<\/p>\r\n      <div class=\"users\">\r\n        <span class=\"users__user\">\r\n          <a href=\"#\">Dr Abel Jes\u00fas Pederzoli<\/a>\r\n        <\/span>\r\n      <\/div>\r\n    <\/div>\r\n\t<\/div><div class=\"meta__date-modified\">Updated:&nbsp;<span>junio 15, 2023<\/span><\/div><\/div><div class=\"wp-block-image\">\n<figure class=\"alignright size-medium\"><img width=\"300\" height=\"224\" src=\"https:\/\/nutrident.fr\/wp-content\/uploads\/2022\/05\/Depositphotos_158663762_S-300x224.jpg\" alt=\"candidiasis oral\" class=\"wp-image-10509\" srcset=\"https:\/\/nutrident.fr\/wp-content\/uploads\/2022\/05\/Depositphotos_158663762_S-300x224.jpg 300w, https:\/\/nutrident.fr\/wp-content\/uploads\/2022\/05\/Depositphotos_158663762_S-768x572.jpg 768w, https:\/\/nutrident.fr\/wp-content\/uploads\/2022\/05\/Depositphotos_158663762_S-254x190.jpg 254w, https:\/\/nutrident.fr\/wp-content\/uploads\/2022\/05\/Depositphotos_158663762_S.jpg 1000w\" sizes=\"(max-width: 300px) 100vw, 300px\" \/><figcaption>\u00bfC\u00f3mo se trata la candidiasis oral?<\/figcaption><\/figure><\/div>\n\n\n<p>La candidiasis oral es una <strong>infecci\u00f3n f\u00fangica bucal<\/strong> que afecta com\u00fanmente a beb\u00e9s y ancianos, pero que tambi\u00e9n se puede producir en cualquier persona a cualquier edad. Suele ser f\u00e1cil de reconocer porque provoca manchas blancas en la boca, pero cuando est\u00e1 presente en su forma leve, la persona afectada puede no notarlo. <\/p>\n\n\n\n<p>Sin embargo, en una fase m\u00e1s avanzada, la candidiasis oral desencadena s\u00edntomas extremadamente desagradables que repercuten en la vida diaria, con molestias y dolores permanentes.<\/p>\n\n\n\n<p>En este art\u00edculo te contamos c\u00f3mo detectar la candidiasis oral y qu\u00e9 hacer a largo plazo para que la enfermedad no se vuelva cr\u00f3nica.<\/p>\n\n\n\n<div id=\"ez-toc-container\" class=\"ez-toc-v2_0_33_2 counter-hierarchy ez-toc-counter ez-toc-white ez-toc-container-direction\">\n<div class=\"ez-toc-title-container\">\n<p class=\"ez-toc-title\">Contenus<\/p>\n<span class=\"ez-toc-title-toggle\"><a href=\"#\" class=\"ez-toc-pull-right ez-toc-btn ez-toc-btn-xs ez-toc-btn-default ez-toc-toggle\" style=\"display: none;\"><label for=\"item\" aria-label=\"Tabla de contenidos\"><i class=\"ez-toc-glyphicon ez-toc-icon-toggle\"><\/i><\/label><input type=\"checkbox\" id=\"item\"><\/a><\/span><\/div>\n<nav><ul class='ez-toc-list ez-toc-list-level-1'><li class='ez-toc-page-1 ez-toc-heading-level-2'><a class=\"ez-toc-link ez-toc-heading-1\" href=\"https:\/\/nutrident.fr\/es\/candidiasis\/#%C2%BFQue_es_la_candidiasis\" title=\"\u00bfQu\u00e9 es la candidiasis?\">\u00bfQu\u00e9 es la candidiasis?<\/a><\/li><li class='ez-toc-page-1 ez-toc-heading-level-2'><a class=\"ez-toc-link ez-toc-heading-2\" href=\"https:\/\/nutrident.fr\/es\/candidiasis\/#%C2%BFCuales_son_los_factores_de_riesgo_de_la_candidiasis\" title=\"\u00bfCu\u00e1les son los factores de riesgo de la candidiasis?\">\u00bfCu\u00e1les son los factores de riesgo de la candidiasis?<\/a><\/li><li class='ez-toc-page-1 ez-toc-heading-level-2'><a class=\"ez-toc-link ez-toc-heading-3\" href=\"https:\/\/nutrident.fr\/es\/candidiasis\/#%C2%BFComo_reconocer_la_candidiasis_Sintomas\" title=\"\u00bfC\u00f3mo reconocer la candidiasis? S\u00edntomas\">\u00bfC\u00f3mo reconocer la candidiasis? S\u00edntomas<\/a><\/li><li class='ez-toc-page-1 ez-toc-heading-level-2'><a class=\"ez-toc-link ez-toc-heading-4\" href=\"https:\/\/nutrident.fr\/es\/candidiasis\/#%C2%BFComo_prevenir_la_candidosis_oral\" title=\"\u00bfC\u00f3mo prevenir la candidosis oral?\">\u00bfC\u00f3mo prevenir la candidosis oral?<\/a><\/li><li class='ez-toc-page-1 ez-toc-heading-level-2'><a class=\"ez-toc-link ez-toc-heading-5\" href=\"https:\/\/nutrident.fr\/es\/candidiasis\/#Tratamientos_para_la_candidiasis_oral\" title=\"Tratamientos para la candidiasis oral\">Tratamientos para la candidiasis oral<\/a><\/li><li class='ez-toc-page-1 ez-toc-heading-level-2'><a class=\"ez-toc-link ez-toc-heading-6\" href=\"https:\/\/nutrident.fr\/es\/candidiasis\/#Preguntas_frecuentes\" title=\"Preguntas frecuentes\">Preguntas frecuentes<\/a><\/li><\/ul><\/nav><\/div>\n<h2><span class=\"ez-toc-section\" id=\"%C2%BFQue_es_la_candidiasis\"><\/span>\u00bfQu\u00e9 es la candidiasis?<span class=\"ez-toc-section-end\"><\/span><\/h2>\n\n\n\n<p>El cuerpo humano est\u00e1 poblado de forma natural por miles de millones de bacterias y hongos a los que ofrecemos alimento y refugio a cambio de peque\u00f1os servicios esenciales para nuestro buen funcionamiento.  La <strong>Candida albicans<\/strong>, el hongo que causa la candidiasis, es uno de esos microorganismos que nuestro cuerpo necesita. Est\u00e1 <strong>presente de forma natural en la flora del tracto digestivo y en la mucosa vaginal<\/strong>. Su misi\u00f3n es consumir restos org\u00e1nicos para limpiar nuestro organismo.<\/p>\n\n\n\n<p>Cuando la candida albicans est\u00e9 presente en cantidades razonables, es nuestra aliada, pero si empieza a proliferar,<strong> desencadena un desequilibrio<\/strong> que conduce a la candidiasis. Al reproducirse en exceso se convierte en moho, pasando del estado de levadura a una forma filamentosa pat\u00f3gena que se adhiere a las mucosas para colonizarlas mejor.<\/p>\n\n\n\n<h2><span class=\"ez-toc-section\" id=\"%C2%BFCuales_son_los_factores_de_riesgo_de_la_candidiasis\"><\/span>\u00bfCu\u00e1les son los factores de riesgo de la candidiasis?<span class=\"ez-toc-section-end\"><\/span><\/h2>\n\n\n\n<p><strong>La candidiasis<\/strong> o candidosis es bastante <strong>oportunista<\/strong> porque aprovecha un trastorno del organismo para desarrollarse. <a href=\"https:\/\/nutrident.fr\/es\/diabetes-y-dientes\/\">La diabetes<\/a> es uno de esos factores. Por lo tanto, un paciente con candidiasis grave o recurrente se someter\u00e1 primero a una prueba de diabetes.<\/p>\n\n\n\n<p>Los tratamientos con <strong>antibi\u00f3ticos de amplio espectro<\/strong> erradican la flora natural de las mucosas y favorecen la proliferaci\u00f3n de la candida albicans. Las personas con <strong>inmunidad reducida<\/strong> son m\u00e1s propensas a desarrollar esta infecci\u00f3n, es por ello que es m\u00e1s com\u00fan en beb\u00e9s y en <a href=\"https:\/\/nutrident.fr\/es\/salud-bucodental-para-personas-mayores\/\" target=\"_blank\" data-type=\"URL\" data-id=\"https:\/\/nutrident.fr\/es\/salud-bucodental-para-personas-mayores\/\" rel=\"noreferrer noopener\">personas mayores<\/a>. La candidiasis tambi\u00e9n puede desarrollarse f\u00e1cilmente en las personas que siguen una terapia inmunosupresora a base de cortisona o un tratamiento contra el SIDA.<\/p>\n\n\n\n<p>La <strong>candidiasis vaginal<\/strong> es causada por el mismo hongo candida albicans. Si tienes candidiasis vaginal y un <a href=\"https:\/\/nutrident.fr\/es\/cuidar-dientes-del-bebe\/\" target=\"_blank\" data-type=\"URL\" data-id=\"https:\/\/nutrident.fr\/es\/cuidar-dientes-del-bebe\/\" rel=\"noreferrer noopener\">beb\u00e9 lactante<\/a>, es posible transmitirle la infecci\u00f3n y el resultado ser\u00e1 una candidiasis oral.<\/p>\n\n\n\n<h2><span class=\"ez-toc-section\" id=\"%C2%BFComo_reconocer_la_candidiasis_Sintomas\"><\/span>\u00bfC\u00f3mo reconocer la candidiasis? S\u00edntomas<span class=\"ez-toc-section-end\"><\/span><\/h2>\n\n\n<div class=\"wp-block-image\">\n<figure class=\"alignright size-medium\"><img width=\"300\" height=\"200\" src=\"https:\/\/nutrident.fr\/wp-content\/uploads\/2022\/05\/Depositphotos_250666776_S-300x200.jpg\" alt=\"candidiasis oral\" class=\"wp-image-10512\" srcset=\"https:\/\/nutrident.fr\/wp-content\/uploads\/2022\/05\/Depositphotos_250666776_S-300x200.jpg 300w, https:\/\/nutrident.fr\/wp-content\/uploads\/2022\/05\/Depositphotos_250666776_S-768x512.jpg 768w, https:\/\/nutrident.fr\/wp-content\/uploads\/2022\/05\/Depositphotos_250666776_S-254x169.jpg 254w, https:\/\/nutrident.fr\/wp-content\/uploads\/2022\/05\/Depositphotos_250666776_S.jpg 1000w\" sizes=\"(max-width: 300px) 100vw, 300px\" \/><figcaption>La candidiasis oral es una forma com\u00fan de candidiasis<\/figcaption><\/figure><\/div>\n\n\n<p>La <strong>candidiasis oral <\/strong>produce aftas o \u00falceras en la boca. La mucosa se vuelve de un rojo intenso y se cubre de una multitud de peque\u00f1os puntos blancos que en el interior de las mejillas, las <a href=\"https:\/\/nutrident.fr\/es\/inflamacion-de-encias\/\">enc\u00edas<\/a>, el paladar y las am\u00edgdalas. <\/p>\n\n\n\n<p>A medida que empeora, esta infecci\u00f3n produce parches o manchas blancas en la lengua, en las mejillas, en el paladar e incluso puede extenderse hasta afectar las am\u00edgdalas. Otros s\u00edntomas incluyen:<\/p>\n\n\n\n<ul><li>Sangrado leve al tocar o rozar las lesiones<\/li><li><a href=\"https:\/\/nutrident.fr\/es\/ageusia\/\" target=\"_blank\" data-type=\"URL\" data-id=\"https:\/\/nutrident.fr\/es\/ageusia\/\" rel=\"noreferrer noopener\">P\u00e9rdida del sentido del gusto<\/a><\/li><li>Dificultad para tragar<\/li><li><a href=\"https:\/\/nutrident.fr\/es\/halitosis\/\" target=\"_blank\" data-type=\"URL\" data-id=\"https:\/\/nutrident.fr\/es\/halitosis\/\" rel=\"noreferrer noopener\">Mal aliento<\/a><\/li><li>Agrietamiento de las comisuras de la boca<\/li><\/ul>\n\n\n\n<p>La candidiasis no s\u00f3lo provoca <strong>ardor e irritaci\u00f3n<\/strong>, sino que tambi\u00e9n tiene un efecto muy negativo en todo el organismo. Puedes experimentar una fatiga permanente o grandes bajadas de energ\u00eda, estr\u00e9s y nerviosismo, problemas de alergia, problemas de sue\u00f1o, cambios de peso, problemas digestivos, incluyendo intolerancias alimentarias, etc.<\/p>\n\n\n\n<h2><span class=\"ez-toc-section\" id=\"%C2%BFComo_prevenir_la_candidosis_oral\"><\/span>\u00bfC\u00f3mo prevenir la candidosis oral?<span class=\"ez-toc-section-end\"><\/span><\/h2>\n\n\n\n<p>Es importante mantener una <strong>buena higiene dental<\/strong> para evitar que el hongo prolifere, sobre todo si est\u00e1s bajo un tratamiento con antibi\u00f3ticos, corticoesteroides o inmunosupresores. <a href=\"https:\/\/nutrident.fr\/es\/cepillarse-correctamente-los-dientes\/\" target=\"_blank\" data-type=\"URL\" data-id=\"https:\/\/nutrident.fr\/es\/cepillarse-correctamente-los-dientes\/\" rel=\"noreferrer noopener\">Cep\u00edllate los dientes<\/a> tres veces al d\u00eda y utiliza hilo dental y enjuague bucal.<\/p>\n\n\n\n<p>Si usas una <a href=\"https:\/\/nutrident.fr\/es\/dentaduras-postizas\/\" target=\"_blank\" data-type=\"URL\" data-id=\"https:\/\/nutrident.fr\/es\/dentaduras-postizas\/\" rel=\"noreferrer noopener\">dentadura postiza<\/a>, aseg\u00farate de <strong>limpiarla todas las noches<\/strong> y de que se ajusta adecuadamente a tu boca para evitar cualquier irritaci\u00f3n que pueda desencadenar una candidiasis. Si sufres de <a href=\"https:\/\/nutrident.fr\/es\/boca-seca\/\" target=\"_blank\" data-type=\"URL\" data-id=\"https:\/\/nutrident.fr\/es\/boca-seca\/\" rel=\"noreferrer noopener\">boca seca<\/a>, es importante que abordes este problema con tu m\u00e9dico para prevenir esta infecci\u00f3n.<\/p>\n\n\n\n<p>La dieta tambi\u00e9n juega un papel importante en la prevenci\u00f3n y control de la Candida albicans. Limita tu <a href=\"https:\/\/nutrident.fr\/es\/son-los-dulces-realmente-malos-para-los-dientes\/\" target=\"_blank\" data-type=\"URL\" data-id=\"https:\/\/nutrident.fr\/es\/son-los-dulces-realmente-malos-para-los-dientes\/\" rel=\"noreferrer noopener\">consumo de az\u00facar<\/a> (el alimento favorito de este hongo) e incluye alimentos que contengan <strong>probi\u00f3ticos<\/strong>, como el yogur y otros alimentos fermentados. Tambi\u00e9n puedes obtener probi\u00f3ticos a trav\u00e9s de c\u00e1psulas disponibles en cualquier farmacia.<\/p>\n\n\n\n<h2><span class=\"ez-toc-section\" id=\"Tratamientos_para_la_candidiasis_oral\"><\/span>Tratamientos para la candidiasis oral<span class=\"ez-toc-section-end\"><\/span><\/h2>\n\n\n\n<p>La candidosis oral se trata con <strong>medicamentos antif\u00fangicos<\/strong> (Fluconazol, Clotrimazol y otros azoles), com\u00fanmente en forma de c\u00e1psulas, pastillas o enjuagues. Sin embargo, este hongo es persistente y es posible que vuelva a aparecer despu\u00e9s de este tipo de tratamientos si no se trata a causa subyacente.<\/p>\n\n\n\n<h2><span class=\"ez-toc-section\" id=\"Preguntas_frecuentes\"><\/span>Preguntas frecuentes<span class=\"ez-toc-section-end\"><\/span><\/h2>\n\n\n<div id=\"rank-math-faq\" class=\"rank-math-block\">\n<div class=\"rank-math-list \">\n<div id=\"faq-question-1657866046365\" class=\"rank-math-list-item\">\n<h3 class=\"rank-math-question \">\u00bfCu\u00e1nto tiempo tarda en curarse la candidiasis?<\/h3>\n<div class=\"rank-math-answer \">\n\n<p>Sin tratamiento es dificil eliminar la infecci\u00f3n, aunque en algunos pocos casos puede desaparecer al cabo de dos semanas. Usando un medicamento antif\u00fangico, la candidiasis oral puede eliminarse despu\u00e9s de una semana. <\/p>\n\n<\/div>\n<\/div>\n<div id=\"faq-question-1679736552333\" class=\"rank-math-list-item\">\n<h3 class=\"rank-math-question \">\u00bfQu\u00e9 mata la Candida naturalmente?<\/h3>\n<div class=\"rank-math-answer \">\n\n<p>Los hongos y las bacterias compiten sin descanso entre ellas para colonizar partes de nuestro cuerpo, as\u00ed que la mejor forma de eliminar la candida de manera natural es consumiendo alimentos ricos en probi\u00f3ticos. Los probi\u00f3ticos son bacterias saludables presentes en alimentos fermentados, como el yogur, el chucrut (o el kimchi, su versi\u00f3n coreana), el k\u00e9fir, el t\u00e9 kombucha, las microalgas, el suero de mantequilla, y otros.<\/p>\n\n<\/div>\n<\/div>\n<\/div>\n<\/div><div class=\"article-data before-content\"><div class=\"article-data__date\"><div class=\"article-data__date-modified\"><time class=\"published\" datetime=\"2022-09-21T11:04:35+00:00\">This article was originally published on&nbsp;<span class=\"2\">septiembre 21, 2022<\/span>&nbsp;and was most recently updated on&nbsp;<span>junio 15, 2023<\/span><\/time><br><\/div><\/div><\/div><div class=\"user-info\">    <div class=\"user-info__body\">\r\n      <div class=\"user-info__caption\"><span>Contributors:<\/span><\/div>\r\n\t\t\t        <div class=\"user-info__wrap \">\r\n          <div class=\"user-info__data\">\r\n            <div class=\"user-info__data__info\">\r\n              <div class=\"photo\">\r\n\t\t\t\t\t\t\t\t<img width=\"66\" height=\"61\" src=\"https:\/\/nutrident.fr\/wp-content\/uploads\/2023\/06\/unnamed-66x61.jpg\" class=\"attachment-profileImageAuthor size-profileImageAuthor wp-post-image\" alt=\"Dr Abel Jes\u00fas Pederzoli\" loading=\"lazy\" srcset=\"https:\/\/nutrident.fr\/wp-content\/uploads\/2023\/06\/unnamed-66x61.jpg 66w, https:\/\/nutrident.fr\/wp-content\/uploads\/2023\/06\/unnamed-300x279.jpg 300w, https:\/\/nutrident.fr\/wp-content\/uploads\/2023\/06\/unnamed-1024x952.jpg 1024w, https:\/\/nutrident.fr\/wp-content\/uploads\/2023\/06\/unnamed-768x714.jpg 768w, https:\/\/nutrident.fr\/wp-content\/uploads\/2023\/06\/unnamed-204x190.jpg 204w, https:\/\/nutrident.fr\/wp-content\/uploads\/2023\/06\/unnamed-120x112.jpg 120w, https:\/\/nutrident.fr\/wp-content\/uploads\/2023\/06\/unnamed.jpg 1125w\" sizes=\"(max-width: 66px) 100vw, 66px\" \/>              <\/div>\r\n              <a href=\"https:\/\/nutrident.fr\/es\/author\/dr-abel-jesus-pederzoli\/\" class=\"name\">Dr Abel Jes\u00fas Pederzoli<\/a>\r\n            <\/div>\r\n            <div class=\"user-info__data__social\">\r\n\t\t\t\t\t\t\t\t\t\t\t\t\t\t\t\t\t\t\t\t\t          <a href=\"https:\/\/clinicaleixample.es\/\"\r\n             class=\"soc-item website\">website<\/a>\r\n\t\t\t\t          <a href=\"http:\/\/linkedin.com\/in\/abel-jes%C3%BAs-pederzoli\"\r\n             class=\"soc-item linkedin\">linkedin<\/a>\r\n\t\t\t\t            <\/div>\r\n          <\/div>\r\n          <div class=\"user-info__description\">\r\n\t\t\t\t\t\t\t\t\t\t\t\t\t<p>Con t\u00edtulos obtenidos en la Facultad de Odontolog\u00eda de la Universidad Nacional de La Plata y una participaci\u00f3n activa en congresos y jornadas, el Dr. Pederzoli se mantiene actualizado en las \u00faltimas t\u00e9cnicas y avances en odontolog\u00eda. Actualmente se encuentra desarrollando un proyecto de consultor\u00eda tecnol\u00f3gica aplicada a cl\u00ednicas dentales.<\/p>\n\t\t\t\t\t\t          <\/div>\r\n        <\/div>\r\n\t\t\t\t    <\/div>\r\n\t<\/div><!--copyscapeskip--><div class=\"medical_references\"><div class=\"medical_references__heading\"><span>Fuentes M\u00e9dicas<\/span><\/div><div class=\"medical_references__list\"><p><strong>Revista Cubana de Estomatolog\u00eda:<\/strong>\u00a0<a href=\"http:\/\/scielo.sld.cu\/scielo.php?script=sci_arttext&pid=S0034-75072002000200007\" target=\"_blank\" rel=\"noopener\">Candidiasis de la mucosa bucal. Revisi\u00f3n bibliogr\u00e1fica<\/a>. Consultado el 21 de septiembre de 2022.<\/p>\n<p><strong>Mayo Clinic<\/strong>: <a href=\"https:\/\/www.mayoclinic.org\/es-es\/diseases-conditions\/oral-thrush\/symptoms-causes\/syc-20353533\" target=\"_blank\" rel=\"noopener\">Candidosis oral<\/a>. Consultado el 25 de marzo de 2023.<\/p>\n<\/div><\/div><!--\/copyscapeskip-->","protected":false},"excerpt":{"rendered":"<p>Contributor:&nbsp; Dr Abel Jes\u00fas Pederzoli Updated:&nbsp;junio 15, 2023 La candidiasis oral es una infecci\u00f3n f\u00fangica bucal que afecta com\u00fanmente a beb\u00e9s y ancianos, pero que tambi\u00e9n se puede producir en cualquier persona a cualquier edad. Suele ser f\u00e1cil de reconocer porque provoca manchas blancas en la boca, pero cuando est\u00e1 presente en su forma leve, [&hellip;]<\/p>\n","protected":false},"author":14,"featured_media":0,"parent":0,"menu_order":0,"comment_status":"closed","ping_status":"closed","template":"","meta":{"inline_featured_image":false},"acf":[],"_links":{"self":[{"href":"https:\/\/nutrident.fr\/es\/wp-json\/wp\/v2\/pages\/15188"}],"collection":[{"href":"https:\/\/nutrident.fr\/es\/wp-json\/wp\/v2\/pages"}],"about":[{"href":"https:\/\/nutrident.fr\/es\/wp-json\/wp\/v2\/types\/page"}],"author":[{"embeddable":true,"href":"https:\/\/nutrident.fr\/es\/wp-json\/wp\/v2\/users\/14"}],"replies":[{"embeddable":true,"href":"https:\/\/nutrident.fr\/es\/wp-json\/wp\/v2\/comments?post=15188"}],"version-history":[{"count":30,"href":"https:\/\/nutrident.fr\/es\/wp-json\/wp\/v2\/pages\/15188\/revisions"}],"predecessor-version":[{"id":21786,"href":"https:\/\/nutrident.fr\/es\/wp-json\/wp\/v2\/pages\/15188\/revisions\/21786"}],"wp:attachment":[{"href":"https:\/\/nutrident.fr\/es\/wp-json\/wp\/v2\/media?parent=15188"}],"curies":[{"name":"wp","href":"https:\/\/api.w.org\/{rel}","templated":true}]}}