

{"id":15343,"date":"2022-09-22T15:25:01","date_gmt":"2022-09-22T15:25:01","guid":{"rendered":"https:\/\/nutrident.fr\/?page_id=15343"},"modified":"2023-06-13T10:17:15","modified_gmt":"2023-06-13T10:17:15","slug":"caries","status":"publish","type":"page","link":"https:\/\/nutrident.fr\/es\/caries\/","title":{"rendered":"Caries dental: Causas, s\u00edntomas y tratamientos"},"content":{"rendered":"<div class=\"meta\"><div class=\"meta__users\">    <div class=\"meta__users__reviewed\">\r\n      <p class=\"meta__users__caption\">Contributor:&nbsp;<\/p>\r\n      <div class=\"users\">\r\n        <span class=\"users__user\">\r\n          <a href=\"#\">Dr Abel Jes\u00fas Pederzoli<\/a>\r\n        <\/span>\r\n      <\/div>\r\n    <\/div>\r\n\t<\/div><div class=\"meta__date-modified\">Updated:&nbsp;<span>junio 13, 2023<\/span><\/div><\/div><div class=\"wp-block-image\">\n<figure class=\"alignright size-medium\"><img width=\"300\" height=\"199\" src=\"https:\/\/nutrident.fr\/wp-content\/uploads\/2021\/02\/istock-carie-300x199.jpg\" alt=\"atenci\u00f3n caries\" class=\"wp-image-8750\" srcset=\"https:\/\/nutrident.fr\/wp-content\/uploads\/2021\/02\/istock-carie-300x199.jpg 300w, https:\/\/nutrident.fr\/wp-content\/uploads\/2021\/02\/istock-carie-1024x679.jpg 1024w, https:\/\/nutrident.fr\/wp-content\/uploads\/2021\/02\/istock-carie-768x510.jpg 768w, https:\/\/nutrident.fr\/wp-content\/uploads\/2021\/02\/istock-carie-1080x717.jpg 1080w, https:\/\/nutrident.fr\/wp-content\/uploads\/2021\/02\/istock-carie-980x650.jpg 980w, https:\/\/nutrident.fr\/wp-content\/uploads\/2021\/02\/istock-carie-480x318.jpg 480w, https:\/\/nutrident.fr\/wp-content\/uploads\/2021\/02\/istock-carie.jpg 1257w\" sizes=\"(max-width: 300px) 100vw, 300px\" \/><figcaption>Las caries se producen cada vez m\u00e1s temprano en los ni\u00f1os<\/figcaption><\/figure><\/div>\n\n\n<p id=\"block-a7f6771b-8f5c-45fb-8775-e2793a299d2b\"><br>Pocas personas no han tenido una caries en su vida. Y es que, aunque esta condici\u00f3n siempre ha existido, su prevalencia <strong>ha aumentado dram\u00e1ticamente<\/strong> en las \u00faltimas d\u00e9cadas.<\/p>\n\n\n\n<p id=\"block-a7f6771b-8f5c-45fb-8775-e2793a299d2b\">Los dentistas culpan a los alimentos procesados, al consumo excesivo de <a href=\"https:\/\/nutrident.fr\/es\/?page_id=17220\">dulces y refrescos<\/a> y a picar durante todo el d\u00eda.<\/p>\n\n\n\n<p id=\"block-00eaa5c1-ea4a-47b4-87b8-7a372ff0b54b\">La caries se encuentra cada vez m\u00e1s temprano en ni\u00f1os peque\u00f1os cuya <a href=\"https:\/\/nutrident.fr\/es\/caries-y-dieta\/\" data-type=\"URL\" data-id=\"https:\/\/nutrident.fr\/es\/caries-y-dieta\/\" target=\"_blank\" rel=\"noreferrer noopener\">dieta es excesiva en az\u00facar<\/a> y carece de los nutrientes que se obtienen de las frutas y verduras.<\/p>\n\n\n\n<p>En este art\u00edculo, <a href=\"https:\/\/nutrident.fr\/es\/\">Nutrident<\/a> te explica en qu\u00e9 consiste la caries, una condici\u00f3n que <strong>es inofensiva si se trata a tiempo<\/strong>, pero que puede tener graves consecuencias si no se trata.<\/p>\n\n\n\n<div id=\"ez-toc-container\" class=\"ez-toc-v2_0_33_2 counter-hierarchy ez-toc-counter ez-toc-white ez-toc-container-direction\">\n<div class=\"ez-toc-title-container\">\n<p class=\"ez-toc-title\">Contenus<\/p>\n<span class=\"ez-toc-title-toggle\"><a href=\"#\" class=\"ez-toc-pull-right ez-toc-btn ez-toc-btn-xs ez-toc-btn-default ez-toc-toggle\" style=\"display: none;\"><label for=\"item\" aria-label=\"Tabla de contenidos\"><i class=\"ez-toc-glyphicon ez-toc-icon-toggle\"><\/i><\/label><input type=\"checkbox\" id=\"item\"><\/a><\/span><\/div>\n<nav><ul class='ez-toc-list ez-toc-list-level-1'><li class='ez-toc-page-1 ez-toc-heading-level-2'><a class=\"ez-toc-link ez-toc-heading-1\" href=\"https:\/\/nutrident.fr\/es\/caries\/#%C2%BFQue_es_la_caries_dental\" title=\"\u00bfQu\u00e9 es la caries dental?\">\u00bfQu\u00e9 es la caries dental?<\/a><\/li><li class='ez-toc-page-1 ez-toc-heading-level-2'><a class=\"ez-toc-link ez-toc-heading-2\" href=\"https:\/\/nutrident.fr\/es\/caries\/#Sintomas_de_la_caries_dental\" title=\"S\u00edntomas de la caries dental\">S\u00edntomas de la caries dental<\/a><\/li><li class='ez-toc-page-1 ez-toc-heading-level-2'><a class=\"ez-toc-link ez-toc-heading-3\" href=\"https:\/\/nutrident.fr\/es\/caries\/#Caries_en_los_ninos\" title=\"Caries en los ni\u00f1os\">Caries en los ni\u00f1os<\/a><\/li><li class='ez-toc-page-1 ez-toc-heading-level-2'><a class=\"ez-toc-link ez-toc-heading-4\" href=\"https:\/\/nutrident.fr\/es\/caries\/#Caries_en_mujeres_embarazadas\" title=\"Caries en mujeres embarazadas\">Caries en mujeres embarazadas<\/a><\/li><li class='ez-toc-page-1 ez-toc-heading-level-2'><a class=\"ez-toc-link ez-toc-heading-5\" href=\"https:\/\/nutrident.fr\/es\/caries\/#%C2%BFComo_evitar_la_caries\" title=\"\u00bfC\u00f3mo evitar la caries?\">\u00bfC\u00f3mo evitar la caries?<\/a><\/li><li class='ez-toc-page-1 ez-toc-heading-level-2'><a class=\"ez-toc-link ez-toc-heading-6\" href=\"https:\/\/nutrident.fr\/es\/caries\/#%C2%BFComo_tratar_una_caries\" title=\"\u00bfC\u00f3mo tratar una caries?\">\u00bfC\u00f3mo tratar una caries?<\/a><\/li><li class='ez-toc-page-1 ez-toc-heading-level-2'><a class=\"ez-toc-link ez-toc-heading-7\" href=\"https:\/\/nutrident.fr\/es\/caries\/#%C2%BFCuanto_cuesta_el_tratamiento_de_la_caries_dental\" title=\"\u00bfCu\u00e1nto cuesta el tratamiento de la caries dental?\">\u00bfCu\u00e1nto cuesta el tratamiento de la caries dental?<\/a><\/li><li class='ez-toc-page-1 ez-toc-heading-level-2'><a class=\"ez-toc-link ez-toc-heading-8\" href=\"https:\/\/nutrident.fr\/es\/caries\/#Preguntas_frecuentes\" title=\"Preguntas frecuentes\">Preguntas frecuentes<\/a><\/li><\/ul><\/nav><\/div>\n<h2 id=\"block-73b50a02-0517-4931-8ff9-2476bef159bf\"><span class=\"ez-toc-section\" id=\"%C2%BFQue_es_la_caries_dental\"><\/span>\u00bfQu\u00e9 es la caries dental?<span class=\"ez-toc-section-end\"><\/span><\/h2>\n\n\n\n<p id=\"block-9f49894f-e2a1-4888-be4e-2645d9eee0a5\">La caries es <strong>una enfermedad causada por las bacterias que viven en tu boca<\/strong>. La saliva y los restos de comida que se quedan en tu boca producen una sustancia llamada <a href=\"https:\/\/nutrident.fr\/es\/revelador-de-placa\/\" data-type=\"URL\" data-id=\"https:\/\/nutrident.fr\/es\/revelador-de-placa\/\" target=\"_blank\" rel=\"noreferrer noopener\">placa<\/a>, la cual contiene un gran n\u00famero de bacterias.<\/p>\n\n\n\n<p id=\"block-f6dec12a-11d3-42dc-a6c1-26df9aa3f729\">El cepillado regular de los dientes ayuda a eliminar la placa antes de que se deposite en los dientes <strong>y se calcifique en forma de sarro<\/strong>. Una vez que <a href=\"https:\/\/nutrident.fr\/es\/?p=16412\">el sarro se ha instalado,<\/a> las bacterias pueden da\u00f1ar los dientes con mayor facilidad.<\/p>\n\n\n\n<p id=\"block-125b1782-9556-4953-82c0-2c26e4783a4b\">Las bacterias de la boca se alimentan de az\u00facar y producen <a href=\"https:\/\/nutrident.fr\/es\/?page_id=16717\">\u00e1cidos que erosionan <\/a>el esmalte dental, lo que con el tiempo provoca <strong>peque\u00f1os agujeros en la superficie del diente<\/strong>. Si el dentista no interviene r\u00e1pidamente, las bacterias seguir\u00e1n perforando y llegar\u00e1n a la capa inferior, la dentina, y despu\u00e9s a la parte viva del diente, la pulpa.<\/p>\n\n\n\n<h2 id=\"block-dad283cb-a5e3-49f0-8256-f5844aef3bce\"><span class=\"ez-toc-section\" id=\"Sintomas_de_la_caries_dental\"><\/span>S\u00edntomas de la caries dental<span class=\"ez-toc-section-end\"><\/span><\/h2>\n\n\n\n<p id=\"block-a97b5ca4-854e-4146-8807-1117b69b3af7\">La caries <strong>tarda en producir s\u00edntomas.<\/strong> Mientras las bacterias no hayan penetrado la capa de esmalte, no sentir\u00e1s ning\u00fan dolor. Lo \u00fanico que revela su presencia es una peque\u00f1a mancha o punto negro, que es la zona erosionada, pero se necesita la luz y la lupa del dentista para verla.  <\/p>\n\n\n\n<h3>Un punto negro<\/h3>\n\n\n\n<p id=\"block-a97b5ca4-854e-4146-8807-1117b69b3af7\">Si la caries est\u00e1 en un diente frontal, podr\u00e1s ver el peque\u00f1o punto negro utilizando un espejo de aumento. Tambi\u00e9n puedes sentir la <strong>irregularidad que crea en la superficie del diente <\/strong>pasando la lengua sobre ella.<\/p>\n\n\n\n<p id=\"block-6bb830bf-2eff-40a2-9326-98b8b96a02ea\">Dado que los primeros signos de caries no son f\u00e1ciles de detectar, una<strong> revisi\u00f3n en el dentista<\/strong> es esencial a cualquier edad, y debe realizarse al menos <strong>una vez al a\u00f1o<\/strong>. No obestante, lo mejor es hacerlo dos veces al a\u00f1o, especialmente si no tienes una dentadura muy saludable.<\/p>\n\n\n\n<h3>Mayor sensibilidad al calor y al fr\u00edo<\/h3>\n\n\n<div class=\"wp-block-image\">\n<figure class=\"alignright\" id=\"block-c9aaa5e9-95ce-4a4f-aeaf-672415d061c0\"><img src=\"https:\/\/nutrident.fr\/wp-content\/uploads\/2021\/01\/iStock-953458574-300x252.jpg\" alt=\"caries\"\/><figcaption>El dolor comienza a sentirse cuando la caries ataca la dentina<\/figcaption><\/figure><\/div>\n\n\n<p id=\"block-61f279f1-de32-41f7-9350-ff126d48edb1\">Si la caries no se trata en esta fase, los s\u00edntomas comenzar\u00e1n a aparecer. El primero es la <strong><a href=\"https:\/\/nutrident.fr\/es\/sensibilidad-dental\/\">hipersensibilidad<\/a><\/strong> al fr\u00edo y al calor, as\u00ed como al masticar, especialmente si el diente entra en contacto con alimentos dulces. <\/p>\n\n\n\n<p id=\"block-38fa5f43-3ddd-49f8-a9b5-8df0ce6dc62a\">Cuanto m\u00e1s profundo hayan llegado las bacterias, <strong>m\u00e1s intenso ser\u00e1 el dolor<\/strong>, que tambi\u00e9n se vuelve permanente. El diente puede incluso comenzar a ponerse amarillo o marr\u00f3n.<\/p>\n\n\n\n<p id=\"block-38fa5f43-3ddd-49f8-a9b5-8df0ce6dc62a\">Adem\u00e1s, puede formarse un <strong>absceso que producir\u00e1 dolor<\/strong> en toda la zona que rodea el diente y que provocar\u00e1 que las enc\u00edas se hinchen y se vuelvan de un rojo intenso.<\/p>\n\n\n\n<p id=\"block-e54440c4-1230-43e9-910a-eebbd590bd28\">Las caries tambi\u00e9n provocan <a href=\"https:\/\/nutrident.fr\/es\/halitosis\/\" target=\"_blank\" data-type=\"URL\" data-id=\"https:\/\/nutrident.fr\/es\/halitosis\/\" rel=\"noreferrer noopener\">halitosis<\/a>, es decir, <strong>mal aliento<\/strong>.<\/p>\n\n\n\n<h2 id=\"block-eb0272ed-4a65-4034-9cef-d77a4f56a2a0\"><span class=\"ez-toc-section\" id=\"Caries_en_los_ninos\"><\/span>Caries en los ni\u00f1os<span class=\"ez-toc-section-end\"><\/span><\/h2>\n\n\n\n<p id=\"block-97e9d102-7e8a-4759-9fcd-e4e2e77c72dd\">No debes descuidar la salud bucodental de tus hijos, ya que los <a href=\"https:\/\/nutrident.fr\/es\/dientes-de-leche\/\" data-type=\"URL\" data-id=\"https:\/\/nutrident.fr\/es\/dientes-de-leche\/\" target=\"_blank\" rel=\"noreferrer noopener\">dientes de leche<\/a> pueden desarrollar caries y el hecho de que sean dientes temporales no significa que no debamos preocuparnos. <\/p>\n\n\n\n<p id=\"block-97e9d102-7e8a-4759-9fcd-e4e2e77c72dd\">Por un lado, cualquier infecci\u00f3n puede agravarse y dar lugar a problemas m\u00e1s graves. Las bacterias se multiplican en la boca, luego se ingieren a trav\u00e9s de la saliva y <strong>pueden entrar en el torrente sangu\u00edneo<\/strong>.  <\/p>\n\n\n\n<p id=\"block-97e9d102-7e8a-4759-9fcd-e4e2e77c72dd\">Por otro lado, las caries en los dientes de leche <strong>pueden transmitirse a los permanentes<\/strong> que est\u00e1n debajo. Los dientes ya estar\u00e1n estropeados cuando salgan de las enc\u00edas.<\/p>\n\n\n\n<p id=\"block-d5e42f9f-a280-4973-8d4e-748bc3e2668a\">Ense\u00f1a a tus hijos a <a href=\"https:\/\/nutrident.fr\/es\/cepillarse-correctamente-los-dientes\/\" data-type=\"URL\" data-id=\"https:\/\/nutrident.fr\/es\/cepillarse-correctamente-los-dientes\/\" target=\"_blank\" rel=\"noreferrer noopener\">cepillarse los dientes<\/a> desde que son muy peque\u00f1os. Esto tambi\u00e9n los ayuda a <strong>desarrollar buenos h\u00e1bitos <\/strong>que mantendr\u00e1n de forma natural durante toda su vida, y ellos a su vez transmitir\u00e1n este buen comportamiento a sus hijos.<\/p>\n\n\n\n<h3 id=\"block-f837cd36-7b3c-4a11-ba87-081fa9dff813\">La influencia de las enfermedades infantiles en la caries<\/h3>\n\n\n\n<p id=\"block-a43ea779-c38e-4915-82c5-4ec250210d6e\">Las enfermedades infantiles pueden hacer que la caries aparezca mucho m\u00e1s temprano. Si la enfermedad ataca al ni\u00f1o en un momento crucial del crecimiento de los dientes, estos se ver\u00e1n afectados por el debilitamiento general del organismo, pero tambi\u00e9n por los tratamientos farmacol\u00f3gicos, que nunca son totalmente inofensivos. Los <strong>antibi\u00f3ticos<\/strong>, por ejemplo, son una causa com\u00fan de varios problemas dentales, incluyendo la caries.<\/p>\n\n\n\n<h2 id=\"block-a877dc18-09fb-441d-a326-1c4eccbc58ce\"><span class=\"ez-toc-section\" id=\"Caries_en_mujeres_embarazadas\"><\/span>Caries en mujeres embarazadas<span class=\"ez-toc-section-end\"><\/span><\/h2>\n\n\n\n<p id=\"block-0326bbf3-c3ec-4e8d-a87f-d16b8eda4bc0\"><a href=\"https:\/\/nutrident.fr\/es\/dientes-y-embarazo\/\">Las mujeres embarazadas<\/a> son m\u00e1s propensas a desarrollar caries por varias razones:<\/p>\n\n\n\n<ul><li>Cuando sufren n\u00e1useas, reflujo y v\u00f3mitos, los <strong>\u00e1cidos que pasan por la boca<\/strong> debilitan el esmalte<\/li><li>Los <strong>cambios hormonales<\/strong> provocan altas concentraciones de progesterona, lo que provoca una disminuci\u00f3n del bicarbonato en la saliva. Esto reduce su eficacia a la hora de contrarrestar la acidez en la boca y provoca la desmineralizaci\u00f3n de los dientes, lo que da como resultado el desarrollo de caries<\/li><li>En general, el cuerpo est\u00e1 cansado por el embarazo y es <strong>menos eficaz<\/strong> en la lucha contra las agresiones<\/li><\/ul>\n\n\n\n<h2 id=\"block-e514ab2d-c126-40da-8c4f-097546bd98af\"><span class=\"ez-toc-section\" id=\"%C2%BFComo_evitar_la_caries\"><\/span>\u00bfC\u00f3mo evitar la caries?<span class=\"ez-toc-section-end\"><\/span><\/h2>\n\n\n\n<p id=\"block-8e5df3a9-b6a7-417f-bf95-136ab6a733f8\">La <strong>higiene bucal<\/strong> es la primera regla para evitar las caries (y todas las dem\u00e1s posibles infecciones bucales). No obstante, debes tener en cuenta que la calidad de los dientes se hereda de los padres, as\u00ed que algunas dentaduras son m\u00e1s fr\u00e1giles que otras y m\u00e1s propensas a la caries.<\/p>\n\n\n\n<h3>Limpiar regularmente los dientes<\/h3>\n\n\n\n<p id=\"block-d0ec4c03-b79e-4e73-9630-80b36325870e\">Debes cepillarte los dientes <strong>despu\u00e9s de cada comida<\/strong>. Se ha demostrado que los <a href=\"https:\/\/nutrident.fr\/es\/cepillo-de-dientes-electrico-o-manual\/\" data-type=\"URL\" data-id=\"https:\/\/nutrident.fr\/es\/cepillo-de-dientes-electrico-o-manual\/\" target=\"_blank\" rel=\"noreferrer noopener\">cepillos de dientes el\u00e9ctricos<\/a> son muy eficaces en la limpieza dental. Su r\u00e1pido movimiento y su capacidad para llegar a los rincones m\u00e1s peque\u00f1os de la boca reducen el riesgo de caries.  <\/p>\n\n\n<div class=\"wp-block-image\">\n<figure class=\"alignright size-medium\"><img width=\"300\" height=\"200\" src=\"https:\/\/nutrident.fr\/wp-content\/uploads\/2022\/05\/Depositphotos_30021647_S-300x200.jpg\" alt=\"tratamiento de una cavidad\" class=\"wp-image-10664\" srcset=\"https:\/\/nutrident.fr\/wp-content\/uploads\/2022\/05\/Depositphotos_30021647_S-300x200.jpg 300w, https:\/\/nutrident.fr\/wp-content\/uploads\/2022\/05\/Depositphotos_30021647_S-768x512.jpg 768w, https:\/\/nutrident.fr\/wp-content\/uploads\/2022\/05\/Depositphotos_30021647_S-254x169.jpg 254w, https:\/\/nutrident.fr\/wp-content\/uploads\/2022\/05\/Depositphotos_30021647_S.jpg 1000w\" sizes=\"(max-width: 300px) 100vw, 300px\" \/><figcaption>El dentista es la persona recomendada para tratar una caries<\/figcaption><\/figure><\/div>\n\n\n<p id=\"block-d0ec4c03-b79e-4e73-9630-80b36325870e\">Al salir a cualquier parte, lleva siempre un cepillo de dientes de viaje y un minitubo de pasta de dientes. As\u00ed podr\u00e1s cepillarte los dientes r\u00e1pidamente para <strong>no tener restos de comida en la boca<\/strong> toda la tarde. Elige una <a href=\"https:\/\/nutrident.fr\/es\/elegir-la-mejor-pasta-de-dientes\/\" target=\"_blank\" rel=\"noreferrer noopener\">pasta de dientes de calidad<\/a>, tu dentista te puede recomendar las mejores marcas.<\/p>\n\n\n\n<h3>El hilo dental: un aliado en la prevenci\u00f3n de la caries<\/h3>\n\n\n\n<p id=\"block-54d1cfd2-5db8-4117-9612-38cf4481d853\">Utiliza <a href=\"https:\/\/nutrident.fr\/es\/hilo-dental\/\" data-type=\"URL\" data-id=\"https:\/\/nutrident.fr\/es\/hilo-dental\/\" target=\"_blank\" rel=\"noreferrer noopener\">hilo dental<\/a> para deshacerte de los <strong>restos de comida que se atascan entre los dientes<\/strong> y que el cepillo no puede eliminar. Tambi\u00e9n puedes utilizar un <a href=\"https:\/\/nutrident.fr\/es\/irrigadores-dentales\/\" target=\"_blank\" data-type=\"URL\" data-id=\"https:\/\/nutrident.fr\/es\/irrigadores-dentales\/\" rel=\"noreferrer noopener\">irrigador dental<\/a> que erradica la placa y proporciona un agradable masaje en las enc\u00edas.<\/p>\n\n\n\n<p id=\"block-a3a78933-4158-4bde-92bc-d67ecf8b2ab2\">Si tu <a href=\"https:\/\/nutrident.fr\/es\/?page_id=17011\">esmalte<\/a> es fr\u00e1gil por naturaleza, puedes encontrar <strong>dent\u00edfricos para fortalecerlo<\/strong> muy eficaces. Cuando hayas terminado de cepillarte los dientes, no te enjuagues con agua y deja que la saliva haga su trabajo, ya que esto prolongar\u00e1 un poco la acci\u00f3n de la pasta de dientes.<\/p>\n\n\n\n<h2 id=\"block-bc111030-b90b-4f6b-94be-0fafe4aa9c92\"><span class=\"ez-toc-section\" id=\"%C2%BFComo_tratar_una_caries\"><\/span>\u00bfC\u00f3mo tratar una caries?<span class=\"ez-toc-section-end\"><\/span><\/h2>\n\n\n\n<p id=\"block-b28668ab-79a0-417e-a96e-e4c727a84aa8\">La caries pueden tratarse con un taladro, una herramienta con una terrible reputaci\u00f3n cuyo ruido hace temblar los sillones de los dentistas.<\/p>\n\n\n\n<h3>La visita al dentista<\/h3>\n\n\n\n<p id=\"block-b28668ab-79a0-417e-a96e-e4c727a84aa8\">Cuando el dentista interviene en la etapa inicial de la caries, en pocos minutos <strong>limpia la cavidad<\/strong> y aplica un <a href=\"https:\/\/nutrident.fr\/es\/empastes-dentales-o-amalgama\/\" data-type=\"URL\" data-id=\"https:\/\/nutrident.fr\/es\/empastes-dentales-o-amalgama\/\" target=\"_blank\" rel=\"noreferrer noopener\">\u00abvendaje\u00bb llamado empaste<\/a>. La amalgama o el composite de color met\u00e1lico est\u00e1n desapareciendo en favor de materiales como el cemento dental, que es m\u00e1s est\u00e9tico por ser del color de los dientes.<\/p>\n\n\n\n<p id=\"block-daa18dc2-fb49-4141-b4f0-ef4622d89b12\">El cuidado de la salud bucodental desde el nacimiento es realmente beneficioso. Por eso es preferible <strong>asistir a la consulta del dentista dos veces al a\u00f1o<\/strong>. Sin embargo, si las bacterias han progresado demasiado en su labor, el dentista puede juzgar que la caries est\u00e1 demasiado avanzada para que un simple empaste sea suficiente.<\/p>\n\n\n\n<h3>Endodoncia<\/h3>\n\n\n\n<p id=\"block-85d0e8e3-fff7-4645-aa93-e08ffbaa8c94\">En este caso, el dentista proceder\u00e1 a <strong>extraer el nervio del diente y eliminar todo el interior da\u00f1ado<\/strong>. A continuaci\u00f3n, recortar\u00e1 el diente para colocar <a href=\"https:\/\/nutrident.fr\/es\/coronas-dentales\/\" data-type=\"URL\" data-id=\"https:\/\/nutrident.fr\/es\/coronas-dentales\/\" target=\"_blank\" rel=\"noreferrer noopener\">una corona<\/a>.<\/p>\n\n\n\n<p id=\"block-c4e77499-f69b-48a6-b2ed-577923091b20\">Si el diente est\u00e1 demasiado da\u00f1ado para soportar una corona, hay que extraerlo y atornillar un <a href=\"https:\/\/nutrident.fr\/es\/implantes-dentales\/\" target=\"_blank\" data-type=\"URL\" data-id=\"https:\/\/nutrident.fr\/es\/implantes-dentales\/\" rel=\"noreferrer noopener\">implante<\/a> en el maxilar para que sirva de pilar a la corona.<\/p>\n\n\n\n<h2 id=\"block-887c1af9-d1c1-4076-830e-fa2494f70157\"><span class=\"ez-toc-section\" id=\"%C2%BFCuanto_cuesta_el_tratamiento_de_la_caries_dental\"><\/span>\u00bfCu\u00e1nto cuesta el tratamiento de la caries dental?<span class=\"ez-toc-section-end\"><\/span><\/h2>\n\n\n\n<p id=\"block-a26bd414-a0e6-4b0e-bed4-5d494186e57a\">El tratamiento de las caries es asequible (<strong>menos de 50 euros<\/strong>) y en muchos casos est\u00e1 cubierto por el seguro dental.<\/p>\n\n\n\n<p id=\"block-6220a2b2-d346-47c3-a269-c8b4d8786efe\">Pero si esperas demasiado, tendr\u00e1n que <strong>extraer el diente<\/strong> y sustituirlo por una corona o un implante, en cuyo caso los costes pueden ascender a cientos de euros. Esto deber\u00eda ser un verdadero incentivo para acudir anualmente al dentista.<\/p>\n\n\n\n<h2><span class=\"ez-toc-section\" id=\"Preguntas_frecuentes\"><\/span>Preguntas frecuentes<span class=\"ez-toc-section-end\"><\/span><\/h2>\n\n\n<div id=\"rank-math-faq\" class=\"rank-math-block\">\n<div class=\"rank-math-list \">\n<div id=\"faq-question-1657866426711\" class=\"rank-math-list-item\">\n<h3 class=\"rank-math-question \">\u00bfCu\u00e1les son los signos de la caries?<\/h3>\n<div class=\"rank-math-answer \">\n\n<p>Varios s\u00edntomas confirman la presencia de una caries. Entre ellos se encuentran el aumento de la sensibilidad dental, la presencia de manchas o peque\u00f1os agujeros en los dientes y el dolor localizado sin motivo aparente.<\/p>\n\n<\/div>\n<\/div>\n<div id=\"faq-question-1657866430990\" class=\"rank-math-list-item\">\n<h3 class=\"rank-math-question \">\u00bfSe puede eliminar una caries de forma natural?<\/h3>\n<div class=\"rank-math-answer \">\n\n<p>Para tratar una caries, lo mejor es buscar ayuda profesional. Sin embargo, es posible prevenir las caries con una buena higiene y una alimentaci\u00f3n saludable. Beber t\u00e9 verde o negro previene la formaci\u00f3n de placa en el esmalte y, por tanto, de caries, gracias a sus componentes antioxidantes.<\/p>\n\n<\/div>\n<\/div>\n<\/div>\n<\/div><div class=\"article-data before-content\"><div class=\"article-data__date\"><div class=\"article-data__date-modified\"><time class=\"published\" datetime=\"2022-09-22T15:25:01+00:00\">This article was originally published on&nbsp;<span class=\"2\">septiembre 22, 2022<\/span>&nbsp;and was most recently updated on&nbsp;<span>junio 13, 2023<\/span><\/time><br><\/div><\/div><\/div><div class=\"user-info\">    <div class=\"user-info__body\">\r\n      <div class=\"user-info__caption\"><span>Contributors:<\/span><\/div>\r\n\t\t\t        <div class=\"user-info__wrap \">\r\n          <div class=\"user-info__data\">\r\n            <div class=\"user-info__data__info\">\r\n              <div class=\"photo\">\r\n\t\t\t\t\t\t\t\t<img width=\"66\" height=\"61\" src=\"https:\/\/nutrident.fr\/wp-content\/uploads\/2023\/06\/unnamed-66x61.jpg\" class=\"attachment-profileImageAuthor size-profileImageAuthor wp-post-image\" alt=\"Dr Abel Jes\u00fas Pederzoli\" loading=\"lazy\" srcset=\"https:\/\/nutrident.fr\/wp-content\/uploads\/2023\/06\/unnamed-66x61.jpg 66w, https:\/\/nutrident.fr\/wp-content\/uploads\/2023\/06\/unnamed-300x279.jpg 300w, https:\/\/nutrident.fr\/wp-content\/uploads\/2023\/06\/unnamed-1024x952.jpg 1024w, https:\/\/nutrident.fr\/wp-content\/uploads\/2023\/06\/unnamed-768x714.jpg 768w, https:\/\/nutrident.fr\/wp-content\/uploads\/2023\/06\/unnamed-204x190.jpg 204w, https:\/\/nutrident.fr\/wp-content\/uploads\/2023\/06\/unnamed-120x112.jpg 120w, https:\/\/nutrident.fr\/wp-content\/uploads\/2023\/06\/unnamed.jpg 1125w\" sizes=\"(max-width: 66px) 100vw, 66px\" \/>              <\/div>\r\n              <a href=\"https:\/\/nutrident.fr\/es\/author\/dr-abel-jesus-pederzoli\/\" class=\"name\">Dr Abel Jes\u00fas Pederzoli<\/a>\r\n            <\/div>\r\n            <div class=\"user-info__data__social\">\r\n\t\t\t\t\t\t\t\t\t\t\t\t\t\t\t\t\t\t\t\t\t          <a href=\"https:\/\/clinicaleixample.es\/\"\r\n             class=\"soc-item website\">website<\/a>\r\n\t\t\t\t          <a href=\"http:\/\/linkedin.com\/in\/abel-jes%C3%BAs-pederzoli\"\r\n             class=\"soc-item linkedin\">linkedin<\/a>\r\n\t\t\t\t            <\/div>\r\n          <\/div>\r\n          <div class=\"user-info__description\">\r\n\t\t\t\t\t\t\t\t\t\t\t\t\t<p>Con t\u00edtulos obtenidos en la Facultad de Odontolog\u00eda de la Universidad Nacional de La Plata y una participaci\u00f3n activa en congresos y jornadas, el Dr. Pederzoli se mantiene actualizado en las \u00faltimas t\u00e9cnicas y avances en odontolog\u00eda. Actualmente se encuentra desarrollando un proyecto de consultor\u00eda tecnol\u00f3gica aplicada a cl\u00ednicas dentales.<\/p>\n\t\t\t\t\t\t          <\/div>\r\n        <\/div>\r\n\t\t\t\t    <\/div>\r\n\t<\/div><!--copyscapeskip--><div class=\"medical_references\"><div class=\"medical_references__heading\"><span>Fuentes M\u00e9dicas<\/span><\/div><div class=\"medical_references__list\"><p><strong>Gaceta dental: <\/strong><a href=\"https:\/\/gacetadental.com\/2021\/10\/que-cubre-dentista-seguridad-social-27868\/\" target=\"_blank\" rel=\"noopener\">\u00bfQu\u00e9 cubre el dentista de la Seguridad Social en Espa\u00f1a?<\/a>. Consultado el 20 de septiembre de 2022.<\/p>\n<\/div><\/div><!--\/copyscapeskip-->","protected":false},"excerpt":{"rendered":"<p>Contributor:&nbsp; Dr Abel Jes\u00fas Pederzoli Updated:&nbsp;junio 13, 2023 Pocas personas no han tenido una caries en su vida. Y es que, aunque esta condici\u00f3n siempre ha existido, su prevalencia ha aumentado dram\u00e1ticamente en las \u00faltimas d\u00e9cadas. Los dentistas culpan a los alimentos procesados, al consumo excesivo de dulces y refrescos y a picar durante todo [&hellip;]<\/p>\n","protected":false},"author":14,"featured_media":14300,"parent":0,"menu_order":0,"comment_status":"closed","ping_status":"closed","template":"","meta":{"inline_featured_image":false},"acf":[],"_links":{"self":[{"href":"https:\/\/nutrident.fr\/es\/wp-json\/wp\/v2\/pages\/15343"}],"collection":[{"href":"https:\/\/nutrident.fr\/es\/wp-json\/wp\/v2\/pages"}],"about":[{"href":"https:\/\/nutrident.fr\/es\/wp-json\/wp\/v2\/types\/page"}],"author":[{"embeddable":true,"href":"https:\/\/nutrident.fr\/es\/wp-json\/wp\/v2\/users\/14"}],"replies":[{"embeddable":true,"href":"https:\/\/nutrident.fr\/es\/wp-json\/wp\/v2\/comments?post=15343"}],"version-history":[{"count":44,"href":"https:\/\/nutrident.fr\/es\/wp-json\/wp\/v2\/pages\/15343\/revisions"}],"predecessor-version":[{"id":21806,"href":"https:\/\/nutrident.fr\/es\/wp-json\/wp\/v2\/pages\/15343\/revisions\/21806"}],"wp:featuredmedia":[{"embeddable":true,"href":"https:\/\/nutrident.fr\/es\/wp-json\/wp\/v2\/media\/14300"}],"wp:attachment":[{"href":"https:\/\/nutrident.fr\/es\/wp-json\/wp\/v2\/media?parent=15343"}],"curies":[{"name":"wp","href":"https:\/\/api.w.org\/{rel}","templated":true}]}}