

{"id":15413,"date":"2022-09-22T11:52:00","date_gmt":"2022-09-22T11:52:00","guid":{"rendered":"https:\/\/nutrident.fr\/?page_id=15413"},"modified":"2023-06-13T10:04:39","modified_gmt":"2023-06-13T10:04:39","slug":"alcohol-y-dientes","status":"publish","type":"page","link":"https:\/\/nutrident.fr\/es\/alcohol-y-dientes\/","title":{"rendered":"El alcohol y los peligros para la salud bucodental"},"content":{"rendered":"<div class=\"meta\"><div class=\"meta__users\">    <div class=\"meta__users__reviewed\">\r\n      <p class=\"meta__users__caption\">Contributor:&nbsp;<\/p>\r\n      <div class=\"users\">\r\n        <span class=\"users__user\">\r\n          <a href=\"#\">Dr Abel Jes\u00fas Pederzoli<\/a>\r\n        <\/span>\r\n      <\/div>\r\n    <\/div>\r\n\t<\/div><div class=\"meta__date-modified\">Updated:&nbsp;<span>junio 13, 2023<\/span><\/div><\/div><div class=\"wp-block-image\">\n<figure class=\"alignright size-medium\"><img width=\"300\" height=\"200\" src=\"https:\/\/nutrident.fr\/wp-content\/uploads\/2022\/06\/alcool-et-parodontite-300x200.jpg\" alt=\"el alcohol y la salud dental\" class=\"wp-image-11032\" srcset=\"https:\/\/nutrident.fr\/wp-content\/uploads\/2022\/06\/alcool-et-parodontite-300x200.jpg 300w, https:\/\/nutrident.fr\/wp-content\/uploads\/2022\/06\/alcool-et-parodontite-1024x682.jpg 1024w, https:\/\/nutrident.fr\/wp-content\/uploads\/2022\/06\/alcool-et-parodontite-768x512.jpg 768w, https:\/\/nutrident.fr\/wp-content\/uploads\/2022\/06\/alcool-et-parodontite-1536x1024.jpg 1536w, https:\/\/nutrident.fr\/wp-content\/uploads\/2022\/06\/alcool-et-parodontite-254x169.jpg 254w, https:\/\/nutrident.fr\/wp-content\/uploads\/2022\/06\/alcool-et-parodontite.jpg 2000w\" sizes=\"(max-width: 300px) 100vw, 300px\" \/><figcaption>El alcohol tiene efectos nocivos sobre los dientes<\/figcaption><\/figure><\/div>\n\n\n<p>El consumo de cualquier bebida alcoh\u00f3lica es perjudicial para nuestra salud en general. Aumento del riesgo cardiovascular, c\u00e1nceres digestivos, enfermedades del sistema nervioso o incluso trastornos cognitivos son algunos de los problemas que puede provocar. Pero rara vez se mencionan los efectos del alcohol en los dientes y en la salud bucodental <\/p>\n\n\n\n<p>\u00bfCu\u00e1les son las consecuencias del consumo de alcohol en los dientes? En este art\u00edculo, <a href=\"https:\/\/nutrident.fr\/es\/\">Nutrident<\/a> te lo explica en detalle.<\/p>\n\n\n\n<div id=\"ez-toc-container\" class=\"ez-toc-v2_0_33_2 counter-hierarchy ez-toc-counter ez-toc-white ez-toc-container-direction\">\n<div class=\"ez-toc-title-container\">\n<p class=\"ez-toc-title\">Contenus<\/p>\n<span class=\"ez-toc-title-toggle\"><a href=\"#\" class=\"ez-toc-pull-right ez-toc-btn ez-toc-btn-xs ez-toc-btn-default ez-toc-toggle\" style=\"display: none;\"><label for=\"item\" aria-label=\"Tabla de contenidos\"><i class=\"ez-toc-glyphicon ez-toc-icon-toggle\"><\/i><\/label><input type=\"checkbox\" id=\"item\"><\/a><\/span><\/div>\n<nav><ul class='ez-toc-list ez-toc-list-level-1'><li class='ez-toc-page-1 ez-toc-heading-level-2'><a class=\"ez-toc-link ez-toc-heading-1\" href=\"https:\/\/nutrident.fr\/es\/alcohol-y-dientes\/#El_alcohol_provoca_mal_aliento\" title=\"El alcohol provoca mal aliento\">El alcohol provoca mal aliento<\/a><\/li><li class='ez-toc-page-1 ez-toc-heading-level-2'><a class=\"ez-toc-link ez-toc-heading-2\" href=\"https:\/\/nutrident.fr\/es\/alcohol-y-dientes\/#El_alcohol_provoca_caries_y_perdida_de_dientes\" title=\"El alcohol provoca caries y p\u00e9rdida de dientes\">El alcohol provoca caries y p\u00e9rdida de dientes<\/a><\/li><li class='ez-toc-page-1 ez-toc-heading-level-2'><a class=\"ez-toc-link ez-toc-heading-3\" href=\"https:\/\/nutrident.fr\/es\/alcohol-y-dientes\/#El_alcohol_reduce_la_calidad_de_la_osteointegracion_de_los_implantes_dentales\" title=\"El alcohol reduce la calidad de la osteointegraci\u00f3n de los implantes dentales\">El alcohol reduce la calidad de la osteointegraci\u00f3n de los implantes dentales<\/a><\/li><li class='ez-toc-page-1 ez-toc-heading-level-2'><a class=\"ez-toc-link ez-toc-heading-4\" href=\"https:\/\/nutrident.fr\/es\/alcohol-y-dientes\/#El_alcohol_favorece_la_enfermedad_periodontal\" title=\"El alcohol favorece la enfermedad periodontal\">El alcohol favorece la enfermedad periodontal<\/a><\/li><li class='ez-toc-page-1 ez-toc-heading-level-2'><a class=\"ez-toc-link ez-toc-heading-5\" href=\"https:\/\/nutrident.fr\/es\/alcohol-y-dientes\/#El_alcohol_aumenta_el_riesgo_de_cancer_oral\" title=\"El alcohol aumenta el riesgo de c\u00e1ncer oral\">El alcohol aumenta el riesgo de c\u00e1ncer oral<\/a><\/li><li class='ez-toc-page-1 ez-toc-heading-level-2'><a class=\"ez-toc-link ez-toc-heading-6\" href=\"https:\/\/nutrident.fr\/es\/alcohol-y-dientes\/#Conclusion\" title=\"Conclusi\u00f3n\">Conclusi\u00f3n<\/a><\/li><\/ul><\/nav><\/div>\n<h2><span class=\"ez-toc-section\" id=\"El_alcohol_provoca_mal_aliento\"><\/span>El alcohol provoca mal aliento<span class=\"ez-toc-section-end\"><\/span><\/h2>\n\n\n\n<p>Existe una fuerte relaci\u00f3n entre la <a href=\"https:\/\/nutrident.fr\/es\/halitosis\/\" target=\"_blank\" data-type=\"URL\" data-id=\"https:\/\/nutrident.fr\/es\/halitosis\/\" rel=\"noreferrer noopener\">halitosis<\/a> (mal aliento) y el consumo regular de alcohol. Sabemos que los malos olores en la boca est\u00e1n causados por <strong>compuestos de azufre producidos por las bacterias de la cavidad bucal<\/strong>, por lo que un desequilibrio en esta flora bacteriana, es decir, un aumento de las bacterias malas y una disminuci\u00f3n de las buenas, es el principal factor implicado.<\/p>\n\n\n\n<p>Sin embargo, el alcohol se difunde r\u00e1pidamente en la saliva y los tejidos blandos del cuerpo, incluidas las gl\u00e1ndulas salivales. Por lo tanto, en estas \u00faltimas produce lo que se conoce como <strong>\u00absialoadenitis<\/strong>\u00ab, es decir, una inflamaci\u00f3n de las gl\u00e1ndulas salivales.<\/p>\n\n\n\n<p>Esto provoca una <strong>disminuci\u00f3n del flujo de saliva<\/strong>, la cual juega un papel muy importante en el mantenimiento del equilibrio de la flora bacteriana oral y del pH. Por tanto, esta disminuci\u00f3n favorece la multiplicaci\u00f3n de las bacterias responsables de los malos olores. La halitosis suele agravarse por los <strong>malos h\u00e1bitos de higiene bucal<\/strong> que suelen tener muchos bebedores de alcohol.<\/p>\n\n\n\n<h2><span class=\"ez-toc-section\" id=\"El_alcohol_provoca_caries_y_perdida_de_dientes\"><\/span>El alcohol provoca caries y p\u00e9rdida de dientes<span class=\"ez-toc-section-end\"><\/span><\/h2>\n\n\n\n<p>Todas las bebidas alcoh\u00f3licas son <a href=\"https:\/\/nutrident.fr\/es\/bebidas-azucaradas\/\" target=\"_blank\" data-type=\"URL\" data-id=\"https:\/\/nutrident.fr\/es\/bebidas-azucaradas\/\" rel=\"noreferrer noopener\">\u00e1cidas y dulces<\/a>, por lo que su consumo diario se asocia a una disminuci\u00f3n permanente del pH bucal (un pH m\u00e1s \u00e1cido), lo que proporciona las <strong>condiciones ideales para la formaci\u00f3n de la caries dental<\/strong>.<\/p>\n\n\n<div class=\"wp-block-image\">\n<figure class=\"alignright size-medium\"><img width=\"300\" height=\"200\" src=\"https:\/\/nutrident.fr\/wp-content\/uploads\/2022\/06\/Depositphotos_24408361_m-2015-300x200.jpg\" alt=\"erosi\u00f3n dental por alcohol\" class=\"wp-image-11036\" srcset=\"https:\/\/nutrident.fr\/wp-content\/uploads\/2022\/06\/Depositphotos_24408361_m-2015-300x200.jpg 300w, https:\/\/nutrident.fr\/wp-content\/uploads\/2022\/06\/Depositphotos_24408361_m-2015-768x512.jpg 768w, https:\/\/nutrident.fr\/wp-content\/uploads\/2022\/06\/Depositphotos_24408361_m-2015-254x169.jpg 254w, https:\/\/nutrident.fr\/wp-content\/uploads\/2022\/06\/Depositphotos_24408361_m-2015.jpg 1000w\" sizes=\"(max-width: 300px) 100vw, 300px\" \/><figcaption>El alcohol es un factor importante en la p\u00e9rdida de dientes<\/figcaption><\/figure><\/div>\n\n\n<p>Adem\u00e1s, el consumo regular de alcohol conduce a la<strong> erosi\u00f3n dental<\/strong>, es decir, a una p\u00e9rdida m\u00e1s o menos extensa del tejido duro de los dientes. Esto se explica por la regurgitaci\u00f3n \u00e1cida y las patolog\u00edas g\u00e1stricas frecuentemente asociadas a los consumidores habituales de alcohol. Tal erosi\u00f3n dental <strong>debilita el diente y lo expone a la colonizaci\u00f3n bacteriana<\/strong>, lo que conduce a la formaci\u00f3n de una <a href=\"https:\/\/nutrident.fr\/es\/caries-y-dieta\/\" target=\"_blank\" data-type=\"URL\" data-id=\"https:\/\/nutrident.fr\/es\/caries-y-dieta\/\" rel=\"noreferrer noopener\">caries<\/a> en el diente y luego a su p\u00e9rdida total.<\/p>\n\n\n\n<h2><span class=\"ez-toc-section\" id=\"El_alcohol_reduce_la_calidad_de_la_osteointegracion_de_los_implantes_dentales\"><\/span>El alcohol reduce la calidad de la osteointegraci\u00f3n de los implantes dentales<span class=\"ez-toc-section-end\"><\/span><\/h2>\n\n\n\n<p>La osteointegraci\u00f3n es el proceso de <strong>curaci\u00f3n y regeneraci\u00f3n \u00f3sea alrededor de un <a href=\"https:\/\/nutrident.fr\/es\/implantes-dentales-precio\/\" target=\"_blank\" data-type=\"URL\" data-id=\"https:\/\/nutrident.fr\/es\/implantes-dentales-precio\/\" rel=\"noreferrer noopener\">implante dental<\/a><\/strong>. Se sabe que el consumo regular de bebidas alcoh\u00f3licas favorece la osteoporosis en general y los huesos de la mand\u00edbula no son una excepci\u00f3n. De hecho, los bebedores de alcohol tienen una mala calidad de osteointegraci\u00f3n tras la colocaci\u00f3n de un implante dental. Esto provoca una falta de estabilidad del implante y un <a href=\"https:\/\/nutrident.fr\/es\/riesgos-de-los-implantes-dentales\/\" target=\"_blank\" data-type=\"URL\" data-id=\"https:\/\/nutrident.fr\/es\/riesgos-de-los-implantes-dentales\/\" rel=\"noreferrer noopener\">riesgo de periimplantitis<\/a>, es decir, de infecci\u00f3n e inflamaci\u00f3n de los tejidos blandos y duros que rodean el implante.<\/p>\n\n\n\n<p>Por eso, los dentistas insisten en que se<strong> debe dejar de consumir bebidas alcoh\u00f3licas<\/strong> (as\u00ed como de <a href=\"https:\/\/nutrident.fr\/es\/tabaco\/\" target=\"_blank\" data-type=\"URL\" data-id=\"https:\/\/nutrident.fr\/es\/tabaco\/\" rel=\"noreferrer noopener\">fumar<\/a>) hasta que finalice el periodo de osteointegraci\u00f3n.<\/p>\n\n\n\n<h2><span class=\"ez-toc-section\" id=\"El_alcohol_favorece_la_enfermedad_periodontal\"><\/span>El alcohol favorece la enfermedad periodontal<span class=\"ez-toc-section-end\"><\/span><\/h2>\n\n\n\n<p>El consumo diario de alcohol tiene muchos efectos en los tejidos blandos de la cavidad oral, incluidos el periodonto y la mucosa oral. Hay varios factores asociados a la aparici\u00f3n de la <a href=\"https:\/\/nutrident.fr\/es\/periodontitis\/\" target=\"_blank\" data-type=\"URL\" data-id=\"https:\/\/nutrident.fr\/es\/periodontitis\/\" rel=\"noreferrer noopener\">enfermedad periodontal<\/a>, pero los principales son:<\/p>\n\n\n\n<ul><li><strong>Deficiencias nutricionales <\/strong>observadas con frecuencia en los bebedores empedernidos<\/li><li><strong>Enfermedad por reflujo gastroesof\u00e1gico<\/strong> que ataca todas las partes de la cavidad oral<\/li><li>Los <strong>factores psicol\u00f3gicos <\/strong>(ansiedad, estr\u00e9s, depresi\u00f3n, etc.). De hecho, el estr\u00e9s favorece los fen\u00f3menos inflamatorios cr\u00f3nicos y la disminuci\u00f3n de la respuesta inmunitaria al inducir la secreci\u00f3n de cortisol, lo que proporciona un caldo de cultivo para la enfermedad periodontal<\/li><li>La <strong>disminuci\u00f3n del flujo de saliva<\/strong> inducida por el consumo de alcohol expone la boca a muchas infecciones, incluidas las mic\u00f3ticas<\/li><\/ul>\n\n\n\n<h2><span class=\"ez-toc-section\" id=\"El_alcohol_aumenta_el_riesgo_de_cancer_oral\"><\/span>El alcohol aumenta el riesgo de c\u00e1ncer oral<span class=\"ez-toc-section-end\"><\/span><\/h2>\n\n\n<div class=\"wp-block-image\">\n<figure class=\"alignright size-medium\"><img width=\"236\" height=\"300\" src=\"https:\/\/nutrident.fr\/wp-content\/uploads\/2020\/05\/cancer-muqueuse-236x300.jpg\" alt=\"c\u00e1ncer de mucosas\" class=\"wp-image-11039\" srcset=\"https:\/\/nutrident.fr\/wp-content\/uploads\/2020\/05\/cancer-muqueuse-236x300.jpg 236w, https:\/\/nutrident.fr\/wp-content\/uploads\/2020\/05\/cancer-muqueuse-150x190.jpg 150w, https:\/\/nutrident.fr\/wp-content\/uploads\/2020\/05\/cancer-muqueuse.jpg 337w\" sizes=\"(max-width: 236px) 100vw, 236px\" \/><figcaption>El consumo de alcohol aumenta el riesgo de desarrollar c\u00e1ncer oral<\/figcaption><\/figure><\/div>\n\n\n<p>El consumo regular de alcohol es tambi\u00e9n un importante factor de riesgo en el desarrollo de muchos c\u00e1nceres, incluido el c\u00e1ncer oral. En efecto, las bebida alcoh\u00f3licas debilitan la mucosa oral, lo que la expone a la formaci\u00f3n de<strong> lesiones precancerosas llamadas<\/strong> <strong>\u00ableucoplasias<\/strong>\u00ab. Estas aparecen como manchas blanquecinas que no se pueden eliminar y, sobre todo, no son dolorosas, lo que hace que su diagn\u00f3stico sea tard\u00edo.<\/p>\n\n\n\n<h2><span class=\"ez-toc-section\" id=\"Conclusion\"><\/span>Conclusi\u00f3n<span class=\"ez-toc-section-end\"><\/span><\/h2>\n\n\n\n<p>Para preservar tu salud general y la de tus dientes, lo mejor es limitar tu consumo de alcohol a un m\u00ednimo estricto. Para ello, no superes nunca las cantidades m\u00e1ximas establecidas por las organizaciones sanitarias, que son aproximadamente dos vasos est\u00e1ndar al d\u00eda para una mujer y tres para un hombre. Tampoco es aconsejable consumir alcohol todos los d\u00edas, debes hacer <strong>descansos de uno o dos d\u00edas <\/strong>para que tu cuerpo tenga tiempo de desintoxicarse.<\/p>\n\n\n\n<p>Por \u00faltimo, insistimos en la importancia del <a href=\"https:\/\/nutrident.fr\/es\/como-lavarse-los-dientes\/\" target=\"_blank\" data-type=\"URL\" data-id=\"https:\/\/nutrident.fr\/es\/como-lavarse-los-dientes\/\" rel=\"noreferrer noopener\">cepillado dental<\/a>: nunca te vayas a la cama sin lavarte los dientes, sobre todo despu\u00e9s de beber alcohol.<\/p>\n<div class=\"article-data before-content\"><div class=\"article-data__date\"><div class=\"article-data__date-modified\"><time class=\"published\" datetime=\"2022-09-22T11:52:00+00:00\">This article was originally published on&nbsp;<span class=\"2\">septiembre 22, 2022<\/span>&nbsp;and was most recently updated on&nbsp;<span>junio 13, 2023<\/span><\/time><br><\/div><\/div><\/div><div class=\"user-info\">    <div class=\"user-info__body\">\r\n      <div class=\"user-info__caption\"><span>Contributors:<\/span><\/div>\r\n\t\t\t        <div class=\"user-info__wrap \">\r\n          <div class=\"user-info__data\">\r\n            <div class=\"user-info__data__info\">\r\n              <div class=\"photo\">\r\n\t\t\t\t\t\t\t\t<img width=\"66\" height=\"61\" src=\"https:\/\/nutrident.fr\/wp-content\/uploads\/2023\/06\/unnamed-66x61.jpg\" class=\"attachment-profileImageAuthor size-profileImageAuthor wp-post-image\" alt=\"Dr Abel Jes\u00fas Pederzoli\" loading=\"lazy\" srcset=\"https:\/\/nutrident.fr\/wp-content\/uploads\/2023\/06\/unnamed-66x61.jpg 66w, https:\/\/nutrident.fr\/wp-content\/uploads\/2023\/06\/unnamed-300x279.jpg 300w, https:\/\/nutrident.fr\/wp-content\/uploads\/2023\/06\/unnamed-1024x952.jpg 1024w, https:\/\/nutrident.fr\/wp-content\/uploads\/2023\/06\/unnamed-768x714.jpg 768w, https:\/\/nutrident.fr\/wp-content\/uploads\/2023\/06\/unnamed-204x190.jpg 204w, https:\/\/nutrident.fr\/wp-content\/uploads\/2023\/06\/unnamed-120x112.jpg 120w, https:\/\/nutrident.fr\/wp-content\/uploads\/2023\/06\/unnamed.jpg 1125w\" sizes=\"(max-width: 66px) 100vw, 66px\" \/>              <\/div>\r\n              <a href=\"https:\/\/nutrident.fr\/es\/author\/dr-abel-jesus-pederzoli\/\" class=\"name\">Dr Abel Jes\u00fas Pederzoli<\/a>\r\n            <\/div>\r\n            <div class=\"user-info__data__social\">\r\n\t\t\t\t\t\t\t\t\t\t\t\t\t\t\t\t\t\t\t\t\t          <a href=\"https:\/\/clinicaleixample.es\/\"\r\n             class=\"soc-item website\">website<\/a>\r\n\t\t\t\t          <a href=\"http:\/\/linkedin.com\/in\/abel-jes%C3%BAs-pederzoli\"\r\n             class=\"soc-item linkedin\">linkedin<\/a>\r\n\t\t\t\t            <\/div>\r\n          <\/div>\r\n          <div class=\"user-info__description\">\r\n\t\t\t\t\t\t\t\t\t\t\t\t\t<p>Con t\u00edtulos obtenidos en la Facultad de Odontolog\u00eda de la Universidad Nacional de La Plata y una participaci\u00f3n activa en congresos y jornadas, el Dr. Pederzoli se mantiene actualizado en las \u00faltimas t\u00e9cnicas y avances en odontolog\u00eda. Actualmente se encuentra desarrollando un proyecto de consultor\u00eda tecnol\u00f3gica aplicada a cl\u00ednicas dentales.<\/p>\n\t\t\t\t\t\t          <\/div>\r\n        <\/div>\r\n\t\t\t\t    <\/div>\r\n\t<\/div><!--copyscapeskip--><div class=\"medical_references\"><div class=\"medical_references__heading\"><span>Fuentes M\u00e9dicas<\/span><\/div><div class=\"medical_references__list\"><p><strong>Odontolog\u00eda hospitalaria:<\/strong>\u00a0<a href=\"http:\/\/aos.edp-dentaire.fr\/articles\/aos\/abs\/2013\/02\/aos2013262p24\/aos2013262p24.html\" target=\"_blank\" rel=\"noopener\">L\u2019alcool : une drogue licite aux cons\u00e9quences bucco-dentaires non n\u00e9gligeables<\/a>. Consultado el 21 de septiembre de 2022.<\/p>\n<p><strong>Michel Olesinski<\/strong>. <strong>F\u00e1rmacos psicotr\u00f3picos<\/strong>. <a href=\"https:\/\/www.cairn.info\/revue-psychotropes-2009-2-page-69.htm\" target=\"_blank\" rel=\"noopener\">Une bonne sant\u00e9 bucco-dentaire pour lutter contre les addictions<\/a>. Consultado el 21 de septiembre de 2022.<\/p>\n<\/div><\/div><!--\/copyscapeskip-->","protected":false},"excerpt":{"rendered":"<p>Contributor:&nbsp; Dr Abel Jes\u00fas Pederzoli Updated:&nbsp;junio 13, 2023 El consumo de cualquier bebida alcoh\u00f3lica es perjudicial para nuestra salud en general. Aumento del riesgo cardiovascular, c\u00e1nceres digestivos, enfermedades del sistema nervioso o incluso trastornos cognitivos son algunos de los problemas que puede provocar. Pero rara vez se mencionan los efectos del alcohol en los dientes [&hellip;]<\/p>\n","protected":false},"author":10,"featured_media":15414,"parent":0,"menu_order":0,"comment_status":"open","ping_status":"open","template":"","meta":{"inline_featured_image":false},"acf":[],"_links":{"self":[{"href":"https:\/\/nutrident.fr\/es\/wp-json\/wp\/v2\/pages\/15413"}],"collection":[{"href":"https:\/\/nutrident.fr\/es\/wp-json\/wp\/v2\/pages"}],"about":[{"href":"https:\/\/nutrident.fr\/es\/wp-json\/wp\/v2\/types\/page"}],"author":[{"embeddable":true,"href":"https:\/\/nutrident.fr\/es\/wp-json\/wp\/v2\/users\/10"}],"replies":[{"embeddable":true,"href":"https:\/\/nutrident.fr\/es\/wp-json\/wp\/v2\/comments?post=15413"}],"version-history":[{"count":25,"href":"https:\/\/nutrident.fr\/es\/wp-json\/wp\/v2\/pages\/15413\/revisions"}],"predecessor-version":[{"id":21754,"href":"https:\/\/nutrident.fr\/es\/wp-json\/wp\/v2\/pages\/15413\/revisions\/21754"}],"wp:featuredmedia":[{"embeddable":true,"href":"https:\/\/nutrident.fr\/es\/wp-json\/wp\/v2\/media\/15414"}],"wp:attachment":[{"href":"https:\/\/nutrident.fr\/es\/wp-json\/wp\/v2\/media?parent=15413"}],"curies":[{"name":"wp","href":"https:\/\/api.w.org\/{rel}","templated":true}]}}