

{"id":15433,"date":"2022-09-23T12:40:00","date_gmt":"2022-09-23T12:40:00","guid":{"rendered":"https:\/\/nutrident.fr\/?page_id=15433"},"modified":"2023-06-27T12:16:22","modified_gmt":"2023-06-27T12:16:22","slug":"diabetes-y-dientes","status":"publish","type":"page","link":"https:\/\/nutrident.fr\/es\/diabetes-y-dientes\/","title":{"rendered":"\u00bfCu\u00e1les son las consecuencias de la diabetes en la salud bucodental?"},"content":{"rendered":"<div class=\"meta\"><div class=\"meta__users\">    <div class=\"meta__users__reviewed\">\r\n      <p class=\"meta__users__caption\">Contributor:&nbsp;<\/p>\r\n      <div class=\"users\">\r\n        <span class=\"users__user\">\r\n          <a href=\"#\">Dr Abel Jes\u00fas Pederzoli<\/a>\r\n        <\/span>\r\n      <\/div>\r\n    <\/div>\r\n\t<\/div><div class=\"meta__date-modified\">Updated:&nbsp;<span>junio 27, 2023<\/span><\/div><\/div><div class=\"wp-block-image\">\n<figure class=\"alignright size-large is-resized\"><img src=\"https:\/\/nutrident.fr\/wp-content\/uploads\/2023\/06\/acudir-al-dentista-1-1024x682.jpg\" alt=\"diabetes y salud oral\" class=\"wp-image-22276\" width=\"300\" height=\"200\" srcset=\"https:\/\/nutrident.fr\/wp-content\/uploads\/2023\/06\/acudir-al-dentista-1-1024x682.jpg 1024w, https:\/\/nutrident.fr\/wp-content\/uploads\/2023\/06\/acudir-al-dentista-1-300x200.jpg 300w, https:\/\/nutrident.fr\/wp-content\/uploads\/2023\/06\/acudir-al-dentista-1-768x512.jpg 768w, https:\/\/nutrident.fr\/wp-content\/uploads\/2023\/06\/acudir-al-dentista-1-1536x1024.jpg 1536w, https:\/\/nutrident.fr\/wp-content\/uploads\/2023\/06\/acudir-al-dentista-1-254x169.jpg 254w, https:\/\/nutrident.fr\/wp-content\/uploads\/2023\/06\/acudir-al-dentista-1-66x44.jpg 66w, https:\/\/nutrident.fr\/wp-content\/uploads\/2023\/06\/acudir-al-dentista-1-120x80.jpg 120w, https:\/\/nutrident.fr\/wp-content\/uploads\/2023\/06\/acudir-al-dentista-1.jpg 2000w\" sizes=\"(max-width: 300px) 100vw, 300px\" \/><figcaption>La importancia de prevenir problemas dentales en pacientes diab\u00e9ticos<\/figcaption><\/figure><\/div>\n\n\n<p>La diabetes es una enfermedad cr\u00f3nica que afecta a millones de personas en el mundo y que tiene consecuencias significativas en la salud general de los que la padecen. La relaci\u00f3n entre diabetes y salud oral no es una excepci\u00f3n, ya que las personas con esta enfermedad son m\u00e1s propensas a sufrir numerosos problemas dentales y periodontales. <\/p>\n\n\n\n<p>Para comprender mejor la influencia de la diabetes en el organismo en general y en la boca en particular, te ofrecemos una gu\u00eda completa sobre esta enfermedad, sus consecuencias para la salud oral, as\u00ed como los comportamientos que hay que adoptar para limitar sus efectos negativos sobre los dientes.<\/p>\n\n\n\n<div id=\"ez-toc-container\" class=\"ez-toc-v2_0_33_2 counter-hierarchy ez-toc-counter ez-toc-white ez-toc-container-direction\">\n<div class=\"ez-toc-title-container\">\n<p class=\"ez-toc-title\">Contenus<\/p>\n<span class=\"ez-toc-title-toggle\"><a href=\"#\" class=\"ez-toc-pull-right ez-toc-btn ez-toc-btn-xs ez-toc-btn-default ez-toc-toggle\" style=\"display: none;\"><label for=\"item\" aria-label=\"Tabla de contenidos\"><i class=\"ez-toc-glyphicon ez-toc-icon-toggle\"><\/i><\/label><input type=\"checkbox\" id=\"item\"><\/a><\/span><\/div>\n<nav><ul class='ez-toc-list ez-toc-list-level-1'><li class='ez-toc-page-1 ez-toc-heading-level-2'><a class=\"ez-toc-link ez-toc-heading-1\" href=\"https:\/\/nutrident.fr\/es\/diabetes-y-dientes\/#%C2%BFQue_es_la_diabetes_y_cuales_son_sus_consecuencias\" title=\"\u00bfQu\u00e9 es la diabetes y cu\u00e1les son sus consecuencias?\">\u00bfQu\u00e9 es la diabetes y cu\u00e1les son sus consecuencias?<\/a><\/li><li class='ez-toc-page-1 ez-toc-heading-level-2'><a class=\"ez-toc-link ez-toc-heading-2\" href=\"https:\/\/nutrident.fr\/es\/diabetes-y-dientes\/#%C2%BFComo_afecta_la_diabetes_en_la_salud_bucodental\" title=\"\u00bfC\u00f3mo afecta la diabetes en la salud bucodental?\">\u00bfC\u00f3mo afecta la diabetes en la salud bucodental?<\/a><\/li><li class='ez-toc-page-1 ez-toc-heading-level-2'><a class=\"ez-toc-link ez-toc-heading-3\" href=\"https:\/\/nutrident.fr\/es\/diabetes-y-dientes\/#Medidas_para_reducir_el_impacto_de_la_diabetes_en_los_dientes\" title=\"Medidas para reducir el impacto de la diabetes en los dientes\">Medidas para reducir el impacto de la diabetes en los dientes<\/a><\/li><li class='ez-toc-page-1 ez-toc-heading-level-2'><a class=\"ez-toc-link ez-toc-heading-4\" href=\"https:\/\/nutrident.fr\/es\/diabetes-y-dientes\/#Preguntas_frecuentes\" title=\"Preguntas frecuentes\">Preguntas frecuentes<\/a><\/li><\/ul><\/nav><\/div>\n<h2><span class=\"ez-toc-section\" id=\"%C2%BFQue_es_la_diabetes_y_cuales_son_sus_consecuencias\"><\/span><strong>\u00bfQu\u00e9 es la diabetes y cu\u00e1les son sus consecuencias?<\/strong><span class=\"ez-toc-section-end\"><\/span><\/h2>\n\n\n\n<p>La diabetes es un <strong>exceso cr\u00f3nico de glucosa<\/strong> (o az\u00facar) en la sangre que tiene un impacto significativo en los \u00f3rganos y sistemas corporales. Si no se controla, esta enfermedad puede conducir a complicaciones importantes en la salud cardiovascular, el sistema nervioso, los ojos, los ri\u00f1ones y en el proceso de cicatrizaci\u00f3n de heridas.<\/p>\n\n\n\n<p>A largo plazo, las consecuencias de la diabetes incluyen ceguera, derrames cerebrales, ataques card\u00edacos, disfunci\u00f3n er\u00e9ctil e insuficiencia renal. Adem\u00e1s, los da\u00f1os en los nervios y vasos sangu\u00edneos suelen dar lugar a la necesidad amputaciones de los pies.<\/p>\n\n\n\n<h2><span class=\"ez-toc-section\" id=\"%C2%BFComo_afecta_la_diabetes_en_la_salud_bucodental\"><\/span><strong>\u00bfC\u00f3mo afecta la diabetes en la salud bucodental<\/strong>?<span class=\"ez-toc-section-end\"><\/span><\/h2>\n\n\n\n<p>Los niveles elevados de az\u00facar en sangre tienen un efecto negativo en todo el organismo, incluidos los dientes y las enc\u00edas. Esta condici\u00f3n debilita el sistema inmunitario y las defensas del organismo. Por ello, los diab\u00e9ticos son m\u00e1s propensos a <strong>desarrollar infecciones en la boca<\/strong>, por lo que estas personas necesitan cuidar muy bien su higiene y su salud bucodental.<\/p>\n\n\n\n<h3>Los efectos de los medicamentos<\/h3>\n\n\n\n<p>Los medicamentos para controlar la diabetes tienen un impacto significativo en todo el cuerpo. Dependiendo del tipo de diabetes y de los tratamientos prescritos, estos pueden tener una influencia perjudicial en los dientes y debilitarlos.<\/p>\n\n\n\n<h3>Calidad y cantidad de saliva<\/h3>\n\n\n<div class=\"wp-block-image\">\n<figure class=\"alignright size-large is-resized\"><img src=\"https:\/\/nutrident.fr\/wp-content\/uploads\/2023\/06\/diabetes-y-salud-oral-1024x692.jpg\" alt=\"boca seca diabetes salud bucodental\" class=\"wp-image-22282\" width=\"300\" height=\"200\" srcset=\"https:\/\/nutrident.fr\/wp-content\/uploads\/2023\/06\/diabetes-y-salud-oral-66x45.jpg 66w, https:\/\/nutrident.fr\/wp-content\/uploads\/2023\/06\/diabetes-y-salud-oral-120x81.jpg 120w\" sizes=\"(max-width: 300px) 100vw, 300px\" \/><figcaption>Las personas con diabetes producen menos saliva, lo que puede provocar seqeudad bucal y acumulaci\u00f3n de sarro<\/figcaption><\/figure><\/div>\n\n\n<p>Los diab\u00e9ticos producen menos saliva, lo que puede verse agravado por la medicaci\u00f3n. La saliva tambi\u00e9n es m\u00e1s viscosa y m\u00e1s dulce, lo que favorece <a href=\"https:\/\/nutrident.fr\/es\/sarro-dental\/\">la transformaci\u00f3n de la placa en sarro<\/a>.<\/p>\n\n\n\n<p>El sarro ofrece un ambiente ideal para las <strong>bacterias<\/strong> que proliferan en la boca y que pueden da\u00f1ar los dientes, las enc\u00edas e incluso los huesos maxilares. En ocasiones, estas condiciones pueden favorecer el desarrollo de <a href=\"https:\/\/nutrident.fr\/es\/quistes-dentales\/\">quistes dentales<\/a>.<\/p>\n\n\n\n<p>Por otra parte, los diab\u00e9ticos son susceptibles de sufrir xerostom\u00eda, o <a href=\"https:\/\/nutrident.fr\/es\/boca-seca\/\" data-type=\"URL\" data-id=\"https:\/\/nutrident.fr\/es\/boca-seca\/\" target=\"_blank\" rel=\"noreferrer noopener\">boca seca<\/a>, debido a la disminuci\u00f3n en la producci\u00f3n de saliva. La saliva tiene como funci\u00f3n limpiar los dientes y ayudar a remineralizarlos, por lo que, en su ausencia, las bacterias se multiplican a\u00fan m\u00e1s f\u00e1cilmente.<\/p>\n\n\n\n<p>Si experimentas sequedad en la boca, intenta tomar un sorbo de agua y mantenerlo en la boca tan a menudo como sea posible. <a href=\"https:\/\/nutrident.fr\/es\/?page_id=16609\">La alicina<\/a>, un compuesto principal del ajo, puede ayudar a controlar los efectos negativos de esta enfermedad en los dientes.<\/p>\n\n\n\n<h3>Erosi\u00f3n dental y caries<\/h3>\n\n\n\n<p class=\"has-text-align-left\">La boca es el h\u00e1bitat natural de muchos tipos de bacterias. Cuando los almidones y los az\u00facares de los alimentos y las bebidas interact\u00faan con estas bacterias, se forma una pel\u00edcula pegajosa llamada <strong>placa dental<\/strong> o bacteriana.<\/p>\n\n\n\n<p class=\"has-text-align-left\">La placa bacteriana produce \u00e1cidos que erosionan la superficie de los dientes, <a class=\"wpil_keyword_link\" title=\"Correo electr\u00f3nico\" href=\"https:\/\/nutrident.fr\/es\/esmalte-dental-tratamiento\/\">el esmalte<\/a> y la dentina. Cuanto m\u00e1s alto sea el nivel de glucosa en sangre, las bacterias tendr\u00e1n m\u00e1s az\u00facares y almidones disponibles y producir\u00e1n una mayor cantidad de \u00e1cidos que desgastar\u00e1n los dientes y provocar\u00e1n <a href=\"https:\/\/nutrident.fr\/es\/caries-y-dieta\/\">caries<\/a>.<\/p>\n\n\n\n<h3>Enfermedades de las enc\u00edas<\/h3>\n\n\n\n<p>La diabetes afecta los vasos sangu\u00edneos que irrigan las enc\u00edas, causando alteraciones en su funcionamiento. Como consecuencia, <strong>las enc\u00edas se vuelven m\u00e1s susceptibles<\/strong> a sufrir da\u00f1os y se reduce su capacidad para curarse adecuadamente.<\/p>\n\n\n\n<p>Esta enfermedad tambi\u00e9n reduce la capacidad para combatir las bacterias. Si no se elimina la placa mediante el cepillado y el uso del hilo dental con regularidad, esta se endurece bajo las enc\u00edas y se convierte en sarro.<\/p>\n\n\n\n<p>Con el tiempo, <a href=\"https:\/\/nutrident.fr\/es\/inflamacion-de-encias\/\" target=\"_blank\" data-type=\"URL\" data-id=\"https:\/\/nutrident.fr\/es\/inflamacion-de-encias\/\" rel=\"noreferrer noopener\">las enc\u00edas se inflaman<\/a> y sangran con facilidad como consecuencia de la acumulaci\u00f3n de sarro. Esto es lo que se conoce como gingivitis. Si no se trata, la gingivitis puede derivar en una infecci\u00f3n m\u00e1s grave llamada <a href=\"https:\/\/nutrident.fr\/es\/periodontitis\/\" target=\"_blank\" data-type=\"URL\" data-id=\"https:\/\/nutrident.fr\/es\/periodontitis\/\" rel=\"noreferrer noopener\">periodontitis<\/a>, que destruye el tejido blando y el hueso que sostiene los dientes, provocando a largo plazo que los dientes se aflojen y se caigan.<\/p>\n\n\n\n<h3>Infecciones orales<\/h3>\n\n\n\n<p>La disfunci\u00f3n inmunitaria tambi\u00e9n provoca la aparici\u00f3n de \u00falceras bucales e infecciones f\u00fangicas, como la <a href=\"https:\/\/nutrident.fr\/es\/candidiasis\/\" target=\"_blank\" data-type=\"URL\" data-id=\"https:\/\/nutrident.fr\/es\/candidiasis\/\" rel=\"noreferrer noopener\">candidiasis oral<\/a>, causada por el hongo Candida albicans. La candidiasis oral causa manchas blancas o rojas dolorosas en el interior de la boca y en las comisuras de los labios.<\/p>\n\n\n\n<h2><span class=\"ez-toc-section\" id=\"Medidas_para_reducir_el_impacto_de_la_diabetes_en_los_dientes\"><\/span><strong>Medidas para reducir el impacto de la diabetes en los dientes<\/strong><span class=\"ez-toc-section-end\"><\/span><\/h2>\n\n\n<div class=\"wp-block-image\">\n<figure class=\"alignright size-medium\"><img width=\"300\" height=\"200\" src=\"https:\/\/nutrident.fr\/wp-content\/uploads\/2020\/10\/pexels-andrea-piacquadio-3881325-1-300x200.jpg\" alt=\"formaci\u00f3n en asistencia dental\" class=\"wp-image-6490\" srcset=\"https:\/\/nutrident.fr\/wp-content\/uploads\/2020\/10\/pexels-andrea-piacquadio-3881325-1-300x200.jpg 300w, https:\/\/nutrident.fr\/wp-content\/uploads\/2020\/10\/pexels-andrea-piacquadio-3881325-1-1024x683.jpg 1024w, https:\/\/nutrident.fr\/wp-content\/uploads\/2020\/10\/pexels-andrea-piacquadio-3881325-1-768x512.jpg 768w, https:\/\/nutrident.fr\/wp-content\/uploads\/2020\/10\/pexels-andrea-piacquadio-3881325-1-1080x720.jpg 1080w, https:\/\/nutrident.fr\/wp-content\/uploads\/2020\/10\/pexels-andrea-piacquadio-3881325-1-980x653.jpg 980w, https:\/\/nutrident.fr\/wp-content\/uploads\/2020\/10\/pexels-andrea-piacquadio-3881325-1-480x320.jpg 480w, https:\/\/nutrident.fr\/wp-content\/uploads\/2020\/10\/pexels-andrea-piacquadio-3881325-1.jpg 1200w\" sizes=\"(max-width: 300px) 100vw, 300px\" \/><figcaption>Los pacientes diab\u00e9ticos deben acudir con regularidad al dentista<\/figcaption><\/figure><\/div>\n\n\n<p>Los diab\u00e9ticos deben adoptar los <strong>comportamientos diet\u00e9ticos adecuados<\/strong> que les aconseje su m\u00e9dico de cabecera y deben estar muy atentos a su salud bucodental.<\/p>\n\n\n\n<p>Las personas que sufren esta condici\u00f3n<strong> <\/strong>deben someterse a dos <a href=\"https:\/\/nutrident.fr\/es\/acudir-al-dentista\/\" target=\"_blank\" data-type=\"URL\" data-id=\"https:\/\/nutrident.fr\/es\/acudir-al-dentista\/\" rel=\"noreferrer noopener\">revisiones dentales<\/a> al a\u00f1o para intervenir y estabilizar cualquier infecci\u00f3n antes de que sea demasiado grave.<\/p>\n\n\n\n<p>Adem\u00e1s, la rutina de <strong>higiene dental diaria<\/strong> debe ser impecable: cepillarse los dientes despu\u00e9s de cada comida y usar el hilo dental son h\u00e1bitos prioritarios. Los <a href=\"https:\/\/nutrident.fr\/es\/?page_id=16661\" target=\"_blank\" rel=\"noreferrer noopener\">cepillos de dientes el\u00e9ctricos<\/a> son m\u00e1s eficaces que los manuales y, por tanto, bastante recomendables.<\/p>\n\n\n\n<p><a href=\"https:\/\/nutrident.fr\/es\/tabaco\/\" target=\"_blank\" data-type=\"URL\" data-id=\"https:\/\/nutrident.fr\/es\/tabaco\/\" rel=\"noreferrer noopener\">Fumar<\/a> nunca es recomendable, y lo es menos a\u00fan en pacientes diab\u00e9ticos. El humo del cigarillo da\u00f1a los dientes y calienta las enc\u00edas, debilit\u00e1ndolas todav\u00eda m\u00e1s.<\/p>\n\n\n\n<p>En caso de una <a href=\"https:\/\/nutrident.fr\/es\/dentista-de-urgencias\/\">emergencia dental<\/a>, debes ponerte en contacto con tu dentista o con el servicio de urgencias 24 horas.<\/p>\n\n\n\n<h3>El uso de los antibi\u00f3ticos<\/h3>\n\n\n\n<p>Si el equilibrio de az\u00facar en sangre es bueno, no hay que tomar precauciones especiales al someterse a una intervenci\u00f3n dental. Sin embargo, si el nivel de az\u00facar en la sangre est\u00e1 desequilibrado, lo recomendable es esperar a obtener mejores resultados en los an\u00e1lisis de sangre antes de llevar a cabo un tratamiento invasivo, como extracciones dentales o <a href=\"https:\/\/nutrident.fr\/es\/implantes-dentales\/\" target=\"_blank\" data-type=\"URL\" data-id=\"https:\/\/nutrident.fr\/es\/implantes-dentales\/\" rel=\"noreferrer noopener\">implantes<\/a>.<\/p>\n\n\n\n<p>La diabetes debilita el sistema inmunitario y la capacidad de cicatrizaci\u00f3n, lo cual <strong>aumenta el riesgo de desarrollar infecciones<\/strong>. Es por ello que las personas diab\u00e9ticas deben tener un cuidado especial antes de cualquier procedimiento.<\/p>\n\n\n\n<p>Para los tratamientos m\u00e1s sencillos, como la limpieza dental profesional o el relleno dental que se usa para restaurar un diente cariado, se puede utilizar la<strong> profilaxis antibi\u00f3tica<\/strong>. Esta es una terapia preventiva que implica la administraci\u00f3n de un antibi\u00f3tico para evitar el desarrollo de una infecci\u00f3n.<\/p>\n\n\n\n<h2><span class=\"ez-toc-section\" id=\"Preguntas_frecuentes\"><\/span>Preguntas frecuentes<span class=\"ez-toc-section-end\"><\/span><\/h2>\n\n\n<div id=\"rank-math-faq\" class=\"rank-math-block\">\n<div class=\"rank-math-list \">\n<div id=\"faq-question-1657866570819\" class=\"rank-math-list-item\">\n<h3 class=\"rank-math-question \">\u00bfLa diabetes da\u00f1a los dientes?<\/h3>\n<div class=\"rank-math-answer \">\n\n<p> Las personas con diabetes tienen un mayor riesgo de sufrir problemas orales, como periodontitis, caries, sequedad bucal, infecciones y dificultad para cicatrizar despu\u00e9s de una cirug\u00eda o interveci\u00f3n dental.<\/p>\n\n<\/div>\n<\/div>\n<div id=\"faq-question-1687866841900\" class=\"rank-math-list-item\">\n<h3 class=\"rank-math-question \">\u00bfC\u00f3mo se trata a un paciente diab\u00e9tico en odontolog\u00eda?<\/h3>\n<div class=\"rank-math-answer \">\n\n<p>El dentista debe adaptar el plan de tratamiento y la atenci\u00f3n de acuerdo a las necesidades particulares del paciente diab\u00e9tico. Durante intervenciones dentales, se debe poner especial cuidado a la cicatrizaci\u00f3n y tomar medidas profil\u00e1cticas para evitar el desarrollo de infecciones.<\/p>\n\n<\/div>\n<\/div>\n<\/div>\n<\/div><div class=\"article-data before-content\"><div class=\"article-data__date\"><div class=\"article-data__date-modified\"><time class=\"published\" datetime=\"2022-09-23T12:40:00+00:00\">This article was originally published on&nbsp;<span class=\"2\">septiembre 23, 2022<\/span>&nbsp;and was most recently updated on&nbsp;<span>junio 27, 2023<\/span><\/time><br><\/div><\/div><\/div><div class=\"user-info\">    <div class=\"user-info__body\">\r\n      <div class=\"user-info__caption\"><span>Contributors:<\/span><\/div>\r\n\t\t\t        <div class=\"user-info__wrap \">\r\n          <div class=\"user-info__data\">\r\n            <div class=\"user-info__data__info\">\r\n              <div class=\"photo\">\r\n\t\t\t\t\t\t\t\t<img width=\"66\" height=\"61\" src=\"https:\/\/nutrident.fr\/wp-content\/uploads\/2023\/06\/unnamed-66x61.jpg\" class=\"attachment-profileImageAuthor size-profileImageAuthor wp-post-image\" alt=\"Dr Abel Jes\u00fas Pederzoli\" loading=\"lazy\" srcset=\"https:\/\/nutrident.fr\/wp-content\/uploads\/2023\/06\/unnamed-66x61.jpg 66w, https:\/\/nutrident.fr\/wp-content\/uploads\/2023\/06\/unnamed-300x279.jpg 300w, https:\/\/nutrident.fr\/wp-content\/uploads\/2023\/06\/unnamed-1024x952.jpg 1024w, https:\/\/nutrident.fr\/wp-content\/uploads\/2023\/06\/unnamed-768x714.jpg 768w, https:\/\/nutrident.fr\/wp-content\/uploads\/2023\/06\/unnamed-204x190.jpg 204w, https:\/\/nutrident.fr\/wp-content\/uploads\/2023\/06\/unnamed-120x112.jpg 120w, https:\/\/nutrident.fr\/wp-content\/uploads\/2023\/06\/unnamed.jpg 1125w\" sizes=\"(max-width: 66px) 100vw, 66px\" \/>              <\/div>\r\n              <a href=\"https:\/\/nutrident.fr\/es\/author\/dr-abel-jesus-pederzoli\/\" class=\"name\">Dr Abel Jes\u00fas Pederzoli<\/a>\r\n            <\/div>\r\n            <div class=\"user-info__data__social\">\r\n\t\t\t\t\t\t\t\t\t\t\t\t\t\t\t\t\t\t\t\t\t          <a href=\"https:\/\/clinicaleixample.es\/\"\r\n             class=\"soc-item website\">website<\/a>\r\n\t\t\t\t          <a href=\"http:\/\/linkedin.com\/in\/abel-jes%C3%BAs-pederzoli\"\r\n             class=\"soc-item linkedin\">linkedin<\/a>\r\n\t\t\t\t            <\/div>\r\n          <\/div>\r\n          <div class=\"user-info__description\">\r\n\t\t\t\t\t\t\t\t\t\t\t\t\t<p>Con t\u00edtulos obtenidos en la Facultad de Odontolog\u00eda de la Universidad Nacional de La Plata y una participaci\u00f3n activa en congresos y jornadas, el Dr. Pederzoli se mantiene actualizado en las \u00faltimas t\u00e9cnicas y avances en odontolog\u00eda. Actualmente se encuentra desarrollando un proyecto de consultor\u00eda tecnol\u00f3gica aplicada a cl\u00ednicas dentales.<\/p>\n\t\t\t\t\t\t          <\/div>\r\n        <\/div>\r\n\t\t\t\t    <\/div>\r\n\t<\/div><!--copyscapeskip--><div class=\"medical_references\"><div class=\"medical_references__heading\"><span>Fuentes M\u00e9dicas<\/span><\/div><div class=\"medical_references__list\"><p><strong>CDC:<\/strong> <a href=\"https:\/\/www.cdc.gov\/diabetes\/spanish\/living\/diabetes-oral-health.html\" target=\"_blank\" rel=\"noopener\">La diabetes y la salud oral<\/a>. Consultado el 26 de junio de 2023.<\/p>\n<p><strong>NIH:<\/strong> <a href=\"https:\/\/www.nidcr.nih.gov\/espanol\/temas-de-salud\/la-diabetes-y-la-salud-oral\" target=\"_blank\" rel=\"noopener\">La diabetes y la salud oral<\/a>. Consultado el 26 de junio de 2023.<\/p>\n<p><strong>Scielo:<\/strong> <a href=\"https:\/\/scielo.isciii.es\/scielo.php?script=sci_arttext&pid=S1699-695X2019000100007\" target=\"_blank\" rel=\"noopener\">Conocimientos sobre salud oral en diab\u00e9ticos atendidos en Atenci\u00f3n Primaria<\/a>. Consultado el 26 de junio de 2023.<\/p>\n<\/div><\/div><!--\/copyscapeskip-->","protected":false},"excerpt":{"rendered":"<p>Contributor:&nbsp; Dr Abel Jes\u00fas Pederzoli Updated:&nbsp;junio 27, 2023 La diabetes es una enfermedad cr\u00f3nica que afecta a millones de personas en el mundo y que tiene consecuencias significativas en la salud general de los que la padecen. La relaci\u00f3n entre diabetes y salud oral no es una excepci\u00f3n, ya que las personas con esta enfermedad [&hellip;]<\/p>\n","protected":false},"author":14,"featured_media":15434,"parent":0,"menu_order":0,"comment_status":"closed","ping_status":"closed","template":"","meta":{"inline_featured_image":false},"acf":[],"_links":{"self":[{"href":"https:\/\/nutrident.fr\/es\/wp-json\/wp\/v2\/pages\/15433"}],"collection":[{"href":"https:\/\/nutrident.fr\/es\/wp-json\/wp\/v2\/pages"}],"about":[{"href":"https:\/\/nutrident.fr\/es\/wp-json\/wp\/v2\/types\/page"}],"author":[{"embeddable":true,"href":"https:\/\/nutrident.fr\/es\/wp-json\/wp\/v2\/users\/14"}],"replies":[{"embeddable":true,"href":"https:\/\/nutrident.fr\/es\/wp-json\/wp\/v2\/comments?post=15433"}],"version-history":[{"count":38,"href":"https:\/\/nutrident.fr\/es\/wp-json\/wp\/v2\/pages\/15433\/revisions"}],"predecessor-version":[{"id":22291,"href":"https:\/\/nutrident.fr\/es\/wp-json\/wp\/v2\/pages\/15433\/revisions\/22291"}],"wp:featuredmedia":[{"embeddable":true,"href":"https:\/\/nutrident.fr\/es\/wp-json\/wp\/v2\/media\/15434"}],"wp:attachment":[{"href":"https:\/\/nutrident.fr\/es\/wp-json\/wp\/v2\/media?parent=15433"}],"curies":[{"name":"wp","href":"https:\/\/api.w.org\/{rel}","templated":true}]}}