

{"id":15504,"date":"2022-10-27T16:55:49","date_gmt":"2022-10-27T16:55:49","guid":{"rendered":"https:\/\/nutrident.fr\/?page_id=15504"},"modified":"2023-06-13T11:09:14","modified_gmt":"2023-06-13T11:09:14","slug":"carbon","status":"publish","type":"page","link":"https:\/\/nutrident.fr\/es\/blanqueamiento-profesional\/natural\/carbon\/","title":{"rendered":"Carb\u00f3n vegetal: \u00bfuna forma efectiva de blanquear los dientes?"},"content":{"rendered":"<div class=\"meta\"><div class=\"meta__users\">    <div class=\"meta__users__reviewed\">\r\n      <p class=\"meta__users__caption\">Contributor:&nbsp;<\/p>\r\n      <div class=\"users\">\r\n        <span class=\"users__user\">\r\n          <a href=\"#\">Dr Abel Jes\u00fas Pederzoli<\/a>\r\n        <\/span>\r\n      <\/div>\r\n    <\/div>\r\n\t<\/div><div class=\"meta__date-modified\">Updated:&nbsp;<span>junio 13, 2023<\/span><\/div><\/div><div class=\"wp-block-image\">\n<figure class=\"alignright size-medium\"><img width=\"300\" height=\"216\" src=\"https:\/\/nutrident.fr\/wp-content\/uploads\/2022\/06\/charbon-actif-300x216.jpg\" alt=\"carb\u00f3n vegetal\" class=\"wp-image-12541\" srcset=\"https:\/\/nutrident.fr\/wp-content\/uploads\/2022\/06\/charbon-actif-300x216.jpg 300w, https:\/\/nutrident.fr\/wp-content\/uploads\/2022\/06\/charbon-actif-1024x737.jpg 1024w, https:\/\/nutrident.fr\/wp-content\/uploads\/2022\/06\/charbon-actif-768x552.jpg 768w, https:\/\/nutrident.fr\/wp-content\/uploads\/2022\/06\/charbon-actif-1536x1105.jpg 1536w, https:\/\/nutrident.fr\/wp-content\/uploads\/2022\/06\/charbon-actif-2048x1473.jpg 2048w, https:\/\/nutrident.fr\/wp-content\/uploads\/2022\/06\/charbon-actif-254x183.jpg 254w\" sizes=\"(max-width: 300px) 100vw, 300px\" \/><figcaption>El carb\u00f3n vegetal es un polvo negro<\/figcaption><\/figure><\/div>\n\n\n<p>\u00bfTe gustar\u00eda tener una sonrisa brillante, pero te da miedo da\u00f1ar tus dientes con un blanqueamiento? Entonces puede que sea el momento de probar un m\u00e9todo natural de blanquear los dientes. En lugar de recurrir a una soluci\u00f3n qu\u00edmica que puede da\u00f1ar el esmalte, <a href=\"https:\/\/nutrident.fr\/es\/\">Nutrident<\/a> te explica los beneficios del carb\u00f3n vegetal activado, as\u00ed como la mejor manera de utilizarlo.<\/p>\n\n\n\n<div id=\"ez-toc-container\" class=\"ez-toc-v2_0_33_2 counter-hierarchy ez-toc-counter ez-toc-white ez-toc-container-direction\">\n<div class=\"ez-toc-title-container\">\n<p class=\"ez-toc-title\">Contenus<\/p>\n<span class=\"ez-toc-title-toggle\"><a href=\"#\" class=\"ez-toc-pull-right ez-toc-btn ez-toc-btn-xs ez-toc-btn-default ez-toc-toggle\" style=\"display: none;\"><label for=\"item\" aria-label=\"Tabla de contenidos\"><i class=\"ez-toc-glyphicon ez-toc-icon-toggle\"><\/i><\/label><input type=\"checkbox\" id=\"item\"><\/a><\/span><\/div>\n<nav><ul class='ez-toc-list ez-toc-list-level-1'><li class='ez-toc-page-1 ez-toc-heading-level-2'><a class=\"ez-toc-link ez-toc-heading-1\" href=\"https:\/\/nutrident.fr\/es\/blanqueamiento-profesional\/natural\/carbon\/#%C2%BFQue_es_el_carbon_vegetal_activo\" title=\"\u00bfQu\u00e9 es el carb\u00f3n vegetal activo?\">\u00bfQu\u00e9 es el carb\u00f3n vegetal activo?<\/a><\/li><li class='ez-toc-page-1 ez-toc-heading-level-2'><a class=\"ez-toc-link ez-toc-heading-2\" href=\"https:\/\/nutrident.fr\/es\/blanqueamiento-profesional\/natural\/carbon\/#%C2%BFDonde_comprar_carbon_vegetal\" title=\"\u00bfD\u00f3nde comprar carb\u00f3n vegetal?\">\u00bfD\u00f3nde comprar carb\u00f3n vegetal?<\/a><\/li><li class='ez-toc-page-1 ez-toc-heading-level-2'><a class=\"ez-toc-link ez-toc-heading-3\" href=\"https:\/\/nutrident.fr\/es\/blanqueamiento-profesional\/natural\/carbon\/#%C2%BFQue_carbon_vegetal_se_utiliza_en_los_cosmeticos_y_productos_dentales\" title=\"\u00bfQu\u00e9 carb\u00f3n vegetal se utiliza en los cosm\u00e9ticos y productos dentales?\">\u00bfQu\u00e9 carb\u00f3n vegetal se utiliza en los cosm\u00e9ticos y productos dentales?<\/a><\/li><li class='ez-toc-page-1 ez-toc-heading-level-2'><a class=\"ez-toc-link ez-toc-heading-4\" href=\"https:\/\/nutrident.fr\/es\/blanqueamiento-profesional\/natural\/carbon\/#%C2%BFComo_blanquear_los_dientes_con_carbon_vegetal\" title=\"\u00bfC\u00f3mo blanquear los dientes con carb\u00f3n vegetal?  \">\u00bfC\u00f3mo blanquear los dientes con carb\u00f3n vegetal?  <\/a><\/li><li class='ez-toc-page-1 ez-toc-heading-level-2'><a class=\"ez-toc-link ez-toc-heading-5\" href=\"https:\/\/nutrident.fr\/es\/blanqueamiento-profesional\/natural\/carbon\/#%C2%BFQue_tipo_de_carbon_vegetal_se_usa_para_blanquear_los_dientes\" title=\"\u00bfQu\u00e9 tipo de carb\u00f3n vegetal se usa para blanquear los dientes?  \">\u00bfQu\u00e9 tipo de carb\u00f3n vegetal se usa para blanquear los dientes?  <\/a><\/li><li class='ez-toc-page-1 ez-toc-heading-level-2'><a class=\"ez-toc-link ez-toc-heading-6\" href=\"https:\/\/nutrident.fr\/es\/blanqueamiento-profesional\/natural\/carbon\/#Preguntas_frecuentes\" title=\"Preguntas frecuentes  \">Preguntas frecuentes  <\/a><\/li><\/ul><\/nav><\/div>\n<h2><span class=\"ez-toc-section\" id=\"%C2%BFQue_es_el_carbon_vegetal_activo\"><\/span>\u00bfQu\u00e9 es el carb\u00f3n vegetal activo?<span class=\"ez-toc-section-end\"><\/span><\/h2>\n\n\n\n<p>Tambi\u00e9n conocido como carb\u00f3n natural o carb\u00f3n activado, el carb\u00f3n vegetal es un polvo negro producto de la carbonizaci\u00f3n de material vegetal org\u00e1nico.<\/p>\n\n\n\n<p>Lo que lo hace tan eficaz para blanquear los dientes es su naturaleza porosa y su capacidad para <strong>absorber todas las sustancias<\/strong> que se adhieren naturalmente a su superficie. Tambi\u00e9n se utiliza en casos de envenenamiento, ya que absorbe las toxinas y purifica el organismo. Adem\u00e1s, ayuda a reducir la hinchaz\u00f3n abdominal.<\/p>\n\n\n\n<p>Puede parecer parad\u00f3jico utilizar un polvo negro para blanquear los dientes, pero es su efecto absorbente el que elimina las manchas de la superficie del esmalte. Cuando te cepillas los dientes con polvo de carb\u00f3n vegetal, la superficie porosa de cada peque\u00f1a part\u00edcula roza el diente (sin rayarlo) y los elementos que componen las manchas se desprenden y se transfieren al polvo. El color negro del carb\u00f3n no se adhiere a los dientes, sino que es arrastrado por el agua cuando te enjuagas la boca. <\/p>\n\n\n\n<p>El carb\u00f3n vegetal funciona muy bien para <strong>eliminar manchas de comida<\/strong>, como las de t\u00e9 y <a href=\"https:\/\/nutrident.fr\/es\/?page_id=16902\">caf\u00e9<\/a>, as\u00ed como las de tabaco. Tambi\u00e9n se utiliza para reducir el <a href=\"https:\/\/nutrident.fr\/es\/?page_id=16727\">mal aliento<\/a> producido por toxinas en la boca.<\/p>\n\n\n\n<h2><span class=\"ez-toc-section\" id=\"%C2%BFDonde_comprar_carbon_vegetal\"><\/span>\u00bfD\u00f3nde comprar carb\u00f3n vegetal?<span class=\"ez-toc-section-end\"><\/span><\/h2>\n\n\n<div class=\"wp-block-image\">\n<figure class=\"alignright size-medium\"><a href=\"https:\/\/amzn.to\/3b4NDAU\" target=\"_blank\" rel=\"noopener\"><img width=\"300\" height=\"186\" src=\"https:\/\/nutrident.fr\/wp-content\/uploads\/2022\/06\/615DJiRoNyL._AC_SX679_-300x186.jpg\" alt=\"Polvo de carb\u00f3n vegetal Very Good Smile\" class=\"wp-image-12527\" srcset=\"https:\/\/nutrident.fr\/wp-content\/uploads\/2022\/06\/615DJiRoNyL._AC_SX679_-300x186.jpg 300w, https:\/\/nutrident.fr\/wp-content\/uploads\/2022\/06\/615DJiRoNyL._AC_SX679_-254x157.jpg 254w, https:\/\/nutrident.fr\/wp-content\/uploads\/2022\/06\/615DJiRoNyL._AC_SX679_.jpg 679w\" sizes=\"(max-width: 300px) 100vw, 300px\" \/><\/a><\/figure><\/div>\n\n\n<p>Puedes encontrar este tipo de productos en farmacias, tiendas ecol\u00f3gicas y, por supuesto, en internet.  <\/p>\n\n\n\n<p><a href=\"https:\/\/amzn.to\/3b4NDAU\" target=\"_blank\" rel=\"noopener\">Very Good Smile<\/a>, por ejemplo, ofrece un polvo muy eficaz, garantizado como 100% natural, a base de carb\u00f3n de coco activado.<\/p>\n\n\n\n<div class=\"wp-container-1 is-content-justification-center wp-block-buttons\">\n<div class=\"wp-block-button\"><a class=\"wp-block-button__link has-white-color has-text-color has-background\" href=\"https:\/\/amzn.to\/3b4NDAU\" style=\"background-color:#41a3e5\" target=\"_blank\" rel=\"noopener\">Haz clic aqu\u00ed para comprar este polvo de carb\u00f3n vegetal al mejor precio<\/a><\/div>\n<\/div>\n\n\n\n<h2><span class=\"ez-toc-section\" id=\"%C2%BFQue_carbon_vegetal_se_utiliza_en_los_cosmeticos_y_productos_dentales\"><\/span>\u00bfQu\u00e9 carb\u00f3n vegetal se utiliza en los cosm\u00e9ticos y productos dentales?<span class=\"ez-toc-section-end\"><\/span><\/h2>\n\n\n\n<p>El carb\u00f3n vegetal procede de <strong>diferentes tipos de plantas<\/strong> y se recoge despu\u00e9s de quemarlas. El carb\u00f3n de calidad requiere una materia prima org\u00e1nica rica en carbono. Los ingredientes m\u00e1s comunes utilizados para los cosm\u00e9ticos son la madera (especialmente la corteza), las c\u00e1scaras de cacahuete y los huesos de aceituna.<\/p>\n\n\n\n<p>El material elegido se carboniza, es decir, se eleva a temperaturas entre 600 y 900 \u00b0C, pero sin aire. A continuaci\u00f3n se realiza una segunda carbonizaci\u00f3n, pero esta vez en presencia de aire, gases oxidantes y vapor. La transformaci\u00f3n en material poroso tiene lugar durante la segunda carbonizaci\u00f3n.<\/p>\n\n\n\n<p>La <strong>c\u00e1scara de coco<\/strong> se utiliza m\u00e1s com\u00fanmente para productos dentales, ya que la finura del grano es mucho mayor que la de otras plantas. Por ejemplo, el polvo de carb\u00f3n de coco es hasta veinticinco veces m\u00e1s absorbente que el de la madera de fresno. El resultado es una capacidad de absorci\u00f3n mucho mayor.<\/p>\n\n\n\n<p>La otra ventaja del carb\u00f3n vegetal de coco es que es <strong>inodoro e ins\u00edpido<\/strong>, as\u00ed que se puede utilizar sin ninguna molestia.<\/p>\n\n\n\n<p>Desde el punto de vista ecol\u00f3gico, la gran ventaja del carb\u00f3n de coco es que deja el \u00e1rbol intacto y permite m\u00faltiples cosechas.<\/p>\n\n\n\n<h2><span class=\"ez-toc-section\" id=\"%C2%BFComo_blanquear_los_dientes_con_carbon_vegetal\"><\/span>\u00bfC\u00f3mo blanquear los dientes con carb\u00f3n vegetal?  <span class=\"ez-toc-section-end\"><\/span><\/h2>\n\n\n\n<p>El carb\u00f3n vegetal no se debe utilizar <a href=\"https:\/\/nutrident.fr\/es\/cepillo-dientes\/\" target=\"_blank\" rel=\"noreferrer noopener\">cada vez que te cepillas<\/a> los dientes: es suficiente <strong>una o dos veces por semana<\/strong>. Si lo utilizas con demasiada frecuencia, el <a href=\"https:\/\/nutrident.fr\/es\/esmalte-dental-tratamiento\/\">esmalte<\/a> dental puede debilitarse. Aunque el carb\u00f3n vegetal no es agresivo con los dientes, tiene un poder ligeramente abrasivo del que no se debe abusar.<\/p>\n\n\n\n<p>Usarlo es muy f\u00e1cil: unta la cabeza de tu cepillo de dientes con el polvo de carb\u00f3n vegetal, prestando atenci\u00f3n a tu ropa pues puede mancharla. Puedes poner el polvo en la palma de tu mano y luego pasarle el cepillo humedecido para que se adhiera.<\/p>\n\n\n<div class=\"wp-block-image\">\n<figure class=\"alignright size-medium\"><img width=\"300\" height=\"200\" src=\"https:\/\/nutrident.fr\/wp-content\/uploads\/2020\/01\/adrien-olichon-z-WbjZ3a6GU-unsplash-300x200.jpg\" alt=\"carb\u00f3n vegetal\" class=\"wp-image-3087\" srcset=\"https:\/\/nutrident.fr\/wp-content\/uploads\/2020\/01\/adrien-olichon-z-WbjZ3a6GU-unsplash-300x200.jpg 300w, https:\/\/nutrident.fr\/wp-content\/uploads\/2020\/01\/adrien-olichon-z-WbjZ3a6GU-unsplash-1024x683.jpg 1024w, https:\/\/nutrident.fr\/wp-content\/uploads\/2020\/01\/adrien-olichon-z-WbjZ3a6GU-unsplash-768x512.jpg 768w, https:\/\/nutrident.fr\/wp-content\/uploads\/2020\/01\/adrien-olichon-z-WbjZ3a6GU-unsplash-1080x720.jpg 1080w, https:\/\/nutrident.fr\/wp-content\/uploads\/2020\/01\/adrien-olichon-z-WbjZ3a6GU-unsplash-980x653.jpg 980w, https:\/\/nutrident.fr\/wp-content\/uploads\/2020\/01\/adrien-olichon-z-WbjZ3a6GU-unsplash-480x320.jpg 480w, https:\/\/nutrident.fr\/wp-content\/uploads\/2020\/01\/adrien-olichon-z-WbjZ3a6GU-unsplash.jpg 1200w\" sizes=\"(max-width: 300px) 100vw, 300px\" \/><figcaption>Cep\u00edllate los dientes con carb\u00f3n activo para blanquearlos<\/figcaption><\/figure><\/div>\n\n\n<p>Cep\u00edllate los dientes como lo har\u00edas con la pasta de dientes regular: durante dos minutos si tienes un <a href=\"https:\/\/nutrident.fr\/es\/?page_id=16661\">cepillo el\u00e9ctrico<\/a> o durante tres minutos si utilizas un cepillo manual.<\/p>\n\n\n\n<h3>Haz tu propia pasta de dientes de carb\u00f3n vegetal<\/h3>\n\n\n\n<p>Otra soluci\u00f3n muy pr\u00e1ctica es preparar una pasta en un peque\u00f1o cuenco. Mezcla una cucharadita de carb\u00f3n de coco activado y una cucharadita de aceite de coco virgen. Puedes aromatizar la preparaci\u00f3n con tres gotas de aceite esencial de lim\u00f3n. Adem\u00e1s del buen sabor, el <a href=\"https:\/\/nutrident.fr\/es\/?page_id=16623\">aceite esencial<\/a> de lim\u00f3n tiene un efecto desinfectante.<\/p>\n\n\n\n<p>Esta mezcla puede almacenarse durante varios meses a temperatura ambiente si la guardas en un frasco que pueda cerrarse para evitar que se llene de polvo.<\/p>\n\n\n\n<h2><span class=\"ez-toc-section\" id=\"%C2%BFQue_tipo_de_carbon_vegetal_se_usa_para_blanquear_los_dientes\"><\/span>\u00bfQu\u00e9 tipo de carb\u00f3n vegetal se usa para blanquear los dientes?  <span class=\"ez-toc-section-end\"><\/span><\/h2>\n\n\n\n<p>El carb\u00f3n vegetal est\u00e1 disponible en c\u00e1psulas, tabletas, gr\u00e1nulos o polvo. Para los dientes, se utiliza la <strong>versi\u00f3n en polvo<\/strong>. Tambi\u00e9n es el producto adecuado para hacer tu propia pasta de dientes de carb\u00f3n vegetal o para hacer mascarillas para la piel.<\/p>\n\n\n\n<p>Los otros productos se usan para los dolores de est\u00f3mago y la acidez, as\u00ed como para la hinchaz\u00f3n.<\/p>\n\n\n\n<p>Como ya se ha mencionado, el <strong>carb\u00f3n de coco<\/strong> es el m\u00e1s adecuado para el blanqueamiento dental. Aseg\u00farate de que el producto que elijas sea 100% carb\u00f3n activado y no contenga productos qu\u00edmicos o aditivos.<\/p>\n\n\n\n<p>Si buscas un producto m\u00e1s efectivo, te recomendamos que leas <a href=\"https:\/\/nutrident.fr\/es\/blanqueamiento-profesional\/kit-blanqueador-dental\/\" target=\"_blank\" rel=\"noreferrer noopener\">nuestra rese\u00f1a sobre los kits de blanqueamiento dental<\/a>.<\/p>\n\n\n\n<h2><span class=\"ez-toc-section\" id=\"Preguntas_frecuentes\"><\/span>Preguntas frecuentes  <span class=\"ez-toc-section-end\"><\/span><\/h2>\n\n\n<div id=\"rank-math-faq\" class=\"rank-math-block\">\n<div class=\"rank-math-list \">\n<div id=\"faq-question-1657867676958\" class=\"rank-math-list-item\">\n<h3 class=\"rank-math-question \">\u00bfCu\u00e1les son los beneficios del carb\u00f3n vegetal?<\/h3>\n<div class=\"rank-math-answer \">\n\n<p>El carb\u00f3n vegetal es el remedio natural m\u00e1s eficaz contra los gases intestinales, responsables de las flatulencias que a menudo provocan vientres hinchados. Tambi\u00e9n es \u00fatil para blanquear los dientes.<\/p>\n\n<\/div>\n<\/div>\n<div id=\"faq-question-1657867683319\" class=\"rank-math-list-item\">\n<h3 class=\"rank-math-question \">\u00bfCu\u00e1les son los efectos secundarios del carb\u00f3n vegetal?<\/h3>\n<div class=\"rank-math-answer \">\n\n<p>Si lo utilizas para blanquear los dientes, el carb\u00f3n activado no suele tener efectos secundarios que podamos mencionar.<\/p>\n\n<\/div>\n<\/div>\n<div id=\"faq-question-1657867691636\" class=\"rank-math-list-item\">\n<h3 class=\"rank-math-question \">\u00bfEs peligroso si ingiero carb\u00f3n vegetal?<\/h3>\n<div class=\"rank-math-answer \">\n\n<p>No te preocupes si tragas un poco de carb\u00f3n mientras te cepillas los dientes. El carb\u00f3n vegetal es inofensivo para la salud.<\/p>\n\n<\/div>\n<\/div>\n<\/div>\n<\/div><div class=\"article-data before-content\"><div class=\"article-data__date\"><div class=\"article-data__date-modified\"><time class=\"published\" datetime=\"2022-10-27T16:55:49+00:00\">This article was originally published on&nbsp;<span class=\"2\">octubre 27, 2022<\/span>&nbsp;and was most recently updated on&nbsp;<span>junio 13, 2023<\/span><\/time><br><\/div><\/div><\/div><div class=\"user-info\">    <div class=\"user-info__body\">\r\n      <div class=\"user-info__caption\"><span>Contributors:<\/span><\/div>\r\n\t\t\t        <div class=\"user-info__wrap \">\r\n          <div class=\"user-info__data\">\r\n            <div class=\"user-info__data__info\">\r\n              <div class=\"photo\">\r\n\t\t\t\t\t\t\t\t<img width=\"66\" height=\"61\" src=\"https:\/\/nutrident.fr\/wp-content\/uploads\/2023\/06\/unnamed-66x61.jpg\" class=\"attachment-profileImageAuthor size-profileImageAuthor wp-post-image\" alt=\"Dr Abel Jes\u00fas Pederzoli\" loading=\"lazy\" srcset=\"https:\/\/nutrident.fr\/wp-content\/uploads\/2023\/06\/unnamed-66x61.jpg 66w, https:\/\/nutrident.fr\/wp-content\/uploads\/2023\/06\/unnamed-300x279.jpg 300w, https:\/\/nutrident.fr\/wp-content\/uploads\/2023\/06\/unnamed-1024x952.jpg 1024w, https:\/\/nutrident.fr\/wp-content\/uploads\/2023\/06\/unnamed-768x714.jpg 768w, https:\/\/nutrident.fr\/wp-content\/uploads\/2023\/06\/unnamed-204x190.jpg 204w, https:\/\/nutrident.fr\/wp-content\/uploads\/2023\/06\/unnamed-120x112.jpg 120w, https:\/\/nutrident.fr\/wp-content\/uploads\/2023\/06\/unnamed.jpg 1125w\" sizes=\"(max-width: 66px) 100vw, 66px\" \/>              <\/div>\r\n              <a href=\"https:\/\/nutrident.fr\/es\/author\/dr-abel-jesus-pederzoli\/\" class=\"name\">Dr Abel Jes\u00fas Pederzoli<\/a>\r\n            <\/div>\r\n            <div class=\"user-info__data__social\">\r\n\t\t\t\t\t\t\t\t\t\t\t\t\t\t\t\t\t\t\t\t\t          <a href=\"https:\/\/clinicaleixample.es\/\"\r\n             class=\"soc-item website\">website<\/a>\r\n\t\t\t\t          <a href=\"http:\/\/linkedin.com\/in\/abel-jes%C3%BAs-pederzoli\"\r\n             class=\"soc-item linkedin\">linkedin<\/a>\r\n\t\t\t\t            <\/div>\r\n          <\/div>\r\n          <div class=\"user-info__description\">\r\n\t\t\t\t\t\t\t\t\t\t\t\t\t<p>Con t\u00edtulos obtenidos en la Facultad de Odontolog\u00eda de la Universidad Nacional de La Plata y una participaci\u00f3n activa en congresos y jornadas, el Dr. Pederzoli se mantiene actualizado en las \u00faltimas t\u00e9cnicas y avances en odontolog\u00eda. Actualmente se encuentra desarrollando un proyecto de consultor\u00eda tecnol\u00f3gica aplicada a cl\u00ednicas dentales.<\/p>\n\t\t\t\t\t\t          <\/div>\r\n        <\/div>\r\n\t\t\t\t    <\/div>\r\n\t<\/div><!--copyscapeskip--><div class=\"medical_references\"><div class=\"medical_references__heading\"><span>Fuentes M\u00e9dicas<\/span><\/div><div class=\"medical_references__list\"><p><strong>Efecto abrasivo de dent\u00edfricos clareadores con carb\u00f3n activado. Revisi\u00f3n de la literatura<\/strong>: <a href=\"http:\/\/scielo.senescyt.gob.ec\/scielo.php?script=sci_arttext&pid=S2528-79072022000100108\" target=\"_blank\" rel=\"noopener\">http:\/\/scielo.senescyt.gob.ec\/scielo.php?script=sci_arttext&pid=S2528-79072022000100108<\/a><\/p>\n<\/div><\/div><!--\/copyscapeskip-->","protected":false},"excerpt":{"rendered":"<p>Contributor:&nbsp; Dr Abel Jes\u00fas Pederzoli Updated:&nbsp;junio 13, 2023 \u00bfTe gustar\u00eda tener una sonrisa brillante, pero te da miedo da\u00f1ar tus dientes con un blanqueamiento? Entonces puede que sea el momento de probar un m\u00e9todo natural de blanquear los dientes. En lugar de recurrir a una soluci\u00f3n qu\u00edmica que puede da\u00f1ar el esmalte, Nutrident te explica [&hellip;]<\/p>\n","protected":false},"author":2,"featured_media":15505,"parent":16616,"menu_order":0,"comment_status":"open","ping_status":"open","template":"","meta":{"inline_featured_image":false},"acf":[],"_links":{"self":[{"href":"https:\/\/nutrident.fr\/es\/wp-json\/wp\/v2\/pages\/15504"}],"collection":[{"href":"https:\/\/nutrident.fr\/es\/wp-json\/wp\/v2\/pages"}],"about":[{"href":"https:\/\/nutrident.fr\/es\/wp-json\/wp\/v2\/types\/page"}],"author":[{"embeddable":true,"href":"https:\/\/nutrident.fr\/es\/wp-json\/wp\/v2\/users\/2"}],"replies":[{"embeddable":true,"href":"https:\/\/nutrident.fr\/es\/wp-json\/wp\/v2\/comments?post=15504"}],"version-history":[{"count":37,"href":"https:\/\/nutrident.fr\/es\/wp-json\/wp\/v2\/pages\/15504\/revisions"}],"predecessor-version":[{"id":22011,"href":"https:\/\/nutrident.fr\/es\/wp-json\/wp\/v2\/pages\/15504\/revisions\/22011"}],"up":[{"embeddable":true,"href":"https:\/\/nutrident.fr\/es\/wp-json\/wp\/v2\/pages\/16616"}],"wp:featuredmedia":[{"embeddable":true,"href":"https:\/\/nutrident.fr\/es\/wp-json\/wp\/v2\/media\/15505"}],"wp:attachment":[{"href":"https:\/\/nutrident.fr\/es\/wp-json\/wp\/v2\/media?parent=15504"}],"curies":[{"name":"wp","href":"https:\/\/api.w.org\/{rel}","templated":true}]}}