

{"id":15666,"date":"2022-09-26T11:17:38","date_gmt":"2022-09-26T11:17:38","guid":{"rendered":"https:\/\/nutrident.fr\/?page_id=15666"},"modified":"2023-06-15T21:03:12","modified_gmt":"2023-06-15T21:03:12","slug":"boca-seca","status":"publish","type":"page","link":"https:\/\/nutrident.fr\/es\/boca-seca\/","title":{"rendered":"Boca seca: causas de la xerostom\u00eda y sus tratamientos"},"content":{"rendered":"<div class=\"meta\"><div class=\"meta__users\">    <div class=\"meta__users__reviewed\">\r\n      <p class=\"meta__users__caption\">Contributor:&nbsp;<\/p>\r\n      <div class=\"users\">\r\n        <span class=\"users__user\">\r\n          <a href=\"#\">Dr Abel Jes\u00fas Pederzoli<\/a>\r\n        <\/span>\r\n      <\/div>\r\n    <\/div>\r\n\t<\/div><div class=\"meta__date-modified\">Updated:&nbsp;<span>junio 15, 2023<\/span><\/div><\/div><div class=\"wp-block-image\">\n<figure class=\"alignright size-full is-resized\"><img src=\"https:\/\/nutrident.fr\/wp-content\/uploads\/2023\/05\/sequedad-en-la-boca.jpg\" alt=\"\" class=\"wp-image-21274\" width=\"250\" height=\"169\" srcset=\"https:\/\/nutrident.fr\/wp-content\/uploads\/2023\/05\/sequedad-en-la-boca.jpg 1000w, https:\/\/nutrident.fr\/wp-content\/uploads\/2023\/05\/sequedad-en-la-boca-300x203.jpg 300w, https:\/\/nutrident.fr\/wp-content\/uploads\/2023\/05\/sequedad-en-la-boca-768x519.jpg 768w, https:\/\/nutrident.fr\/wp-content\/uploads\/2023\/05\/sequedad-en-la-boca-254x172.jpg 254w, https:\/\/nutrident.fr\/wp-content\/uploads\/2023\/05\/sequedad-en-la-boca-66x45.jpg 66w, https:\/\/nutrident.fr\/wp-content\/uploads\/2023\/05\/sequedad-en-la-boca-120x81.jpg 120w\" sizes=\"(max-width: 250px) 100vw, 250px\" \/><\/figure><\/div>\n\n\n<p>La boca seca, tambi\u00e9n conocida como xerostom\u00eda, es una condici\u00f3n bastante com\u00fan que afecta a aproximadamente el 10% de la poblaci\u00f3n general y al 25% de las personas mayores. Sucede cuando no se produce suficiente saliva y puede generar problemas dentales como caries y dificultad para tragar o hablar, adem\u00e1s de tener un impacto negativo en la calidad de vida de quienes la padecen.<\/p>\n\n\n\n<p>En este art\u00edculo, <a href=\"https:\/\/nutrident.fr\/es\/\">Nutrident.es<\/a> te explica cu\u00e1les son las causas de la boca seca, sus s\u00edntomas y posibles soluciones.<\/p>\n\n\n\n<div id=\"ez-toc-container\" class=\"ez-toc-v2_0_33_2 counter-hierarchy ez-toc-counter ez-toc-white ez-toc-container-direction\">\n<div class=\"ez-toc-title-container\">\n<p class=\"ez-toc-title\">Contenus<\/p>\n<span class=\"ez-toc-title-toggle\"><a href=\"#\" class=\"ez-toc-pull-right ez-toc-btn ez-toc-btn-xs ez-toc-btn-default ez-toc-toggle\" style=\"display: none;\"><label for=\"item\" aria-label=\"Tabla de contenidos\"><i class=\"ez-toc-glyphicon ez-toc-icon-toggle\"><\/i><\/label><input type=\"checkbox\" id=\"item\"><\/a><\/span><\/div>\n<nav><ul class='ez-toc-list ez-toc-list-level-1'><li class='ez-toc-page-1 ez-toc-heading-level-2'><a class=\"ez-toc-link ez-toc-heading-1\" href=\"https:\/\/nutrident.fr\/es\/boca-seca\/#Como_funcionan_las_glandulas_salivales\" title=\"C\u00f3mo funcionan las gl\u00e1ndulas salivales\">C\u00f3mo funcionan las gl\u00e1ndulas salivales<\/a><\/li><li class='ez-toc-page-1 ez-toc-heading-level-2'><a class=\"ez-toc-link ez-toc-heading-2\" href=\"https:\/\/nutrident.fr\/es\/boca-seca\/#El_papel_protector_de_la_saliva\" title=\"El papel protector de la saliva\">El papel protector de la saliva<\/a><\/li><li class='ez-toc-page-1 ez-toc-heading-level-2'><a class=\"ez-toc-link ez-toc-heading-3\" href=\"https:\/\/nutrident.fr\/es\/boca-seca\/#Sindrome_de_la_boca_seca_y_caries\" title=\"S\u00edndrome de la boca seca y caries\">S\u00edndrome de la boca seca y caries<\/a><\/li><li class='ez-toc-page-1 ez-toc-heading-level-2'><a class=\"ez-toc-link ez-toc-heading-4\" href=\"https:\/\/nutrident.fr\/es\/boca-seca\/#%C2%BFCuales_son_los_sintomas_de_la_boca_seca\" title=\"\u00bfCu\u00e1les son los s\u00edntomas de la boca seca?\">\u00bfCu\u00e1les son los s\u00edntomas de la boca seca?<\/a><\/li><li class='ez-toc-page-1 ez-toc-heading-level-2'><a class=\"ez-toc-link ez-toc-heading-5\" href=\"https:\/\/nutrident.fr\/es\/boca-seca\/#Causas_de_la_xerostomia\" title=\"Causas de la xerostom\u00eda\">Causas de la xerostom\u00eda<\/a><\/li><li class='ez-toc-page-1 ez-toc-heading-level-2'><a class=\"ez-toc-link ez-toc-heading-6\" href=\"https:\/\/nutrident.fr\/es\/boca-seca\/#Como_diagnosticar_el_sindrome_de_la_boca_seca\" title=\"C\u00f3mo diagnosticar el s\u00edndrome de la boca seca\">C\u00f3mo diagnosticar el s\u00edndrome de la boca seca<\/a><\/li><li class='ez-toc-page-1 ez-toc-heading-level-2'><a class=\"ez-toc-link ez-toc-heading-7\" href=\"https:\/\/nutrident.fr\/es\/boca-seca\/#Tratamiento_del_sindrome_de_la_boca_seca\" title=\"Tratamiento del s\u00edndrome de la boca seca\">Tratamiento del s\u00edndrome de la boca seca<\/a><\/li><li class='ez-toc-page-1 ez-toc-heading-level-2'><a class=\"ez-toc-link ez-toc-heading-8\" href=\"https:\/\/nutrident.fr\/es\/boca-seca\/#PREGUNTAS_FRECUENTES\" title=\"PREGUNTAS FRECUENTES\">PREGUNTAS FRECUENTES<\/a><\/li><\/ul><\/nav><\/div>\n<h2><span class=\"ez-toc-section\" id=\"Como_funcionan_las_glandulas_salivales\"><\/span>C\u00f3mo funcionan las gl\u00e1ndulas salivales<span class=\"ez-toc-section-end\"><\/span><\/h2>\n\n\n\n<p>Las <a href=\"https:\/\/www.passeportsante.net\/fr\/parties-corps\/Fiche.aspx?doc=glandes-salivaires\" target=\"_blank\" rel=\"noopener\">gl\u00e1ndulas salivales<\/a> est\u00e1n situadas alrededor de la boca y la garganta, y son las encargadas de producir la saliva que se bombea a la boca a lo largo de peque\u00f1os canales llamados conductos salivales.<\/p>\n\n\n\n<p><strong>Las gl\u00e1ndulas salivales incluyen:<\/strong><\/p>\n\n\n\n<ul><li>La gl\u00e1ndula par\u00f3tida, situada delante de la oreja y detr\u00e1s del \u00e1ngulo de la mand\u00edbula<\/li><li>La submandibular, situada bajo la lengua a ambos lados de la mand\u00edbula<\/li><li>La sublingual, situada en la parte posterior de la boca<\/li><li>Las gl\u00e1ndulas salivales menores, que se encuentran en varios lugares alrededor de la boca incluyendo el interior de las mejillas y la garganta.<\/li><\/ul>\n\n\n\n<p>Un flujo constante de saliva mantiene la boca h\u00fameda en todo momento. Masticar y tragar alimentos aumenta el flujo de saliva e incluso el mero hecho de mirar y pensar en alimentos apetitosos puede provocar un aumento en su producci\u00f3n.<\/p>\n\n\n\n<h2><span class=\"ez-toc-section\" id=\"El_papel_protector_de_la_saliva\"><\/span>El papel protector de la saliva<span class=\"ez-toc-section-end\"><\/span><\/h2>\n\n\n\n<p>Producir suficiente <a href=\"https:\/\/nutrident.fr\/es\/hipersalivacion\/\">saliva<\/a> mantiene la boca saludable por muchas razones, entre ellas:<\/p>\n\n\n\n<ul><li>Contiene componentes que atacan directamente las bacterias que causan <a href=\"https:\/\/nutrident.fr\/es\/caries\/\" target=\"_blank\" data-type=\"URL\" data-id=\"https:\/\/nutrident.fr\/es\/caries\/\" rel=\"noreferrer noopener\">la caries<\/a><\/li><li>Tiene propiedades antif\u00fangicas<\/li><li>Ayuda a eliminar los virus<\/li><li>Neutraliza los \u00e1cidos producidos por la placa dental<\/li><li>Contiene f\u00f3sforo y calcio, que son esenciales para el proceso continuo de remineralizaci\u00f3n que reconstruye <a class=\"wpil_keyword_link\" title=\"Correo electr\u00f3nico\" href=\"https:\/\/nutrident.fr\/es\/esmalte-dental-tratamiento\/\">el esmalte<\/a> dental<\/li><li>Humedece los alimentos, lo que permite una degluci\u00f3n c\u00f3moda y prepara la digesti\u00f3n<\/li><li>Ayuda a formar determinados sonidos en el habla<\/li><li>Estimula las sensaciones dentro de la boca y permite, por ejemplo, sentir la textura y el sabor de los alimentos.<\/li><\/ul>\n\n\n\n<h2><span class=\"ez-toc-section\" id=\"Sindrome_de_la_boca_seca_y_caries\"><\/span>S\u00edndrome de la boca seca y caries<span class=\"ez-toc-section-end\"><\/span><\/h2>\n\n\n\n<p>Una <strong>mala higiene bucal<\/strong> y una <a href=\"https:\/\/nutrident.fr\/es\/son-los-dulces-realmente-malos-para-los-dientes\/\" target=\"_blank\" data-type=\"URL\" data-id=\"https:\/\/nutrident.fr\/es\/son-los-dulces-realmente-malos-para-los-dientes\/\" rel=\"noreferrer noopener\">dieta azucarada<\/a> tienden a provocar caries en la superficie de los dientes y en los espacios interdentales, pero el s\u00edndrome de la boca seca genera un patr\u00f3n diferente de <a class=\"wpil_keyword_link\" title=\"caries\" href=\"https:\/\/nutrident.fr\/es\/caries-y-dieta\/\">caries<\/a> que comienza a lo largo de la l\u00ednea de las enc\u00edas. En algunos casos, <a href=\"https:\/\/nutrident.fr\/es\/aflojamiento-de-los-dientes\/\" target=\"_blank\" data-type=\"URL\" data-id=\"https:\/\/nutrident.fr\/es\/aflojamiento-de-los-dientes\/\" rel=\"noreferrer noopener\">las enc\u00edas se retraen<\/a> y exponen la capa dental subyacente, la dentina.<\/p>\n\n\n\n<p>A diferencia del esmalte, <strong>la dentina es menos resistente a los \u00e1cidos<\/strong> y tiende a deteriorarse r\u00e1pidamente. Cuando la caries afecta la dentina expuesta se le denomina caries radicular. La caries producida por la boca seca tambi\u00e9n puede aparecer en los dientes frontales inferiores, que normalmente est\u00e1n bien protegidos por la saliva que se produce debajo de la lengua.<\/p>\n\n\n\n<h2><span class=\"ez-toc-section\" id=\"%C2%BFCuales_son_los_sintomas_de_la_boca_seca\"><\/span>\u00bfCu\u00e1les son los s\u00edntomas de la boca seca?<span class=\"ez-toc-section-end\"><\/span><\/h2>\n\n\n\n<p>La xerostom\u00eda se traduce en una<strong> saliva espesa y fibrosa<\/strong>, una lengua \u00e1spera y seca que tiende a pegarse al paladar y unos labios secos y agrietados. Como resultado, se pueden generar \u00falceras bucales, altos niveles de caries y <a href=\"https:\/\/nutrident.fr\/es\/halitosis\/\" target=\"_blank\" data-type=\"URL\" data-id=\"https:\/\/nutrident.fr\/es\/halitosis\/\" rel=\"noreferrer noopener\">mal aliento<\/a>, adem\u00e1s de <strong>problemas para masticar <\/strong>o tragar, especialmente alimentos duros.<\/p>\n\n\n\n<p>La boca seca tambi\u00e9n puede tener repercusiones en el resto del cuerpo, como sequedad y picor de ojos, sequedad de nariz y garganta, reducci\u00f3n del sentido del olfato y problemas digestivos.<\/p>\n\n\n\n<figure class=\"wp-block-embed is-type-video is-provider-youtube wp-block-embed-youtube wp-embed-aspect-16-9 wp-has-aspect-ratio\"><div class=\"wp-block-embed__wrapper\">\n<iframe title=\"\u00bfPor qu\u00e9 tengo la BOCA SECA? - Causas y tratamiento de la sequedad de boca o XEROSTOM\u00cdA | Dentalk! \u00a9\" width=\"500\" height=\"281\" src=\"https:\/\/www.youtube.com\/embed\/xEfaWqMvMpc?feature=oembed\" frameborder=\"0\" allow=\"accelerometer; autoplay; clipboard-write; encrypted-media; gyroscope; picture-in-picture; web-share\" allowfullscreen><\/iframe>\n<\/div><\/figure>\n\n\n\n<h2><span class=\"ez-toc-section\" id=\"Causas_de_la_xerostomia\"><\/span>Causas de la xerostom\u00eda<span class=\"ez-toc-section-end\"><\/span><\/h2>\n\n\n\n<p>La sequedad en la boca puede tener diversas causas, pero una de las principales es la <strong>deshidrataci\u00f3n<\/strong>. Es importante consumir una cantidad adecuada de l\u00edquidos diariamente para mantener una hidrataci\u00f3n adecuada.<\/p>\n\n\n\n<p>Algunos <strong>medicamentos<\/strong> provocan sequedad en la boca. Los m\u00e1s comunes son los antihistam\u00ednicos, los antihipertensivos, los sedantes, los analg\u00e9sicos y los antidepresivos. Algunos tratamientos contra el c\u00e1ncer, como la quimioterapia o la radioterapia, pueden reducir temporalmente la capacidad de las gl\u00e1ndulas salivales para producir saliva.<\/p>\n\n\n\n<p>Los <a href=\"https:\/\/nutrident.fr\/es\/tabaco\/\" data-type=\"URL\" data-id=\"https:\/\/nutrident.fr\/es\/tabaco\/\" target=\"_blank\" rel=\"noreferrer noopener\">cigarrillos<\/a> y el <a href=\"https:\/\/nutrident.fr\/es\/alcohol-y-dientes\/\" data-type=\"URL\" data-id=\"https:\/\/nutrident.fr\/es\/alcohol-y-dientes\/\" target=\"_blank\" rel=\"noreferrer noopener\">alcohol<\/a> son perjudiciales para la producci\u00f3n de saliva, al igual que el consumo de coca\u00edna y <a href=\"https:\/\/nutrident.fr\/es\/cannabis-y-salud-bucoental\/\" target=\"_blank\" data-type=\"URL\" data-id=\"https:\/\/nutrident.fr\/es\/cannabis-y-salud-bucoental\/\" rel=\"noreferrer noopener\">marihuana<\/a>.<\/p>\n\n\n\n<p>Por otro lado, las <strong>infecciones bacterianas <\/strong>o virales de las gl\u00e1ndulas salivales pueden causar inflamaci\u00f3n y restringir la producci\u00f3n de saliva.<\/p>\n\n\n\n<p><strong>Algunas patolog\u00edas<\/strong> tambi\u00e9n pueden reducir la producci\u00f3n de saliva. El s\u00edndrome de Sj\u00f6gren es una enfermedad autoinmune com\u00fan que afecta principalmente los ojos y las gl\u00e1ndulas salivales, pero tambi\u00e9n puede afectar a las gl\u00e1ndulas sudor\u00edparas. Otras enfermedades como <strong>el sida<\/strong>, la amiloidosis, la par\u00e1lisis cerebral, la <strong>diabetes<\/strong>, la enfermedad de <strong>Parkinson<\/strong>, la cirrosis biliar primaria y el lupus pueden causar boca seca.<\/p>\n\n\n\n<p>Otra de las causas de la xerostom\u00eda son unos <strong>peque\u00f1os c\u00e1lculos<\/strong> formados por los minerales de la saliva que pueden obstruir los conductos salivales y restringir el flujo de saliva.<\/p>\n\n\n<div class=\"wp-block-image\">\n<figure class=\"alignright size-medium\"><img width=\"300\" height=\"200\" src=\"https:\/\/nutrident.fr\/wp-content\/uploads\/2022\/06\/alcool-et-parodontite-300x200.jpg\" alt=\"boca seca\" class=\"wp-image-11032\" srcset=\"https:\/\/nutrident.fr\/wp-content\/uploads\/2022\/06\/alcool-et-parodontite-300x200.jpg 300w, https:\/\/nutrident.fr\/wp-content\/uploads\/2022\/06\/alcool-et-parodontite-1024x682.jpg 1024w, https:\/\/nutrident.fr\/wp-content\/uploads\/2022\/06\/alcool-et-parodontite-768x512.jpg 768w, https:\/\/nutrident.fr\/wp-content\/uploads\/2022\/06\/alcool-et-parodontite-1536x1024.jpg 1536w, https:\/\/nutrident.fr\/wp-content\/uploads\/2022\/06\/alcool-et-parodontite-254x169.jpg 254w, https:\/\/nutrident.fr\/wp-content\/uploads\/2022\/06\/alcool-et-parodontite.jpg 2000w\" sizes=\"(max-width: 300px) 100vw, 300px\" \/><figcaption>El consumo de alcohol provoca sequedad en la mucosa bucal<\/figcaption><\/figure><\/div>\n\n\n<p>Los problemas del sistema nervioso tambi\u00e9n influyen en la producci\u00f3n de saliva, ya que la funci\u00f3n de las gl\u00e1ndulas salivales est\u00e1 controlada por los nervios faciales. Una<strong> lesi\u00f3n o un da\u00f1o quir\u00fargico<\/strong> en estos nervios puede reducir su producci\u00f3n.<\/p>\n\n\n\n<p>Otros factores comunes en la aparici\u00f3n de esta condici\u00f3n son la <strong>respiraci\u00f3n bucal habitual<\/strong> en el caso de una nariz o senos nasales constantemente obstruidos, o los cambios hormonales debidos al embarazo o la menopausia.<\/p>\n\n\n\n<h2><span class=\"ez-toc-section\" id=\"Como_diagnosticar_el_sindrome_de_la_boca_seca\"><\/span>C\u00f3mo diagnosticar el s\u00edndrome de la boca seca<span class=\"ez-toc-section-end\"><\/span><\/h2>\n\n\n\n<p>El diagn\u00f3stico del s\u00edndrome de la boca seca comienza con un examen f\u00edsico de la cavidad bucal y los dientes. <strong>La prueba de la saliva<\/strong> consiste en enrollar el labio inferior y secarlo con palmaditas. Normalmente deber\u00eda volver a humedecerse en 30 segundos.<\/p>\n\n\n\n<h2><span class=\"ez-toc-section\" id=\"Tratamiento_del_sindrome_de_la_boca_seca\"><\/span>Tratamiento del s\u00edndrome de la boca seca<span class=\"ez-toc-section-end\"><\/span><\/h2>\n\n\n\n<p>El tratamiento de este s\u00edndrome depender\u00e1 de su causa. Si est\u00e1s tomando medicamentos que afectan la producci\u00f3n de saliva, tu m\u00e9dico puede cambiarlos y tambi\u00e9n te puede prescribir antibi\u00f3ticos y antif\u00fangicos en caso de infecci\u00f3n. <strong>Si se trata de c\u00e1lculos salivales, es necesario realizar una cirug\u00eda<\/strong>. <\/p>\n\n\n\n<p>Los <strong>sustitutos de la saliva <\/strong>o promotores de la saliva est\u00e1n disponibles en forma de dent\u00edfricos, enjuagues bucales, gomas de mascar y aerosoles lubricantes a base de mucina, carboximetilcelulosa y \u00e9steres de glicerol.<\/p>\n\n\n\n<p>Adem\u00e1s de estos tratamientos prescritos por el dentista, es importante <a href=\"https:\/\/nutrident.fr\/es\/7-malos-habitos-que-danan-los-dientes\/\" target=\"_blank\" data-type=\"URL\" data-id=\"https:\/\/nutrident.fr\/es\/7-malos-habitos-que-danan-los-dientes\/\" rel=\"noreferrer noopener\">cambiar algunos h\u00e1bitos<\/a>. Come alimentos masticables para estimular el flujo de saliva, mastica bien los alimentos antes de tragarlos y <strong>bebe m\u00e1s agua<\/strong>.<\/p>\n\n\n\n<p>Por otro lado, tambi\u00e9n es recomendable evitar <strong>los alimentos crujientes <\/strong>que puedan da\u00f1ar la boca, as\u00ed como los alimentos y bebidas \u00e1cidas, como los <a href=\"https:\/\/nutrident.fr\/es\/coca-cola-y-dientes\/\" target=\"_blank\" data-type=\"URL\" data-id=\"https:\/\/nutrident.fr\/es\/coca-cola-y-dientes\/\" rel=\"noreferrer noopener\">refrescos<\/a>, los c\u00edtricos y los<strong> zumos<\/strong>, para proteger el esmalte dental. Asimismo, reduce o evita por completo el consumo de alimentos y <a href=\"https:\/\/nutrident.fr\/es\/bebidas-azucaradas\/\" target=\"_blank\" data-type=\"URL\" data-id=\"https:\/\/nutrident.fr\/es\/bebidas-azucaradas\/\" rel=\"noreferrer noopener\">bebidas dulces<\/a>.<\/p>\n\n\n\n<p>Otra recomendaci\u00f3n importante es reducir o evitar el consumo de tabaco, <strong>alcohol<\/strong>, bebidas con cafe\u00edna y alimentos picantes. Masticar chicle sin az\u00facar entre comidas puede favorecer el flujo de saliva.<\/p>\n\n\n\n<h2><span class=\"ez-toc-section\" id=\"PREGUNTAS_FRECUENTES\"><\/span>PREGUNTAS FRECUENTES<span class=\"ez-toc-section-end\"><\/span><\/h2>\n\n\n<div id=\"rank-math-faq\" class=\"rank-math-block\">\n<div class=\"rank-math-list \">\n<div id=\"faq-question-1657868535671\" class=\"rank-math-list-item\">\n<h3 class=\"rank-math-question \">\u00bfQu\u00e9 enfermedades causan sequedad de boca?<\/h3>\n<div class=\"rank-math-answer \">\n\n<p>Entre las afecciones que provocan sequedad bucal destacan el VIH y la enfermedad de Parkinson.<\/p>\n\n<\/div>\n<\/div>\n<div id=\"faq-question-1657868542379\" class=\"rank-math-list-item\">\n<h3 class=\"rank-math-question \">\u00bfC\u00f3mo tratar la boca seca?<\/h3>\n<div class=\"rank-math-answer \">\n\n<p>Adem\u00e1s de beber mucha agua durante el d\u00eda, un buen consejo es mascar chicle sin az\u00facar ya que esto estimula la salivaci\u00f3n.<\/p>\n\n<\/div>\n<\/div>\n<div id=\"faq-question-1657868553744\" class=\"rank-math-list-item\">\n<h3 class=\"rank-math-question \">\u00bfQu\u00e9 tipo de tratamiento se recomienda para la xerostom\u00eda?<\/h3>\n<div class=\"rank-math-answer \">\n\n<p>Existen soluciones en forma de gel para crear saliva artificial.<\/p>\n\n<\/div>\n<\/div>\n<\/div>\n<\/div><div class=\"article-data before-content\"><div class=\"article-data__date\"><div class=\"article-data__date-modified\"><time class=\"published\" datetime=\"2022-09-26T11:17:38+00:00\">This article was originally published on&nbsp;<span class=\"2\">septiembre 26, 2022<\/span>&nbsp;and was most recently updated on&nbsp;<span>junio 15, 2023<\/span><\/time><br><\/div><\/div><\/div><div class=\"user-info\">    <div class=\"user-info__body\">\r\n      <div class=\"user-info__caption\"><span>Contributors:<\/span><\/div>\r\n\t\t\t        <div class=\"user-info__wrap \">\r\n          <div class=\"user-info__data\">\r\n            <div class=\"user-info__data__info\">\r\n              <div class=\"photo\">\r\n\t\t\t\t\t\t\t\t<img width=\"66\" height=\"61\" src=\"https:\/\/nutrident.fr\/wp-content\/uploads\/2023\/06\/unnamed-66x61.jpg\" class=\"attachment-profileImageAuthor size-profileImageAuthor wp-post-image\" alt=\"Dr Abel Jes\u00fas Pederzoli\" loading=\"lazy\" srcset=\"https:\/\/nutrident.fr\/wp-content\/uploads\/2023\/06\/unnamed-66x61.jpg 66w, https:\/\/nutrident.fr\/wp-content\/uploads\/2023\/06\/unnamed-300x279.jpg 300w, https:\/\/nutrident.fr\/wp-content\/uploads\/2023\/06\/unnamed-1024x952.jpg 1024w, https:\/\/nutrident.fr\/wp-content\/uploads\/2023\/06\/unnamed-768x714.jpg 768w, https:\/\/nutrident.fr\/wp-content\/uploads\/2023\/06\/unnamed-204x190.jpg 204w, https:\/\/nutrident.fr\/wp-content\/uploads\/2023\/06\/unnamed-120x112.jpg 120w, https:\/\/nutrident.fr\/wp-content\/uploads\/2023\/06\/unnamed.jpg 1125w\" sizes=\"(max-width: 66px) 100vw, 66px\" \/>              <\/div>\r\n              <a href=\"https:\/\/nutrident.fr\/es\/author\/dr-abel-jesus-pederzoli\/\" class=\"name\">Dr Abel Jes\u00fas Pederzoli<\/a>\r\n            <\/div>\r\n            <div class=\"user-info__data__social\">\r\n\t\t\t\t\t\t\t\t\t\t\t\t\t\t\t\t\t\t\t\t\t          <a href=\"https:\/\/clinicaleixample.es\/\"\r\n             class=\"soc-item website\">website<\/a>\r\n\t\t\t\t          <a href=\"http:\/\/linkedin.com\/in\/abel-jes%C3%BAs-pederzoli\"\r\n             class=\"soc-item linkedin\">linkedin<\/a>\r\n\t\t\t\t            <\/div>\r\n          <\/div>\r\n          <div class=\"user-info__description\">\r\n\t\t\t\t\t\t\t\t\t\t\t\t\t<p>Con t\u00edtulos obtenidos en la Facultad de Odontolog\u00eda de la Universidad Nacional de La Plata y una participaci\u00f3n activa en congresos y jornadas, el Dr. Pederzoli se mantiene actualizado en las \u00faltimas t\u00e9cnicas y avances en odontolog\u00eda. Actualmente se encuentra desarrollando un proyecto de consultor\u00eda tecnol\u00f3gica aplicada a cl\u00ednicas dentales.<\/p>\n\t\t\t\t\t\t          <\/div>\r\n        <\/div>\r\n\t\t\t\t    <\/div>\r\n\t<\/div><!--copyscapeskip--><div class=\"medical_references\"><div class=\"medical_references__heading\"><span>Fuentes M\u00e9dicas<\/span><\/div><div class=\"medical_references__list\"><p><strong>Passeport Sante<\/strong>: <a href=\"https:\/\/www.passeportsante.net\/fr\/parties-corps\/Fiche.aspx?doc=glandes-salivaires\" target=\"_blank\" rel=\"noopener\">Glandes salivaires<\/a>. Consultado el 15 de marzo de 2023.<\/p>\n<p><strong>Scielo:<\/strong> <a href=\"https:\/\/scielo.isciii.es\/scielo.php?script=sci_arttext&pid=S1699-695X2009000100009\" target=\"_blank\" rel=\"noopener\">Xerostom\u00eda: Diagn\u00f3stico y Manejo Cl\u00ednico<\/a>. Consultado el 15 de marzo de 2023.<\/p>\n<p><strong>Cancer.net:<\/strong> <a href=\"https:\/\/www.cancer.net\/es\/asimilaci%C3%B3n-con-cancer\/efectos-fisicos-emocionales-y-sociales-del-cancer\/manejo-de-los-efectos-secundarios-fisicos\/sequedad-en-la-boca-o-xerostomia\" target=\"_blank\" rel=\"noopener\">Sequedad en la boca o xerostom\u00eda<\/a>. Consultado el 15 de marzo de 2023.<\/p>\n<\/div><\/div><!--\/copyscapeskip-->","protected":false},"excerpt":{"rendered":"<p>Contributor:&nbsp; Dr Abel Jes\u00fas Pederzoli Updated:&nbsp;junio 15, 2023 La boca seca, tambi\u00e9n conocida como xerostom\u00eda, es una condici\u00f3n bastante com\u00fan que afecta a aproximadamente el 10% de la poblaci\u00f3n general y al 25% de las personas mayores. Sucede cuando no se produce suficiente saliva y puede generar problemas dentales como caries y dificultad para tragar [&hellip;]<\/p>\n","protected":false},"author":14,"featured_media":9812,"parent":0,"menu_order":0,"comment_status":"closed","ping_status":"closed","template":"","meta":{"inline_featured_image":false},"acf":[],"_links":{"self":[{"href":"https:\/\/nutrident.fr\/es\/wp-json\/wp\/v2\/pages\/15666"}],"collection":[{"href":"https:\/\/nutrident.fr\/es\/wp-json\/wp\/v2\/pages"}],"about":[{"href":"https:\/\/nutrident.fr\/es\/wp-json\/wp\/v2\/types\/page"}],"author":[{"embeddable":true,"href":"https:\/\/nutrident.fr\/es\/wp-json\/wp\/v2\/users\/14"}],"replies":[{"embeddable":true,"href":"https:\/\/nutrident.fr\/es\/wp-json\/wp\/v2\/comments?post=15666"}],"version-history":[{"count":36,"href":"https:\/\/nutrident.fr\/es\/wp-json\/wp\/v2\/pages\/15666\/revisions"}],"predecessor-version":[{"id":21794,"href":"https:\/\/nutrident.fr\/es\/wp-json\/wp\/v2\/pages\/15666\/revisions\/21794"}],"wp:featuredmedia":[{"embeddable":true,"href":"https:\/\/nutrident.fr\/es\/wp-json\/wp\/v2\/media\/9812"}],"wp:attachment":[{"href":"https:\/\/nutrident.fr\/es\/wp-json\/wp\/v2\/media?parent=15666"}],"curies":[{"name":"wp","href":"https:\/\/api.w.org\/{rel}","templated":true}]}}