

{"id":15749,"date":"2022-09-28T08:05:00","date_gmt":"2022-09-28T08:05:00","guid":{"rendered":"https:\/\/nutrident.fr\/?page_id=15749"},"modified":"2023-06-13T10:41:27","modified_gmt":"2023-06-13T10:41:27","slug":"tabaco","status":"publish","type":"page","link":"https:\/\/nutrident.fr\/es\/tabaco\/","title":{"rendered":"Las consecuencias de fumar en los dientes y enc\u00edas"},"content":{"rendered":"<div class=\"meta\"><div class=\"meta__users\">    <div class=\"meta__users__reviewed\">\r\n      <p class=\"meta__users__caption\">Contributor:&nbsp;<\/p>\r\n      <div class=\"users\">\r\n        <span class=\"users__user\">\r\n          <a href=\"#\">Dr Abel Jes\u00fas Pederzoli<\/a>\r\n        <\/span>\r\n      <\/div>\r\n    <\/div>\r\n\t<\/div><div class=\"meta__date-modified\">Updated:&nbsp;<span>junio 13, 2023<\/span><\/div><\/div><div class=\"wp-block-image\">\n<figure class=\"alignright size-medium\"><img width=\"300\" height=\"259\" src=\"https:\/\/nutrident.fr\/wp-content\/uploads\/2022\/06\/tabagisme-300x259.jpg\" alt=\"el tabaco y la salud dental\" class=\"wp-image-12596\" srcset=\"https:\/\/nutrident.fr\/wp-content\/uploads\/2022\/06\/tabagisme-300x259.jpg 300w, https:\/\/nutrident.fr\/wp-content\/uploads\/2022\/06\/tabagisme-768x663.jpg 768w, https:\/\/nutrident.fr\/wp-content\/uploads\/2022\/06\/tabagisme-220x190.jpg 220w, https:\/\/nutrident.fr\/wp-content\/uploads\/2022\/06\/tabagisme.jpg 999w\" sizes=\"(max-width: 300px) 100vw, 300px\" \/><figcaption>El tabaco tiene un efecto perjudicial para los dientes<\/figcaption><\/figure><\/div>\n\n\n<p>El tabaco es malo para la salud en general y para la salud bucodental en particular. Desgraciadamente, no solo mancha los dientes, sino que tiene muchas consecuencias perjudiciales. <\/p>\n\n\n\n<p>Desde hace algunas d\u00e9cadas se sabe que fumar es muy malo para la salud. Provoca enfermedades pulmonares y c\u00e1ncer, pero <strong>su acci\u00f3n en la boca es a\u00fan m\u00e1s devastadora<\/strong> para los dientes, la lengua y las enc\u00edas.<\/p>\n\n\n\n<p>En este art\u00edculo analizamos c\u00f3mo afecta el tabaco la salud bucal.<\/p>\n\n\n\n<h2>\u00bfCu\u00e1les son los efectos del tabaco en la salud oral?<\/h2>\n\n\n\n<h3>Mal aliento<\/h3>\n\n\n\n<p>El tabaquismo <a href=\"https:\/\/nutrident.fr\/es\/halitosis\/\" target=\"_blank\" rel=\"noreferrer noopener\">causa halitosis<\/a> (mal aliento) por dos razones. La primera est\u00e1 directamente relacionada con el impacto de las <strong>m\u00e1s de cuatro mil sustancias qu\u00edmicas<\/strong> que contienen los cigarrillos y que se inhalan con cada calada.<\/p>\n\n\n\n<p>Los residuos se asientan y se acumulan dentro de la boca y en los pulmones, por lo que exhalas un aire cargado que huele mal.<\/p>\n\n\n\n<p>La segunda raz\u00f3n del mal aliento es que <strong>fumar reseca la boca<\/strong>. Como consecuencia, la saliva no puede hacer su trabajo de limpieza constante y proliferan las bacterias perjudiciales que causan la halitosos y otros problemas orales.<\/p>\n\n\n\n<h3>Deterioro del gusto y del olfato<\/h3>\n\n\n<div class=\"wp-block-image\">\n<figure class=\"alignright\"><img width=\"200\" height=\"300\" src=\"https:\/\/nutrident.fr\/wp-content\/uploads\/2020\/02\/woman-eating-on-cooking-pan-1587830-200x300.jpg\" alt=\"el tabaco afecta al sabor\" class=\"wp-image-4331\" srcset=\"https:\/\/nutrident.fr\/wp-content\/uploads\/2020\/02\/woman-eating-on-cooking-pan-1587830-200x300.jpg 200w, https:\/\/nutrident.fr\/wp-content\/uploads\/2020\/02\/woman-eating-on-cooking-pan-1587830-480x720.jpg 480w, https:\/\/nutrident.fr\/wp-content\/uploads\/2020\/02\/woman-eating-on-cooking-pan-1587830.jpg 500w\" sizes=\"(max-width: 200px) 100vw, 200px\" \/><figcaption>El tabaco altera el gusto y el olfato<\/figcaption><\/figure><\/div>\n\n\n<p>Los cigarrillos tienen un gran impacto en la forma de percibir los sabores y los olores. <strong>El<\/strong> <strong>tabaco altera los sentidos<\/strong> y las papilas gustativas no detectan bien los sabores. Adem\u00e1s, los fumadores son m\u00e1s propensos a a\u00f1adir m\u00e1s sal o az\u00facar a su comida porque la encuentran ins\u00edpida, un mal h\u00e1bito que conduce a la obstrucci\u00f3n de las arterias y al aumento de peso.<\/p>\n\n\n\n<p>Los cigarrillos influyen en la boca, pero tambi\u00e9n en la nariz, lo que <strong>impide percibir los olores y sabores<\/strong>. Afortunadamente, este fen\u00f3meno es reversible. Cuando se deja de fumar, se recuperan los sentidos con bastante rapidez.<\/p>\n\n\n\n<h3>Manchas en los dientes<\/h3>\n\n\n\n<p>Los fumadores se reconocen f\u00e1cilmente por las manchas en sus dientes. El alquitr\u00e1n y la nicotina dejan <a href=\"https:\/\/nutrident.fr\/es\/?page_id=16822\">manchas amarillas en los dientes<\/a>, las cuales <strong>se vuelven marrones<\/strong> si no las elimina el dentista.<\/p>\n\n\n\n<p>Estos sustancias nocivas se introducen en todos los rincones y hasta en las peque\u00f1as grietas del <a href=\"https:\/\/nutrident.fr\/es\/?page_id=17011\">esmalte<\/a> dental. Por mucho que te cepilles los dientes con diligencia y los limpie a fondo el dentista, tus dientes seguir\u00e1n teniendo esas antiest\u00e9ticas manchas amarillas.<\/p>\n\n\n\n<p>Una soluci\u00f3n temporal es utilizar un<strong> kit de blanqueamiento dental <\/strong>en casa, como el <a href=\"https:\/\/nutrident.fr\/es\/blanqueamiento-profesional\/kit-blanqueador-dental\/\" target=\"_blank\" rel=\"noreferrer noopener\">kit smile avenue<\/a>, antes o despu\u00e9s de una visita al dentista para un blanqueamiento completo.<\/p>\n\n\n\n<h3>Caries<\/h3>\n\n\n\n<p>Adem\u00e1s de las manchas amarillas y <a href=\"https:\/\/nutrident.fr\/es\/manchas-negras-en-los-dientes\/\" target=\"_blank\" rel=\"noreferrer noopener\">negras<\/a> en los dientes, los fumadores <strong>padecen tres veces m\u00e1s <a href=\"https:\/\/nutrident.fr\/es\/caries-y-dieta\/\" data-type=\"URL\" data-id=\"https:\/\/nutrident.fr\/es\/caries-y-dieta\/\" target=\"_blank\" rel=\"noreferrer noopener\">caries<\/a><\/strong> que los no fumadores, porque los productos que contiene el humo favorecen la formaci\u00f3n de la placa dental.<\/p>\n\n\n\n<h3>Enfermedad de las enc\u00edas<\/h3>\n\n\n\n<p>La placa dental que produce el tabaquismo es <a href=\"https:\/\/nutrident.fr\/es\/periodontitis\/\" data-type=\"URL\" data-id=\"https:\/\/nutrident.fr\/es\/periodontitis\/\" target=\"_blank\" rel=\"noreferrer noopener\">perjudicial para las enc\u00edas<\/a>. Adem\u00e1s, la nicotina<strong> altera el funcionamiento de los vasos sangu\u00edneos<\/strong> de las enc\u00edas, mientras que el tabaco disminuye generalmente el nivel de ox\u00edgeno en la sangre, lo que reduce la capacidad de cicatrizaci\u00f3n.<\/p>\n\n\n\n<p>Como resultado, las enc\u00edas <strong>se infectan m\u00e1s f\u00e1cilmente<\/strong> y el cuerpo es menos capaz de combatir la infecci\u00f3n. Por lo tanto, los fumadores desarrollan m\u00e1s enfermedades de las enc\u00edas y tienen una menor tasa de \u00e9xito en la implantolog\u00eda.<\/p>\n\n\n\n<h3>C\u00e1ncer oral y c\u00e1ncer de lengua<\/h3>\n\n\n<div class=\"wp-block-image\">\n<figure class=\"alignright size-medium\"><img width=\"300\" height=\"200\" src=\"https:\/\/nutrident.fr\/wp-content\/uploads\/2020\/02\/man-person-cigar-cigarette-47296-300x200.jpg\" alt=\"el tabaco y los dientes\" class=\"wp-image-4305\" srcset=\"https:\/\/nutrident.fr\/wp-content\/uploads\/2020\/02\/man-person-cigar-cigarette-47296-300x200.jpg 300w, https:\/\/nutrident.fr\/wp-content\/uploads\/2020\/02\/man-person-cigar-cigarette-47296-480x320.jpg 480w, https:\/\/nutrident.fr\/wp-content\/uploads\/2020\/02\/man-person-cigar-cigarette-47296.jpg 750w\" sizes=\"(max-width: 300px) 100vw, 300px\" \/><figcaption>El tabaco es un factor importante en el desarrollo de c\u00e1nceres orales<\/figcaption><\/figure><\/div>\n\n\n<p>Todas las partes de la boca se ven perjudicadas por los efectos del tabaco. Aunque el c\u00e1ncer de pulm\u00f3n es la enfermedad m\u00e1s conocida entre los fumadores, <a href=\"https:\/\/www.doctissimo.fr\/html\/dossiers\/cancer\/articles\/12947-cancer-bouche-signes-alerte-diagnostic.htm\" target=\"_blank\" rel=\"noopener noreferrer\">los c\u00e1nceres orales<\/a> no se quedan atr\u00e1s.<\/p>\n\n\n\n<p>Los fumadores desarrollan <strong>c\u00e1ncer de boca, lengua, enc\u00edas, labios y garganta<\/strong>.<\/p>\n\n\n\n<p>El riesgo de c\u00e1ncer aumenta a\u00fan m\u00e1s si se tiende a beber alcohol, pues la sinergia entre los dos productos es formidable. Ten en cuenta que estos tipos de c\u00e1nceres siguen teniendo un tratamiento muy deficiente y <strong>suelen ser mortales.<\/strong><\/p>\n\n\n\n<h3>Dientes flojos<\/h3>\n\n\n\n<p>Al inhalar una calada, se forma un calor intenso que se extiende en la boca. Esto tiene el efecto de <strong>cocinar ligeramente todo el interior de la boca<\/strong>, lo que es desastroso para los tejidos.<\/p>\n\n\n\n<p>Todo el periodonto se debilita: los huesos, los ligamentos y las enc\u00edas, que son esenciales para mantener los dientes en su lugar, hacen su trabajo de manera deficiente.<\/p>\n\n\n\n<p>En combinaci\u00f3n con el mal funcionamiento de los vasos sangu\u00edneos, la inmunidad defectuosa, la formaci\u00f3n de placa y las caries, <strong>los dientes comienzan a desplazarse e incluso pueden aflojarse<\/strong>.<\/p>\n\n\n\n<h2>Conclusi\u00f3n<\/h2>\n\n\n\n<p>La \u00fanica manera de evitar todos los riesgos que hemos mencionado es dejar de fumar. <strong>Fumar cigarrillos light es solo un se\u00f1uelo<\/strong> que no es menos peligroso. <\/p>\n\n\n\n<p>La adicci\u00f3n al tabaco es extremadamente poderosa y hay muchas formas de obtener ayuda. Esto te permitir\u00e1 recuperar una buena salud bucodental y ahorrar dinero.<\/p>\n\n\n\n<p>Si te interesa, puedes consultar nuestros art\u00edculos sobre el blanqueamiento dental, sobre <a href=\"https:\/\/nutrident.fr\/es\/raspado-dental-casero\/\" target=\"_blank\" rel=\"noreferrer noopener\">los kits de limpieza dental caseros<\/a> o sobre <a href=\"https:\/\/nutrident.fr\/es\/vaping\/\" target=\"_blank\" rel=\"noreferrer noopener\">los cigarrillos electr\u00f3nicos<\/a>.<\/p>\n<div class=\"article-data before-content\"><div class=\"article-data__date\"><div class=\"article-data__date-modified\"><time class=\"published\" datetime=\"2022-09-28T08:05:00+00:00\">This article was originally published on&nbsp;<span class=\"2\">septiembre 28, 2022<\/span>&nbsp;and was most recently updated on&nbsp;<span>junio 13, 2023<\/span><\/time><br><\/div><\/div><\/div><div class=\"user-info\">    <div class=\"user-info__body\">\r\n      <div class=\"user-info__caption\"><span>Contributors:<\/span><\/div>\r\n\t\t\t        <div class=\"user-info__wrap \">\r\n          <div class=\"user-info__data\">\r\n            <div class=\"user-info__data__info\">\r\n              <div class=\"photo\">\r\n\t\t\t\t\t\t\t\t<img width=\"66\" height=\"61\" src=\"https:\/\/nutrident.fr\/wp-content\/uploads\/2023\/06\/unnamed-66x61.jpg\" class=\"attachment-profileImageAuthor size-profileImageAuthor wp-post-image\" alt=\"Dr Abel Jes\u00fas Pederzoli\" loading=\"lazy\" srcset=\"https:\/\/nutrident.fr\/wp-content\/uploads\/2023\/06\/unnamed-66x61.jpg 66w, https:\/\/nutrident.fr\/wp-content\/uploads\/2023\/06\/unnamed-300x279.jpg 300w, https:\/\/nutrident.fr\/wp-content\/uploads\/2023\/06\/unnamed-1024x952.jpg 1024w, https:\/\/nutrident.fr\/wp-content\/uploads\/2023\/06\/unnamed-768x714.jpg 768w, https:\/\/nutrident.fr\/wp-content\/uploads\/2023\/06\/unnamed-204x190.jpg 204w, https:\/\/nutrident.fr\/wp-content\/uploads\/2023\/06\/unnamed-120x112.jpg 120w, https:\/\/nutrident.fr\/wp-content\/uploads\/2023\/06\/unnamed.jpg 1125w\" sizes=\"(max-width: 66px) 100vw, 66px\" \/>              <\/div>\r\n              <a href=\"https:\/\/nutrident.fr\/es\/author\/dr-abel-jesus-pederzoli\/\" class=\"name\">Dr Abel Jes\u00fas Pederzoli<\/a>\r\n            <\/div>\r\n            <div class=\"user-info__data__social\">\r\n\t\t\t\t\t\t\t\t\t\t\t\t\t\t\t\t\t\t\t\t\t          <a href=\"https:\/\/clinicaleixample.es\/\"\r\n             class=\"soc-item website\">website<\/a>\r\n\t\t\t\t          <a href=\"http:\/\/linkedin.com\/in\/abel-jes%C3%BAs-pederzoli\"\r\n             class=\"soc-item linkedin\">linkedin<\/a>\r\n\t\t\t\t            <\/div>\r\n          <\/div>\r\n          <div class=\"user-info__description\">\r\n\t\t\t\t\t\t\t\t\t\t\t\t\t<p>Con t\u00edtulos obtenidos en la Facultad de Odontolog\u00eda de la Universidad Nacional de La Plata y una participaci\u00f3n activa en congresos y jornadas, el Dr. Pederzoli se mantiene actualizado en las \u00faltimas t\u00e9cnicas y avances en odontolog\u00eda. Actualmente se encuentra desarrollando un proyecto de consultor\u00eda tecnol\u00f3gica aplicada a cl\u00ednicas dentales.<\/p>\n\t\t\t\t\t\t          <\/div>\r\n        <\/div>\r\n\t\t\t\t    <\/div>\r\n\t<\/div><!--copyscapeskip--><div class=\"medical_references\"><div class=\"medical_references__heading\"><span>Fuentes M\u00e9dicas<\/span><\/div><div class=\"medical_references__list\"><p><strong>Colegio de Higienistas Dentales de Ontario. <\/strong><a href=\"https:\/\/www.cdho.org\/docs\/default-source\/pdfs\/oral-health-rpt\/oralhealthmatters_smoking_fe79af12345546ecf8212ff0000bff24c.pdf?sfvrsn=aeac84a0_36\" target=\"_blank\" rel=\"noopener\">Le tabagisme et votre sant\u00e9 buccodentaire<\/a>. Consultado el 09 de febrero de 2023.<\/p>\n<p><b>Ma bouche ensante<\/b>. <a href=\"https:\/\/www.maboucheensante.com\/article\/le-tabagisme-et-la-sante-buccodentaire\/\" target=\"_blank\" rel=\"noopener\">Le tabagisme et la sant\u00e9 buccodentaire<\/a>. Consultado el 09 de febrero de 2023.<\/p>\n<\/div><\/div><!--\/copyscapeskip-->","protected":false},"excerpt":{"rendered":"<p>Contributor:&nbsp; Dr Abel Jes\u00fas Pederzoli Updated:&nbsp;junio 13, 2023 El tabaco es malo para la salud en general y para la salud bucodental en particular. Desgraciadamente, no solo mancha los dientes, sino que tiene muchas consecuencias perjudiciales. Desde hace algunas d\u00e9cadas se sabe que fumar es muy malo para la salud. Provoca enfermedades pulmonares y c\u00e1ncer, [&hellip;]<\/p>\n","protected":false},"author":2,"featured_media":0,"parent":0,"menu_order":0,"comment_status":"closed","ping_status":"open","template":"","meta":{"inline_featured_image":false},"acf":[],"_links":{"self":[{"href":"https:\/\/nutrident.fr\/es\/wp-json\/wp\/v2\/pages\/15749"}],"collection":[{"href":"https:\/\/nutrident.fr\/es\/wp-json\/wp\/v2\/pages"}],"about":[{"href":"https:\/\/nutrident.fr\/es\/wp-json\/wp\/v2\/types\/page"}],"author":[{"embeddable":true,"href":"https:\/\/nutrident.fr\/es\/wp-json\/wp\/v2\/users\/2"}],"replies":[{"embeddable":true,"href":"https:\/\/nutrident.fr\/es\/wp-json\/wp\/v2\/comments?post=15749"}],"version-history":[{"count":23,"href":"https:\/\/nutrident.fr\/es\/wp-json\/wp\/v2\/pages\/15749\/revisions"}],"predecessor-version":[{"id":21979,"href":"https:\/\/nutrident.fr\/es\/wp-json\/wp\/v2\/pages\/15749\/revisions\/21979"}],"wp:attachment":[{"href":"https:\/\/nutrident.fr\/es\/wp-json\/wp\/v2\/media?parent=15749"}],"curies":[{"name":"wp","href":"https:\/\/api.w.org\/{rel}","templated":true}]}}