

{"id":15910,"date":"2022-10-11T10:39:03","date_gmt":"2022-10-11T10:39:03","guid":{"rendered":"https:\/\/nutrident.fr\/?page_id=15910"},"modified":"2022-10-27T12:31:40","modified_gmt":"2022-10-27T12:31:40","slug":"radiografia-dental-panoramica","status":"publish","type":"page","link":"https:\/\/nutrident.fr\/es\/radiografia-dental-panoramica\/","title":{"rendered":"\u00bfPor qu\u00e9 y c\u00f3mo hacer una radiograf\u00eda dental panor\u00e1mica?"},"content":{"rendered":"<div class=\"meta\"><div class=\"meta__users\"><\/div><div class=\"meta__date-modified\">Updated:&nbsp;<span>octubre 27, 2022<\/span><\/div><\/div><div class=\"wp-block-image\">\n<figure class=\"alignright\"><img width=\"300\" height=\"225\" src=\"https:\/\/nutrident.fr\/wp-content\/uploads\/2021\/05\/umanoide-KeVKEs1_RDU-unsplash-3-300x225.jpg\" alt=\"radiograf&#xED;a dental panor&#xE1;mica\" class=\"wp-image-8861\" srcset=\"https:\/\/nutrident.fr\/wp-content\/uploads\/2021\/05\/umanoide-KeVKEs1_RDU-unsplash-3-300x225.jpg 300w, https:\/\/nutrident.fr\/wp-content\/uploads\/2021\/05\/umanoide-KeVKEs1_RDU-unsplash-3-1024x768.jpg 1024w, https:\/\/nutrident.fr\/wp-content\/uploads\/2021\/05\/umanoide-KeVKEs1_RDU-unsplash-3-768x576.jpg 768w, https:\/\/nutrident.fr\/wp-content\/uploads\/2021\/05\/umanoide-KeVKEs1_RDU-unsplash-3-510x382.jpg 510w, https:\/\/nutrident.fr\/wp-content\/uploads\/2021\/05\/umanoide-KeVKEs1_RDU-unsplash-3-1080x810.jpg 1080w, https:\/\/nutrident.fr\/wp-content\/uploads\/2021\/05\/umanoide-KeVKEs1_RDU-unsplash-3-980x735.jpg 980w, https:\/\/nutrident.fr\/wp-content\/uploads\/2021\/05\/umanoide-KeVKEs1_RDU-unsplash-3-480x360.jpg 480w, https:\/\/nutrident.fr\/wp-content\/uploads\/2021\/05\/umanoide-KeVKEs1_RDU-unsplash-3.jpg 1200w\" sizes=\"(max-width: 300px) 100vw, 300px\" \/><figcaption>Una radiograf\u00eda dental panor\u00e1mica nos permite evaluar el estado de su boca.  <\/figcaption><\/figure><\/div>\n<p>Una radiograf\u00eda dental panor\u00e1mica es absolutamente <strong>esencial<\/strong> para evaluar su boca y detectar cualquier problema que pueda tener. Su dentista la realiza previamente en cada revisi\u00f3n, as\u00ed como para verificar la evoluci\u00f3n de sus patolog\u00edas.<\/p>\n\n<p><a href=\"https:\/\/nutrident.fr\/es\/\">Nutrident.es<\/a> le explica c\u00f3mo se utiliza esta radiograf\u00eda dental panor\u00e1mica y c\u00f3mo puede obtenerla, fuera de la consulta de su dentista, si desea realizar un examen a distancia, en particular para planificar un tratamiento en el extranjero.<\/p>\n\n<div id=\"ez-toc-container\" class=\"ez-toc-v2_0_33_2 counter-hierarchy ez-toc-counter ez-toc-white ez-toc-container-direction\">\n<div class=\"ez-toc-title-container\">\n<p class=\"ez-toc-title\">Contenus<\/p>\n<span class=\"ez-toc-title-toggle\"><a href=\"#\" class=\"ez-toc-pull-right ez-toc-btn ez-toc-btn-xs ez-toc-btn-default ez-toc-toggle\" style=\"display: none;\"><label for=\"item\" aria-label=\"Tabla de contenidos\"><i class=\"ez-toc-glyphicon ez-toc-icon-toggle\"><\/i><\/label><input type=\"checkbox\" id=\"item\"><\/a><\/span><\/div>\n<nav><ul class='ez-toc-list ez-toc-list-level-1'><li class='ez-toc-page-1 ez-toc-heading-level-2'><a class=\"ez-toc-link ez-toc-heading-1\" href=\"https:\/\/nutrident.fr\/es\/radiografia-dental-panoramica\/#%C2%BFPara_que_sirve_una_radiografia_dental_panoramica\" title=\"\u00bfPara qu\u00e9 sirve una radiograf\u00eda dental panor\u00e1mica?  \">\u00bfPara qu\u00e9 sirve una radiograf\u00eda dental panor\u00e1mica?  <\/a><\/li><li class='ez-toc-page-1 ez-toc-heading-level-2'><a class=\"ez-toc-link ez-toc-heading-2\" href=\"https:\/\/nutrident.fr\/es\/radiografia-dental-panoramica\/#El_precio_de_una_radiografia_panoramica_dental\" title=\"El precio de una radiograf\u00eda panor\u00e1mica dental\">El precio de una radiograf\u00eda panor\u00e1mica dental<\/a><\/li><li class='ez-toc-page-1 ez-toc-heading-level-2'><a class=\"ez-toc-link ez-toc-heading-3\" href=\"https:\/\/nutrident.fr\/es\/radiografia-dental-panoramica\/#Radiografia_panoramica_dental_para_el_tratamiento_en_el_extranjero\" title=\"Radiograf\u00eda panor\u00e1mica dental para el tratamiento en el extranjero\">Radiograf\u00eda panor\u00e1mica dental para el tratamiento en el extranjero<\/a><\/li><li class='ez-toc-page-1 ez-toc-heading-level-2'><a class=\"ez-toc-link ez-toc-heading-4\" href=\"https:\/\/nutrident.fr\/es\/radiografia-dental-panoramica\/#Radiografia_dental_panoramica_preguntas_frecuentes\" title=\"Radiograf\u00eda dental panor\u00e1mica: preguntas frecuentes  \">Radiograf\u00eda dental panor\u00e1mica: preguntas frecuentes  <\/a><\/li><\/ul><\/nav><\/div>\n<h2><span class=\"ez-toc-section\" id=\"%C2%BFPara_que_sirve_una_radiografia_dental_panoramica\"><\/span>\u00bfPara qu\u00e9 sirve una radiograf\u00eda dental panor\u00e1mica?  <span class=\"ez-toc-section-end\"><\/span><\/h2>\n\n<p>La radiograf\u00eda panor\u00e1mica se abrevia como OPT u OPG, que significa ortopantomograma. Le permite \u00abfotografiar\u00bb<strong> toda su dentici\u00f3n<\/strong> en<strong> una sola toma<\/strong>: arcos dentales, huesos maxilares, articulaciones y senos. Esto proporciona al dentista una visi\u00f3n general. A continuaci\u00f3n, decide si necesita realizar tomas m\u00e1s cercanas para resaltar un problema localizado.<\/p>\n\n<p>La radiograf\u00eda dental panor\u00e1mica permite detectar lesiones en los dientes, los huesos, as\u00ed como en los tejidos bucales que cubren las enc\u00edas y todo su mundo oral. El dentista puede entonces identificar la :<\/p>\n<div class=\"wp-block-image\">\n<figure class=\"alignright size-medium\"><img width=\"300\" height=\"200\" src=\"https:\/\/nutrident.fr\/wp-content\/uploads\/2022\/06\/radio-panoramique-dentaire-2-300x200.jpeg\" alt=\"radiograf&#xED;a dental\" class=\"wp-image-12820\" srcset=\"https:\/\/nutrident.fr\/wp-content\/uploads\/2022\/06\/radio-panoramique-dentaire-2-300x200.jpeg 300w, https:\/\/nutrident.fr\/wp-content\/uploads\/2022\/06\/radio-panoramique-dentaire-2-254x169.jpeg 254w, https:\/\/nutrident.fr\/wp-content\/uploads\/2022\/06\/radio-panoramique-dentaire-2.jpeg 600w\" sizes=\"(max-width: 300px) 100vw, 300px\" \/><figcaption>Una radiograf\u00eda dental panor\u00e1mica es esencial antes de cualquier tratamiento.  <\/figcaption><\/figure><\/div>\n<ul><li>caries dental ;<\/li><li>quistes ;<\/li><li>absceso ;<\/li><li>infecciones diversas ;<\/li><li>falta de dientes (agenesia) ;<\/li><li>dientes supernumerarios ;<\/li><li>g\u00e9rmenes de las muelas del juicio ;<\/li><li>tumores, etc.<\/li><\/ul>\n<p>La radiograf\u00eda panor\u00e1mica ofrece una visi\u00f3n general de la posici\u00f3n de los dientes y su estado. Por eso es tan \u00fatil para el cirujano dental como para el ortodoncista. Permite un diagn\u00f3stico m\u00e1s preciso que un simple examen visual por parte del profesional, sobre todo porque permite ver lo que ocurre en las enc\u00edas y los huesos de la mand\u00edbula.<\/p>\n\n<h3>Ex\u00e1menes complementarios a la radiograf\u00eda panor\u00e1mica<\/h3>\n\n<p>Si su dentista necesita una visi\u00f3n m\u00e1s precisa, o si hay una discrepancia entre lo que siente y lo que ve en la pantalla, puede realizar un <strong>examen m\u00e1s exhaustivo<\/strong>. A continuaci\u00f3n, le tomar\u00e1 una radiograf\u00eda periapical que le proporcionar\u00e1 un primer plano de una zona m\u00e1s peque\u00f1a de su boca. Tambi\u00e9n puede realizar un esc\u00e1ner dental que le permita evaluar mejor la calidad de su masa \u00f3sea, as\u00ed como verificar que el terreno es adecuado para una futura implantaci\u00f3n dental.<\/p>\n\n<h2><span class=\"ez-toc-section\" id=\"El_precio_de_una_radiografia_panoramica_dental\"><\/span>El precio de una radiograf\u00eda panor\u00e1mica dental<span class=\"ez-toc-section-end\"><\/span><\/h2>\n\n<p>La tarifa convencional pagada por el seguro de enfermedad es de 20 euros; \u00e9ste reembolsa el 70% de la misma, es decir, 14 euros. Depende de usted si su seguro m\u00e9dico le reembolsa los 6 euros de diferencia, o incluso m\u00e1s si su dentista le cobra m\u00e1s.<\/p>\n\n<h2><span class=\"ez-toc-section\" id=\"Radiografia_panoramica_dental_para_el_tratamiento_en_el_extranjero\"><\/span>Radiograf\u00eda panor\u00e1mica dental para el tratamiento en el extranjero<span class=\"ez-toc-section-end\"><\/span><\/h2>\n\n<p>Si est\u00e1 pensando en recibir tratamiento en el extranjero, por ejemplo en Hungr\u00eda o Portugal, donde el tratamiento es mucho m\u00e1s barato, debe preparar su visita.  A <strong>continuaci\u00f3n, se solicita sistem\u00e1ticamente una radiograf\u00eda dental panor\u00e1mica<\/strong> para evaluar el trabajo a realizar en su boca y ofrecerle un presupuesto.<\/p>\n\n<p>En este caso, puede pedir a su m\u00e9dico que le prescriba una radiograf\u00eda y hac\u00e9rsela en un centro de diagn\u00f3stico por imagen. Tambi\u00e9n puede solicitarlo directamente a un radi\u00f3logo, que es considerado entonces como el prescriptor del procedimiento por la seguridad social. Pida su radio en formato digital, para poder enviarla por Internet.<\/p>\n\n<h2><span class=\"ez-toc-section\" id=\"Radiografia_dental_panoramica_preguntas_frecuentes\"><\/span>Radiograf\u00eda dental panor\u00e1mica: preguntas frecuentes  <span class=\"ez-toc-section-end\"><\/span><\/h2>\n<div id=\"rank-math-faq\" class=\"rank-math-block\">\n<div class=\"rank-math-list \">\n<div id=\"faq-question-1657868825080\" class=\"rank-math-list-item\">\n<h3 class=\"rank-math-question \">\u00bfC\u00f3mo se realiza una radiograf\u00eda dental panor\u00e1mica?<\/h3>\n<div class=\"rank-math-answer \">\n\n<p>Una panor\u00e1mica dental se realiza en una sala de rayos X, de pie o sentado en una silla especial, perfectamente quieto, con la cabeza apoyada en un reposacabezas y un soporte de pl\u00e1stico encajado entre los dientes.<\/p>\n\n<\/div>\n<\/div>\n<div id=\"faq-question-1657868831454\" class=\"rank-math-list-item\">\n<h3 class=\"rank-math-question \">\u00bfQui\u00e9n puede prescribir una radiograf\u00eda panor\u00e1mica dental?<\/h3>\n<div class=\"rank-math-answer \">\n\n<p>Si necesita hacerse una radiograf\u00eda panor\u00e1mica, tendr\u00e1 que visitar a su dentista para que le haga una prescripci\u00f3n. A continuaci\u00f3n, puede acudir a un centro m\u00e9dico de diagn\u00f3stico por imagen cercano a su domicilio para someterse a este examen.<\/p>\n\n<\/div>\n<\/div>\n<div id=\"faq-question-1657868843151\" class=\"rank-math-list-item\">\n<h3 class=\"rank-math-question \">\u00bfCu\u00e1les son los riesgos de las radiograf\u00edas dentales?<\/h3>\n<div class=\"rank-math-answer \">\n\n<p>Los rayos X son radiaciones electromagn\u00e9ticas ionizantes. Tienen el potencial de causar da\u00f1os a las c\u00e9lulas y al ADN. Los rayos X, procedentes de una fuente radiactiva, aumentan el riesgo de c\u00e1ncer si se reciben en dosis demasiado altas a lo largo de la vida.<\/p>\n\n<\/div>\n<\/div>\n<\/div>\n<\/div><div class=\"article-data before-content\"><div class=\"article-data__date\"><div class=\"article-data__date-modified\"><time class=\"published\" datetime=\"2022-10-11T10:39:03+00:00\">This article was originally published on&nbsp;<span class=\"2\">octubre 11, 2022<\/span>&nbsp;and was most recently updated on&nbsp;<span>octubre 27, 2022<\/span><\/time><br><\/div><\/div><\/div><div class=\"user-info\"><\/div><!--copyscapeskip--><div class=\"medical_references\"><div class=\"medical_references__heading\"><span>Fuentes M\u00e9dicas<\/span><\/div><div class=\"medical_references__list\"><p><strong>International Journal of Morphology &#8211; Radiograf\u00eda Panor\u00e1mica<\/strong>: <a href=\"https:\/\/pdfs.semanticscholar.org\/35b7\/3ac7484626dafeceaaa12cbcd57c1c3f68e5.pdf\" target=\"_blank\" rel=\"noopener\">Una Herramienta Invaluable para el Estudio del Componente \u00d3seo y Dental del Territorio Maxilofacial<\/a>. Consultado el 11 de octubre de 2022.<\/p>\n<\/div><\/div><!--\/copyscapeskip-->","protected":false},"excerpt":{"rendered":"<p>Updated:&nbsp;octubre 27, 2022 Una radiograf\u00eda dental panor\u00e1mica es absolutamente esencial para evaluar su boca y detectar cualquier problema que pueda tener. Su dentista la realiza previamente en cada revisi\u00f3n, as\u00ed como para verificar la evoluci\u00f3n de sus patolog\u00edas. Nutrident.es le explica c\u00f3mo se utiliza esta radiograf\u00eda dental panor\u00e1mica y c\u00f3mo puede obtenerla, fuera de la [&hellip;]<\/p>\n","protected":false},"author":14,"featured_media":8863,"parent":0,"menu_order":0,"comment_status":"open","ping_status":"open","template":"","meta":{"inline_featured_image":false},"acf":[],"_links":{"self":[{"href":"https:\/\/nutrident.fr\/es\/wp-json\/wp\/v2\/pages\/15910"}],"collection":[{"href":"https:\/\/nutrident.fr\/es\/wp-json\/wp\/v2\/pages"}],"about":[{"href":"https:\/\/nutrident.fr\/es\/wp-json\/wp\/v2\/types\/page"}],"author":[{"embeddable":true,"href":"https:\/\/nutrident.fr\/es\/wp-json\/wp\/v2\/users\/14"}],"replies":[{"embeddable":true,"href":"https:\/\/nutrident.fr\/es\/wp-json\/wp\/v2\/comments?post=15910"}],"version-history":[{"count":16,"href":"https:\/\/nutrident.fr\/es\/wp-json\/wp\/v2\/pages\/15910\/revisions"}],"predecessor-version":[{"id":17330,"href":"https:\/\/nutrident.fr\/es\/wp-json\/wp\/v2\/pages\/15910\/revisions\/17330"}],"wp:featuredmedia":[{"embeddable":true,"href":"https:\/\/nutrident.fr\/es\/wp-json\/wp\/v2\/media\/8863"}],"wp:attachment":[{"href":"https:\/\/nutrident.fr\/es\/wp-json\/wp\/v2\/media?parent=15910"}],"curies":[{"name":"wp","href":"https:\/\/api.w.org\/{rel}","templated":true}]}}