

{"id":15938,"date":"2022-10-12T11:53:00","date_gmt":"2022-10-12T11:53:00","guid":{"rendered":"https:\/\/nutrident.fr\/?page_id=15938"},"modified":"2023-06-29T16:20:02","modified_gmt":"2023-06-29T16:20:02","slug":"menopausia-salud-dental","status":"publish","type":"page","link":"https:\/\/nutrident.fr\/es\/menopausia-salud-dental\/","title":{"rendered":"\u00bfC\u00f3mo afecta la menopausia a la salud dental?"},"content":{"rendered":"<div class=\"meta\"><div class=\"meta__users\">    <div class=\"meta__users__reviewed\">\r\n      <p class=\"meta__users__caption\">Contributor:&nbsp;<\/p>\r\n      <div class=\"users\">\r\n        <span class=\"users__user\">\r\n          <a href=\"#\">Dr Abel Jes\u00fas Pederzoli<\/a>\r\n        <\/span>\r\n      <\/div>\r\n    <\/div>\r\n\t<\/div><div class=\"meta__date-modified\">Updated:&nbsp;<span>junio 29, 2023<\/span><\/div><\/div><div class=\"wp-block-image\">\n<figure class=\"alignright size-medium\"><img width=\"300\" height=\"200\" src=\"https:\/\/nutrident.fr\/wp-content\/uploads\/2022\/05\/Depositphotos_54434427_S-300x200.jpg\" alt=\"La menopausia y la salud dental\" class=\"wp-image-10670\" srcset=\"https:\/\/nutrident.fr\/wp-content\/uploads\/2022\/05\/Depositphotos_54434427_S-300x200.jpg 300w, https:\/\/nutrident.fr\/wp-content\/uploads\/2022\/05\/Depositphotos_54434427_S-768x512.jpg 768w, https:\/\/nutrident.fr\/wp-content\/uploads\/2022\/05\/Depositphotos_54434427_S-254x169.jpg 254w, https:\/\/nutrident.fr\/wp-content\/uploads\/2022\/05\/Depositphotos_54434427_S.jpg 1000w\" sizes=\"(max-width: 300px) 100vw, 300px\" \/><figcaption>La salud dental es algo a tener en cuenta en cualquier momento de la vida<\/figcaption><\/figure><\/div>\n\n\n<p>Solemos asociar la menopausia con los sofocos, la fatiga, los sudores nocturnos, los dolores de cabeza, los cambios de humor, los trastornos del sue\u00f1o, la p\u00e9rdida de densidad \u00f3sea, la dificultad de concentraci\u00f3n y otros s\u00edntomas, pero rara vez con la salud bucodental.<\/p>\n\n\n\n<p>Durante esta etapa, los niveles hormonales fluct\u00faan, lo que puede causar una serie de cambios en la boca y los dientes. Esto, sumado a otros problemas relacionados con la menopausia, como por ejemplo la osteoporosis, pueden afectar considerablemente la salud oral y aumentar el riesgo de padecer caries, enfermedades de las enc\u00edas e incluso la p\u00e9rdida de dientes.<\/p>\n\n\n\n<div id=\"ez-toc-container\" class=\"ez-toc-v2_0_33_2 counter-hierarchy ez-toc-counter ez-toc-white ez-toc-container-direction\">\n<div class=\"ez-toc-title-container\">\n<p class=\"ez-toc-title\">Contenus<\/p>\n<span class=\"ez-toc-title-toggle\"><a href=\"#\" class=\"ez-toc-pull-right ez-toc-btn ez-toc-btn-xs ez-toc-btn-default ez-toc-toggle\" style=\"display: none;\"><label for=\"item\" aria-label=\"Tabla de contenidos\"><i class=\"ez-toc-glyphicon ez-toc-icon-toggle\"><\/i><\/label><input type=\"checkbox\" id=\"item\"><\/a><\/span><\/div>\n<nav><ul class='ez-toc-list ez-toc-list-level-1'><li class='ez-toc-page-1 ez-toc-heading-level-2'><a class=\"ez-toc-link ez-toc-heading-1\" href=\"https:\/\/nutrident.fr\/es\/menopausia-salud-dental\/#Osteoporosis_enfermedad_que_afecta_los_huesos_incluida_la_mandibula\" title=\"Osteoporosis: enfermedad que afecta los huesos, incluida la mand\u00edbula\">Osteoporosis: enfermedad que afecta los huesos, incluida la mand\u00edbula<\/a><\/li><li class='ez-toc-page-1 ez-toc-heading-level-2'><a class=\"ez-toc-link ez-toc-heading-2\" href=\"https:\/\/nutrident.fr\/es\/menopausia-salud-dental\/#Terapia_hormonal_para_mejorar_la_salud_periodontal\" title=\"Terapia hormonal para mejorar la salud periodontal\">Terapia hormonal para mejorar la salud periodontal<\/a><\/li><li class='ez-toc-page-1 ez-toc-heading-level-2'><a class=\"ez-toc-link ez-toc-heading-3\" href=\"https:\/\/nutrident.fr\/es\/menopausia-salud-dental\/#%C2%BFEl_tratamiento_para_la_osteoporosis_ayuda_a_mejorar_la_salud_bucodental\" title=\"\u00bfEl tratamiento para la osteoporosis ayuda a mejorar la salud bucodental?\">\u00bfEl tratamiento para la osteoporosis ayuda a mejorar la salud bucodental?<\/a><\/li><li class='ez-toc-page-1 ez-toc-heading-level-2'><a class=\"ez-toc-link ez-toc-heading-4\" href=\"https:\/\/nutrident.fr\/es\/menopausia-salud-dental\/#Preguntas_frecuentes\" title=\"Preguntas frecuentes\">Preguntas frecuentes<\/a><\/li><\/ul><\/nav><\/div>\n<h2><span class=\"ez-toc-section\" id=\"Osteoporosis_enfermedad_que_afecta_los_huesos_incluida_la_mandibula\"><\/span>Osteoporosis: enfermedad que afecta los huesos, incluida la mand\u00edbula<span class=\"ez-toc-section-end\"><\/span><\/h2>\n\n\n\n<p>Durante la menopausia, las mujeres experimentan una <strong>disminuci\u00f3n significativa de los niveles de estr\u00f3geno<\/strong> y la protecci\u00f3n que tienen contra algunas enfermedades se pierde en esta etapa. Esto las hace m\u00e1s vulnerables a una serie de problemas de salud, incluida la p\u00e9rdida de densidad \u00f3sea que puede conducir a la osteoporosis.<\/p>\n\n\n\n<p>La osteoporosis puede provocar cambios negativos en la salud bucodental, pues los dientes est\u00e1n sujetos mediante una serie de tejidos a los huesos maxilares. Es por ello que las mujeres durante esta etapa tienen un mayor riesgo de desarrollar una <a href=\"https:\/\/nutrident.fr\/es\/omega-3\/\">enfermedad periodontal<\/a> e incluso la p\u00e9rdida de piezas dentales.<\/p>\n\n\n\n<h2><span class=\"ez-toc-section\" id=\"Terapia_hormonal_para_mejorar_la_salud_periodontal\"><\/span>Terapia hormonal para mejorar la salud periodontal<span class=\"ez-toc-section-end\"><\/span><\/h2>\n\n\n<div class=\"wp-block-image\">\n<figure class=\"alignright size-medium\"><img width=\"300\" height=\"200\" src=\"https:\/\/nutrident.fr\/wp-content\/uploads\/2020\/04\/rudi-fargo-MjO2ZWzPLtc-unsplash-300x200.jpg\" alt=\"menopausia y salud dental\" class=\"wp-image-5937\" srcset=\"https:\/\/nutrident.fr\/wp-content\/uploads\/2020\/04\/rudi-fargo-MjO2ZWzPLtc-unsplash-300x200.jpg 300w, https:\/\/nutrident.fr\/wp-content\/uploads\/2020\/04\/rudi-fargo-MjO2ZWzPLtc-unsplash-1024x684.jpg 1024w, https:\/\/nutrident.fr\/wp-content\/uploads\/2020\/04\/rudi-fargo-MjO2ZWzPLtc-unsplash-768x513.jpg 768w, https:\/\/nutrident.fr\/wp-content\/uploads\/2020\/04\/rudi-fargo-MjO2ZWzPLtc-unsplash-1080x721.jpg 1080w, https:\/\/nutrident.fr\/wp-content\/uploads\/2020\/04\/rudi-fargo-MjO2ZWzPLtc-unsplash-980x654.jpg 980w, https:\/\/nutrident.fr\/wp-content\/uploads\/2020\/04\/rudi-fargo-MjO2ZWzPLtc-unsplash-480x320.jpg 480w, https:\/\/nutrident.fr\/wp-content\/uploads\/2020\/04\/rudi-fargo-MjO2ZWzPLtc-unsplash.jpg 1200w\" sizes=\"(max-width: 300px) 100vw, 300px\" \/><figcaption>La densidad \u00f3sea de los huesos maxilares puede disminuir durante la menopausia<\/figcaption><\/figure><\/div>\n\n\n<p>La terapia de estr\u00f3genos, que ha demostrado ser eficaz en la prevenci\u00f3n de la p\u00e9rdida \u00f3sea, tambi\u00e9n puede desempe\u00f1ar un papel importante en el mantenimiento de una salud bucodental \u00f3ptima y en la prevenci\u00f3n de la <a href=\"https:\/\/nutrident.fr\/es\/periodontitis\/\" target=\"_blank\" data-type=\"URL\" data-id=\"https:\/\/nutrident.fr\/es\/periodontitis\/\" rel=\"noreferrer noopener\">periodontitis<\/a>.<\/p>\n\n\n\n<p>En <a href=\"https:\/\/pubmed.ncbi.nlm.nih.gov\/28225430\/\" data-type=\"URL\" data-id=\"https:\/\/pubmed.ncbi.nlm.nih.gov\/28225430\/\" target=\"_blank\" rel=\"noopener\">un estudio reciente<\/a> en mujeres menop\u00e1usicas se utilizaron tratamientos de estr\u00f3geno solo y estr\u00f3geno m\u00e1s progestina, adem\u00e1s de suplementos de vitamina D y calcio, durante un m\u00ednimo de seis meses.<\/p>\n\n\n\n<p>Al medir la densidad \u00f3sea de los maxilares, los investigadores descubrieron que la prevalencia de <strong>la periodontitis grave se redujo en un 44%<\/strong> en las participantes tratadas por osteoporosis en comparaci\u00f3n con el grupo de control.<\/p>\n\n\n\n<h2><span class=\"ez-toc-section\" id=\"%C2%BFEl_tratamiento_para_la_osteoporosis_ayuda_a_mejorar_la_salud_bucodental\"><\/span>\u00bfEl tratamiento para la osteoporosis ayuda a mejorar la salud bucodental?<span class=\"ez-toc-section-end\"><\/span><\/h2>\n\n\n\n<p>Es dif\u00edcil afirmar con certeza que el tratamiento contra la osteoporosis permite a las mujeres posmenop\u00e1usicas mejorar su salud bucodental. No obstante, los estudios sugieren que podr\u00eda tener una influencia significativa, por lo que la relaci\u00f3n entre la menopausia y la salud dental es innegable.<\/p>\n\n\n\n<p>Los profesionales de la salud recomiendan a las mujeres evaluar su susceptibilidad a la osteoporosis, no solo para prevenir el riesgo de fracturas, sino tambi\u00e9n para reducir la probabilidad de desarrollar periodontitis y experimentar una p\u00e9rdida de dientes prematura.<\/p>\n\n\n\n<h2><span class=\"ez-toc-section\" id=\"Preguntas_frecuentes\"><\/span>Preguntas frecuentes<span class=\"ez-toc-section-end\"><\/span><\/h2>\n\n\n<div id=\"rank-math-faq\" class=\"rank-math-block\">\n<div class=\"rank-math-list \">\n<div id=\"faq-question-1657868892642\" class=\"rank-math-list-item\">\n<h3 class=\"rank-math-question \">\u00bfCu\u00e1les son las consecuencias de la menopausia en los dientes?<\/h3>\n<div class=\"rank-math-answer \">\n\n<p>Durante la menopausia, los huesos del cuerpo humano son m\u00e1s fr\u00e1giles y tambi\u00e9n los de la mand\u00edbula y el maxilar. Esto puede provocar la fractura de los dientes e incluso la p\u00e9rdida de los mismos.<\/p>\n\n<\/div>\n<\/div>\n<div id=\"faq-question-1688055020765\" class=\"rank-math-list-item\">\n<h3 class=\"rank-math-question \">\u00bfC\u00f3mo fortalecer los dientes en la menopausia?<\/h3>\n<div class=\"rank-math-answer \">\n\n<p>Consumir alimentos ricos en calcio y tomar suplementos de vitamina D son algunas medidas para fortalecer los huesos y los dientes durante esta etapa. Recuerda tambi\u00e9n tomar mucha agua, ya que durante la menopausia se produce menos saliva y esto puede dejar desprotegidos los dientes.<\/p>\n\n<\/div>\n<\/div>\n<\/div>\n<\/div><div class=\"article-data before-content\"><div class=\"article-data__date\"><div class=\"article-data__date-modified\"><time class=\"published\" datetime=\"2022-10-12T11:53:00+00:00\">This article was originally published on&nbsp;<span class=\"2\">octubre 12, 2022<\/span>&nbsp;and was most recently updated on&nbsp;<span>junio 29, 2023<\/span><\/time><br><\/div><\/div><\/div><div class=\"user-info\">    <div class=\"user-info__body\">\r\n      <div class=\"user-info__caption\"><span>Contributors:<\/span><\/div>\r\n\t\t\t        <div class=\"user-info__wrap \">\r\n          <div class=\"user-info__data\">\r\n            <div class=\"user-info__data__info\">\r\n              <div class=\"photo\">\r\n\t\t\t\t\t\t\t\t<img width=\"66\" height=\"61\" src=\"https:\/\/nutrident.fr\/wp-content\/uploads\/2023\/06\/unnamed-66x61.jpg\" class=\"attachment-profileImageAuthor size-profileImageAuthor wp-post-image\" alt=\"Dr Abel Jes\u00fas Pederzoli\" loading=\"lazy\" srcset=\"https:\/\/nutrident.fr\/wp-content\/uploads\/2023\/06\/unnamed-66x61.jpg 66w, https:\/\/nutrident.fr\/wp-content\/uploads\/2023\/06\/unnamed-300x279.jpg 300w, https:\/\/nutrident.fr\/wp-content\/uploads\/2023\/06\/unnamed-1024x952.jpg 1024w, https:\/\/nutrident.fr\/wp-content\/uploads\/2023\/06\/unnamed-768x714.jpg 768w, https:\/\/nutrident.fr\/wp-content\/uploads\/2023\/06\/unnamed-204x190.jpg 204w, https:\/\/nutrident.fr\/wp-content\/uploads\/2023\/06\/unnamed-120x112.jpg 120w, https:\/\/nutrident.fr\/wp-content\/uploads\/2023\/06\/unnamed.jpg 1125w\" sizes=\"(max-width: 66px) 100vw, 66px\" \/>              <\/div>\r\n              <a href=\"https:\/\/nutrident.fr\/es\/author\/dr-abel-jesus-pederzoli\/\" class=\"name\">Dr Abel Jes\u00fas Pederzoli<\/a>\r\n            <\/div>\r\n            <div class=\"user-info__data__social\">\r\n\t\t\t\t\t\t\t\t\t\t\t\t\t\t\t\t\t\t\t\t\t          <a href=\"https:\/\/clinicaleixample.es\/\"\r\n             class=\"soc-item website\">website<\/a>\r\n\t\t\t\t          <a href=\"http:\/\/linkedin.com\/in\/abel-jes%C3%BAs-pederzoli\"\r\n             class=\"soc-item linkedin\">linkedin<\/a>\r\n\t\t\t\t            <\/div>\r\n          <\/div>\r\n          <div class=\"user-info__description\">\r\n\t\t\t\t\t\t\t\t\t\t\t\t\t<p>Con t\u00edtulos obtenidos en la Facultad de Odontolog\u00eda de la Universidad Nacional de La Plata y una participaci\u00f3n activa en congresos y jornadas, el Dr. Pederzoli se mantiene actualizado en las \u00faltimas t\u00e9cnicas y avances en odontolog\u00eda. Actualmente se encuentra desarrollando un proyecto de consultor\u00eda tecnol\u00f3gica aplicada a cl\u00ednicas dentales.<\/p>\n\t\t\t\t\t\t          <\/div>\r\n        <\/div>\r\n\t\t\t\t    <\/div>\r\n\t<\/div><!--copyscapeskip--><div class=\"medical_references\"><div class=\"medical_references__heading\"><span>Fuentes M\u00e9dicas<\/span><\/div><div class=\"medical_references__list\"><p><b>E-sant\u00e9.fr:\u00a0<\/b><a href=\"https:\/\/www.e-sante.fr\/prevenir-osteoporose-garder-belles-dents\/actualite\/1196\" target=\"_blank\" rel=\"noopener\">Pr\u00e9venir l'ost\u00e9oporose et garder de belles dents<\/a>. Consultado el 28 de junio de 2023.<\/p>\n<p><strong>PubMed:<\/strong> <a href=\"https:\/\/pubmed.ncbi.nlm.nih.gov\/28225430\/\" target=\"_blank\" rel=\"noopener\">Association between osteoporosis treatment and severe periodontitis in postmenopausal women<\/a>. Consultado el 28 de junio de 2023.<\/p>\n<\/div><\/div><!--\/copyscapeskip-->","protected":false},"excerpt":{"rendered":"<p>Contributor:&nbsp; Dr Abel Jes\u00fas Pederzoli Updated:&nbsp;junio 29, 2023 Solemos asociar la menopausia con los sofocos, la fatiga, los sudores nocturnos, los dolores de cabeza, los cambios de humor, los trastornos del sue\u00f1o, la p\u00e9rdida de densidad \u00f3sea, la dificultad de concentraci\u00f3n y otros s\u00edntomas, pero rara vez con la salud bucodental. Durante esta etapa, los [&hellip;]<\/p>\n","protected":false},"author":14,"featured_media":11776,"parent":0,"menu_order":0,"comment_status":"closed","ping_status":"closed","template":"","meta":{"inline_featured_image":false},"acf":[],"_links":{"self":[{"href":"https:\/\/nutrident.fr\/es\/wp-json\/wp\/v2\/pages\/15938"}],"collection":[{"href":"https:\/\/nutrident.fr\/es\/wp-json\/wp\/v2\/pages"}],"about":[{"href":"https:\/\/nutrident.fr\/es\/wp-json\/wp\/v2\/types\/page"}],"author":[{"embeddable":true,"href":"https:\/\/nutrident.fr\/es\/wp-json\/wp\/v2\/users\/14"}],"replies":[{"embeddable":true,"href":"https:\/\/nutrident.fr\/es\/wp-json\/wp\/v2\/comments?post=15938"}],"version-history":[{"count":30,"href":"https:\/\/nutrident.fr\/es\/wp-json\/wp\/v2\/pages\/15938\/revisions"}],"predecessor-version":[{"id":22349,"href":"https:\/\/nutrident.fr\/es\/wp-json\/wp\/v2\/pages\/15938\/revisions\/22349"}],"wp:featuredmedia":[{"embeddable":true,"href":"https:\/\/nutrident.fr\/es\/wp-json\/wp\/v2\/media\/11776"}],"wp:attachment":[{"href":"https:\/\/nutrident.fr\/es\/wp-json\/wp\/v2\/media?parent=15938"}],"curies":[{"name":"wp","href":"https:\/\/api.w.org\/{rel}","templated":true}]}}