

{"id":15964,"date":"2022-10-13T12:31:00","date_gmt":"2022-10-13T12:31:00","guid":{"rendered":"https:\/\/nutrident.fr\/?page_id=15964"},"modified":"2023-06-13T10:41:36","modified_gmt":"2023-06-13T10:41:36","slug":"tabaco-y-salud-bucodental","status":"publish","type":"page","link":"https:\/\/nutrident.fr\/es\/tabaco-y-salud-bucodental\/","title":{"rendered":"Tabaco y caries: \u00bfc\u00f3mo evitarlo?"},"content":{"rendered":"<div class=\"meta\"><div class=\"meta__users\">    <div class=\"meta__users__reviewed\">\r\n      <p class=\"meta__users__caption\">Contributor:&nbsp;<\/p>\r\n      <div class=\"users\">\r\n        <span class=\"users__user\">\r\n          <a href=\"#\">Dr Abel Jes\u00fas Pederzoli<\/a>\r\n        <\/span>\r\n      <\/div>\r\n    <\/div>\r\n\t<\/div><div class=\"meta__date-modified\">Updated:&nbsp;<span>junio 13, 2023<\/span><\/div><\/div><div class=\"wp-block-image\">\n<figure class=\"alignright\"><img width=\"300\" height=\"200\" src=\"https:\/\/nutrident.fr\/wp-content\/uploads\/2021\/02\/pexels-fotografierende-2827798-300x200.jpg\" alt=\"riesgo de aumento\" class=\"wp-image-8674\" srcset=\"https:\/\/nutrident.fr\/wp-content\/uploads\/2021\/02\/pexels-fotografierende-2827798-300x200.jpg 300w, https:\/\/nutrident.fr\/wp-content\/uploads\/2021\/02\/pexels-fotografierende-2827798-1024x683.jpg 1024w, https:\/\/nutrident.fr\/wp-content\/uploads\/2021\/02\/pexels-fotografierende-2827798-768x512.jpg 768w, https:\/\/nutrident.fr\/wp-content\/uploads\/2021\/02\/pexels-fotografierende-2827798-1080x720.jpg 1080w, https:\/\/nutrident.fr\/wp-content\/uploads\/2021\/02\/pexels-fotografierende-2827798-980x653.jpg 980w, https:\/\/nutrident.fr\/wp-content\/uploads\/2021\/02\/pexels-fotografierende-2827798-480x320.jpg 480w, https:\/\/nutrident.fr\/wp-content\/uploads\/2021\/02\/pexels-fotografierende-2827798.jpg 1200w\" sizes=\"(max-width: 300px) 100vw, 300px\" \/><figcaption>El tabaquismo es un factor agravante de todas las enfermedades bucodentales.  <\/figcaption><\/figure><\/div>\n\n\n<p>El tabaco tiene un efecto delet\u00e9reo en los pulmones, pero es sobre todo en la boca donde hace mella. Fumar aumenta el riesgo de padecer enfermedades bucodentales.<\/p>\n\n\n\n<p>Estos afectan irremediablemente a la boca y a los dientes, incluyendo el aumento de la probabilidad de que se aflojen los dientes, lo que lleva a su p\u00e9rdida.<\/p>\n\n\n\n<div id=\"ez-toc-container\" class=\"ez-toc-v2_0_33_2 counter-hierarchy ez-toc-counter ez-toc-white ez-toc-container-direction\">\n<div class=\"ez-toc-title-container\">\n<p class=\"ez-toc-title\">Contenus<\/p>\n<span class=\"ez-toc-title-toggle\"><a href=\"#\" class=\"ez-toc-pull-right ez-toc-btn ez-toc-btn-xs ez-toc-btn-default ez-toc-toggle\" style=\"display: none;\"><label for=\"item\" aria-label=\"Tabla de contenidos\"><i class=\"ez-toc-glyphicon ez-toc-icon-toggle\"><\/i><\/label><input type=\"checkbox\" id=\"item\"><\/a><\/span><\/div>\n<nav><ul class='ez-toc-list ez-toc-list-level-1'><li class='ez-toc-page-1 ez-toc-heading-level-2'><a class=\"ez-toc-link ez-toc-heading-1\" href=\"https:\/\/nutrident.fr\/es\/tabaco-y-salud-bucodental\/#Los_efectos_secundarios_del_tabaco_en_la_salud_bucodental\" title=\"Los efectos secundarios del tabaco en la salud bucodental\">Los efectos secundarios del tabaco en la salud bucodental<\/a><\/li><li class='ez-toc-page-1 ez-toc-heading-level-2'><a class=\"ez-toc-link ez-toc-heading-2\" href=\"https:\/\/nutrident.fr\/es\/tabaco-y-salud-bucodental\/#%C2%BFPor_que_los_fumadores_tienen_mas_riesgo_de_padecer_enfermedades_periodontales\" title=\"\u00bfPor qu\u00e9 los fumadores tienen m\u00e1s riesgo de padecer enfermedades periodontales?  \">\u00bfPor qu\u00e9 los fumadores tienen m\u00e1s riesgo de padecer enfermedades periodontales?  <\/a><\/li><li class='ez-toc-page-1 ez-toc-heading-level-2'><a class=\"ez-toc-link ez-toc-heading-3\" href=\"https:\/\/nutrident.fr\/es\/tabaco-y-salud-bucodental\/#%C2%BFPor_que_los_fumadores_tienen_mas_riesgo_de_sufrir_caries\" title=\"\u00bfPor qu\u00e9 los fumadores tienen m\u00e1s riesgo de sufrir caries?  \">\u00bfPor qu\u00e9 los fumadores tienen m\u00e1s riesgo de sufrir caries?  <\/a><\/li><li class='ez-toc-page-1 ez-toc-heading-level-2'><a class=\"ez-toc-link ez-toc-heading-4\" href=\"https:\/\/nutrident.fr\/es\/tabaco-y-salud-bucodental\/#La_alternativa_a_los_cigarrillos_el_vapeo\" title=\"La alternativa a los cigarrillos: el vapeo\">La alternativa a los cigarrillos: el vapeo<\/a><\/li><\/ul><\/nav><\/div>\n<h2><span class=\"ez-toc-section\" id=\"Los_efectos_secundarios_del_tabaco_en_la_salud_bucodental\"><\/span>Los efectos secundarios del tabaco en la salud bucodental<span class=\"ez-toc-section-end\"><\/span><\/h2>\n\n\n\n<p>Todos los fumadores conocen los principales efectos secundarios del tabaco en el aparato bucal: provoca <a href=\"https:\/\/nutrident.fr\/es\/?page_id=16727\">mal aliento<\/a>, reduce el sabor y el olor y mancha los dientes. Sin embargo, esto es s\u00f3lo la punta del iceberg, ya que los <a href=\"https:\/\/nutrident.fr\/es\/tabaco\/\">efectos insidiosos del tabaquismo<\/a> s\u00f3lo aparecen m\u00e1s tarde.<\/p>\n\n\n\n<p>Fumar reduce el flujo de saliva, que es esencial para enjuagar la boca. Esto aumenta mec\u00e1nicamente el riesgo de formaci\u00f3n de caries. En efecto, una flora bacteriana desequilibrada debilita la boca en su conjunto. El calor y los productos nocivos del tabaco impiden la curaci\u00f3n de las lesiones e infecciones, y las caries tienden a desarrollarse m\u00e1s r\u00e1pidamente. Este mal contexto favorece la gingivitis, que puede degenerar en una forma denominada ulceronecr\u00f3tica.<\/p>\n\n\n\n<p>Como los tratamientos son menos eficaces en los fumadores, estas patolog\u00edas se consolidan y dan lugar a problemas m\u00e1s graves: aflojamiento de los dientes y c\u00e1nceres (de boca, lengua, labios, am\u00edgdalas, etc.).<\/p>\n\n\n\n<h2><span class=\"ez-toc-section\" id=\"%C2%BFPor_que_los_fumadores_tienen_mas_riesgo_de_padecer_enfermedades_periodontales\"><\/span>\u00bfPor qu\u00e9 los fumadores tienen m\u00e1s riesgo de padecer enfermedades periodontales?  <span class=\"ez-toc-section-end\"><\/span><\/h2>\n\n\n\n<h3>El tabaco y las manchas en los dientes de los fumadores<\/h3>\n\n\n\n<p>Empecemos por el factor m\u00e1s obvio causado por el tabaquismo: la coloraci\u00f3n. Por mucho que se cepille los dientes cuando fuma, no podr\u00e1 evitar que la mancha amarilla empa\u00f1e el brillo de su sonrisa. Si no se descalcifica regularmente, se ir\u00e1 oscureciendo poco a poco.<\/p>\n\n\n<div class=\"wp-block-image\">\n<figure class=\"alignright size-medium\"><img width=\"300\" height=\"194\" src=\"https:\/\/nutrident.fr\/wp-content\/uploads\/2022\/06\/dents-jaunes-300x194.jpg\" alt=\"dientes amarillos\" class=\"wp-image-13018\" srcset=\"https:\/\/nutrident.fr\/wp-content\/uploads\/2022\/06\/dents-jaunes-300x194.jpg 300w, https:\/\/nutrident.fr\/wp-content\/uploads\/2022\/06\/dents-jaunes-768x497.jpg 768w, https:\/\/nutrident.fr\/wp-content\/uploads\/2022\/06\/dents-jaunes-254x164.jpg 254w, https:\/\/nutrident.fr\/wp-content\/uploads\/2022\/06\/dents-jaunes.jpg 1024w\" sizes=\"(max-width: 300px) 100vw, 300px\" \/><figcaption>El amarillamiento de los dientes es una de las consecuencias del tabaquismo.  <\/figcaption><\/figure><\/div>\n\n\n<p>No es s\u00f3lo una cuesti\u00f3n de est\u00e9tica, porque esta coloraci\u00f3n est\u00e1 compuesta por un elemento s\u00f3lido: un dep\u00f3sito rugoso que se deposita en su <a class=\"wpil_keyword_link\" title=\"Correo electr\u00f3nico\" href=\"https:\/\/nutrident.fr\/es\/esmalte-dental-tratamiento\/\" data-wpil-keyword-link=\"linked\">esmalte<\/a>. La <a href=\"https:\/\/nutrident.fr\/es\/?p=16412\">placa<\/a> generada por la saliva y los restos de comida encuentra entonces el soporte ideal para aglomerarse, antes de convertirse en sarro. El sarro es un buen lugar para que las bacterias se alojen y causen caries en sus dientes.<\/p>\n\n\n\n<p>El raspado en el dentista permite eliminar este sarro y reducir la decoloraci\u00f3n, pero mientras tanto, las infecciones habr\u00e1n progresado libremente.<\/p>\n\n\n\n<h3>Asfixia del tejido periodontal<\/h3>\n\n\n\n<p>La nicotina reduce el tama\u00f1o de los vasos sangu\u00edneos (vasoconstricci\u00f3n), mientras que el mon\u00f3xido de carbono contenido en el humo priva de ox\u00edgeno a la sangre que circula por las enc\u00edas. \u00c9stas contienen una red muy densa de capilares que irrigan el tejido gingival, manteniendo los dientes en su cavidad.<\/p>\n\n\n\n<p>Los tejidos est\u00e1n entonces peor irrigados, lo que provoca deficiencias en el aporte nutricional. Su color se oscurece, las enc\u00edas se vuelven m\u00e1s fr\u00e1giles y menos capaces de defenderse de los ataques bacterianos.<\/p>\n\n\n\n<h3>El retraso en el diagn\u00f3stico<\/h3>\n\n\n\n<p>La vasoconstricci\u00f3n reduce el di\u00e1metro de los vasos sangu\u00edneos, por lo que hay menos sangrado. Estos son los que alertan al dentista de la presencia de la <a href=\"https:\/\/nutrident.fr\/es\/periodontitis\/\" target=\"_blank\" rel=\"noreferrer noopener\">enfermedad periodontal<\/a>. Este tipo de afecci\u00f3n progresa r\u00e1pidamente y cualquier retraso en el diagn\u00f3stico reduce las posibilidades de tomar medidas a tiempo contra el aflojamiento de los dientes.<\/p>\n\n\n\n<h2><span class=\"ez-toc-section\" id=\"%C2%BFPor_que_los_fumadores_tienen_mas_riesgo_de_sufrir_caries\"><\/span>\u00bfPor qu\u00e9 los fumadores tienen m\u00e1s riesgo de sufrir caries?  <span class=\"ez-toc-section-end\"><\/span><\/h2>\n\n\n\n<p>Las enc\u00edas mal irrigadas y con falta de ox\u00edgeno pierden su capacidad de curaci\u00f3n. El intenso calor al dar una calada cocina el tejido en la superficie. Pierden su elasticidad y su vascularidad se deteriora a\u00fan m\u00e1s.<\/p>\n\n\n\n<p>Todo el sistema oral se debilita. Los tejidos, m\u00fasculos y ligamentos que componen las enc\u00edas se necrosan y ya no mantienen los dientes en su sitio.<\/p>\n\n\n\n<h3>Fracaso del tratamiento en los fumadores<\/h3>\n\n\n\n<p>La cirug\u00eda dental es delicada en los fumadores. Debido a una mala irrigaci\u00f3n, cualquier intervenci\u00f3n se ve comprometida, ya que la cicatrizaci\u00f3n es insatisfactoria y el riesgo de infecci\u00f3n es alto.<\/p>\n\n\n\n<p>Un dentista ser\u00e1 reacio a colocar implantes para reemplazar dientes aflojados, ya que la probabilidad de fracaso es demasiado grande.<\/p>\n\n\n\n<h2><span class=\"ez-toc-section\" id=\"La_alternativa_a_los_cigarrillos_el_vapeo\"><\/span>La alternativa a los cigarrillos: el vapeo<span class=\"ez-toc-section-end\"><\/span><\/h2>\n\n\n\n<p>Dejar de fumar es una tarea desalentadora pero no insuperable. Adem\u00e1s de que el cuerpo pide su raci\u00f3n de nicotina, el fumador est\u00e1 condicionado y carece de gestos. No sostener un cigarrillo e inhalar caladas le recuerda a cada segundo su adicci\u00f3n. El sonido de un mechero puede excitarlo, al igual que la visi\u00f3n de un fumador.<\/p>\n\n\n<div class=\"wp-block-image\">\n<figure class=\"alignright size-medium\"><img width=\"300\" height=\"214\" src=\"https:\/\/nutrident.fr\/wp-content\/uploads\/2022\/06\/ecigarette-et-liquide-300x214.jpg\" alt=\"cigarrillo electr\u00f3nico\" class=\"wp-image-13023\" srcset=\"https:\/\/nutrident.fr\/wp-content\/uploads\/2022\/06\/ecigarette-et-liquide-300x214.jpg 300w, https:\/\/nutrident.fr\/wp-content\/uploads\/2022\/06\/ecigarette-et-liquide-768x548.jpg 768w, https:\/\/nutrident.fr\/wp-content\/uploads\/2022\/06\/ecigarette-et-liquide-254x181.jpg 254w, https:\/\/nutrident.fr\/wp-content\/uploads\/2022\/06\/ecigarette-et-liquide.jpg 1000w\" sizes=\"(max-width: 300px) 100vw, 300px\" \/><figcaption>Los cigarrillos electr\u00f3nicos pueden ser una buena alternativa para no da\u00f1ar sus dientes.  <\/figcaption><\/figure><\/div>\n\n\n<p>Los dise\u00f1adores de los productos vaping han comprendido este mecanismo y, gracias a ellos, muchos fumadores pueden dejar de fumar sin pasar por el s\u00edndrome de abstinencia. Al pasarse al vapeo, estar\u00e1 m\u00e1s sereno, ser\u00e1 menos propenso a los cambios de humor y a la bulimia y, sobre todo, preservar\u00e1 su salud. Por cierto, su cartera tambi\u00e9n sale ganando, ya que <a href=\"https:\/\/eliquide-diy.fr\/categorie-produit\/e-liquides-pas-cher\/e-liquides-fr\/4you\/\" target=\"_blank\" rel=\"noopener\">los precios del e-l\u00edquido en l\u00ednea comienzan en 2 euros,<\/a> mientras que los precios del tabaco se disparan.<\/p>\n\n\n\n<p>Al cambiar el tabaco por un vaporizador, recuperar\u00e1 el gusto y el olfato, su aliento volver\u00e1 a ser neutro y ya no correr\u00e1 el riesgo de manchar sus dientes. Pero sobre todo, ya no se expone a todas las enfermedades bucodentales y evita el riesgo de aflojamiento de los dientes. Su mucosa recupera su equilibrio bacteriano y es capaz de luchar contra las infecciones.<\/p>\n<div class=\"article-data before-content\"><div class=\"article-data__date\"><div class=\"article-data__date-modified\"><time class=\"published\" datetime=\"2022-10-13T12:31:00+00:00\">This article was originally published on&nbsp;<span class=\"2\">octubre 13, 2022<\/span>&nbsp;and was most recently updated on&nbsp;<span>junio 13, 2023<\/span><\/time><br><\/div><\/div><\/div><div class=\"user-info\">    <div class=\"user-info__body\">\r\n      <div class=\"user-info__caption\"><span>Contributors:<\/span><\/div>\r\n\t\t\t        <div class=\"user-info__wrap \">\r\n          <div class=\"user-info__data\">\r\n            <div class=\"user-info__data__info\">\r\n              <div class=\"photo\">\r\n\t\t\t\t\t\t\t\t<img width=\"66\" height=\"61\" src=\"https:\/\/nutrident.fr\/wp-content\/uploads\/2023\/06\/unnamed-66x61.jpg\" class=\"attachment-profileImageAuthor size-profileImageAuthor wp-post-image\" alt=\"Dr Abel Jes\u00fas Pederzoli\" loading=\"lazy\" srcset=\"https:\/\/nutrident.fr\/wp-content\/uploads\/2023\/06\/unnamed-66x61.jpg 66w, https:\/\/nutrident.fr\/wp-content\/uploads\/2023\/06\/unnamed-300x279.jpg 300w, https:\/\/nutrident.fr\/wp-content\/uploads\/2023\/06\/unnamed-1024x952.jpg 1024w, https:\/\/nutrident.fr\/wp-content\/uploads\/2023\/06\/unnamed-768x714.jpg 768w, https:\/\/nutrident.fr\/wp-content\/uploads\/2023\/06\/unnamed-204x190.jpg 204w, https:\/\/nutrident.fr\/wp-content\/uploads\/2023\/06\/unnamed-120x112.jpg 120w, https:\/\/nutrident.fr\/wp-content\/uploads\/2023\/06\/unnamed.jpg 1125w\" sizes=\"(max-width: 66px) 100vw, 66px\" \/>              <\/div>\r\n              <a href=\"https:\/\/nutrident.fr\/es\/author\/dr-abel-jesus-pederzoli\/\" class=\"name\">Dr Abel Jes\u00fas Pederzoli<\/a>\r\n            <\/div>\r\n            <div class=\"user-info__data__social\">\r\n\t\t\t\t\t\t\t\t\t\t\t\t\t\t\t\t\t\t\t\t\t          <a href=\"https:\/\/clinicaleixample.es\/\"\r\n             class=\"soc-item website\">website<\/a>\r\n\t\t\t\t          <a href=\"http:\/\/linkedin.com\/in\/abel-jes%C3%BAs-pederzoli\"\r\n             class=\"soc-item linkedin\">linkedin<\/a>\r\n\t\t\t\t            <\/div>\r\n          <\/div>\r\n          <div class=\"user-info__description\">\r\n\t\t\t\t\t\t\t\t\t\t\t\t\t<p>Con t\u00edtulos obtenidos en la Facultad de Odontolog\u00eda de la Universidad Nacional de La Plata y una participaci\u00f3n activa en congresos y jornadas, el Dr. Pederzoli se mantiene actualizado en las \u00faltimas t\u00e9cnicas y avances en odontolog\u00eda. Actualmente se encuentra desarrollando un proyecto de consultor\u00eda tecnol\u00f3gica aplicada a cl\u00ednicas dentales.<\/p>\n\t\t\t\t\t\t          <\/div>\r\n        <\/div>\r\n\t\t\t\t    <\/div>\r\n\t<\/div><!--copyscapeskip--><div class=\"medical_references\"><div class=\"medical_references__heading\"><span>Fuentes M\u00e9dicas<\/span><\/div><div class=\"medical_references__list\"><p><strong>Francia Assos Sant\u00e9<\/strong>. <a href=\"https:\/\/www.france-assos-sante.org\/2016\/12\/19\/un-risque-accru-de-perdre-ses-dents-chez-les-fumeurs\/\">Un mayor riesgo de p\u00e9rdida de dientes en los fumadores<\/a>.<\/p>\n<p><strong>Servicio de informaci\u00f3n de Tabac<\/strong>. <a href=\"https:\/\/www.tabac-info-service.fr\/questions-reponses\/04_questions-mises-en-ligne\/arret-du-tabac-mal-aux-dents\">Dejar de fumar \/ dolor de muelas<\/a>.<\/p>\n<\/div><\/div><!--\/copyscapeskip-->","protected":false},"excerpt":{"rendered":"<p>Contributor:&nbsp; Dr Abel Jes\u00fas Pederzoli Updated:&nbsp;junio 13, 2023 El tabaco tiene un efecto delet\u00e9reo en los pulmones, pero es sobre todo en la boca donde hace mella. Fumar aumenta el riesgo de padecer enfermedades bucodentales. Estos afectan irremediablemente a la boca y a los dientes, incluyendo el aumento de la probabilidad de que se aflojen [&hellip;]<\/p>\n","protected":false},"author":14,"featured_media":8676,"parent":0,"menu_order":0,"comment_status":"open","ping_status":"open","template":"","meta":{"inline_featured_image":false},"acf":[],"_links":{"self":[{"href":"https:\/\/nutrident.fr\/es\/wp-json\/wp\/v2\/pages\/15964"}],"collection":[{"href":"https:\/\/nutrident.fr\/es\/wp-json\/wp\/v2\/pages"}],"about":[{"href":"https:\/\/nutrident.fr\/es\/wp-json\/wp\/v2\/types\/page"}],"author":[{"embeddable":true,"href":"https:\/\/nutrident.fr\/es\/wp-json\/wp\/v2\/users\/14"}],"replies":[{"embeddable":true,"href":"https:\/\/nutrident.fr\/es\/wp-json\/wp\/v2\/comments?post=15964"}],"version-history":[{"count":22,"href":"https:\/\/nutrident.fr\/es\/wp-json\/wp\/v2\/pages\/15964\/revisions"}],"predecessor-version":[{"id":21984,"href":"https:\/\/nutrident.fr\/es\/wp-json\/wp\/v2\/pages\/15964\/revisions\/21984"}],"wp:featuredmedia":[{"embeddable":true,"href":"https:\/\/nutrident.fr\/es\/wp-json\/wp\/v2\/media\/8676"}],"wp:attachment":[{"href":"https:\/\/nutrident.fr\/es\/wp-json\/wp\/v2\/media?parent=15964"}],"curies":[{"name":"wp","href":"https:\/\/api.w.org\/{rel}","templated":true}]}}