

{"id":16024,"date":"2022-10-13T10:44:24","date_gmt":"2022-10-13T10:44:24","guid":{"rendered":"https:\/\/nutrident.fr\/?page_id=16024"},"modified":"2023-06-15T23:17:22","modified_gmt":"2023-06-15T23:17:22","slug":"pegamento-dental","status":"publish","type":"page","link":"https:\/\/nutrident.fr\/es\/pegamento-dental\/","title":{"rendered":"Pegamento dental: c\u00f3mo usarlo para fijar la dentadura postiza correctamente"},"content":{"rendered":"<div class=\"meta\"><div class=\"meta__users\">    <div class=\"meta__users__reviewed\">\r\n      <p class=\"meta__users__caption\">Contributor:&nbsp;<\/p>\r\n      <div class=\"users\">\r\n        <span class=\"users__user\">\r\n          <a href=\"#\">Dr Abel Jes\u00fas Pederzoli<\/a>\r\n        <\/span>\r\n      <\/div>\r\n    <\/div>\r\n\t<\/div><div class=\"meta__date-modified\">Updated:&nbsp;<span>junio 15, 2023<\/span><\/div><\/div><div class=\"wp-block-image\">\n<figure class=\"alignright size-large is-resized\"><img src=\"https:\/\/nutrident.fr\/wp-content\/uploads\/2023\/03\/fijador-dental-para-protesis-removible-1024x682.jpg\" alt=\"fijador dental dentadura postiza\" class=\"wp-image-20444\" width=\"300\" height=\"200\" srcset=\"https:\/\/nutrident.fr\/wp-content\/uploads\/2023\/03\/fijador-dental-para-protesis-removible-1024x682.jpg 1024w, https:\/\/nutrident.fr\/wp-content\/uploads\/2023\/03\/fijador-dental-para-protesis-removible-300x200.jpg 300w, https:\/\/nutrident.fr\/wp-content\/uploads\/2023\/03\/fijador-dental-para-protesis-removible-768x512.jpg 768w, https:\/\/nutrident.fr\/wp-content\/uploads\/2023\/03\/fijador-dental-para-protesis-removible-1536x1024.jpg 1536w, https:\/\/nutrident.fr\/wp-content\/uploads\/2023\/03\/fijador-dental-para-protesis-removible-254x169.jpg 254w, https:\/\/nutrident.fr\/wp-content\/uploads\/2023\/03\/fijador-dental-para-protesis-removible.jpg 2000w\" sizes=\"(max-width: 300px) 100vw, 300px\" \/><\/figure><\/div>\n\n\n<p>Usar una dentadura postiza removible puede que no sea una soluci\u00f3n ideal, pero te permitir\u00e1 volver a disfrutar plenamente de la vida. El buen funcionamiento oral es esencial para comer, hablar y tambi\u00e9n para mantener una buena apariencia. Las pr\u00f3tesis dentales removibles actuales son c\u00f3modas y est\u00e1n dise\u00f1adas para adaptarse a tu f\u00edsico de manera armoniosa. Gracias a ellas, es posible recuperar la funcionalidad de la boca y volver a tener una vida normal.<\/p>\n\n\n\n<p>Pero es posible que tambi\u00e9n necesites un pegamento dental eficaz y de calidad para que la pr\u00f3tesis se mantenga fija en la boca durante todo el d\u00eda. En este art\u00edculo, <a href=\"https:\/\/nutrident.fr\/es\/\">Nutrident<\/a> te explica c\u00f3mo funciona el adhesivo dental y te ofrece consejos sobre c\u00f3mo aplicarlo.<\/p>\n\n\n\n<div id=\"ez-toc-container\" class=\"ez-toc-v2_0_33_2 counter-hierarchy ez-toc-counter ez-toc-white ez-toc-container-direction\">\n<div class=\"ez-toc-title-container\">\n<p class=\"ez-toc-title\">Contenus<\/p>\n<span class=\"ez-toc-title-toggle\"><a href=\"#\" class=\"ez-toc-pull-right ez-toc-btn ez-toc-btn-xs ez-toc-btn-default ez-toc-toggle\" style=\"display: none;\"><label for=\"item\" aria-label=\"Tabla de contenidos\"><i class=\"ez-toc-glyphicon ez-toc-icon-toggle\"><\/i><\/label><input type=\"checkbox\" id=\"item\"><\/a><\/span><\/div>\n<nav><ul class='ez-toc-list ez-toc-list-level-1'><li class='ez-toc-page-1 ez-toc-heading-level-2'><a class=\"ez-toc-link ez-toc-heading-1\" href=\"https:\/\/nutrident.fr\/es\/pegamento-dental\/#Como_colocar_una_dentadura_postiza\" title=\"C\u00f3mo colocar una dentadura postiza\">C\u00f3mo colocar una dentadura postiza<\/a><\/li><li class='ez-toc-page-1 ez-toc-heading-level-2'><a class=\"ez-toc-link ez-toc-heading-2\" href=\"https:\/\/nutrident.fr\/es\/pegamento-dental\/#Como_funciona_el_pegamento_dental\" title=\"C\u00f3mo funciona el pegamento dental\">C\u00f3mo funciona el pegamento dental<\/a><\/li><li class='ez-toc-page-1 ez-toc-heading-level-2'><a class=\"ez-toc-link ez-toc-heading-3\" href=\"https:\/\/nutrident.fr\/es\/pegamento-dental\/#Consejos_para_usar_pegamento_dental\" title=\"Consejos para usar pegamento dental\">Consejos para usar pegamento dental<\/a><\/li><li class='ez-toc-page-1 ez-toc-heading-level-2'><a class=\"ez-toc-link ez-toc-heading-4\" href=\"https:\/\/nutrident.fr\/es\/pegamento-dental\/#Preguntas_mas_frecuentes\" title=\"Preguntas m\u00e1s frecuentes\">Preguntas m\u00e1s frecuentes<\/a><\/li><\/ul><\/nav><\/div>\n<h2><span class=\"ez-toc-section\" id=\"Como_colocar_una_dentadura_postiza\"><\/span>C\u00f3mo colocar una dentadura postiza<span class=\"ez-toc-section-end\"><\/span><\/h2>\n\n\n\n<p>Las <a href=\"https:\/\/nutrident.fr\/es\/dentaduras-postizas\/\" data-type=\"URL\" data-id=\"https:\/\/nutrident.fr\/es\/dentaduras-postizas\/\" target=\"_blank\" rel=\"noreferrer noopener\">pr\u00f3tesis dentales removibles<\/a>, tanto parciales como completas, son una excelente opci\u00f3n si tienes <a href=\"https:\/\/nutrident.fr\/es\/7-malos-habitos-que-danan-los-dientes\/\">dientes en mal estado<\/a> y es necesario extraerlos o si has sufrido un accidente que ha afectado tu dentadura. Puedes utilizar <a href=\"https:\/\/nutrident.fr\/es\/dentaduras-postizas-sobre-implantes\/\" target=\"_blank\" data-type=\"URL\" data-id=\"https:\/\/nutrident.fr\/es\/dentaduras-postizas-sobre-implantes\/\" rel=\"noreferrer noopener\">implantes para fijar una dentadura<\/a>, pero son muy caros y, si te faltan varios dientes, suele ser preferible una dentadura postiza.<\/p>\n\n\n\n<p>Adem\u00e1s, si sufres de una enfermedad como la <a href=\"https:\/\/nutrident.fr\/es\/periodontitis\/\" target=\"_blank\" data-type=\"URL\" data-id=\"https:\/\/nutrident.fr\/es\/periodontitis\/\" rel=\"noreferrer noopener\">periodontitis<\/a>, tus huesos maxilares son demasiado fr\u00e1giles para soportar <a href=\"https:\/\/nutrident.fr\/es\/que-debe-saber-sobre-el-postoperatorio-de-los-implantes-dentales\/\" target=\"_blank\" data-type=\"URL\" data-id=\"https:\/\/nutrident.fr\/es\/que-debe-saber-sobre-el-postoperatorio-de-los-implantes-dentales\/\" rel=\"noreferrer noopener\">los implantes<\/a>. Las pr\u00f3tesis removibles son la soluci\u00f3n ideal en estos casos, sobre todo porque <strong>no tendr\u00e1s que someterte a un tratamiento largo<\/strong>, desagradable y doloroso para reparar unos dientes que ya son muy fr\u00e1giles.<\/p>\n\n\n\n<p>Las <a href=\"https:\/\/nutrident.fr\/es\/dentaduras-postizas-fijas-y-removibles\/\" target=\"_blank\" data-type=\"URL\" data-id=\"https:\/\/nutrident.fr\/es\/dentaduras-postizas-fijas-y-removibles\/\" rel=\"noreferrer noopener\">pr\u00f3tesis dentales<\/a> removibles pueden ser parciales o completas (para sustituir toda la dentadura). Se fijan en la boca mediante el <strong>efecto de succi\u00f3n o \u00abventosa\u00bb<\/strong> que ocurre entre las enc\u00edas y la parte artificial que las cubre. Cuando la pr\u00f3tesis es para el maxilar superior, tambi\u00e9n puede tener una parte que se superpone al paladar y refuerza su anclaje. Una dentadura en el maxilar inferior no puede fijarse de esta manera y requerir\u00e1 el uso de un pegamento dental con mayor frecuencia.<\/p>\n\n\n\n<h3>Adaptaci\u00f3n de la pr\u00f3tesis dental<\/h3>\n\n\n\n<p>El dentista debe revisar la dentadura postiza al menos una vez al a\u00f1o para <strong>reajustarla o cambiarla <\/strong>de ser necesario. La boca cambia con el tiempo, especialmente si te han extra\u00eddo varios dientes. Las enc\u00edas se adaptan a la ausencia de los dientes naturales y, con la edad, es normal que la morfolog\u00eda de la mand\u00edbula cambie lentamente.<\/p>\n\n\n\n<p><strong>Una pr\u00f3tesis dental mal ajustada pierde su agarre<\/strong>, incluso con el uso de pegamento dental. Adem\u00e1s, puede causar problemas de masticaci\u00f3n, de alimentaci\u00f3n, de oclusi\u00f3n y de pronunciaci\u00f3n.<\/p>\n\n\n\n<h2><span class=\"ez-toc-section\" id=\"Como_funciona_el_pegamento_dental\"><\/span>C\u00f3mo funciona el pegamento dental<span class=\"ez-toc-section-end\"><\/span><\/h2>\n\n\n<div class=\"wp-block-image\">\n<figure class=\"alignright size-large is-resized\"><img src=\"https:\/\/nutrident.fr\/wp-content\/uploads\/2023\/03\/adhesivo-dental-1024x684.jpg\" alt=\"pegamento dental\" class=\"wp-image-20447\" width=\"300\" height=\"200\" srcset=\"https:\/\/nutrident.fr\/wp-content\/uploads\/2023\/03\/adhesivo-dental-1024x684.jpg 1024w, https:\/\/nutrident.fr\/wp-content\/uploads\/2023\/03\/adhesivo-dental-300x200.jpg 300w, https:\/\/nutrident.fr\/wp-content\/uploads\/2023\/03\/adhesivo-dental-768x513.jpg 768w, https:\/\/nutrident.fr\/wp-content\/uploads\/2023\/03\/adhesivo-dental-1536x1025.jpg 1536w, https:\/\/nutrident.fr\/wp-content\/uploads\/2023\/03\/adhesivo-dental-254x170.jpg 254w, https:\/\/nutrident.fr\/wp-content\/uploads\/2023\/03\/adhesivo-dental.jpg 2000w\" sizes=\"(max-width: 300px) 100vw, 300px\" \/><\/figure><\/div>\n\n\n<p>El pegamento dental no es realmente un pegamento, ya que no est\u00e1 pensado para adherir permanentemente la dentadura a las enc\u00edas. Una pr\u00f3tesis removible <strong>debe retirarse por la noche<\/strong> para dar a las enc\u00edas y a la boca entre 6 y 10 horas de alivio. Esto tambi\u00e9n permite limpiar la dentadura para erradicar bacterias y manchas.<\/p>\n\n\n\n<p>El prop\u00f3sito del adhesivo dental es <strong>reforzar el efecto de succi\u00f3n natural<\/strong> creado por la saliva que fluye entre la dentadura y las membranas mucosas naturales. Es m\u00e1s viscoso que la saliva y tambi\u00e9n sirve para estimular la producci\u00f3n de saliva y as\u00ed mejorar el poder de adhesi\u00f3n de la dentadura postiza.<\/p>\n\n\n\n<p>El fijador dental <strong>debe ser fiable y de calidad<\/strong> para aguantar todo el d\u00eda y mantener la dentadura firmemente en su sitio y evitar que se mueva y se suelte. Al mismo tiempo, debe ser f\u00e1cil de quitar por la noche.<\/p>\n\n\n\n<p>Por supuesto, la fabricaci\u00f3n del pegamento dental debe obedecer a un <strong>estricto protocolo sanitario<\/strong> para evitar cualquier irritaci\u00f3n, alergia o incluso intoxicaci\u00f3n. Por \u00faltimo, su sabor debe ser neutro o muy d\u00e9bil, para no perturbar el sentido del gusto.<\/p>\n\n\n\n<h3>Ventajas del adhesivo dental<\/h3>\n\n\n\n<p>El pegamento dental no sirve solo para mantener la dentadura en su sitio, sino que tambi\u00e9n <strong>protege las membranas mucosas<\/strong> donde se aplica. Act\u00faa como un amortiguador entre la pr\u00f3tesis y la enc\u00eda, lo que impide que las bacterias e incluso los restos de comida se alojen en ella y provoquen infecciones.<\/p>\n\n\n\n<p>Tambi\u00e9n elimina la fricci\u00f3n que se produce entre la enc\u00eda y la <a href=\"https:\/\/nutrident.fr\/es\/rehacer-los-dientes-que-tratamientos-esteticos-elegir\/\" target=\"_blank\" data-type=\"URL\" data-id=\"https:\/\/nutrident.fr\/es\/rehacer-los-dientes-que-tratamientos-esteticos-elegir\/\" rel=\"noreferrer noopener\">pr\u00f3tesis<\/a> cuando la saliva es insuficiente, lo que puede provocar irritaciones e incluso lesiones. <\/p>\n\n\n\n<p>Por otro lado, el adhesivo dental <strong>mantiene la dentadura postiza h\u00fameda<\/strong>, lo que es muy importante para la durabilidad de la resina. Este es un material que se degrada si se seca, raz\u00f3n por la cual las pr\u00f3tesis removibles deben sumergirse en alg\u00fan l\u00edquido durante la noche.<\/p>\n\n\n\n<p>Por \u00faltimo, un buen fijador dental <strong>da confianza al usuario<\/strong> y le brinda la seguridad de que podr\u00e1 re\u00edr, comer, hablar e incluso cantar a pleno pulm\u00f3n sin riesgo de que se le caiga la dentadura.<\/p>\n\n\n\n<figure class=\"wp-block-embed is-type-video is-provider-youtube wp-block-embed-youtube wp-embed-aspect-16-9 wp-has-aspect-ratio\"><div class=\"wp-block-embed__wrapper\">\n<iframe title=\"Corega extra fuerte: Trucos y consejos desde Farmacia Lorente\" width=\"500\" height=\"281\" src=\"https:\/\/www.youtube.com\/embed\/IjioGDlgO9w?feature=oembed\" frameborder=\"0\" allow=\"accelerometer; autoplay; clipboard-write; encrypted-media; gyroscope; picture-in-picture; web-share\" allowfullscreen><\/iframe>\n<\/div><\/figure>\n\n\n\n<h2><span class=\"ez-toc-section\" id=\"Consejos_para_usar_pegamento_dental\"><\/span>Consejos para usar pegamento dental<span class=\"ez-toc-section-end\"><\/span><\/h2>\n\n\n\n<p>El pegamento dental se presenta en forma de gel, crema, polvo o tiras adhesivas. <strong>La presentaci\u00f3n m\u00e1s popular y f\u00e1cil de usar es el gel<\/strong>, ya que es f\u00e1cil de extender con precisi\u00f3n y tiene una consistencia agradable. Depende de ti elegir cu\u00e1l te gusta m\u00e1s probando los diferentes productos disponibles en el mercado.<\/p>\n\n\n\n<h3>\u00bfC\u00f3mo aplicar el pegamento dental?<\/h3>\n\n\n\n<ol><li>Antes de ponerte la dentadura postiza, <strong>aseg\u00farate de que est\u00e1 perfectamente limpia<\/strong>. No deben quedar restos de comida ni de pegamento del d\u00eda anterior.<\/li><li>El adhesivo dental debe aplicarse en el centro del hueco de la enc\u00eda postiza, trazando una l\u00ednea uniforme. <strong>Utiliza solo un poco de pegamento<\/strong>, ya que se extender\u00e1 por la presi\u00f3n al colocar la dentadura. Si utilizas demasiado, el pegamento se derramar\u00e1 entre la dentadura y las enc\u00edas. S\u00e9 moderado con la cantidad que usas el primer d\u00eda y eval\u00faa si necesitas a\u00f1adir m\u00e1s al d\u00eda siguiente, suponiendo que hayas sentido alg\u00fan problema de sujeci\u00f3n durante el d\u00eda. En pocos d\u00edas podr\u00e1s medir la cantidad exacta de pegamento que necesitas.<\/li><li>Coloca la pr\u00f3tesis en tu boca y suj\u00e9tala en su lugar durante unos diez segundos hasta que las dos partes se adhieran. <strong>No comas ni bebas durante los 15 minutos posteriores<\/strong>.<\/li><\/ol>\n\n\n\n<h2><span class=\"ez-toc-section\" id=\"Preguntas_mas_frecuentes\"><\/span>Preguntas m\u00e1s frecuentes<span class=\"ez-toc-section-end\"><\/span><\/h2>\n\n\n<div id=\"rank-math-faq\" class=\"rank-math-block\">\n<div class=\"rank-math-list \">\n<div id=\"faq-question-1678365660283\" class=\"rank-math-list-item\">\n<h3 class=\"rank-math-question \">\u00bfCu\u00e1nto dura el adhesivo dental?<\/h3>\n<div class=\"rank-math-answer \">\n\n<p>Si lo usas correctamente y eliges un pegamento de calidad, deber\u00eda durar unas 12 horas sin causarte problemas.<\/p>\n\n<\/div>\n<\/div>\n<div id=\"faq-question-1678365742657\" class=\"rank-math-list-item\">\n<h3 class=\"rank-math-question \">\u00bfQu\u00e9 pasa si me trago el adhesivo dental?<\/h3>\n<div class=\"rank-math-answer \">\n\n<p>No pasa nada si ingieres un poco de pegamento dental ya que es un producto bastante controlado que debe seguir unos par\u00e1metros sanitarios para que sea seguro. Recuerda que debes usar solo una peque\u00f1a cantidad de adhesivo, de lo contrario podr\u00edas tragar m\u00e1s de lo adecuado.<\/p>\n\n<\/div>\n<\/div>\n<\/div>\n<\/div><div class=\"article-data before-content\"><div class=\"article-data__date\"><div class=\"article-data__date-modified\"><time class=\"published\" datetime=\"2022-10-13T10:44:24+00:00\">This article was originally published on&nbsp;<span class=\"2\">octubre 13, 2022<\/span>&nbsp;and was most recently updated on&nbsp;<span>junio 15, 2023<\/span><\/time><br><\/div><\/div><\/div><div class=\"user-info\">    <div class=\"user-info__body\">\r\n      <div class=\"user-info__caption\"><span>Contributors:<\/span><\/div>\r\n\t\t\t        <div class=\"user-info__wrap \">\r\n          <div class=\"user-info__data\">\r\n            <div class=\"user-info__data__info\">\r\n              <div class=\"photo\">\r\n\t\t\t\t\t\t\t\t<img width=\"66\" height=\"61\" src=\"https:\/\/nutrident.fr\/wp-content\/uploads\/2023\/06\/unnamed-66x61.jpg\" class=\"attachment-profileImageAuthor size-profileImageAuthor wp-post-image\" alt=\"Dr Abel Jes\u00fas Pederzoli\" loading=\"lazy\" srcset=\"https:\/\/nutrident.fr\/wp-content\/uploads\/2023\/06\/unnamed-66x61.jpg 66w, https:\/\/nutrident.fr\/wp-content\/uploads\/2023\/06\/unnamed-300x279.jpg 300w, https:\/\/nutrident.fr\/wp-content\/uploads\/2023\/06\/unnamed-1024x952.jpg 1024w, https:\/\/nutrident.fr\/wp-content\/uploads\/2023\/06\/unnamed-768x714.jpg 768w, https:\/\/nutrident.fr\/wp-content\/uploads\/2023\/06\/unnamed-204x190.jpg 204w, https:\/\/nutrident.fr\/wp-content\/uploads\/2023\/06\/unnamed-120x112.jpg 120w, https:\/\/nutrident.fr\/wp-content\/uploads\/2023\/06\/unnamed.jpg 1125w\" sizes=\"(max-width: 66px) 100vw, 66px\" \/>              <\/div>\r\n              <a href=\"https:\/\/nutrident.fr\/es\/author\/dr-abel-jesus-pederzoli\/\" class=\"name\">Dr Abel Jes\u00fas Pederzoli<\/a>\r\n            <\/div>\r\n            <div class=\"user-info__data__social\">\r\n\t\t\t\t\t\t\t\t\t\t\t\t\t\t\t\t\t\t\t\t\t          <a href=\"https:\/\/clinicaleixample.es\/\"\r\n             class=\"soc-item website\">website<\/a>\r\n\t\t\t\t          <a href=\"http:\/\/linkedin.com\/in\/abel-jes%C3%BAs-pederzoli\"\r\n             class=\"soc-item linkedin\">linkedin<\/a>\r\n\t\t\t\t            <\/div>\r\n          <\/div>\r\n          <div class=\"user-info__description\">\r\n\t\t\t\t\t\t\t\t\t\t\t\t\t<p>Con t\u00edtulos obtenidos en la Facultad de Odontolog\u00eda de la Universidad Nacional de La Plata y una participaci\u00f3n activa en congresos y jornadas, el Dr. Pederzoli se mantiene actualizado en las \u00faltimas t\u00e9cnicas y avances en odontolog\u00eda. Actualmente se encuentra desarrollando un proyecto de consultor\u00eda tecnol\u00f3gica aplicada a cl\u00ednicas dentales.<\/p>\n\t\t\t\t\t\t          <\/div>\r\n        <\/div>\r\n\t\t\t\t    <\/div>\r\n\t<\/div><!--copyscapeskip--><div class=\"medical_references\"><div class=\"medical_references__heading\"><span>Fuentes M\u00e9dicas<\/span><\/div><div class=\"medical_references__list\"><p><b>Scielo<\/b>: <a href=\"https:\/\/scielo.isciii.es\/pdf\/rcoe\/v12n4\/revision2.pdf\" target=\"_blank\" rel=\"noopener\">Adhesivos para pr\u00f3tesis completas: situaci\u00f3n actual.<\/a> Consultado el 13 de octubre de 2022.<\/p>\n<\/div><\/div><!--\/copyscapeskip-->","protected":false},"excerpt":{"rendered":"<p>Contributor:&nbsp; Dr Abel Jes\u00fas Pederzoli Updated:&nbsp;junio 15, 2023 Usar una dentadura postiza removible puede que no sea una soluci\u00f3n ideal, pero te permitir\u00e1 volver a disfrutar plenamente de la vida. El buen funcionamiento oral es esencial para comer, hablar y tambi\u00e9n para mantener una buena apariencia. Las pr\u00f3tesis dentales removibles actuales son c\u00f3modas y est\u00e1n [&hellip;]<\/p>\n","protected":false},"author":2,"featured_media":20441,"parent":0,"menu_order":0,"comment_status":"closed","ping_status":"open","template":"","meta":{"inline_featured_image":false},"acf":[],"_links":{"self":[{"href":"https:\/\/nutrident.fr\/es\/wp-json\/wp\/v2\/pages\/16024"}],"collection":[{"href":"https:\/\/nutrident.fr\/es\/wp-json\/wp\/v2\/pages"}],"about":[{"href":"https:\/\/nutrident.fr\/es\/wp-json\/wp\/v2\/types\/page"}],"author":[{"embeddable":true,"href":"https:\/\/nutrident.fr\/es\/wp-json\/wp\/v2\/users\/2"}],"replies":[{"embeddable":true,"href":"https:\/\/nutrident.fr\/es\/wp-json\/wp\/v2\/comments?post=16024"}],"version-history":[{"count":36,"href":"https:\/\/nutrident.fr\/es\/wp-json\/wp\/v2\/pages\/16024\/revisions"}],"predecessor-version":[{"id":22088,"href":"https:\/\/nutrident.fr\/es\/wp-json\/wp\/v2\/pages\/16024\/revisions\/22088"}],"wp:featuredmedia":[{"embeddable":true,"href":"https:\/\/nutrident.fr\/es\/wp-json\/wp\/v2\/media\/20441"}],"wp:attachment":[{"href":"https:\/\/nutrident.fr\/es\/wp-json\/wp\/v2\/media?parent=16024"}],"curies":[{"name":"wp","href":"https:\/\/api.w.org\/{rel}","templated":true}]}}