

{"id":16156,"date":"2022-10-14T11:33:19","date_gmt":"2022-10-14T11:33:19","guid":{"rendered":"https:\/\/nutrident.fr\/?page_id=16156"},"modified":"2023-06-15T23:10:59","modified_gmt":"2023-06-15T23:10:59","slug":"dientes-y-embarazo","status":"publish","type":"page","link":"https:\/\/nutrident.fr\/es\/dientes-y-embarazo\/","title":{"rendered":"C\u00f3mo cuidar los dientes y enc\u00edas durante el embarazo"},"content":{"rendered":"<div class=\"meta\"><div class=\"meta__users\">    <div class=\"meta__users__reviewed\">\r\n      <p class=\"meta__users__caption\">Contributor:&nbsp;<\/p>\r\n      <div class=\"users\">\r\n        <span class=\"users__user\">\r\n          <a href=\"#\">Dr Abel Jes\u00fas Pederzoli<\/a>\r\n        <\/span>\r\n      <\/div>\r\n    <\/div>\r\n\t<\/div><div class=\"meta__date-modified\">Updated:&nbsp;<span>junio 15, 2023<\/span><\/div><\/div>\n<figure class=\"wp-block-image alignright size-medium\"><img width=\"300\" height=\"200\" src=\"https:\/\/nutrident.fr\/wp-content\/uploads\/2019\/07\/beach-clouds-cloudscape-2533781-300x200.jpg\" alt=\"salud bucodental de las mujeres embarazadas\n\" class=\"wp-image-888\" srcset=\"https:\/\/nutrident.fr\/wp-content\/uploads\/2019\/07\/beach-clouds-cloudscape-2533781-300x200.jpg 300w, https:\/\/nutrident.fr\/wp-content\/uploads\/2019\/07\/beach-clouds-cloudscape-2533781-768x512.jpg 768w, https:\/\/nutrident.fr\/wp-content\/uploads\/2019\/07\/beach-clouds-cloudscape-2533781.jpg 1000w\" sizes=\"(max-width: 300px) 100vw, 300px\" \/><figcaption>La higiene dental es a\u00fan m\u00e1s importante durante el embarazo<\/figcaption><\/figure>\n\n\n\n<p>El embarazo influye en todo el cuerpo y los dientes y enc\u00edas no son la excepci\u00f3n. Durante esta etapa, el cuerpo experimenta cambios hormonales que pueden aumentar el riesgo de sufrir caries y enfermedades periodontales. Los v\u00f3mitos causados por las n\u00e1useas matinales tambi\u00e9n pueden afectar negativamente los dientes debido al contacto con los \u00e1cidos estomacales.<\/p>\n\n\n\n<p>Sin embargo, si se cuida bien la salud dental, las mujeres embarazadas no deber\u00edan sufrir ning\u00fan problema. Aqu\u00ed tienes todo lo que necesitas saber sobre <strong>c\u00f3mo afecta el embarazo<\/strong> la salud oral y las medidas que deber\u00edas tomar en esta etapa de tu vida.<\/p>\n\n\n\n<div id=\"ez-toc-container\" class=\"ez-toc-v2_0_33_2 counter-hierarchy ez-toc-counter ez-toc-white ez-toc-container-direction\">\n<div class=\"ez-toc-title-container\">\n<p class=\"ez-toc-title\">Contenus<\/p>\n<span class=\"ez-toc-title-toggle\"><a href=\"#\" class=\"ez-toc-pull-right ez-toc-btn ez-toc-btn-xs ez-toc-btn-default ez-toc-toggle\" style=\"display: none;\"><label for=\"item\" aria-label=\"Tabla de contenidos\"><i class=\"ez-toc-glyphicon ez-toc-icon-toggle\"><\/i><\/label><input type=\"checkbox\" id=\"item\"><\/a><\/span><\/div>\n<nav><ul class='ez-toc-list ez-toc-list-level-1'><li class='ez-toc-page-1 ez-toc-heading-level-2'><a class=\"ez-toc-link ez-toc-heading-1\" href=\"https:\/\/nutrident.fr\/es\/dientes-y-embarazo\/#La_importancia_de_la_higiene_dental\" title=\"La importancia de la higiene dental\">La importancia de la higiene dental<\/a><\/li><li class='ez-toc-page-1 ez-toc-heading-level-2'><a class=\"ez-toc-link ez-toc-heading-2\" href=\"https:\/\/nutrident.fr\/es\/dientes-y-embarazo\/#Cuidados_y_medicacion\" title=\"Cuidados y medicaci\u00f3n\">Cuidados y medicaci\u00f3n<\/a><\/li><li class='ez-toc-page-1 ez-toc-heading-level-2'><a class=\"ez-toc-link ez-toc-heading-3\" href=\"https:\/\/nutrident.fr\/es\/dientes-y-embarazo\/#La_revision_previa_al_embarazo\" title=\"La revisi\u00f3n previa al embarazo\">La revisi\u00f3n previa al embarazo<\/a><\/li><li class='ez-toc-page-1 ez-toc-heading-level-2'><a class=\"ez-toc-link ez-toc-heading-4\" href=\"https:\/\/nutrident.fr\/es\/dientes-y-embarazo\/#Las_consecuencias_directas_del_embarazo_en_los_dientes\" title=\"Las consecuencias directas del embarazo en los dientes\">Las consecuencias directas del embarazo en los dientes<\/a><\/li><li class='ez-toc-page-1 ez-toc-heading-level-2'><a class=\"ez-toc-link ez-toc-heading-5\" href=\"https:\/\/nutrident.fr\/es\/dientes-y-embarazo\/#Consecuencias_indirectas_del_embarazo_en_los_dientes\" title=\"Consecuencias indirectas del embarazo en los dientes\">Consecuencias indirectas del embarazo en los dientes<\/a><\/li><li class='ez-toc-page-1 ez-toc-heading-level-2'><a class=\"ez-toc-link ez-toc-heading-6\" href=\"https:\/\/nutrident.fr\/es\/dientes-y-embarazo\/#Conclusion\" title=\"Conclusi\u00f3n\">Conclusi\u00f3n<\/a><\/li><li class='ez-toc-page-1 ez-toc-heading-level-2'><a class=\"ez-toc-link ez-toc-heading-7\" href=\"https:\/\/nutrident.fr\/es\/dientes-y-embarazo\/#Preguntas_frecuentes\" title=\"Preguntas frecuentes\">Preguntas frecuentes<\/a><\/li><\/ul><\/nav><\/div>\n<h2><span class=\"ez-toc-section\" id=\"La_importancia_de_la_higiene_dental\"><\/span>La importancia de la higiene dental<span class=\"ez-toc-section-end\"><\/span><\/h2>\n\n\n\n<p>Es importante recordar que debes <strong>cepillarte los dientes<\/strong> despu\u00e9s de cada comida. Cualquier residuo que quede atrapado entre los dientes se descompondr\u00e1 y puede da\u00f1ar el esmalte. Por otro lado, cuando los restos de comida se mezclan con la saliva, forman una capa que puede eliminarse con la pasta de dientes. Una vez que esta capa se ha solidificado se convierte en <a href=\"https:\/\/nutrident.fr\/es\/limpieza-dental\/\" data-type=\"URL\" data-id=\"https:\/\/nutrident.fr\/es\/limpieza-dental\/\" target=\"_blank\" rel=\"noreferrer noopener\">sarro<\/a>, el cual solo puede eliminarlo el dentista mediante un <a href=\"https:\/\/nutrident.fr\/es\/tartrectomia\/\" target=\"_blank\" data-type=\"URL\" data-id=\"https:\/\/nutrident.fr\/es\/tartrectomia\/\" rel=\"noreferrer noopener\">raspado dental<\/a>.<\/p>\n\n\n\n<p>Si no est\u00e1s en casa a la hora de comer, es recomendable<strong> llevar en tu bolso un cepillo de dientes<\/strong> de viaje y un tubo de <a href=\"https:\/\/nutrident.fr\/es\/elegir-la-mejor-pasta-de-dientes\/\" target=\"_blank\" data-type=\"URL\" data-id=\"https:\/\/nutrident.fr\/es\/elegir-la-mejor-pasta-de-dientes\/\" rel=\"noreferrer noopener\">pasta de dientes<\/a> (consulta nuestra gu\u00eda completa sobre la <a href=\"https:\/\/nutrident.fr\/es\/pasta-de-dientes-casera\/\" data-type=\"page\" data-id=\"14810\">pasta de dientes casera<\/a>). En todos los casos, utiliza un <a href=\"https:\/\/nutrident.fr\/es\/cepillo-de-dientes-electrico-o-manual\/\" target=\"_blank\" data-type=\"URL\" data-id=\"https:\/\/nutrident.fr\/es\/cepillo-de-dientes-electrico-o-manual\/\" rel=\"noreferrer noopener\">cepillo de dientes<\/a> de cerdas suaves. Los cepillos de cerdas duras son demasiado agresivos para el esmalte y las enc\u00edas. Si tu boca es especialmente sensible, puedes encontrar cepillos de dientes con cerdas extra suaves y pastas dent\u00edfricas para <a href=\"https:\/\/nutrident.fr\/es\/sensibilidad-dental\/\" target=\"_blank\" data-type=\"URL\" data-id=\"https:\/\/nutrident.fr\/es\/sensibilidad-dental\/\" rel=\"noreferrer noopener\">dientes sensibles<\/a>.<\/p>\n\n\n\n<p>Tambi\u00e9n debes <strong>usar <a href=\"https:\/\/nutrident.fr\/es\/hilo-dental\/\" data-type=\"URL\" data-id=\"https:\/\/nutrident.fr\/es\/hilo-dental\/\" target=\"_blank\" rel=\"noreferrer noopener\">hilo dental<\/a> todos los d\u00edas<\/strong>, pues esto permite eliminar los alimentos que se quedan atascados entre los dientes y se introduce en los espacios a los que no llega el cepillo de dientes. El hilo dental es una forma excelente de combatir la placa.<\/p>\n\n\n\n<p>El <a href=\"https:\/\/nutrident.fr\/es\/irrigadores-dentales\/\" target=\"_blank\" data-type=\"URL\" data-id=\"https:\/\/nutrident.fr\/es\/irrigadores-dentales\/\" rel=\"noreferrer noopener\">irrigador dental<\/a> tambi\u00e9n se recomienda para enjuagar la boca, as\u00ed como para masajear las enc\u00edas. Pide consejo a tu dentista sobre la elecci\u00f3n de un colutorio, pues algunos tienden a manchar los dientes si los usas con demasiada regularidad. El profesional podr\u00eda recomendarte un <strong>enjuague bucal<\/strong> que no contenga alcohol. Un <a href=\"https:\/\/nutrident.fr\/es\/enjuague-bucal-natural\/\" target=\"_blank\" data-type=\"URL\" data-id=\"https:\/\/nutrident.fr\/es\/enjuague-bucal-natural\/\" rel=\"noreferrer noopener\">enjuague bucal casero<\/a> tambi\u00e9n puede servir.<\/p>\n\n\n<div class=\"wp-block-image\">\n<figure class=\"alignright size-medium\"><img width=\"300\" height=\"168\" src=\"https:\/\/nutrident.fr\/wp-content\/uploads\/2019\/07\/blur-bristle-brush-298611-300x168.jpg\" alt=\"pasta de dientes en el cepillo de dientes\" class=\"wp-image-892\" srcset=\"https:\/\/nutrident.fr\/wp-content\/uploads\/2019\/07\/blur-bristle-brush-298611-300x168.jpg 300w, https:\/\/nutrident.fr\/wp-content\/uploads\/2019\/07\/blur-bristle-brush-298611-768x431.jpg 768w, https:\/\/nutrident.fr\/wp-content\/uploads\/2019\/07\/blur-bristle-brush-298611.jpg 850w\" sizes=\"(max-width: 300px) 100vw, 300px\" \/><figcaption>Una mujer embarazada debe seguir cepill\u00e1ndose los dientes al menos dos veces al d\u00eda<\/figcaption><\/figure><\/div>\n\n\n<h2><span class=\"ez-toc-section\" id=\"Cuidados_y_medicacion\"><\/span>Cuidados y medicaci\u00f3n<span class=\"ez-toc-section-end\"><\/span><\/h2>\n\n\n\n<p>Recuerda que debes <strong>informar a tu dentista si est\u00e1s embarazada<\/strong>. Inf\u00f3rmale tambi\u00e9n de cualquier medicamento que te haya recetado tu m\u00e9dico. Si tienes problemas dentales que pueden esperar hasta despu\u00e9s del nacimiento del beb\u00e9, te aconsejar\u00e1 que pospongas la intervenci\u00f3n. Si se trata de una infecci\u00f3n, el profesional te podr\u00e1 proporcionar todos los cuidados necesarios para detenerla.<\/p>\n\n\n\n<h3>Anestesia<\/h3>\n\n\n\n<p>El hecho de estar embarazada no significa que tengas que sufrir durante el tratamiento dental, sobre todo porque el estr\u00e9s generado nunca es bueno para el feto. La anestesia local es segura durante el embarazo y tu dentista la utilizar\u00e1 para tratar caries, <a href=\"https:\/\/nutrident.fr\/es\/absceso-dental\/\" target=\"_blank\" data-type=\"URL\" data-id=\"https:\/\/nutrident.fr\/es\/absceso-dental\/\" rel=\"noreferrer noopener\">abscesos<\/a> u otros procedimientos dolorosos.<\/p>\n\n\n\n<p><strong>No te<\/strong> <strong>automediques<\/strong>. Si necesitas tomar antiinflamatorios o antibi\u00f3ticos, tu dentista te recetar\u00e1 aquellos que sean seguros para el feto.<\/p>\n\n\n\n<h2><span class=\"ez-toc-section\" id=\"La_revision_previa_al_embarazo\"><\/span>La revisi\u00f3n previa al embarazo<span class=\"ez-toc-section-end\"><\/span><\/h2>\n\n\n\n<p>Si est\u00e1s planeando tu embarazo, es una buena idea hacerte una <strong><a href=\"https:\/\/nutrident.fr\/es\/acudir-al-dentista\/\" data-type=\"URL\" data-id=\"https:\/\/nutrident.fr\/es\/acudir-al-dentista\/\" target=\"_blank\" rel=\"noreferrer noopener\">revisi\u00f3n con tu dentista<\/a> <\/strong>antes de quedarte embarazada. Esta cita (que deber\u00edas hacer al menos una vez al a\u00f1o durante toda tu vida) es una oportunidad para hacer una exploraci\u00f3n y tratar cualquier problema antes de que este evolucione.<\/p>\n\n\n\n<p>Si necesitas alg\u00fan tratamiento, podr\u00e1s afrontarlo mejor antes del embarazo, cuando tu cuerpo a\u00fan no est\u00e1 completamente enfocado en crear una vida.<\/p>\n\n\n\n<p>Esta visita rutinaria es tambi\u00e9n una oportunidad para realizar una <strong>limpieza dental a fondo<\/strong>. El sarro que se adhiere a los dientes es una superficie porosa que proporciona un c\u00f3modo refugio a las bacterias y las protege del cepillo de dientes. Esta capa de sarro solo puede ser eliminada por un dentista, pero depende de ti mantener tus dientes limpios <a href=\"https:\/\/nutrident.fr\/es\/como-lavarse-los-dientes\/\" target=\"_blank\" data-type=\"URL\" data-id=\"https:\/\/nutrident.fr\/es\/como-lavarse-los-dientes\/\" rel=\"noreferrer noopener\">cepill\u00e1ndote regularmente<\/a> para evitar su formaci\u00f3n.<\/p>\n\n\n\n<h2><span class=\"ez-toc-section\" id=\"Las_consecuencias_directas_del_embarazo_en_los_dientes\"><\/span>Las consecuencias directas del embarazo en los dientes<span class=\"ez-toc-section-end\"><\/span><\/h2>\n\n\n\n<h3>Acidez excesiva<\/h3>\n\n\n\n<p>El embarazo supone un gran cambio en tu cuerpo y en todo el sistema bucal. Las consecuencias directas del embarazo sobre el estado de los dientes son la <a href=\"https:\/\/nutrident.fr\/es\/hipersalivacion\/\" target=\"_blank\" data-type=\"URL\" data-id=\"https:\/\/nutrident.fr\/es\/hipersalivacion\/\" rel=\"noreferrer noopener\">sobreabundancia de saliva<\/a> y la acidez. No es raro que <strong>durante el embarazo tu saliva cambie<\/strong>, tanto en calidad como en cantidad. Para empezar, puede tender a acidificarse, haciendo que el pH baje.<\/p>\n\n\n\n<p>El otro factor de la acidez proviene de las n\u00e1useas (mayores o menores), el reflujo \u00e1cido y los v\u00f3mitos. Todos estos fen\u00f3menos provocan el<strong> aumento de los jugos g\u00e1stricos<\/strong> \u00e1cidos, cuya finalidad es disolver los alimentos que se ingieren para que puedan ser absorbidos por el organismo. Pero al entrar en contacto con los dientes pueden <a href=\"https:\/\/nutrident.fr\/es\/erosion-dental\/\" target=\"_blank\" data-type=\"URL\" data-id=\"https:\/\/nutrident.fr\/es\/erosion-dental\/\" rel=\"noreferrer noopener\">erosionar el esmalte dental<\/a> y dejar tu dentadura m\u00e1s d\u00e9bil y susceptible a enfermedades dentales.<\/p>\n\n\n\n<p>Por lo tanto, es recomendable que te <strong>laves los dientes si experimentas reflujo y v\u00f3mitos <\/strong>durante el embarazo. No es necesario cepillarlos cada vez que esto te suceda, pero al menos enju\u00e1gate la boca.<\/p>\n\n\n\n<h3>Caries<\/h3>\n\n\n\n<p>La caries es uno de los problemas dentales m\u00e1s comunes. Una caries <strong>no es dolorosa en su etapa inicial<\/strong>, por lo que la revisi\u00f3n es crucial, ya que si esperas a que te duela, la estructura del diente ya estar\u00e1 bastante afectada.<\/p>\n\n\n\n<p>La caries es una infecci\u00f3n bacteriol\u00f3gica. Tu saliva se infectar\u00e1 y <strong>cada vez que tragues estar\u00e1s ingiriendo bacterias<\/strong> que pasar\u00e1n a tu cuerpo, sin respetar a tu beb\u00e9 en plena formaci\u00f3n.<\/p>\n\n\n<div class=\"wp-block-image\">\n<figure class=\"alignright size-medium\"><img width=\"300\" height=\"199\" src=\"https:\/\/nutrident.fr\/wp-content\/uploads\/2021\/01\/iStock-1201282612-1-300x199.jpg\" alt=\"caries dental\" class=\"wp-image-8363\" srcset=\"https:\/\/nutrident.fr\/wp-content\/uploads\/2021\/01\/iStock-1201282612-1-300x199.jpg 300w, https:\/\/nutrident.fr\/wp-content\/uploads\/2021\/01\/iStock-1201282612-1-1024x679.jpg 1024w, https:\/\/nutrident.fr\/wp-content\/uploads\/2021\/01\/iStock-1201282612-1-768x510.jpg 768w, https:\/\/nutrident.fr\/wp-content\/uploads\/2021\/01\/iStock-1201282612-1-1080x717.jpg 1080w, https:\/\/nutrident.fr\/wp-content\/uploads\/2021\/01\/iStock-1201282612-1-980x650.jpg 980w, https:\/\/nutrident.fr\/wp-content\/uploads\/2021\/01\/iStock-1201282612-1-480x318.jpg 480w, https:\/\/nutrident.fr\/wp-content\/uploads\/2021\/01\/iStock-1201282612-1.jpg 1257w\" sizes=\"(max-width: 300px) 100vw, 300px\" \/><figcaption>Los tentempi\u00e9s en exceso pueden provocar caries<\/figcaption><\/figure><\/div>\n\n\n<p>Si eres propensa al reflujo y a los v\u00f3mitos y si tu embarazo te hace picar constantemente, ya sabes que <strong>el riesgo de desarrollar caries aumenta<\/strong>. Por lo tanto, debes procurar enjuagarte la boca. Y si tienes alg\u00fan dolor dental, no esperes ni un minuto y pide a tu dentista una <a href=\"https:\/\/nutrident.fr\/es\/dentista-de-urgencias\/\" target=\"_blank\" rel=\"noreferrer noopener\">cita urgente<\/a>.<\/p>\n\n\n\n<h2><span class=\"ez-toc-section\" id=\"Consecuencias_indirectas_del_embarazo_en_los_dientes\"><\/span>Consecuencias indirectas del embarazo en los dientes<span class=\"ez-toc-section-end\"><\/span><\/h2>\n\n\n\n<p>Adem\u00e1s de los problemas de acidez, el embarazo <strong>debilita tus defensas naturales<\/strong> en general, y las de tu entorno bucal en particular, lo cual favorece la aparici\u00f3n de gingivitis y periodontitis.<\/p>\n\n\n\n<h3>Gingivitis<\/h3>\n\n\n\n<p>Un problema com\u00fan para las mujeres embarazadas es la <a href=\"https:\/\/nutrident.fr\/es\/gingivitis\/\" data-type=\"URL\" data-id=\"https:\/\/nutrident.fr\/es\/gingivitis\/\" target=\"_blank\" rel=\"noreferrer noopener\">gingivitis<\/a> o el sangrado de las enc\u00edas. Las enc\u00edas rodean los dientes y protegen sus ra\u00edces, pero tienen una densa red de vasos sangu\u00edneos que<strong> pueden sufrir los cambios hormonales provocados por el embarazo<\/strong>.<\/p>\n\n\n\n<p>A ello se le suma la acidez y la formaci\u00f3n de placa y sarro. Pero eso no es todo. Los niveles de progesterona y estr\u00f3geno aumentan durante el embarazo, lo cual da lugar a un aumento de la fluidez de la matriz del tejido gingival. Por otro lado, la progesterona tiene un efecto inmunosupresor que tambi\u00e9n <strong>favorece el crecimiento de varios g\u00e9rmenes<\/strong>.<\/p>\n\n\n\n<p>Estos factores hacen que las <a href=\"https:\/\/nutrident.fr\/es\/inflamacion-de-encias\/\" target=\"_blank\" rel=\"noreferrer noopener\">enc\u00edas se inflamen y se vuelvan rojas y dolorosas<\/a>. Tambi\u00e9n pueden sangrar cuando te cepillas o utilizas el hilo dental. Esto se llama gingivitis grav\u00eddica.<\/p>\n\n\n<div class=\"wp-block-image\">\n<figure class=\"alignright size-large is-resized\"><img src=\"https:\/\/nutrident.fr\/wp-content\/uploads\/2022\/10\/Gingivitis-en-el-embarazo-1024x572.jpg\" alt=\"Gingivitis en el embarazo\" class=\"wp-image-16195\" width=\"300\" height=\"200\"\/><\/figure><\/div>\n\n\n<p>Si notas estos s\u00edntomas, pide una cita de urgencia con el dentista. Nunca es buena idea dejar que las bacterias de la boca crezcan, ya que<strong> cualquier penetraci\u00f3n en el torrente sangu\u00edneo es perjudicial para el beb\u00e9<\/strong> en formaci\u00f3n. Adem\u00e1s, la gingivitis no tratada puede evolucionar hacia un fen\u00f3meno m\u00e1s grave, la periodontitis.<\/p>\n\n\n\n<h3>Periodontitis<\/h3>\n\n\n\n<p>Si no recibes tratamiento y la gingivitis se convierte en <a href=\"https:\/\/nutrident.fr\/es\/periodontitis\/\" target=\"_blank\" data-type=\"URL\" data-id=\"https:\/\/nutrident.fr\/es\/periodontitis\/\" rel=\"noreferrer noopener\">periodontitis<\/a>, puedes enfrentarse a consecuencias m\u00e1s graves. Corres el riesgo de desarrollar una <strong>presi\u00f3n arterial alta<\/strong> (preeclampsia), adem\u00e1s de todos los cambios que tu cuerpo ya est\u00e1 experimentando. Otra consecuencia de la periodontitis no tratada es el <a href=\"https:\/\/nutrident.fr\/es\/aflojamiento-de-los-dientes\/\" target=\"_blank\" data-type=\"URL\" data-id=\"https:\/\/nutrident.fr\/es\/aflojamiento-de-los-dientes\/\" rel=\"noreferrer noopener\">aflojamiento y la p\u00e9rdida de los dientes<\/a>.<\/p>\n\n\n\n<p>Adem\u00e1s, si las bacterias infectan la placenta, puedes entrar en un <strong>parto prematuro<\/strong> debido a un mensaje err\u00f3neo a las prostaglandinas, las hormonas que desencadenan el parto. El otro riesgo es dar a luz a un beb\u00e9 a t\u00e9rmino con un peso anormalmente bajo.<\/p>\n\n\n\n<h2><span class=\"ez-toc-section\" id=\"Conclusion\"><\/span>Conclusi\u00f3n<span class=\"ez-toc-section-end\"><\/span><\/h2>\n\n\n\n<p>No cabe duda de que <strong>el embarazo influye en el estado de tu salud dental<\/strong>, pero no tiene por qu\u00e9 llevar a consecuencias graves. Si te sometes a una revisi\u00f3n exhaustiva antes del embarazo y cuidas especialmente de tus dientes y enc\u00edas durante el mismo, mantendr\u00e1s tu hermosa sonrisa. Y no olvides que, si sientes alg\u00fan dolor oral, no puedes aplazar la cita con tu dentista, as\u00ed que ponte en contacto con \u00e9l lo m\u00e1s pronto posible.<\/p>\n\n\n\n<h2><span class=\"ez-toc-section\" id=\"Preguntas_frecuentes\"><\/span>Preguntas frecuentes<span class=\"ez-toc-section-end\"><\/span><\/h2>\n\n\n<div id=\"rank-math-faq\" class=\"rank-math-block\">\n<div class=\"rank-math-list \">\n<div id=\"faq-question-1657869481631\" class=\"rank-math-list-item\">\n<h3 class=\"rank-math-question \">\u00bfEs seguro acudir al dentista durante el embarazo?<\/h3>\n<div class=\"rank-math-answer \">\n\n<p>S\u00ed, las visitas al dentista son seguras. Lo que podr\u00eda acarrear problemas es justamente lo contrario, el no acudir al dentista. Todos los cuidados dentales habituales pueden prestarse durante el embarazo.<\/p>\n\n<\/div>\n<\/div>\n<div id=\"faq-question-1657869488462\" class=\"rank-math-list-item\">\n<h3 class=\"rank-math-question \">\u00bfPor qu\u00e9 debe ir una mujer embarazada al dentista?<\/h3>\n<div class=\"rank-math-answer \">\n\n<p>La salud dental se debilita durante los meses de embarazo. Las mujeres embarazadas sufren m\u00e1s f\u00e1cilmente de gingivitis o hipersensibilidad al calor y al fr\u00edo.<\/p>\n\n<\/div>\n<\/div>\n<div id=\"faq-question-1657869489856\" class=\"rank-math-list-item\">\n<h3 class=\"rank-math-question \">\u00bfC\u00f3mo evitar la p\u00e9rdida de dientes durante el embarazo?<\/h3>\n<div class=\"rank-math-answer \">\n\n<p>Manteniendo una buena higiene dental, lo cual se consigue con un correcto cepillado de los dientes, el uso del hilo dental y el raspado al menos una vez al a\u00f1o.<\/p>\n\n<\/div>\n<\/div>\n<div id=\"faq-question-1679059134562\" class=\"rank-math-list-item\">\n<h3 class=\"rank-math-question \">\u00bfPor qu\u00e9 duelen los dientes durante el embarazo?<\/h3>\n<div class=\"rank-math-answer \">\n\n<p>Las mujeres embarazadas son m\u00e1s susceptibles a la gingivitis debido a los cambios hormonales. Esta enfermedad puede causar incomodidad, dolor e incluso sangrado de las enc\u00edas.<\/p>\n\n<\/div>\n<\/div>\n<\/div>\n<\/div><div class=\"article-data before-content\"><div class=\"article-data__date\"><div class=\"article-data__date-modified\"><time class=\"published\" datetime=\"2022-10-14T11:33:19+00:00\">This article was originally published on&nbsp;<span class=\"2\">octubre 14, 2022<\/span>&nbsp;and was most recently updated on&nbsp;<span>junio 15, 2023<\/span><\/time><br><\/div><\/div><\/div><div class=\"user-info\">    <div class=\"user-info__body\">\r\n      <div class=\"user-info__caption\"><span>Contributors:<\/span><\/div>\r\n\t\t\t        <div class=\"user-info__wrap \">\r\n          <div class=\"user-info__data\">\r\n            <div class=\"user-info__data__info\">\r\n              <div class=\"photo\">\r\n\t\t\t\t\t\t\t\t<img width=\"66\" height=\"61\" src=\"https:\/\/nutrident.fr\/wp-content\/uploads\/2023\/06\/unnamed-66x61.jpg\" class=\"attachment-profileImageAuthor size-profileImageAuthor wp-post-image\" alt=\"Dr Abel Jes\u00fas Pederzoli\" loading=\"lazy\" srcset=\"https:\/\/nutrident.fr\/wp-content\/uploads\/2023\/06\/unnamed-66x61.jpg 66w, https:\/\/nutrident.fr\/wp-content\/uploads\/2023\/06\/unnamed-300x279.jpg 300w, https:\/\/nutrident.fr\/wp-content\/uploads\/2023\/06\/unnamed-1024x952.jpg 1024w, https:\/\/nutrident.fr\/wp-content\/uploads\/2023\/06\/unnamed-768x714.jpg 768w, https:\/\/nutrident.fr\/wp-content\/uploads\/2023\/06\/unnamed-204x190.jpg 204w, https:\/\/nutrident.fr\/wp-content\/uploads\/2023\/06\/unnamed-120x112.jpg 120w, https:\/\/nutrident.fr\/wp-content\/uploads\/2023\/06\/unnamed.jpg 1125w\" sizes=\"(max-width: 66px) 100vw, 66px\" \/>              <\/div>\r\n              <a href=\"https:\/\/nutrident.fr\/es\/author\/dr-abel-jesus-pederzoli\/\" class=\"name\">Dr Abel Jes\u00fas Pederzoli<\/a>\r\n            <\/div>\r\n            <div class=\"user-info__data__social\">\r\n\t\t\t\t\t\t\t\t\t\t\t\t\t\t\t\t\t\t\t\t\t          <a href=\"https:\/\/clinicaleixample.es\/\"\r\n             class=\"soc-item website\">website<\/a>\r\n\t\t\t\t          <a href=\"http:\/\/linkedin.com\/in\/abel-jes%C3%BAs-pederzoli\"\r\n             class=\"soc-item linkedin\">linkedin<\/a>\r\n\t\t\t\t            <\/div>\r\n          <\/div>\r\n          <div class=\"user-info__description\">\r\n\t\t\t\t\t\t\t\t\t\t\t\t\t<p>Con t\u00edtulos obtenidos en la Facultad de Odontolog\u00eda de la Universidad Nacional de La Plata y una participaci\u00f3n activa en congresos y jornadas, el Dr. Pederzoli se mantiene actualizado en las \u00faltimas t\u00e9cnicas y avances en odontolog\u00eda. Actualmente se encuentra desarrollando un proyecto de consultor\u00eda tecnol\u00f3gica aplicada a cl\u00ednicas dentales.<\/p>\n\t\t\t\t\t\t          <\/div>\r\n        <\/div>\r\n\t\t\t\t    <\/div>\r\n\t<\/div><!--copyscapeskip--><div class=\"medical_references\"><div class=\"medical_references__heading\"><span>Fuentes M\u00e9dicas<\/span><\/div><div class=\"medical_references__list\"><p><strong>Passeportsante.net:<\/strong> <a href=\"https:\/\/www.passeportsante.net\/fr\/Maux\/Symptomes\/Fiche.aspx?doc=salivation-excessive-symptome\" target=\"_blank\" rel=\"noopener\">Salivation excessive : qu'est-ce que l'hypersalivation?<\/a> Consultado el 14 de octubre de 2022.<\/p>\n<p><strong>Healthychildren.org:<\/strong> <a href=\"https:\/\/www.healthychildren.org\/Spanish\/ages-stages\/prenatal\/Paginas\/Pregnancy-and-Oral-Health-Truth-or-Fiction.aspx\" target=\"_blank\" rel=\"noopener\">El embarazo y la salud de los dientes: \u00bfmito o realidad?<\/a> Consultado el 17 de marzo de 2023.<\/p>\n<\/div><\/div><!--\/copyscapeskip-->","protected":false},"excerpt":{"rendered":"<p>Contributor:&nbsp; Dr Abel Jes\u00fas Pederzoli Updated:&nbsp;junio 15, 2023 El embarazo influye en todo el cuerpo y los dientes y enc\u00edas no son la excepci\u00f3n. Durante esta etapa, el cuerpo experimenta cambios hormonales que pueden aumentar el riesgo de sufrir caries y enfermedades periodontales. Los v\u00f3mitos causados por las n\u00e1useas matinales tambi\u00e9n pueden afectar negativamente los [&hellip;]<\/p>\n","protected":false},"author":10,"featured_media":16157,"parent":0,"menu_order":0,"comment_status":"open","ping_status":"open","template":"","meta":{"inline_featured_image":false},"acf":[],"_links":{"self":[{"href":"https:\/\/nutrident.fr\/es\/wp-json\/wp\/v2\/pages\/16156"}],"collection":[{"href":"https:\/\/nutrident.fr\/es\/wp-json\/wp\/v2\/pages"}],"about":[{"href":"https:\/\/nutrident.fr\/es\/wp-json\/wp\/v2\/types\/page"}],"author":[{"embeddable":true,"href":"https:\/\/nutrident.fr\/es\/wp-json\/wp\/v2\/users\/10"}],"replies":[{"embeddable":true,"href":"https:\/\/nutrident.fr\/es\/wp-json\/wp\/v2\/comments?post=16156"}],"version-history":[{"count":44,"href":"https:\/\/nutrident.fr\/es\/wp-json\/wp\/v2\/pages\/16156\/revisions"}],"predecessor-version":[{"id":21804,"href":"https:\/\/nutrident.fr\/es\/wp-json\/wp\/v2\/pages\/16156\/revisions\/21804"}],"wp:featuredmedia":[{"embeddable":true,"href":"https:\/\/nutrident.fr\/es\/wp-json\/wp\/v2\/media\/16157"}],"wp:attachment":[{"href":"https:\/\/nutrident.fr\/es\/wp-json\/wp\/v2\/media?parent=16156"}],"curies":[{"name":"wp","href":"https:\/\/api.w.org\/{rel}","templated":true}]}}