

{"id":16213,"date":"2022-10-15T12:36:00","date_gmt":"2022-10-15T12:36:00","guid":{"rendered":"https:\/\/nutrident.fr\/?page_id=16213"},"modified":"2023-06-13T10:04:19","modified_gmt":"2023-06-13T10:04:19","slug":"ageusia","status":"publish","type":"page","link":"https:\/\/nutrident.fr\/es\/ageusia\/","title":{"rendered":"Descubrir la ageusia o p\u00e9rdida del gusto patol\u00f3gica"},"content":{"rendered":"<div class=\"meta\"><div class=\"meta__users\">    <div class=\"meta__users__reviewed\">\r\n      <p class=\"meta__users__caption\">Contributor:&nbsp;<\/p>\r\n      <div class=\"users\">\r\n        <span class=\"users__user\">\r\n          <a href=\"#\">Dr Abel Jes\u00fas Pederzoli<\/a>\r\n        <\/span>\r\n      <\/div>\r\n    <\/div>\r\n\t<\/div><div class=\"meta__date-modified\">Updated:&nbsp;<span>junio 13, 2023<\/span><\/div><\/div><div class=\"wp-block-image\">\n<figure class=\"alignright size-medium\"><img width=\"300\" height=\"200\" src=\"https:\/\/nutrident.fr\/wp-content\/uploads\/2022\/06\/Depositphotos_515448224_S-300x200.jpg\" alt=\"ageusia\" class=\"wp-image-13067\" srcset=\"https:\/\/nutrident.fr\/wp-content\/uploads\/2022\/06\/Depositphotos_515448224_S-300x200.jpg 300w, https:\/\/nutrident.fr\/wp-content\/uploads\/2022\/06\/Depositphotos_515448224_S-768x512.jpg 768w, https:\/\/nutrident.fr\/wp-content\/uploads\/2022\/06\/Depositphotos_515448224_S-254x169.jpg 254w, https:\/\/nutrident.fr\/wp-content\/uploads\/2022\/06\/Depositphotos_515448224_S.jpg 1000w\" sizes=\"(max-width: 300px) 100vw, 300px\" \/><figcaption>\u00bfC\u00f3mo se puede explicar la p\u00e9rdida repentina del gusto?<\/figcaption><\/figure><\/div>\n\n\n<p><strong>El t\u00e9rmino &#8216;ageusia' se forma a partir de la ra\u00edz griega &#8216;ge\u0169sis', sabor, y el prefijo a-, que indica privaci\u00f3n.  <\/strong>Esto significa que una persona con ageusia ha perdido el sentido del gusto.  <\/p>\n\n\n\n<p>Para los fans del cine franc\u00e9s, esta es la enfermedad que padece el personaje interpretado por el actor Louis de Funes en la pel\u00edcula \u00abMuslo o pechuga\u00bb de 1976. <a href=\"https:\/\/nutrident.fr\/es\/\">Nutrident<\/a> te explica de d\u00f3nde viene la ageusia y cu\u00e1les son sus consecuencias.<\/p>\n\n\n\n<div id=\"ez-toc-container\" class=\"ez-toc-v2_0_33_2 counter-hierarchy ez-toc-counter ez-toc-white ez-toc-container-direction\">\n<div class=\"ez-toc-title-container\">\n<p class=\"ez-toc-title\">Contenus<\/p>\n<span class=\"ez-toc-title-toggle\"><a href=\"#\" class=\"ez-toc-pull-right ez-toc-btn ez-toc-btn-xs ez-toc-btn-default ez-toc-toggle\" style=\"display: none;\"><label for=\"item\" aria-label=\"Tabla de contenidos\"><i class=\"ez-toc-glyphicon ez-toc-icon-toggle\"><\/i><\/label><input type=\"checkbox\" id=\"item\"><\/a><\/span><\/div>\n<nav><ul class='ez-toc-list ez-toc-list-level-1'><li class='ez-toc-page-1 ez-toc-heading-level-2'><a class=\"ez-toc-link ez-toc-heading-1\" href=\"https:\/\/nutrident.fr\/es\/ageusia\/#%C2%BFQue_es_la_ageusia\" title=\"\u00bfQu\u00e9 es la ageusia?\">\u00bfQu\u00e9 es la ageusia?<\/a><\/li><li class='ez-toc-page-1 ez-toc-heading-level-2'><a class=\"ez-toc-link ez-toc-heading-2\" href=\"https:\/\/nutrident.fr\/es\/ageusia\/#%C2%BFCuales_son_las_consecuencias_de_la_ageusia\" title=\"\u00bfCu\u00e1les son las consecuencias de la ageusia?\">\u00bfCu\u00e1les son las consecuencias de la ageusia?<\/a><\/li><li class='ez-toc-page-1 ez-toc-heading-level-2'><a class=\"ez-toc-link ez-toc-heading-3\" href=\"https:\/\/nutrident.fr\/es\/ageusia\/#Causas_de_la_ageusia\" title=\"Causas de la ageusia\">Causas de la ageusia<\/a><\/li><li class='ez-toc-page-1 ez-toc-heading-level-2'><a class=\"ez-toc-link ez-toc-heading-4\" href=\"https:\/\/nutrident.fr\/es\/ageusia\/#%C2%BFQue_hacer_en_caso_de_ageusia\" title=\"\u00bfQu\u00e9 hacer en caso de ageusia?\">\u00bfQu\u00e9 hacer en caso de ageusia?<\/a><\/li><\/ul><\/nav><\/div>\n<h2><span class=\"ez-toc-section\" id=\"%C2%BFQue_es_la_ageusia\"><\/span>\u00bfQu\u00e9 es la ageusia?<span class=\"ez-toc-section-end\"><\/span><\/h2>\n\n\n\n<p>Nuestra lengua tiene unos sensores llamados <strong>papilas gustativas<\/strong> que act\u00faan como quimiorreceptores y analizan nuestros alimentos. Estas papilas gustativas nos permiten disfrutar de la comida y tambi\u00e9n sirven para saber qu\u00e9 es comestible o, por el contrario, es venenoso. Las papilas gustativas utilizan los nervios para transmitir la informaci\u00f3n al cerebro.<\/p>\n\n\n\n<p>Cada parte de la lengua tiene su propia especificidad. La parte inferior de la <strong>boca reacciona al amargor<\/strong>, los lados a la salinidad y la acidez, y la punta de la lengua es m\u00e1s sensible al dulzor.<\/p>\n\n\n\n<p><strong>Cuando las papilas gustativas dejan de funcionar, se llama ageusia.<\/strong><\/p>\n\n\n\n<figure class=\"wp-block-embed is-type-video is-provider-youtube wp-block-embed-youtube wp-embed-aspect-16-9 wp-has-aspect-ratio\"><div class=\"wp-block-embed__wrapper\">\n<iframe title=\"AGEUSIA - CAUSAS Y TRATAMIENTO\" width=\"500\" height=\"281\" src=\"https:\/\/www.youtube.com\/embed\/1JLKCnkXQTc?feature=oembed\" frameborder=\"0\" allow=\"accelerometer; autoplay; clipboard-write; encrypted-media; gyroscope; picture-in-picture\" allowfullscreen><\/iframe>\n<\/div><\/figure>\n\n\n\n<h2><span class=\"ez-toc-section\" id=\"%C2%BFCuales_son_las_consecuencias_de_la_ageusia\"><\/span>\u00bfCu\u00e1les son las consecuencias de la ageusia?<span class=\"ez-toc-section-end\"><\/span><\/h2>\n\n\n\n<p>La ageusia puede ser parcial o total, temporal o permanente. El malestar de la ageusia radica en que la p\u00e9rdida del gusto crea frustraci\u00f3n, pues ya no se encuentra placer al comer. Esto puede conducir a <strong>trastornos alimentarios<\/strong>, como la bulimia o la anorexia.<\/p>\n\n\n\n<h2><span class=\"ez-toc-section\" id=\"Causas_de_la_ageusia\"><\/span>Causas de la ageusia<span class=\"ez-toc-section-end\"><\/span><\/h2>\n\n\n\n<p>Hay muchas causas de <strong>ageusia <\/strong>. La herencia no es neutra, es decir, que aunque \u00abtener paladar\u00bb es algo que se trabaja, se tienen o no predisposiciones innatas.<\/p>\n\n\n\n<p>Cualquier accidente, lesi\u00f3n o quemadura puede provocar ageusia. Si sufres una<strong> par\u00e1lisis facial<\/strong>, te quemas la lengua o te envenenas con productos t\u00f3xicos, la lengua pierde sus facultades, temporal o permanentemente, seg\u00fan la gravedad del accidente.<\/p>\n\n\n<div class=\"wp-block-image\">\n<figure class=\"alignright size-medium\"><img width=\"300\" height=\"200\" src=\"https:\/\/nutrident.fr\/wp-content\/uploads\/2022\/06\/Depositphotos_142807551_S-300x200.jpg\" alt=\"causas de la ageusia\" class=\"wp-image-13071\" srcset=\"https:\/\/nutrident.fr\/wp-content\/uploads\/2022\/06\/Depositphotos_142807551_S-300x200.jpg 300w, https:\/\/nutrident.fr\/wp-content\/uploads\/2022\/06\/Depositphotos_142807551_S-768x513.jpg 768w, https:\/\/nutrident.fr\/wp-content\/uploads\/2022\/06\/Depositphotos_142807551_S-254x170.jpg 254w, https:\/\/nutrident.fr\/wp-content\/uploads\/2022\/06\/Depositphotos_142807551_S.jpg 999w\" sizes=\"(max-width: 300px) 100vw, 300px\" \/><figcaption>Fumar es una de las causas de la ageusia<\/figcaption><\/figure><\/div>\n\n\n<p>Dado que todo el sistema ORL est\u00e1 vinculado, cuando se tiene una <strong>enfermedad de las v\u00edas respiratorias<\/strong>, el gusto est\u00e1 limitado.<\/p>\n\n\n\n<p>Todas las patolog\u00edas relacionadas con la boca influyen negativamente en tu sentido del gusto: <strong>problemas dentales<\/strong>, enfermedades hormonales y degenerativas, s\u00edndrome de Gougerot-Sj\u00f6gren, tumores, boca seca <a href=\"https:\/\/nutrident.fr\/es\/boca-seca\/\">(xerostom\u00eda<\/a>), reflujo gastroesof\u00e1gico, etc.<\/p>\n\n\n\n<p>Algunos medicamentos y <strong>tratamientos m\u00e9dicos<\/strong> tambi\u00e9n son responsables de la ageusia. Fumar es un factor agravante.<\/p>\n\n\n\n<p>Por \u00faltimo, el tiempo no ayuda, a medida que se envejece, las papilas gustativas se embotan.<\/p>\n\n\n\n<h2><span class=\"ez-toc-section\" id=\"%C2%BFQue_hacer_en_caso_de_ageusia\"><\/span>\u00bfQu\u00e9 hacer en caso de ageusia?<span class=\"ez-toc-section-end\"><\/span><\/h2>\n\n\n\n<p>Debes <a href=\"https:\/\/nutrident.fr\/es\/dentista-de-urgencias\/\">ponerte en contacto con tu dentista<\/a>. Si este no detecta ninguna disfunci\u00f3n evidente, te remitir\u00e1 a tu m\u00e9dico.<\/p>\n\n\n\n<p>Es posible realizar pruebas para medir el funcionamiento de las <strong>papilas<\/strong>, utilizando productos qu\u00edmicos, electricidad o tomando una biopsia.<\/p>\n\n\n\n<p>En funci\u00f3n de los resultados, tu m\u00e9dico sabr\u00e1 si se trata de un problema de percepci\u00f3n por parte de las papilas gustativas o de transmisi\u00f3n al cerebro. A continuaci\u00f3n, te prescribir\u00e1 el tratamiento adecuado.<\/p>\n<div class=\"article-data before-content\"><div class=\"article-data__date\"><div class=\"article-data__date-modified\"><time class=\"published\" datetime=\"2022-10-15T12:36:00+00:00\">This article was originally published on&nbsp;<span class=\"2\">octubre 15, 2022<\/span>&nbsp;and was most recently updated on&nbsp;<span>junio 13, 2023<\/span><\/time><br><\/div><\/div><\/div><div class=\"user-info\">    <div class=\"user-info__body\">\r\n      <div class=\"user-info__caption\"><span>Contributors:<\/span><\/div>\r\n\t\t\t        <div class=\"user-info__wrap \">\r\n          <div class=\"user-info__data\">\r\n            <div class=\"user-info__data__info\">\r\n              <div class=\"photo\">\r\n\t\t\t\t\t\t\t\t<img width=\"66\" height=\"61\" src=\"https:\/\/nutrident.fr\/wp-content\/uploads\/2023\/06\/unnamed-66x61.jpg\" class=\"attachment-profileImageAuthor size-profileImageAuthor wp-post-image\" alt=\"Dr Abel Jes\u00fas Pederzoli\" loading=\"lazy\" srcset=\"https:\/\/nutrident.fr\/wp-content\/uploads\/2023\/06\/unnamed-66x61.jpg 66w, https:\/\/nutrident.fr\/wp-content\/uploads\/2023\/06\/unnamed-300x279.jpg 300w, https:\/\/nutrident.fr\/wp-content\/uploads\/2023\/06\/unnamed-1024x952.jpg 1024w, https:\/\/nutrident.fr\/wp-content\/uploads\/2023\/06\/unnamed-768x714.jpg 768w, https:\/\/nutrident.fr\/wp-content\/uploads\/2023\/06\/unnamed-204x190.jpg 204w, https:\/\/nutrident.fr\/wp-content\/uploads\/2023\/06\/unnamed-120x112.jpg 120w, https:\/\/nutrident.fr\/wp-content\/uploads\/2023\/06\/unnamed.jpg 1125w\" sizes=\"(max-width: 66px) 100vw, 66px\" \/>              <\/div>\r\n              <a href=\"https:\/\/nutrident.fr\/es\/author\/dr-abel-jesus-pederzoli\/\" class=\"name\">Dr Abel Jes\u00fas Pederzoli<\/a>\r\n            <\/div>\r\n            <div class=\"user-info__data__social\">\r\n\t\t\t\t\t\t\t\t\t\t\t\t\t\t\t\t\t\t\t\t\t          <a href=\"https:\/\/clinicaleixample.es\/\"\r\n             class=\"soc-item website\">website<\/a>\r\n\t\t\t\t          <a href=\"http:\/\/linkedin.com\/in\/abel-jes%C3%BAs-pederzoli\"\r\n             class=\"soc-item linkedin\">linkedin<\/a>\r\n\t\t\t\t            <\/div>\r\n          <\/div>\r\n          <div class=\"user-info__description\">\r\n\t\t\t\t\t\t\t\t\t\t\t\t\t<p>Con t\u00edtulos obtenidos en la Facultad de Odontolog\u00eda de la Universidad Nacional de La Plata y una participaci\u00f3n activa en congresos y jornadas, el Dr. Pederzoli se mantiene actualizado en las \u00faltimas t\u00e9cnicas y avances en odontolog\u00eda. Actualmente se encuentra desarrollando un proyecto de consultor\u00eda tecnol\u00f3gica aplicada a cl\u00ednicas dentales.<\/p>\n\t\t\t\t\t\t          <\/div>\r\n        <\/div>\r\n\t\t\t\t    <\/div>\r\n\t<\/div><!--copyscapeskip--><div class=\"medical_references\"><div class=\"medical_references__heading\"><span>Fuentes M\u00e9dicas<\/span><\/div><div class=\"medical_references__list\"><p>Revista de la Facultad de Medicina de la UNAM (M\u00e9xico): <a href=\"https:\/\/www.medigraphic.com\/pdfs\/facmed\/un-2021\/un212b.pdf\" target=\"_blank\" rel=\"noopener\">Trastornos del olfato y el gusto, de las bases a la pr\u00e1ctica cl\u00ednica<\/a>. Consultado el 14 de octubre de 2022.<\/p>\n<\/div><\/div><!--\/copyscapeskip-->","protected":false},"excerpt":{"rendered":"<p>Contributor:&nbsp; Dr Abel Jes\u00fas Pederzoli Updated:&nbsp;junio 13, 2023 El t\u00e9rmino &#8216;ageusia&#8217; se forma a partir de la ra\u00edz griega &#8216;ge\u0169sis&#8217;, sabor, y el prefijo a-, que indica privaci\u00f3n. Esto significa que una persona con ageusia ha perdido el sentido del gusto. Para los fans del cine franc\u00e9s, esta es la enfermedad que padece el personaje [&hellip;]<\/p>\n","protected":false},"author":10,"featured_media":16214,"parent":0,"menu_order":0,"comment_status":"open","ping_status":"open","template":"","meta":{"inline_featured_image":false},"acf":[],"_links":{"self":[{"href":"https:\/\/nutrident.fr\/es\/wp-json\/wp\/v2\/pages\/16213"}],"collection":[{"href":"https:\/\/nutrident.fr\/es\/wp-json\/wp\/v2\/pages"}],"about":[{"href":"https:\/\/nutrident.fr\/es\/wp-json\/wp\/v2\/types\/page"}],"author":[{"embeddable":true,"href":"https:\/\/nutrident.fr\/es\/wp-json\/wp\/v2\/users\/10"}],"replies":[{"embeddable":true,"href":"https:\/\/nutrident.fr\/es\/wp-json\/wp\/v2\/comments?post=16213"}],"version-history":[{"count":13,"href":"https:\/\/nutrident.fr\/es\/wp-json\/wp\/v2\/pages\/16213\/revisions"}],"predecessor-version":[{"id":21746,"href":"https:\/\/nutrident.fr\/es\/wp-json\/wp\/v2\/pages\/16213\/revisions\/21746"}],"wp:featuredmedia":[{"embeddable":true,"href":"https:\/\/nutrident.fr\/es\/wp-json\/wp\/v2\/media\/16214"}],"wp:attachment":[{"href":"https:\/\/nutrident.fr\/es\/wp-json\/wp\/v2\/media?parent=16213"}],"curies":[{"name":"wp","href":"https:\/\/api.w.org\/{rel}","templated":true}]}}