

{"id":16341,"date":"2022-10-27T16:58:15","date_gmt":"2022-10-27T16:58:15","guid":{"rendered":"https:\/\/nutrident.fr\/?page_id=16341"},"modified":"2023-06-15T23:17:02","modified_gmt":"2023-06-15T23:17:02","slug":"limpieza-dental","status":"publish","type":"page","link":"https:\/\/nutrident.fr\/es\/limpieza-dental\/","title":{"rendered":"Limpieza dental: todos los m\u00e9todos para combatir el sarro"},"content":{"rendered":"<div class=\"meta\"><div class=\"meta__users\">    <div class=\"meta__users__reviewed\">\r\n      <p class=\"meta__users__caption\">Contributor:&nbsp;<\/p>\r\n      <div class=\"users\">\r\n        <span class=\"users__user\">\r\n          <a href=\"#\">Dr Abel Jes\u00fas Pederzoli<\/a>\r\n        <\/span>\r\n      <\/div>\r\n    <\/div>\r\n\t<\/div><div class=\"meta__date-modified\">Updated:&nbsp;<span>junio 15, 2023<\/span><\/div><\/div><div class=\"wp-block-image\">\n<figure class=\"alignright size-medium\"><img width=\"300\" height=\"201\" src=\"https:\/\/nutrident.fr\/wp-content\/uploads\/2022\/07\/dents-et-plaque-e1408368101565-300x201.jpg\" alt=\"sarro\" class=\"wp-image-14160\" srcset=\"https:\/\/nutrident.fr\/wp-content\/uploads\/2022\/07\/dents-et-plaque-e1408368101565-300x201.jpg 300w, https:\/\/nutrident.fr\/wp-content\/uploads\/2022\/07\/dents-et-plaque-e1408368101565-254x170.jpg 254w, https:\/\/nutrident.fr\/wp-content\/uploads\/2022\/07\/dents-et-plaque-e1408368101565.jpg 600w\" sizes=\"(max-width: 300px) 100vw, 300px\" \/><figcaption>Hay muchas formas de combatir el sarro<\/figcaption><\/figure><\/div>\n\n\n<p><strong>El az\u00facar y el sarro son enemigos implacables de tus dientes.<\/strong> A pesar de cepillarlos con dedicaci\u00f3n, el sarro logra afianzarse en el esmalte dental y propagarse por la superficie de los dientes. Para luchar contra este problema diariamente, <a href=\"https:\/\/nutrident.fr\/es\/\" data-type=\"URL\" data-id=\"https:\/\/nutrident.fr\/es\/\" target=\"_blank\" rel=\"noreferrer noopener\">Nutrident<\/a> te brinda todos los consejos necesarios para la limpieza dental.<\/p>\n\n\n\n<div id=\"ez-toc-container\" class=\"ez-toc-v2_0_33_2 counter-hierarchy ez-toc-counter ez-toc-white ez-toc-container-direction\">\n<div class=\"ez-toc-title-container\">\n<p class=\"ez-toc-title\">Contenus<\/p>\n<span class=\"ez-toc-title-toggle\"><a href=\"#\" class=\"ez-toc-pull-right ez-toc-btn ez-toc-btn-xs ez-toc-btn-default ez-toc-toggle\" style=\"display: none;\"><label for=\"item\" aria-label=\"Tabla de contenidos\"><i class=\"ez-toc-glyphicon ez-toc-icon-toggle\"><\/i><\/label><input type=\"checkbox\" id=\"item\"><\/a><\/span><\/div>\n<nav><ul class='ez-toc-list ez-toc-list-level-1'><li class='ez-toc-page-1 ez-toc-heading-level-2'><a class=\"ez-toc-link ez-toc-heading-1\" href=\"https:\/\/nutrident.fr\/es\/limpieza-dental\/#Metodos_clasicos_de_limpieza_dental\" title=\"M\u00e9todos cl\u00e1sicos de limpieza dental\">M\u00e9todos cl\u00e1sicos de limpieza dental<\/a><\/li><li class='ez-toc-page-1 ez-toc-heading-level-2'><a class=\"ez-toc-link ez-toc-heading-2\" href=\"https:\/\/nutrident.fr\/es\/limpieza-dental\/#Metodos_naturales\" title=\"M\u00e9todos naturales\">M\u00e9todos naturales<\/a><\/li><li class='ez-toc-page-1 ez-toc-heading-level-2'><a class=\"ez-toc-link ez-toc-heading-3\" href=\"https:\/\/nutrident.fr\/es\/limpieza-dental\/#Visitar_al_dentista_una_o_dos_veces_al_ano\" title=\"Visitar al dentista una o dos veces al a\u00f1o\">Visitar al dentista una o dos veces al a\u00f1o<\/a><\/li><li class='ez-toc-page-1 ez-toc-heading-level-2'><a class=\"ez-toc-link ez-toc-heading-4\" href=\"https:\/\/nutrident.fr\/es\/limpieza-dental\/#Conclusion\" title=\"Conclusi\u00f3n\">Conclusi\u00f3n<\/a><\/li><li class='ez-toc-page-1 ez-toc-heading-level-2'><a class=\"ez-toc-link ez-toc-heading-5\" href=\"https:\/\/nutrident.fr\/es\/limpieza-dental\/#Preguntas_frecuentes\" title=\"Preguntas frecuentes\">Preguntas frecuentes<\/a><\/li><\/ul><\/nav><\/div>\n<h2><span class=\"ez-toc-section\" id=\"Metodos_clasicos_de_limpieza_dental\"><\/span>M\u00e9todos cl\u00e1sicos de limpieza dental<span class=\"ez-toc-section-end\"><\/span><\/h2>\n\n\n\n<h3>Cepillado cuidadoso y regular de los dientes<\/h3>\n\n\n\n<p>El consejo n\u00famero uno es <a href=\"https:\/\/nutrident.fr\/es\/cepillarse-correctamente-los-dientes\/\" target=\"_blank\" data-type=\"URL\" data-id=\"https:\/\/nutrident.fr\/es\/cepillarse-correctamente-los-dientes\/\" rel=\"noreferrer noopener\">cepillarse bien los dientes<\/a> <strong>despu\u00e9s de cada comida<\/strong>. La deposici\u00f3n de sarro es el resultado de la calcificaci\u00f3n de la placa dental, que est\u00e1 compuesta por saliva y restos de comida. Por lo tanto, es necesario erradicar esta placa antes de que se solidifique.<\/p>\n\n\n\n<h4>\u00bfQu\u00e9 cepillo de dientes utilizar contra el sarro?<\/h4>\n\n\n\n<p>No se puede subestimar el aporte del <a href=\"https:\/\/nutrident.fr\/es\/cepillo-de-dientes-electrico-o-manual\/\" target=\"_blank\" data-type=\"URL\" data-id=\"https:\/\/nutrident.fr\/es\/cepillo-de-dientes-electrico-o-manual\/\" rel=\"noreferrer noopener\">cepillo de dientes el\u00e9ctrico<\/a>. Este tipo de cepillo puede llegar a lugares de dif\u00edcil acceso para la mano y su acci\u00f3n de movimiento sigue siendo efectiva en cualquier posici\u00f3n.<\/p>\n\n\n\n<p>Utiliza siempre un <strong>cepillo de dientes con cerdas suaves<\/strong> o medias, pero nunca duras. Las cerdas demasiado r\u00edgidas no limpian mejor y pueden da\u00f1ar las enc\u00edas. Tambi\u00e9n debes tener mucho cuidado de no golpear la <strong>enc\u00eda<\/strong> si tiras del cepillo hacia arriba desde la punta del diente. Si la tocas, acabar\u00e1 <a href=\"https:\/\/nutrident.fr\/es\/aflojamiento-de-los-dientes\/\" target=\"_blank\" data-type=\"URL\" data-id=\"https:\/\/nutrident.fr\/es\/aflojamiento-de-los-dientes\/\" rel=\"noreferrer noopener\">encogi\u00e9ndose<\/a> y dejando al descubierto la dentina, que es mucho m\u00e1s susceptible al sarro y a las bacterias.<\/p>\n\n\n\n<h4>Hilo dental y cepillos interdentales<\/h4>\n\n\n\n<p>Utiliza siempre el <a href=\"https:\/\/nutrident.fr\/es\/hilo-dental\/\" target=\"_blank\" data-type=\"URL\" data-id=\"https:\/\/nutrident.fr\/es\/hilo-dental\/\" rel=\"noreferrer noopener\">hilo dental<\/a>, sobre todo si tus dientes est\u00e1n muy juntos y los restos de comida se quedan atascados. Tambi\u00e9n existen <a href=\"https:\/\/nutrident.fr\/es\/cepillo-interdental\/\">cepillos interdentales<\/a> que te permiten optimizar a\u00fan m\u00e1s la limpieza a fondo de tu boca.<\/p>\n\n\n\n<h3>Pasta de dientes<\/h3>\n\n\n\n<h4>Pasta de dientes con fl\u00faor  <\/h4>\n\n\n\n<p>El fl\u00faor ayuda a los dientes a regenerarse tras los ataques de las bacterias, pero tambi\u00e9n de la acidez de los alimentos y las bebidas.<\/p>\n\n\n\n<h4>Pasta de dientes antisarro <\/h4>\n\n\n\n<p>Si usas un <a href=\"https:\/\/nutrident.fr\/es\/elegir-la-mejor-pasta-de-dientes\/\" target=\"_blank\" data-type=\"URL\" data-id=\"https:\/\/nutrident.fr\/es\/elegir-la-mejor-pasta-de-dientes\/\" rel=\"noreferrer noopener\">dent\u00edfrico<\/a> antisarro, elige uno de calidad que no da\u00f1e el esmalte de tus dientes. En cualquier caso, no hay que abusar de \u00e9l ni utilizarlo todos los d\u00edas.<\/p>\n\n\n\n<h3>Enjuague bucal<\/h3>\n\n\n\n<p>La elecci\u00f3n del enjuague bucal depende de tus necesidades y objetivos espec\u00edficos. Si tu objetivo es prevenir la acumulaci\u00f3n de placa y mantener un aliento fresco, un enjuague bucal con<strong> agentes antimicrobianos como la clorhexidina<\/strong> puede ser una buena opci\u00f3n. Es importante leer las etiquetas y seguir las recomendaciones de tu dentista para elegir el mejor enjuague bucal para tus necesidades espec\u00edficas.<\/p>\n\n\n\n<h3>Dispositivos antisarro<\/h3>\n\n\n\n<p>El <a href=\"https:\/\/nutrident.fr\/es\/irrigadores-dentales\/\" target=\"_blank\" data-type=\"URL\" data-id=\"https:\/\/nutrident.fr\/es\/irrigadores-dentales\/\" rel=\"noreferrer noopener\">irrigador dental<\/a> es muy eficaz para eliminar los restos de comida atrapados en las esquinas o entre los dientes, as\u00ed como la capa de placa dental que se forma con la saliva.<\/p>\n\n\n\n<p>Aseg\u00farate de elegir un aparato profesional y potente, como el irrigador <strong>Waterpik WP-660EU White Ultra Professional<\/strong>. Si eliges un chorro dental de gama baja, su presi\u00f3n ser\u00e1 insuficiente y, por tanto, ineficaz.<\/p>\n\n\n\n<p>El Waterpik es el m\u00e1s alto de la gama de irrigadores bucales, con 10 niveles de presi\u00f3n y 7 boquillas diferentes que permiten <strong>tratar todos los problemas de higiene bucal<\/strong>. En solo un minuto, tus dientes estar\u00e1n impecables.<\/p>\n\n\n\n<p>Tambi\u00e9n puedes usar un <a href=\"https:\/\/nutrident.fr\/es\/raspado-dental-casero\/\" target=\"_blank\" data-type=\"URL\" data-id=\"https:\/\/nutrident.fr\/es\/raspado-dental-casero\/\" rel=\"noreferrer noopener\">raspador dental<\/a> para ayudar a combatir el sarro. Estos dispositivos raspan o rompen el sarro dental de manera similar a como lo har\u00eda un dentista en su consulta. <\/p>\n\n\n\n<h2><span class=\"ez-toc-section\" id=\"Metodos_naturales\"><\/span>M\u00e9todos naturales<span class=\"ez-toc-section-end\"><\/span><\/h2>\n\n\n\n<h3>Bicarbonato de sodio<\/h3>\n\n\n\n<p>La<strong> acci\u00f3n abrasiva<\/strong> del bicarbonato de sodio puede ayudar a eliminar la acumulaci\u00f3n de sarro. Util\u00edzalo en tu cepillo de dientes, en peque\u00f1as cantidades y no m\u00e1s de una vez a la semana para evitar da\u00f1ar tu <a href=\"https:\/\/nutrident.fr\/es\/esmalte-dental-tratamiento\/\" target=\"_blank\" data-type=\"URL\" data-id=\"https:\/\/nutrident.fr\/es\/esmalte-dental-tratamiento\/\" rel=\"noreferrer noopener\">esmalte<\/a>.<\/p>\n\n\n\n<h3>Aloe vera y glicerina<\/h3>\n\n\n\n<p>El gel de aloe vera es excelente para los dientes gracias a sus <strong>efectos curativos<\/strong>. Haz una mezcla de gel de aloe vera, un poco de bicarbonato, una gota de aceite esencial de lim\u00f3n y cuatro cucharaditas de glicerina vegetal para crear tu propia <a href=\"https:\/\/nutrident.fr\/es\/pasta-de-dientes-natural-sin-fluor\/\" target=\"_blank\" data-type=\"URL\" data-id=\"https:\/\/nutrident.fr\/es\/pasta-de-dientes-natural-sin-fluor\/\" rel=\"noreferrer noopener\">pasta de dientes casera<\/a> antisarro. El aloe vera tiene un sabor muy fresco que te proporcionar\u00e1 un buen aliento.<\/p>\n\n\n\n<h3>C\u00e1scara de naranja<\/h3>\n\n\n\n<p>Frotar la piel de naranja directamente sobre los dientes <strong>combate los microorganismos<\/strong> que colonizan el esmalte. Apl\u00edcala sobre las zonas manchadas y espera unos minutos antes de enjuagar<\/p>\n\n\n\n<h3>Semillas de s\u00e9samo<\/h3>\n\n\n\n<p>Las semillas de s\u00e9samo pueden utilizarse como <strong>exfoliante dental<\/strong> ya que eliminan suavemente la placa y el sarro sin da\u00f1ar los dientes. Ponte una pizca de semillas de s\u00e9samo en la boca y mast\u00edcalas sin tragarlas. Coge un cepillo de dientes sin mojarlo y l\u00e1vate los dientes con las semillas en la boca.<\/p>\n\n\n\n<h3>Soluci\u00f3n de vinagre<\/h3>\n\n\n\n<p>Puede que no sea la forma m\u00e1s agradable de eliminar la placa, pero es natural, eficaz y no da\u00f1ar\u00e1 tus dientes. Toma una<strong> <\/strong>soluci\u00f3n de <strong>dos cucharadas de vinagre<\/strong>, una cucharadita de sal y a\u00f1ade un poco de agua. Haz g\u00e1rgaras con esta soluci\u00f3n cada dos o tres d\u00edas.<\/p>\n\n\n<div class=\"wp-block-image\">\n<figure class=\"alignright size-medium\"><img width=\"300\" height=\"199\" src=\"https:\/\/nutrident.fr\/wp-content\/uploads\/2022\/06\/clou-de-girofle-300x199.jpg\" alt=\"El clavo para prevenir el sarro\" class=\"wp-image-13228\" srcset=\"https:\/\/nutrident.fr\/wp-content\/uploads\/2022\/06\/clou-de-girofle-300x199.jpg 300w, https:\/\/nutrident.fr\/wp-content\/uploads\/2022\/06\/clou-de-girofle-768x510.jpg 768w, https:\/\/nutrident.fr\/wp-content\/uploads\/2022\/06\/clou-de-girofle-254x169.jpg 254w, https:\/\/nutrident.fr\/wp-content\/uploads\/2022\/06\/clou-de-girofle.jpg 960w\" sizes=\"(max-width: 300px) 100vw, 300px\" \/><figcaption>El clavo puede protegerte contra el sarro<\/figcaption><\/figure><\/div>\n\n\n<h3>Clavo de olor<\/h3>\n\n\n\n<p>El clavo se ha empleado durante siglos como <strong>remedio para el dolor de muelas<\/strong>. Este ingrediente, habitual en la cocina india, tiene un sabor muy particular. Si te gusta, mezcla la especia molida con un poco de agua hasta formar una pasta. Aplica esta pasta directamente sobre las zonas manchadas, d\u00e9jala reposar un rato y despu\u00e9s enju\u00e1gate bien la boca.<\/p>\n\n\n\n<h3>Arcilla blanca<\/h3>\n\n\n\n<p>La arcilla blanca no solo <strong>elimina el sarro de los dientes<\/strong>, sino que tambi\u00e9n los <a href=\"https:\/\/nutrident.fr\/es\/blanqueamiento-profesional\/natural\/\" target=\"_blank\" data-type=\"URL\" data-id=\"https:\/\/nutrident.fr\/es\/blanqueamiento-profesional\/natural\/\" rel=\"noreferrer noopener\">blanquea<\/a>. Para ello, debes preparar una pasta con 20 gramos de arcilla blanca y 20 gramos de bicarbonato de sodio. A\u00f1ade unas gotas de aceite esencial de menta o de lim\u00f3n, seg\u00fan tu gusto.<\/p>\n\n\n\n<p>A\u00f1ade un chorrito de agua hasta obtener una pasta de la misma consistencia que tu dent\u00edfrico habitual y cepilla tus dientes normalmente durante tres minutos.<\/p>\n\n\n\n<h3>Per\u00f3xido de hidr\u00f3geno y bicarbonato de sodio<\/h3>\n\n\n\n<p>El per\u00f3xido de hidr\u00f3geno mezclado con un poco de agua y una cucharadita de bicarbonato de sodio hace una pasta que puedes utilizar como tu pasta de dientes habitual. El per\u00f3xido de hidr\u00f3geno combate el sarro y es un <strong>potente antis\u00e9ptico<\/strong>.<\/p>\n\n\n\n<h2><span class=\"ez-toc-section\" id=\"Visitar_al_dentista_una_o_dos_veces_al_ano\"><\/span>Visitar al dentista una o dos veces al a\u00f1o<span class=\"ez-toc-section-end\"><\/span><\/h2>\n\n\n\n<p>Debes acudir al dentista al menos una vez al a\u00f1o para una revisi\u00f3n y una <a href=\"https:\/\/nutrident.fr\/es\/tartrectomia\/\" target=\"_blank\" data-type=\"URL\" data-id=\"https:\/\/nutrident.fr\/es\/tartrectomia\/\" rel=\"noreferrer noopener\">tartrectom\u00eda<\/a>. Esto te permite evaluar la situaci\u00f3n y detectar un problema antes de que sea grave y doloroso. Y es que, a pesar de todas las precauciones que tomes durante el a\u00f1o, e incluso aplicando todas estas recetas, es posible que se acumule algo de sarro en tus dientes.<\/p>\n\n\n\n<h2><span class=\"ez-toc-section\" id=\"Conclusion\"><\/span>Conclusi\u00f3n<span class=\"ez-toc-section-end\"><\/span><\/h2>\n\n\n\n<p>El sarro es causado por muchos factores que escapan a tu control, como el <strong>nivel de cal en el agua<\/strong>, la naturaleza de tu propia saliva y la calidad de tu esmalte dental, que es hereditaria.<\/p>\n\n\n\n<p>Por eso es importante prevenir el sarro asistiendo regularmente a la consulta del dentista. Y si no te quedas tranquilo del todo con la revisi\u00f3n peri\u00f3dica, existen muchos m\u00e9todos naturales y de otro tipo para eliminar la placa.<\/p>\n\n\n\n<h2><span class=\"ez-toc-section\" id=\"Preguntas_frecuentes\"><\/span>Preguntas frecuentes<span class=\"ez-toc-section-end\"><\/span><\/h2>\n\n\n<div id=\"rank-math-faq\" class=\"rank-math-block\">\n<div class=\"rank-math-list \">\n<div id=\"faq-question-1677427085968\" class=\"rank-math-list-item\">\n<h3 class=\"rank-math-question \">\u00bfC\u00f3mo puedo eliminar el sarro de los dientes en casa?<\/h3>\n<div class=\"rank-math-answer \">\n\n<p>La mezcla de bicarbonato de sodio y agua es un m\u00e9todo natural muy eficaz contra el sarro. Basta con aplicar esta mezcla una vez a la semana.<\/p>\n\n<\/div>\n<\/div>\n<div id=\"faq-question-1677427180424\" class=\"rank-math-list-item\">\n<h3 class=\"rank-math-question \">\u00bfC\u00f3mo eliminar la placa sin ir al dentista?<\/h3>\n<div class=\"rank-math-answer \">\n\n<p>Para eliminar la placa en casa es recomendable tener una higiene dental b\u00e1sica, como el cepillado dos veces al d\u00eda con un cepillo de cerdas suaves y el uso del hilo dental. Adem\u00e1s, puedes enjuagarte la boca con una mezcla de agua y vinagre blanco.<\/p>\n\n<\/div>\n<\/div>\n<\/div>\n<\/div><div class=\"article-data before-content\"><div class=\"article-data__date\"><div class=\"article-data__date-modified\"><time class=\"published\" datetime=\"2022-10-27T16:58:15+00:00\">This article was originally published on&nbsp;<span class=\"2\">octubre 27, 2022<\/span>&nbsp;and was most recently updated on&nbsp;<span>junio 15, 2023<\/span><\/time><br><\/div><\/div><\/div><div class=\"user-info\">    <div class=\"user-info__body\">\r\n      <div class=\"user-info__caption\"><span>Contributors:<\/span><\/div>\r\n\t\t\t        <div class=\"user-info__wrap \">\r\n          <div class=\"user-info__data\">\r\n            <div class=\"user-info__data__info\">\r\n              <div class=\"photo\">\r\n\t\t\t\t\t\t\t\t<img width=\"66\" height=\"61\" src=\"https:\/\/nutrident.fr\/wp-content\/uploads\/2023\/06\/unnamed-66x61.jpg\" class=\"attachment-profileImageAuthor size-profileImageAuthor wp-post-image\" alt=\"Dr Abel Jes\u00fas Pederzoli\" loading=\"lazy\" srcset=\"https:\/\/nutrident.fr\/wp-content\/uploads\/2023\/06\/unnamed-66x61.jpg 66w, https:\/\/nutrident.fr\/wp-content\/uploads\/2023\/06\/unnamed-300x279.jpg 300w, https:\/\/nutrident.fr\/wp-content\/uploads\/2023\/06\/unnamed-1024x952.jpg 1024w, https:\/\/nutrident.fr\/wp-content\/uploads\/2023\/06\/unnamed-768x714.jpg 768w, https:\/\/nutrident.fr\/wp-content\/uploads\/2023\/06\/unnamed-204x190.jpg 204w, https:\/\/nutrident.fr\/wp-content\/uploads\/2023\/06\/unnamed-120x112.jpg 120w, https:\/\/nutrident.fr\/wp-content\/uploads\/2023\/06\/unnamed.jpg 1125w\" sizes=\"(max-width: 66px) 100vw, 66px\" \/>              <\/div>\r\n              <a href=\"https:\/\/nutrident.fr\/es\/author\/dr-abel-jesus-pederzoli\/\" class=\"name\">Dr Abel Jes\u00fas Pederzoli<\/a>\r\n            <\/div>\r\n            <div class=\"user-info__data__social\">\r\n\t\t\t\t\t\t\t\t\t\t\t\t\t\t\t\t\t\t\t\t\t          <a href=\"https:\/\/clinicaleixample.es\/\"\r\n             class=\"soc-item website\">website<\/a>\r\n\t\t\t\t          <a href=\"http:\/\/linkedin.com\/in\/abel-jes%C3%BAs-pederzoli\"\r\n             class=\"soc-item linkedin\">linkedin<\/a>\r\n\t\t\t\t            <\/div>\r\n          <\/div>\r\n          <div class=\"user-info__description\">\r\n\t\t\t\t\t\t\t\t\t\t\t\t\t<p>Con t\u00edtulos obtenidos en la Facultad de Odontolog\u00eda de la Universidad Nacional de La Plata y una participaci\u00f3n activa en congresos y jornadas, el Dr. Pederzoli se mantiene actualizado en las \u00faltimas t\u00e9cnicas y avances en odontolog\u00eda. Actualmente se encuentra desarrollando un proyecto de consultor\u00eda tecnol\u00f3gica aplicada a cl\u00ednicas dentales.<\/p>\n\t\t\t\t\t\t          <\/div>\r\n        <\/div>\r\n\t\t\t\t    <\/div>\r\n\t<\/div><!--copyscapeskip--><div class=\"medical_references\"><div class=\"medical_references__heading\"><span>Fuentes M\u00e9dicas<\/span><\/div><div class=\"medical_references__list\"><p><strong>Healthline:<\/strong> <a href=\"https:\/\/www.healthline.com\/health\/dental-oral-health\/what-happens-during-a-tooth-cleaning\" target=\"_blank\" rel=\"noopener\">What Happens During a Teeth Cleaning?<\/a> Consultado el 26 de febrero de 2023.<\/p>\n<p><strong>Wikipedia:<\/strong> <a href=\"https:\/\/en.wikipedia.org\/wiki\/Teeth_cleaning\" target=\"_blank\" rel=\"noopener\">Teeth cleaning<\/a>. Consultado el 26 de febrero de 2023.<\/p>\n<\/div><\/div><!--\/copyscapeskip-->","protected":false},"excerpt":{"rendered":"<p>Contributor:&nbsp; Dr Abel Jes\u00fas Pederzoli Updated:&nbsp;junio 15, 2023 El az\u00facar y el sarro son enemigos implacables de tus dientes. A pesar de cepillarlos con dedicaci\u00f3n, el sarro logra afianzarse en el esmalte dental y propagarse por la superficie de los dientes. Para luchar contra este problema diariamente, Nutrident te brinda todos los consejos necesarios para [&hellip;]<\/p>\n","protected":false},"author":10,"featured_media":0,"parent":0,"menu_order":0,"comment_status":"closed","ping_status":"open","template":"","meta":{"inline_featured_image":false},"acf":[],"_links":{"self":[{"href":"https:\/\/nutrident.fr\/es\/wp-json\/wp\/v2\/pages\/16341"}],"collection":[{"href":"https:\/\/nutrident.fr\/es\/wp-json\/wp\/v2\/pages"}],"about":[{"href":"https:\/\/nutrident.fr\/es\/wp-json\/wp\/v2\/types\/page"}],"author":[{"embeddable":true,"href":"https:\/\/nutrident.fr\/es\/wp-json\/wp\/v2\/users\/10"}],"replies":[{"embeddable":true,"href":"https:\/\/nutrident.fr\/es\/wp-json\/wp\/v2\/comments?post=16341"}],"version-history":[{"count":17,"href":"https:\/\/nutrident.fr\/es\/wp-json\/wp\/v2\/pages\/16341\/revisions"}],"predecessor-version":[{"id":21849,"href":"https:\/\/nutrident.fr\/es\/wp-json\/wp\/v2\/pages\/16341\/revisions\/21849"}],"wp:attachment":[{"href":"https:\/\/nutrident.fr\/es\/wp-json\/wp\/v2\/media?parent=16341"}],"curies":[{"name":"wp","href":"https:\/\/api.w.org\/{rel}","templated":true}]}}