

{"id":16361,"date":"2022-10-19T12:59:00","date_gmt":"2022-10-19T12:59:00","guid":{"rendered":"https:\/\/nutrident.fr\/?page_id=16361"},"modified":"2023-06-13T10:17:49","modified_gmt":"2023-06-13T10:17:49","slug":"dolor-de-mandibula","status":"publish","type":"page","link":"https:\/\/nutrident.fr\/es\/dolor-de-mandibula\/","title":{"rendered":"Dolor de mand\u00edbula: causas y c\u00f3mo aliviarlo"},"content":{"rendered":"<div class=\"meta\"><div class=\"meta__users\">    <div class=\"meta__users__reviewed\">\r\n      <p class=\"meta__users__caption\">Contributor:&nbsp;<\/p>\r\n      <div class=\"users\">\r\n        <span class=\"users__user\">\r\n          <a href=\"#\">Dr Abel Jes\u00fas Pederzoli<\/a>\r\n        <\/span>\r\n      <\/div>\r\n    <\/div>\r\n\t<\/div><div class=\"meta__date-modified\">Updated:&nbsp;<span>junio 13, 2023<\/span><\/div><\/div><div class=\"wp-block-image\">\n<figure class=\"alignright\"><img width=\"200\" height=\"300\" src=\"https:\/\/nutrident.fr\/wp-content\/uploads\/2022\/10\/Dolor-en-la-mandibula-200x300.jpg\" alt=\"Dolor en la mand\u00edbula\" class=\"wp-image-16373\" srcset=\"https:\/\/nutrident.fr\/wp-content\/uploads\/2022\/10\/Dolor-en-la-mandibula-200x300.jpg 200w, https:\/\/nutrident.fr\/wp-content\/uploads\/2022\/10\/Dolor-en-la-mandibula-682x1024.jpg 682w, https:\/\/nutrident.fr\/wp-content\/uploads\/2022\/10\/Dolor-en-la-mandibula-768x1152.jpg 768w, https:\/\/nutrident.fr\/wp-content\/uploads\/2022\/10\/Dolor-en-la-mandibula-1024x1536.jpg 1024w, https:\/\/nutrident.fr\/wp-content\/uploads\/2022\/10\/Dolor-en-la-mandibula-127x190.jpg 127w, https:\/\/nutrident.fr\/wp-content\/uploads\/2022\/10\/Dolor-en-la-mandibula.jpg 1333w\" sizes=\"(max-width: 200px) 100vw, 200px\" \/><\/figure><\/div>\n\n\n<p>El dolor de mand\u00edbula, adem\u00e1s de ser un fen\u00f3meno especialmente desagradable, es dif\u00edcil de tratar, ya que puede localizarse en diferentes partes del maxilar y tener causas muy variadas que hay que identificar antes de determinar el tratamiento m\u00e1s adecuado.<\/p>\n\n\n\n<p>En este art\u00edculo, <a href=\"https:\/\/nutrident.fr\/es\/\" target=\"_blank\" rel=\"noopener\">Nutrident<\/a> te ofrece una visi\u00f3n general sobre el dolor de mand\u00edbula, incluyendo sus causas y posibles tratamientos para que puedas encontrar la mejor soluci\u00f3n a este problema.<\/p>\n\n\n\n<div id=\"ez-toc-container\" class=\"ez-toc-v2_0_33_2 counter-hierarchy ez-toc-counter ez-toc-white ez-toc-container-direction\">\n<div class=\"ez-toc-title-container\">\n<p class=\"ez-toc-title\">Contenus<\/p>\n<span class=\"ez-toc-title-toggle\"><a href=\"#\" class=\"ez-toc-pull-right ez-toc-btn ez-toc-btn-xs ez-toc-btn-default ez-toc-toggle\" style=\"display: none;\"><label for=\"item\" aria-label=\"Tabla de contenidos\"><i class=\"ez-toc-glyphicon ez-toc-icon-toggle\"><\/i><\/label><input type=\"checkbox\" id=\"item\"><\/a><\/span><\/div>\n<nav><ul class='ez-toc-list ez-toc-list-level-1'><li class='ez-toc-page-1 ez-toc-heading-level-2'><a class=\"ez-toc-link ez-toc-heading-1\" href=\"https:\/\/nutrident.fr\/es\/dolor-de-mandibula\/#La_articulacion_de_la_mandibula\" title=\"La articulaci\u00f3n de la mand\u00edbula\">La articulaci\u00f3n de la mand\u00edbula<\/a><\/li><li class='ez-toc-page-1 ez-toc-heading-level-2'><a class=\"ez-toc-link ez-toc-heading-2\" href=\"https:\/\/nutrident.fr\/es\/dolor-de-mandibula\/#%C2%BFComo_se_manifiesta_el_dolor_de_mandibula\" title=\"\u00bfC\u00f3mo se manifiesta el dolor de mand\u00edbula?\">\u00bfC\u00f3mo se manifiesta el dolor de mand\u00edbula?<\/a><\/li><li class='ez-toc-page-1 ez-toc-heading-level-2'><a class=\"ez-toc-link ez-toc-heading-3\" href=\"https:\/\/nutrident.fr\/es\/dolor-de-mandibula\/#%C2%BFQue_causa_el_dolor_de_mandibula\" title=\"\u00bfQu\u00e9 causa el dolor de mand\u00edbula?\">\u00bfQu\u00e9 causa el dolor de mand\u00edbula?<\/a><\/li><li class='ez-toc-page-1 ez-toc-heading-level-2'><a class=\"ez-toc-link ez-toc-heading-4\" href=\"https:\/\/nutrident.fr\/es\/dolor-de-mandibula\/#%C2%BFComo_se_quita_el_dolor_de_mandibula\" title=\"\u00bfC\u00f3mo se quita el dolor de mand\u00edbula?\">\u00bfC\u00f3mo se quita el dolor de mand\u00edbula?<\/a><\/li><\/ul><\/nav><\/div>\n<h2><span class=\"ez-toc-section\" id=\"La_articulacion_de_la_mandibula\"><\/span>La articulaci\u00f3n de la mand\u00edbula<span class=\"ez-toc-section-end\"><\/span><\/h2>\n\n\n\n<p>El buen funcionamiento de la mand\u00edbula es vital puesto que la utilizamos todos los d\u00edas. Junto con el maxilar superior, nos permite <strong>cortar, triturar y masticar los alimentos<\/strong> para poder tragarlos mediante la degluci\u00f3n. Adem\u00e1s, sus movimientos contribuyen a generar los sonidos de las palabras que pronunciamos y tambi\u00e9n sirven para bostezar y para liberar presi\u00f3n.<\/p>\n\n\n\n<p>Para hacer todo esto, la mand\u00edbula se apoya en la <strong>articulaci\u00f3n temporomandibular<\/strong> de cada lado de la cara, que es la que permite el movimiento. El dolor en esta articulaci\u00f3n puede deberse  a <strong>problemas musculares o dentales<\/strong>, a alg\u00fan tipo de lesi\u00f3n, entre otras razones de las cuales hablaremos m\u00e1s adelante.<\/p>\n\n\n\n<h2><span class=\"ez-toc-section\" id=\"%C2%BFComo_se_manifiesta_el_dolor_de_mandibula\"><\/span>\u00bfC\u00f3mo se manifiesta el dolor de mand\u00edbula?<span class=\"ez-toc-section-end\"><\/span><\/h2>\n\n\n\n<p>La mand\u00edbula puede <strong>bloquearse o crujir<\/strong> y el dolor puede extenderse al <a href=\"https:\/\/nutrident.fr\/es\/dolor-de-cuello-y-salud-dental\/\" target=\"_blank\" data-type=\"URL\" data-id=\"https:\/\/nutrident.fr\/es\/dolor-de-cuello-y-salud-dental\/\" rel=\"noreferrer noopener\">cuello<\/a>, la nuca, los hombros o las orejas. Tambi\u00e9n puede afectar al habla o impedir la correcta masticaci\u00f3n.<\/p>\n\n\n\n<p>Cuando el dolor se extiende, provoca s\u00edntomas secundarios tales como:<\/p>\n\n\n\n<ul><li>Dolores de cabeza<\/li><li>Dolor de o\u00eddo<\/li><li>Zumbido<\/li><li>Rigidez en la columna cervical<\/li><li>Inflamaci\u00f3n de las enc\u00edas<\/li><li>Manifestaci\u00f3n de los ganglios linf\u00e1ticos del cuello<\/li><li>Hinchaz\u00f3n de las mejillas<\/li><\/ul>\n\n\n\n<p>El dolor de mand\u00edbula puede <strong>dificultar la masticaci\u00f3n<\/strong> y la posterior degluci\u00f3n de los alimentos, as\u00ed como provocar un desajuste entre los maxilares y, por tanto, modificar el contacto entre los dientes. Esto puede causar <a href=\"https:\/\/nutrident.fr\/es\/ortodoncia\/como-evitar\/\" target=\"_blank\" data-type=\"URL\" rel=\"noreferrer noopener\">problemas de maloclusi\u00f3n<\/a> y desgaste dental prematuro.<\/p>\n\n\n\n<p>Para aliviar temporalmente el dolor, puedes <strong>aplicar una bolsa de hielo<\/strong> que adormecer\u00e1 las terminaciones nerviosas de la zona. Sin embargo, si el dolor persiste durante varios d\u00edas, debes hablar con tu dentista.<\/p>\n\n\n<div class=\"wp-block-image\">\n<figure class=\"alignright\"><img width=\"300\" height=\"200\" src=\"https:\/\/nutrident.fr\/wp-content\/uploads\/2022\/10\/Dolor-de-mandibula-300x200.jpg\" alt=\"Dolor de mand\u00edbula\" class=\"wp-image-16376\" srcset=\"https:\/\/nutrident.fr\/wp-content\/uploads\/2022\/10\/Dolor-de-mandibula-300x200.jpg 300w, https:\/\/nutrident.fr\/wp-content\/uploads\/2022\/10\/Dolor-de-mandibula-1024x682.jpg 1024w, https:\/\/nutrident.fr\/wp-content\/uploads\/2022\/10\/Dolor-de-mandibula-768x512.jpg 768w, https:\/\/nutrident.fr\/wp-content\/uploads\/2022\/10\/Dolor-de-mandibula-1536x1024.jpg 1536w, https:\/\/nutrident.fr\/wp-content\/uploads\/2022\/10\/Dolor-de-mandibula-254x169.jpg 254w, https:\/\/nutrident.fr\/wp-content\/uploads\/2022\/10\/Dolor-de-mandibula.jpg 2000w\" sizes=\"(max-width: 300px) 100vw, 300px\" \/><\/figure><\/div>\n\n\n<h2><span class=\"ez-toc-section\" id=\"%C2%BFQue_causa_el_dolor_de_mandibula\"><\/span>\u00bfQu\u00e9 causa el dolor de mand\u00edbula?<span class=\"ez-toc-section-end\"><\/span><\/h2>\n\n\n\n<p>Es importante determinar la causa del dolor mandibular, ya que este puede deberse a un mal funcionamiento mec\u00e1nico atribuible a los huesos, m\u00fasculos o ligamentos de la articulaci\u00f3n temporomandibular, o por el contrario a una patolog\u00eda.<\/p>\n\n\n\n<p>Las principales causas de dolor de mand\u00edbula son:<\/p>\n\n\n\n<ul><li>El crecimiento de las <a href=\"https:\/\/nutrident.fr\/es\/muelas-del-juicio\/\" data-type=\"URL\" data-id=\"https:\/\/nutrident.fr\/es\/muelas-del-juicio\/\" target=\"_blank\" rel=\"noreferrer noopener\">muelas del juicio<\/a> que interfieren con la oclusi\u00f3n<\/li><li>Un traumatismo que puede provocar una dislocaci\u00f3n o una fractura<\/li><li>Tics o <a href=\"https:\/\/nutrident.fr\/es\/7-malos-habitos-que-danan-los-dientes\/\" target=\"_blank\" data-type=\"URL\" data-id=\"https:\/\/nutrident.fr\/es\/7-malos-habitos-que-danan-los-dientes\/\" rel=\"noreferrer noopener\">h\u00e1bitos<\/a> como el de mover la mand\u00edbula horizontalmente que provocan un desgaste desigual que impide la mordida<\/li><li>El <a href=\"https:\/\/nutrident.fr\/es\/bruxismo\/\" data-type=\"URL\" data-id=\"https:\/\/nutrident.fr\/es\/bruxismo\/\" target=\"_blank\" rel=\"noreferrer noopener\">bruxismo<\/a> que desgasta los dientes de forma desigual y tambi\u00e9n ejerce una tensi\u00f3n excesiva sobre la articulaci\u00f3n<\/li><li>La degluci\u00f3n at\u00edpica<\/li><li>Contracciones debidas al estr\u00e9s y a la ira<\/li><li>Abuso de la goma de mascar<\/li><\/ul>\n\n\n\n<figure class=\"wp-block-embed is-type-video is-provider-youtube wp-block-embed-youtube wp-embed-aspect-4-3 wp-has-aspect-ratio\"><div class=\"wp-block-embed__wrapper\">\n<iframe title=\"Dolor de mandi\u0301bula y sus causas\" width=\"500\" height=\"375\" src=\"https:\/\/www.youtube.com\/embed\/38la4Zz29UU?feature=oembed\" frameborder=\"0\" allow=\"accelerometer; autoplay; clipboard-write; encrypted-media; gyroscope; picture-in-picture; web-share\" allowfullscreen><\/iframe>\n<\/div><\/figure>\n\n\n\n<p>Tambi\u00e9n existe una forma leve y transitoria de dolor de mand\u00edbula que no es perjudicial: cuando te has re\u00eddo mucho, la risa y las carcajadas hacen que los m\u00fasculos de la mand\u00edbula trabajen demasiado y puedes sentir un poco de dolor que es temporal.<\/p>\n\n\n\n<h3>Condiciones y enfermedades que causan dolor de mand\u00edbula<\/h3>\n\n\n\n<p>Todas las <strong>enfermedades relacionadas con la salud \u00f3sea<\/strong> pueden causar dolor de mand\u00edbula. La artrosis, la artritis reumatoide, la osteoporosis, la osteonecrosis de la mand\u00edbula, ciertos c\u00e1nceres o el SADAM (<a href=\"https:\/\/nutrident.fr\/es\/sindrome-atm\/\" target=\"_blank\" data-type=\"URL\" data-id=\"https:\/\/nutrident.fr\/es\/sindrome-atm\/\" rel=\"noreferrer noopener\">S\u00edndrome algo disfuncional de la Articulaci\u00f3n Temporomandibular<\/a>) que afecta a todo el sistema: m\u00fasculos, huesos, ligamentos y articulaciones.<\/p>\n\n\n\n<p>En el caso de esta \u00faltima patolog\u00eda, debes consultar a un m\u00e9dico de cabecera. \u00c9l te remitir\u00e1 a un especialista y el dentista intervendr\u00e1 en una fase posterior, en caso de que hayas sufrido da\u00f1os en los dientes.<\/p>\n\n\n\n<h3>El crujido de la mand\u00edbula<\/h3>\n\n\n\n<p>Una mand\u00edbula que cruje no provoca necesariamente dolor. Sin embargo, de existir alg\u00fan tipo de dolor, el dentista comprobar\u00e1 que no tienes ning\u00fan problema dental antes de enviarte a un oste\u00f3pata.<\/p>\n\n\n\n<h2><span class=\"ez-toc-section\" id=\"%C2%BFComo_se_quita_el_dolor_de_mandibula\"><\/span>\u00bfC\u00f3mo se quita el dolor de mand\u00edbula?<span class=\"ez-toc-section-end\"><\/span><\/h2>\n\n\n\n<p>El tratamiento del dolor de mand\u00edbula <strong>depende de la causa subyacente<\/strong>. Si a\u00fan no has identificado su causa, el dentista es el profesional al que debes acudir. Y si fuera necesario, \u00e9l te remitir\u00e1 a un especialista. Nunca te demores en buscar ayuda y deja claro que es urgente para que no tengas que esperar durante meses, ya que este problema tiende a empeorar si no se trata r\u00e1pidamente.<\/p>\n\n\n\n<p>Mientras esperas tu cita, <strong>no mastiques chicle ni alimentos duros<\/strong>. Corta tus alimentos en trozos peque\u00f1os para que la mand\u00edbula no trabaje tanto e intenta basar tu dieta en la mayor cantidad de alimentos blandos posibles: pur\u00e9s, sopa, yogur, quesos blandos, etc. <strong>Aplicar calor o fr\u00edo<\/strong> en la zona tambi\u00e9n puede ayudar a aliviar el dolor de manera temporal.<\/p>\n<div class=\"article-data before-content\"><div class=\"article-data__date\"><div class=\"article-data__date-modified\"><time class=\"published\" datetime=\"2022-10-19T12:59:00+00:00\">This article was originally published on&nbsp;<span class=\"2\">octubre 19, 2022<\/span>&nbsp;and was most recently updated on&nbsp;<span>junio 13, 2023<\/span><\/time><br><\/div><\/div><\/div><div class=\"user-info\">    <div class=\"user-info__body\">\r\n      <div class=\"user-info__caption\"><span>Contributors:<\/span><\/div>\r\n\t\t\t        <div class=\"user-info__wrap \">\r\n          <div class=\"user-info__data\">\r\n            <div class=\"user-info__data__info\">\r\n              <div class=\"photo\">\r\n\t\t\t\t\t\t\t\t<img width=\"66\" height=\"61\" src=\"https:\/\/nutrident.fr\/wp-content\/uploads\/2023\/06\/unnamed-66x61.jpg\" class=\"attachment-profileImageAuthor size-profileImageAuthor wp-post-image\" alt=\"Dr Abel Jes\u00fas Pederzoli\" loading=\"lazy\" srcset=\"https:\/\/nutrident.fr\/wp-content\/uploads\/2023\/06\/unnamed-66x61.jpg 66w, https:\/\/nutrident.fr\/wp-content\/uploads\/2023\/06\/unnamed-300x279.jpg 300w, https:\/\/nutrident.fr\/wp-content\/uploads\/2023\/06\/unnamed-1024x952.jpg 1024w, https:\/\/nutrident.fr\/wp-content\/uploads\/2023\/06\/unnamed-768x714.jpg 768w, https:\/\/nutrident.fr\/wp-content\/uploads\/2023\/06\/unnamed-204x190.jpg 204w, https:\/\/nutrident.fr\/wp-content\/uploads\/2023\/06\/unnamed-120x112.jpg 120w, https:\/\/nutrident.fr\/wp-content\/uploads\/2023\/06\/unnamed.jpg 1125w\" sizes=\"(max-width: 66px) 100vw, 66px\" \/>              <\/div>\r\n              <a href=\"https:\/\/nutrident.fr\/es\/author\/dr-abel-jesus-pederzoli\/\" class=\"name\">Dr Abel Jes\u00fas Pederzoli<\/a>\r\n            <\/div>\r\n            <div class=\"user-info__data__social\">\r\n\t\t\t\t\t\t\t\t\t\t\t\t\t\t\t\t\t\t\t\t\t          <a href=\"https:\/\/clinicaleixample.es\/\"\r\n             class=\"soc-item website\">website<\/a>\r\n\t\t\t\t          <a href=\"http:\/\/linkedin.com\/in\/abel-jes%C3%BAs-pederzoli\"\r\n             class=\"soc-item linkedin\">linkedin<\/a>\r\n\t\t\t\t            <\/div>\r\n          <\/div>\r\n          <div class=\"user-info__description\">\r\n\t\t\t\t\t\t\t\t\t\t\t\t\t<p>Con t\u00edtulos obtenidos en la Facultad de Odontolog\u00eda de la Universidad Nacional de La Plata y una participaci\u00f3n activa en congresos y jornadas, el Dr. Pederzoli se mantiene actualizado en las \u00faltimas t\u00e9cnicas y avances en odontolog\u00eda. Actualmente se encuentra desarrollando un proyecto de consultor\u00eda tecnol\u00f3gica aplicada a cl\u00ednicas dentales.<\/p>\n\t\t\t\t\t\t          <\/div>\r\n        <\/div>\r\n\t\t\t\t    <\/div>\r\n\t<\/div><!--copyscapeskip--><div class=\"medical_references\"><div class=\"medical_references__heading\"><span>Fuentes M\u00e9dicas<\/span><\/div><div class=\"medical_references__list\"><p>Revista de la Sociedad Espa\u00f1ola del Dolor: <a href=\"https:\/\/scielo.isciii.es\/scielo.php?script=sci_arttext&pid=S1134-80462005000700006\" target=\"_blank\" rel=\"noopener\">Trastornos de la articulacion t\u00e9mporo-mandibular<\/a>. Consultado el 18 de octubre de 2022.<\/p>\n<\/div><\/div><!--\/copyscapeskip-->","protected":false},"excerpt":{"rendered":"<p>Contributor:&nbsp; Dr Abel Jes\u00fas Pederzoli Updated:&nbsp;junio 13, 2023 El dolor de mand\u00edbula, adem\u00e1s de ser un fen\u00f3meno especialmente desagradable, es dif\u00edcil de tratar, ya que puede localizarse en diferentes partes del maxilar y tener causas muy variadas que hay que identificar antes de determinar el tratamiento m\u00e1s adecuado. En este art\u00edculo, Nutrident te ofrece una [&hellip;]<\/p>\n","protected":false},"author":10,"featured_media":20624,"parent":0,"menu_order":0,"comment_status":"open","ping_status":"open","template":"","meta":{"inline_featured_image":false},"acf":[],"_links":{"self":[{"href":"https:\/\/nutrident.fr\/es\/wp-json\/wp\/v2\/pages\/16361"}],"collection":[{"href":"https:\/\/nutrident.fr\/es\/wp-json\/wp\/v2\/pages"}],"about":[{"href":"https:\/\/nutrident.fr\/es\/wp-json\/wp\/v2\/types\/page"}],"author":[{"embeddable":true,"href":"https:\/\/nutrident.fr\/es\/wp-json\/wp\/v2\/users\/10"}],"replies":[{"embeddable":true,"href":"https:\/\/nutrident.fr\/es\/wp-json\/wp\/v2\/comments?post=16361"}],"version-history":[{"count":16,"href":"https:\/\/nutrident.fr\/es\/wp-json\/wp\/v2\/pages\/16361\/revisions"}],"predecessor-version":[{"id":21821,"href":"https:\/\/nutrident.fr\/es\/wp-json\/wp\/v2\/pages\/16361\/revisions\/21821"}],"wp:featuredmedia":[{"embeddable":true,"href":"https:\/\/nutrident.fr\/es\/wp-json\/wp\/v2\/media\/20624"}],"wp:attachment":[{"href":"https:\/\/nutrident.fr\/es\/wp-json\/wp\/v2\/media?parent=16361"}],"curies":[{"name":"wp","href":"https:\/\/api.w.org\/{rel}","templated":true}]}}