

{"id":16393,"date":"2022-10-20T13:33:00","date_gmt":"2022-10-20T13:33:00","guid":{"rendered":"https:\/\/nutrident.fr\/?page_id=16393"},"modified":"2023-06-13T10:25:54","modified_gmt":"2023-06-13T10:25:54","slug":"manchas-blancas","status":"publish","type":"page","link":"https:\/\/nutrident.fr\/es\/manchas-blancas\/","title":{"rendered":"Manchas blancas en los dientes: causas y tratamientos"},"content":{"rendered":"<div class=\"meta\"><div class=\"meta__users\">    <div class=\"meta__users__reviewed\">\r\n      <p class=\"meta__users__caption\">Contributor:&nbsp;<\/p>\r\n      <div class=\"users\">\r\n        <span class=\"users__user\">\r\n          <a href=\"#\">Dr Abel Jes\u00fas Pederzoli<\/a>\r\n        <\/span>\r\n      <\/div>\r\n    <\/div>\r\n\t<\/div><div class=\"meta__date-modified\">Updated:&nbsp;<span>junio 13, 2023<\/span><\/div><\/div><div class=\"wp-block-image\">\n<figure class=\"alignright size-medium\"><img width=\"300\" height=\"157\" src=\"https:\/\/nutrident.fr\/wp-content\/uploads\/2022\/08\/Depositphotos_335456416_S-300x157.jpg\" alt=\"mancha blanca en el diente\" class=\"wp-image-14337\" srcset=\"https:\/\/nutrident.fr\/wp-content\/uploads\/2022\/08\/Depositphotos_335456416_S-300x157.jpg 300w, https:\/\/nutrident.fr\/wp-content\/uploads\/2022\/08\/Depositphotos_335456416_S-768x401.jpg 768w, https:\/\/nutrident.fr\/wp-content\/uploads\/2022\/08\/Depositphotos_335456416_S-254x133.jpg 254w, https:\/\/nutrident.fr\/wp-content\/uploads\/2022\/08\/Depositphotos_335456416_S.jpg 1000w\" sizes=\"(max-width: 300px) 100vw, 300px\" \/><figcaption>\u00bfC\u00f3mo eliminar las manchas blancas en los dientes?<\/figcaption><\/figure><\/div>\n\n\n<p>Tener manchas blancas en los dientes es un fen\u00f3meno com\u00fan relacionado con diversos factores, como el consumo excesivo de fl\u00faor, la desmineralizaci\u00f3n dental o una caries incipiente, por nombrar algunos. Las personas que tienen este tipo de manchas suelen estar bastante acomplejadas y tratan de ocultar sus dientes.<\/p>\n\n\n\n<p>Hoy en <a href=\"https:\/\/nutrident.fr\/es\/\">Nutrident<\/a>, te explicamos las diferentes causas de las manchas blancas en los dientes y sus posibles tratamientos.<\/p>\n\n\n\n<div id=\"ez-toc-container\" class=\"ez-toc-v2_0_33_2 counter-hierarchy ez-toc-counter ez-toc-white ez-toc-container-direction\">\n<div class=\"ez-toc-title-container\">\n<p class=\"ez-toc-title\">Contenus<\/p>\n<span class=\"ez-toc-title-toggle\"><a href=\"#\" class=\"ez-toc-pull-right ez-toc-btn ez-toc-btn-xs ez-toc-btn-default ez-toc-toggle\" style=\"display: none;\"><label for=\"item\" aria-label=\"Tabla de contenidos\"><i class=\"ez-toc-glyphicon ez-toc-icon-toggle\"><\/i><\/label><input type=\"checkbox\" id=\"item\"><\/a><\/span><\/div>\n<nav><ul class='ez-toc-list ez-toc-list-level-1'><li class='ez-toc-page-1 ez-toc-heading-level-2'><a class=\"ez-toc-link ez-toc-heading-1\" href=\"https:\/\/nutrident.fr\/es\/manchas-blancas\/#%C2%BFQue_causa_las_manchas_blancas_en_los_dientes\" title=\"\u00bfQu\u00e9 causa las manchas blancas en los dientes?\">\u00bfQu\u00e9 causa las manchas blancas en los dientes?<\/a><\/li><li class='ez-toc-page-1 ez-toc-heading-level-2'><a class=\"ez-toc-link ez-toc-heading-2\" href=\"https:\/\/nutrident.fr\/es\/manchas-blancas\/#%C2%BFComo_se_quitan_las_manchas_blancas_en_los_dientes\" title=\"\u00bfC\u00f3mo se quitan las manchas blancas en los dientes?\">\u00bfC\u00f3mo se quitan las manchas blancas en los dientes?<\/a><\/li><li class='ez-toc-page-1 ez-toc-heading-level-2'><a class=\"ez-toc-link ez-toc-heading-3\" href=\"https:\/\/nutrident.fr\/es\/manchas-blancas\/#Preguntas_frecuentes\" title=\"Preguntas frecuentes\">Preguntas frecuentes<\/a><\/li><\/ul><\/nav><\/div>\n<h2><span class=\"ez-toc-section\" id=\"%C2%BFQue_causa_las_manchas_blancas_en_los_dientes\"><\/span>\u00bfQu\u00e9 causa las manchas blancas en los dientes?<span class=\"ez-toc-section-end\"><\/span><\/h2>\n\n\n\n<p>Son diversos los factores que pueden causan manchas blancas en los dientes. Entre los m\u00e1s comunes se encuentran:<\/p>\n\n\n\n<h3>Caries dental<\/h3>\n\n\n\n<p>La <a href=\"https:\/\/nutrident.fr\/es\/caries\/\" data-type=\"URL\" data-id=\"https:\/\/nutrident.fr\/es\/caries\/\" target=\"_blank\" rel=\"noreferrer noopener\">caries<\/a> suele producirse debido a una <strong>mala higiene dental<\/strong>, pero tambi\u00e9n puede deberse a otras causas: la herencia, el consumo de ciertos medicamentos (especialmente algunos antibi\u00f3ticos) u otras patolog\u00edas que debilitan todo el organismo.<\/p>\n\n\n\n<p>Una caries temprana puede producir una <strong>mancha m\u00e1s clara que el diente<\/strong> antes de oscurecerse. En cualquier caso, una caries no puede curarse sin la intervenci\u00f3n de <a href=\"https:\/\/nutrident.fr\/es\/acudir-al-dentista\/\" target=\"_blank\" data-type=\"URL\" data-id=\"https:\/\/nutrident.fr\/es\/acudir-al-dentista\/\" rel=\"noreferrer noopener\">un dentista<\/a>, as\u00ed que es necesario que pidas una cita para recibir tratamiento antes de que se convierta en un problema mayor.<\/p>\n\n\n\n<h3>Fluorosis dental<\/h3>\n\n\n\n<p>La fluorosis dental es la causa m\u00e1s com\u00fan de las manchas blancas en<strong> <\/strong>el esmalte. Esta afecci\u00f3n est\u00e1 causada por la <strong>ingesta excesiva de fl\u00faor<\/strong> entre las edades de 1 y 4 a\u00f1os, cuando los dientes est\u00e1n empezando a formarse. Los riesgos son menores despu\u00e9s de esta edad, pero se mantienen durante toda la infancia.<\/p>\n\n\n\n<p>El fl\u00faor es bueno para los dientes, pero <strong>no se debe abusar de \u00e9l<\/strong>. Por esta raz\u00f3n, los suplementos de fl\u00faor para los m\u00e1s peque\u00f1os, que se suministraban en forma de pastillas o gotas, se han dejado de usar.<\/p>\n\n\n<div class=\"wp-block-image\">\n<figure class=\"alignright size-medium\"><img width=\"300\" height=\"199\" src=\"https:\/\/nutrident.fr\/wp-content\/uploads\/2021\/01\/iStock-1201282612-1-300x199.jpg\" alt=\"caries dental\" class=\"wp-image-8363\" srcset=\"https:\/\/nutrident.fr\/wp-content\/uploads\/2021\/01\/iStock-1201282612-1-300x199.jpg 300w, https:\/\/nutrident.fr\/wp-content\/uploads\/2021\/01\/iStock-1201282612-1-1024x679.jpg 1024w, https:\/\/nutrident.fr\/wp-content\/uploads\/2021\/01\/iStock-1201282612-1-768x510.jpg 768w, https:\/\/nutrident.fr\/wp-content\/uploads\/2021\/01\/iStock-1201282612-1-1080x717.jpg 1080w, https:\/\/nutrident.fr\/wp-content\/uploads\/2021\/01\/iStock-1201282612-1-980x650.jpg 980w, https:\/\/nutrident.fr\/wp-content\/uploads\/2021\/01\/iStock-1201282612-1-480x318.jpg 480w, https:\/\/nutrident.fr\/wp-content\/uploads\/2021\/01\/iStock-1201282612-1.jpg 1257w\" sizes=\"(max-width: 300px) 100vw, 300px\" \/><figcaption>Las caries pueden causar manchas en los dientes<\/figcaption><\/figure><\/div>\n\n\n<p>En <a href=\"https:\/\/nutrident.fr\/es\/pasta-de-dientes-natural-sin-fluor\/\" target=\"_blank\" data-type=\"URL\" data-id=\"https:\/\/nutrident.fr\/es\/pasta-de-dientes-natural-sin-fluor\/\" rel=\"noreferrer noopener\">los dent\u00edfricos<\/a>, el fl\u00faor est\u00e1 dosificado para que no haya riesgo de abuso, pero este mineral tambi\u00e9n est\u00e1 presente en el agua y la sal que consumimos en nuestra dieta diaria.<\/p>\n\n\n\n<h3>Hipoplasia del esmalte<\/h3>\n\n\n\n<p>La hipoplasia <strong>afecta la estructura del esmalte<\/strong> y provoca una gran fragilidad en esta capa protectora del diente. El esmalte debilitado forma manchas blancas y se vuelve extremadamente vulnerable a las bacterias y, por tanto, a la caries.<\/p>\n\n\n\n<p>La hipoplasia del esmalte puede estar relacionada con fen\u00f3menos prenatales debidos al comportamiento de la madre. Los desencadenantes m\u00e1s comunes son la toma de <strong>antibi\u00f3ticos<\/strong> de tetraciclina durante el embarazo y el <a href=\"https:\/\/nutrident.fr\/es\/tabaco\/\" target=\"_blank\" data-type=\"URL\" data-id=\"https:\/\/nutrident.fr\/es\/tabaco\/\" rel=\"noreferrer noopener\">tabaquismo<\/a>.<\/p>\n\n\n\n<p>Tambi\u00e9n existen otros factores que pueden generar manchas blancas en los dientes en la primera infancia: nacimiento prematuro, malnutrici\u00f3n infantil, malformaci\u00f3n cong\u00e9nita o deficiencia de vitaminas A, C y D.<\/p>\n\n\n\n<p>Si padeces hipoplasia del esmalte, debes prestar atenci\u00f3n a tu dieta e <strong>incluir todos los nutrientes y vitaminas<\/strong> que tu cuerpo necesita. Evita a toda costa los refrescos y las <a href=\"https:\/\/nutrident.fr\/es\/erosion-dental\/\" target=\"_blank\" data-type=\"URL\" data-id=\"https:\/\/nutrident.fr\/es\/erosion-dental\/\" rel=\"noreferrer noopener\">bebidas \u00e1cidas<\/a>, ya que ablandan el esmalte y lo hacen a\u00fan m\u00e1s fr\u00e1gil.<\/p>\n\n\n\n<p>Dado que tu esmalte est\u00e1 debilitado, debes prestar especial atenci\u00f3n a tu <a href=\"https:\/\/nutrident.fr\/es\/como-lavarse-los-dientes\/\" data-type=\"URL\" data-id=\"https:\/\/nutrident.fr\/es\/como-lavarse-los-dientes\/\" target=\"_blank\" rel=\"noreferrer noopener\">higiene bucal<\/a>, <strong>cepill\u00e1ndote los dientes despu\u00e9s de cada comida<\/strong> y no faltar a las revisiones anuales con tu dentista. Es crucial intervenir en cualquier problema que surja antes de que sea demasiado tarde. Es recomendable utilizar una <a href=\"https:\/\/nutrident.fr\/es\/elegir-la-mejor-pasta-de-dientes\/\" target=\"_blank\" data-type=\"URL\" data-id=\"https:\/\/nutrident.fr\/es\/elegir-la-mejor-pasta-de-dientes\/\" rel=\"noreferrer noopener\">pasta de dientes<\/a> enriquecida con fl\u00faor para ayudar a <a href=\"https:\/\/nutrident.fr\/es\/esmalte-dental-tratamiento\/\" target=\"_blank\" data-type=\"URL\" data-id=\"https:\/\/nutrident.fr\/es\/esmalte-dental-tratamiento\/\" rel=\"noreferrer noopener\">remineralizar el esmalte<\/a>.<\/p>\n\n\n\n<h2><span class=\"ez-toc-section\" id=\"%C2%BFComo_se_quitan_las_manchas_blancas_en_los_dientes\"><\/span>\u00bfC\u00f3mo se quitan las manchas blancas en los dientes?<span class=\"ez-toc-section-end\"><\/span><\/h2>\n\n\n\n<p>Para tener una buena higiene dental y<strong> prevenir la placa y el sarro<\/strong>, debemos cepillarnos los dientes despu\u00e9s de cada comida y hacernos al menos una vez al a\u00f1o una <a href=\"https:\/\/nutrident.fr\/es\/limpieza-dental\/\" target=\"_blank\" data-type=\"URL\" data-id=\"https:\/\/nutrident.fr\/es\/limpieza-dental\/\" rel=\"noreferrer noopener\">limpieza en la consulta<\/a> del dentista. <\/p>\n\n\n\n<p>Existen otros tratamientos para las manchas blancas en los dientes, como por ejemplo:<\/p>\n\n\n\n<h3>Obturaci\u00f3n<\/h3>\n\n\n\n<p>Cuando la causa de las manchas blancas es una caries, el \u00fanico tratamiento posible es la obturaci\u00f3n. Este es un proceso mediante el cual el dentista <strong>elimina la parte del diente infectada<\/strong> por la caries y posteriormente la rellena con un material que es del mismo color de los dientes.<\/p>\n\n\n\n<h3>Blanqueamiento dental<\/h3>\n\n\n\n<p>Un <a href=\"https:\/\/nutrident.fr\/es\/blanqueamiento-profesional\/\" target=\"_blank\" data-type=\"URL\" rel=\"noreferrer noopener\">blanqueamiento dental<\/a> puede ayudar a<strong> eliminar ciertas manchas blancas<\/strong>. Existen distintos tipos de blanqueamientos dentales, pero en todos se utiliza un gel blanqueador con un agente activo, generalmente per\u00f3xido de carbamida. Ten en cuenta que este procedimiento no es recomendable si tienes hipoplasia dental.<\/p>\n\n\n\n<p>Con el tiempo, los dientes se manchan de forma natural, por lo que es posible que tengas que <strong>repetir el procedimiento<\/strong> cada cuatro o cinco a\u00f1os. Tambi\u00e9n puedes probar alg\u00fan m\u00e9todo de <a href=\"https:\/\/nutrident.fr\/es\/blanqueamiento-profesional\/kit-blanqueador-dental\/\" target=\"_blank\" data-type=\"URL\" rel=\"noreferrer noopener\">blanqueamiento en casa<\/a>, que es m\u00e1s barato que en el dentista, aunque no es tan efectivo.<\/p>\n\n\n\n<p>Nos gusta especialmente el kit de blanqueamiento dental de <a href=\"https:\/\/nutrident.fr\/es\/blanqueamiento-profesional\/kit-blanqueador-dental\/smile-avenue\/\" target=\"_blank\" data-type=\"URL\" rel=\"noreferrer noopener\">Smile Avenue<\/a> ya que es muy eficaz y f\u00e1cil de usar:  <\/p>\n\n\n<div class=\"wp-block-image\">\n<figure class=\"aligncenter size-medium\"><a href=\"https:\/\/smile-avenue.com\/product\/kit-de-blanchiment-dentaire-smile-avenue\/ref\/smiledenta\/\" target=\"_blank\" rel=\"noopener\"><img width=\"300\" height=\"300\" src=\"https:\/\/nutrident.fr\/wp-content\/uploads\/2022\/09\/NewKit3-300x300.jpg\" alt=\"Avenida de la sonrisa\" class=\"wp-image-15636\" srcset=\"https:\/\/nutrident.fr\/wp-content\/uploads\/2022\/09\/NewKit3-300x300.jpg 300w, https:\/\/nutrident.fr\/wp-content\/uploads\/2022\/09\/NewKit3-1024x1024.jpg 1024w, https:\/\/nutrident.fr\/wp-content\/uploads\/2022\/09\/NewKit3-150x150.jpg 150w, https:\/\/nutrident.fr\/wp-content\/uploads\/2022\/09\/NewKit3-768x768.jpg 768w, https:\/\/nutrident.fr\/wp-content\/uploads\/2022\/09\/NewKit3-190x190.jpg 190w, https:\/\/nutrident.fr\/wp-content\/uploads\/2022\/09\/NewKit3.jpg 1080w\" sizes=\"(max-width: 300px) 100vw, 300px\" \/><\/a><\/figure><\/div>\n\n\n<div class=\"wp-container-1 is-content-justification-center wp-block-buttons wp-embed-aspect-16-9 wp-has-aspect-ratio\"><\/div>\n\n\n\n<h3>Pr\u00f3tesis dentales<\/h3>\n\n\n<div class=\"wp-block-image\">\n<figure class=\"alignright size-full is-resized\"><img src=\"https:\/\/nutrident.fr\/wp-content\/uploads\/2022\/06\/facettes-dentaires.jpg\" alt=\"carllas dentales\" class=\"wp-image-10993\" width=\"300\" height=\"200\"\/><figcaption>Las carillas pueden ocultar las manchas blancas en los dientes<\/figcaption><\/figure><\/div>\n\n\n<p>Otra soluci\u00f3n, mucho m\u00e1s radical, es la colocaci\u00f3n de <a href=\"https:\/\/nutrident.fr\/es\/rehacer-los-dientes-que-tratamientos-esteticos-elegir\/\" target=\"_blank\" data-type=\"URL\" data-id=\"https:\/\/nutrident.fr\/es\/rehacer-los-dientes-que-tratamientos-esteticos-elegir\/\" rel=\"noreferrer noopener\">pr\u00f3tesis dentales<\/a>. Si tu diente no est\u00e1 da\u00f1ado estructuralmente, pero tiene manchas blancas que no se pueden eliminar con un blanqueamiento, puedes colocarte <strong>carillas de cer\u00e1mica o de resina<\/strong>.<\/p>\n\n\n\n<p>Las <a href=\"https:\/\/nutrident.fr\/es\/carillas-dentales\/\" data-type=\"URL\" data-id=\"https:\/\/nutrident.fr\/es\/carillas-dentales\/\" target=\"_blank\" rel=\"noreferrer noopener\">carillas<\/a> son <strong>del mismo color de tus dientes<\/strong> y adem\u00e1s se adaptan al tama\u00f1o y la forma de tu mand\u00edbula, as\u00ed que tienen un aspecto completamente natural. La desventaja es que generalmente es necesario <a href=\"https:\/\/nutrident.fr\/es\/ortodoncia\/stripping-dental\/\" target=\"_blank\" data-type=\"URL\" rel=\"noreferrer noopener\">tallar un poco el diente<\/a> para hacer espacio para la carilla, as\u00ed que es un proceso irreversible.<\/p>\n\n\n\n<p>Si tu diente est\u00e1 profundamente <a href=\"https:\/\/nutrident.fr\/es\/diente-roto\/\" target=\"_blank\" data-type=\"URL\" data-id=\"https:\/\/nutrident.fr\/es\/diente-roto\/\" rel=\"noreferrer noopener\">da\u00f1ado o roto<\/a>, lo m\u00e1s apropiado es <strong>desvitalizarlo para colocar una corona<\/strong>, que resolver\u00e1 definitivamente tu problema. Una <a href=\"https:\/\/nutrident.fr\/es\/coronas-dentales\/\" target=\"_blank\" data-type=\"URL\" data-id=\"https:\/\/nutrident.fr\/es\/coronas-dentales\/\" rel=\"noreferrer noopener\">corona<\/a> es el \u00faltimo recurso, as\u00ed que procura hacer todo lo posible para cuidar tus dientes y mantenerlos saludables.<\/p>\n\n\n\n<h2><span class=\"ez-toc-section\" id=\"Preguntas_frecuentes\"><\/span>Preguntas frecuentes<span class=\"ez-toc-section-end\"><\/span><\/h2>\n\n\n<div id=\"rank-math-faq\" class=\"rank-math-block\">\n<div class=\"rank-math-list \">\n<div id=\"faq-question-1680204132795\" class=\"rank-math-list-item\">\n<h3 class=\"rank-math-question \">\u00bfQu\u00e9 vitaminas faltan cuando salen manchas blancas en los dientes?<\/h3>\n<div class=\"rank-math-answer \">\n\n<p>La deficiencia de vitamina C puede ser uno de los factores que causan manchas blancas dentales. La falta de calcio tambi\u00e9n puede contribuir en la aparici\u00f3n de este problema.<\/p>\n\n<\/div>\n<\/div>\n<div id=\"faq-question-1680204261851\" class=\"rank-math-list-item\">\n<h3 class=\"rank-math-question \">\u00bfC\u00f3mo se puede recuperar el esmalte dental?<\/h3>\n<div class=\"rank-math-answer \">\n\n<p>Las desmineralizaciones peque\u00f1as del esmalte pueden tratarse en la consulta del dentista utilizando geles de fl\u00faor para ayudar a que el esmalte se regenere.<\/p>\n\n<\/div>\n<\/div>\n<div id=\"faq-question-1680204401437\" class=\"rank-math-list-item\">\n<h3 class=\"rank-math-question \">\u00bfC\u00f3mo saber si es una mancha o una caries?<\/h3>\n<div class=\"rank-math-answer \">\n\n<p>Si has tenido manchas blancas en los dientes durante toda tu vida, es bastante seguro que su origen sea una fluorosis. La hipoplasia dental tambi\u00e9n suele manifestarse en una edad temprana, mientras que las manchas blancas recientes probablemente son una caries temprana.<\/p>\n\n<\/div>\n<\/div>\n<\/div>\n<\/div><div class=\"article-data before-content\"><div class=\"article-data__date\"><div class=\"article-data__date-modified\"><time class=\"published\" datetime=\"2022-10-20T13:33:00+00:00\">This article was originally published on&nbsp;<span class=\"2\">octubre 20, 2022<\/span>&nbsp;and was most recently updated on&nbsp;<span>junio 13, 2023<\/span><\/time><br><\/div><\/div><\/div><div class=\"user-info\">    <div class=\"user-info__body\">\r\n      <div class=\"user-info__caption\"><span>Contributors:<\/span><\/div>\r\n\t\t\t        <div class=\"user-info__wrap \">\r\n          <div class=\"user-info__data\">\r\n            <div class=\"user-info__data__info\">\r\n              <div class=\"photo\">\r\n\t\t\t\t\t\t\t\t<img width=\"66\" height=\"61\" src=\"https:\/\/nutrident.fr\/wp-content\/uploads\/2023\/06\/unnamed-66x61.jpg\" class=\"attachment-profileImageAuthor size-profileImageAuthor wp-post-image\" alt=\"Dr Abel Jes\u00fas Pederzoli\" loading=\"lazy\" srcset=\"https:\/\/nutrident.fr\/wp-content\/uploads\/2023\/06\/unnamed-66x61.jpg 66w, https:\/\/nutrident.fr\/wp-content\/uploads\/2023\/06\/unnamed-300x279.jpg 300w, https:\/\/nutrident.fr\/wp-content\/uploads\/2023\/06\/unnamed-1024x952.jpg 1024w, https:\/\/nutrident.fr\/wp-content\/uploads\/2023\/06\/unnamed-768x714.jpg 768w, https:\/\/nutrident.fr\/wp-content\/uploads\/2023\/06\/unnamed-204x190.jpg 204w, https:\/\/nutrident.fr\/wp-content\/uploads\/2023\/06\/unnamed-120x112.jpg 120w, https:\/\/nutrident.fr\/wp-content\/uploads\/2023\/06\/unnamed.jpg 1125w\" sizes=\"(max-width: 66px) 100vw, 66px\" \/>              <\/div>\r\n              <a href=\"https:\/\/nutrident.fr\/es\/author\/dr-abel-jesus-pederzoli\/\" class=\"name\">Dr Abel Jes\u00fas Pederzoli<\/a>\r\n            <\/div>\r\n            <div class=\"user-info__data__social\">\r\n\t\t\t\t\t\t\t\t\t\t\t\t\t\t\t\t\t\t\t\t\t          <a href=\"https:\/\/clinicaleixample.es\/\"\r\n             class=\"soc-item website\">website<\/a>\r\n\t\t\t\t          <a href=\"http:\/\/linkedin.com\/in\/abel-jes%C3%BAs-pederzoli\"\r\n             class=\"soc-item linkedin\">linkedin<\/a>\r\n\t\t\t\t            <\/div>\r\n          <\/div>\r\n          <div class=\"user-info__description\">\r\n\t\t\t\t\t\t\t\t\t\t\t\t\t<p>Con t\u00edtulos obtenidos en la Facultad de Odontolog\u00eda de la Universidad Nacional de La Plata y una participaci\u00f3n activa en congresos y jornadas, el Dr. Pederzoli se mantiene actualizado en las \u00faltimas t\u00e9cnicas y avances en odontolog\u00eda. Actualmente se encuentra desarrollando un proyecto de consultor\u00eda tecnol\u00f3gica aplicada a cl\u00ednicas dentales.<\/p>\n\t\t\t\t\t\t          <\/div>\r\n        <\/div>\r\n\t\t\t\t    <\/div>\r\n\t<\/div><!--copyscapeskip--><div class=\"medical_references\"><div class=\"medical_references__heading\"><span>Fuentes M\u00e9dicas<\/span><\/div><div class=\"medical_references__list\"><p><strong>ScienceDirect: <\/strong><a href=\"https:\/\/www.sciencedirect.com\/science\/article\/abs\/pii\/S0929693X0400630X\" target=\"_blank\" rel=\"noopener\">Fluorose dentaire : diagnostic \u00e9tiologique.<\/a><span class=\"title-text\">\u00a0Consultado el 18 de octubre de 2022.<\/span><\/p>\n<div id=\"banner\" class=\"Banner\">\n<div class=\"wrapper truncated\">\n<div class=\"AuthorGroups text-xs\">\n<div id=\"author-group\" class=\"author-group\"><strong>Association Dentaire Canadienne. <\/strong><a href=\"https:\/\/www.cda-adc.ca\/fr\/oral_health\/faqs\/fluoride_faqs.asp\" target=\"_blank\" rel=\"noopener\">FAQ sur le fluorure<\/a>.\u00a0<span class=\"title-text\">Consultado el 18 de octubre de 2022.<\/span><\/div>\n<\/div>\n<\/div>\n<\/div>\n<\/div><\/div><!--\/copyscapeskip-->","protected":false},"excerpt":{"rendered":"<p>Contributor:&nbsp; Dr Abel Jes\u00fas Pederzoli Updated:&nbsp;junio 13, 2023 Tener manchas blancas en los dientes es un fen\u00f3meno com\u00fan relacionado con diversos factores, como el consumo excesivo de fl\u00faor, la desmineralizaci\u00f3n dental o una caries incipiente, por nombrar algunos. Las personas que tienen este tipo de manchas suelen estar bastante acomplejadas y tratan de ocultar sus [&hellip;]<\/p>\n","protected":false},"author":10,"featured_media":16394,"parent":0,"menu_order":0,"comment_status":"open","ping_status":"open","template":"","meta":{"inline_featured_image":false},"acf":[],"_links":{"self":[{"href":"https:\/\/nutrident.fr\/es\/wp-json\/wp\/v2\/pages\/16393"}],"collection":[{"href":"https:\/\/nutrident.fr\/es\/wp-json\/wp\/v2\/pages"}],"about":[{"href":"https:\/\/nutrident.fr\/es\/wp-json\/wp\/v2\/types\/page"}],"author":[{"embeddable":true,"href":"https:\/\/nutrident.fr\/es\/wp-json\/wp\/v2\/users\/10"}],"replies":[{"embeddable":true,"href":"https:\/\/nutrident.fr\/es\/wp-json\/wp\/v2\/comments?post=16393"}],"version-history":[{"count":22,"href":"https:\/\/nutrident.fr\/es\/wp-json\/wp\/v2\/pages\/16393\/revisions"}],"predecessor-version":[{"id":21853,"href":"https:\/\/nutrident.fr\/es\/wp-json\/wp\/v2\/pages\/16393\/revisions\/21853"}],"wp:featuredmedia":[{"embeddable":true,"href":"https:\/\/nutrident.fr\/es\/wp-json\/wp\/v2\/media\/16394"}],"wp:attachment":[{"href":"https:\/\/nutrident.fr\/es\/wp-json\/wp\/v2\/media?parent=16393"}],"curies":[{"name":"wp","href":"https:\/\/api.w.org\/{rel}","templated":true}]}}