

{"id":16415,"date":"2022-10-20T08:08:49","date_gmt":"2022-10-20T08:08:49","guid":{"rendered":"https:\/\/nutrident.fr\/?page_id=16415"},"modified":"2023-06-13T10:10:18","modified_gmt":"2023-06-13T10:10:18","slug":"bruxismo","status":"publish","type":"page","link":"https:\/\/nutrident.fr\/es\/bruxismo\/","title":{"rendered":"Bruxismo: qu\u00e9 hacer y a qui\u00e9n consultar"},"content":{"rendered":"<div class=\"meta\"><div class=\"meta__users\">    <div class=\"meta__users__reviewed\">\r\n      <p class=\"meta__users__caption\">Contributor:&nbsp;<\/p>\r\n      <div class=\"users\">\r\n        <span class=\"users__user\">\r\n          <a href=\"#\">Dr Abel Jes\u00fas Pederzoli<\/a>\r\n        <\/span>\r\n      <\/div>\r\n    <\/div>\r\n\t<\/div><div class=\"meta__date-modified\">Updated:&nbsp;<span>junio 13, 2023<\/span><\/div><\/div><div class=\"wp-block-image\">\n<figure class=\"alignright size-large is-resized\"><img src=\"https:\/\/nutrident.fr\/wp-content\/uploads\/2023\/06\/causas-del-bruxismo-1024x682.jpg\" alt=\"\" class=\"wp-image-21371\" width=\"300\" height=\"200\" srcset=\"https:\/\/nutrident.fr\/wp-content\/uploads\/2023\/06\/causas-del-bruxismo-1024x682.jpg 1024w, https:\/\/nutrident.fr\/wp-content\/uploads\/2023\/06\/causas-del-bruxismo-300x200.jpg 300w, https:\/\/nutrident.fr\/wp-content\/uploads\/2023\/06\/causas-del-bruxismo-768x512.jpg 768w, https:\/\/nutrident.fr\/wp-content\/uploads\/2023\/06\/causas-del-bruxismo-1536x1024.jpg 1536w, https:\/\/nutrident.fr\/wp-content\/uploads\/2023\/06\/causas-del-bruxismo-254x169.jpg 254w, https:\/\/nutrident.fr\/wp-content\/uploads\/2023\/06\/causas-del-bruxismo-66x44.jpg 66w, https:\/\/nutrident.fr\/wp-content\/uploads\/2023\/06\/causas-del-bruxismo-120x80.jpg 120w, https:\/\/nutrident.fr\/wp-content\/uploads\/2023\/06\/causas-del-bruxismo.jpg 2000w\" sizes=\"(max-width: 300px) 100vw, 300px\" \/><figcaption>Rechinar los dientes puede tener graves consecuencias<\/figcaption><\/figure><\/div>\n\n\n<p>El bruxismo es una afecci\u00f3n que se caracteriza por el rechinamiento o apretamiento inconsciente de los dientes, especialmente durante el sue\u00f1o. Esto puede ocasionar diversos efectos negativos sobre la salud dental pero tambi\u00e9n sobre la salud general de la persona afectada. <\/p>\n\n\n\n<p>El dentista no es el \u00fanico que debe intervenir en el tratamiento del bruxismo, ya que hay m\u00faltiples factores, a menudo psicol\u00f3gicos, relacionados con el desarrollo de esta condici\u00f3n. Por esta raz\u00f3n, en este art\u00edculo aclaramos tus dudas respecto a qui\u00e9n debes consultar si sufres de esta afecci\u00f3n.<\/p>\n\n\n\n<div id=\"ez-toc-container\" class=\"ez-toc-v2_0_33_2 counter-hierarchy ez-toc-counter ez-toc-white ez-toc-container-direction\">\n<div class=\"ez-toc-title-container\">\n<p class=\"ez-toc-title\">Contenus<\/p>\n<span class=\"ez-toc-title-toggle\"><a href=\"#\" class=\"ez-toc-pull-right ez-toc-btn ez-toc-btn-xs ez-toc-btn-default ez-toc-toggle\" style=\"display: none;\"><label for=\"item\" aria-label=\"Tabla de contenidos\"><i class=\"ez-toc-glyphicon ez-toc-icon-toggle\"><\/i><\/label><input type=\"checkbox\" id=\"item\"><\/a><\/span><\/div>\n<nav><ul class='ez-toc-list ez-toc-list-level-1'><li class='ez-toc-page-1 ez-toc-heading-level-2'><a class=\"ez-toc-link ez-toc-heading-1\" href=\"https:\/\/nutrident.fr\/es\/bruxismo\/#%C2%BFQue_es_el_bruxismo_y_cuales_son_sus_efectos_secundarios\" title=\"\u00bfQu\u00e9 es el bruxismo y cu\u00e1les son sus efectos secundarios?\">\u00bfQu\u00e9 es el bruxismo y cu\u00e1les son sus efectos secundarios?<\/a><\/li><li class='ez-toc-page-1 ez-toc-heading-level-2'><a class=\"ez-toc-link ez-toc-heading-2\" href=\"https:\/\/nutrident.fr\/es\/bruxismo\/#Bruxismo_causas_y_a_quien_consultar\" title=\"Bruxismo: causas y a qui\u00e9n consultar\">Bruxismo: causas y a qui\u00e9n consultar<\/a><\/li><li class='ez-toc-page-1 ez-toc-heading-level-2'><a class=\"ez-toc-link ez-toc-heading-3\" href=\"https:\/\/nutrident.fr\/es\/bruxismo\/#Preguntas_frecuentes\" title=\"Preguntas frecuentes\">Preguntas frecuentes<\/a><\/li><\/ul><\/nav><\/div>\n<h2><span class=\"ez-toc-section\" id=\"%C2%BFQue_es_el_bruxismo_y_cuales_son_sus_efectos_secundarios\"><\/span>\u00bfQu\u00e9 es el bruxismo y cu\u00e1les son sus efectos secundarios?<span class=\"ez-toc-section-end\"><\/span><\/h2>\n\n\n\n<p>El bruxismo se considera una <strong>disfunci\u00f3n de la articulaci\u00f3n temporomandibular (<\/strong><a href=\"https:\/\/nutrident.fr\/es\/sindrome-atm\/\" target=\"_blank\" data-type=\"URL\" data-id=\"https:\/\/nutrident.fr\/es\/sindrome-atm\/\" rel=\"noreferrer noopener\">ATM<\/a>). El bruxismo est\u00e1tico implica s\u00f3lo apretar los dientes con fuerza en todo momento, mientras que el bruxismo din\u00e1mico a\u00f1ade el h\u00e1bito de rechinar los dientes moviendo el maxilar inferior, la mand\u00edbula, contra el maxilar superior.<\/p>\n\n\n<div class=\"wp-block-image\">\n<figure class=\"alignright size-large is-resized\"><img src=\"https:\/\/nutrident.fr\/wp-content\/uploads\/2023\/06\/dolor-musculos-bruxismo-1024x682.jpg\" alt=\"bruxismo\" class=\"wp-image-21374\" width=\"300\" height=\"200\" srcset=\"https:\/\/nutrident.fr\/wp-content\/uploads\/2023\/06\/dolor-musculos-bruxismo-1024x682.jpg 1024w, https:\/\/nutrident.fr\/wp-content\/uploads\/2023\/06\/dolor-musculos-bruxismo-300x200.jpg 300w, https:\/\/nutrident.fr\/wp-content\/uploads\/2023\/06\/dolor-musculos-bruxismo-768x512.jpg 768w, https:\/\/nutrident.fr\/wp-content\/uploads\/2023\/06\/dolor-musculos-bruxismo-1536x1024.jpg 1536w, https:\/\/nutrident.fr\/wp-content\/uploads\/2023\/06\/dolor-musculos-bruxismo-254x169.jpg 254w, https:\/\/nutrident.fr\/wp-content\/uploads\/2023\/06\/dolor-musculos-bruxismo-66x44.jpg 66w, https:\/\/nutrident.fr\/wp-content\/uploads\/2023\/06\/dolor-musculos-bruxismo-120x80.jpg 120w, https:\/\/nutrident.fr\/wp-content\/uploads\/2023\/06\/dolor-musculos-bruxismo.jpg 2000w\" sizes=\"(max-width: 300px) 100vw, 300px\" \/><figcaption>El bruxismo puede provocar dolores musculares en la cara<\/figcaption><\/figure><\/div>\n\n\n<p>El paciente con bruxismo no es necesariamente consciente de ello, especialmente si s\u00f3lo se produce por la noche. Una forma de comprobar que sufres de esta afecci\u00f3n es cuando<strong> sientes dolor en los m\u00fasculos faciales<\/strong> por la tensi\u00f3n o si tu mand\u00edbula cruje. Por otro lado, el bruxismo produce efectos negativos en los dientes que tambi\u00e9n podr\u00edan ser un signo de alerta.<\/p>\n\n\n\n<p>El <strong>desgaste prematuro del <a href=\"https:\/\/nutrident.fr\/es\/esmalte-dental-tratamiento\/\">esmalte<\/a><\/strong> dental se produce por el efecto de frotar continuamente los dientes inferiores contra los superiores. Las consecuencias son dolorosas y ponen en riesgo los dientes, ya que el esmalte se agrieta y se desprende, creando peque\u00f1as astillas. Las bacterias encuentran en estos espacios un entorno favorable para el desarrollo de caries.<\/p>\n\n\n\n<p>Cuando los dientes no se alinean adecuadamente, se altera la forma en que encajan entre s\u00ed y esto puede provocar una<strong> maloclusi\u00f3n<\/strong>. Esta condici\u00f3n impide cerrar la boca correctamente, lo que provoca deformidades faciales, as\u00ed como problemas de habla y masticaci\u00f3n que pueden ocasionar trastornos digestivos. Adem\u00e1s, el excesivo movimiento de los m\u00fasculos de la mand\u00edbula puede provocar <strong>cambios en la apariencia facial<\/strong>.<\/p>\n\n\n\n<h2><span class=\"ez-toc-section\" id=\"Bruxismo_causas_y_a_quien_consultar\"><\/span>Bruxismo: causas y a qui\u00e9n consultar<span class=\"ez-toc-section-end\"><\/span><\/h2>\n\n\n\n<p>El bruxismo puede ser causado por una maloclusi\u00f3n dental, lo que puede desencadenar un c\u00edrculo vicioso que empeorar\u00e1 la condici\u00f3n. No obstante, <strong>la causa m\u00e1s com\u00fan es el estr\u00e9s<\/strong>, afectando principalmente a personas con ansiedad e hiperactividad. Tambi\u00e9n suele afectar a individuos con apnea del sue\u00f1o, seguidos de aquellos que presentan ciertos comportamientos y h\u00e1bitos desfavorables, como el consumo excesivo de <a href=\"https:\/\/nutrident.fr\/es\/alcohol-y-dientes\/\" target=\"_blank\" data-type=\"URL\" data-id=\"https:\/\/nutrident.fr\/es\/alcohol-y-dientes\/\" rel=\"noreferrer noopener\">alcohol<\/a> o drogas.<\/p>\n\n\n\n<p>Por ello es necesario consultar con varios profesionales: el dentista puede tratar las consecuencias del bruxismo en los dientes, pero tambi\u00e9n es necesario<strong> acudir a un terapeuta o psic\u00f3logo<\/strong> para encontrar y tratar las causas.<\/p>\n\n\n\n<figure class=\"wp-block-embed is-type-video is-provider-youtube wp-block-embed-youtube wp-embed-aspect-16-9 wp-has-aspect-ratio\"><div class=\"wp-block-embed__wrapper\">\n<iframe title=\"5 EJERCICIOS para tu BRUXISMO\" width=\"500\" height=\"281\" src=\"https:\/\/www.youtube.com\/embed\/FFOvYrs3UHw?feature=oembed\" frameborder=\"0\" allow=\"accelerometer; autoplay; clipboard-write; encrypted-media; gyroscope; picture-in-picture; web-share\" allowfullscreen><\/iframe>\n<\/div><\/figure>\n\n\n\n<h3>El dentista para prevenir y tratar las consecuencias del bruxismo<\/h3>\n\n\n<div class=\"wp-block-image\">\n<figure class=\"alignright size-large is-resized\"><img src=\"https:\/\/nutrident.fr\/wp-content\/uploads\/2023\/06\/bruxismo-y-migrana-1024x683.jpg\" alt=\"\" class=\"wp-image-21377\" width=\"300\" height=\"200\" srcset=\"https:\/\/nutrident.fr\/wp-content\/uploads\/2023\/06\/bruxismo-y-migrana-1024x683.jpg 1024w, https:\/\/nutrident.fr\/wp-content\/uploads\/2023\/06\/bruxismo-y-migrana-300x200.jpg 300w, https:\/\/nutrident.fr\/wp-content\/uploads\/2023\/06\/bruxismo-y-migrana-768x512.jpg 768w, https:\/\/nutrident.fr\/wp-content\/uploads\/2023\/06\/bruxismo-y-migrana-1536x1024.jpg 1536w, https:\/\/nutrident.fr\/wp-content\/uploads\/2023\/06\/bruxismo-y-migrana-254x169.jpg 254w, https:\/\/nutrident.fr\/wp-content\/uploads\/2023\/06\/bruxismo-y-migrana-66x44.jpg 66w, https:\/\/nutrident.fr\/wp-content\/uploads\/2023\/06\/bruxismo-y-migrana-120x80.jpg 120w, https:\/\/nutrident.fr\/wp-content\/uploads\/2023\/06\/bruxismo-y-migrana.jpg 1999w\" sizes=\"(max-width: 300px) 100vw, 300px\" \/><figcaption>El dolor de cabeza es uno de los s\u00edntomas del bruxismo<\/figcaption><\/figure><\/div>\n\n\n<p>El dentista te recomendar\u00e1 usar una <a href=\"https:\/\/nutrident.fr\/es\/ferulas-dentales-antibruxismo\/\" data-type=\"URL\" data-id=\"https:\/\/nutrident.fr\/es\/ferulas-dentales-antibruxismo\/\" target=\"_blank\" rel=\"noreferrer noopener\">f\u00e9rula dental<\/a>, unos dispositivos que <strong>impiden el contacto directo entre los dientes<\/strong> superiores e inferiores, evitando as\u00ed que se da\u00f1e el esmalte. Se llevan por la noche y con menor frecuencia durante el d\u00eda si existe alg\u00fan tipo de fractura mandibular.<\/p>\n\n\n\n<p>El dentista tambi\u00e9n tratar\u00e1 los da\u00f1os en el esmalte causados por el bruxismo e incluso puede considerar la cirug\u00eda o <a href=\"https:\/\/nutrident.fr\/es\/ortodoncia\/como-evitar\/\" target=\"_blank\" rel=\"noreferrer noopener\">la ortodoncia<\/a> si sufres de maloclusi\u00f3n.<\/p>\n\n\n\n<h3>Terapia para tratar las causas del bruxismo<\/h3>\n\n\n\n<p>El bruxismo no se puede curar con medicamentos, ya que es necesario <strong>encontrar la causa psicol\u00f3gica<\/strong>. Depende de ti encontrar la terapia adecuada para la ansiedad o el estr\u00e9s. Algunas personas recurren a la psicoterapia, mientras que otras prefieren m\u00e9todos alternativos: sofrolog\u00eda, meditaci\u00f3n, yoga, relajaci\u00f3n, etc.<\/p>\n\n\n\n<h2><span class=\"ez-toc-section\" id=\"Preguntas_frecuentes\"><\/span>Preguntas frecuentes<span class=\"ez-toc-section-end\"><\/span><\/h2>\n\n\n<div id=\"rank-math-faq\" class=\"rank-math-block\">\n<div class=\"rank-math-list \">\n<div id=\"faq-question-1685614731698\" class=\"rank-math-list-item\">\n<h3 class=\"rank-math-question \">\u00bfC\u00f3mo tratar el bruxismo naturalmente?<\/h3>\n<div class=\"rank-math-answer \">\n\n<p>Existen algunas t\u00e9cnicas que puedes utilizar para tratar de aliviar la causa subyacente del bruxismo. Esto incluye masajes o el uso de compresas calientes en los m\u00fasculos mandibulares, m\u00e9todos de relajaci\u00f3n como la meditaci\u00f3n o el yoga, entre otros.<\/p>\n\n<\/div>\n<\/div>\n<div id=\"faq-question-1685614830580\" class=\"rank-math-list-item\">\n<h3 class=\"rank-math-question \">\u00bfC\u00f3mo saber si se sufre de bruxismo?<\/h3>\n<div class=\"rank-math-answer \">\n\n<p>El rechinamiento dental suele ocurrir mientras dormimos, por lo que puede ser dificil detectarlo. No obstante, el sonido que produce el frotar los dientes puede ser suficiente para despertar a otra persona que duerma contigo, quien te alertar\u00e1 de lo que est\u00e1 sucediendo. Otros s\u00edntomas incluyen el tener los dientes aplanados, astillados o fracturados, sufrir de sensibilidad dental o de dolores en los m\u00fasculos faciales, despertarse con dolor de cabeza, entre otros.<\/p>\n\n<\/div>\n<\/div>\n<\/div>\n<\/div><div class=\"article-data before-content\"><div class=\"article-data__date\"><div class=\"article-data__date-modified\"><time class=\"published\" datetime=\"2022-10-20T08:08:49+00:00\">This article was originally published on&nbsp;<span class=\"2\">octubre 20, 2022<\/span>&nbsp;and was most recently updated on&nbsp;<span>junio 13, 2023<\/span><\/time><br><\/div><\/div><\/div><div class=\"user-info\">    <div class=\"user-info__body\">\r\n      <div class=\"user-info__caption\"><span>Contributors:<\/span><\/div>\r\n\t\t\t        <div class=\"user-info__wrap \">\r\n          <div class=\"user-info__data\">\r\n            <div class=\"user-info__data__info\">\r\n              <div class=\"photo\">\r\n\t\t\t\t\t\t\t\t<img width=\"66\" height=\"61\" src=\"https:\/\/nutrident.fr\/wp-content\/uploads\/2023\/06\/unnamed-66x61.jpg\" class=\"attachment-profileImageAuthor size-profileImageAuthor wp-post-image\" alt=\"Dr Abel Jes\u00fas Pederzoli\" loading=\"lazy\" srcset=\"https:\/\/nutrident.fr\/wp-content\/uploads\/2023\/06\/unnamed-66x61.jpg 66w, https:\/\/nutrident.fr\/wp-content\/uploads\/2023\/06\/unnamed-300x279.jpg 300w, https:\/\/nutrident.fr\/wp-content\/uploads\/2023\/06\/unnamed-1024x952.jpg 1024w, https:\/\/nutrident.fr\/wp-content\/uploads\/2023\/06\/unnamed-768x714.jpg 768w, https:\/\/nutrident.fr\/wp-content\/uploads\/2023\/06\/unnamed-204x190.jpg 204w, https:\/\/nutrident.fr\/wp-content\/uploads\/2023\/06\/unnamed-120x112.jpg 120w, https:\/\/nutrident.fr\/wp-content\/uploads\/2023\/06\/unnamed.jpg 1125w\" sizes=\"(max-width: 66px) 100vw, 66px\" \/>              <\/div>\r\n              <a href=\"https:\/\/nutrident.fr\/es\/author\/dr-abel-jesus-pederzoli\/\" class=\"name\">Dr Abel Jes\u00fas Pederzoli<\/a>\r\n            <\/div>\r\n            <div class=\"user-info__data__social\">\r\n\t\t\t\t\t\t\t\t\t\t\t\t\t\t\t\t\t\t\t\t\t          <a href=\"https:\/\/clinicaleixample.es\/\"\r\n             class=\"soc-item website\">website<\/a>\r\n\t\t\t\t          <a href=\"http:\/\/linkedin.com\/in\/abel-jes%C3%BAs-pederzoli\"\r\n             class=\"soc-item linkedin\">linkedin<\/a>\r\n\t\t\t\t            <\/div>\r\n          <\/div>\r\n          <div class=\"user-info__description\">\r\n\t\t\t\t\t\t\t\t\t\t\t\t\t<p>Con t\u00edtulos obtenidos en la Facultad de Odontolog\u00eda de la Universidad Nacional de La Plata y una participaci\u00f3n activa en congresos y jornadas, el Dr. Pederzoli se mantiene actualizado en las \u00faltimas t\u00e9cnicas y avances en odontolog\u00eda. Actualmente se encuentra desarrollando un proyecto de consultor\u00eda tecnol\u00f3gica aplicada a cl\u00ednicas dentales.<\/p>\n\t\t\t\t\t\t          <\/div>\r\n        <\/div>\r\n\t\t\t\t    <\/div>\r\n\t<\/div><!--copyscapeskip--><div class=\"medical_references\"><div class=\"medical_references__heading\"><span>Fuentes M\u00e9dicas<\/span><\/div><div class=\"medical_references__list\"><p><strong>Scielo:<\/strong> <a href=\"https:\/\/scielo.isciii.es\/pdf\/odonto\/v19n3\/original2.pdf\" target=\"_blank\" rel=\"noopener\">Bruxismo<\/a>. Consultado el 20 de octubre 2022.<\/p>\n<\/div><\/div><!--\/copyscapeskip-->","protected":false},"excerpt":{"rendered":"<p>Contributor:&nbsp; Dr Abel Jes\u00fas Pederzoli Updated:&nbsp;junio 13, 2023 El bruxismo es una afecci\u00f3n que se caracteriza por el rechinamiento o apretamiento inconsciente de los dientes, especialmente durante el sue\u00f1o. Esto puede ocasionar diversos efectos negativos sobre la salud dental pero tambi\u00e9n sobre la salud general de la persona afectada. El dentista no es el \u00fanico [&hellip;]<\/p>\n","protected":false},"author":2,"featured_media":21368,"parent":0,"menu_order":0,"comment_status":"open","ping_status":"open","template":"","meta":{"inline_featured_image":false},"acf":[],"_links":{"self":[{"href":"https:\/\/nutrident.fr\/es\/wp-json\/wp\/v2\/pages\/16415"}],"collection":[{"href":"https:\/\/nutrident.fr\/es\/wp-json\/wp\/v2\/pages"}],"about":[{"href":"https:\/\/nutrident.fr\/es\/wp-json\/wp\/v2\/types\/page"}],"author":[{"embeddable":true,"href":"https:\/\/nutrident.fr\/es\/wp-json\/wp\/v2\/users\/2"}],"replies":[{"embeddable":true,"href":"https:\/\/nutrident.fr\/es\/wp-json\/wp\/v2\/comments?post=16415"}],"version-history":[{"count":28,"href":"https:\/\/nutrident.fr\/es\/wp-json\/wp\/v2\/pages\/16415\/revisions"}],"predecessor-version":[{"id":21780,"href":"https:\/\/nutrident.fr\/es\/wp-json\/wp\/v2\/pages\/16415\/revisions\/21780"}],"wp:featuredmedia":[{"embeddable":true,"href":"https:\/\/nutrident.fr\/es\/wp-json\/wp\/v2\/media\/21368"}],"wp:attachment":[{"href":"https:\/\/nutrident.fr\/es\/wp-json\/wp\/v2\/media?parent=16415"}],"curies":[{"name":"wp","href":"https:\/\/api.w.org\/{rel}","templated":true}]}}