

{"id":16494,"date":"2022-10-22T11:06:00","date_gmt":"2022-10-22T11:06:00","guid":{"rendered":"https:\/\/nutrident.fr\/?page_id=16494"},"modified":"2022-10-22T11:07:39","modified_gmt":"2022-10-22T11:07:39","slug":"riesgos-de-los-implantes-dentales","status":"publish","type":"page","link":"https:\/\/nutrident.fr\/es\/riesgos-de-los-implantes-dentales\/","title":{"rendered":"Riesgos de los implantes dentales"},"content":{"rendered":"<div class=\"meta\"><div class=\"meta__users\"><\/div><div class=\"meta__date-modified\">Updated:&nbsp;<span>octubre 22, 2022<\/span><\/div><\/div><p>Cuando un diente est\u00e1 demasiado da\u00f1ado para ser sustituido, tu dentista puede sugerirte un implante dental. Se trata de una soluci\u00f3n bastante cara, pero tiene muchas ventajas: el implante es invisible, c\u00f3modo (porque no se siente en la boca) y duradero.<\/p>\n<p><a href=\"https:\/\/nutrident.fr\/es\/\">Nutrident<\/a> te informa de los riesgos &#8211; m\u00ednimos &#8211; que puede entra\u00f1ar la colocaci\u00f3n de un implante dental. De hecho, aunque nunca hay riesgo cero, los implantes son una t\u00e9cnica muy segura que dominan perfectamente los dentistas. La tasa de \u00e9xito es del 95%.<\/p>\n<p><img class=\"alignnone size-medium wp-image-16504\" src=\"https:\/\/nutrident.fr\/wp-content\/uploads\/2022\/10\/Riesgos-de-los-implantes-300x300.jpg\" alt=\"Riesgos de los implantes\" width=\"300\" height=\"300\" srcset=\"https:\/\/nutrident.fr\/wp-content\/uploads\/2022\/10\/Riesgos-de-los-implantes-300x300.jpg 300w, https:\/\/nutrident.fr\/wp-content\/uploads\/2022\/10\/Riesgos-de-los-implantes-150x150.jpg 150w, https:\/\/nutrident.fr\/wp-content\/uploads\/2022\/10\/Riesgos-de-los-implantes-768x768.jpg 768w, https:\/\/nutrident.fr\/wp-content\/uploads\/2022\/10\/Riesgos-de-los-implantes-190x190.jpg 190w, https:\/\/nutrident.fr\/wp-content\/uploads\/2022\/10\/Riesgos-de-los-implantes.jpg 1000w\" sizes=\"(max-width: 300px) 100vw, 300px\" \/><\/p>\n<div id=\"ez-toc-container\" class=\"ez-toc-v2_0_33_2 counter-hierarchy ez-toc-counter ez-toc-white ez-toc-container-direction\">\n<div class=\"ez-toc-title-container\">\n<p class=\"ez-toc-title\">Contenus<\/p>\n<span class=\"ez-toc-title-toggle\"><a href=\"#\" class=\"ez-toc-pull-right ez-toc-btn ez-toc-btn-xs ez-toc-btn-default ez-toc-toggle\" style=\"display: none;\"><label for=\"item\" aria-label=\"Tabla de contenidos\"><i class=\"ez-toc-glyphicon ez-toc-icon-toggle\"><\/i><\/label><input type=\"checkbox\" id=\"item\"><\/a><\/span><\/div>\n<nav><ul class='ez-toc-list ez-toc-list-level-1'><li class='ez-toc-page-1 ez-toc-heading-level-2'><a class=\"ez-toc-link ez-toc-heading-1\" href=\"https:\/\/nutrident.fr\/es\/riesgos-de-los-implantes-dentales\/#Breve_repaso\" title=\"Breve repaso\">Breve repaso<\/a><\/li><li class='ez-toc-page-1 ez-toc-heading-level-2'><a class=\"ez-toc-link ez-toc-heading-2\" href=\"https:\/\/nutrident.fr\/es\/riesgos-de-los-implantes-dentales\/#Accidentes_durante_la_instalacion\" title=\"Accidentes durante la instalaci\u00f3n\">Accidentes durante la instalaci\u00f3n<\/a><\/li><li class='ez-toc-page-1 ez-toc-heading-level-2'><a class=\"ez-toc-link ez-toc-heading-3\" href=\"https:\/\/nutrident.fr\/es\/riesgos-de-los-implantes-dentales\/#Riesgos_postoperatorios\" title=\"Riesgos postoperatorios\">Riesgos postoperatorios<\/a><\/li><\/ul><\/nav><\/div>\n<h2><span class=\"ez-toc-section\" id=\"Breve_repaso\"><\/span>Breve repaso<span class=\"ez-toc-section-end\"><\/span><\/h2>\n<p>Un implante dental consta de tres partes.<\/p>\n<ol>\n<li>El implante de titanio propiamente dicho, que sustituye a la ra\u00edz de tu diente y se inserta en el hueso maxilar.<\/li>\n<li>El pilar, que se une al implante.<\/li>\n<li>La corona de cer\u00e1mica, que se coloca sobre el pilar.<\/li>\n<\/ol>\n<h2><span class=\"ez-toc-section\" id=\"Accidentes_durante_la_instalacion\"><\/span>Accidentes durante la instalaci\u00f3n<span class=\"ez-toc-section-end\"><\/span><\/h2>\n<p>En casos excepcionales, el pilar unido al implante puede desprenderse o romperse. (El implante en s\u00ed no puede romperse, ya que est\u00e1 hecho de titanio). En este caso, el dentista tendr\u00e1 que realizar una nueva instalaci\u00f3n. Nada grave, solo una cita extra.<\/p>\n<p>M\u00e1s raramente, el pilar puede romperse al colocar la corona. Una vez m\u00e1s, corre a cargo de tu dentista la repetici\u00f3n de la sesi\u00f3n.<\/p>\n<p>Durante el proceso de implantaci\u00f3n, los peque\u00f1os nervios pueden resultar da\u00f1ados y perder su sensibilidad, pero se recuperar\u00e1n de forma natural. Si un nervio se comprime, la zona se volver\u00e1 dolorosa y tu dentista tendr\u00e1 que reposicionar la pr\u00f3tesis para liberarte.<\/p>\n<p><img class=\"alignnone size-medium wp-image-16508\" src=\"https:\/\/nutrident.fr\/wp-content\/uploads\/2022\/10\/Riesgos-de-los-implantes-en-el-postoperatorio-300x225.jpg\" alt=\"Riesgos de los implantes en el postoperatorio\" width=\"300\" height=\"225\" srcset=\"https:\/\/nutrident.fr\/wp-content\/uploads\/2022\/10\/Riesgos-de-los-implantes-en-el-postoperatorio-300x225.jpg 300w, https:\/\/nutrident.fr\/wp-content\/uploads\/2022\/10\/Riesgos-de-los-implantes-en-el-postoperatorio-768x576.jpg 768w, https:\/\/nutrident.fr\/wp-content\/uploads\/2022\/10\/Riesgos-de-los-implantes-en-el-postoperatorio-254x190.jpg 254w, https:\/\/nutrident.fr\/wp-content\/uploads\/2022\/10\/Riesgos-de-los-implantes-en-el-postoperatorio.jpg 1000w\" sizes=\"(max-width: 300px) 100vw, 300px\" \/><\/p>\n<p>El \u00faltimo problema durante la instalaci\u00f3n puede deberse a que el dentista haya perforado algo m\u00e1s de la cuenta. El \u00fanico riesgo en este caso es experimentar algo de dolor postoperatorio debido a un peque\u00f1o edema. El dentista te recetar\u00e1 analg\u00e9sicos para aliviarte durante los d\u00edas hasta que tu boca sane, pero esto no afecta al implante.<\/p>\n<h2><span class=\"ez-toc-section\" id=\"Riesgos_postoperatorios\"><\/span>Riesgos postoperatorios<span class=\"ez-toc-section-end\"><\/span><\/h2>\n<p>Una vez atornillado en el hueso de la mand\u00edbula, el implante debe integrarse, lo que se denomina osteointegraci\u00f3n. Esto lleva varios meses. El primer riesgo es la proliferaci\u00f3n de bacterias, lo que significa que debes prestar especial atenci\u00f3n a tu higiene bucal despu\u00e9s de la operaci\u00f3n.<\/p>\n<p>Hay casos excepcionales en los que el implante no se integra en el hueso. Esto puede deberse a una enfermedad cr\u00f3nica, como la diabetes o la osteoporosis. En este caso, tu dentista retirar\u00e1 el implante y te ofrecer\u00e1 otra soluci\u00f3n.<\/p>\n<p>Tambi\u00e9n debes evitar masticar en la zona del implante, para no moverlo, ni arriesgarte a lesionarse la enc\u00eda expuesta.<\/p>\n<p>Es normal que te sientas un poco dolorido al volver a casa. Si tu cuerpo es sensible, puede ser que la zona del diente tratado est\u00e9 roja e hinchada. Incluso pueden aparecer moratones en la cara.<\/p>\n<p>Si despu\u00e9s de unos d\u00edas sigues experimentando dolor o sangrado, debes acudir a tu dentista para que compruebe si hay inflamaci\u00f3n e infecci\u00f3n.<\/p>\n<p>Afortunadamente, todas estas complicaciones siguen siendo excepcionales.<\/p>\n<div class=\"article-data before-content\"><div class=\"article-data__date\"><div class=\"article-data__date-modified\"><time class=\"published\" datetime=\"2022-10-22T11:06:00+00:00\">This article was originally published on&nbsp;<span class=\"2\">octubre 22, 2022<\/span>&nbsp;and was most recently updated on&nbsp;<span>octubre 22, 2022<\/span><\/time><br><\/div><\/div><\/div><div class=\"user-info\"><\/div><!--copyscapeskip--><div class=\"medical_references\"><div class=\"medical_references__heading\"><span>Fuentes M\u00e9dicas<\/span><\/div><div class=\"medical_references__list\"><p>Researchgate.net: <a href=\"https:\/\/www.researchgate.net\/publication\/323258563_Factores_de_riesgo_en_Implantologia_Oral_Revision_de_la_literatura\" target=\"_blank\" rel=\"noopener\">Factores de riesgo en Implantolog\u00eda Oral. Revisi\u00f3n de la literatura<\/a>. Consultado el 20 de octubre de 2022.<\/p>\n<\/div><\/div><!--\/copyscapeskip-->","protected":false},"excerpt":{"rendered":"<p>Updated:&nbsp;octubre 22, 2022Cuando un diente est\u00e1 demasiado da\u00f1ado para ser sustituido, tu dentista puede sugerirte un implante dental. Se trata de una soluci\u00f3n bastante cara, pero tiene muchas ventajas: el implante es invisible, c\u00f3modo (porque no se siente en la boca) y duradero. Nutrident te informa de los riesgos &#8211; m\u00ednimos &#8211; que puede entra\u00f1ar [&hellip;]<\/p>\n","protected":false},"author":10,"featured_media":16495,"parent":0,"menu_order":0,"comment_status":"open","ping_status":"open","template":"","meta":{"inline_featured_image":false},"acf":[],"_links":{"self":[{"href":"https:\/\/nutrident.fr\/es\/wp-json\/wp\/v2\/pages\/16494"}],"collection":[{"href":"https:\/\/nutrident.fr\/es\/wp-json\/wp\/v2\/pages"}],"about":[{"href":"https:\/\/nutrident.fr\/es\/wp-json\/wp\/v2\/types\/page"}],"author":[{"embeddable":true,"href":"https:\/\/nutrident.fr\/es\/wp-json\/wp\/v2\/users\/10"}],"replies":[{"embeddable":true,"href":"https:\/\/nutrident.fr\/es\/wp-json\/wp\/v2\/comments?post=16494"}],"version-history":[{"count":12,"href":"https:\/\/nutrident.fr\/es\/wp-json\/wp\/v2\/pages\/16494\/revisions"}],"predecessor-version":[{"id":16522,"href":"https:\/\/nutrident.fr\/es\/wp-json\/wp\/v2\/pages\/16494\/revisions\/16522"}],"wp:featuredmedia":[{"embeddable":true,"href":"https:\/\/nutrident.fr\/es\/wp-json\/wp\/v2\/media\/16495"}],"wp:attachment":[{"href":"https:\/\/nutrident.fr\/es\/wp-json\/wp\/v2\/media?parent=16494"}],"curies":[{"name":"wp","href":"https:\/\/api.w.org\/{rel}","templated":true}]}}