

{"id":16549,"date":"2022-10-21T10:35:38","date_gmt":"2022-10-21T10:35:38","guid":{"rendered":"https:\/\/nutrident.fr\/?page_id=16549"},"modified":"2023-06-30T20:19:57","modified_gmt":"2023-06-30T20:19:57","slug":"elevacion-de-seno-maxilar","status":"publish","type":"page","link":"https:\/\/nutrident.fr\/es\/elevacion-de-seno-maxilar\/","title":{"rendered":"Elevaci\u00f3n del seno maxilal: todo lo que necesitas saber sobre el injerto de hueso dental"},"content":{"rendered":"<div class=\"meta\"><div class=\"meta__users\">    <div class=\"meta__users__reviewed\">\r\n      <p class=\"meta__users__caption\">Contributor:&nbsp;<\/p>\r\n      <div class=\"users\">\r\n        <span class=\"users__user\">\r\n          <a href=\"#\">Dr Abel Jes\u00fas Pederzoli<\/a>\r\n        <\/span>\r\n      <\/div>\r\n    <\/div>\r\n\t<\/div><div class=\"meta__date-modified\">Updated:&nbsp;<span>junio 30, 2023<\/span><\/div><\/div><div class=\"wp-block-image\">\n<figure class=\"alignright\"><img width=\"225\" height=\"300\" src=\"https:\/\/nutrident.fr\/wp-content\/uploads\/2022\/10\/Colocacion-de-implante-tras-elevacion-de-seno-225x300.jpg\" alt=\"Colocaci\u00f3n de implante tras elevaci\u00f3n de seno\" class=\"wp-image-16572\" srcset=\"https:\/\/nutrident.fr\/wp-content\/uploads\/2022\/10\/Colocacion-de-implante-tras-elevacion-de-seno-225x300.jpg 225w, https:\/\/nutrident.fr\/wp-content\/uploads\/2022\/10\/Colocacion-de-implante-tras-elevacion-de-seno-768x1024.jpg 768w, https:\/\/nutrident.fr\/wp-content\/uploads\/2022\/10\/Colocacion-de-implante-tras-elevacion-de-seno-1152x1536.jpg 1152w, https:\/\/nutrident.fr\/wp-content\/uploads\/2022\/10\/Colocacion-de-implante-tras-elevacion-de-seno-143x190.jpg 143w, https:\/\/nutrident.fr\/wp-content\/uploads\/2022\/10\/Colocacion-de-implante-tras-elevacion-de-seno.jpg 1500w\" sizes=\"(max-width: 225px) 100vw, 225px\" \/><\/figure><\/div>\n\n\n<p>La elevaci\u00f3n de seno maxilar es un procedimiento quir\u00fargico que permite colocar implantes en pacientes que tienen una densidad \u00f3sea insuficiente. Si tu mand\u00edbula o maxilar superior no es lo suficientemente grueso para ponerte un implante dental, tu dentista te sugerir\u00e1 una elevaci\u00f3n de seno. <\/p>\n\n\n\n<p>En este art\u00edculo, exploraremos en qu\u00e9 consiste esta intervenci\u00f3n quir\u00fargica, cu\u00e1ndo es necesaria y c\u00f3mo funciona<\/p>\n\n\n\n<div id=\"ez-toc-container\" class=\"ez-toc-v2_0_33_2 counter-hierarchy ez-toc-counter ez-toc-white ez-toc-container-direction\">\n<div class=\"ez-toc-title-container\">\n<p class=\"ez-toc-title\">Contenus<\/p>\n<span class=\"ez-toc-title-toggle\"><a href=\"#\" class=\"ez-toc-pull-right ez-toc-btn ez-toc-btn-xs ez-toc-btn-default ez-toc-toggle\" style=\"display: none;\"><label for=\"item\" aria-label=\"Tabla de contenidos\"><i class=\"ez-toc-glyphicon ez-toc-icon-toggle\"><\/i><\/label><input type=\"checkbox\" id=\"item\"><\/a><\/span><\/div>\n<nav><ul class='ez-toc-list ez-toc-list-level-1'><li class='ez-toc-page-1 ez-toc-heading-level-2'><a class=\"ez-toc-link ez-toc-heading-1\" href=\"https:\/\/nutrident.fr\/es\/elevacion-de-seno-maxilar\/#%C2%BFQue_es_una_elevacion_de_seno_maxilar\" title=\"\u00bfQu\u00e9 es una elevaci\u00f3n de seno maxilar?\">\u00bfQu\u00e9 es una elevaci\u00f3n de seno maxilar?<\/a><\/li><li class='ez-toc-page-1 ez-toc-heading-level-2'><a class=\"ez-toc-link ez-toc-heading-2\" href=\"https:\/\/nutrident.fr\/es\/elevacion-de-seno-maxilar\/#%C2%BFCuando_es_necesaria_la_elevacion_seno_maxilar\" title=\"\u00bfCu\u00e1ndo es necesaria la elevaci\u00f3n seno maxilar?\">\u00bfCu\u00e1ndo es necesaria la elevaci\u00f3n seno maxilar?<\/a><\/li><li class='ez-toc-page-1 ez-toc-heading-level-2'><a class=\"ez-toc-link ez-toc-heading-3\" href=\"https:\/\/nutrident.fr\/es\/elevacion-de-seno-maxilar\/#%C2%BFComo_funciona_el_levantamiento_de_seno\" title=\"\u00bfC\u00f3mo funciona el levantamiento de seno?\">\u00bfC\u00f3mo funciona el levantamiento de seno?<\/a><\/li><li class='ez-toc-page-1 ez-toc-heading-level-2'><a class=\"ez-toc-link ez-toc-heading-4\" href=\"https:\/\/nutrident.fr\/es\/elevacion-de-seno-maxilar\/#Preguntas_frecuentes\" title=\"Preguntas frecuentes\">Preguntas frecuentes<\/a><\/li><\/ul><\/nav><\/div>\n<h2><span class=\"ez-toc-section\" id=\"%C2%BFQue_es_una_elevacion_de_seno_maxilar\"><\/span>\u00bfQu\u00e9 es una elevaci\u00f3n de seno maxilar?<span class=\"ez-toc-section-end\"><\/span><\/h2>\n\n\n\n<p>Los implantes dentales son a veces necesarios cuando un diente est\u00e1 demasiado deteriorado para usar una corona. En estos casos, el dentista extrae el diente da\u00f1ado y coloca un implante que se fija al hueso maxilar. Pero para que el implante sea viable y quede bien sujeto, el hueso debe tener una densidad m\u00ednima de entre 8 y 10 mm.<\/p>\n\n\n\n<p>La elevaci\u00f3n de seno se utiliza cuando es necesrio reemplazar un diente en el maxilar superior mediante un implante pero el hueso no tiene la densidad necesaria. El seno maxilar es una cavidad que se encuentra a cada lado de las fosas nasales.<\/p>\n\n\n\n<p>El procedimiento de elevaci\u00f3n de seno implica levantar la membrana del seno y rellenar el espacio resultante con un injerto \u00f3seo para estimular el crecimiento del hueso y obtener una densidad adecuada para poder colocar el o los implantes dentales.<\/p>\n\n\n\n<h2><span class=\"ez-toc-section\" id=\"%C2%BFCuando_es_necesaria_la_elevacion_seno_maxilar\"><\/span>\u00bfCu\u00e1ndo es necesaria la elevaci\u00f3n seno maxilar?<span class=\"ez-toc-section-end\"><\/span><\/h2>\n\n\n<div class=\"wp-block-image\">\n<figure class=\"alignright\"><img width=\"300\" height=\"225\" src=\"https:\/\/nutrident.fr\/wp-content\/uploads\/2022\/10\/Cirugia-de-elevacion-de-seno-maxilar-300x225.jpg\" alt=\"Cirug\u00eda de elevaci\u00f3n de seno maxilar\" class=\"wp-image-16577\" srcset=\"https:\/\/nutrident.fr\/wp-content\/uploads\/2022\/10\/Cirugia-de-elevacion-de-seno-maxilar-300x225.jpg 300w, https:\/\/nutrident.fr\/wp-content\/uploads\/2022\/10\/Cirugia-de-elevacion-de-seno-maxilar-1024x768.jpg 1024w, https:\/\/nutrident.fr\/wp-content\/uploads\/2022\/10\/Cirugia-de-elevacion-de-seno-maxilar-768x576.jpg 768w, https:\/\/nutrident.fr\/wp-content\/uploads\/2022\/10\/Cirugia-de-elevacion-de-seno-maxilar-1536x1152.jpg 1536w, https:\/\/nutrident.fr\/wp-content\/uploads\/2022\/10\/Cirugia-de-elevacion-de-seno-maxilar-254x190.jpg 254w, https:\/\/nutrident.fr\/wp-content\/uploads\/2022\/10\/Cirugia-de-elevacion-de-seno-maxilar.jpg 2000w\" sizes=\"(max-width: 300px) 100vw, 300px\" \/><\/figure><\/div>\n\n\n<p>El seno maxilar se tiene que elevar cuando se ha perdido un diente y no ha sido sustituido r\u00e1pidamente por un implante, ya que esto estimula la p\u00e9rdida de tejido \u00f3seo. La p\u00e9rdida de varios dientes agrava el fen\u00f3meno.<\/p>\n\n\n\n<p>En el caso de enfermedades como la periodontitis, la masa \u00f3sea se reduce de forma natural y no tiene la densidad suficiente para acomodar el implante.<\/p>\n\n\n\n<h2><span class=\"ez-toc-section\" id=\"%C2%BFComo_funciona_el_levantamiento_de_seno\"><\/span>\u00bfC\u00f3mo funciona el levantamiento de seno?<span class=\"ez-toc-section-end\"><\/span><\/h2>\n\n\n\n<p>La operaci\u00f3n de levantamiento de seno se realiza con anestesia local. El cirujano hace una incisi\u00f3n en la enc\u00eda y crea un orificio en el hueso para poder elevar la cavidad del seno maxilar. A continuaci\u00f3n, se rellena el espacio entre el seno y el hueso con un injerto \u00f3seo y se cierra cuidadosamente la enc\u00eda. El injerto \u00f3seo puede ser un trozo de hueso extra\u00eddo del paciente o un sustituto hecho de biomateriales.<\/p>\n\n\n\n<p>En este v\u00eddeo puedes ver de forma muy clara y sencilla como se hace la elevaci\u00f3n del seno.<\/p>\n\n\n\n<figure class=\"wp-block-embed is-type-video is-provider-youtube wp-block-embed-youtube wp-embed-aspect-16-9 wp-has-aspect-ratio\"><div class=\"wp-block-embed__wrapper\">\n<iframe title=\"Docteur Le Page \/ Le Sinus Lift ou Greffe du Sinus\" width=\"500\" height=\"281\" src=\"https:\/\/www.youtube.com\/embed\/v2pbB_fSBno?feature=oembed\" frameborder=\"0\" allow=\"accelerometer; autoplay; clipboard-write; encrypted-media; gyroscope; picture-in-picture; web-share\" allowfullscreen><\/iframe>\n<\/div><\/figure>\n\n\n\n<p>El acceso al seno puede ser crestal, es decir, desde la l\u00ednea de la enc\u00eda donde estaba el diente natural, o lateral, es decir, perpendicular a la implantaci\u00f3n de los dientes. Esta segunda soluci\u00f3n se prefiere cuando el volumen del injerto es mayor.<\/p>\n\n\n\n<p>Despu\u00e9s del procedimiento es necesario esperar entre 6 y 9 meses para que el hueso crezca y se estabilice antes de poder fijar el implante.<\/p>\n\n\n\n<p>La elevaci\u00f3n de los senos paranasales es una interveci\u00f3n quir\u00fargica medianamente invasiva, pero se efect\u00faa de forma bastante habitual. Si tu dentista te recomienda este procedimiento, es porque no existe otra alternativa viable. El coste de la operaci\u00f3n puede variar significativamente seg\u00fan el profesional dental, especialmente al tener en cuenta la instalaci\u00f3n del implante que se realiza posteriormente a la elevaci\u00f3n de seno.<\/p>\n\n\n\n<p>Te recomendamos pedir un presupuesto a tu dentista y, en caso de tener un seguro dental privado, verficar con tu aseguradora qu\u00e9 porcentaje del tratamiento cubre. Es importante tener en cuenta que la seguridad social no ofrece cobertura para este tipo de procedimientos. <\/p>\n\n\n\n<h2><span class=\"ez-toc-section\" id=\"Preguntas_frecuentes\"><\/span>Preguntas frecuentes<span class=\"ez-toc-section-end\"><\/span><\/h2>\n\n\n<div id=\"rank-math-faq\" class=\"rank-math-block\">\n<div class=\"rank-math-list \">\n<div id=\"faq-question-1688155961575\" class=\"rank-math-list-item\">\n<h3 class=\"rank-math-question \">\u00bfCu\u00e1nto tarda en curar una elevaci\u00f3n de seno maxilar?<\/h3>\n<div class=\"rank-math-answer \">\n\n<p>La cicatrizaci\u00f3n de la zona intervenida suele ser bastante r\u00e1pida y tarda alrededor de una semana. Sin embargo, el injerto \u00f3seo tomar\u00e1 varios meses en sanar y tendr\u00e1s que esperar entre seis y nueve meses para poder someterte a la cirug\u00eda de implantes dentales.<\/p>\n\n<\/div>\n<\/div>\n<div id=\"faq-question-1688156086182\" class=\"rank-math-list-item\">\n<h3 class=\"rank-math-question \">\u00bfCu\u00e1nto tiempo dura el dolor despu\u00e9s de un injerto de hueso dental?<\/h3>\n<div class=\"rank-math-answer \">\n\n<p>El dolor de la cirug\u00eda de elevaci\u00f3n de seno maxilar suele durar entre 5-7 d\u00edas. Es importante que consultes con tu dentista si a\u00fan sigues sintiendo dolor despu\u00e9s de una semana.<\/p>\n\n<\/div>\n<\/div>\n<\/div>\n<\/div><div class=\"article-data before-content\"><div class=\"article-data__date\"><div class=\"article-data__date-modified\"><time class=\"published\" datetime=\"2022-10-21T10:35:38+00:00\">This article was originally published on&nbsp;<span class=\"2\">octubre 21, 2022<\/span>&nbsp;and was most recently updated on&nbsp;<span>junio 30, 2023<\/span><\/time><br><\/div><\/div><\/div><div class=\"user-info\">    <div class=\"user-info__body\">\r\n      <div class=\"user-info__caption\"><span>Contributors:<\/span><\/div>\r\n\t\t\t        <div class=\"user-info__wrap \">\r\n          <div class=\"user-info__data\">\r\n            <div class=\"user-info__data__info\">\r\n              <div class=\"photo\">\r\n\t\t\t\t\t\t\t\t<img width=\"66\" height=\"61\" src=\"https:\/\/nutrident.fr\/wp-content\/uploads\/2023\/06\/unnamed-66x61.jpg\" class=\"attachment-profileImageAuthor size-profileImageAuthor wp-post-image\" alt=\"Dr Abel Jes\u00fas Pederzoli\" loading=\"lazy\" srcset=\"https:\/\/nutrident.fr\/wp-content\/uploads\/2023\/06\/unnamed-66x61.jpg 66w, https:\/\/nutrident.fr\/wp-content\/uploads\/2023\/06\/unnamed-300x279.jpg 300w, https:\/\/nutrident.fr\/wp-content\/uploads\/2023\/06\/unnamed-1024x952.jpg 1024w, https:\/\/nutrident.fr\/wp-content\/uploads\/2023\/06\/unnamed-768x714.jpg 768w, https:\/\/nutrident.fr\/wp-content\/uploads\/2023\/06\/unnamed-204x190.jpg 204w, https:\/\/nutrident.fr\/wp-content\/uploads\/2023\/06\/unnamed-120x112.jpg 120w, https:\/\/nutrident.fr\/wp-content\/uploads\/2023\/06\/unnamed.jpg 1125w\" sizes=\"(max-width: 66px) 100vw, 66px\" \/>              <\/div>\r\n              <a href=\"https:\/\/nutrident.fr\/es\/author\/dr-abel-jesus-pederzoli\/\" class=\"name\">Dr Abel Jes\u00fas Pederzoli<\/a>\r\n            <\/div>\r\n            <div class=\"user-info__data__social\">\r\n\t\t\t\t\t\t\t\t\t\t\t\t\t\t\t\t\t\t\t\t\t          <a href=\"https:\/\/clinicaleixample.es\/\"\r\n             class=\"soc-item website\">website<\/a>\r\n\t\t\t\t          <a href=\"http:\/\/linkedin.com\/in\/abel-jes%C3%BAs-pederzoli\"\r\n             class=\"soc-item linkedin\">linkedin<\/a>\r\n\t\t\t\t            <\/div>\r\n          <\/div>\r\n          <div class=\"user-info__description\">\r\n\t\t\t\t\t\t\t\t\t\t\t\t\t<p>Con t\u00edtulos obtenidos en la Facultad de Odontolog\u00eda de la Universidad Nacional de La Plata y una participaci\u00f3n activa en congresos y jornadas, el Dr. Pederzoli se mantiene actualizado en las \u00faltimas t\u00e9cnicas y avances en odontolog\u00eda. Actualmente se encuentra desarrollando un proyecto de consultor\u00eda tecnol\u00f3gica aplicada a cl\u00ednicas dentales.<\/p>\n\t\t\t\t\t\t          <\/div>\r\n        <\/div>\r\n\t\t\t\t    <\/div>\r\n\t<\/div><!--copyscapeskip--><div class=\"medical_references\"><div class=\"medical_references__heading\"><span>Fuentes M\u00e9dicas<\/span><\/div><div class=\"medical_references__list\"><p><strong>Scielo:<\/strong> <a href=\"https:\/\/scielo.isciii.es\/pdf\/peri\/v27n3\/original5.pdf\" target=\"_blank\" rel=\"noopener\">La elevaci\u00f3n del seno maxilar en el tratamiento con implantes dentales. Un estudio a 4 a\u00f1os<\/a>. Consultado el 29 de junio de 2023.<\/p>\n<\/div><\/div><!--\/copyscapeskip-->","protected":false},"excerpt":{"rendered":"<p>Contributor:&nbsp; Dr Abel Jes\u00fas Pederzoli Updated:&nbsp;junio 30, 2023 La elevaci\u00f3n de seno maxilar es un procedimiento quir\u00fargico que permite colocar implantes en pacientes que tienen una densidad \u00f3sea insuficiente. Si tu mand\u00edbula o maxilar superior no es lo suficientemente grueso para ponerte un implante dental, tu dentista te sugerir\u00e1 una elevaci\u00f3n de seno. En este [&hellip;]<\/p>\n","protected":false},"author":10,"featured_media":8327,"parent":0,"menu_order":0,"comment_status":"open","ping_status":"open","template":"","meta":{"inline_featured_image":false},"acf":[],"_links":{"self":[{"href":"https:\/\/nutrident.fr\/es\/wp-json\/wp\/v2\/pages\/16549"}],"collection":[{"href":"https:\/\/nutrident.fr\/es\/wp-json\/wp\/v2\/pages"}],"about":[{"href":"https:\/\/nutrident.fr\/es\/wp-json\/wp\/v2\/types\/page"}],"author":[{"embeddable":true,"href":"https:\/\/nutrident.fr\/es\/wp-json\/wp\/v2\/users\/10"}],"replies":[{"embeddable":true,"href":"https:\/\/nutrident.fr\/es\/wp-json\/wp\/v2\/comments?post=16549"}],"version-history":[{"count":37,"href":"https:\/\/nutrident.fr\/es\/wp-json\/wp\/v2\/pages\/16549\/revisions"}],"predecessor-version":[{"id":22381,"href":"https:\/\/nutrident.fr\/es\/wp-json\/wp\/v2\/pages\/16549\/revisions\/22381"}],"wp:featuredmedia":[{"embeddable":true,"href":"https:\/\/nutrident.fr\/es\/wp-json\/wp\/v2\/media\/8327"}],"wp:attachment":[{"href":"https:\/\/nutrident.fr\/es\/wp-json\/wp\/v2\/media?parent=16549"}],"curies":[{"name":"wp","href":"https:\/\/api.w.org\/{rel}","templated":true}]}}