

{"id":16593,"date":"2022-10-27T16:22:07","date_gmt":"2022-10-27T16:22:07","guid":{"rendered":"https:\/\/nutrident.fr\/?page_id=16593"},"modified":"2023-06-13T10:42:37","modified_gmt":"2023-06-13T10:42:37","slug":"turismo-dental","status":"publish","type":"page","link":"https:\/\/nutrident.fr\/es\/turismo-dental\/","title":{"rendered":"Turismo dental: los destinos m\u00e1s populares para tratamientos dentales asequibles y de calidad"},"content":{"rendered":"<div class=\"meta\"><div class=\"meta__users\">    <div class=\"meta__users__reviewed\">\r\n      <p class=\"meta__users__caption\">Contributor:&nbsp;<\/p>\r\n      <div class=\"users\">\r\n        <span class=\"users__user\">\r\n          <a href=\"#\">Dr Abel Jes\u00fas Pederzoli<\/a>\r\n        <\/span>\r\n      <\/div>\r\n    <\/div>\r\n\t<\/div><div class=\"meta__date-modified\">Updated:&nbsp;<span>junio 13, 2023<\/span><\/div><\/div><div class=\"wp-block-image\">\n<figure class=\"alignright size-full\"><img width=\"300\" height=\"200\" src=\"https:\/\/nutrident.fr\/wp-content\/uploads\/2022\/06\/Depositphotos_106847700_m-2015-300x200-1.jpg\" alt=\"\" class=\"wp-image-11198\" srcset=\"https:\/\/nutrident.fr\/wp-content\/uploads\/2022\/06\/Depositphotos_106847700_m-2015-300x200-1.jpg 300w, https:\/\/nutrident.fr\/wp-content\/uploads\/2022\/06\/Depositphotos_106847700_m-2015-300x200-1-254x169.jpg 254w\" sizes=\"(max-width: 300px) 100vw, 300px\" \/><figcaption>El turismo dental se ha vuelto m\u00e1s popular en los \u00faltimos a\u00f1os<\/figcaption><\/figure><\/div>\n\n\n<p>Es innegable que los tratamientos dentales son caros. Si solo requieres una revisi\u00f3n anual y una limpieza profesional, es probable que los seguros dentales en Espa\u00f1a cubran los gastos, pero cuando se trata de procedimientos m\u00e1s complejos, los precios aumentan y se vuelven innaccesibles para la mayor\u00eda de las personas.<\/p>\n\n\n\n<p>Sin embargo, muchos de los problemas dentales que no cubre la seguridad social ni las p\u00f3lizas privadas requieren tratamiento, ya que las consecuencias pueden ser muy graves y pueden llegar a afectar todo el organismo.<\/p>\n\n\n\n<p>La reducci\u00f3n de los costes de los viajes en avi\u00f3n ha dado lugar a un nuevo fen\u00f3meno: <a href=\"https:\/\/nutrident.fr\/es\/turismo-dental\/\" data-type=\"URL\" data-id=\"https:\/\/nutrident.fr\/es\/turismo-dental\/\" target=\"_blank\" rel=\"noreferrer noopener\">el turismo dental<\/a>.  En <a href=\"https:\/\/nutrident.fr\/es\/\" target=\"_blank\" rel=\"noreferrer noopener\">Nutrident<\/a> te llevamos de viaje y te ofrecemos consejos sobre los <strong>mejores destinos<\/strong> para recibir atenci\u00f3n dental en excelentes condiciones, a precios m\u00e1s bajos que en Espa\u00f1a.<\/p>\n\n\n\n<div id=\"ez-toc-container\" class=\"ez-toc-v2_0_33_2 counter-hierarchy ez-toc-counter ez-toc-white ez-toc-container-direction\">\n<div class=\"ez-toc-title-container\">\n<p class=\"ez-toc-title\">Contenus<\/p>\n<span class=\"ez-toc-title-toggle\"><a href=\"#\" class=\"ez-toc-pull-right ez-toc-btn ez-toc-btn-xs ez-toc-btn-default ez-toc-toggle\" style=\"display: none;\"><label for=\"item\" aria-label=\"Tabla de contenidos\"><i class=\"ez-toc-glyphicon ez-toc-icon-toggle\"><\/i><\/label><input type=\"checkbox\" id=\"item\"><\/a><\/span><\/div>\n<nav><ul class='ez-toc-list ez-toc-list-level-1'><li class='ez-toc-page-1 ez-toc-heading-level-2'><a class=\"ez-toc-link ez-toc-heading-1\" href=\"https:\/\/nutrident.fr\/es\/turismo-dental\/#%C2%BFPor_que_recurrir_al_turismo_dental\" title=\"\u00bfPor qu\u00e9 recurrir al turismo dental?\">\u00bfPor qu\u00e9 recurrir al turismo dental?<\/a><\/li><li class='ez-toc-page-1 ez-toc-heading-level-2'><a class=\"ez-toc-link ez-toc-heading-2\" href=\"https:\/\/nutrident.fr\/es\/turismo-dental\/#Hungria_como_primera_opcion\" title=\"Hungr\u00eda como primera opci\u00f3n\">Hungr\u00eda como primera opci\u00f3n<\/a><\/li><li class='ez-toc-page-1 ez-toc-heading-level-2'><a class=\"ez-toc-link ez-toc-heading-3\" href=\"https:\/\/nutrident.fr\/es\/turismo-dental\/#Portugal_otro_destino_de_calidad\" title=\"Portugal, otro destino de calidad\">Portugal, otro destino de calidad<\/a><\/li><li class='ez-toc-page-1 ez-toc-heading-level-2'><a class=\"ez-toc-link ez-toc-heading-4\" href=\"https:\/\/nutrident.fr\/es\/turismo-dental\/#Polonia\" title=\"Polonia\">Polonia<\/a><\/li><li class='ez-toc-page-1 ez-toc-heading-level-2'><a class=\"ez-toc-link ez-toc-heading-5\" href=\"https:\/\/nutrident.fr\/es\/turismo-dental\/#Preguntas_frecuentes\" title=\"Preguntas frecuentes\">Preguntas frecuentes<\/a><\/li><\/ul><\/nav><\/div>\n<h2><span class=\"ez-toc-section\" id=\"%C2%BFPor_que_recurrir_al_turismo_dental\"><\/span>\u00bfPor qu\u00e9 recurrir al turismo dental?<span class=\"ez-toc-section-end\"><\/span><\/h2>\n\n\n\n<p><strong>Hungr\u00eda<\/strong>, <strong>Portugal <\/strong>y <strong>Polonia<\/strong> lideran la lista en lo que a turismo dental se refiere. Estos tres pa\u00edses cuentan con profesionales altamente cualificados y con un nivel de habilidad equiparable a los dentistas espa\u00f1oles. Adem\u00e1s, sus cl\u00ednicas dentales cuentan con instalaciones t\u00e9cnicas de primer nivel y altos est\u00e1ndares de higiene que rivalizan con los de las cl\u00ednicas de Espa\u00f1a.<\/p>\n\n\n\n<p>Los precios de tratamientos importantes, como implantes o coronas, suelen ser m\u00e1s bajos que en Espa\u00f1a. Esta diferencia se explica por el hecho de que el <strong>coste de la mano de obra<\/strong> es demasiado elevado en Espa\u00f1a y que nuestros profesionales no pueden competir en igualdad de condiciones debido a sus tarifas.<\/p>\n\n\n\n<h2><span class=\"ez-toc-section\" id=\"Hungria_como_primera_opcion\"><\/span>Hungr\u00eda como primera opci\u00f3n<span class=\"ez-toc-section-end\"><\/span><\/h2>\n\n\n\n<p><a href=\"https:\/\/nutrident.fr\/es\/turismo-dental-hungria\/\">Hungr\u00eda es el pa\u00eds l\u00edder en turismo dental<\/a>. La atenci\u00f3n odontol\u00f3gica en este pa\u00eds es <strong>de alt\u00edsima calidad<\/strong>, sus profesionales se forman en las mejores escuelas y cuentan con equipos multiling\u00fces altamente cualificados. Las cl\u00ednicas est\u00e1n equipadas con la \u00faltima tecnolog\u00eda y mantienen un nivel de higiene ejemplar. Adem\u00e1s, los tratamientos dentales en Hungr\u00eda pueden llegar a costar la mitad de lo que cuestan en Espa\u00f1a.<\/p>\n\n\n\n<p>Los dentistas h\u00fangaros se benefician de las mejores escuelas de su pa\u00eds y a menudo estudian y se forman en el extranjero para ampliar sus conocimientos. Todos hablan ingl\u00e9s e incluso espa\u00f1ol en algunas cl\u00ednicas. Hungr\u00eda ha comprendido desde hace tiempo la importancia del turismo dental, mucho antes que cualquier otro pa\u00eds.<\/p>\n\n\n<div class=\"wp-block-image\">\n<figure class=\"alignright size-full\"><img width=\"300\" height=\"158\" src=\"https:\/\/nutrident.fr\/wp-content\/uploads\/2022\/06\/categorie4-2-300x158-1.jpg\" alt=\"\" class=\"wp-image-11201\" srcset=\"https:\/\/nutrident.fr\/wp-content\/uploads\/2022\/06\/categorie4-2-300x158-1.jpg 300w, https:\/\/nutrident.fr\/wp-content\/uploads\/2022\/06\/categorie4-2-300x158-1-254x134.jpg 254w\" sizes=\"(max-width: 300px) 100vw, 300px\" \/><figcaption>Las cl\u00ednicas h\u00fangaras est\u00e1n equipadas con la tecnolog\u00eda m\u00e1s avanzada<\/figcaption><\/figure><\/div>\n\n\n<p>Este sector se ha desarrollado desde los a\u00f1os setenta y ahora tienen una gran experiencia. El resultado es extremadamente positivo y no corres ning\u00fan riesgo al elegir Hungr\u00eda como destino dental. Incluso puedes encontrar cl\u00ednicas dentales que ofrecen <strong>paquetes con todo incluido<\/strong>, con billetes de avi\u00f3n y alojamiento, adem\u00e1s del tratamiento.<\/p>\n\n\n\n<p>Por otro lado, este pa\u00eds de Europa del Este es un <strong>destino tur\u00edstico muy interesante<\/strong>, con un rico y apasionante patrimonio natural e hist\u00f3rico. Si planeas someterte a un tratamiento que requiera varias sesiones, te recomendamos que te tomes el tiempo de explorar lo que este maravilloso pa\u00eds tiene para ofrecer. Te sorprender\u00e1 la c\u00e1lida hospitalidad de sus habitantes y te sentir\u00e1s seguro en todo momento, ya que el riesgo de agresiones u otros inconvenientes es m\u00ednimo.<\/p>\n\n\n\n<p>Existen conexiones a\u00e9reas desde muchas ciudades de Espa\u00f1a. Su capital, Budapest, est\u00e1 a un poco m\u00e1s de <strong>tres horas de Madrid<\/strong>.<\/p>\n\n\n\n<h2><span class=\"ez-toc-section\" id=\"Portugal_otro_destino_de_calidad\"><\/span>Portugal, otro destino de calidad<span class=\"ez-toc-section-end\"><\/span><\/h2>\n\n\n\n<p>Portugal es el segundo destino que recomendamos. Los precios son un poco menos atractivos que en Hungr\u00eda, pero siguen siendo <strong>m\u00e1s baratos que en Espa\u00f1a<\/strong> y est\u00e1 mucho m\u00e1s cerca. Si vas a Portugal, entender\u00e1s por qu\u00e9 es tambi\u00e9n uno de los destinos favoritos de los jubilados espa\u00f1oles. Sus cl\u00ednicas dentales son de alt\u00edsima calidad y es un pa\u00eds muy tur\u00edstico con mucho que ofrecer.<\/p>\n\n\n\n<p>Puedes encontrar billetes de avi\u00f3n a precios muy bajos y la vida all\u00ed es muy barata (alojamiento, comida y alquiler de coches). Adem\u00e1s, la calidad de la atenci\u00f3n sanitaria es excelente.<\/p>\n\n\n\n<h2><span class=\"ez-toc-section\" id=\"Polonia\"><\/span>Polonia<span class=\"ez-toc-section-end\"><\/span><\/h2>\n\n\n\n<p>Polonia tambi\u00e9n es un pa\u00eds muy popular por <strong>la calidad de su atenci\u00f3n dental<\/strong>, por lo que es una posibilidad que hay que considerar seriamente. Los precios tambi\u00e9n son un poco m\u00e1s altos que en Hungr\u00eda, pero la calidad de los tratamientos dentales y de las instalaciones sanitarias es de las mejores.<\/p>\n\n\n\n<h2><span class=\"ez-toc-section\" id=\"Preguntas_frecuentes\"><\/span>Preguntas frecuentes<span class=\"ez-toc-section-end\"><\/span><\/h2>\n\n\n<div id=\"rank-math-faq\" class=\"rank-math-block\">\n<div class=\"rank-math-list \">\n<div id=\"faq-question-1657868769128\" class=\"rank-math-list-item\">\n<h3 class=\"rank-math-question \">\u00bfCu\u00e1les son los mejores pa\u00edses para hacerse un tratamiento dental?<\/h3>\n<div class=\"rank-math-answer \">\n\n<p>Hungr\u00eda, Polonia y Portugal son conocidos por facilitar una atenci\u00f3n dental de calidad a un coste m\u00e1s bajo que en Espa\u00f1a.<\/p>\n\n<\/div>\n<\/div>\n<div id=\"faq-question-1657868775935\" class=\"rank-math-list-item\">\n<h3 class=\"rank-math-question \">\u00bfCu\u00e1l es la mejor cl\u00ednica dental de Turqu\u00eda?<\/h3>\n<div class=\"rank-math-answer \">\n\n<p>Mientras que Hungr\u00eda, Portugal y Polonia son muy conocidos por el turismo dental, Turqu\u00eda tambi\u00e9n cuenta con cl\u00ednicas dentales de calidad muy valoradas por los pacientes extranjeros.<\/p>\n\n<\/div>\n<\/div>\n<\/div>\n<\/div><div class=\"article-data before-content\"><div class=\"article-data__date\"><div class=\"article-data__date-modified\"><time class=\"published\" datetime=\"2022-10-27T16:22:07+00:00\">This article was originally published on&nbsp;<span class=\"2\">octubre 27, 2022<\/span>&nbsp;and was most recently updated on&nbsp;<span>junio 13, 2023<\/span><\/time><br><\/div><\/div><\/div><div class=\"user-info\">    <div class=\"user-info__body\">\r\n      <div class=\"user-info__caption\"><span>Contributors:<\/span><\/div>\r\n\t\t\t        <div class=\"user-info__wrap \">\r\n          <div class=\"user-info__data\">\r\n            <div class=\"user-info__data__info\">\r\n              <div class=\"photo\">\r\n\t\t\t\t\t\t\t\t<img width=\"66\" height=\"61\" src=\"https:\/\/nutrident.fr\/wp-content\/uploads\/2023\/06\/unnamed-66x61.jpg\" class=\"attachment-profileImageAuthor size-profileImageAuthor wp-post-image\" alt=\"Dr Abel Jes\u00fas Pederzoli\" loading=\"lazy\" srcset=\"https:\/\/nutrident.fr\/wp-content\/uploads\/2023\/06\/unnamed-66x61.jpg 66w, https:\/\/nutrident.fr\/wp-content\/uploads\/2023\/06\/unnamed-300x279.jpg 300w, https:\/\/nutrident.fr\/wp-content\/uploads\/2023\/06\/unnamed-1024x952.jpg 1024w, https:\/\/nutrident.fr\/wp-content\/uploads\/2023\/06\/unnamed-768x714.jpg 768w, https:\/\/nutrident.fr\/wp-content\/uploads\/2023\/06\/unnamed-204x190.jpg 204w, https:\/\/nutrident.fr\/wp-content\/uploads\/2023\/06\/unnamed-120x112.jpg 120w, https:\/\/nutrident.fr\/wp-content\/uploads\/2023\/06\/unnamed.jpg 1125w\" sizes=\"(max-width: 66px) 100vw, 66px\" \/>              <\/div>\r\n              <a href=\"https:\/\/nutrident.fr\/es\/author\/dr-abel-jesus-pederzoli\/\" class=\"name\">Dr Abel Jes\u00fas Pederzoli<\/a>\r\n            <\/div>\r\n            <div class=\"user-info__data__social\">\r\n\t\t\t\t\t\t\t\t\t\t\t\t\t\t\t\t\t\t\t\t\t          <a href=\"https:\/\/clinicaleixample.es\/\"\r\n             class=\"soc-item website\">website<\/a>\r\n\t\t\t\t          <a href=\"http:\/\/linkedin.com\/in\/abel-jes%C3%BAs-pederzoli\"\r\n             class=\"soc-item linkedin\">linkedin<\/a>\r\n\t\t\t\t            <\/div>\r\n          <\/div>\r\n          <div class=\"user-info__description\">\r\n\t\t\t\t\t\t\t\t\t\t\t\t\t<p>Con t\u00edtulos obtenidos en la Facultad de Odontolog\u00eda de la Universidad Nacional de La Plata y una participaci\u00f3n activa en congresos y jornadas, el Dr. Pederzoli se mantiene actualizado en las \u00faltimas t\u00e9cnicas y avances en odontolog\u00eda. Actualmente se encuentra desarrollando un proyecto de consultor\u00eda tecnol\u00f3gica aplicada a cl\u00ednicas dentales.<\/p>\n\t\t\t\t\t\t          <\/div>\r\n        <\/div>\r\n\t\t\t\t    <\/div>\r\n\t<\/div>","protected":false},"excerpt":{"rendered":"<p>Contributor:&nbsp; Dr Abel Jes\u00fas Pederzoli Updated:&nbsp;junio 13, 2023 Es innegable que los tratamientos dentales son caros. Si solo requieres una revisi\u00f3n anual y una limpieza profesional, es probable que los seguros dentales en Espa\u00f1a cubran los gastos, pero cuando se trata de procedimientos m\u00e1s complejos, los precios aumentan y se vuelven innaccesibles para la mayor\u00eda [&hellip;]<\/p>\n","protected":false},"author":14,"featured_media":11200,"parent":0,"menu_order":0,"comment_status":"closed","ping_status":"closed","template":"","meta":{"inline_featured_image":false},"acf":[],"_links":{"self":[{"href":"https:\/\/nutrident.fr\/es\/wp-json\/wp\/v2\/pages\/16593"}],"collection":[{"href":"https:\/\/nutrident.fr\/es\/wp-json\/wp\/v2\/pages"}],"about":[{"href":"https:\/\/nutrident.fr\/es\/wp-json\/wp\/v2\/types\/page"}],"author":[{"embeddable":true,"href":"https:\/\/nutrident.fr\/es\/wp-json\/wp\/v2\/users\/14"}],"replies":[{"embeddable":true,"href":"https:\/\/nutrident.fr\/es\/wp-json\/wp\/v2\/comments?post=16593"}],"version-history":[{"count":14,"href":"https:\/\/nutrident.fr\/es\/wp-json\/wp\/v2\/pages\/16593\/revisions"}],"predecessor-version":[{"id":21991,"href":"https:\/\/nutrident.fr\/es\/wp-json\/wp\/v2\/pages\/16593\/revisions\/21991"}],"wp:featuredmedia":[{"embeddable":true,"href":"https:\/\/nutrident.fr\/es\/wp-json\/wp\/v2\/media\/11200"}],"wp:attachment":[{"href":"https:\/\/nutrident.fr\/es\/wp-json\/wp\/v2\/media?parent=16593"}],"curies":[{"name":"wp","href":"https:\/\/api.w.org\/{rel}","templated":true}]}}