

{"id":16600,"date":"2022-10-27T16:31:33","date_gmt":"2022-10-27T16:31:33","guid":{"rendered":"https:\/\/nutrident.fr\/?page_id=16600"},"modified":"2023-06-13T10:42:42","modified_gmt":"2023-06-13T10:42:42","slug":"traumatismos-dentales-en-ninos","status":"publish","type":"page","link":"https:\/\/nutrident.fr\/es\/traumatismos-dentales-en-ninos\/","title":{"rendered":"Traumatismo dental en ni\u00f1os: qu\u00e9 hacer ante una emergencia"},"content":{"rendered":"<div class=\"meta\"><div class=\"meta__users\">    <div class=\"meta__users__reviewed\">\r\n      <p class=\"meta__users__caption\">Contributor:&nbsp;<\/p>\r\n      <div class=\"users\">\r\n        <span class=\"users__user\">\r\n          <a href=\"#\">Dr Abel Jes\u00fas Pederzoli<\/a>\r\n        <\/span>\r\n      <\/div>\r\n    <\/div>\r\n\t<\/div><div class=\"meta__date-modified\">Updated:&nbsp;<span>junio 13, 2023<\/span><\/div><\/div><div class=\"wp-block-image\">\n<figure class=\"alignright size-medium\"><img width=\"300\" height=\"193\" src=\"https:\/\/nutrident.fr\/wp-content\/uploads\/2022\/06\/enfant-dent-cassee-300x193.jpg\" alt=\"Rotura dental infantil\" class=\"wp-image-13353\" srcset=\"https:\/\/nutrident.fr\/wp-content\/uploads\/2022\/06\/enfant-dent-cassee-300x193.jpg 300w, https:\/\/nutrident.fr\/wp-content\/uploads\/2022\/06\/enfant-dent-cassee-768x495.jpg 768w, https:\/\/nutrident.fr\/wp-content\/uploads\/2022\/06\/enfant-dent-cassee-254x164.jpg 254w, https:\/\/nutrident.fr\/wp-content\/uploads\/2022\/06\/enfant-dent-cassee.jpg 1000w\" sizes=\"(max-width: 300px) 100vw, 300px\" \/><figcaption>Es bastante com\u00fan que los ni\u00f1os se rompan un diente. Esto es lo que debes hacer en caso de que le suceda a tu hijo<\/figcaption><\/figure><\/div>\n\n\n<p>Los accidentes en la ni\u00f1ez son comunes y uno de los tipos m\u00e1s comunes de lesiones son los traumatismos dentales. En caso de que tu hijo sufra un accidente que cause una lesi\u00f3n en los dientes, la visita inmediata al dentista es obligatoria. Sin embargo, hay algunas medidas de primeros auxilios que puedes tomar para minimizar los da\u00f1os.<\/p>\n\n\n\n<p>En este art\u00edculo, te explicamos qu\u00e9 hacer en caso de un traumatismo dental en ni\u00f1os, como una fractura u otro tipo de lesi\u00f3n en los dientes.<\/p>\n\n\n\n<div id=\"ez-toc-container\" class=\"ez-toc-v2_0_33_2 counter-hierarchy ez-toc-counter ez-toc-white ez-toc-container-direction\">\n<div class=\"ez-toc-title-container\">\n<p class=\"ez-toc-title\">Contenus<\/p>\n<span class=\"ez-toc-title-toggle\"><a href=\"#\" class=\"ez-toc-pull-right ez-toc-btn ez-toc-btn-xs ez-toc-btn-default ez-toc-toggle\" style=\"display: none;\"><label for=\"item\" aria-label=\"Tabla de contenidos\"><i class=\"ez-toc-glyphicon ez-toc-icon-toggle\"><\/i><\/label><input type=\"checkbox\" id=\"item\"><\/a><\/span><\/div>\n<nav><ul class='ez-toc-list ez-toc-list-level-1'><li class='ez-toc-page-1 ez-toc-heading-level-2'><a class=\"ez-toc-link ez-toc-heading-1\" href=\"https:\/\/nutrident.fr\/es\/traumatismos-dentales-en-ninos\/#Dientes_de_leche_o_dientes_permanente\" title=\"Dientes de leche o dientes permanente\">Dientes de leche o dientes permanente<\/a><\/li><li class='ez-toc-page-1 ez-toc-heading-level-2'><a class=\"ez-toc-link ez-toc-heading-2\" href=\"https:\/\/nutrident.fr\/es\/traumatismos-dentales-en-ninos\/#Diente_dislocado_o_desplazado\" title=\"Diente dislocado o desplazado\">Diente dislocado o desplazado<\/a><\/li><li class='ez-toc-page-1 ez-toc-heading-level-2'><a class=\"ez-toc-link ez-toc-heading-3\" href=\"https:\/\/nutrident.fr\/es\/traumatismos-dentales-en-ninos\/#Rotura_dental\" title=\"Rotura dental\">Rotura dental<\/a><\/li><li class='ez-toc-page-1 ez-toc-heading-level-2'><a class=\"ez-toc-link ez-toc-heading-4\" href=\"https:\/\/nutrident.fr\/es\/traumatismos-dentales-en-ninos\/#Traumatismo_o_perdida_dental\" title=\"Traumatismo o p\u00e9rdida dental\">Traumatismo o p\u00e9rdida dental<\/a><\/li><li class='ez-toc-page-1 ez-toc-heading-level-2'><a class=\"ez-toc-link ez-toc-heading-5\" href=\"https:\/\/nutrident.fr\/es\/traumatismos-dentales-en-ninos\/#Preguntas_frecuentes\" title=\"Preguntas frecuentes\">Preguntas frecuentes<\/a><\/li><\/ul><\/nav><\/div>\n<h2><span class=\"ez-toc-section\" id=\"Dientes_de_leche_o_dientes_permanente\"><\/span>Dientes de leche o dientes permanente<span class=\"ez-toc-section-end\"><\/span><\/h2>\n\n\n\n<p>En caso de traumatismo dental en ni\u00f1os peque\u00f1os, es importante hacer todo lo posible por salvar el diente, incluso si se trata de un diente de leche. La fractura o p\u00e9rdida de un diente de leche puede dificultar la alimentaci\u00f3n del ni\u00f1o e incluso provocar lesiones. <\/p>\n\n\n\n<p>Si se cae prematuramente y el diente permanente que est\u00e1 debajo no est\u00e1 preparado para salir, los otros dientes pueden desplazarse y causar api\u00f1amiento y maloclusiones. Es por ello que debes buscar atenci\u00f3n dental inmediatamente en causo de un traumatismo dental en ni\u00f1os aunque se trate de un diente de leche.<\/p>\n\n\n\n<h2><span class=\"ez-toc-section\" id=\"Diente_dislocado_o_desplazado\"><\/span>Diente dislocado o desplazado<span class=\"ez-toc-section-end\"><\/span><\/h2>\n\n\n\n<p>La luxaci\u00f3n dental sucede cuando un diente se desplaza en su hueco y puede ser de varios tipos: luxaci\u00f3n lateral (cuando el diente se mueve hacia un lado), luxaci\u00f3n intrusiva (cuando el diente se hunde hacia el hueso) o luxaci\u00f3n extrusiva (cuando se desplaza hacia afuera de su posici\u00f3n normal).<\/p>\n\n\n\n<p>El dentista har\u00e1 todo lo posible por volver a colocar el diente en su hueco y utilizar\u00e1 un vendaje como sistema de sujeci\u00f3n mientras el tejido se cura. El ni\u00f1o tendr\u00e1 que someterse a controles regulares para asegurarse de que la herida est\u00e1 cicatrizando y de que no hay infecci\u00f3n.<\/p>\n\n\n\n<h3>Intrusi\u00f3n dental<\/h3>\n\n\n\n<p>A veces, el diente se incrusta parcial o totalmente en el hueso como resultado del impacto. Seg\u00fan <a href=\"https:\/\/www.doctissimo.fr\/html\/sante\/imagerie\/radiographie_standard.htm\" target=\"_blank\" rel=\"noopener noreferrer\">la radiograf\u00eda<\/a>, el dentista decidir\u00e1 si extraerlo o no, pero lo m\u00e1s probable es la extracci\u00f3n si se trata de un diente de leche. A continuaci\u00f3n, colocar\u00e1 una pr\u00f3tesis en reemplazo del diente extra\u00eddo.<\/p>\n\n\n\n<p>Si la intrusi\u00f3n es m\u00ednima, habr\u00e1 que vigilar que el diente vuelva a su posici\u00f3n natural o, de ser posible, el dentista tratar\u00e1 de devolverlo a su sitio. Si el diente est\u00e1 totalmente incrustado en el hueso, el dentista (u otro profesional especializado) tendr\u00e1 que usar aparatos para sacar el diente.<\/p>\n\n\n\n<h2><span class=\"ez-toc-section\" id=\"Rotura_dental\"><\/span>Rotura dental<span class=\"ez-toc-section-end\"><\/span><\/h2>\n\n\n\n<p>Si tu hijo sufre una fractura dental, lo primero que debes hacer es intentar localizar el fragmento del diente que se ha roto y guardarlo en un recipiente con suero fisiol\u00f3gico o leche. Es importante no frotar el diente si tiene tejido adherido y enjuagarlo con agua suavemente. El dentista evaluar\u00e1 la situaci\u00f3n particular del ni\u00f1o y determinar\u00e1 si es posible pegar el trozo dental perdido o si se debe utilizar resina. En caso de que la radiograf\u00eda revele un da\u00f1o demasiado profundo, es posible que sea necesario desvitalizar el diente.<\/p>\n\n\n\n<h2><span class=\"ez-toc-section\" id=\"Traumatismo_o_perdida_dental\"><\/span>Traumatismo o p\u00e9rdida dental<span class=\"ez-toc-section-end\"><\/span><\/h2>\n\n\n<div class=\"wp-block-image\">\n<figure class=\"alignright size-medium\"><img width=\"300\" height=\"121\" src=\"https:\/\/nutrident.fr\/wp-content\/uploads\/2022\/06\/perte-dents-de-lait-300x121.jpg\" alt=\"traumatismo dental en ni\u00f1os avulsion\" class=\"wp-image-13359\" srcset=\"https:\/\/nutrident.fr\/wp-content\/uploads\/2022\/06\/perte-dents-de-lait-300x121.jpg 300w, https:\/\/nutrident.fr\/wp-content\/uploads\/2022\/06\/perte-dents-de-lait-254x102.jpg 254w, https:\/\/nutrident.fr\/wp-content\/uploads\/2022\/06\/perte-dents-de-lait.jpg 580w\" sizes=\"(max-width: 300px) 100vw, 300px\" \/><figcaption>En caso de p\u00e9rdida dental es importante actuar con rapidez<\/figcaption><\/figure><\/div>\n\n\n<p>El caso m\u00e1s urgente de traumatismo dental en ni\u00f1os es la avulsi\u00f3n dental, que se da cuando el diente se sale completamente de su lugar. En esta situaci\u00f3n, es importante actuar r\u00e1pidamente para tener la mejor oportunidad de reimplantaci\u00f3n exitosa. Al igual que en el caso de un diente roto, es importante conservar el diente en una soluci\u00f3n de leche o suero fisiol\u00f3gico para mantenerlo h\u00famedo y evitar que se da\u00f1e. <\/p>\n\n\n\n<p>Es crucial buscar atenci\u00f3n m\u00e9dica de emergencia para que el dentista pueda evaluar el da\u00f1o y determinar la mejor manera de proceder. Si el dentista puede sustituir el diente a tiempo, instalar\u00e1 un sistema de retenci\u00f3n fijado a los dientes adyacentes, ya sea con alambre o con una f\u00e9rula para mantenerlo en su lugar.<\/p>\n\n\n\n<p>La reimplantaci\u00f3n de un diente de leche es poco com\u00fan, ya que el procedimiento podr\u00eda interferir con el desarrollo del diente permanente. En este caso, el dentista puede mandar a fabricar una f\u00e9rula que mantendr\u00e1 el espacio entre los dientes hasta que el diente definitivo crezca.<\/p>\n\n\n\n<h2><span class=\"ez-toc-section\" id=\"Preguntas_frecuentes\"><\/span>Preguntas frecuentes<span class=\"ez-toc-section-end\"><\/span><\/h2>\n\n\n<div id=\"rank-math-faq\" class=\"rank-math-block\">\n<div class=\"rank-math-list \">\n<div id=\"faq-question-1681580192754\" class=\"rank-math-list-item\">\n<h3 class=\"rank-math-question \">\u00bfEs grave tener un diente roto?<\/h3>\n<div class=\"rank-math-answer \">\n\n<p>Es esencial concertar una cita de urgencia con el dentista lo antes posible, preferiblemente en las 24 horas siguientes a la fractura, desprendimiento o ca\u00edda del diente para evitar complicaciones. Lo m\u00e1s recomendable es acudir a urgencias para recibir atenci\u00f3n lo m\u00e1s pronto posible.<\/p>\n\n<\/div>\n<\/div>\n<div id=\"faq-question-1681580197442\" class=\"rank-math-list-item\">\n<h3 class=\"rank-math-question \">\u00bfQu\u00e9 hacer cuando tu hijo se rompe un diente?<\/h3>\n<div class=\"rank-math-answer \">\n\n<p>Lo correcto es recuperar primero el trozo de diente, que se podr\u00eda volver a colocar dependiendo del caso. Lo ideal es sumergirlo en una soluci\u00f3n salina est\u00e9ril disponible en las farmacias o en una caja especial de primeros auxilios dentales.<\/p>\n\n<\/div>\n<\/div>\n<div id=\"faq-question-1681580206648\" class=\"rank-math-list-item\">\n<h3 class=\"rank-math-question \">\u00bfTengo que informar a mi compa\u00f1\u00eda de seguros si tengo una lesi\u00f3n dental?<\/h3>\n<div class=\"rank-math-answer \">\n\n<p>Un golpe o un traumatismo en un diente de leche puede tener consecuencias m\u00e1s adelante, que pueden aparecer alrededor de los 8-9 a\u00f1os. Por lo tanto, para estar seguro de que el tratamiento est\u00e1 cubierto y que sea reembolsado en caso de complicaciones en los a\u00f1os siguientes, es mejor enviar los documentos a tiempo.<\/p>\n\n<\/div>\n<\/div>\n<\/div>\n<\/div><div class=\"article-data before-content\"><div class=\"article-data__date\"><div class=\"article-data__date-modified\"><time class=\"published\" datetime=\"2022-10-27T16:31:33+00:00\">This article was originally published on&nbsp;<span class=\"2\">octubre 27, 2022<\/span>&nbsp;and was most recently updated on&nbsp;<span>junio 13, 2023<\/span><\/time><br><\/div><\/div><\/div><div class=\"user-info\">    <div class=\"user-info__body\">\r\n      <div class=\"user-info__caption\"><span>Contributors:<\/span><\/div>\r\n\t\t\t        <div class=\"user-info__wrap \">\r\n          <div class=\"user-info__data\">\r\n            <div class=\"user-info__data__info\">\r\n              <div class=\"photo\">\r\n\t\t\t\t\t\t\t\t<img width=\"66\" height=\"61\" src=\"https:\/\/nutrident.fr\/wp-content\/uploads\/2023\/06\/unnamed-66x61.jpg\" class=\"attachment-profileImageAuthor size-profileImageAuthor wp-post-image\" alt=\"Dr Abel Jes\u00fas Pederzoli\" loading=\"lazy\" srcset=\"https:\/\/nutrident.fr\/wp-content\/uploads\/2023\/06\/unnamed-66x61.jpg 66w, https:\/\/nutrident.fr\/wp-content\/uploads\/2023\/06\/unnamed-300x279.jpg 300w, https:\/\/nutrident.fr\/wp-content\/uploads\/2023\/06\/unnamed-1024x952.jpg 1024w, https:\/\/nutrident.fr\/wp-content\/uploads\/2023\/06\/unnamed-768x714.jpg 768w, https:\/\/nutrident.fr\/wp-content\/uploads\/2023\/06\/unnamed-204x190.jpg 204w, https:\/\/nutrident.fr\/wp-content\/uploads\/2023\/06\/unnamed-120x112.jpg 120w, https:\/\/nutrident.fr\/wp-content\/uploads\/2023\/06\/unnamed.jpg 1125w\" sizes=\"(max-width: 66px) 100vw, 66px\" \/>              <\/div>\r\n              <a href=\"https:\/\/nutrident.fr\/es\/author\/dr-abel-jesus-pederzoli\/\" class=\"name\">Dr Abel Jes\u00fas Pederzoli<\/a>\r\n            <\/div>\r\n            <div class=\"user-info__data__social\">\r\n\t\t\t\t\t\t\t\t\t\t\t\t\t\t\t\t\t\t\t\t\t          <a href=\"https:\/\/clinicaleixample.es\/\"\r\n             class=\"soc-item website\">website<\/a>\r\n\t\t\t\t          <a href=\"http:\/\/linkedin.com\/in\/abel-jes%C3%BAs-pederzoli\"\r\n             class=\"soc-item linkedin\">linkedin<\/a>\r\n\t\t\t\t            <\/div>\r\n          <\/div>\r\n          <div class=\"user-info__description\">\r\n\t\t\t\t\t\t\t\t\t\t\t\t\t<p>Con t\u00edtulos obtenidos en la Facultad de Odontolog\u00eda de la Universidad Nacional de La Plata y una participaci\u00f3n activa en congresos y jornadas, el Dr. Pederzoli se mantiene actualizado en las \u00faltimas t\u00e9cnicas y avances en odontolog\u00eda. Actualmente se encuentra desarrollando un proyecto de consultor\u00eda tecnol\u00f3gica aplicada a cl\u00ednicas dentales.<\/p>\n\t\t\t\t\t\t          <\/div>\r\n        <\/div>\r\n\t\t\t\t    <\/div>\r\n\t<\/div><!--copyscapeskip--><div class=\"medical_references\"><div class=\"medical_references__heading\"><span>Fuentes M\u00e9dicas<\/span><\/div><div class=\"medical_references__list\"><p><strong>Ameli.fr.<\/strong> <a href=\"http:\/\/Traumatisme dentaire : dent contuse, f\u00eal\u00e9e, cass\u00e9e ou lux\u00e9e\" target=\"_blank\" rel=\"noopener\">Traumatisme dentaire : dent contuse, f\u00eal\u00e9e, cass\u00e9e ou lux\u00e9e<\/a>. Consultado el 12 de abril de 2023.<\/p>\n<p><strong>Urgences.<\/strong> <a href=\"https:\/\/www.sfmu.org\/upload\/70_formation\/02_eformation\/02_congres\/Urgences\/urgences2013\/donnees\/pdf\/044_Arbab_Chirani.pdf\" target=\"_blank\" rel=\"noopener\">Traumatisme dentaire<\/a>. Consultado el 12 de abril de 2023.<\/p>\n<p><strong>NIH:<\/strong> <a href=\"https:\/\/www.ncbi.nlm.nih.gov\/books\/NBK551650\/\" target=\"_blank\" rel=\"noopener\">Tooth Fracture<\/a>. Consultado el 12 de abril de 2023.<\/p>\n<p><strong>Scielo:<\/strong> <a href=\"http:\/\/scielo.sld.cu\/scielo.php?script=sci_arttext&pid=S1560-43812016000400012\" target=\"_blank\" rel=\"noopener\">Traumatismos dentarios en ni\u00f1os y adolescentes<\/a>. Consultado el 12 de abril de 2023.<\/p>\n<\/div><\/div><!--\/copyscapeskip-->","protected":false},"excerpt":{"rendered":"<p>Contributor:&nbsp; Dr Abel Jes\u00fas Pederzoli Updated:&nbsp;junio 13, 2023 Los accidentes en la ni\u00f1ez son comunes y uno de los tipos m\u00e1s comunes de lesiones son los traumatismos dentales. En caso de que tu hijo sufra un accidente que cause una lesi\u00f3n en los dientes, la visita inmediata al dentista es obligatoria. Sin embargo, hay algunas [&hellip;]<\/p>\n","protected":false},"author":2,"featured_media":16601,"parent":0,"menu_order":0,"comment_status":"open","ping_status":"open","template":"","meta":{"inline_featured_image":false},"acf":[],"_links":{"self":[{"href":"https:\/\/nutrident.fr\/es\/wp-json\/wp\/v2\/pages\/16600"}],"collection":[{"href":"https:\/\/nutrident.fr\/es\/wp-json\/wp\/v2\/pages"}],"about":[{"href":"https:\/\/nutrident.fr\/es\/wp-json\/wp\/v2\/types\/page"}],"author":[{"embeddable":true,"href":"https:\/\/nutrident.fr\/es\/wp-json\/wp\/v2\/users\/2"}],"replies":[{"embeddable":true,"href":"https:\/\/nutrident.fr\/es\/wp-json\/wp\/v2\/comments?post=16600"}],"version-history":[{"count":13,"href":"https:\/\/nutrident.fr\/es\/wp-json\/wp\/v2\/pages\/16600\/revisions"}],"predecessor-version":[{"id":21993,"href":"https:\/\/nutrident.fr\/es\/wp-json\/wp\/v2\/pages\/16600\/revisions\/21993"}],"wp:featuredmedia":[{"embeddable":true,"href":"https:\/\/nutrident.fr\/es\/wp-json\/wp\/v2\/media\/16601"}],"wp:attachment":[{"href":"https:\/\/nutrident.fr\/es\/wp-json\/wp\/v2\/media?parent=16600"}],"curies":[{"name":"wp","href":"https:\/\/api.w.org\/{rel}","templated":true}]}}