

{"id":16616,"date":"2022-10-28T10:21:24","date_gmt":"2022-10-28T10:21:24","guid":{"rendered":"https:\/\/nutrident.fr\/?page_id=16616"},"modified":"2023-06-13T10:10:43","modified_gmt":"2023-06-13T10:10:43","slug":"natural","status":"publish","type":"page","link":"https:\/\/nutrident.fr\/es\/blanqueamiento-profesional\/natural\/","title":{"rendered":"Blanqueamiento dental natural: las virtudes del aceite de clavo"},"content":{"rendered":"<div class=\"meta\"><div class=\"meta__users\">    <div class=\"meta__users__reviewed\">\r\n      <p class=\"meta__users__caption\">Contributor:&nbsp;<\/p>\r\n      <div class=\"users\">\r\n        <span class=\"users__user\">\r\n          <a href=\"#\">Dr Abel Jes\u00fas Pederzoli<\/a>\r\n        <\/span>\r\n      <\/div>\r\n    <\/div>\r\n\t<\/div><div class=\"meta__date-modified\">Updated:&nbsp;<span>junio 13, 2023<\/span><\/div><\/div><div class=\"wp-block-image\">\n<figure class=\"alignright size-medium\"><img width=\"300\" height=\"148\" src=\"https:\/\/nutrident.fr\/wp-content\/uploads\/2022\/05\/Depositphotos_11072775_S-300x148.jpg\" alt=\"blanquear los dientes\" class=\"wp-image-10400\" srcset=\"https:\/\/nutrident.fr\/wp-content\/uploads\/2022\/05\/Depositphotos_11072775_S-300x148.jpg 300w, https:\/\/nutrident.fr\/wp-content\/uploads\/2022\/05\/Depositphotos_11072775_S-768x379.jpg 768w, https:\/\/nutrident.fr\/wp-content\/uploads\/2022\/05\/Depositphotos_11072775_S-254x125.jpg 254w, https:\/\/nutrident.fr\/wp-content\/uploads\/2022\/05\/Depositphotos_11072775_S.jpg 999w\" sizes=\"(max-width: 300px) 100vw, 300px\" \/><figcaption>\u00bfEl clavo de olor puede blanquear los dientes?<\/figcaption><\/figure><\/div>\n\n\n<p>El aceite de clavo es conocido por sus propiedades antis\u00e9pticas y analg\u00e9sicas que alivian el dolor de muelas, pero \u00bfsab\u00edas que tambi\u00e9n sirve para blanquear los dientes?  <\/p>\n\n\n\n<p>Antes de que existiera la odontolog\u00eda moderna, la gente utilizaba aceites esenciales para cuidar sus dientes. Y el aceite de clavo es uno de ellos.<\/p>\n\n\n\n<p>El estado de los dientes influye en tu salud general, pero tambi\u00e9n en la confianza que tienes en ti mismo. Unos dientes blancos y bonitos, sin manchas visibles, pueden ayudarte a <strong>mejorar tu autoestima<\/strong> y a que te sientas mejor con tu apariencia.<\/p>\n\n\n\n<p>Sigue leyendo y descubre c\u00f3mo puedes conseguir unos dientes m\u00e1s blancos sin ir al dentista o a la farmacia, gracias a las propiedades del aceite de clavo.<\/p>\n\n\n\n<div id=\"ez-toc-container\" class=\"ez-toc-v2_0_33_2 counter-hierarchy ez-toc-counter ez-toc-white ez-toc-container-direction\">\n<div class=\"ez-toc-title-container\">\n<p class=\"ez-toc-title\">Contenus<\/p>\n<span class=\"ez-toc-title-toggle\"><a href=\"#\" class=\"ez-toc-pull-right ez-toc-btn ez-toc-btn-xs ez-toc-btn-default ez-toc-toggle\" style=\"display: none;\"><label for=\"item\" aria-label=\"Tabla de contenidos\"><i class=\"ez-toc-glyphicon ez-toc-icon-toggle\"><\/i><\/label><input type=\"checkbox\" id=\"item\"><\/a><\/span><\/div>\n<nav><ul class='ez-toc-list ez-toc-list-level-1'><li class='ez-toc-page-1 ez-toc-heading-level-2'><a class=\"ez-toc-link ez-toc-heading-1\" href=\"https:\/\/nutrident.fr\/es\/blanqueamiento-profesional\/natural\/#%C2%BFQue_causa_la_decoloracion_dental\" title=\"\u00bfQu\u00e9 causa la decoloraci\u00f3n dental?\">\u00bfQu\u00e9 causa la decoloraci\u00f3n dental?<\/a><\/li><li class='ez-toc-page-1 ez-toc-heading-level-2'><a class=\"ez-toc-link ez-toc-heading-2\" href=\"https:\/\/nutrident.fr\/es\/blanqueamiento-profesional\/natural\/#%C2%BFPor_que_son_perjudiciales_los_productos_comunes_de_blanqueamiento_dental\" title=\"\u00bfPor qu\u00e9 son perjudiciales los productos comunes de blanqueamiento dental?\">\u00bfPor qu\u00e9 son perjudiciales los productos comunes de blanqueamiento dental?<\/a><\/li><li class='ez-toc-page-1 ez-toc-heading-level-2'><a class=\"ez-toc-link ez-toc-heading-3\" href=\"https:\/\/nutrident.fr\/es\/blanqueamiento-profesional\/natural\/#Aceite_esencial_de_clavo_beneficios_para_la_salud\" title=\"Aceite esencial de clavo: beneficios para la salud\">Aceite esencial de clavo: beneficios para la salud<\/a><\/li><li class='ez-toc-page-1 ez-toc-heading-level-2'><a class=\"ez-toc-link ez-toc-heading-4\" href=\"https:\/\/nutrident.fr\/es\/blanqueamiento-profesional\/natural\/#%C2%BFRealmente_funciona_el_aceite_de_clavo_para_blanquear_los_dientes\" title=\"\u00bfRealmente funciona el aceite de clavo para blanquear los dientes?\">\u00bfRealmente funciona el aceite de clavo para blanquear los dientes?<\/a><\/li><li class='ez-toc-page-1 ez-toc-heading-level-2'><a class=\"ez-toc-link ez-toc-heading-5\" href=\"https:\/\/nutrident.fr\/es\/blanqueamiento-profesional\/natural\/#%C2%BFComo_utilizar_el_aceite_de_clavo_para_blanquear_los_dientes\" title=\"\u00bfC\u00f3mo utilizar el aceite de clavo para blanquear los dientes?\">\u00bfC\u00f3mo utilizar el aceite de clavo para blanquear los dientes?<\/a><\/li><\/ul><\/nav><\/div>\n<h2><span class=\"ez-toc-section\" id=\"%C2%BFQue_causa_la_decoloracion_dental\"><\/span>\u00bfQu\u00e9 causa la decoloraci\u00f3n dental?<span class=\"ez-toc-section-end\"><\/span><\/h2>\n\n\n\n<p>En sentido estricto, el proceso de blanqueamiento dental no cambia el color de los dientes, sino que aclara su tono para a\u00f1adir un poco de brillo a la sonrisa. <\/p>\n\n\n\n<p>La decoloraci\u00f3n es la raz\u00f3n m\u00e1s com\u00fan por la que la gente busca hacerse un blanqueamiento dental. Esta es causada por el <strong>sarro dental<\/strong>, la<strong> placa<\/strong> o por otras afecciones.<\/p>\n\n\n\n<p>El <strong>envejecimiento<\/strong> o el <strong>tabaquismo<\/strong> tambi\u00e9n son condiciones que decoloran los dientes pues da\u00f1an el esmalte dental. Los dientes, adem\u00e1s, pueden mancharse al beber t\u00e9, <a href=\"https:\/\/nutrident.fr\/es\/blanqueamiento-profesional\/manchas-cafe\/\" target=\"_blank\" data-type=\"page\" rel=\"noreferrer noopener\">caf\u00e9 <\/a>o vino.<\/p>\n\n\n\n<h2><span class=\"ez-toc-section\" id=\"%C2%BFPor_que_son_perjudiciales_los_productos_comunes_de_blanqueamiento_dental\"><\/span>\u00bfPor qu\u00e9 son perjudiciales los productos comunes de blanqueamiento dental?<span class=\"ez-toc-section-end\"><\/span><\/h2>\n\n\n\n<p>Seg\u00fan una investigaci\u00f3n llevada a cabo por <em>la Asociaci\u00f3n Dental Americana<\/em>, aunque la mayor\u00eda de los productos blanqueadores prometen proporcionar unos dientes blancos, algunas manchas dentales <strong>simplemente no pueden eliminarse<\/strong>, independientemente del producto que utilices. <\/p>\n\n\n\n<p>Sin embargo, la mayor\u00eda de la gente sigue utiliz\u00e1ndolos como una soluci\u00f3n r\u00e1pida. Pero estos productos blanqueadores <strong>contienen sustancias qu\u00edmicas perjudiciales<\/strong> para la salud y su uso regular puede causar graves da\u00f1os a los dientes, las enc\u00edas y el esmalte.<\/p>\n\n\n\n<h2><span class=\"ez-toc-section\" id=\"Aceite_esencial_de_clavo_beneficios_para_la_salud\"><\/span>Aceite esencial de clavo: beneficios para la salud<span class=\"ez-toc-section-end\"><\/span><\/h2>\n\n\n<div class=\"wp-block-image\">\n<figure class=\"alignright size-medium\"><img width=\"300\" height=\"200\" src=\"https:\/\/nutrident.fr\/wp-content\/uploads\/2022\/05\/Depositphotos_263563410_S-300x200.jpg\" alt=\"aceite de clavo para blanquear los dientes\" class=\"wp-image-10403\" srcset=\"https:\/\/nutrident.fr\/wp-content\/uploads\/2022\/05\/Depositphotos_263563410_S-300x200.jpg 300w, https:\/\/nutrident.fr\/wp-content\/uploads\/2022\/05\/Depositphotos_263563410_S-768x512.jpg 768w, https:\/\/nutrident.fr\/wp-content\/uploads\/2022\/05\/Depositphotos_263563410_S-254x169.jpg 254w, https:\/\/nutrident.fr\/wp-content\/uploads\/2022\/05\/Depositphotos_263563410_S.jpg 1000w\" sizes=\"(max-width: 300px) 100vw, 300px\" \/><figcaption>El clavo es un producto natural muy beneficioso para la salud<\/figcaption><\/figure><\/div>\n\n\n<p>El aceite de clavo se utiliza desde hace miles de a\u00f1os y es conocido en todo el mundo por sus <strong>propiedades curativas<\/strong>. Su uso no es nuevo en la medicina china ni tampoco en la antigua ciencia medicinal del Ayurveda.<\/p>\n\n\n\n<p>Algunos beneficios del clavo son los siguientes:<\/p>\n\n\n\n<ul><li>Antimicrobiano<\/li><li>Antiviral<\/li><li>Antif\u00fangico<\/li><li>Antis\u00e9ptico<\/li><li>Antioxidante<\/li><\/ul>\n\n\n\n<p>Tambi\u00e9n es un potente agente de aromaterapia que<strong> se utiliza como analg\u00e9sico<\/strong>, sobre todo para el dolor abdominal y el <a href=\"https:\/\/nutrident.fr\/es\/dolor-de-muelas\/\">dolor de muelas<\/a> por aplicaci\u00f3n directa.<\/p>\n\n\n\n<p>Adem\u00e1s, puede mezclarse con otros aceites esenciales para tratar otras afecciones. Por ejemplo, las personas que sufren de insomnio pueden aplicar una mezcla de aceite de s\u00e9samo y aceite de clavo en la frente para sentirse m\u00e1s tranquilas y relajadas.<\/p>\n\n\n\n<p>Las propiedades <strong>germicidas<\/strong> del aceite de clavo se deben a la presencia de un compuesto llamado eugenol. Este elemento sirve para tratar eficazmente <strong>las<\/strong> <strong>\u00falceras bucales y las enc\u00edas doloridas<\/strong>.<\/p>\n\n\n\n<p>Para ello, puedes a\u00f1adir cuatro gotas de aceite de clavo a un vaso de agua tibia. A continuaci\u00f3n, mezcla bien la soluci\u00f3n y <a href=\"https:\/\/fr.wikihow.com\/faire-un-gargarisme\" target=\"_blank\" rel=\"noopener\">haz g\u00e1rgaras<\/a> con ella dos veces al d\u00eda para obtener los mejores resultados.<\/p>\n\n\n\n<p>Tambi\u00e9n se dice que el aceite de clavo <strong>mejora la inmunidad<\/strong>, combate las infecciones, alivia el dolor de garganta (a la vez que alivia la tos, los resfriados o la sinusitis), cura los dolores de cabeza, los dolores musculares y articulares, protege la piel del envejecimiento prematuro, ayuda a combatir la indigesti\u00f3n y las flatulencias, reduce las n\u00e1useas, el dolor de o\u00eddo, el estr\u00e9s y la fatiga mental, y combate la diabetes. Tambi\u00e9n es un potente insecticida.<\/p>\n\n\n\n<h2><span class=\"ez-toc-section\" id=\"%C2%BFRealmente_funciona_el_aceite_de_clavo_para_blanquear_los_dientes\"><\/span>\u00bfRealmente funciona el aceite de clavo para blanquear los dientes?<span class=\"ez-toc-section-end\"><\/span><\/h2>\n\n\n\n<p>El aceite de clavo es extremadamente beneficioso para la salud bucal y se puede usar para blanquear los dientes. Solo tienes que frotar el aceite en tus dientes despu\u00e9s del cepillado.<\/p>\n\n\n\n<p>Pero, antes que nada, <strong>debes tener una buena higiene dental<\/strong>. No esperes obtener resultados solo con el uso del aceite de clavo, ya que primero debes cumplir con lo b\u00e1sico: un buen cepillado y el uso del hilo dental.<\/p>\n\n\n\n<p><a href=\"https:\/\/nutrident.fr\/es\/aceites-esenciales\/\"><strong>Echa un vistazo a nuestra gu\u00eda de aceites esenciales para tener dientes sanos<\/strong><\/a><\/p>\n\n\n\n<h2><span class=\"ez-toc-section\" id=\"%C2%BFComo_utilizar_el_aceite_de_clavo_para_blanquear_los_dientes\"><\/span>\u00bfC\u00f3mo utilizar el aceite de clavo para blanquear los dientes?<span class=\"ez-toc-section-end\"><\/span><\/h2>\n\n\n\n<p>A continuaci\u00f3n encontrar\u00e1s dos maneras de utilizar el aceite de clavo para blanquear los dientes:<\/p>\n\n\n\n<h3>Pasta de aceite de incienso, cardamomo y clavo<\/h3>\n\n\n\n<p>Toma media cucharadita de polvo de cardamomo reci\u00e9n molido y a\u00f1ade 8-10 gotas de aceite de clavo e incienso. Agrega aceite de coco fraccionado, lo suficiente para crear una pasta espesa, y mezcla bien. Cep\u00edllate los dientes con tu pasta dental habitual y despu\u00e9s aplica la pasta de clavo con el dedo por toda la dentadura. D\u00e9jalo actuar durante 10 minutos, escupiendo la saliva a medida que pasa el tiempo. Enju\u00e1gate bien la boca con un vaso de agua tibia mezclada con una pizca de sal.<\/p>\n\n\n\n<h3>Enjuague bucal de aceite de clavo<\/h3>\n\n\n\n<p><a href=\"https:\/\/nutrident.fr\/es\/enjuague-bucal-natural\/\"><strong>Consulta nuestras recetas de enjuagues bucales naturales<\/strong><\/a><\/p>\n\n\n\n<p>A\u00f1ade una cucharadita de sal marina a un vaso de agua tibia y mezcla hasta que se disuelva por completo. A continuaci\u00f3n, a\u00f1ade una cucharadita de aceite de clavo, 20 gotas de aceite de menta y 10 gotas de aceite de mirra. Mezcla bien. Enju\u00e1gate la boca con esta soluci\u00f3n y, en la medida de lo posible, haz g\u00e1rgaras. Escupe y enju\u00e1gate la boca con agua. Las cualidades antis\u00e9pticas del aceite de clavo eliminan las manchas causadas por las bacterias orales, lo que puede resultar en dientes m\u00e1s blancos.<\/p>\n\n\n\n<p>\u00c9chale un vistazo a nuestra comparativa de <a href=\"https:\/\/nutrident.fr\/es\/blanqueamiento-profesional\/kit-blanqueador-dental\/\" target=\"_blank\" rel=\"noreferrer noopener\">productos profesionales de blanqueamiento<\/a> dental<\/p>\n\n\n<div class=\"wp-block-image\">\n<figure class=\"alignright size-medium\"><img width=\"300\" height=\"200\" src=\"https:\/\/nutrident.fr\/wp-content\/uploads\/2022\/05\/Depositphotos_18810849_S-300x200.jpg\" alt=\"aceites esenciales y dientes\" class=\"wp-image-10406\" srcset=\"https:\/\/nutrident.fr\/wp-content\/uploads\/2022\/05\/Depositphotos_18810849_S-300x200.jpg 300w, https:\/\/nutrident.fr\/wp-content\/uploads\/2022\/05\/Depositphotos_18810849_S-768x512.jpg 768w, https:\/\/nutrident.fr\/wp-content\/uploads\/2022\/05\/Depositphotos_18810849_S-254x169.jpg 254w, https:\/\/nutrident.fr\/wp-content\/uploads\/2022\/05\/Depositphotos_18810849_S.jpg 1000w\" sizes=\"(max-width: 300px) 100vw, 300px\" \/><figcaption>Muchos aceites esenciales son buenos para los dientes<\/figcaption><\/figure><\/div>\n\n\n<h3>Otros aceites esenciales<\/h3>\n\n\n\n<p>Muchas personas prefieren los aceites esenciales porque <strong>son naturales<\/strong> y no tienen efectos perjudiciales sobre los dientes y enc\u00edas. Otros aceites esenciales que se pueden usar para blanquear los dientes incluyen:<\/p>\n\n\n\n<ul><li><strong>Menta<\/strong>: algunos estudios han demostrado que la menta elimina las bacterias anaerobias, que prosperan en entornos con poco ox\u00edgeno como la boca. Este tipo de bacterias puede causar la enfermedad de las enc\u00edas.<\/li><li><strong>Lim\u00f3n<\/strong>: act\u00faa como antis\u00e9ptico y puede fortalecer los dientes a la vez que elimina las manchas.<\/li><li><strong>Canela<\/strong>: el aceite de canela es antif\u00fangico y antibacteriano y se utiliza desde hace muchos a\u00f1os por sus beneficios para la salud. La canela es conocida por su capacidad de eliminar las bacterias que causan las caries y la gingivitis.<\/li><li><strong>C\u00farcuma<\/strong>: inhibe la formaci\u00f3n de la placa dental que causa la caries, la periodontitis y los dientes amarillos.<\/li><\/ul>\n<div class=\"article-data before-content\"><div class=\"article-data__date\"><div class=\"article-data__date-modified\"><time class=\"published\" datetime=\"2022-10-28T10:21:24+00:00\">This article was originally published on&nbsp;<span class=\"2\">octubre 28, 2022<\/span>&nbsp;and was most recently updated on&nbsp;<span>junio 13, 2023<\/span><\/time><br><\/div><\/div><\/div><div class=\"user-info\">    <div class=\"user-info__body\">\r\n      <div class=\"user-info__caption\"><span>Contributors:<\/span><\/div>\r\n\t\t\t        <div class=\"user-info__wrap \">\r\n          <div class=\"user-info__data\">\r\n            <div class=\"user-info__data__info\">\r\n              <div class=\"photo\">\r\n\t\t\t\t\t\t\t\t<img width=\"66\" height=\"61\" src=\"https:\/\/nutrident.fr\/wp-content\/uploads\/2023\/06\/unnamed-66x61.jpg\" class=\"attachment-profileImageAuthor size-profileImageAuthor wp-post-image\" alt=\"Dr Abel Jes\u00fas Pederzoli\" loading=\"lazy\" srcset=\"https:\/\/nutrident.fr\/wp-content\/uploads\/2023\/06\/unnamed-66x61.jpg 66w, https:\/\/nutrident.fr\/wp-content\/uploads\/2023\/06\/unnamed-300x279.jpg 300w, https:\/\/nutrident.fr\/wp-content\/uploads\/2023\/06\/unnamed-1024x952.jpg 1024w, https:\/\/nutrident.fr\/wp-content\/uploads\/2023\/06\/unnamed-768x714.jpg 768w, https:\/\/nutrident.fr\/wp-content\/uploads\/2023\/06\/unnamed-204x190.jpg 204w, https:\/\/nutrident.fr\/wp-content\/uploads\/2023\/06\/unnamed-120x112.jpg 120w, https:\/\/nutrident.fr\/wp-content\/uploads\/2023\/06\/unnamed.jpg 1125w\" sizes=\"(max-width: 66px) 100vw, 66px\" \/>              <\/div>\r\n              <a href=\"https:\/\/nutrident.fr\/es\/author\/dr-abel-jesus-pederzoli\/\" class=\"name\">Dr Abel Jes\u00fas Pederzoli<\/a>\r\n            <\/div>\r\n            <div class=\"user-info__data__social\">\r\n\t\t\t\t\t\t\t\t\t\t\t\t\t\t\t\t\t\t\t\t\t          <a href=\"https:\/\/clinicaleixample.es\/\"\r\n             class=\"soc-item website\">website<\/a>\r\n\t\t\t\t          <a href=\"http:\/\/linkedin.com\/in\/abel-jes%C3%BAs-pederzoli\"\r\n             class=\"soc-item linkedin\">linkedin<\/a>\r\n\t\t\t\t            <\/div>\r\n          <\/div>\r\n          <div class=\"user-info__description\">\r\n\t\t\t\t\t\t\t\t\t\t\t\t\t<p>Con t\u00edtulos obtenidos en la Facultad de Odontolog\u00eda de la Universidad Nacional de La Plata y una participaci\u00f3n activa en congresos y jornadas, el Dr. Pederzoli se mantiene actualizado en las \u00faltimas t\u00e9cnicas y avances en odontolog\u00eda. Actualmente se encuentra desarrollando un proyecto de consultor\u00eda tecnol\u00f3gica aplicada a cl\u00ednicas dentales.<\/p>\n\t\t\t\t\t\t          <\/div>\r\n        <\/div>\r\n\t\t\t\t    <\/div>\r\n\t<\/div><!--copyscapeskip--><div class=\"medical_references\"><div class=\"medical_references__heading\"><span>Fuentes M\u00e9dicas<\/span><\/div><div class=\"medical_references__list\"><p><strong>El milagro de los aceites esenciales: c\u00f3mo utilizar el aceite de clavo para blanquear los dientes<\/strong> &lt;<a href=\"https:\/\/www.themiracleofessentialoils.com\/how-to-use-clove-oil-for-tooth-whitening\/\">https:\/\/www.themiracleofessentialoils.com\/how-to-use-clove-oil-for-tooth-whitening\/<\/a>&gt;<\/p>\n<p><strong>Webmd.com : <span class=\"Vitamin-title\">Clavo de olor<\/span><\/strong><span class=\"transformTextCap\"><strong> &#8211; Usos, efectos secundarios y m\u00e1s<\/strong> &lt;<a href=\"https:\/\/www.webmd.com\/vitamins\/ai\/ingredientmono-251\/clove\">https:\/\/www.webmd.com\/vitamins\/ai\/ingredientmono-251\/clove<\/a>&gt;<\/span><\/p>\n<p><strong>essentialoilsus.com : Remedios caseros para blanquear los dientes amarillos de forma natural<\/strong> &lt;<a href=\"https:\/\/www.essentialoilsus.com\/whiten-yellow-teeth-naturally\/\">https:\/\/www.essentialoilsus.com\/whiten-yellow-teeth-naturally\/<\/a>&gt;<\/p>\n<p><strong>Biblioteca Nacional de Medicina: Actividad microbicida del aceite esencial de clavo<em>(Eugenia caryophyllata<\/em>)<\/strong> &lt; <a href=\"https:\/\/www.ncbi.nlm.nih.gov\/pmc\/articles\/PMC3769004\/\">https:\/\/www.ncbi.nlm.nih.gov\/pmc\/articles\/PMC3769004\/<\/a>&gt;<\/p>\n<p><strong>wikihow.com : \u00bfC\u00f3mo hacer g\u00e1rgaras<\/strong>? &lt;<a href=\"https:\/\/fr.wikihow.com\/faire-un-gargarisme\">https:\/\/fr.wikihow.com\/faire-un-gargarisme<\/a>&gt;<\/p>\n<\/div><\/div><!--\/copyscapeskip-->","protected":false},"excerpt":{"rendered":"<p>Contributor:&nbsp; Dr Abel Jes\u00fas Pederzoli Updated:&nbsp;junio 13, 2023 El aceite de clavo es conocido por sus propiedades antis\u00e9pticas y analg\u00e9sicas que alivian el dolor de muelas, pero \u00bfsab\u00edas que tambi\u00e9n sirve para blanquear los dientes? Antes de que existiera la odontolog\u00eda moderna, la gente utilizaba aceites esenciales para cuidar sus dientes. Y el aceite de [&hellip;]<\/p>\n","protected":false},"author":2,"featured_media":16617,"parent":16855,"menu_order":0,"comment_status":"closed","ping_status":"closed","template":"","meta":{"inline_featured_image":false},"acf":[],"_links":{"self":[{"href":"https:\/\/nutrident.fr\/es\/wp-json\/wp\/v2\/pages\/16616"}],"collection":[{"href":"https:\/\/nutrident.fr\/es\/wp-json\/wp\/v2\/pages"}],"about":[{"href":"https:\/\/nutrident.fr\/es\/wp-json\/wp\/v2\/types\/page"}],"author":[{"embeddable":true,"href":"https:\/\/nutrident.fr\/es\/wp-json\/wp\/v2\/users\/2"}],"replies":[{"embeddable":true,"href":"https:\/\/nutrident.fr\/es\/wp-json\/wp\/v2\/comments?post=16616"}],"version-history":[{"count":18,"href":"https:\/\/nutrident.fr\/es\/wp-json\/wp\/v2\/pages\/16616\/revisions"}],"predecessor-version":[{"id":21790,"href":"https:\/\/nutrident.fr\/es\/wp-json\/wp\/v2\/pages\/16616\/revisions\/21790"}],"up":[{"embeddable":true,"href":"https:\/\/nutrident.fr\/es\/wp-json\/wp\/v2\/pages\/16855"}],"wp:featuredmedia":[{"embeddable":true,"href":"https:\/\/nutrident.fr\/es\/wp-json\/wp\/v2\/media\/16617"}],"wp:attachment":[{"href":"https:\/\/nutrident.fr\/es\/wp-json\/wp\/v2\/media?parent=16616"}],"curies":[{"name":"wp","href":"https:\/\/api.w.org\/{rel}","templated":true}]}}