

{"id":16667,"date":"2022-10-27T16:57:40","date_gmt":"2022-10-27T16:57:40","guid":{"rendered":"https:\/\/nutrident.fr\/?page_id=16667"},"modified":"2023-06-13T10:01:18","modified_gmt":"2023-06-13T10:01:18","slug":"aceite-de-cbd-beneficios","status":"publish","type":"page","link":"https:\/\/nutrident.fr\/es\/aceite-de-cbd-beneficios\/","title":{"rendered":"Aceite de CBD: beneficios para el dolor dental"},"content":{"rendered":"<div class=\"meta\"><div class=\"meta__users\">    <div class=\"meta__users__reviewed\">\r\n      <p class=\"meta__users__caption\">Contributor:&nbsp;<\/p>\r\n      <div class=\"users\">\r\n        <span class=\"users__user\">\r\n          <a href=\"#\">Dr Abel Jes\u00fas Pederzoli<\/a>\r\n        <\/span>\r\n      <\/div>\r\n    <\/div>\r\n\t<\/div><div class=\"meta__date-modified\">Updated:&nbsp;<span>junio 13, 2023<\/span><\/div><\/div><div class=\"wp-block-image\">\n<figure class=\"alignright size-medium\"><img width=\"300\" height=\"200\" src=\"https:\/\/nutrident.fr\/wp-content\/uploads\/2022\/05\/cbd-oil-5358400_1280-300x200.jpg\" alt=\"aceite de cbd\" class=\"wp-image-10533\" srcset=\"https:\/\/nutrident.fr\/wp-content\/uploads\/2022\/05\/cbd-oil-5358400_1280-300x200.jpg 300w, https:\/\/nutrident.fr\/wp-content\/uploads\/2022\/05\/cbd-oil-5358400_1280-1024x682.jpg 1024w, https:\/\/nutrident.fr\/wp-content\/uploads\/2022\/05\/cbd-oil-5358400_1280-768x512.jpg 768w, https:\/\/nutrident.fr\/wp-content\/uploads\/2022\/05\/cbd-oil-5358400_1280-254x169.jpg 254w, https:\/\/nutrident.fr\/wp-content\/uploads\/2022\/05\/cbd-oil-5358400_1280.jpg 1280w\" sizes=\"(max-width: 300px) 100vw, 300px\" \/><figcaption>Aceite de CBD para ayudarle a cuidar sus dientes.  <\/figcaption><\/figure><\/div>\n\n\n<p>Aunque se cuide al m\u00e1ximo los dientes, debe visitar <a href=\"https:\/\/nutrident.fr\/es\/dentista-de-urgencias\/\">al dentista<\/a> regularmente <a href=\"https:\/\/nutrident.fr\/es\/dentista-de-urgencias\/\">para una revisi\u00f3n<\/a>, al menos una vez al a\u00f1o, sin contar las sesiones de tratamiento si desarrolla caries u otros problemas m\u00e1s graves.<\/p>\n\n\n\n<p>Si, como a mucha gente, esta perspectiva le asusta, es hora de que descubra<strong> las virtudes del CBD<\/strong>.<\/p>\n\n\n\n<p>El <a href=\"https:\/\/greentropics.co\/cbd\/huile-cbd\/\" target=\"_blank\" rel=\"noopener\">aceite de CBD<\/a> -derivado del c\u00e1\u00f1amo- se utiliza no s\u00f3lo para calmar la ansiedad, sino tambi\u00e9n para aliviar el dolor, la inflamaci\u00f3n, mejorar el sue\u00f1o y acelerar la curaci\u00f3n despu\u00e9s de procedimientos dentales.  <a href=\"https:\/\/nutrident.fr\/es\/\">Nutrident.fr<\/a> le explica qu\u00e9 es el CBD y le ofrece su selecci\u00f3n de botellas de aceite de c\u00e1\u00f1amo.<\/p>\n\n\n\n<div id=\"ez-toc-container\" class=\"ez-toc-v2_0_33_2 counter-hierarchy ez-toc-counter ez-toc-white ez-toc-container-direction\">\n<div class=\"ez-toc-title-container\">\n<p class=\"ez-toc-title\">Contenus<\/p>\n<span class=\"ez-toc-title-toggle\"><a href=\"#\" class=\"ez-toc-pull-right ez-toc-btn ez-toc-btn-xs ez-toc-btn-default ez-toc-toggle\" style=\"display: none;\"><label for=\"item\" aria-label=\"Tabla de contenidos\"><i class=\"ez-toc-glyphicon ez-toc-icon-toggle\"><\/i><\/label><input type=\"checkbox\" id=\"item\"><\/a><\/span><\/div>\n<nav><ul class='ez-toc-list ez-toc-list-level-1'><li class='ez-toc-page-1 ez-toc-heading-level-2'><a class=\"ez-toc-link ez-toc-heading-1\" href=\"https:\/\/nutrident.fr\/es\/aceite-de-cbd-beneficios\/#Que_es_el_aceite_de_CBD\" title=\"Qu\u00e9 es el aceite de CBD\">Qu\u00e9 es el aceite de CBD<\/a><\/li><li class='ez-toc-page-1 ez-toc-heading-level-2'><a class=\"ez-toc-link ez-toc-heading-2\" href=\"https:\/\/nutrident.fr\/es\/aceite-de-cbd-beneficios\/#CBD_para_superar_el_miedo_al_dentista\" title=\"CBD para superar el miedo al dentista\">CBD para superar el miedo al dentista<\/a><\/li><li class='ez-toc-page-1 ez-toc-heading-level-2'><a class=\"ez-toc-link ez-toc-heading-3\" href=\"https:\/\/nutrident.fr\/es\/aceite-de-cbd-beneficios\/#CBD_para_mejorar_la_calidad_del_sueno\" title=\"CBD para mejorar la calidad del sue\u00f1o\">CBD para mejorar la calidad del sue\u00f1o<\/a><\/li><li class='ez-toc-page-1 ez-toc-heading-level-2'><a class=\"ez-toc-link ez-toc-heading-4\" href=\"https:\/\/nutrident.fr\/es\/aceite-de-cbd-beneficios\/#Aliviar_el_dolor_con_CBD\" title=\"Aliviar el dolor con CBD\">Aliviar el dolor con CBD<\/a><\/li><li class='ez-toc-page-1 ez-toc-heading-level-2'><a class=\"ez-toc-link ez-toc-heading-5\" href=\"https:\/\/nutrident.fr\/es\/aceite-de-cbd-beneficios\/#El_CBD_minimiza_los_problemas_estomacales\" title=\"El CBD minimiza los problemas estomacales\">El CBD minimiza los problemas estomacales<\/a><\/li><li class='ez-toc-page-1 ez-toc-heading-level-2'><a class=\"ez-toc-link ez-toc-heading-6\" href=\"https:\/\/nutrident.fr\/es\/aceite-de-cbd-beneficios\/#El_CBD_para_ayudar_a_las_enfermedades_de_las_encias\" title=\"El CBD para ayudar a las enfermedades de las enc\u00edas\">El CBD para ayudar a las enfermedades de las enc\u00edas<\/a><\/li><li class='ez-toc-page-1 ez-toc-heading-level-2'><a class=\"ez-toc-link ez-toc-heading-7\" href=\"https:\/\/nutrident.fr\/es\/aceite-de-cbd-beneficios\/#Aceites_de_CBD_recomendados_por_Nutridentes\" title=\"Aceites de CBD recomendados por Nutrident.es\">Aceites de CBD recomendados por Nutrident.es<\/a><\/li><li class='ez-toc-page-1 ez-toc-heading-level-2'><a class=\"ez-toc-link ez-toc-heading-8\" href=\"https:\/\/nutrident.fr\/es\/aceite-de-cbd-beneficios\/#Aceite_de_CBD_Preguntas_frecuentes\" title=\"Aceite de CBD: Preguntas frecuentes\">Aceite de CBD: Preguntas frecuentes<\/a><\/li><\/ul><\/nav><\/div>\n<h2><span class=\"ez-toc-section\" id=\"Que_es_el_aceite_de_CBD\"><\/span>Qu\u00e9 es el aceite de CBD<span class=\"ez-toc-section-end\"><\/span><\/h2>\n\n\n\n<p>El CBD, o cannabidiol, es<strong> uno de los dos compuestos principales que se encuentran en las plantas de cannabis y c\u00e1\u00f1amo<\/strong>. El THC es el principal compuesto del cannabis que le coloca si fuma marihuana, lo que est\u00e1 prohibido en Francia. El otro compuesto, el CBD, no es psicoactivo y es completamente legal. Tambi\u00e9n debe saber que el CBD no es adictivo de ninguna manera.<\/p>\n\n\n\n<p>El CBD es un extracto de aceite que no es demasiado antibacteriano, <a href=\"https:\/\/nutrident.fr\/es\/?page_id=16623\">como los aceites esenciales<\/a>. De hecho, matar todas las bacterias de su boca es una muy mala idea, porque destruye su microbioma oral, mientras que necesita algunas bacterias.<\/p>\n\n\n\n<p><strong>El aceite de CBD no s\u00f3lo calma la ansiedad, sino que tambi\u00e9n alivia el dolor<\/strong> causado por los problemas dentales. El CBD es uno de los compuestos antiinflamatorios m\u00e1s potentes del mundo y no causa efectos secundarios. Est\u00e1 disponible en c\u00e1psulas, spray y extracto de aceite.<\/p>\n\n\n\n<h2><span class=\"ez-toc-section\" id=\"CBD_para_superar_el_miedo_al_dentista\"><\/span>CBD para superar el miedo al dentista<span class=\"ez-toc-section-end\"><\/span><\/h2>\n\n\n<div class=\"wp-block-image\">\n<figure class=\"alignright size-medium\"><img width=\"300\" height=\"200\" src=\"https:\/\/nutrident.fr\/wp-content\/uploads\/2022\/05\/peur-dentiste-300x200.jpg\" alt=\"miedo al dentista\" class=\"wp-image-10536\" srcset=\"https:\/\/nutrident.fr\/wp-content\/uploads\/2022\/05\/peur-dentiste-300x200.jpg 300w, https:\/\/nutrident.fr\/wp-content\/uploads\/2022\/05\/peur-dentiste-768x513.jpg 768w, https:\/\/nutrident.fr\/wp-content\/uploads\/2022\/05\/peur-dentiste-254x170.jpg 254w, https:\/\/nutrident.fr\/wp-content\/uploads\/2022\/05\/peur-dentiste.jpg 999w\" sizes=\"(max-width: 300px) 100vw, 300px\" \/><figcaption>El aceite de CBD ayuda a reducir la ansiedad y el miedo a ir al dentista.<\/figcaption><\/figure><\/div>\n\n\n<p><a href=\"https:\/\/nutrident.fr\/es\/miedo-al-dentista\/\">El miedo al dentista es a menudo irracional<\/a>, ya que las t\u00e9cnicas actuales son suaves y los anest\u00e9sicos eficaces. Sin embargo, a la ansiedad no le importa la racionalidad y si le da miedo el dentista, el aceite de CBD se convertir\u00e1 en su mejor amigo.<\/p>\n\n\n\n<p>Tome diez gotas de aceite de CBD la noche anterior a su cita con el dentista, antes de acostarse, y otra dosis por la ma\u00f1ana. Estar\u00e1 m\u00e1s relajado, menos ansioso y ya no se sentir\u00e1 aprensivo.<\/p>\n\n\n\n<h2><span class=\"ez-toc-section\" id=\"CBD_para_mejorar_la_calidad_del_sueno\"><\/span>CBD para mejorar la calidad del sue\u00f1o<span class=\"ez-toc-section-end\"><\/span><\/h2>\n\n\n\n<p>Dormir poco o mal repercute en todo el cuerpo y, por tanto, tambi\u00e9n en su salud bucodental. Los trastornos del sue\u00f1o, especialmente la apnea del sue\u00f1o, alteran la respiraci\u00f3n y <a href=\"https:\/\/nutrident.fr\/es\/boca-seca\/\">aumentan la sequedad de la boca<\/a>, que ya es m\u00e1s grave por la noche que por el d\u00eda. La saliva es esencial para limpiar los dientes y eliminar las bacterias malas. Es a\u00fan peor si duerme con la boca abierta.<\/p>\n\n\n\n<p>Pero lo peor de lo peor para los dientes es <strong>el bruxismo<\/strong>, que puede estar relacionado con la ansiedad.  <a href=\"https:\/\/nutrident.fr\/es\/bruxismo\/\">Si rechina los dientes<\/a> mientras duerme, los desgasta prematuramente y corre el riesgo de astillar el <a href=\"https:\/\/nutrident.fr\/es\/esmalte-dental-tratamiento\/\">esmalte<\/a>, creando grietas que las bacterias pueden utilizar como caldo de cultivo para las caries.<\/p>\n\n\n\n<p>El aceite de CBD le ayuda a dormir mejor y al mismo tiempo preserva sus dientes. El bruxismo y el CBD van de la mano&#8230; bueno, en realidad no \ud83d\ude42<\/p>\n\n\n\n<h2><span class=\"ez-toc-section\" id=\"Aliviar_el_dolor_con_CBD\"><\/span>Aliviar el dolor con CBD<span class=\"ez-toc-section-end\"><\/span><\/h2>\n\n\n\n<p>El CBD no cura los dientes; si tiene dolor, debe pedir una <a href=\"https:\/\/nutrident.fr\/es\/dentista-de-urgencias\/\">cita con su dentista<\/a>. Mientras tanto, ayuda a aliviar el dolor punzante de una <a href=\"https:\/\/nutrident.fr\/es\/caries-y-dieta\/\">cavidad<\/a> o absceso en desarrollo.<\/p>\n\n\n<div class=\"wp-block-image\">\n<figure class=\"alignright size-medium\"><img width=\"300\" height=\"200\" src=\"https:\/\/nutrident.fr\/wp-content\/uploads\/2020\/04\/huile-CBD-300x200.jpg\" alt=\"Aceite de CBD\" class=\"wp-image-10539\" srcset=\"https:\/\/nutrident.fr\/wp-content\/uploads\/2020\/04\/huile-CBD-300x200.jpg 300w, https:\/\/nutrident.fr\/wp-content\/uploads\/2020\/04\/huile-CBD-768x513.jpg 768w, https:\/\/nutrident.fr\/wp-content\/uploads\/2020\/04\/huile-CBD-254x170.jpg 254w, https:\/\/nutrident.fr\/wp-content\/uploads\/2020\/04\/huile-CBD.jpg 999w\" sizes=\"(max-width: 300px) 100vw, 300px\" \/><figcaption>El aceite de CBD es un analg\u00e9sico natural.  <\/figcaption><\/figure><\/div>\n\n\n<p>Tambi\u00e9n es muy \u00fatil despu\u00e9s de un procedimiento dental importante. Cualquier operaci\u00f3n dental, aunque se realice con la m\u00e1xima delicadeza, traumatiza la carne, lo que resulta doloroso cuando se despierta tras la anestesia. El aceite de CBD le ayudar\u00e1 a superar este periodo tan delicado.<\/p>\n\n\n\n<h2><span class=\"ez-toc-section\" id=\"El_CBD_minimiza_los_problemas_estomacales\"><\/span>El CBD minimiza los problemas estomacales<span class=\"ez-toc-section-end\"><\/span><\/h2>\n\n\n\n<p>Algunos pacientes reaccionan mal incluso a la anestesia local del dentista. Si es usted propenso a los malestares estomacales o a las n\u00e1useas despu\u00e9s de una anestesia, el CBD le ayudar\u00e1 de nuevo a esperar hasta que su cuerpo se acostumbre.<\/p>\n\n\n\n<h2><span class=\"ez-toc-section\" id=\"El_CBD_para_ayudar_a_las_enfermedades_de_las_encias\"><\/span>El CBD para ayudar a las enfermedades de las enc\u00edas<span class=\"ez-toc-section-end\"><\/span><\/h2>\n\n\n\n<p>El aceite de CBD ayuda a mantener las enc\u00edas sanas. El CBD previene la inflamaci\u00f3n severa y una cierta p\u00e9rdida de hueso, que es el caso si usted sufre de periodontitis.<\/p>\n\n\n\n<p>Puede a\u00f1adir unas gotas de aceite de CBD a su cepillo de dientes cada vez que se cepille para calmar las enc\u00edas inflamadas o retra\u00eddas.<\/p>\n\n\n\n<p>De nuevo, el CBD no es en absoluto un sustituto del dentista, pero calma su mente, adem\u00e1s de aliviar el dolor. No es un producto alucin\u00f3geno ni adictivo. Es completamente legal en Francia y no hay contraindicaciones, ni siquiera para conducir. <a href=\"http:\/\/cbdpromo.fr\" target=\"_blank\" rel=\"noopener noreferrer\">Para saber m\u00e1s sobre el CBD, vaya aqu\u00ed<\/a>.<\/p>\n\n\n\n<h2><span class=\"ez-toc-section\" id=\"Aceites_de_CBD_recomendados_por_Nutridentes\"><\/span>Aceites de CBD recomendados por Nutrident.es<span class=\"ez-toc-section-end\"><\/span><\/h2>\n\n\n\n<h3>Aceite de CBD lalana<\/h3>\n\n\n<div class=\"wp-block-image\">\n<figure class=\"aligncenter size-medium\"><img width=\"276\" height=\"300\" src=\"https:\/\/nutrident.fr\/wp-content\/uploads\/2022\/05\/lalana-cbd-276x300.jpg\" alt=\"aceite de cbd lalalana\" class=\"wp-image-10542\" srcset=\"https:\/\/nutrident.fr\/wp-content\/uploads\/2022\/05\/lalana-cbd-276x300.jpg 276w, https:\/\/nutrident.fr\/wp-content\/uploads\/2022\/05\/lalana-cbd-175x190.jpg 175w, https:\/\/nutrident.fr\/wp-content\/uploads\/2022\/05\/lalana-cbd.jpg 679w\" sizes=\"(max-width: 276px) 100vw, 276px\" \/><\/figure><\/div>\n\n\n<p>lalana ofrece un aceite de CBD concentrado al 15%. S\u00f3lo contiene ingredientes naturales: aceite MCT (de coco), curcumina, piperina y c\u00e1\u00f1amo.<\/p>\n\n\n\n<p>Fabricado en Espa\u00f1a, es org\u00e1nico, vegano y no contiene THC.  <\/p>\n\n\n\n<div class=\"wp-container-1 is-content-justification-center wp-block-buttons\">\n<div class=\"wp-block-button\"><a class=\"wp-block-button__link has-white-color has-text-color has-background\" href=\"https:\/\/amzn.to\/3NyNW56\" style=\"background-color:#41a3e5\" target=\"_blank\" rel=\"noopener\">Pulse aqu\u00ed para conseguir este aceite al mejor precio <\/a><\/div>\n<\/div>\n\n\n\n<div style=\"height:100px\" aria-hidden=\"true\" class=\"wp-block-spacer\"><\/div>\n\n\n\n<h3>Aceite de CBD 15% Full Spectrum Hakuna Oil<\/h3>\n\n\n<div class=\"wp-block-image\">\n<figure class=\"aligncenter size-medium\"><img width=\"88\" height=\"300\" src=\"https:\/\/nutrident.fr\/wp-content\/uploads\/2022\/05\/Huile-de-CBD-15-Full-Spectrum-hakuna-oil-88x300.jpg\" alt=\"Aceite de CBD 15% Full Spectrum hakuna\" class=\"wp-image-10545\" srcset=\"https:\/\/nutrident.fr\/wp-content\/uploads\/2022\/05\/Huile-de-CBD-15-Full-Spectrum-hakuna-oil-88x300.jpg 88w, https:\/\/nutrident.fr\/wp-content\/uploads\/2022\/05\/Huile-de-CBD-15-Full-Spectrum-hakuna-oil-56x190.jpg 56w, https:\/\/nutrident.fr\/wp-content\/uploads\/2022\/05\/Huile-de-CBD-15-Full-Spectrum-hakuna-oil.jpg 257w\" sizes=\"(max-width: 88px) 100vw, 88px\" \/><\/figure><\/div>\n\n\n<p>El aceite Hakuna es un aceite de semillas de c\u00e1\u00f1amo con una concentraci\u00f3n del 15% de CBD. Vegano, sin gluten, sin lactosa y sin conservantes, es 100% natural.  <\/p>\n\n\n\n<p>LAB810 destaca su concentraci\u00f3n de potasio, calcio, amino\u00e1cidos y vitamina E. El aceite de CBD tambi\u00e9n es rico en Omega-3, Omega-6 y Omega-9.<\/p>\n\n\n\n<div class=\"wp-container-2 is-content-justification-center wp-block-buttons\">\n<div class=\"wp-block-button\"><a class=\"wp-block-button__link has-white-color has-text-color has-background\" href=\"https:\/\/amzn.to\/39UpfSc\" style=\"background-color:#41a3e5\" target=\"_blank\" rel=\"noopener\">Pulse aqu\u00ed para conseguir este aceite al mejor precio <\/a><\/div>\n<\/div>\n\n\n\n<div style=\"height:100px\" aria-hidden=\"true\" class=\"wp-block-spacer\"><\/div>\n\n\n\n<h2><span class=\"ez-toc-section\" id=\"Aceite_de_CBD_Preguntas_frecuentes\"><\/span>Aceite de CBD: Preguntas frecuentes<span class=\"ez-toc-section-end\"><\/span><\/h2>\n\n\n<div id=\"rank-math-faq\" class=\"rank-math-block\">\n<div class=\"rank-math-list \">\n<div id=\"faq-question-1657865851300\" class=\"rank-math-list-item\">\n<h3 class=\"rank-math-question \">\u00bfCu\u00e1les son los efectos secundarios del CBD?<\/h3>\n<div class=\"rank-math-answer \">\n\n<p>Los efectos secundarios del CBD incluyen sequedad de boca, mareos y aturdimiento, n\u00e1useas, malestar estomacal, trastornos digestivos, dolores de cabeza y disminuci\u00f3n del apetito.<\/p>\n\n<\/div>\n<\/div>\n<div id=\"faq-question-1657865857296\" class=\"rank-math-list-item\">\n<h3 class=\"rank-math-question \">\u00bfCu\u00e1ndo tomar el CBD?<\/h3>\n<div class=\"rank-math-answer \">\n\n<p>Puede tomar el CBD en cualquier momento del d\u00eda dependiendo de lo que busque: mejorar el sue\u00f1o, relajarse, aliviar el dolor, etc.<\/p>\n\n<\/div>\n<\/div>\n<div id=\"faq-question-1657865859865\" class=\"rank-math-list-item\">\n<h3 class=\"rank-math-question \">\u00bfC\u00f3mo se toma el aceite de CBD?<\/h3>\n<div class=\"rank-math-answer \">\n\n<p>Presionando el tap\u00f3n con una pipeta cuentagotas, coloque entre 2 y 5 gotas de 1 a 3 veces al d\u00eda directamente bajo la lengua. D\u00e9jelo de 30 segundos a 1 minuto antes de tragarlo.  <\/p>\n\n<\/div>\n<\/div>\n<\/div>\n<\/div><div class=\"article-data before-content\"><div class=\"article-data__date\"><div class=\"article-data__date-modified\"><time class=\"published\" datetime=\"2022-10-27T16:57:40+00:00\">This article was originally published on&nbsp;<span class=\"2\">octubre 27, 2022<\/span>&nbsp;and was most recently updated on&nbsp;<span>junio 13, 2023<\/span><\/time><br><\/div><\/div><\/div><div class=\"user-info\">    <div class=\"user-info__body\">\r\n      <div class=\"user-info__caption\"><span>Contributors:<\/span><\/div>\r\n\t\t\t        <div class=\"user-info__wrap \">\r\n          <div class=\"user-info__data\">\r\n            <div class=\"user-info__data__info\">\r\n              <div class=\"photo\">\r\n\t\t\t\t\t\t\t\t<img width=\"66\" height=\"61\" src=\"https:\/\/nutrident.fr\/wp-content\/uploads\/2023\/06\/unnamed-66x61.jpg\" class=\"attachment-profileImageAuthor size-profileImageAuthor wp-post-image\" alt=\"Dr Abel Jes\u00fas Pederzoli\" loading=\"lazy\" srcset=\"https:\/\/nutrident.fr\/wp-content\/uploads\/2023\/06\/unnamed-66x61.jpg 66w, https:\/\/nutrident.fr\/wp-content\/uploads\/2023\/06\/unnamed-300x279.jpg 300w, https:\/\/nutrident.fr\/wp-content\/uploads\/2023\/06\/unnamed-1024x952.jpg 1024w, https:\/\/nutrident.fr\/wp-content\/uploads\/2023\/06\/unnamed-768x714.jpg 768w, https:\/\/nutrident.fr\/wp-content\/uploads\/2023\/06\/unnamed-204x190.jpg 204w, https:\/\/nutrident.fr\/wp-content\/uploads\/2023\/06\/unnamed-120x112.jpg 120w, https:\/\/nutrident.fr\/wp-content\/uploads\/2023\/06\/unnamed.jpg 1125w\" sizes=\"(max-width: 66px) 100vw, 66px\" \/>              <\/div>\r\n              <a href=\"https:\/\/nutrident.fr\/es\/author\/dr-abel-jesus-pederzoli\/\" class=\"name\">Dr Abel Jes\u00fas Pederzoli<\/a>\r\n            <\/div>\r\n            <div class=\"user-info__data__social\">\r\n\t\t\t\t\t\t\t\t\t\t\t\t\t\t\t\t\t\t\t\t\t          <a href=\"https:\/\/clinicaleixample.es\/\"\r\n             class=\"soc-item website\">website<\/a>\r\n\t\t\t\t          <a href=\"http:\/\/linkedin.com\/in\/abel-jes%C3%BAs-pederzoli\"\r\n             class=\"soc-item linkedin\">linkedin<\/a>\r\n\t\t\t\t            <\/div>\r\n          <\/div>\r\n          <div class=\"user-info__description\">\r\n\t\t\t\t\t\t\t\t\t\t\t\t\t<p>Con t\u00edtulos obtenidos en la Facultad de Odontolog\u00eda de la Universidad Nacional de La Plata y una participaci\u00f3n activa en congresos y jornadas, el Dr. Pederzoli se mantiene actualizado en las \u00faltimas t\u00e9cnicas y avances en odontolog\u00eda. Actualmente se encuentra desarrollando un proyecto de consultor\u00eda tecnol\u00f3gica aplicada a cl\u00ednicas dentales.<\/p>\n\t\t\t\t\t\t          <\/div>\r\n        <\/div>\r\n\t\t\t\t    <\/div>\r\n\t<\/div><!--copyscapeskip--><div class=\"medical_references\"><div class=\"medical_references__heading\"><span>Fuentes M\u00e9dicas<\/span><\/div><div class=\"medical_references__list\"><p><strong>Aceite de CBD: usos, beneficios y mejores productos;<\/strong> <a href=\"https:\/\/greentropics.co\/cbd\/huile-cbd\/\">https:\/\/greentropics.co\/cbd\/huile-cbd\/<\/a><\/p>\n<\/div><\/div><!--\/copyscapeskip-->","protected":false},"excerpt":{"rendered":"<p>Contributor:&nbsp; Dr Abel Jes\u00fas Pederzoli Updated:&nbsp;junio 13, 2023 Aunque se cuide al m\u00e1ximo los dientes, debe visitar al dentista regularmente para una revisi\u00f3n, al menos una vez al a\u00f1o, sin contar las sesiones de tratamiento si desarrolla caries u otros problemas m\u00e1s graves. Si, como a mucha gente, esta perspectiva le asusta, es hora de [&hellip;]<\/p>\n","protected":false},"author":2,"featured_media":0,"parent":0,"menu_order":0,"comment_status":"open","ping_status":"open","template":"","meta":{"inline_featured_image":false},"acf":[],"_links":{"self":[{"href":"https:\/\/nutrident.fr\/es\/wp-json\/wp\/v2\/pages\/16667"}],"collection":[{"href":"https:\/\/nutrident.fr\/es\/wp-json\/wp\/v2\/pages"}],"about":[{"href":"https:\/\/nutrident.fr\/es\/wp-json\/wp\/v2\/types\/page"}],"author":[{"embeddable":true,"href":"https:\/\/nutrident.fr\/es\/wp-json\/wp\/v2\/users\/2"}],"replies":[{"embeddable":true,"href":"https:\/\/nutrident.fr\/es\/wp-json\/wp\/v2\/comments?post=16667"}],"version-history":[{"count":5,"href":"https:\/\/nutrident.fr\/es\/wp-json\/wp\/v2\/pages\/16667\/revisions"}],"predecessor-version":[{"id":21733,"href":"https:\/\/nutrident.fr\/es\/wp-json\/wp\/v2\/pages\/16667\/revisions\/21733"}],"wp:attachment":[{"href":"https:\/\/nutrident.fr\/es\/wp-json\/wp\/v2\/media?parent=16667"}],"curies":[{"name":"wp","href":"https:\/\/api.w.org\/{rel}","templated":true}]}}