

{"id":16675,"date":"2022-10-27T16:59:42","date_gmt":"2022-10-27T16:59:42","guid":{"rendered":"https:\/\/nutrident.fr\/?page_id=16675"},"modified":"2023-06-13T10:26:29","modified_gmt":"2023-06-13T10:26:29","slug":"ferulas-dentales-antibruxismo","status":"publish","type":"page","link":"https:\/\/nutrident.fr\/es\/ferulas-dentales-antibruxismo\/","title":{"rendered":"F\u00e9rulas dentales antibruxismo: nuestra selecci\u00f3n de los mejores productos del mercado"},"content":{"rendered":"<div class=\"meta\"><div class=\"meta__users\">    <div class=\"meta__users__reviewed\">\r\n      <p class=\"meta__users__caption\">Contributor:&nbsp;<\/p>\r\n      <div class=\"users\">\r\n        <span class=\"users__user\">\r\n          <a href=\"#\">Dr Abel Jes\u00fas Pederzoli<\/a>\r\n        <\/span>\r\n      <\/div>\r\n    <\/div>\r\n\t<\/div><div class=\"meta__date-modified\">Updated:&nbsp;<span>junio 13, 2023<\/span><\/div><\/div><div class=\"wp-block-image\">\n<figure class=\"alignright size-medium\"><img width=\"300\" height=\"200\" src=\"https:\/\/nutrident.fr\/wp-content\/uploads\/2020\/05\/pexels-ketut-subiyanto-4473864-300x200.jpg\" alt=\"bruxismo del sue\u00f1o\" class=\"wp-image-7495\" srcset=\"https:\/\/nutrident.fr\/wp-content\/uploads\/2020\/05\/pexels-ketut-subiyanto-4473864-300x200.jpg 300w, https:\/\/nutrident.fr\/wp-content\/uploads\/2020\/05\/pexels-ketut-subiyanto-4473864-1024x683.jpg 1024w, https:\/\/nutrident.fr\/wp-content\/uploads\/2020\/05\/pexels-ketut-subiyanto-4473864-768x512.jpg 768w, https:\/\/nutrident.fr\/wp-content\/uploads\/2020\/05\/pexels-ketut-subiyanto-4473864-1536x1024.jpg 1536w, https:\/\/nutrident.fr\/wp-content\/uploads\/2020\/05\/pexels-ketut-subiyanto-4473864-2048x1365.jpg 2048w, https:\/\/nutrident.fr\/wp-content\/uploads\/2020\/05\/pexels-ketut-subiyanto-4473864-1080x720.jpg 1080w, https:\/\/nutrident.fr\/wp-content\/uploads\/2020\/05\/pexels-ketut-subiyanto-4473864-1280x854.jpg 1280w, https:\/\/nutrident.fr\/wp-content\/uploads\/2020\/05\/pexels-ketut-subiyanto-4473864-980x653.jpg 980w, https:\/\/nutrident.fr\/wp-content\/uploads\/2020\/05\/pexels-ketut-subiyanto-4473864-480x320.jpg 480w\" sizes=\"(max-width: 300px) 100vw, 300px\" \/><figcaption>El bruxismo es el apretamiento o rechinamiento involuntario de los dientes, generalmente por la noche<\/figcaption><\/figure><\/div>\n\n\n<p>El <a href=\"https:\/\/nutrident.fr\/es\/bruxismo\/\" data-type=\"URL\" data-id=\"https:\/\/nutrident.fr\/es\/bruxismo\/\" target=\"_blank\" rel=\"noreferrer noopener\">bruxismo<\/a> es un comportamiento que consiste en <strong>frotar los dientes entre s\u00ed<\/strong>, lo que hace que rechinen. Suele ser inconsciente, produci\u00e9ndose sobre todo por la noche, y sus consecuencias son catastr\u00f3ficas: desgaste prematuro de los dientes, <a href=\"https:\/\/nutrident.fr\/es\/esmalte-dental-tratamiento\/\">esmalte<\/a> agrietado, caries, fuertes dolores en los m\u00fasculos de la mand\u00edbula que pueden incluso extenderse al cuello y los hombros. Tambi\u00e9n produce fuertes dolores de cabeza, al mismo tiempo que perjudica el descanso de la pareja debido al sonido que genera el rechinamiento de los dientes.<\/p>\n\n\n\n<p>Usar una f\u00e9rula dental puede ayudarte a reducir las consecuencias negativas que tiene el bruxismo, ya que <strong>evita que los dientes inferiores y superiores entren en contacto<\/strong>. Por esta raz\u00f3n, en este art\u00edculo hemos seleccionado cuatro de las f\u00e9rulas antibruxismo m\u00e1s eficaces del mercado, para ayudarte a elegir la que mejor te convenga.<\/p>\n\n\n\n<h2>Contraindicaciones de las f\u00e9rulas dentales antibruxismo<\/h2>\n\n\n\n<p>Las f\u00e9rulas para el bruxismo no se recomiendan para las personas que:<\/p>\n\n\n\n<ul><li>Llevan ortodoncia<\/li><li>Tienen dientes flojos<\/li><li>Sufren de apnea del sue\u00f1o<\/li><li>Sufren de epilepsia<\/li><li>Sufren de gingivitis o de enfermedadades periodontales <\/li><li>Menores de 11 a\u00f1os<\/li><\/ul>\n\n\n\n<p>Si te encuentras en una de estas categor\u00edas, deber\u00edas pedir consejo a tu dentista antes de recurrir a una de estas f\u00e9rulas antibruxismo.<\/p>\n\n\n\n<h2>Las mejores f\u00e9rulas dentales para el bruxismo<\/h2>\n\n\n\n<h3>1. Domalium: la mejor relaci\u00f3n calidad-precio<\/h3>\n\n\n<div class=\"wp-block-image\">\n<figure class=\"aligncenter size-medium\"><a href=\"https:\/\/amzn.to\/3PEh38X\" target=\"_blank\" rel=\"noopener\"><img width=\"300\" height=\"298\" src=\"https:\/\/nutrident.fr\/wp-content\/uploads\/2022\/05\/domalium-gouttiere-dentaire-300x298.jpg\" alt=\"F\u00e9rula dental Domalium\" class=\"wp-image-10563\" srcset=\"https:\/\/nutrident.fr\/wp-content\/uploads\/2022\/05\/domalium-gouttiere-dentaire-300x298.jpg 300w, https:\/\/nutrident.fr\/wp-content\/uploads\/2022\/05\/domalium-gouttiere-dentaire-150x150.jpg 150w, https:\/\/nutrident.fr\/wp-content\/uploads\/2022\/05\/domalium-gouttiere-dentaire-191x190.jpg 191w, https:\/\/nutrident.fr\/wp-content\/uploads\/2022\/05\/domalium-gouttiere-dentaire.jpg 679w\" sizes=\"(max-width: 300px) 100vw, 300px\" \/><\/a><\/figure><\/div>\n\n\n<p>Domalium ofrece un paquete completo, pr\u00e1ctico y eficaz para combatir el bruxismo, pues incluye:<\/p>\n\n\n\n<ul><li>2 f\u00e9rulas grandes<\/li><li>2 f\u00e9rulas peque\u00f1as<\/li><li>1 caja de almacenamiento<\/li><li>12 pastillas de limpieza<\/li><li>1 manual de instrucciones para el moldeado<\/li><\/ul>\n\n\n\n<p>Domalium garantiza la seguridad sanitaria, pues sus bandejas est\u00e1n dise\u00f1adas sin bisfenol A (BPA) y se fabrican con materiales aprobados por la FDA (Food and Drug Administration).<\/p>\n\n\n\n<p>El pack dispone de <strong>cuatro bandejas de dos tama\u00f1os diferentes<\/strong>, dise\u00f1adas para adaptarse a tus maxilares. Las instrucciones detallan el proceso para calentarlas y ablandarlas, tomar las impresiones y dejarlas enfriar hasta alcanzar su forma final. En caso de que el ajuste no sea perfecto, puedes calentar la f\u00e9rula de nuevo para que se adapte mejor.<\/p>\n\n\n\n<p>Domalium tambi\u00e9n toma en cuenta la higiene, suministrando un <strong>estuche de almacenamiento<\/strong> para que no acumule polvo durante el d\u00eda y puedas llevarla contigo a cualquier parte.<\/p>\n\n\n\n<p>Por otro lado, incluye un juego de <strong>12 pastillas de limpieza antibacterianas <\/strong>muy f\u00e1ciles de usar. Solo hay que dejar que se disuelvan en un peque\u00f1o recipiente con agua y sumergir la bandeja en esta sustancia. Despu\u00e9s de 20 minutos, se aclara con agua, se deja secar y se guarda.<\/p>\n\n\n\n<h3>2. Runesol Health para los que reci\u00e9n se inician<\/h3>\n\n\n<div class=\"wp-block-image\">\n<figure class=\"aligncenter size-medium\"><a href=\"https:\/\/amzn.to\/3lJCmIg\" target=\"_blank\" rel=\"noopener\"><img width=\"300\" height=\"300\" src=\"https:\/\/nutrident.fr\/wp-content\/uploads\/2022\/05\/gouttiere-Runesol-Health--300x300.jpg\" alt=\"Runesol Salud  \" class=\"wp-image-10568\" srcset=\"https:\/\/nutrident.fr\/wp-content\/uploads\/2022\/05\/gouttiere-Runesol-Health--300x300.jpg 300w, https:\/\/nutrident.fr\/wp-content\/uploads\/2022\/05\/gouttiere-Runesol-Health--150x150.jpg 150w, https:\/\/nutrident.fr\/wp-content\/uploads\/2022\/05\/gouttiere-Runesol-Health--189x190.jpg 189w, https:\/\/nutrident.fr\/wp-content\/uploads\/2022\/05\/gouttiere-Runesol-Health-.jpg 679w\" sizes=\"(max-width: 300px) 100vw, 300px\" \/><\/a><\/figure><\/div>\n\n\n<p>Runesol Health es el <strong>mejor pack de f\u00e9rulas para principiantes<\/strong>. Incluye cuatro bandejas en dos tama\u00f1os diferentes, pero sin la caja de almacenamiento y sin las pastillas de limpieza que ofrece Domalium.<\/p>\n\n\n\n<p>Las f\u00e9rulas est\u00e1n fabricadas con <strong>tecnolog\u00eda termopl\u00e1stica flexible<\/strong> para garantizar la mejor comodidad posible, pero su punto d\u00e9bil es el moldeado. La bandeja debe sumergirse en agua hirviendo durante 10 o 15 segundos para que sea maleable, pero es dif\u00edcil encontrar la temperatura y el momento ideal para que no quede demasiada r\u00edgida ni demasiado deformada por el calor.<\/p>\n\n\n\n<p>Una vez que has conseguido el ajuste perfecto, la f\u00e9rula Runesol Health es <strong>c\u00f3moda y eficaz<\/strong>.<\/p>\n\n\n\n<h3>3. Time2Sleep para combinar con el blanqueamiento dental<\/h3>\n\n\n<div class=\"wp-block-image\">\n<figure class=\"aligncenter size-medium\"><img width=\"300\" height=\"184\" src=\"https:\/\/nutrident.fr\/wp-content\/uploads\/2022\/05\/Time2Sleep-300x184.jpg\" alt=\"Time2Sleep\" class=\"wp-image-10571\" srcset=\"https:\/\/nutrident.fr\/wp-content\/uploads\/2022\/05\/Time2Sleep-300x184.jpg 300w, https:\/\/nutrident.fr\/wp-content\/uploads\/2022\/05\/Time2Sleep-254x156.jpg 254w, https:\/\/nutrident.fr\/wp-content\/uploads\/2022\/05\/Time2Sleep.jpg 679w\" sizes=\"(max-width: 300px) 100vw, 300px\" \/><\/figure><\/div>\n\n\n<p>Time2Sleep tambi\u00e9n ofrece un paquete de <strong>cuatro bandejas en dos tama\u00f1os<\/strong> y un estuche de almacenamiento, pero no incluye ning\u00fan producto de limpieza.<\/p>\n\n\n\n<p>Sin embargo, esta marca permite combinar la f\u00e9rula antibruxismo con un <strong>producto de blanqueamiento<\/strong> dental. Ten en cuenta que el gel de blanqueamiento s\u00f3lo debe usarse durante unos d\u00edas, mientras que el protector bucal debe usarse todas las noches hasta que encuentres y corrijas la causa del bruxismo.<\/p>\n\n\n\n<p>Puedes encontrar todos los detalles sobre el <a href=\"https:\/\/nutrident.fr\/es\/blanqueamiento-profesional\/kit-blanqueador-dental\/\" target=\"_blank\" rel=\"noreferrer noopener\">blanqueamiento dental casero con cubetas en nuestro art\u00edculo dedicado<\/a>.<\/p>\n\n\n\n<p>A la hora de moldear la f\u00e9rula Time2Sleep, el principio sigue siendo el mismo: sumergirlo en agua hirviendo. Sigue este paso con mucha atenci\u00f3n para no estropear el producto, ya que puede deformarse si lo dejas demasiado tiempo.<\/p>\n\n\n\n<div class=\"wp-container-3 is-content-justification-center wp-block-buttons\"><\/div>\n\n\n\n<div style=\"height:100px\" aria-hidden=\"true\" class=\"wp-block-spacer\"><\/div>\n\n\n\n<h3>4. Onirev para mand\u00edbulas peque\u00f1as<\/h3>\n\n\n<div class=\"wp-block-image\">\n<figure class=\"aligncenter size-medium\"><a href=\"https:\/\/amzn.to\/3wI2No2\" target=\"_blank\" rel=\"noopener\"><img width=\"300\" height=\"275\" src=\"https:\/\/nutrident.fr\/wp-content\/uploads\/2022\/05\/Onirev-300x275.jpg\" alt=\"Onirev\" class=\"wp-image-10574\" srcset=\"https:\/\/nutrident.fr\/wp-content\/uploads\/2022\/05\/Onirev-300x275.jpg 300w, https:\/\/nutrident.fr\/wp-content\/uploads\/2022\/05\/Onirev-207x190.jpg 207w, https:\/\/nutrident.fr\/wp-content\/uploads\/2022\/05\/Onirev.jpg 482w\" sizes=\"(max-width: 300px) 100vw, 300px\" \/><\/a><\/figure><\/div>\n\n\n<p>Onirev ofrece un pack familiar que contiene <strong>cuatro bandejas para adultos y dos para ni\u00f1os<\/strong> (o adultos con maxilares muy peque\u00f1as).<\/p>\n\n\n\n<p>Las bandejas Onirev est\u00e1n fabricadas con la innovadora silicona m\u00e9dica EVA, un material que es 100% seguro para la salud. Este producto es muy c\u00f3modo y te acostumbras a llevarlo f\u00e1cilmente, adem\u00e1s de que <strong>es f\u00e1cil de ajustar<\/strong>. Si la f\u00e9rula sobresale en la parte posterior de la boca, s\u00f3lo necesita unas tijeras afiladas para cortarla limpiamente y darle forma a su tama\u00f1o. Tambi\u00e9n se moldea f\u00e1cilmente, sumergi\u00e9ndola en agua a 60\u00b0C durante unos 15 segundos. <\/p>\n\n\n\n<p>Si necesitas f\u00e9rulas antibruxismo para ni\u00f1os o tienes una mand\u00edbula muy peque\u00f1a, Onirev es el producto que recomendamos.<\/p>\n\n\n\n<div class=\"wp-container-4 is-content-justification-center wp-block-buttons\"><\/div>\n<div class=\"article-data before-content\"><div class=\"article-data__date\"><div class=\"article-data__date-modified\"><time class=\"published\" datetime=\"2022-10-27T16:59:42+00:00\">This article was originally published on&nbsp;<span class=\"2\">octubre 27, 2022<\/span>&nbsp;and was most recently updated on&nbsp;<span>junio 13, 2023<\/span><\/time><br><\/div><\/div><\/div><div class=\"user-info\">    <div class=\"user-info__body\">\r\n      <div class=\"user-info__caption\"><span>Contributors:<\/span><\/div>\r\n\t\t\t        <div class=\"user-info__wrap \">\r\n          <div class=\"user-info__data\">\r\n            <div class=\"user-info__data__info\">\r\n              <div class=\"photo\">\r\n\t\t\t\t\t\t\t\t<img width=\"66\" height=\"61\" src=\"https:\/\/nutrident.fr\/wp-content\/uploads\/2023\/06\/unnamed-66x61.jpg\" class=\"attachment-profileImageAuthor size-profileImageAuthor wp-post-image\" alt=\"Dr Abel Jes\u00fas Pederzoli\" loading=\"lazy\" srcset=\"https:\/\/nutrident.fr\/wp-content\/uploads\/2023\/06\/unnamed-66x61.jpg 66w, https:\/\/nutrident.fr\/wp-content\/uploads\/2023\/06\/unnamed-300x279.jpg 300w, https:\/\/nutrident.fr\/wp-content\/uploads\/2023\/06\/unnamed-1024x952.jpg 1024w, https:\/\/nutrident.fr\/wp-content\/uploads\/2023\/06\/unnamed-768x714.jpg 768w, https:\/\/nutrident.fr\/wp-content\/uploads\/2023\/06\/unnamed-204x190.jpg 204w, https:\/\/nutrident.fr\/wp-content\/uploads\/2023\/06\/unnamed-120x112.jpg 120w, https:\/\/nutrident.fr\/wp-content\/uploads\/2023\/06\/unnamed.jpg 1125w\" sizes=\"(max-width: 66px) 100vw, 66px\" \/>              <\/div>\r\n              <a href=\"https:\/\/nutrident.fr\/es\/author\/dr-abel-jesus-pederzoli\/\" class=\"name\">Dr Abel Jes\u00fas Pederzoli<\/a>\r\n            <\/div>\r\n            <div class=\"user-info__data__social\">\r\n\t\t\t\t\t\t\t\t\t\t\t\t\t\t\t\t\t\t\t\t\t          <a href=\"https:\/\/clinicaleixample.es\/\"\r\n             class=\"soc-item website\">website<\/a>\r\n\t\t\t\t          <a href=\"http:\/\/linkedin.com\/in\/abel-jes%C3%BAs-pederzoli\"\r\n             class=\"soc-item linkedin\">linkedin<\/a>\r\n\t\t\t\t            <\/div>\r\n          <\/div>\r\n          <div class=\"user-info__description\">\r\n\t\t\t\t\t\t\t\t\t\t\t\t\t<p>Con t\u00edtulos obtenidos en la Facultad de Odontolog\u00eda de la Universidad Nacional de La Plata y una participaci\u00f3n activa en congresos y jornadas, el Dr. Pederzoli se mantiene actualizado en las \u00faltimas t\u00e9cnicas y avances en odontolog\u00eda. Actualmente se encuentra desarrollando un proyecto de consultor\u00eda tecnol\u00f3gica aplicada a cl\u00ednicas dentales.<\/p>\n\t\t\t\t\t\t          <\/div>\r\n        <\/div>\r\n\t\t\t\t    <\/div>\r\n\t<\/div>","protected":false},"excerpt":{"rendered":"<p>Contributor:&nbsp; Dr Abel Jes\u00fas Pederzoli Updated:&nbsp;junio 13, 2023 El bruxismo es un comportamiento que consiste en frotar los dientes entre s\u00ed, lo que hace que rechinen. Suele ser inconsciente, produci\u00e9ndose sobre todo por la noche, y sus consecuencias son catastr\u00f3ficas: desgaste prematuro de los dientes, esmalte agrietado, caries, fuertes dolores en los m\u00fasculos de la [&hellip;]<\/p>\n","protected":false},"author":2,"featured_media":16676,"parent":0,"menu_order":0,"comment_status":"open","ping_status":"open","template":"","meta":{"inline_featured_image":false},"acf":[],"_links":{"self":[{"href":"https:\/\/nutrident.fr\/es\/wp-json\/wp\/v2\/pages\/16675"}],"collection":[{"href":"https:\/\/nutrident.fr\/es\/wp-json\/wp\/v2\/pages"}],"about":[{"href":"https:\/\/nutrident.fr\/es\/wp-json\/wp\/v2\/types\/page"}],"author":[{"embeddable":true,"href":"https:\/\/nutrident.fr\/es\/wp-json\/wp\/v2\/users\/2"}],"replies":[{"embeddable":true,"href":"https:\/\/nutrident.fr\/es\/wp-json\/wp\/v2\/comments?post=16675"}],"version-history":[{"count":8,"href":"https:\/\/nutrident.fr\/es\/wp-json\/wp\/v2\/pages\/16675\/revisions"}],"predecessor-version":[{"id":21856,"href":"https:\/\/nutrident.fr\/es\/wp-json\/wp\/v2\/pages\/16675\/revisions\/21856"}],"wp:featuredmedia":[{"embeddable":true,"href":"https:\/\/nutrident.fr\/es\/wp-json\/wp\/v2\/media\/16676"}],"wp:attachment":[{"href":"https:\/\/nutrident.fr\/es\/wp-json\/wp\/v2\/media?parent=16675"}],"curies":[{"name":"wp","href":"https:\/\/api.w.org\/{rel}","templated":true}]}}