

{"id":16685,"date":"2022-10-27T17:00:47","date_gmt":"2022-10-27T17:00:47","guid":{"rendered":"https:\/\/nutrident.fr\/?page_id=16685"},"modified":"2023-06-27T18:16:50","modified_gmt":"2023-06-27T18:16:50","slug":"la-salud-bucodental","status":"publish","type":"page","link":"https:\/\/nutrident.fr\/es\/la-salud-bucodental\/","title":{"rendered":"El estado de la salud bucodental en Espa\u00f1a: cifras y estad\u00edsticas"},"content":{"rendered":"<div class=\"meta\"><div class=\"meta__users\">    <div class=\"meta__users__reviewed\">\r\n      <p class=\"meta__users__caption\">Contributor:&nbsp;<\/p>\r\n      <div class=\"users\">\r\n        <span class=\"users__user\">\r\n          <a href=\"#\">Dr Abel Jes\u00fas Pederzoli<\/a>\r\n        <\/span>\r\n      <\/div>\r\n    <\/div>\r\n\t<\/div><div class=\"meta__date-modified\">Updated:&nbsp;<span>junio 27, 2023<\/span><\/div><\/div><div class=\"wp-block-image\">\n<figure class=\"alignright\"><img width=\"300\" height=\"199\" src=\"https:\/\/nutrident.fr\/wp-content\/uploads\/2021\/02\/istock-carie-300x199.jpg\" alt=\"estad\u00edsticas de caries\" class=\"wp-image-8750\" srcset=\"https:\/\/nutrident.fr\/wp-content\/uploads\/2021\/02\/istock-carie-300x199.jpg 300w, https:\/\/nutrident.fr\/wp-content\/uploads\/2021\/02\/istock-carie-1024x679.jpg 1024w, https:\/\/nutrident.fr\/wp-content\/uploads\/2021\/02\/istock-carie-768x510.jpg 768w, https:\/\/nutrident.fr\/wp-content\/uploads\/2021\/02\/istock-carie-1080x717.jpg 1080w, https:\/\/nutrident.fr\/wp-content\/uploads\/2021\/02\/istock-carie-980x650.jpg 980w, https:\/\/nutrident.fr\/wp-content\/uploads\/2021\/02\/istock-carie-480x318.jpg 480w, https:\/\/nutrident.fr\/wp-content\/uploads\/2021\/02\/istock-carie.jpg 1257w\" sizes=\"(max-width: 300px) 100vw, 300px\" \/><figcaption>La caries es uno de los problemas bucodentales m\u00e1s comunes en todo el mundo<\/figcaption><\/figure><\/div>\n\n\n<p>La salud bucodental es un aspecto fundamental de nuestro bienestar general y de nuestra calidad de vida. Desgraciadamente, muchas personas ponen la salud oral en un segundo plano por considerarla menos importante. Esta actitud se ve reflejada en los datos y estad\u00edsticas sobre la salud dental en Espa\u00f1a y en todo el mundo, y lo que dicen las cifras es bastante preocupante.<\/p>\n\n\n\n<p>En este art\u00edculo, exploraremos algunos datos sobre el estado de la salud bucodental en Espa\u00f1a, Europa y el resto del mundo.<\/p>\n\n\n\n<div id=\"ez-toc-container\" class=\"ez-toc-v2_0_33_2 counter-hierarchy ez-toc-counter ez-toc-white ez-toc-container-direction\">\n<div class=\"ez-toc-title-container\">\n<p class=\"ez-toc-title\">Contenus<\/p>\n<span class=\"ez-toc-title-toggle\"><a href=\"#\" class=\"ez-toc-pull-right ez-toc-btn ez-toc-btn-xs ez-toc-btn-default ez-toc-toggle\" style=\"display: none;\"><label for=\"item\" aria-label=\"Tabla de contenidos\"><i class=\"ez-toc-glyphicon ez-toc-icon-toggle\"><\/i><\/label><input type=\"checkbox\" id=\"item\"><\/a><\/span><\/div>\n<nav><ul class='ez-toc-list ez-toc-list-level-1'><li class='ez-toc-page-1 ez-toc-heading-level-2'><a class=\"ez-toc-link ez-toc-heading-1\" href=\"https:\/\/nutrident.fr\/es\/la-salud-bucodental\/#10_datos_sobre_las_enfermedades_bucodentales\" title=\"10 datos sobre las enfermedades bucodentales\">10 datos sobre las enfermedades bucodentales<\/a><\/li><li class='ez-toc-page-1 ez-toc-heading-level-2'><a class=\"ez-toc-link ez-toc-heading-2\" href=\"https:\/\/nutrident.fr\/es\/la-salud-bucodental\/#Cifras_y_estadisticas_de_salud_bucodental_en_Europa_y_en_otros_lugares\" title=\"Cifras y estad\u00edsticas de salud bucodental en Europa y en otros lugares\">Cifras y estad\u00edsticas de salud bucodental en Europa y en otros lugares<\/a><\/li><li class='ez-toc-page-1 ez-toc-heading-level-2'><a class=\"ez-toc-link ez-toc-heading-3\" href=\"https:\/\/nutrident.fr\/es\/la-salud-bucodental\/#Cifras_de_salud_bucodental_relacionadas_con_el_azucar\" title=\"Cifras de salud bucodental relacionadas con el az\u00facar\">Cifras de salud bucodental relacionadas con el az\u00facar<\/a><\/li><\/ul><\/nav><\/div>\n<h2><span class=\"ez-toc-section\" id=\"10_datos_sobre_las_enfermedades_bucodentales\"><\/span>10 datos sobre las enfermedades bucodentales<span class=\"ez-toc-section-end\"><\/span><\/h2>\n\n\n<div class=\"wp-block-image\">\n<figure class=\"alignright is-resized\"><img src=\"https:\/\/nutrident.fr\/wp-content\/uploads\/2019\/09\/house-money-capitalism-fortune-12619-300x198.jpg\" alt=\"estad\u00edsticas de salud dental\" class=\"wp-image-2966\" width=\"300\" height=\"198\" srcset=\"https:\/\/nutrident.fr\/wp-content\/uploads\/2019\/09\/house-money-capitalism-fortune-12619-300x198.jpg 300w, https:\/\/nutrident.fr\/wp-content\/uploads\/2019\/09\/house-money-capitalism-fortune-12619-480x317.jpg 480w, https:\/\/nutrident.fr\/wp-content\/uploads\/2019\/09\/house-money-capitalism-fortune-12619.jpg 750w\" sizes=\"(max-width: 300px) 100vw, 300px\" \/><figcaption>En Estados Unidos se gastan cada a\u00f1o 110.000 millones de d\u00f3lares en salud bucodental<\/figcaption><\/figure><\/div>\n\n\n<ol><li>Las enfermedades bucodentales afectan a 3.900 millones de personas, y las <a href=\"https:\/\/nutrident.fr\/es\/caries-y-dieta\/\">caries<\/a> no tratadas afectan a casi la mitad de la poblaci\u00f3n mundial (44%)<\/li><li><span style=\"font-size: 17px;\">M\u00e1s de un tercio de los ni\u00f1os de 6 a\u00f1os tienen caries<\/span><\/li><li>La <a href=\"https:\/\/nutrident.fr\/es\/periodontitis\/\" data-type=\"URL\" data-id=\"https:\/\/nutrident.fr\/es\/periodontitis\/\" target=\"_blank\" rel=\"noreferrer noopener\">enfermedad periodontal<\/a> grave, que puede provocar la p\u00e9rdida de dientes, afecta al 15-20% de los adultos de mediana edad (35-44 a\u00f1os)<\/li><li>La periodontitis severa y las caries no tratadas en los dientes primarios (<a href=\"https:\/\/nutrident.fr\/es\/dientes-de-leche\/\">de leche<\/a>) se encuentran entre las diez enfermedades m\u00e1s comunes del mundo. En conjunto, estas condiciones afectan al 20% de la poblaci\u00f3n mundial<\/li><li>En todo el mundo, cerca del 30% de las personas de entre 65 y 74 a\u00f1os no tienen dientes naturales, una situaci\u00f3n que se prev\u00e9 que aumente a medida que la poblaci\u00f3n envejezca<\/li><li>Las enfermedades bucodentales pueden tener un impacto en todos los aspectos de la vida: desde las relaciones y la confianza en s\u00ed mismo hasta el desempe\u00f1o en la escuela, el trabajo y la capacidad de relacionarse con los dem\u00e1s. Tambi\u00e9n pueden conducir al aislamiento social y a la reducci\u00f3n de los ingresos<\/li><li>El tratamiento de las enfermedades bucodentales se sit\u00faa como el cuarto m\u00e1s caro del mundo. S\u00f3lo en Estados Unidos se gastan anualmente 110.000 millones de d\u00f3lares en salud bucodental. En la Uni\u00f3n Europea, el gasto anual en salud bucodental se estim\u00f3 en 79.000 millones de euros para el periodo 2008-2012, m\u00e1s que el dinero gastado en tratamientos contra el c\u00e1ncer o en cuidados respiratorios <\/li><li>Las enfermedades bucodentales se asocian a un dolor y una ansiedad importantes, as\u00ed como a desfiguraciones, infecciones agudas y cr\u00f3nicas, trastornos de la alimentaci\u00f3n y del sue\u00f1o, y pueden provocar un deterioro importante de la calidad de vida<\/li><li>La salud bucodental es esencial para el mantenimiento de la salud y el bienestar general <\/li><li>Entre los factores de riesgo de las enfermedades bucodentales se encuentran una dieta poco saludable, especialmente rica en az\u00facares, el tabaquismo, el <a href=\"https:\/\/nutrident.fr\/es\/alcohol-y-dientes\/\" target=\"_blank\" data-type=\"URL\" data-id=\"https:\/\/nutrident.fr\/es\/alcohol-y-dientes\/\" rel=\"noreferrer noopener\">consumo de alcohol<\/a> y una mala higiene bucodental.<\/li><\/ol>\n\n\n\n<h2><span class=\"ez-toc-section\" id=\"Cifras_y_estadisticas_de_salud_bucodental_en_Europa_y_en_otros_lugares\"><\/span>Cifras y estad\u00edsticas de salud bucodental en Europa y en otros lugares<span class=\"ez-toc-section-end\"><\/span><\/h2>\n\n\n\n<p>En Europa, el 20-90% de los ni\u00f1os de 6 a\u00f1os tienen <a href=\"https:\/\/nutrident.fr\/es\/caries\/\" target=\"_blank\" data-type=\"URL\" data-id=\"https:\/\/nutrident.fr\/es\/caries\/\" rel=\"noreferrer noopener\">caries<\/a>. A los 12 a\u00f1os, entre 0,5 y 3,5 dientes est\u00e1n afectados por la caries, y casi el 100% de los adultos han padecido esta enfermedad.<\/p>\n\n\n\n<p>La enfermedad periodontal grave afecta al 5-20% de los adultos de mediana edad (35-44 a\u00f1os) en Europa y hasta al 40% de las personas mayores (65-74 a\u00f1os).<\/p>\n\n\n\n<p>La caries dental y la enfermedad periodontal grave son los principales responsables de la p\u00e9rdida de dientes naturales. Alrededor del 30% de los europeos de entre 65 y 74 a\u00f1os no tienen dientes naturales, lo que reduce su funci\u00f3n masticatoria y su calidad de vida.<\/p>\n\n\n\n<p>En Europa, la incidencia del <a href=\"https:\/\/nutrident.fr\/es\/canceres-orales-y-efectos-secundarios\/\" target=\"_blank\" data-type=\"URL\" data-id=\"https:\/\/nutrident.fr\/es\/canceres-orales-y-efectos-secundarios\/\" rel=\"noreferrer noopener\">c\u00e1ncer oral<\/a> var\u00eda de 5 a 10 casos por cada 100.000 personas. La prevalencia del c\u00e1ncer oral es relativamente m\u00e1s alta entre los hombres, las personas mayores y las personas con bajo nivel educativo y bajos ingresos.<\/p>\n\n\n\n<p>Las tasas de prevalencia del VIH\/SIDA son especialmente elevadas en Europa del Este y Asia Central. Casi la mitad (40-50%) de las personas con VIH tienen una infecci\u00f3n oral f\u00fangica, bacteriana o viral.<\/p>\n\n\n<div class=\"wp-block-image\">\n<figure class=\"alignright\"><img width=\"300\" height=\"190\" src=\"https:\/\/nutrident.fr\/wp-content\/uploads\/2019\/09\/cigar-cigarette-smoke-macro-70088-300x190.jpg\" alt=\"fumar y salud dental\" class=\"wp-image-2967\" srcset=\"https:\/\/nutrident.fr\/wp-content\/uploads\/2019\/09\/cigar-cigarette-smoke-macro-70088-300x190.jpg 300w, https:\/\/nutrident.fr\/wp-content\/uploads\/2019\/09\/cigar-cigarette-smoke-macro-70088.jpg 375w\" sizes=\"(max-width: 300px) 100vw, 300px\" \/><figcaption>Fumar cigarrillos favorece el desarrollo de problemas bucales <\/figcaption><\/figure><\/div>\n\n\n<p>En los pa\u00edses europeos, las <a href=\"https:\/\/nutrident.fr\/es\/diente-roto\/\" target=\"_blank\" data-type=\"URL\" data-id=\"https:\/\/nutrident.fr\/es\/diente-roto\/\" rel=\"noreferrer noopener\">lesiones dentales<\/a> pueden afectar hasta al 40% de los ni\u00f1os en edad escolar debido a la inseguridad de los patios de recreo, las escuelas, los accidentes de tr\u00e1fico o la violencia.<\/p>\n\n\n\n<p>Las malformaciones cong\u00e9nitas, como el <a href=\"https:\/\/nutrident.fr\/es\/labio-leporino\/\" target=\"_blank\" data-type=\"URL\" data-id=\"https:\/\/nutrident.fr\/es\/labio-leporino\/\" rel=\"noreferrer noopener\">labio leporino<\/a> y el paladar hendido, se producen aproximadamente en uno de cada 500 a 700 nacimientos. Esta tasa var\u00eda considerablemente entre grupos \u00e9tnicos y regiones geogr\u00e1ficas.<\/p>\n\n\n\n<p>En el conjunto de la regi\u00f3n europea, el promedio de dientes afectados por caries en ni\u00f1os de 12 a\u00f1os descendi\u00f3 de 3,0 en 1990 a 1,8 en 2015. Sin embargo, siguen existiendo desigualdades en el problema de las enfermedades bucodentales en toda la regi\u00f3n.<\/p>\n\n\n\n<p>La tasa de prevalencia m\u00e1s baja de caries dental entre los ni\u00f1os de 6 a\u00f1os es del 17%, mientras que la m\u00e1s alta es del 94%. La prevalencia de personas mayores (65-74 a\u00f1os) que han perdido todos sus dientes naturales var\u00eda entre el 5% y el 51%.<\/p>\n\n\n\n<p>La cobertura p\u00fablica de tratamientos de salud bucodental tambi\u00e9n es bastante desigual entre los distintos pa\u00edses europeos. En Alemania, el gasto dental p\u00fablico es del 68%, mientras que en Espa\u00f1a es de solo el 2%. Esto quiere decir que el 98% del gasto en salud dental en Espa\u00f1a proviene de pagos directos del paciente y no de la seguridad social o del estado.<\/p>\n\n\n\n<h2><span class=\"ez-toc-section\" id=\"Cifras_de_salud_bucodental_relacionadas_con_el_azucar\"><\/span>Cifras de salud bucodental relacionadas con el az\u00facar<span class=\"ez-toc-section-end\"><\/span><\/h2>\n\n\n<div class=\"wp-block-image\">\n<figure class=\"alignright size-medium\"><img width=\"300\" height=\"180\" src=\"https:\/\/nutrident.fr\/wp-content\/uploads\/2019\/09\/baked-goods-confection-cookies-2333235-300x180.jpg\" alt=\"az\u00facar\" class=\"wp-image-1598\" srcset=\"https:\/\/nutrident.fr\/wp-content\/uploads\/2019\/09\/baked-goods-confection-cookies-2333235-300x180.jpg 300w, https:\/\/nutrident.fr\/wp-content\/uploads\/2019\/09\/baked-goods-confection-cookies-2333235-768x462.jpg 768w, https:\/\/nutrident.fr\/wp-content\/uploads\/2019\/09\/baked-goods-confection-cookies-2333235-980x589.jpg 980w, https:\/\/nutrident.fr\/wp-content\/uploads\/2019\/09\/baked-goods-confection-cookies-2333235-480x288.jpg 480w, https:\/\/nutrident.fr\/wp-content\/uploads\/2019\/09\/baked-goods-confection-cookies-2333235.jpg 1000w\" sizes=\"(max-width: 300px) 100vw, 300px\" \/><figcaption>La exposici\u00f3n al az\u00facar es un importante problema de salud p\u00fablica mundial<\/figcaption><\/figure><\/div>\n\n\n<p>En los \u00faltimos cincuenta a\u00f1os, el consumo mundial de <a href=\"https:\/\/nutrident.fr\/es\/son-los-dulces-realmente-malos-para-los-dientes\/\" target=\"_blank\" data-type=\"URL\" data-id=\"https:\/\/nutrident.fr\/es\/son-los-dulces-realmente-malos-para-los-dientes\/\" rel=\"noreferrer noopener\">az\u00facar<\/a> se ha triplicado, un aumento que se espera que se acelere, especialmente en las econom\u00edas emergentes.<\/p>\n\n\n\n<p>La caries dental es la enfermedad cr\u00f3nica m\u00e1s com\u00fan en el mundo (debido a la creciente exposici\u00f3n al az\u00facar y a otros alimentos procesados) y es un importante problema de salud p\u00fablica que afecta a los individuos, a los sistemas sanitarios y a las econom\u00edas.<\/p>\n\n\n\n<p>El consumo de m\u00e1s de 60g de az\u00facar al d\u00eda por persona aumenta la tasa de caries dental en adolescentes y adultos. Para los preescolares y los ni\u00f1os peque\u00f1os, la ingesta de az\u00facar debe ser proporcional a la de los adolescentes, es decir, unos 30g al d\u00eda por persona.<\/p>\n\n\n\n<p>65 pa\u00edses del mundo consumen m\u00e1s de 100 g de az\u00facar por persona al d\u00eda (el doble de la cantidad recomendada por la OMS). El consumo excesivo de az\u00facar conduce a una grave dependencia e incluso puede generar s\u00edntomas de abstinencia similares a los de algunas drogas.<\/p>\n\n\n\n<p>Consumir una lata de 355 ml de una <a href=\"https:\/\/nutrident.fr\/es\/bebidas-azucaradas\/\" target=\"_blank\" data-type=\"URL\" data-id=\"https:\/\/nutrident.fr\/es\/bebidas-azucaradas\/\" rel=\"noreferrer noopener\">bebida azucarada<\/a> al d\u00eda puede provocar un aumento de peso de 6,5 kg en un a\u00f1o. Adem\u00e1s, el consumo regular de bebidas azucaradas aumenta el riesgo de desarrollar diabetes tipo 2 en un 22%.<\/p>\n\n\n\n<p>El az\u00facar, especialmente el de mesa, es la causa diet\u00e9tica m\u00e1s importante de la caries dental en ni\u00f1os y adultos. Casi el 100% de los adultos y el 60-90% de los ni\u00f1os en edad escolar de todo el mundo sufren de caries dental.<\/p>\n\n\n\n<p>La caries es la cuarta enfermedad bucodental m\u00e1s cara de tratar y consume entre el 5 y el 10% de los presupuestos sanitarios de los pa\u00edses industrializados.<\/p>\n<div class=\"article-data before-content\"><div class=\"article-data__date\"><div class=\"article-data__date-modified\"><time class=\"published\" datetime=\"2022-10-27T17:00:47+00:00\">This article was originally published on&nbsp;<span class=\"2\">octubre 27, 2022<\/span>&nbsp;and was most recently updated on&nbsp;<span>junio 27, 2023<\/span><\/time><br><\/div><\/div><\/div><div class=\"user-info\">    <div class=\"user-info__body\">\r\n      <div class=\"user-info__caption\"><span>Contributors:<\/span><\/div>\r\n\t\t\t        <div class=\"user-info__wrap \">\r\n          <div class=\"user-info__data\">\r\n            <div class=\"user-info__data__info\">\r\n              <div class=\"photo\">\r\n\t\t\t\t\t\t\t\t<img width=\"66\" height=\"61\" src=\"https:\/\/nutrident.fr\/wp-content\/uploads\/2023\/06\/unnamed-66x61.jpg\" class=\"attachment-profileImageAuthor size-profileImageAuthor wp-post-image\" alt=\"Dr Abel Jes\u00fas Pederzoli\" loading=\"lazy\" srcset=\"https:\/\/nutrident.fr\/wp-content\/uploads\/2023\/06\/unnamed-66x61.jpg 66w, https:\/\/nutrident.fr\/wp-content\/uploads\/2023\/06\/unnamed-300x279.jpg 300w, https:\/\/nutrident.fr\/wp-content\/uploads\/2023\/06\/unnamed-1024x952.jpg 1024w, https:\/\/nutrident.fr\/wp-content\/uploads\/2023\/06\/unnamed-768x714.jpg 768w, https:\/\/nutrident.fr\/wp-content\/uploads\/2023\/06\/unnamed-204x190.jpg 204w, https:\/\/nutrident.fr\/wp-content\/uploads\/2023\/06\/unnamed-120x112.jpg 120w, https:\/\/nutrident.fr\/wp-content\/uploads\/2023\/06\/unnamed.jpg 1125w\" sizes=\"(max-width: 66px) 100vw, 66px\" \/>              <\/div>\r\n              <a href=\"https:\/\/nutrident.fr\/es\/author\/dr-abel-jesus-pederzoli\/\" class=\"name\">Dr Abel Jes\u00fas Pederzoli<\/a>\r\n            <\/div>\r\n            <div class=\"user-info__data__social\">\r\n\t\t\t\t\t\t\t\t\t\t\t\t\t\t\t\t\t\t\t\t\t          <a href=\"https:\/\/clinicaleixample.es\/\"\r\n             class=\"soc-item website\">website<\/a>\r\n\t\t\t\t          <a href=\"http:\/\/linkedin.com\/in\/abel-jes%C3%BAs-pederzoli\"\r\n             class=\"soc-item linkedin\">linkedin<\/a>\r\n\t\t\t\t            <\/div>\r\n          <\/div>\r\n          <div class=\"user-info__description\">\r\n\t\t\t\t\t\t\t\t\t\t\t\t\t<p>Con t\u00edtulos obtenidos en la Facultad de Odontolog\u00eda de la Universidad Nacional de La Plata y una participaci\u00f3n activa en congresos y jornadas, el Dr. Pederzoli se mantiene actualizado en las \u00faltimas t\u00e9cnicas y avances en odontolog\u00eda. Actualmente se encuentra desarrollando un proyecto de consultor\u00eda tecnol\u00f3gica aplicada a cl\u00ednicas dentales.<\/p>\n\t\t\t\t\t\t          <\/div>\r\n        <\/div>\r\n\t\t\t\t    <\/div>\r\n\t<\/div><!--copyscapeskip--><div class=\"medical_references\"><div class=\"medical_references__heading\"><span>Fuentes M\u00e9dicas<\/span><\/div><div class=\"medical_references__list\"><p><strong>Panoramas de la Drees Sant\u00e9<\/strong>: <a href=\"https:\/\/drees.solidarites-sante.gouv.fr\/sites\/default\/files\/2020-07\/cns2019.pdf\" target=\"_blank\" rel=\"noopener\">Les d\u00e9penses de sant\u00e9 en 2018<\/a>. Consultado el 26 de junio de 2023.<\/p>\n<p><strong>Journ\u00e9e Mondiale de la Sant\u00e9 Bucco-Dentaire<\/strong>: <a href=\"http:\/\/www.ufsbd.fr\/wp-content\/uploads\/2018\/03\/UFSBD_Pierre-Fabre_CP_les-Fran%C3%A7ais-et-la-sant%C3%A9-de-leurs-gencives.pdf\" target=\"_blank\" rel=\"noopener\">La sant\u00e9 bucco-dentaire des Fran\u00e7ais : Les Fran\u00e7ais et la sant\u00e9 de leurs gencives<\/a>. Consultado el 26 de junio de 2023.<\/p>\n<p><b>\u00c9volutions<\/b>: <a href=\"http:\/\/www.ufsbd.fr\/wp-content\/uploads\/2014\/06\/Evolutions-n%C2%B0-35-Mars-2016-Sant%C3%A9-bucco-dentaire-des-adultes-INPES-UFSBD.pdf\" target=\"_blank\" rel=\"noopener\">Sant\u00e9 bucco-dentaire des adultes<\/a>. Consultado el 26 de junio de 2023.<\/p>\n<p><strong>Ministere de la Sant\u00e9 et de la Pr\u00e9vention<\/strong>: <a href=\"https:\/\/sante.gouv.fr\/prevention-en-sante\/preserver-sa-sante\/article\/sante-bucco-dentaire\" target=\"_blank\" rel=\"noopener\">Sant\u00e9 bucco-dentaire<\/a>. Consultado el 26 de junio de 2023.<\/p>\n<p><strong>IFOP y Dentaly.org:\u00a0<\/strong><a href=\"https:\/\/www.ifop.com\/wp-content\/uploads\/2018\/11\/115081_Rapport_Ifop_Dentaly.pdf\" target=\"_blank\" rel=\"noopener\">Les Fran\u00e7ais, l\u2019acc\u00e8s aux soins dentaires et la question du reste \u00e0 charge z\u00e9ro pour les proth\u00e8ses dentaires<\/a>. Consultado el 26 de junio de 2023.<\/p>\n<p><b>Gaceta Dental:\u00a0<\/b><a href=\"https:\/\/gacetadental.com\/2021\/03\/solo-51-espanoles-fue-dentista-ultimo-ano-26003\/\" target=\"_blank\" rel=\"noopener\">Solo el 51% de los espa\u00f1oles fue al dentista en el \u00faltimo a\u00f1o<\/a>. Consultado el 26 de junio de 2023.<\/p>\n<p><strong>La Vanguardia<\/strong>: <a href=\"https:\/\/www.lavanguardia.com\/vida\/20221118\/8612568\/espana-ocupa-parte-baja-ranking-europeo-cobertura-publica-bucodental.html\" target=\"_blank\" rel=\"noopener\">Espa\u00f1a ocupa la parte baja del ranking europeo en cobertura p\u00fablica bucodental<\/a>. Consultado el 26 de junio de 2023.<\/p>\n<\/div><\/div><!--\/copyscapeskip-->","protected":false},"excerpt":{"rendered":"<p>Contributor:&nbsp; Dr Abel Jes\u00fas Pederzoli Updated:&nbsp;junio 27, 2023 La salud bucodental es un aspecto fundamental de nuestro bienestar general y de nuestra calidad de vida. Desgraciadamente, muchas personas ponen la salud oral en un segundo plano por considerarla menos importante. Esta actitud se ve reflejada en los datos y estad\u00edsticas sobre la salud dental en [&hellip;]<\/p>\n","protected":false},"author":2,"featured_media":21328,"parent":0,"menu_order":0,"comment_status":"open","ping_status":"open","template":"","meta":{"inline_featured_image":false},"acf":[],"_links":{"self":[{"href":"https:\/\/nutrident.fr\/es\/wp-json\/wp\/v2\/pages\/16685"}],"collection":[{"href":"https:\/\/nutrident.fr\/es\/wp-json\/wp\/v2\/pages"}],"about":[{"href":"https:\/\/nutrident.fr\/es\/wp-json\/wp\/v2\/types\/page"}],"author":[{"embeddable":true,"href":"https:\/\/nutrident.fr\/es\/wp-json\/wp\/v2\/users\/2"}],"replies":[{"embeddable":true,"href":"https:\/\/nutrident.fr\/es\/wp-json\/wp\/v2\/comments?post=16685"}],"version-history":[{"count":20,"href":"https:\/\/nutrident.fr\/es\/wp-json\/wp\/v2\/pages\/16685\/revisions"}],"predecessor-version":[{"id":22304,"href":"https:\/\/nutrident.fr\/es\/wp-json\/wp\/v2\/pages\/16685\/revisions\/22304"}],"wp:featuredmedia":[{"embeddable":true,"href":"https:\/\/nutrident.fr\/es\/wp-json\/wp\/v2\/media\/21328"}],"wp:attachment":[{"href":"https:\/\/nutrident.fr\/es\/wp-json\/wp\/v2\/media?parent=16685"}],"curies":[{"name":"wp","href":"https:\/\/api.w.org\/{rel}","templated":true}]}}