

{"id":16692,"date":"2022-10-27T17:00:57","date_gmt":"2022-10-27T17:00:57","guid":{"rendered":"https:\/\/nutrident.fr\/?page_id=16692"},"modified":"2023-06-13T10:41:09","modified_gmt":"2023-06-13T10:41:09","slug":"sindrome-atm","status":"publish","type":"page","link":"https:\/\/nutrident.fr\/es\/sindrome-atm\/","title":{"rendered":"S\u00edndrome de ATM: s\u00edntomas comunes y consejos para aliviar el dolor"},"content":{"rendered":"<div class=\"meta\"><div class=\"meta__users\">    <div class=\"meta__users__reviewed\">\r\n      <p class=\"meta__users__caption\">Contributor:&nbsp;<\/p>\r\n      <div class=\"users\">\r\n        <span class=\"users__user\">\r\n          <a href=\"#\">Dr Abel Jes\u00fas Pederzoli<\/a>\r\n        <\/span>\r\n      <\/div>\r\n    <\/div>\r\n\t<\/div><div class=\"meta__date-modified\">Updated:&nbsp;<span>junio 13, 2023<\/span><\/div><\/div><div class=\"wp-block-image\">\n<figure class=\"alignright size-medium\"><img width=\"300\" height=\"200\" src=\"https:\/\/nutrident.fr\/wp-content\/uploads\/2022\/05\/Depositphotos_35639009_S-300x200.jpg\" alt=\"Mand\u00edbula ATM\" class=\"wp-image-10620\" srcset=\"https:\/\/nutrident.fr\/wp-content\/uploads\/2022\/05\/Depositphotos_35639009_S-300x200.jpg 300w, https:\/\/nutrident.fr\/wp-content\/uploads\/2022\/05\/Depositphotos_35639009_S-768x512.jpg 768w, https:\/\/nutrident.fr\/wp-content\/uploads\/2022\/05\/Depositphotos_35639009_S-254x169.jpg 254w, https:\/\/nutrident.fr\/wp-content\/uploads\/2022\/05\/Depositphotos_35639009_S.jpg 1000w\" sizes=\"(max-width: 300px) 100vw, 300px\" \/><figcaption>El trastorno de la ATM puede provocar s\u00edntomas muy variados<\/figcaption><\/figure><\/div>\n\n\n<p>El s\u00edndrome de ATM es un conjunto de condiciones que afectan la articulaci\u00f3n temporomandibular. El dolor que causa este trastorno puede llegar a ser extremo, pero sus causan no son siempre claras y adem\u00e1s es dif\u00edcil de diagnosticar debido a su rareza. <\/p>\n\n\n\n<p>En este art\u00edculo, exploramos las causas y s\u00edntomas del trastorno de la articulaci\u00f3n temporomandibular, as\u00ed como la dificultad de su diagn\u00f3stico y cu\u00e1les son los tratamientos disponibles para curarlo.<\/p>\n\n\n\n<div id=\"ez-toc-container\" class=\"ez-toc-v2_0_33_2 counter-hierarchy ez-toc-counter ez-toc-white ez-toc-container-direction\">\n<div class=\"ez-toc-title-container\">\n<p class=\"ez-toc-title\">Contenus<\/p>\n<span class=\"ez-toc-title-toggle\"><a href=\"#\" class=\"ez-toc-pull-right ez-toc-btn ez-toc-btn-xs ez-toc-btn-default ez-toc-toggle\" style=\"display: none;\"><label for=\"item\" aria-label=\"Tabla de contenidos\"><i class=\"ez-toc-glyphicon ez-toc-icon-toggle\"><\/i><\/label><input type=\"checkbox\" id=\"item\"><\/a><\/span><\/div>\n<nav><ul class='ez-toc-list ez-toc-list-level-1'><li class='ez-toc-page-1 ez-toc-heading-level-2'><a class=\"ez-toc-link ez-toc-heading-1\" href=\"https:\/\/nutrident.fr\/es\/sindrome-atm\/#%C2%BFQue_es_el_sindrome_de_ATM\" title=\"\u00bfQu\u00e9 es el s\u00edndrome de ATM?\">\u00bfQu\u00e9 es el s\u00edndrome de ATM?<\/a><\/li><li class='ez-toc-page-1 ez-toc-heading-level-2'><a class=\"ez-toc-link ez-toc-heading-2\" href=\"https:\/\/nutrident.fr\/es\/sindrome-atm\/#%C2%BFQue_causa_el_sindrome_de_ATM\" title=\"\u00bfQu\u00e9 causa el s\u00edndrome de ATM?\">\u00bfQu\u00e9 causa el s\u00edndrome de ATM?<\/a><\/li><li class='ez-toc-page-1 ez-toc-heading-level-2'><a class=\"ez-toc-link ez-toc-heading-3\" href=\"https:\/\/nutrident.fr\/es\/sindrome-atm\/#Las_dificultades_del_diagnostico\" title=\"Las dificultades del diagn\u00f3stico\">Las dificultades del diagn\u00f3stico<\/a><\/li><li class='ez-toc-page-1 ez-toc-heading-level-2'><a class=\"ez-toc-link ez-toc-heading-4\" href=\"https:\/\/nutrident.fr\/es\/sindrome-atm\/#%C2%BFCuales_son_los_sintomas_del_trastorno_de_ATM\" title=\"\u00bfCu\u00e1les son los s\u00edntomas del trastorno de ATM?\">\u00bfCu\u00e1les son los s\u00edntomas del trastorno de ATM?<\/a><\/li><li class='ez-toc-page-1 ez-toc-heading-level-2'><a class=\"ez-toc-link ez-toc-heading-5\" href=\"https:\/\/nutrident.fr\/es\/sindrome-atm\/#%C2%BFComo_prevenir_el_ATM\" title=\"\u00bfC\u00f3mo prevenir el ATM?\">\u00bfC\u00f3mo prevenir el ATM?<\/a><\/li><li class='ez-toc-page-1 ez-toc-heading-level-2'><a class=\"ez-toc-link ez-toc-heading-6\" href=\"https:\/\/nutrident.fr\/es\/sindrome-atm\/#Tratamiento\" title=\"Tratamiento\">Tratamiento<\/a><\/li><li class='ez-toc-page-1 ez-toc-heading-level-2'><a class=\"ez-toc-link ez-toc-heading-7\" href=\"https:\/\/nutrident.fr\/es\/sindrome-atm\/#Preguntas_frecuentes\" title=\"Preguntas frecuentes\">Preguntas frecuentes<\/a><\/li><\/ul><\/nav><\/div>\n<h2><span class=\"ez-toc-section\" id=\"%C2%BFQue_es_el_sindrome_de_ATM\"><\/span>\u00bfQu\u00e9 es el s\u00edndrome de ATM?<span class=\"ez-toc-section-end\"><\/span><\/h2>\n\n\n\n<p>El trastorno de ATM, tambi\u00e9n conocido como s\u00edndrome de Costen, est\u00e1 relacionado con la disfunci\u00f3n de la articulaci\u00f3n que une el hueso craneal temporal y la <a href=\"https:\/\/www.passeportsante.net\/fr\/parties-corps\/Fiche.aspx?doc=mandibule\" target=\"_blank\" rel=\"noopener noreferrer\">mand\u00edbula<\/a> (maxilar inferior). Este s\u00edndrome provoca <strong>problemas mec\u00e1nicos para cerrar la mand\u00edbula y masticar<\/strong>, as\u00ed como dolor localizado, pero tambi\u00e9n dolor que se extiende al resto de la cara y a todo el cuerpo.<\/p>\n\n\n\n<p>La articulaci\u00f3n temporomandibular est\u00e1 compuesta por las diferentes partes del aparato masticatorio:<\/p>\n\n\n\n<ul><li>El <strong>disco articular<\/strong> que recubre la cabeza del c\u00f3ndilo (cabeza articular del hueso, de forma redondeada) que normalmente debe evitar la fricci\u00f3n<\/li><li>Las <strong>superficies articulares<\/strong> del hueso temporal y los c\u00f3ndilos cubiertos de cart\u00edlago<\/li><li>Los <strong>m\u00fasculos de la masticaci\u00f3n<\/strong> <\/li><li><strong>Tendones <\/strong><\/li><li>Las <strong>superficies oclusales de los dientes<\/strong>, que son las partes de los dientes que se superponen cuando la boca est\u00e1 cerrada.<\/li><\/ul>\n\n\n\n<h2><span class=\"ez-toc-section\" id=\"%C2%BFQue_causa_el_sindrome_de_ATM\"><\/span>\u00bfQu\u00e9 causa el s\u00edndrome de ATM?<span class=\"ez-toc-section-end\"><\/span><\/h2>\n\n\n\n<p>El s\u00edndrome de Costen puede ser provocado por una serie de causas derivadas de <strong>una<\/strong> <strong>malformaci\u00f3n o de un accidente<\/strong>. La causa m\u00e1s com\u00fan es un problema mec\u00e1nico que provoca un trastorno de la oclusi\u00f3n dental. Hay varias razones por las que los dientes pueden no encajar correctamente:<\/p>\n\n\n\n<ul><li>Han crecido de forma desordenada<\/li><li>P\u00e9rdida de dientes<\/li><li>Trabajos de reparaci\u00f3n dental mal realizados o que han degenerado con el tiempo<\/li><\/ul>\n\n\n\n<p>El s\u00edndrome de ATM tambi\u00e9n suele ser causado por una hipercontracci\u00f3n recurrente de los m\u00fasculos de la mand\u00edbula, tensiones que suelen ser inconscientes. Pueden manifestarse durante el d\u00eda en individuos hipernerviosos y por la noche pueden convertirse en <a href=\"https:\/\/nutrident.fr\/es\/bruxismo\/\">bruxismo<\/a>, un h\u00e1bito en el que la persona afectada rechina los dientes. El bruxismo provoca un desgaste prematuro de los dientes, lo que agrava a\u00fan m\u00e1s los problemas de mordida.<\/p>\n\n\n\n<p>Cuando el trastorno de ATM est\u00e1 causado por un nerviosismo exacerbado, se considera una enfermedad psicosom\u00e1tica.<\/p>\n\n\n<div class=\"wp-block-image\">\n<figure class=\"alignright size-medium\"><img width=\"300\" height=\"200\" src=\"https:\/\/nutrident.fr\/wp-content\/uploads\/2022\/05\/Depositphotos_57358433_S-300x200.jpg\" alt=\"s\u00edndrome de atm\" class=\"wp-image-10623\" srcset=\"https:\/\/nutrident.fr\/wp-content\/uploads\/2022\/05\/Depositphotos_57358433_S-300x200.jpg 300w, https:\/\/nutrident.fr\/wp-content\/uploads\/2022\/05\/Depositphotos_57358433_S-768x512.jpg 768w, https:\/\/nutrident.fr\/wp-content\/uploads\/2022\/05\/Depositphotos_57358433_S-254x169.jpg 254w, https:\/\/nutrident.fr\/wp-content\/uploads\/2022\/05\/Depositphotos_57358433_S.jpg 1000w\" sizes=\"(max-width: 300px) 100vw, 300px\" \/><figcaption>El bruxismo puede provocar el s\u00edndrome de ATM<\/figcaption><\/figure><\/div>\n\n\n<p>Otros factores que pueden ser responsables del s\u00edndrome de ATM incluyen: <strong>anomal\u00edas hereditarias<\/strong>, problemas reum\u00e1ticos, comportamiento postural inadecuado, obstrucci\u00f3n nasal cr\u00f3nica, etc.<\/p>\n\n\n\n<p>Por \u00faltimo, este trastorno puede ser el resultado de un <strong>traumatismo <\/strong>en la mand\u00edbula, la cara, el cr\u00e1neo o el cuello.<\/p>\n\n\n\n<h2><span class=\"ez-toc-section\" id=\"Las_dificultades_del_diagnostico\"><\/span>Las dificultades del diagn\u00f3stico<span class=\"ez-toc-section-end\"><\/span><\/h2>\n\n\n\n<p>El trastorno de la articulaci\u00f3n temporomandibular puede afectar a cualquier persona, aunque es m\u00e1s frecuente entre los 20 y los 50 a\u00f1os. Como los s\u00edntomas son muy variados y el s\u00edndrome no es muy com\u00fan, puede ser dif\u00edcil diagnosticarlo.<\/p>\n\n\n\n<p>El cirujano dental debe tomarse el tiempo necesario para completar un cuestionario m\u00e9dico exhaustivo, antes de proceder a un examen cl\u00ednico igualmente exhaustivo de la funci\u00f3n de la mand\u00edbula. El dentista debe revisar la apertura de la boca, su oclusi\u00f3n y los puntos de contacto entre los dientes, la propia articulaci\u00f3n y la musculatura masticatoria.<\/p>\n\n\n\n<p>Para ello, el dentista tomar\u00e1 una radiograf\u00eda panor\u00e1mica de los dientes, pero tambi\u00e9n puede realizar una tomograf\u00eda computarizada de la articulaci\u00f3n y una resonancia magn\u00e9tica.<\/p>\n\n\n\n<h2><span class=\"ez-toc-section\" id=\"%C2%BFCuales_son_los_sintomas_del_trastorno_de_ATM\"><\/span>\u00bfCu\u00e1les son los s\u00edntomas del trastorno de ATM?<span class=\"ez-toc-section-end\"><\/span><\/h2>\n\n\n\n<h3>Dolor<\/h3>\n\n\n\n<p>El dolor provocado por este s\u00edndrome puede llevar al paciente a consultar a un cirujano dental, pero tambi\u00e9n a un m\u00e9dico general. Esto se debe a que el dolor no siempre se localiza en la articulaci\u00f3n de la mand\u00edbula, sino que a menudo <strong>puede extenderse a la cara<\/strong> (y en particular a la parte delantera de las orejas), e incluso a la columna vertebral y otras partes del cuerpo.<\/p>\n\n\n\n<p>En el peor de los casos, el dolor puede extenderse por toda la espalda, las caderas, la pelvis e incluso los pies, produciendo calambres recurrentes.<\/p>\n\n\n\n<p>El dolor y las molestias se manifiestan con mayor frecuencia durante la apertura y el cierre de la boca. En ocasiones se vuelven puls\u00e1tiles, se localizan en toda la cavidad bucal o se desplazan a la parte delantera del o\u00eddo. Como resultado, los <strong>dolores de cabeza<\/strong> se vuelven frecuentes.<\/p>\n\n\n\n<h3>Problemas articulares<\/h3>\n\n\n\n<p>El trastorno de la articulaci\u00f3n temporomandibular provoca <strong>problemas de masticaci\u00f3n<\/strong> y, en casos extremos, el riesgo de dislocaci\u00f3n de la mand\u00edbula. El paciente puede sentir la mand\u00edbula bloqueada en una posici\u00f3n cerrada, abierta o intermedia o puede o\u00edr un peque\u00f1o crujido o chirrido al masticar.<\/p>\n\n\n<div class=\"wp-block-image\">\n<figure class=\"alignright size-medium\"><img width=\"300\" height=\"200\" src=\"https:\/\/nutrident.fr\/wp-content\/uploads\/2022\/05\/Depositphotos_566831662_S-300x200.jpg\" alt=\"trastorno de la articulacion temporomandibular\" class=\"wp-image-10626\" srcset=\"https:\/\/nutrident.fr\/wp-content\/uploads\/2022\/05\/Depositphotos_566831662_S-300x200.jpg 300w, https:\/\/nutrident.fr\/wp-content\/uploads\/2022\/05\/Depositphotos_566831662_S-768x512.jpg 768w, https:\/\/nutrident.fr\/wp-content\/uploads\/2022\/05\/Depositphotos_566831662_S-254x169.jpg 254w, https:\/\/nutrident.fr\/wp-content\/uploads\/2022\/05\/Depositphotos_566831662_S.jpg 1000w\" sizes=\"(max-width: 300px) 100vw, 300px\" \/><figcaption>La masticaci\u00f3n se vuelve dolorosa debido al trastorno de la articulaci\u00f3n temporomandibular<\/figcaption><\/figure><\/div>\n\n\n<h3>Problemas de otorrinolaringolog\u00eda<\/h3>\n\n\n\n<p>Toda la zona de los o\u00eddos, nariz y laringe se ve afectada por el s\u00edndrome de ATM y las consecuencias son diversas: ac\u00fafenos, sensaci\u00f3n de o\u00eddo tapado, v\u00e9rtigo, sinusitis e incluso problemas oculares.<\/p>\n\n\n\n<h3>Otros signos<\/h3>\n\n\n\n<p>Pueden aparecer problemas adicionales: desgaste desigual y exagerado de los dientes, problemas de degluci\u00f3n, <a href=\"https:\/\/nutrident.fr\/es\/hipersalivacion\/\" target=\"_blank\" data-type=\"URL\" data-id=\"https:\/\/nutrident.fr\/es\/hipersalivacion\/\" rel=\"noreferrer noopener\">hipersalivaci\u00f3n<\/a>, \u00falceras bucales, problemas digestivos, etc.<\/p>\n\n\n\n<h2><span class=\"ez-toc-section\" id=\"%C2%BFComo_prevenir_el_ATM\"><\/span>\u00bfC\u00f3mo prevenir el ATM?<span class=\"ez-toc-section-end\"><\/span><\/h2>\n\n\n\n<p>Una excelente higiene bucal es, por supuesto, importante, as\u00ed como una <a href=\"https:\/\/nutrident.fr\/es\/acudir-al-dentista\/\" target=\"_blank\" data-type=\"URL\" data-id=\"https:\/\/nutrident.fr\/es\/acudir-al-dentista\/\" rel=\"noreferrer noopener\">revisi\u00f3n anual con el dentista<\/a> para detectar los inicios del s\u00edndrome. Debes <strong>evitar a toda costa tensar los m\u00fasculos<\/strong> de la mand\u00edbula si sientes dolor cr\u00f3nico. Practica la relajaci\u00f3n y evita masticar chicle si eres nervioso por naturaleza.<\/p>\n\n\n\n<h2><span class=\"ez-toc-section\" id=\"Tratamiento\"><\/span>Tratamiento<span class=\"ez-toc-section-end\"><\/span><\/h2>\n\n\n\n<p>Cualquier problema derivado de <a href=\"https:\/\/nutrident.fr\/es\/7-malos-habitos-que-danan-los-dientes\/\" target=\"_blank\" data-type=\"URL\" data-id=\"https:\/\/nutrident.fr\/es\/7-malos-habitos-que-danan-los-dientes\/\" rel=\"noreferrer noopener\">comportamientos inadecuados<\/a>, como una mala masticaci\u00f3n o el bruxismo, puede corregirse con <strong>ejercicios de reeducaci\u00f3n<\/strong> para controlar la postura de la mand\u00edbula, as\u00ed como con t\u00e9cnicas de relajaci\u00f3n y terapias cognitivas-conductuales para aprender a<strong> gestionar el estr\u00e9s<\/strong>.<\/p>\n\n\n\n<p>Si sufres un dolor agudo mientras esperas la cita con el dentista, puedes aplicar una bolsa de hielo para anestesiar el dolor o una compresa caliente para calmar los m\u00fasculos.<\/p>\n\n\n\n<h3>Atenci\u00f3n dental y de ortodoncia<\/h3>\n\n\n\n<p>Es el dentista quien debe elegir el tratamiento adecuado para ti. Si es necesario, puede recetar medicamentos a base de analg\u00e9sicos y antiinflamatorios. En funci\u00f3n de los problemas de mordida, el dentista puede utilizar una <a href=\"https:\/\/nutrident.fr\/es\/ferulas-dentales-antibruxismo\/\" target=\"_blank\" data-type=\"URL\" data-id=\"https:\/\/nutrident.fr\/es\/ferulas-dentales-antibruxismo\/\" rel=\"noreferrer noopener\">f\u00e9rula dental<\/a> para combatir el bruxismo u <a href=\"https:\/\/nutrident.fr\/es\/ferula-dental-precios-tratamientos-y-opiniones\/\" target=\"_blank\" data-type=\"URL\" data-id=\"https:\/\/nutrident.fr\/es\/ferula-dental-precios-tratamientos-y-opiniones\/\" rel=\"noreferrer noopener\">ortodoncia<\/a> para corregir las anomal\u00edas de la mordida.<\/p>\n\n\n\n<p>Tambi\u00e9n existen terapias con <strong>osteopat\u00eda o fisioterapia mandibular<\/strong>. La TENS (estimulaci\u00f3n nerviosa el\u00e9ctrica transcut\u00e1nea) tambi\u00e9n es una buena forma de relajar los m\u00fasculos. Sin embargo, en los casos m\u00e1s graves es necesario recurrir a una <strong>cirug\u00eda<\/strong>.<\/p>\n\n\n\n<h3>La contribuci\u00f3n de los complementos alimenticios<\/h3>\n\n\n\n<p>Por \u00faltimo, tambi\u00e9n es posible <strong>tomar suplementos de glucosamina y condroitina<\/strong>, que pueden estimular la producci\u00f3n del l\u00edquido sinovial que lubrica las articulaciones.  <\/p>\n\n\n<div class=\"wp-block-image\">\n<figure class=\"alignright\"><a href=\"https:\/\/www.nutripure.fr\/fr\/sante\/47-133-arthrose-douleurs-articulaires-arthropure.html\" target=\"_blank\" rel=\"noopener\"><img width=\"150\" height=\"150\" src=\"https:\/\/nutrident.fr\/wp-content\/uploads\/2020\/10\/Screenshot-2020-10-06-at-12.37.59-150x150.png\" alt=\"producto para el dolor de mand\u00edbula\" class=\"wp-image-6566\" srcset=\"https:\/\/nutrident.fr\/wp-content\/uploads\/2020\/10\/Screenshot-2020-10-06-at-12.37.59-150x150.png 150w, https:\/\/nutrident.fr\/wp-content\/uploads\/2020\/10\/Screenshot-2020-10-06-at-12.37.59.png 434w\" sizes=\"(max-width: 150px) 100vw, 150px\" \/><\/a><\/figure><\/div>\n\n\n<p><strong>Recomendamos el suplemento <a href=\"https:\/\/www.nutripure.fr\/fr\/sante\/47-133-arthrose-douleurs-articulaires-arthropure.html\" target=\"_blank\" rel=\"noopener\">Arthropure de Nutripure<\/a><\/strong>, pues entre sus muchos beneficios se incluyen:<\/p>\n\n\n\n<ul><li>Combate el envejecimiento del col\u00e1geno y del cart\u00edlago<\/li><li>Absorci\u00f3n \u00f3ptima gracias a la presencia de vitamina C<\/li><li>Permite la regeneraci\u00f3n del tejido cartilaginoso<\/li><li>Ingredientes puros, naturales y patentados<\/li><\/ul>\n\n\n\n<div class=\"wp-container-1 is-content-justification-center wp-block-buttons\">\n<div class=\"wp-block-button\"><a class=\"wp-block-button__link has-white-color has-vivid-cyan-blue-background-color has-text-color has-background\" href=\"https:\/\/amzn.to\/3NDzvMZ\" target=\"_blank\" rel=\"noreferrer noopener\">Encuentra este producto al mejor precio<\/a><\/div>\n<\/div>\n\n\n\n<h2><span class=\"ez-toc-section\" id=\"Preguntas_frecuentes\"><\/span>Preguntas frecuentes<span class=\"ez-toc-section-end\"><\/span><\/h2>\n\n\n<div id=\"rank-math-faq\" class=\"rank-math-block\">\n<div class=\"rank-math-list \">\n<div id=\"faq-question-1657866376463\" class=\"rank-math-list-item\">\n<h3 class=\"rank-math-question \">\u00bfC\u00f3mo tratar el s\u00edndrome de ATM?<\/h3>\n<div class=\"rank-math-answer \">\n\n<p>Para reducir el dolor causado por el trastorno de la articulaci\u00f3n temporomandibular, es aconsejable consultar a un oste\u00f3pata. Al trabajar en todo el cuerpo, el oste\u00f3pata busca las estructuras que est\u00e1n afectando la articulaci\u00f3n temporomandibular.<\/p>\n\n<\/div>\n<\/div>\n<div id=\"faq-question-1657866379424\" class=\"rank-math-list-item\">\n<h3 class=\"rank-math-question \">\u00bfQu\u00e9 causa el trastorno de ATM?<\/h3>\n<div class=\"rank-math-answer \">\n\n<p>El origen de esta patolog\u00eda suele ser una maloclusi\u00f3n de la mand\u00edbula, un fen\u00f3meno que crea presi\u00f3n en la articulaci\u00f3n temporomandibular, desencadenando el trastorno de la misma.<\/p>\n\n<\/div>\n<\/div>\n<div id=\"faq-question-1657866380901\" class=\"rank-math-list-item\">\n<h3 class=\"rank-math-question \">\u00bfC\u00f3mo aliviar los m\u00fasculos de la mand\u00edbula?<\/h3>\n<div class=\"rank-math-answer \">\n\n<p>Para reducir el dolor de mand\u00edbula, puedes masajear el m\u00fasculo bajo la barbilla presion\u00e1ndolo fuertemente con los pulgares.<\/p>\n\n<\/div>\n<\/div>\n<\/div>\n<\/div><div class=\"article-data before-content\"><div class=\"article-data__date\"><div class=\"article-data__date-modified\"><time class=\"published\" datetime=\"2022-10-27T17:00:57+00:00\">This article was originally published on&nbsp;<span class=\"2\">octubre 27, 2022<\/span>&nbsp;and was most recently updated on&nbsp;<span>junio 13, 2023<\/span><\/time><br><\/div><\/div><\/div><div class=\"user-info\">    <div class=\"user-info__body\">\r\n      <div class=\"user-info__caption\"><span>Contributors:<\/span><\/div>\r\n\t\t\t        <div class=\"user-info__wrap \">\r\n          <div class=\"user-info__data\">\r\n            <div class=\"user-info__data__info\">\r\n              <div class=\"photo\">\r\n\t\t\t\t\t\t\t\t<img width=\"66\" height=\"61\" src=\"https:\/\/nutrident.fr\/wp-content\/uploads\/2023\/06\/unnamed-66x61.jpg\" class=\"attachment-profileImageAuthor size-profileImageAuthor wp-post-image\" alt=\"Dr Abel Jes\u00fas Pederzoli\" loading=\"lazy\" srcset=\"https:\/\/nutrident.fr\/wp-content\/uploads\/2023\/06\/unnamed-66x61.jpg 66w, https:\/\/nutrident.fr\/wp-content\/uploads\/2023\/06\/unnamed-300x279.jpg 300w, https:\/\/nutrident.fr\/wp-content\/uploads\/2023\/06\/unnamed-1024x952.jpg 1024w, https:\/\/nutrident.fr\/wp-content\/uploads\/2023\/06\/unnamed-768x714.jpg 768w, https:\/\/nutrident.fr\/wp-content\/uploads\/2023\/06\/unnamed-204x190.jpg 204w, https:\/\/nutrident.fr\/wp-content\/uploads\/2023\/06\/unnamed-120x112.jpg 120w, https:\/\/nutrident.fr\/wp-content\/uploads\/2023\/06\/unnamed.jpg 1125w\" sizes=\"(max-width: 66px) 100vw, 66px\" \/>              <\/div>\r\n              <a href=\"https:\/\/nutrident.fr\/es\/author\/dr-abel-jesus-pederzoli\/\" class=\"name\">Dr Abel Jes\u00fas Pederzoli<\/a>\r\n            <\/div>\r\n            <div class=\"user-info__data__social\">\r\n\t\t\t\t\t\t\t\t\t\t\t\t\t\t\t\t\t\t\t\t\t          <a href=\"https:\/\/clinicaleixample.es\/\"\r\n             class=\"soc-item website\">website<\/a>\r\n\t\t\t\t          <a href=\"http:\/\/linkedin.com\/in\/abel-jes%C3%BAs-pederzoli\"\r\n             class=\"soc-item linkedin\">linkedin<\/a>\r\n\t\t\t\t            <\/div>\r\n          <\/div>\r\n          <div class=\"user-info__description\">\r\n\t\t\t\t\t\t\t\t\t\t\t\t\t<p>Con t\u00edtulos obtenidos en la Facultad de Odontolog\u00eda de la Universidad Nacional de La Plata y una participaci\u00f3n activa en congresos y jornadas, el Dr. Pederzoli se mantiene actualizado en las \u00faltimas t\u00e9cnicas y avances en odontolog\u00eda. Actualmente se encuentra desarrollando un proyecto de consultor\u00eda tecnol\u00f3gica aplicada a cl\u00ednicas dentales.<\/p>\n\t\t\t\t\t\t          <\/div>\r\n        <\/div>\r\n\t\t\t\t    <\/div>\r\n\t<\/div><!--copyscapeskip--><div class=\"medical_references\"><div class=\"medical_references__heading\"><span>Fuentes M\u00e9dicas<\/span><\/div><div class=\"medical_references__list\"><p><strong>Passeport sante<\/strong>: <a href=\"https:\/\/www.passeportsante.net\/fr\/parties-corps\/Fiche.aspx?doc=mandibule\" target=\"_blank\" rel=\"noopener\">Mandibule<\/a>. Consultado el 29 de mayo de 2023.<\/p>\n<p><strong>Scielo:<\/strong> <a href=\"https:\/\/scielo.isciii.es\/scielo.php?script=sci_arttext&pid=S1134-80462012000400005#:~:text=Introducci%C3%B3n%3A%20con%20el%20nombre%20de,Su%20diagn%C3%B3stico%20es%20b%C3%A1sicamente%20cl%C3%ADnico.\" target=\"_blank\" rel=\"noopener\">Tratamiento del dolor secundario al s\u00edndrome de ATM mediante estimulaci\u00f3n nerviosa perif\u00e9rica<\/a>. Consultado el 29 de mayo de 2023.<\/p>\n<\/div><\/div><!--\/copyscapeskip-->","protected":false},"excerpt":{"rendered":"<p>Contributor:&nbsp; Dr Abel Jes\u00fas Pederzoli Updated:&nbsp;junio 13, 2023 El s\u00edndrome de ATM es un conjunto de condiciones que afectan la articulaci\u00f3n temporomandibular. El dolor que causa este trastorno puede llegar a ser extremo, pero sus causan no son siempre claras y adem\u00e1s es dif\u00edcil de diagnosticar debido a su rareza. En este art\u00edculo, exploramos las [&hellip;]<\/p>\n","protected":false},"author":14,"featured_media":10622,"parent":0,"menu_order":0,"comment_status":"closed","ping_status":"closed","template":"","meta":{"inline_featured_image":false},"acf":[],"_links":{"self":[{"href":"https:\/\/nutrident.fr\/es\/wp-json\/wp\/v2\/pages\/16692"}],"collection":[{"href":"https:\/\/nutrident.fr\/es\/wp-json\/wp\/v2\/pages"}],"about":[{"href":"https:\/\/nutrident.fr\/es\/wp-json\/wp\/v2\/types\/page"}],"author":[{"embeddable":true,"href":"https:\/\/nutrident.fr\/es\/wp-json\/wp\/v2\/users\/14"}],"replies":[{"embeddable":true,"href":"https:\/\/nutrident.fr\/es\/wp-json\/wp\/v2\/comments?post=16692"}],"version-history":[{"count":15,"href":"https:\/\/nutrident.fr\/es\/wp-json\/wp\/v2\/pages\/16692\/revisions"}],"predecessor-version":[{"id":21969,"href":"https:\/\/nutrident.fr\/es\/wp-json\/wp\/v2\/pages\/16692\/revisions\/21969"}],"wp:featuredmedia":[{"embeddable":true,"href":"https:\/\/nutrident.fr\/es\/wp-json\/wp\/v2\/media\/10622"}],"wp:attachment":[{"href":"https:\/\/nutrident.fr\/es\/wp-json\/wp\/v2\/media?parent=16692"}],"curies":[{"name":"wp","href":"https:\/\/api.w.org\/{rel}","templated":true}]}}