

{"id":16713,"date":"2022-10-27T17:01:05","date_gmt":"2022-10-27T17:01:05","guid":{"rendered":"https:\/\/nutrident.fr\/?page_id=16713"},"modified":"2023-06-15T23:14:46","modified_gmt":"2023-06-15T23:14:46","slug":"dolor-de-muelas","status":"publish","type":"page","link":"https:\/\/nutrident.fr\/es\/dolor-de-muelas\/","title":{"rendered":"Dolor de muelas: causas del dolor dental y como tratarlo"},"content":{"rendered":"<div class=\"meta\"><div class=\"meta__users\">    <div class=\"meta__users__reviewed\">\r\n      <p class=\"meta__users__caption\">Contributor:&nbsp;<\/p>\r\n      <div class=\"users\">\r\n        <span class=\"users__user\">\r\n          <a href=\"#\">Dr Abel Jes\u00fas Pederzoli<\/a>\r\n        <\/span>\r\n      <\/div>\r\n    <\/div>\r\n\t<\/div><div class=\"meta__date-modified\">Updated:&nbsp;<span>junio 15, 2023<\/span><\/div><\/div><div class=\"wp-block-image\">\n<figure class=\"alignright size-medium\"><img width=\"300\" height=\"200\" src=\"https:\/\/nutrident.fr\/wp-content\/uploads\/2020\/08\/iStock-1061669326-300x200.jpg\" alt=\"dolor de muelas\" class=\"wp-image-7489\" srcset=\"https:\/\/nutrident.fr\/wp-content\/uploads\/2020\/08\/iStock-1061669326-300x200.jpg 300w, https:\/\/nutrident.fr\/wp-content\/uploads\/2020\/08\/iStock-1061669326-1024x683.jpg 1024w, https:\/\/nutrident.fr\/wp-content\/uploads\/2020\/08\/iStock-1061669326-768x513.jpg 768w, https:\/\/nutrident.fr\/wp-content\/uploads\/2020\/08\/iStock-1061669326-1080x721.jpg 1080w, https:\/\/nutrident.fr\/wp-content\/uploads\/2020\/08\/iStock-1061669326-980x654.jpg 980w, https:\/\/nutrident.fr\/wp-content\/uploads\/2020\/08\/iStock-1061669326-480x320.jpg 480w, https:\/\/nutrident.fr\/wp-content\/uploads\/2020\/08\/iStock-1061669326.jpg 1254w\" sizes=\"(max-width: 300px) 100vw, 300px\" \/><figcaption>El dolor de muelas puede ser una condici\u00f3n temporal o un signo de una enfermedad m\u00e1s grave<\/figcaption><\/figure><\/div>\n\n\n<p><strong>Un dolor de muelas<\/strong> es una experiencia dolorosa y angustiosa que puede afectar negativamente la calidad de vida de una persona. Es un problema muy com\u00fan, pero las causas exactas pueden ser muy variadas y las consecuencias bastante graves si no se trata a tiempo.<\/p>\n\n\n\n<p>En este art\u00edculo, exploraremos las principales causas del dolor dental, as\u00ed como los tratamientos disponibles y algunos consejos para prevenirlo.<\/p>\n\n\n\n<div id=\"ez-toc-container\" class=\"ez-toc-v2_0_33_2 counter-hierarchy ez-toc-counter ez-toc-white ez-toc-container-direction\">\n<div class=\"ez-toc-title-container\">\n<p class=\"ez-toc-title\">Contenus<\/p>\n<span class=\"ez-toc-title-toggle\"><a href=\"#\" class=\"ez-toc-pull-right ez-toc-btn ez-toc-btn-xs ez-toc-btn-default ez-toc-toggle\" style=\"display: none;\"><label for=\"item\" aria-label=\"Tabla de contenidos\"><i class=\"ez-toc-glyphicon ez-toc-icon-toggle\"><\/i><\/label><input type=\"checkbox\" id=\"item\"><\/a><\/span><\/div>\n<nav><ul class='ez-toc-list ez-toc-list-level-1'><li class='ez-toc-page-1 ez-toc-heading-level-2'><a class=\"ez-toc-link ez-toc-heading-1\" href=\"https:\/\/nutrident.fr\/es\/dolor-de-muelas\/#%C2%BFQue_causa_el_dolor_de_muelas\" title=\"\u00bfQu\u00e9 causa el dolor de muelas?\">\u00bfQu\u00e9 causa el dolor de muelas?<\/a><\/li><li class='ez-toc-page-1 ez-toc-heading-level-2'><a class=\"ez-toc-link ez-toc-heading-2\" href=\"https:\/\/nutrident.fr\/es\/dolor-de-muelas\/#%C2%BFCuales_son_los_sintomas_del_dolor_de_muelas\" title=\"\u00bfCu\u00e1les son los s\u00edntomas del dolor de muelas?  \">\u00bfCu\u00e1les son los s\u00edntomas del dolor de muelas?  <\/a><\/li><li class='ez-toc-page-1 ez-toc-heading-level-2'><a class=\"ez-toc-link ez-toc-heading-3\" href=\"https:\/\/nutrident.fr\/es\/dolor-de-muelas\/#%C2%BFDebo_acudir_al_dentista_por_un_dolor_dental\" title=\"\u00bfDebo acudir al dentista por un dolor dental?\">\u00bfDebo acudir al dentista por un dolor dental?<\/a><\/li><li class='ez-toc-page-1 ez-toc-heading-level-2'><a class=\"ez-toc-link ez-toc-heading-4\" href=\"https:\/\/nutrident.fr\/es\/dolor-de-muelas\/#%C2%BFComo_calmar_el_dolor_de_muelas_en_casa\" title=\"\u00bfC\u00f3mo calmar el dolor de muelas en casa?\">\u00bfC\u00f3mo calmar el dolor de muelas en casa?<\/a><\/li><li class='ez-toc-page-1 ez-toc-heading-level-2'><a class=\"ez-toc-link ez-toc-heading-5\" href=\"https:\/\/nutrident.fr\/es\/dolor-de-muelas\/#%C2%BFCuales_son_los_tratamientos_para_la_odontalgia\" title=\"\u00bfCu\u00e1les son los tratamientos para la odontalgia?\">\u00bfCu\u00e1les son los tratamientos para la odontalgia?<\/a><\/li><li class='ez-toc-page-1 ez-toc-heading-level-2'><a class=\"ez-toc-link ez-toc-heading-6\" href=\"https:\/\/nutrident.fr\/es\/dolor-de-muelas\/#%C2%BFSe_puede_prevenir_el_dolor_de_muelas\" title=\"\u00bfSe puede prevenir el dolor de muelas?\">\u00bfSe puede prevenir el dolor de muelas?<\/a><\/li><li class='ez-toc-page-1 ez-toc-heading-level-2'><a class=\"ez-toc-link ez-toc-heading-7\" href=\"https:\/\/nutrident.fr\/es\/dolor-de-muelas\/#%C2%BFQue_puedo_comer_con_dolor_de_muelas\" title=\"\u00bfQu\u00e9 puedo comer con dolor de muelas?\">\u00bfQu\u00e9 puedo comer con dolor de muelas?<\/a><\/li><li class='ez-toc-page-1 ez-toc-heading-level-2'><a class=\"ez-toc-link ez-toc-heading-8\" href=\"https:\/\/nutrident.fr\/es\/dolor-de-muelas\/#PREGUNTAS_FRECUENTES\" title=\"PREGUNTAS FRECUENTES\">PREGUNTAS FRECUENTES<\/a><\/li><\/ul><\/nav><\/div>\n<h2><span class=\"ez-toc-section\" id=\"%C2%BFQue_causa_el_dolor_de_muelas\"><\/span>\u00bfQu\u00e9 causa el dolor de muelas?<span class=\"ez-toc-section-end\"><\/span><\/h2>\n\n\n\n<p>El dolor de muelas (u odontalgia) se produce cuando la parte central del diente, <strong>la pulpa, se inflama<\/strong>. Esto se debe a que la pulpa dental contiene terminaciones nerviosas o ra\u00edces que son muy sensibles al dolor. A esta condici\u00f3n se le conoce como pulpitis y es causada por una lista bastante extensa de factores. <\/p>\n\n\n\n<p>Las <strong>principales causas<\/strong> de dolor dental son:<\/p>\n\n\n\n<ul><li><a href=\"https:\/\/nutrident.fr\/es\/caries-y-dieta\/\">Caries dental<\/a><\/li><li>Sensibilidad a la temperatura de los alimentos\/bebidas<\/li><li>Aire fr\u00edo o caliente<\/li><li>Rechinar de dientes<\/li><li>Absceso dental<\/li><li><a href=\"https:\/\/nutrident.fr\/es\/muelas-del-juicio\/\">Muela del juicio<\/a><\/li><li><a href=\"https:\/\/nutrident.fr\/es\/dientes-y-embarazo\/\">Embarazo<\/a><\/li><li><a href=\"https:\/\/nutrident.fr\/es\/gingivitis-y-carencia-de-zinc\/\">Gingivitis<\/a><\/li><li><a href=\"https:\/\/nutrident.fr\/es\/omega-3\/\">Enfermedad periodontal<\/a><\/li><li>Recesi\u00f3n gingival<\/li><li>Fractura dental <\/li><li><a href=\"https:\/\/nutrident.fr\/es\/erosion-dental\/\" data-type=\"URL\" data-id=\"https:\/\/nutrident.fr\/es\/erosion-dental\/\" target=\"_blank\" rel=\"noreferrer noopener\">Erosi\u00f3n dental<\/a> <\/li><li><a href=\"https:\/\/nutrident.fr\/es\/coronas-dentales\/\" target=\"_blank\" data-type=\"URL\" data-id=\"https:\/\/nutrident.fr\/es\/coronas-dentales\/\" rel=\"noreferrer noopener\">Corona<\/a> o empaste da\u00f1ado.<\/li><\/ul>\n\n\n\n<h2><span class=\"ez-toc-section\" id=\"%C2%BFCuales_son_los_sintomas_del_dolor_de_muelas\"><\/span>\u00bfCu\u00e1les son los s\u00edntomas del dolor de muelas?  <span class=\"ez-toc-section-end\"><\/span><\/h2>\n\n\n\n<p>El dolor dental intenso puede extenderse a <strong>la mejilla, el o\u00eddo o la mand\u00edbula<\/strong>. Los s\u00edntomas a los que hay que prestar atenci\u00f3n son los siguientes:<\/p>\n\n\n\n<ul><li>Dolor al masticar<\/li><li>Sensibilidad al aire caliente o fr\u00edo o a los l\u00edquidos<\/li><li>Sangrado alrededor del diente y la enc\u00eda<\/li><li>Hinchaz\u00f3n alrededor del diente, la enc\u00eda, la <a href=\"https:\/\/nutrident.fr\/es\/dolor-de-mandibula\/\" target=\"_blank\" data-type=\"URL\" data-id=\"https:\/\/nutrident.fr\/es\/dolor-de-mandibula\/\" rel=\"noreferrer noopener\">mand\u00edbula<\/a> o la mejilla<\/li><li>Lesi\u00f3n o traumatismo en la zona dolorida<\/li><\/ul>\n\n\n\n<p>Estos s\u00edntomas a veces pueden estar relacionados con la caries dental o la enfermedad de las enc\u00edas. Sin embargo, el dolor de muelas debe diferenciarse de otras fuentes de dolor en esta parte de la cabeza: la <strong>sinusitis<\/strong>, el <strong>dolor de garganta<\/strong>, de<strong> o\u00eddo <\/strong>o las lesiones en la <a href=\"https:\/\/nutrident.fr\/es\/inflamacion-de-encias\/\" data-type=\"URL\" data-id=\"https:\/\/nutrident.fr\/es\/inflamacion-de-encias\/\" target=\"_blank\" rel=\"noreferrer noopener\">articulaci\u00f3n temporomandibular<\/a> pueden interpretarse err\u00f3neamente como dolor de muelas.  <\/p>\n\n\n\n<p>Esto se debe a que el dolor que emana de estructuras m\u00e1s profundas puede transferirse al <strong>nervio<\/strong> y sentirse en la mand\u00edbula o el diente. Es necesario que un dentista realice una evaluaci\u00f3n para diagnosticar el origen del dolor.<\/p>\n\n\n\n<h2><span class=\"ez-toc-section\" id=\"%C2%BFDebo_acudir_al_dentista_por_un_dolor_dental\"><\/span>\u00bfDebo acudir al dentista por un dolor dental?<span class=\"ez-toc-section-end\"><\/span><\/h2>\n\n\n<div class=\"wp-block-image\">\n<figure class=\"alignright size-medium\"><img width=\"300\" height=\"163\" src=\"https:\/\/nutrident.fr\/wp-content\/uploads\/2018\/10\/pexels-photo-305565-300x163.jpeg\" alt=\"dolor dental\" class=\"wp-image-45\" srcset=\"https:\/\/nutrident.fr\/wp-content\/uploads\/2018\/10\/pexels-photo-305565-300x163.jpeg 300w, https:\/\/nutrident.fr\/wp-content\/uploads\/2018\/10\/pexels-photo-305565.jpeg 690w\" sizes=\"(max-width: 300px) 100vw, 300px\" \/><figcaption>El dentista identificar\u00e1 la causa del dolor de muelas<\/figcaption><\/figure><\/div>\n\n\n<p>Debes ponerte en contacto con tu dentista en los siguientes casos:<\/p>\n\n\n\n<ul><li>El <strong>dolor dental no se reduce tras el uso de antiinflamatorios<\/strong> como la aspirina, el ibuprofeno, el ketoprofeno, etc. Incluso si experimentas un alivio del dolor, una evaluaci\u00f3n dental puede ser beneficiosa si ayuda a abordar un problema que puede ser m\u00e1s grave si se trata m\u00e1s tarde.<\/li><li><strong>Si experimentas un dolor intenso m\u00e1s de dos d\u00edas despu\u00e9s de la extracci\u00f3n de un diente<\/strong> es posible que el tejido del diente a\u00fan no haya cicatrizado completamente. Se trata de una condici\u00f3n conocida como <a href=\"https:\/\/nutrident.fr\/es\/alveolitis-dental-causas-sintomas-y-tratamientos\/\" data-type=\"URL\" data-id=\"https:\/\/nutrident.fr\/es\/alveolitis-dental-causas-sintomas-y-tratamientos\/\" target=\"_blank\" rel=\"noreferrer noopener\">alveolitis seca<\/a>. En este caso, debes consultar inmediatamente a tu dentista.<\/li><li><strong>El dolor provoca hinchaz\u00f3n en partes de las enc\u00edas o de la cara<\/strong>. Estos s\u00edntomas, junto con la fiebre, son signos de infecci\u00f3n. La <a href=\"https:\/\/nutrident.fr\/es\/inflamacion-de-encias\/\" data-type=\"URL\" data-id=\"https:\/\/nutrident.fr\/es\/inflamacion-de-encias\/\" target=\"_blank\" rel=\"noreferrer noopener\">inflamaci\u00f3n<\/a> y la fiebre pueden ser un signo de advertencia de un <a href=\"https:\/\/nutrident.fr\/es\/absceso-dental\/\" data-type=\"URL\" data-id=\"https:\/\/nutrident.fr\/es\/absceso-dental\/\" target=\"_blank\" rel=\"noreferrer noopener\">absceso<\/a>, el cual puede requerir el uso de antibi\u00f3ticos y drenaje.<\/li><li>El <strong>dolor se produce en la mand\u00edbula<\/strong>. Si sientes dolor al abrir la boca, lo m\u00e1s probable es que la articulaci\u00f3n temporomandibular est\u00e9 afectada o irritada. Esto puede ocurrir despu\u00e9s de una lesi\u00f3n o tras intentar comer algo demasiado grande. Tu dentista podr\u00e1 sugerirte soluciones para este problema.<\/li><li>Las <strong>muelas del juicio te causan dolor<\/strong>. Cuando salen las muelas del juicio, se produce una inflamaci\u00f3n de la enc\u00eda alrededor del diente, lo que puede provocar una infecci\u00f3n. El dolor puede extenderse a la mand\u00edbula y al o\u00eddo y es posible que la hinchaz\u00f3n impida que la mand\u00edbula se cierre.<\/li><\/ul>\n\n\n\n<h2><span class=\"ez-toc-section\" id=\"%C2%BFComo_calmar_el_dolor_de_muelas_en_casa\"><\/span>\u00bfC\u00f3mo calmar el dolor de muelas en casa?<span class=\"ez-toc-section-end\"><\/span><\/h2>\n\n\n\n<p>Estos son algunos consejos y <a href=\"https:\/\/nutrident.fr\/es\/5-remedios-naturales-para-el-dolor-de-muelas\/\" target=\"_blank\" data-type=\"URL\" data-id=\"https:\/\/nutrident.fr\/es\/5-remedios-naturales-para-el-dolor-de-muelas\/\" rel=\"noreferrer noopener\">remedios caseros<\/a> que puedes aplicar para la odontalgia:<\/p>\n\n\n\n<ul><li>Tomar <strong>ibuprofeno<\/strong> como primera medida antes de consultar al dentista<\/li><li>No comas alimentos <strong>demasiado calientes ni demasiado fr\u00edos<\/strong>, ya que esto puede empeorar el dolor<\/li><li>Morder un trozo de algod\u00f3n empapado en <strong>aceite de clavo<\/strong><\/li><li>El <a href=\"https:\/\/nutrident.fr\/es\/el-ajo-y-sus-beneficios\/\" target=\"_blank\" data-type=\"URL\" data-id=\"https:\/\/nutrident.fr\/es\/el-ajo-y-sus-beneficios\/\" rel=\"noreferrer noopener\">ajo<\/a> contiene una sustancia qu\u00edmica llamada alicina, que act\u00faa como antibi\u00f3tico natural y puede combatir el dolor de muelas. Incorporando m\u00e1s ajo en tu dieta, puedes reducir la susceptibilidad al dolor de muelas. Para aliviar el dolor, puedes <strong>machacar el ajo y mezclarlo con un poco de sal<\/strong> antes de aplicarlo en la zona afectada<\/li><li>Aplicar un gel como Orajel o Dentispray en las zonas sensibles tambi\u00e9n puede ayudar<\/li><\/ul>\n\n\n\n<h2><span class=\"ez-toc-section\" id=\"%C2%BFCuales_son_los_tratamientos_para_la_odontalgia\"><\/span>\u00bfCu\u00e1les son los tratamientos para la odontalgia?<span class=\"ez-toc-section-end\"><\/span><\/h2>\n\n\n\n<p>El dentista har\u00e1 una evaluaci\u00f3n y tambi\u00e9n una radiograf\u00eda para determinar de d\u00f3nde procede el dolor. Mientras tanto, puedes usar ibuprofeno para aliviar el dolor.<\/p>\n\n\n<div class=\"wp-block-image\">\n<figure class=\"alignright size-medium\"><img width=\"300\" height=\"168\" src=\"https:\/\/nutrident.fr\/wp-content\/uploads\/2018\/10\/pexels-photo-298611-300x168.jpeg\" alt=\"odontalgia\" class=\"wp-image-46\" srcset=\"https:\/\/nutrident.fr\/wp-content\/uploads\/2018\/10\/pexels-photo-298611-300x168.jpeg 300w, https:\/\/nutrident.fr\/wp-content\/uploads\/2018\/10\/pexels-photo-298611.jpeg 690w\" sizes=\"(max-width: 300px) 100vw, 300px\" \/><figcaption>El fl\u00faor ayuda a proteger los dientes  <\/figcaption><\/figure><\/div>\n\n\n<p>Es posible que el dentista te recomiende un <strong>tratamiento con fl\u00faor <\/strong>para fortalecer el diente y cerrar la parte que est\u00e1 causando la sensibilidad. En otros casos, puede ser necesaria una<strong> limpieza profunda <\/strong>para eliminar las bacterias da\u00f1inas y la placa atrapada bajo la enc\u00eda.  <\/p>\n\n\n\n<p>Si la raz\u00f3n del dolor son las caries, el dentista las limpiar\u00e1 y colocar\u00e1 <strong>empastes<\/strong>. Si el <a href=\"https:\/\/nutrident.fr\/es\/diente-roto\/\" data-type=\"URL\" data-id=\"https:\/\/nutrident.fr\/es\/diente-roto\/\" target=\"_blank\" rel=\"noreferrer noopener\">diente est\u00e1 roto<\/a>, se puede considerar una <strong>corona<\/strong> despu\u00e9s de la endodoncia o un tratamiento de conducto. Si el diente est\u00e1 muy da\u00f1ado, no hay m\u00e1s remedio que extraerlo para aliviar el dolor.<\/p>\n\n\n\n<p>Este <a href=\"https:\/\/www.webmd.com\/oral-health\/home-remedies-toothache\" target=\"_blank\" rel=\"noopener\">art\u00edculo<\/a> tambi\u00e9n puede darte ideas adicionales para afrontar el dolor.  <\/p>\n\n\n\n<h2><span class=\"ez-toc-section\" id=\"%C2%BFSe_puede_prevenir_el_dolor_de_muelas\"><\/span>\u00bfSe puede prevenir el dolor de muelas?<span class=\"ez-toc-section-end\"><\/span><\/h2>\n\n\n\n<p>Una buena <a href=\"https:\/\/nutrident.fr\/es\/como-lavarse-los-dientes\/\" data-type=\"URL\" data-id=\"https:\/\/nutrident.fr\/es\/como-lavarse-los-dientes\/\">higiene dental<\/a> es la mejor manera de evitar el dolor de muelas:<\/p>\n\n\n\n<ol><li>Cepilla tus dientes tres veces al d\u00eda<\/li><li> <strong>Utiliza hilo dental<\/strong> una vez al d\u00eda, preferiblemente antes de irte a dormir, para eliminar la comida de entre los dientes. Es normal sangrar al principio, sigue haci\u00e9ndolo con regularidad y ver\u00e1s que tus enc\u00edas dejar\u00e1n de sangrar debido a la reducci\u00f3n de las bacterias alrededor de los dientes<\/li><li><strong>Cambia tu <a href=\"https:\/\/nutrident.fr\/es\/cepillo-de-dientes-electrico-o-manual\/\" data-type=\"URL\" data-id=\"https:\/\/nutrident.fr\/es\/cepillo-de-dientes-electrico-o-manual\/\" target=\"_blank\" rel=\"noreferrer noopener\">cepillo de dientes<\/a> regularmente<\/strong>, por ejemplo cada dos o tres meses<\/li><li>Aseg\u00farate de cepillar las enc\u00edas para mantenerlas sanas. Un <a href=\"https:\/\/nutrident.fr\/es\/cepillos-de-dientes-electricos\/\" data-type=\"URL\" data-id=\"https:\/\/nutrident.fr\/es\/cepillos-de-dientes-electricos\/\" target=\"_blank\" rel=\"noreferrer noopener\">cepillo de dientes el\u00e9ctrico<\/a> tambi\u00e9n puede ayudarte en este sentido<\/li><li>El <strong><a href=\"https:\/\/nutrident.fr\/es\/irrigadores-dentales\/\" data-type=\"URL\" data-id=\"https:\/\/nutrident.fr\/es\/irrigadores-dentales\/\" target=\"_blank\" rel=\"noreferrer noopener\">irrigador dental<\/a> <\/strong>tambi\u00e9n es una opci\u00f3n si quieres eliminar las part\u00edculas de comida que se quedan atrapadas entre los dientes<\/li><li>Existen <a href=\"https:\/\/nutrident.fr\/es\/elegir-la-mejor-pasta-de-dientes\/\" data-type=\"URL\" data-id=\"https:\/\/nutrident.fr\/es\/elegir-la-mejor-pasta-de-dientes\/\" target=\"_blank\" rel=\"noreferrer noopener\">pastas dentales<\/a> o geles que <strong>pueden combatir el ataque \u00e1cido de las bacterias<\/strong> y tambi\u00e9n pueden ayudar a remineralizar los dientes. Estos productos suelen contener xilitol o fl\u00faor<\/li><li>Acude a la consulta del <strong>dentista <\/strong>una o dos veces al a\u00f1o para que te haga una <a href=\"https:\/\/nutrident.fr\/es\/limpieza-dental\/\" data-type=\"URL\" data-id=\"https:\/\/nutrident.fr\/es\/limpieza-dental\/\" target=\"_blank\" rel=\"noreferrer noopener\">limpieza dental<\/a>. Los estudios han demostrado que esto ayuda a reducir la caries y la gingivitis<\/li><li><strong>No fume<\/strong>s, ya que el <a href=\"https:\/\/nutrident.fr\/es\/tabaco\/\" data-type=\"URL\" data-id=\"https:\/\/nutrident.fr\/es\/tabaco\/\" target=\"_blank\" rel=\"noreferrer noopener\">tabaco<\/a> empeora el estado de tus dientes<\/li><\/ol>\n\n\n\n<h2><span class=\"ez-toc-section\" id=\"%C2%BFQue_puedo_comer_con_dolor_de_muelas\"><\/span>\u00bfQu\u00e9 puedo comer con dolor de muelas?<span class=\"ez-toc-section-end\"><\/span><\/h2>\n\n\n\n<p>Si sufres un dolor de muelas, intenta comer alimentos blandos, como por ejemplo:<\/p>\n\n\n\n<ul><li>Patatas al horno<\/li><li>Pur\u00e9s<\/li><li>Sopas<\/li><li>S\u00e1ndwich de pan<\/li><li>Yogur<\/li><li>Queso cottage<\/li><\/ul>\n\n\n\n<h2><span class=\"ez-toc-section\" id=\"PREGUNTAS_FRECUENTES\"><\/span>PREGUNTAS FRECUENTES<span class=\"ez-toc-section-end\"><\/span><\/h2>\n\n\n<div id=\"rank-math-faq\" class=\"rank-math-block\">\n<div class=\"rank-math-list \">\n<div id=\"faq-question-1657866648622\" class=\"rank-math-list-item\">\n<h3 class=\"rank-math-question \">\u00bfC\u00f3mo aliviar un dolor de muelas lo antes posible?<\/h3>\n<div class=\"rank-math-answer \">\n\n<p>El dolor de muelas puede aliviarse con enjuagues bucales antis\u00e9pticos, analg\u00e9sicos y antiinflamatorios como el ibuprofeno. Aplicar un cubito de hielo en la zona afectada tambi\u00e9n puede reducir un poco los s\u00edntomas.<\/p>\n\n<\/div>\n<\/div>\n<div id=\"faq-question-1679592867353\" class=\"rank-math-list-item\">\n<h3 class=\"rank-math-question \">\u00bfC\u00f3mo saber si tengo una infecci\u00f3n en la muela?<\/h3>\n<div class=\"rank-math-answer \">\n\n<p>Adem\u00e1s del dolor, una infecci\u00f3n dental produce otros s\u00edntomas, como sangrado de las enc\u00edas, sabor amargo en la boca, dolor de o\u00eddo, mal aliento, fiebre, dolor de garganta, entre otros.<\/p>\n\n<\/div>\n<\/div>\n<div id=\"faq-question-1679593034872\" class=\"rank-math-list-item\">\n<h3 class=\"rank-math-question \">\u00bfCu\u00e1nto dura el dolor de muelas por infecci\u00f3n?<\/h3>\n<div class=\"rank-math-answer \">\n\n<p>Si recibes el tratamiento adecuado por parte de un dentista, el dolor de muelas deber\u00eda remitir a partir del tercer o cuarto d\u00eda. Si no recibes tratamiento, el dolor puede durar meses y convertirse en un problema mayor, como por ejemplo un absceso.<\/p>\n\n<\/div>\n<\/div>\n<\/div>\n<\/div><div class=\"article-data before-content\"><div class=\"article-data__date\"><div class=\"article-data__date-modified\"><time class=\"published\" datetime=\"2022-10-27T17:01:05+00:00\">This article was originally published on&nbsp;<span class=\"2\">octubre 27, 2022<\/span>&nbsp;and was most recently updated on&nbsp;<span>junio 15, 2023<\/span><\/time><br><\/div><\/div><\/div><div class=\"user-info\">    <div class=\"user-info__body\">\r\n      <div class=\"user-info__caption\"><span>Contributors:<\/span><\/div>\r\n\t\t\t        <div class=\"user-info__wrap \">\r\n          <div class=\"user-info__data\">\r\n            <div class=\"user-info__data__info\">\r\n              <div class=\"photo\">\r\n\t\t\t\t\t\t\t\t<img width=\"66\" height=\"61\" src=\"https:\/\/nutrident.fr\/wp-content\/uploads\/2023\/06\/unnamed-66x61.jpg\" class=\"attachment-profileImageAuthor size-profileImageAuthor wp-post-image\" alt=\"Dr Abel Jes\u00fas Pederzoli\" loading=\"lazy\" srcset=\"https:\/\/nutrident.fr\/wp-content\/uploads\/2023\/06\/unnamed-66x61.jpg 66w, https:\/\/nutrident.fr\/wp-content\/uploads\/2023\/06\/unnamed-300x279.jpg 300w, https:\/\/nutrident.fr\/wp-content\/uploads\/2023\/06\/unnamed-1024x952.jpg 1024w, https:\/\/nutrident.fr\/wp-content\/uploads\/2023\/06\/unnamed-768x714.jpg 768w, https:\/\/nutrident.fr\/wp-content\/uploads\/2023\/06\/unnamed-204x190.jpg 204w, https:\/\/nutrident.fr\/wp-content\/uploads\/2023\/06\/unnamed-120x112.jpg 120w, https:\/\/nutrident.fr\/wp-content\/uploads\/2023\/06\/unnamed.jpg 1125w\" sizes=\"(max-width: 66px) 100vw, 66px\" \/>              <\/div>\r\n              <a href=\"https:\/\/nutrident.fr\/es\/author\/dr-abel-jesus-pederzoli\/\" class=\"name\">Dr Abel Jes\u00fas Pederzoli<\/a>\r\n            <\/div>\r\n            <div class=\"user-info__data__social\">\r\n\t\t\t\t\t\t\t\t\t\t\t\t\t\t\t\t\t\t\t\t\t          <a href=\"https:\/\/clinicaleixample.es\/\"\r\n             class=\"soc-item website\">website<\/a>\r\n\t\t\t\t          <a href=\"http:\/\/linkedin.com\/in\/abel-jes%C3%BAs-pederzoli\"\r\n             class=\"soc-item linkedin\">linkedin<\/a>\r\n\t\t\t\t            <\/div>\r\n          <\/div>\r\n          <div class=\"user-info__description\">\r\n\t\t\t\t\t\t\t\t\t\t\t\t\t<p>Con t\u00edtulos obtenidos en la Facultad de Odontolog\u00eda de la Universidad Nacional de La Plata y una participaci\u00f3n activa en congresos y jornadas, el Dr. Pederzoli se mantiene actualizado en las \u00faltimas t\u00e9cnicas y avances en odontolog\u00eda. Actualmente se encuentra desarrollando un proyecto de consultor\u00eda tecnol\u00f3gica aplicada a cl\u00ednicas dentales.<\/p>\n\t\t\t\t\t\t          <\/div>\r\n        <\/div>\r\n\t\t\t\t    <\/div>\r\n\t<\/div><!--copyscapeskip--><div class=\"medical_references\"><div class=\"medical_references__heading\"><span>Fuentes M\u00e9dicas<\/span><\/div><div class=\"medical_references__list\"><p><strong>Emedicinehealth<\/strong>: <a href=\"https:\/\/www.emedicinehealth.com\/toothache\/article_em.htm\" target=\"_blank\" rel=\"noopener\">Toothache<\/a>. Consultado el 23 de marzo de 2023.<\/p>\n<\/div><\/div><!--\/copyscapeskip-->","protected":false},"excerpt":{"rendered":"<p>Contributor:&nbsp; Dr Abel Jes\u00fas Pederzoli Updated:&nbsp;junio 15, 2023 Un dolor de muelas es una experiencia dolorosa y angustiosa que puede afectar negativamente la calidad de vida de una persona. Es un problema muy com\u00fan, pero las causas exactas pueden ser muy variadas y las consecuencias bastante graves si no se trata a tiempo. En este [&hellip;]<\/p>\n","protected":false},"author":14,"featured_media":10672,"parent":0,"menu_order":0,"comment_status":"closed","ping_status":"closed","template":"","meta":{"inline_featured_image":false},"acf":[],"_links":{"self":[{"href":"https:\/\/nutrident.fr\/es\/wp-json\/wp\/v2\/pages\/16713"}],"collection":[{"href":"https:\/\/nutrident.fr\/es\/wp-json\/wp\/v2\/pages"}],"about":[{"href":"https:\/\/nutrident.fr\/es\/wp-json\/wp\/v2\/types\/page"}],"author":[{"embeddable":true,"href":"https:\/\/nutrident.fr\/es\/wp-json\/wp\/v2\/users\/14"}],"replies":[{"embeddable":true,"href":"https:\/\/nutrident.fr\/es\/wp-json\/wp\/v2\/comments?post=16713"}],"version-history":[{"count":11,"href":"https:\/\/nutrident.fr\/es\/wp-json\/wp\/v2\/pages\/16713\/revisions"}],"predecessor-version":[{"id":21828,"href":"https:\/\/nutrident.fr\/es\/wp-json\/wp\/v2\/pages\/16713\/revisions\/21828"}],"wp:featuredmedia":[{"embeddable":true,"href":"https:\/\/nutrident.fr\/es\/wp-json\/wp\/v2\/media\/10672"}],"wp:attachment":[{"href":"https:\/\/nutrident.fr\/es\/wp-json\/wp\/v2\/media?parent=16713"}],"curies":[{"name":"wp","href":"https:\/\/api.w.org\/{rel}","templated":true}]}}