

{"id":16717,"date":"2022-10-27T17:01:12","date_gmt":"2022-10-27T17:01:12","guid":{"rendered":"https:\/\/nutrident.fr\/?page_id=16717"},"modified":"2023-06-15T23:15:16","modified_gmt":"2023-06-15T23:15:16","slug":"erosion-dental","status":"publish","type":"page","link":"https:\/\/nutrident.fr\/es\/erosion-dental\/","title":{"rendered":"C\u00f3mo influyen los alimentos y bebidas \u00e1cidas en la erosi\u00f3n dental"},"content":{"rendered":"<div class=\"meta\"><div class=\"meta__users\">    <div class=\"meta__users__reviewed\">\r\n      <p class=\"meta__users__caption\">Contributor:&nbsp;<\/p>\r\n      <div class=\"users\">\r\n        <span class=\"users__user\">\r\n          <a href=\"#\">Dr Abel Jes\u00fas Pederzoli<\/a>\r\n        <\/span>\r\n      <\/div>\r\n    <\/div>\r\n\t<\/div><div class=\"meta__date-modified\">Updated:&nbsp;<span>junio 15, 2023<\/span><\/div><\/div><div class=\"wp-block-image\">\n<figure class=\"alignright size-medium\"><img width=\"300\" height=\"200\" src=\"https:\/\/nutrident.fr\/wp-content\/uploads\/2022\/06\/soda-300x200.jpeg\" alt=\"soda\" class=\"wp-image-11224\" srcset=\"https:\/\/nutrident.fr\/wp-content\/uploads\/2022\/06\/soda-300x200.jpeg 300w, https:\/\/nutrident.fr\/wp-content\/uploads\/2022\/06\/soda-1024x683.jpeg 1024w, https:\/\/nutrident.fr\/wp-content\/uploads\/2022\/06\/soda-768x512.jpeg 768w, https:\/\/nutrident.fr\/wp-content\/uploads\/2022\/06\/soda-1536x1024.jpeg 1536w, https:\/\/nutrident.fr\/wp-content\/uploads\/2022\/06\/soda-254x169.jpeg 254w, https:\/\/nutrident.fr\/wp-content\/uploads\/2022\/06\/soda.jpeg 1800w\" sizes=\"(max-width: 300px) 100vw, 300px\" \/><figcaption>Los refrescos pueden debilitar los dientes<\/figcaption><\/figure><\/div>\n\n\n<p>La erosi\u00f3n dental es un problema muy com\u00fan en la actualidad debido en gran parte a la alimentaci\u00f3n moderna basada en alimentos y bebidas procesadas cargadas de az\u00facar y \u00e1cidos. <\/p>\n\n\n\n<p>En este art\u00edculo, hablaremos sobre los efectos nocivos de los alimentos y <a href=\"https:\/\/nutrident.fr\/es\/bebidas-azucaradas\/\">bebidas \u00e1cidas que debilitan los dientes<\/a> y los hacen m\u00e1s vulnerables a las bacterias y a las caries.<\/p>\n\n\n\n<div id=\"ez-toc-container\" class=\"ez-toc-v2_0_33_2 counter-hierarchy ez-toc-counter ez-toc-white ez-toc-container-direction\">\n<div class=\"ez-toc-title-container\">\n<p class=\"ez-toc-title\">Contenus<\/p>\n<span class=\"ez-toc-title-toggle\"><a href=\"#\" class=\"ez-toc-pull-right ez-toc-btn ez-toc-btn-xs ez-toc-btn-default ez-toc-toggle\" style=\"display: none;\"><label for=\"item\" aria-label=\"Tabla de contenidos\"><i class=\"ez-toc-glyphicon ez-toc-icon-toggle\"><\/i><\/label><input type=\"checkbox\" id=\"item\"><\/a><\/span><\/div>\n<nav><ul class='ez-toc-list ez-toc-list-level-1'><li class='ez-toc-page-1 ez-toc-heading-level-2'><a class=\"ez-toc-link ez-toc-heading-1\" href=\"https:\/\/nutrident.fr\/es\/erosion-dental\/#%C2%BFComo_se_mide_la_acidez\" title=\"\u00bfC\u00f3mo se mide la acidez?  \">\u00bfC\u00f3mo se mide la acidez?  <\/a><\/li><li class='ez-toc-page-1 ez-toc-heading-level-2'><a class=\"ez-toc-link ez-toc-heading-2\" href=\"https:\/\/nutrident.fr\/es\/erosion-dental\/#El_pH_en_el_cuerpo_humano\" title=\"El pH en el cuerpo humano\">El pH en el cuerpo humano<\/a><\/li><li class='ez-toc-page-1 ez-toc-heading-level-2'><a class=\"ez-toc-link ez-toc-heading-3\" href=\"https:\/\/nutrident.fr\/es\/erosion-dental\/#%C2%BFComo_afecta_la_acidez_a_los_dientes\" title=\"\u00bfC\u00f3mo afecta la acidez a los dientes?  \">\u00bfC\u00f3mo afecta la acidez a los dientes?  <\/a><\/li><li class='ez-toc-page-1 ez-toc-heading-level-2'><a class=\"ez-toc-link ez-toc-heading-4\" href=\"https:\/\/nutrident.fr\/es\/erosion-dental\/#Cuidado_con_la_dieta\" title=\"Cuidado con la dieta\">Cuidado con la dieta<\/a><\/li><li class='ez-toc-page-1 ez-toc-heading-level-2'><a class=\"ez-toc-link ez-toc-heading-5\" href=\"https:\/\/nutrident.fr\/es\/erosion-dental\/#%C2%BFQue_son_los_alimentos_y_las_bebidas_acidas\" title=\"\u00bfQu\u00e9 son los alimentos y las bebidas \u00e1cidas?  \">\u00bfQu\u00e9 son los alimentos y las bebidas \u00e1cidas?  <\/a><\/li><li class='ez-toc-page-1 ez-toc-heading-level-2'><a class=\"ez-toc-link ez-toc-heading-6\" href=\"https:\/\/nutrident.fr\/es\/erosion-dental\/#Ten_cuidado_al_cepillarte_los_dientes_despues_de_comer_alimentos_acidos\" title=\"Ten cuidado al cepillarte los dientes despu\u00e9s de comer alimentos \u00e1cidos\">Ten cuidado al cepillarte los dientes despu\u00e9s de comer alimentos \u00e1cidos<\/a><\/li><li class='ez-toc-page-1 ez-toc-heading-level-2'><a class=\"ez-toc-link ez-toc-heading-7\" href=\"https:\/\/nutrident.fr\/es\/erosion-dental\/#Mezclar_alimentos_alcalinos_con_alimentos_acidos\" title=\"Mezclar alimentos alcalinos con alimentos \u00e1cidos\">Mezclar alimentos alcalinos con alimentos \u00e1cidos<\/a><\/li><li class='ez-toc-page-1 ez-toc-heading-level-2'><a class=\"ez-toc-link ez-toc-heading-8\" href=\"https:\/\/nutrident.fr\/es\/erosion-dental\/#Trastornos_alimentarios_y_problemas_de_erosion_dental\" title=\"Trastornos alimentarios y problemas de erosi\u00f3n dental\">Trastornos alimentarios y problemas de erosi\u00f3n dental<\/a><\/li><\/ul><\/nav><\/div>\n<h2><span class=\"ez-toc-section\" id=\"%C2%BFComo_se_mide_la_acidez\"><\/span>\u00bfC\u00f3mo se mide la acidez?  <span class=\"ez-toc-section-end\"><\/span><\/h2>\n\n\n\n<p><strong>El pH se utiliza para evaluar la acidez<\/strong> en una escala que va de pH1, que es extremadamente \u00e1cido, a pH14, que es extremadamente alcalino. El pH neutro es de 7.<\/p>\n\n\n\n<p>El <a href=\"https:\/\/nutrident.fr\/es\/esmalte-dental-tratamiento\/\">esmalte dental<\/a> se disuelve con una acidez inferior a pH5,5, mientras que la dentina que forma el interior de la corona, as\u00ed como la ra\u00edz, se disuelve a pH6. Como resultado, si bebes o comes muchos alimentos \u00e1cidos, la superficie del diente puede disolverse parcialmente.<\/p>\n\n\n\n<h2><span class=\"ez-toc-section\" id=\"El_pH_en_el_cuerpo_humano\"><\/span>El pH en el cuerpo humano<span class=\"ez-toc-section-end\"><\/span><\/h2>\n\n\n\n<p>Las diferentes partes del cuerpo humano tienen <a href=\"https:\/\/www.doctissimo.fr\/nutrition\/diaporamas\/corps-acide\/comment-evaluer-son-ph\" target=\"_blank\" rel=\"noopener\">distintos niveles de pH<\/a>. En el sistema digestivo, los valores de pH van desde los extremadamente \u00e1cidos hasta los ligeramente alcalinos. Las diferencias de pH en los distintos \u00f3rganos y fluidos corporales les permiten realizar su funci\u00f3n particular:<\/p>\n\n\n\n<ul><li>La <a href=\"https:\/\/nutrident.fr\/es\/hipersalivacion\/\">saliva<\/a>, que facilita el paso de los alimentos por el sistema digestivo y descompone el almid\u00f3n: pH 6,5-7,5<\/li><li>La parte superior del est\u00f3mago, donde comienza el proceso de predigesti\u00f3n: pH 4,0-6,5<\/li><li>El est\u00f3mago, que libera \u00e1cido clorh\u00eddrico para descomponer los alimentos y matar las bacterias: pH 1,5-3,5<\/li><li>El intestino delgado, que completa la digesti\u00f3n y absorbe los nutrientes en el torrente sangu\u00edneo: 6,0-7,4<\/li><li>El intestino grueso, que absorbe el agua y elimina los alimentos no digeridos y la fibra: pH 5,0-8,0<\/li><li>La sangre humana es ligeramente alcalina y tiene un pH de entre 7,35 y 7,45. Un nivel de pH en la sangre que supere estos l\u00edmites en cualquier direcci\u00f3n perjudica significativamente los procesos metab\u00f3licos del organismo<\/li><\/ul>\n\n\n\n<h2><span class=\"ez-toc-section\" id=\"%C2%BFComo_afecta_la_acidez_a_los_dientes\"><\/span>\u00bfC\u00f3mo afecta la acidez a los dientes?  <span class=\"ez-toc-section-end\"><\/span><\/h2>\n\n\n\n<p>Cuando los \u00e1cidos de los <a href=\"https:\/\/nutrident.fr\/es\/son-los-dulces-realmente-malos-para-los-dientes\/\" data-type=\"URL\" data-id=\"https:\/\/nutrident.fr\/es\/son-los-dulces-realmente-malos-para-los-dientes\/\" target=\"_blank\" rel=\"noreferrer noopener\">alimentos<\/a> y bebidas debilitan y desgastan el esmalte dental, se produce la <strong>desmineralizaci\u00f3n de los dientes<\/strong>. La dentina queda expuesta y se vuelve sensible, lo cual contribuye en el desarrollo de caries.<\/p>\n\n\n\n<h2><span class=\"ez-toc-section\" id=\"Cuidado_con_la_dieta\"><\/span>Cuidado con la dieta<span class=\"ez-toc-section-end\"><\/span><\/h2>\n\n\n<div class=\"wp-block-image\">\n<figure class=\"alignright size-medium\"><img width=\"300\" height=\"200\" src=\"https:\/\/nutrident.fr\/wp-content\/uploads\/2019\/12\/flat-lay-photography-of-vegetable-salad-on-plate-1640777-1-300x200.jpg\" alt=\"alimentos y erosi\u00f3n dental\" class=\"wp-image-3143\" srcset=\"https:\/\/nutrident.fr\/wp-content\/uploads\/2019\/12\/flat-lay-photography-of-vegetable-salad-on-plate-1640777-1-300x200.jpg 300w, https:\/\/nutrident.fr\/wp-content\/uploads\/2019\/12\/flat-lay-photography-of-vegetable-salad-on-plate-1640777-1-1024x683.jpg 1024w, https:\/\/nutrident.fr\/wp-content\/uploads\/2019\/12\/flat-lay-photography-of-vegetable-salad-on-plate-1640777-1-768x512.jpg 768w, https:\/\/nutrident.fr\/wp-content\/uploads\/2019\/12\/flat-lay-photography-of-vegetable-salad-on-plate-1640777-1-1080x720.jpg 1080w, https:\/\/nutrident.fr\/wp-content\/uploads\/2019\/12\/flat-lay-photography-of-vegetable-salad-on-plate-1640777-1-980x653.jpg 980w, https:\/\/nutrident.fr\/wp-content\/uploads\/2019\/12\/flat-lay-photography-of-vegetable-salad-on-plate-1640777-1-480x320.jpg 480w, https:\/\/nutrident.fr\/wp-content\/uploads\/2019\/12\/flat-lay-photography-of-vegetable-salad-on-plate-1640777-1.jpg 1200w\" sizes=\"(max-width: 300px) 100vw, 300px\" \/><figcaption>La dieta influye en la salud bucodental <\/figcaption><\/figure><\/div>\n\n\n<p>La fruta, el yogur, las bebidas c\u00edtricas, las <a href=\"https:\/\/nutrident.fr\/es\/coca-cola-y-dientes\/\" data-type=\"URL\" data-id=\"https:\/\/nutrident.fr\/es\/coca-cola-y-dientes\/\" target=\"_blank\" rel=\"noreferrer noopener\">bebidas gaseosas<\/a>, etc., pueden parecer alimentos inofensivos, pero su consumo excesivo puede provocar da\u00f1os devastadores y permanentes en los dientes. Esto se conoce como erosi\u00f3n dental, que es la <strong>ruptura de la estructura del diente<\/strong> causada por el efecto del \u00e1cido y que conduce a la <a href=\"https:\/\/nutrident.fr\/es\/caries-y-dieta\/\">caries dental<\/a>.<\/p>\n\n\n\n<p>Con el tiempo, los \u00e1cidos disuelven la estructura mineral de los dientes, haciendo que se vuelvan m\u00e1s finos. Con la exposici\u00f3n repetida al \u00e1cido, <strong>el esmalte dental pierde su forma y color<\/strong> y, a medida que el da\u00f1o avanza, la dentina subyacente (el tejido que forma el n\u00facleo de cada diente) queda expuesta y los dientes se vuelven <a href=\"https:\/\/nutrident.fr\/es\/blanqueamiento-profesional\/dientes-amarillos\/\" target=\"_blank\" rel=\"noreferrer noopener\">amarillos<\/a>.<\/p>\n\n\n\n<h2><span class=\"ez-toc-section\" id=\"%C2%BFQue_son_los_alimentos_y_las_bebidas_acidas\"><\/span>\u00bfQu\u00e9 son los alimentos y las bebidas \u00e1cidas?  <span class=\"ez-toc-section-end\"><\/span><\/h2>\n\n\n\n<p>Los alimentos que se consideran \u00e1cidos tienen un pH inferior a 7 y empiezan a ser <strong>perjudiciales para los dientes por debajo de 6.<\/strong> He aqu\u00ed una lista de alimentos que deben limitarse o neutralizarse consumi\u00e9ndolos con alimentos m\u00e1s alcalinos. Por supuesto, s\u00f3lo es perjudicial su consumo excesivo, no es cuesti\u00f3n de eliminarlos de tu dieta:<\/p>\n\n\n\n<ul><li>Cereales<\/li><li>Az\u00facar<\/li><li>Productos l\u00e1cteos<\/li><li>Pescado<\/li><li>Platos preparados de los supermercados<\/li><li>Refrescos y otras bebidas azucaradas<\/li><li>Alimentos ricos en prote\u00ednas<\/li><li>Pollo frito<\/li><li>Patatas fritas<\/li><li>Chips<\/li><li>Carne roja<\/li><li>Panqueques<\/li><li>Tostadas francesas<\/li><li>Galletas<\/li><li>Dulces<\/li><li>La mayor\u00eda de las barritas de prote\u00ednas<\/li><li>Nueces tostadas<\/li><li>Aceites calentados<\/li><li>Pan blanco<\/li><li>Pizza<\/li><li>Margarina<\/li><li>Zumo de fruta embotellado<\/li><li><a href=\"https:\/\/nutrident.fr\/es\/blanqueamiento-profesional\/manchas-cafe\/\" target=\"_blank\" rel=\"noreferrer noopener\">Caf\u00e9<\/a><\/li><li>La mayor\u00eda de las bebidas deportivas<\/li><li><a href=\"https:\/\/nutrident.fr\/es\/alcohol-y-dientes\/\" data-type=\"URL\" data-id=\"https:\/\/nutrident.fr\/es\/alcohol-y-dientes\/\" target=\"_blank\" rel=\"noreferrer noopener\">Cerveza<\/a><\/li><\/ul>\n\n\n\n<h3>Frutas y zumos de frutas con un alto contenido en \u00e1cido<\/h3>\n\n\n\n<p>Aqu\u00ed tienes una lista de algunas frutas y su pH. Se enumeran de m\u00e1s a menos \u00e1cidas:<\/p>\n\n\n\n<ul><li>Zumo de lim\u00f3n: pH 2,00-2,60<\/li><li>Ciruelas: pH 2,80-3,40<\/li><li>Uva: pH 2,90-3,82<\/li><li>Granadas: pH 2,93-3,20<\/li><li>Pomelo: pH 3,00-3,75<\/li><li>Pi\u00f1a: pH 3,20-4,00<\/li><li>Manzanas: pH 3,30-4,00<\/li><li>Melocotones: pH 3,30-4,05<\/li><li>Naranjas: pH 3,69-4,34<\/li><li>Tomates: pH 4,30-4,90<\/li><\/ul>\n\n\n\n<p>Adem\u00e1s de los problemas dentales, los c\u00edtricos y otros alimentos \u00e1cidos pueden contribuir en el desarrollo de <strong>problemas gastrointestinales<\/strong>, como \u00falceras o reflujo.<\/p>\n\n\n\n<p>Es importante recordar que los zumos de frutas tambi\u00e9n son \u00e1cidos. Por esta raz\u00f3n, <strong>puedes utilizar una pajita<\/strong> (no desechable) cuando los bebas para evitar que el zumo entre en contacto directo con los dientes.<\/p>\n\n\n\n<p>Si toleras bien la fruta, comerla entera es mejor que en forma de zumo, ya que es un alimento saludable para comer a diario y reduce el riesgo de enfermedades cr\u00f3nicas. A pesar de su acidez inicial, la mayor\u00eda de las frutas son alcalinizantes.<\/p>\n\n\n\n<h2><span class=\"ez-toc-section\" id=\"Ten_cuidado_al_cepillarte_los_dientes_despues_de_comer_alimentos_acidos\"><\/span>Ten cuidado al cepillarte los dientes despu\u00e9s de comer alimentos \u00e1cidos<span class=\"ez-toc-section-end\"><\/span><\/h2>\n\n\n<div class=\"wp-block-image\">\n<figure class=\"alignright size-medium\"><img width=\"300\" height=\"200\" src=\"https:\/\/nutrident.fr\/wp-content\/uploads\/2022\/06\/brossage-des-dents-300x200.jpg\" alt=\"cepillarse los dientes\" class=\"wp-image-11227\" srcset=\"https:\/\/nutrident.fr\/wp-content\/uploads\/2022\/06\/brossage-des-dents-300x200.jpg 300w, https:\/\/nutrident.fr\/wp-content\/uploads\/2022\/06\/brossage-des-dents-1024x682.jpg 1024w, https:\/\/nutrident.fr\/wp-content\/uploads\/2022\/06\/brossage-des-dents-768x512.jpg 768w, https:\/\/nutrident.fr\/wp-content\/uploads\/2022\/06\/brossage-des-dents-254x169.jpg 254w, https:\/\/nutrident.fr\/wp-content\/uploads\/2022\/06\/brossage-des-dents.jpg 1280w\" sizes=\"(max-width: 300px) 100vw, 300px\" \/><figcaption>Es mejor evitar cepillarse los dientes inmediatamente despu\u00e9s de comer alimentos \u00e1cidos<\/figcaption><\/figure><\/div>\n\n\n<p>La gente siempre dice que hay que cepillarse los dientes despu\u00e9s de cada comida, pero cuando se han consumido alimentos y bebidas \u00e1cidas, es mejor esperar unos 30 minutos. <\/p>\n\n\n\n<p>Esto se debe a que <strong>el \u00e1cido ablanda el esmalte<\/strong> y cepillarse demasiado pronto acelerar\u00e1 el desgaste de los dientes antes de que el esmalte tenga tiempo de volver a adherirse.<\/p>\n\n\n\n<h2><span class=\"ez-toc-section\" id=\"Mezclar_alimentos_alcalinos_con_alimentos_acidos\"><\/span>Mezclar alimentos alcalinos con alimentos \u00e1cidos<span class=\"ez-toc-section-end\"><\/span><\/h2>\n\n\n\n<p>Si te gustan ciertos alimentos que son especialmente \u00e1cidos, puedes intentar <strong>comerlos junto a alimentos que tengan un pH m\u00e1s alto<\/strong> y que, por tanto, sean bajos en \u00e1cido.<\/p>\n\n\n\n<p>Entre los alimentos alcalinos se encuentran los <strong>frutos secos, el queso, el mango, el mel\u00f3n, el pl\u00e1tano, la manzana, los huevos, las verduras, el arroz integral<\/strong>, etc. El pescado y las carnes magras tambi\u00e9n tienen una baja acidez.<\/p>\n\n\n\n<p>Estos alimentos ayudan a proteger el esmalte dental de dos maneras: <strong>neutralizan los \u00e1cidos de la saliva<\/strong> y proporcionan el calcio y el f\u00f3sforo necesarios para reintroducir los minerales en los dientes.<\/p>\n\n\n\n<p>Otro consejo es <strong>masticar chicle sin az\u00facar<\/strong> para aumentar el flujo de saliva, lo cual ayuda a neutralizar los \u00e1cidos y a que los dientes se mantengan fuertes.<\/p>\n\n\n\n<figure class=\"wp-block-embed is-type-video is-provider-youtube wp-block-embed-youtube wp-embed-aspect-16-9 wp-has-aspect-ratio\"><div class=\"wp-block-embed__wrapper\">\n<iframe title=\"LOS ALIMENTOS QUE DEBES CONSUMIR PARA TENER DIENTES Y ENCIAS SANOS | 7 NUTRIENTES\" width=\"500\" height=\"281\" src=\"https:\/\/www.youtube.com\/embed\/1bKRX4FB4Ic?feature=oembed\" frameborder=\"0\" allow=\"accelerometer; autoplay; clipboard-write; encrypted-media; gyroscope; picture-in-picture; web-share\" allowfullscreen><\/iframe>\n<\/div><\/figure>\n\n\n\n<h2><span class=\"ez-toc-section\" id=\"Trastornos_alimentarios_y_problemas_de_erosion_dental\"><\/span>Trastornos alimentarios y problemas de erosi\u00f3n dental<span class=\"ez-toc-section-end\"><\/span><\/h2>\n\n\n\n<p>Las personas con trastornos alimentarios tienden a desarrollar graves problemas dentales. La bulimia (mezclada con la anorexia) lleva a las personas a darse atracones de grandes cantidades de comida y luego a purgarse provoc\u00e1ndose el v\u00f3mito.<\/p>\n\n\n\n<h3>El efecto de los jugos g\u00e1stricos sobre el esmalte<\/h3>\n\n\n\n<p>Los ciclos constantes de atracones y purgas son duros para el coraz\u00f3n, los ri\u00f1ones y otros \u00f3rganos, pero tambi\u00e9n causan da\u00f1os irreversibles en los dientes. El v\u00f3mito es particularmente da\u00f1ino, ya que contiene <strong>jugos g\u00e1stricos<\/strong>. Estos \u00e1cidos est\u00e1n dise\u00f1ados para descomponer los alimentos en el est\u00f3mago y que el cuerpo pueda digerirlos.<\/p>\n\n\n\n<p>Pero en la boca, estos \u00e1cidos se vuelven <strong>extremadamente corrosivos<\/strong>, lo suficiente como para <strong>desgastar el esmalte<\/strong> que cubre y protege los dientes.  Cepillarse los dientes con demasiada fuerza despu\u00e9s de vomitar tambi\u00e9n puede debilitarlos.<\/p>\n\n\n\n<p>Los \u00e1cidos de los v\u00f3mitos frecuentes provocan erosi\u00f3n dental y despu\u00e9s caries. A medida que la erosi\u00f3n empeora, <strong>el color y la textura de los dientes cambian<\/strong>: se astillan f\u00e1cilmente y adquieren un color amarillento o un aspecto vidrioso. La bulimia\/anorexia tambi\u00e9n puede cambiar la forma y la longitud de los dientes.<\/p>\n\n\n\n<h3>Gl\u00e1ndulas salivales que se hinchan<\/h3>\n\n\n<div class=\"wp-block-image\">\n<figure class=\"alignright size-medium\"><img width=\"300\" height=\"200\" src=\"https:\/\/nutrident.fr\/wp-content\/uploads\/2022\/06\/douleurs-chroniques-300x200.jpg\" alt=\"dolor y gl\u00e1ndulas salivales inflamadas\" class=\"wp-image-11233\" srcset=\"https:\/\/nutrident.fr\/wp-content\/uploads\/2022\/06\/douleurs-chroniques-300x200.jpg 300w, https:\/\/nutrident.fr\/wp-content\/uploads\/2022\/06\/douleurs-chroniques-768x512.jpg 768w, https:\/\/nutrident.fr\/wp-content\/uploads\/2022\/06\/douleurs-chroniques-254x169.jpg 254w, https:\/\/nutrident.fr\/wp-content\/uploads\/2022\/06\/douleurs-chroniques.jpg 1000w\" sizes=\"(max-width: 300px) 100vw, 300px\" \/><figcaption>El \u00e1cido causa muchos problemas de salud<\/figcaption><\/figure><\/div>\n\n\n<p>Los \u00e1cidos del v\u00f3mito <strong>irritan las gl\u00e1ndulas salivales<\/strong> que se encuentran en los lados de cada mejilla. Aunque la mayor\u00eda de los da\u00f1os en los dientes causados por la bulimia\/anorexia son irreversibles, la inflamaci\u00f3n de las gl\u00e1ndulas salivales puede reducirse si se abandonan estos comportamientos extremos.<\/p>\n\n\n\n<h3>La aparici\u00f3n de llagas en la boca<\/h3>\n\n\n\n<p>El \u00e1cido estomacal tambi\u00e9n puede irritar el tejido del paladar, la lengua y todo el interior de la boca. Adem\u00e1s, puede da\u00f1ar la garganta y causar dolorosas llagas que pueden hincharse e incluso infectarse.<\/p>\n\n\n\n<h3>Boca seca<\/h3>\n\n\n\n<p>La falta de saliva tambi\u00e9n puede provocar una sensaci\u00f3n constante de <a href=\"https:\/\/nutrident.fr\/es\/boca-seca\/\" target=\"_blank\" data-type=\"URL\" data-id=\"https:\/\/nutrident.fr\/es\/boca-seca\/\" rel=\"noreferrer noopener\">boca seca<\/a>. Esto repercute en la salud de los dientes, ya que <strong>la saliva elimina las bacterias que causan la caries<\/strong>.<\/p>\n\n\n\n<h3>El dolor<\/h3>\n\n\n\n<p>A medida que el esmalte de los dientes se desgasta, la parte sensible de los mismos queda expuesta y causa <a href=\"https:\/\/nutrident.fr\/es\/dolor-de-muelas\/\" data-type=\"URL\" data-id=\"https:\/\/nutrident.fr\/es\/dolor-de-muelas\/\" target=\"_blank\" rel=\"noreferrer noopener\">dolor<\/a>. Como resultado, los dientes reaccionan de forma exagerada al fr\u00edo y al calor y se produce <strong>sensibilidad dental<\/strong>.<\/p>\n<div class=\"article-data before-content\"><div class=\"article-data__date\"><div class=\"article-data__date-modified\"><time class=\"published\" datetime=\"2022-10-27T17:01:12+00:00\">This article was originally published on&nbsp;<span class=\"2\">octubre 27, 2022<\/span>&nbsp;and was most recently updated on&nbsp;<span>junio 15, 2023<\/span><\/time><br><\/div><\/div><\/div><div class=\"user-info\">    <div class=\"user-info__body\">\r\n      <div class=\"user-info__caption\"><span>Contributors:<\/span><\/div>\r\n\t\t\t        <div class=\"user-info__wrap \">\r\n          <div class=\"user-info__data\">\r\n            <div class=\"user-info__data__info\">\r\n              <div class=\"photo\">\r\n\t\t\t\t\t\t\t\t<img width=\"66\" height=\"61\" src=\"https:\/\/nutrident.fr\/wp-content\/uploads\/2023\/06\/unnamed-66x61.jpg\" class=\"attachment-profileImageAuthor size-profileImageAuthor wp-post-image\" alt=\"Dr Abel Jes\u00fas Pederzoli\" loading=\"lazy\" srcset=\"https:\/\/nutrident.fr\/wp-content\/uploads\/2023\/06\/unnamed-66x61.jpg 66w, https:\/\/nutrident.fr\/wp-content\/uploads\/2023\/06\/unnamed-300x279.jpg 300w, https:\/\/nutrident.fr\/wp-content\/uploads\/2023\/06\/unnamed-1024x952.jpg 1024w, https:\/\/nutrident.fr\/wp-content\/uploads\/2023\/06\/unnamed-768x714.jpg 768w, https:\/\/nutrident.fr\/wp-content\/uploads\/2023\/06\/unnamed-204x190.jpg 204w, https:\/\/nutrident.fr\/wp-content\/uploads\/2023\/06\/unnamed-120x112.jpg 120w, https:\/\/nutrident.fr\/wp-content\/uploads\/2023\/06\/unnamed.jpg 1125w\" sizes=\"(max-width: 66px) 100vw, 66px\" \/>              <\/div>\r\n              <a href=\"https:\/\/nutrident.fr\/es\/author\/dr-abel-jesus-pederzoli\/\" class=\"name\">Dr Abel Jes\u00fas Pederzoli<\/a>\r\n            <\/div>\r\n            <div class=\"user-info__data__social\">\r\n\t\t\t\t\t\t\t\t\t\t\t\t\t\t\t\t\t\t\t\t\t          <a href=\"https:\/\/clinicaleixample.es\/\"\r\n             class=\"soc-item website\">website<\/a>\r\n\t\t\t\t          <a href=\"http:\/\/linkedin.com\/in\/abel-jes%C3%BAs-pederzoli\"\r\n             class=\"soc-item linkedin\">linkedin<\/a>\r\n\t\t\t\t            <\/div>\r\n          <\/div>\r\n          <div class=\"user-info__description\">\r\n\t\t\t\t\t\t\t\t\t\t\t\t\t<p>Con t\u00edtulos obtenidos en la Facultad de Odontolog\u00eda de la Universidad Nacional de La Plata y una participaci\u00f3n activa en congresos y jornadas, el Dr. Pederzoli se mantiene actualizado en las \u00faltimas t\u00e9cnicas y avances en odontolog\u00eda. Actualmente se encuentra desarrollando un proyecto de consultor\u00eda tecnol\u00f3gica aplicada a cl\u00ednicas dentales.<\/p>\n\t\t\t\t\t\t          <\/div>\r\n        <\/div>\r\n\t\t\t\t    <\/div>\r\n\t<\/div><!--copyscapeskip--><div class=\"medical_references\"><div class=\"medical_references__heading\"><span>Fuentes M\u00e9dicas<\/span><\/div><div class=\"medical_references__list\"><p><strong>Doctissimo: <\/strong><a href=\"https:\/\/www.doctissimo.fr\/nutrition\/diaporamas\/corps-acide\" target=\"_blank\" rel=\"noopener\">Comment r\u00e9tablir le pH dans un corps trop acide<\/a>. Consultado el 23 de marzo de 2023.<\/p>\n<\/div><\/div><!--\/copyscapeskip-->","protected":false},"excerpt":{"rendered":"<p>Contributor:&nbsp; Dr Abel Jes\u00fas Pederzoli Updated:&nbsp;junio 15, 2023 La erosi\u00f3n dental es un problema muy com\u00fan en la actualidad debido en gran parte a la alimentaci\u00f3n moderna basada en alimentos y bebidas procesadas cargadas de az\u00facar y \u00e1cidos. En este art\u00edculo, hablaremos sobre los efectos nocivos de los alimentos y bebidas \u00e1cidas que debilitan los [&hellip;]<\/p>\n","protected":false},"author":2,"featured_media":20666,"parent":0,"menu_order":0,"comment_status":"closed","ping_status":"open","template":"","meta":{"inline_featured_image":false},"acf":[],"_links":{"self":[{"href":"https:\/\/nutrident.fr\/es\/wp-json\/wp\/v2\/pages\/16717"}],"collection":[{"href":"https:\/\/nutrident.fr\/es\/wp-json\/wp\/v2\/pages"}],"about":[{"href":"https:\/\/nutrident.fr\/es\/wp-json\/wp\/v2\/types\/page"}],"author":[{"embeddable":true,"href":"https:\/\/nutrident.fr\/es\/wp-json\/wp\/v2\/users\/2"}],"replies":[{"embeddable":true,"href":"https:\/\/nutrident.fr\/es\/wp-json\/wp\/v2\/comments?post=16717"}],"version-history":[{"count":15,"href":"https:\/\/nutrident.fr\/es\/wp-json\/wp\/v2\/pages\/16717\/revisions"}],"predecessor-version":[{"id":21861,"href":"https:\/\/nutrident.fr\/es\/wp-json\/wp\/v2\/pages\/16717\/revisions\/21861"}],"wp:featuredmedia":[{"embeddable":true,"href":"https:\/\/nutrident.fr\/es\/wp-json\/wp\/v2\/media\/20666"}],"wp:attachment":[{"href":"https:\/\/nutrident.fr\/es\/wp-json\/wp\/v2\/media?parent=16717"}],"curies":[{"name":"wp","href":"https:\/\/api.w.org\/{rel}","templated":true}]}}