

{"id":16727,"date":"2022-10-27T17:01:22","date_gmt":"2022-10-27T17:01:22","guid":{"rendered":"https:\/\/nutrident.fr\/?page_id=16727"},"modified":"2023-06-13T11:12:13","modified_gmt":"2023-06-13T11:12:13","slug":"halitosis","status":"publish","type":"page","link":"https:\/\/nutrident.fr\/es\/halitosis\/","title":{"rendered":"Halitosis: causas, s\u00edntomas y tratamientos"},"content":{"rendered":"<div class=\"meta\"><div class=\"meta__users\">    <div class=\"meta__users__reviewed\">\r\n      <p class=\"meta__users__caption\">Contributor:&nbsp;<\/p>\r\n      <div class=\"users\">\r\n        <span class=\"users__user\">\r\n          <a href=\"#\">Dr Abel Jes\u00fas Pederzoli<\/a>\r\n        <\/span>\r\n      <\/div>\r\n    <\/div>\r\n\t<\/div><div class=\"meta__date-modified\">Updated:&nbsp;<span>junio 13, 2023<\/span><\/div><\/div><div class=\"wp-block-image\">\n<figure class=\"alignright size-large is-resized\"><img src=\"https:\/\/nutrident.fr\/wp-content\/uploads\/2023\/03\/causas-de-la-halitosis-1024x682.jpg\" alt=\"mal aliento\" class=\"wp-image-20678\" width=\"300\" height=\"200\" srcset=\"https:\/\/nutrident.fr\/wp-content\/uploads\/2023\/03\/causas-de-la-halitosis-1024x682.jpg 1024w, https:\/\/nutrident.fr\/wp-content\/uploads\/2023\/03\/causas-de-la-halitosis-300x200.jpg 300w, https:\/\/nutrident.fr\/wp-content\/uploads\/2023\/03\/causas-de-la-halitosis-768x512.jpg 768w, https:\/\/nutrident.fr\/wp-content\/uploads\/2023\/03\/causas-de-la-halitosis-1536x1024.jpg 1536w, https:\/\/nutrident.fr\/wp-content\/uploads\/2023\/03\/causas-de-la-halitosis-254x169.jpg 254w, https:\/\/nutrident.fr\/wp-content\/uploads\/2023\/03\/causas-de-la-halitosis-66x44.jpg 66w, https:\/\/nutrident.fr\/wp-content\/uploads\/2023\/03\/causas-de-la-halitosis-120x80.jpg 120w, https:\/\/nutrident.fr\/wp-content\/uploads\/2023\/03\/causas-de-la-halitosis.jpg 2000w\" sizes=\"(max-width: 300px) 100vw, 300px\" \/><figcaption>Existen varias soluciones para el mal aliento<\/figcaption><\/figure><\/div>\n\n\n<p>El mal aliento o halitosis es un problema muy com\u00fan que puede crear verdaderos complejos en quienes lo padecen. Aunque sus causas son muy variadas, afortunadamente existen soluciones eficaces que pueden mejorar la confianza y la calidad de vida general de las personas que lo padecen.<\/p>\n\n\n\n<p>Hoy, en <a href=\"https:\/\/nutrident.fr\/es\/\">Nutrident<\/a> exploramos las diferentes causas que provocan el mal aliento, as\u00ed como sus posibles tratamientos y remedios caseros efectivos para solucionar este problema. <\/p>\n\n\n\n<div id=\"ez-toc-container\" class=\"ez-toc-v2_0_33_2 counter-hierarchy ez-toc-counter ez-toc-white ez-toc-container-direction\">\n<div class=\"ez-toc-title-container\">\n<p class=\"ez-toc-title\">Contenus<\/p>\n<span class=\"ez-toc-title-toggle\"><a href=\"#\" class=\"ez-toc-pull-right ez-toc-btn ez-toc-btn-xs ez-toc-btn-default ez-toc-toggle\" style=\"display: none;\"><label for=\"item\" aria-label=\"Tabla de contenidos\"><i class=\"ez-toc-glyphicon ez-toc-icon-toggle\"><\/i><\/label><input type=\"checkbox\" id=\"item\"><\/a><\/span><\/div>\n<nav><ul class='ez-toc-list ez-toc-list-level-1'><li class='ez-toc-page-1 ez-toc-heading-level-2'><a class=\"ez-toc-link ez-toc-heading-1\" href=\"https:\/\/nutrident.fr\/es\/halitosis\/#%C2%BFQue_es_la_halitosis\" title=\"\u00bfQu\u00e9 es la halitosis?  \">\u00bfQu\u00e9 es la halitosis?  <\/a><\/li><li class='ez-toc-page-1 ez-toc-heading-level-2'><a class=\"ez-toc-link ez-toc-heading-2\" href=\"https:\/\/nutrident.fr\/es\/halitosis\/#%C2%BFQue_causa_el_mal_aliento\" title=\"\u00bfQu\u00e9 causa el mal aliento?  \">\u00bfQu\u00e9 causa el mal aliento?  <\/a><\/li><li class='ez-toc-page-1 ez-toc-heading-level-2'><a class=\"ez-toc-link ez-toc-heading-3\" href=\"https:\/\/nutrident.fr\/es\/halitosis\/#Tratamientos_y_prevencion_de_la_halitosis\" title=\"Tratamientos y prevenci\u00f3n de la halitosis\">Tratamientos y prevenci\u00f3n de la halitosis<\/a><\/li><li class='ez-toc-page-1 ez-toc-heading-level-2'><a class=\"ez-toc-link ez-toc-heading-4\" href=\"https:\/\/nutrident.fr\/es\/halitosis\/#Remedios_caseros_y_naturales_para_la_halitosis\" title=\"Remedios caseros y naturales para la halitosis\">Remedios caseros y naturales para la halitosis<\/a><\/li><li class='ez-toc-page-1 ez-toc-heading-level-2'><a class=\"ez-toc-link ez-toc-heading-5\" href=\"https:\/\/nutrident.fr\/es\/halitosis\/#Preguntas_frecuentes\" title=\"Preguntas frecuentes  \">Preguntas frecuentes  <\/a><\/li><\/ul><\/nav><\/div>\n<h2><span class=\"ez-toc-section\" id=\"%C2%BFQue_es_la_halitosis\"><\/span>\u00bfQu\u00e9 es la halitosis?  <span class=\"ez-toc-section-end\"><\/span><\/h2>\n\n\n\n<p>La halitosis es un <strong>olor desagradable frecuente o persistente <\/strong>del aliento. Este mal olor puede sentirse al exhalar o al hablar y suele ser inc\u00f3modo para quien lo padece y para los dem\u00e1s.<\/p>\n\n\n\n<h2><span class=\"ez-toc-section\" id=\"%C2%BFQue_causa_el_mal_aliento\"><\/span>\u00bfQu\u00e9 causa el mal aliento?  <span class=\"ez-toc-section-end\"><\/span><\/h2>\n\n\n\n<h3>Halitosis matutina  <\/h3>\n\n\n\n<p>Se trata de la halitosis que solo se experimenta por la ma\u00f1ana al despertar y es causada por una disminuci\u00f3n del flujo salival durante el sue\u00f1o, lo cual facilita la producci\u00f3n de bacterias que generan gases malolientes.<\/p>\n\n\n\n<h3>Halitosis temporal<\/h3>\n\n\n\n<p>En algunos casos, el mal aliento est\u00e1 relacionado con una condici\u00f3n temporal, como <a href=\"https:\/\/nutrident.fr\/es\/dientes-y-embarazo\/\" target=\"_blank\" data-type=\"URL\" data-id=\"https:\/\/nutrident.fr\/es\/dientes-y-embarazo\/\" rel=\"noreferrer noopener\">el embarazo<\/a> o el uso de algunos medicamentos. En el caso del embarazo, los <strong>altos niveles hormonales<\/strong> aumentan la producci\u00f3n de placa que, al estar compuesta de bacterias, puede provocar un olor bucal desagradable.<\/p>\n\n\n\n<p>La halitosis tambi\u00e9n puede estar relacionada con el<strong> consumo de ciertos alimentos<\/strong>, por ejemplo <a href=\"https:\/\/nutrident.fr\/es\/el-ajo-y-sus-beneficios\/\" target=\"_blank\" data-type=\"URL\" data-id=\"https:\/\/nutrident.fr\/es\/el-ajo-y-sus-beneficios\/\" rel=\"noreferrer noopener\">el ajo<\/a>, la cebolla o ciertas especias. Estos alimentos, una vez digeridos, se transforman en componentes potencialmente olorosos que pasan al torrente sangu\u00edneo y viajan a los pulmones, donde son la fuente del aliento oloroso hasta que se eliminan del organismo.<\/p>\n\n\n\n<p>Por otro lado, es importante saber que algunos <strong>medicamentos<\/strong> (especialmente los de la presi\u00f3n arterial alta) pueden provocar una disminuci\u00f3n de la salivaci\u00f3n. La saliva es la encargada de deshacerse de gran parte de las bacterias que viven en nuestra boca, as\u00ed que es natural que al disminuir su cantidad las bacterias se multipliquen y causen un olor f\u00e9tido.<\/p>\n\n\n\n<p>Las <strong>infecciones orales<\/strong> (la <a href=\"https:\/\/nutrident.fr\/es\/caries\/\" data-type=\"page\" data-id=\"10663\">caries<\/a> o la <a href=\"https:\/\/nutrident.fr\/es\/periodontitis\/\" target=\"_blank\" data-type=\"URL\" data-id=\"https:\/\/nutrident.fr\/es\/periodontitis\/\" rel=\"noreferrer noopener\">enfermedad periodontal<\/a>) y ciertas enfermedades respiratorias tambi\u00e9n pueden causar mal aliento.<\/p>\n\n\n\n<h3>Halitosis permanente<\/h3>\n\n\n\n<p>Cuando el mal aliento es permanente, su origen puede estar relacionado con <strong>una mala higiene bucal<\/strong>, el <a href=\"https:\/\/nutrident.fr\/es\/tabaco\/\" data-type=\"URL\" data-id=\"https:\/\/nutrident.fr\/es\/tabaco\/\" target=\"_blank\" rel=\"noreferrer noopener\">tabaquismo<\/a>, la <a href=\"https:\/\/nutrident.fr\/es\/boca-seca\/\" data-type=\"page\" data-id=\"11506\">xerostom\u00eda<\/a> (boca seca) o simplemente la edad. Al envejecer, las gl\u00e1ndulas salivales sufren cambios que afectan la cantidad y calidad de la saliva, lo que puede provocar mal aliento.<\/p>\n\n\n\n<h3>Halitosos estomacal<\/h3>\n\n\n\n<p>Un tipo de mal aliento que no se origina en la boca es la halitosis estomacal. Bacterias como la <em>Helicobacter Pylori<\/em> causan <strong>infecciones g\u00e1stricas<\/strong> que provocan gases, los cuales llegan a la boca a trav\u00e9s del es\u00f3fago y producen un aliento f\u00e9tido. Los jugos g\u00e1stricos que provocan la <strong>acidez<\/strong> tambi\u00e9n pueden estar relacionados con la halitosis.<\/p>\n\n\n\n<h2><span class=\"ez-toc-section\" id=\"Tratamientos_y_prevencion_de_la_halitosis\"><\/span>Tratamientos y prevenci\u00f3n de la halitosis<span class=\"ez-toc-section-end\"><\/span><\/h2>\n\n\n\n<p>Existen varios m\u00e9todos para contrarrestar el mal aliento:  <\/p>\n\n\n<div class=\"wp-block-image\">\n<figure class=\"alignright size-full\"><img width=\"300\" height=\"225\" src=\"https:\/\/nutrident.fr\/wp-content\/uploads\/2022\/06\/Spray-mauvaise-haleine-300x225-1.jpg\" alt=\"spray para el mal aliento\" class=\"wp-image-11695\" srcset=\"https:\/\/nutrident.fr\/wp-content\/uploads\/2022\/06\/Spray-mauvaise-haleine-300x225-1.jpg 300w, https:\/\/nutrident.fr\/wp-content\/uploads\/2022\/06\/Spray-mauvaise-haleine-300x225-1-254x190.jpg 254w\" sizes=\"(max-width: 300px) 100vw, 300px\" \/><figcaption>\u00a1Los productos contra el mal aliento est\u00e1n disponibles en las farmacias!<\/figcaption><\/figure><\/div>\n\n\n<ul><li>Limpiar la lengua con <a href=\"https:\/\/nutrident.fr\/es\/limpiador-de-lengua\/\" data-type=\"URL\" data-id=\"https:\/\/nutrident.fr\/es\/limpiador-de-lengua\/\" target=\"_blank\" rel=\"noreferrer noopener\">raspadores linguales<\/a> que se pueden conseguir en cualquier farmacia<\/li><li>Cepillar <a href=\"https:\/\/nutrident.fr\/es\/lengua-blanca\/\" target=\"_blank\" data-type=\"URL\" data-id=\"https:\/\/nutrident.fr\/es\/lengua-blanca\/\" rel=\"noreferrer noopener\">la lengua<\/a> diariamente con el cepillo de dientes<\/li><li>Hacer g\u00e1rgaras cada ma\u00f1ana con una soluci\u00f3n antis\u00e9ptica<\/li><li>Beber al menos 1,5 litros de agua al d\u00eda<\/li><li>Enjuagarse la boca regularmente<\/li><li>Fomentar la salivaci\u00f3n bebiendo zumos de fruta \u00e1cidos, chupando caramelos de menta sin az\u00facar o mascando chicle<\/li><li>Comer con regularidad<\/li><\/ul>\n\n\n\n<p>Evidentemente, el tratamiento del mal aliento <strong>depender\u00e1 principalmente de su origen<\/strong>. Si tu halitosis est\u00e1 relacionada con alg\u00fan tipo de medicaci\u00f3n, no dudes en hablar con tu m\u00e9dico. Si la raz\u00f3n es una enfermedad, por ejemplo una infecci\u00f3n estomacal o acidez, debes acudir al m\u00e9dico para que recibas el tratamiento adecuado y as\u00ed poder recuperar tu aliento fresco.<\/p>\n\n\n\n<h2><span class=\"ez-toc-section\" id=\"Remedios_caseros_y_naturales_para_la_halitosis\"><\/span>Remedios caseros y naturales para la halitosis<span class=\"ez-toc-section-end\"><\/span><\/h2>\n\n\n\n<p>Existen algunos <a href=\"https:\/\/nutrident.fr\/es\/mal-aliento\/\" target=\"_blank\" data-type=\"URL\" data-id=\"https:\/\/nutrident.fr\/es\/mal-aliento\/\" rel=\"noreferrer noopener\">remedios caseros<\/a> que te pueden ayudar a combatir los malos olores bucales y a conseguir un aliento fresco.  <\/p>\n\n\n\n<h3>Zumo de lim\u00f3n<\/h3>\n\n\n\n<p>Sus <strong>propiedades antis\u00e9pticas<\/strong> te ayudar\u00e1n a tener un aliento fresco en cualquier momento del d\u00eda. Puedes mezclarlo con un poco de agua para obtener una bebida que te calme la sed. <\/p>\n\n\n\n<h3>Perejil<\/h3>\n\n\n\n<p>El perejil es rico en clorofila y puede captar y destruir los malos olores, ya que la clorofila <strong>reduce la producci\u00f3n de gases y toxinas<\/strong> de origen digestivo. Puedes masticar unas hojas de perejil despu\u00e9s de la comida o a\u00f1adirlas a tus platos.<\/p>\n\n\n\n<h3>Carb\u00f3n vegetal<\/h3>\n\n\n\n<p>El <a href=\"https:\/\/nutrident.fr\/es\/?page_id=15504\">carb\u00f3n vegetal<\/a> tiene la capacidad de <strong>absorber las toxinas y las bacterias<\/strong>. Puedes mezclar una cucharadita de carb\u00f3n vegetal en un vaso de agua y beber el preparado despu\u00e9s de cada comida o puedes usas c\u00e1psulas de este compuesto.<\/p>\n\n\n\n<h2><span class=\"ez-toc-section\" id=\"Preguntas_frecuentes\"><\/span>Preguntas frecuentes  <span class=\"ez-toc-section-end\"><\/span><\/h2>\n\n\n<div id=\"rank-math-faq\" class=\"rank-math-block\">\n<div class=\"rank-math-list \">\n<div id=\"faq-question-1679688202274\" class=\"rank-math-list-item\">\n<h3 class=\"rank-math-question \">\u00bfC\u00f3mo saber si el mal aliento proviene del est\u00f3mago?<\/h3>\n<div class=\"rank-math-answer \">\n\n<p>Si tienes acidez o reflujo, el mal aliento puede deberse al exceso de \u00e1cido producido por el tracto digestivo.<\/p>\n\n<\/div>\n<\/div>\n<div id=\"faq-question-1679688339812\" class=\"rank-math-list-item\">\n<h3 class=\"rank-math-question \">\u00bfC\u00f3mo utilizar el bicarbonato de sodio para tener un buen aliento?<\/h3>\n<div class=\"rank-math-answer \">\n\n<p>Para utilizar el bicarbonato de sodio en tu rutina de higiene dental, puedes diluir una cucharada de este compuesto en un vaso de agua tibia y hacer g\u00e1rgaras con esta mezcla como si fuera un enjuague bucal<\/p>\n\n<\/div>\n<\/div>\n<div id=\"faq-question-1679688416132\" class=\"rank-math-list-item\">\n<h3 class=\"rank-math-question \">\u00bfQu\u00e9 medicamento sirve para curar el mal aliento?<\/h3>\n<div class=\"rank-math-answer \">\n\n<p>No existe ning\u00fan medicamento para el mal aliento, pero si tienes halitosis ocasional puedes utilizar un enjuague bucal antis\u00e9ptico.  <\/p>\n\n<\/div>\n<\/div>\n<\/div>\n<\/div><div class=\"article-data before-content\"><div class=\"article-data__date\"><div class=\"article-data__date-modified\"><time class=\"published\" datetime=\"2022-10-27T17:01:22+00:00\">This article was originally published on&nbsp;<span class=\"2\">octubre 27, 2022<\/span>&nbsp;and was most recently updated on&nbsp;<span>junio 13, 2023<\/span><\/time><br><\/div><\/div><\/div><div class=\"user-info\">    <div class=\"user-info__body\">\r\n      <div class=\"user-info__caption\"><span>Contributors:<\/span><\/div>\r\n\t\t\t        <div class=\"user-info__wrap \">\r\n          <div class=\"user-info__data\">\r\n            <div class=\"user-info__data__info\">\r\n              <div class=\"photo\">\r\n\t\t\t\t\t\t\t\t<img width=\"66\" height=\"61\" src=\"https:\/\/nutrident.fr\/wp-content\/uploads\/2023\/06\/unnamed-66x61.jpg\" class=\"attachment-profileImageAuthor size-profileImageAuthor wp-post-image\" alt=\"Dr Abel Jes\u00fas Pederzoli\" loading=\"lazy\" srcset=\"https:\/\/nutrident.fr\/wp-content\/uploads\/2023\/06\/unnamed-66x61.jpg 66w, https:\/\/nutrident.fr\/wp-content\/uploads\/2023\/06\/unnamed-300x279.jpg 300w, https:\/\/nutrident.fr\/wp-content\/uploads\/2023\/06\/unnamed-1024x952.jpg 1024w, https:\/\/nutrident.fr\/wp-content\/uploads\/2023\/06\/unnamed-768x714.jpg 768w, https:\/\/nutrident.fr\/wp-content\/uploads\/2023\/06\/unnamed-204x190.jpg 204w, https:\/\/nutrident.fr\/wp-content\/uploads\/2023\/06\/unnamed-120x112.jpg 120w, https:\/\/nutrident.fr\/wp-content\/uploads\/2023\/06\/unnamed.jpg 1125w\" sizes=\"(max-width: 66px) 100vw, 66px\" \/>              <\/div>\r\n              <a href=\"https:\/\/nutrident.fr\/es\/author\/dr-abel-jesus-pederzoli\/\" class=\"name\">Dr Abel Jes\u00fas Pederzoli<\/a>\r\n            <\/div>\r\n            <div class=\"user-info__data__social\">\r\n\t\t\t\t\t\t\t\t\t\t\t\t\t\t\t\t\t\t\t\t\t          <a href=\"https:\/\/clinicaleixample.es\/\"\r\n             class=\"soc-item website\">website<\/a>\r\n\t\t\t\t          <a href=\"http:\/\/linkedin.com\/in\/abel-jes%C3%BAs-pederzoli\"\r\n             class=\"soc-item linkedin\">linkedin<\/a>\r\n\t\t\t\t            <\/div>\r\n          <\/div>\r\n          <div class=\"user-info__description\">\r\n\t\t\t\t\t\t\t\t\t\t\t\t\t<p>Con t\u00edtulos obtenidos en la Facultad de Odontolog\u00eda de la Universidad Nacional de La Plata y una participaci\u00f3n activa en congresos y jornadas, el Dr. Pederzoli se mantiene actualizado en las \u00faltimas t\u00e9cnicas y avances en odontolog\u00eda. Actualmente se encuentra desarrollando un proyecto de consultor\u00eda tecnol\u00f3gica aplicada a cl\u00ednicas dentales.<\/p>\n\t\t\t\t\t\t          <\/div>\r\n        <\/div>\r\n\t\t\t\t    <\/div>\r\n\t<\/div><!--copyscapeskip--><div class=\"medical_references\"><div class=\"medical_references__heading\"><span>Fuentes M\u00e9dicas<\/span><\/div><div class=\"medical_references__list\"><p><strong>L'Assurance Maladie<\/strong>: <a href=\"https:\/\/www.ameli.fr\/assure\/sante\/themes\/mauvaise-haleine\" target=\"_blank\" rel=\"noopener\">Mauvaise haleine<\/a>. Consultado el 23 de marzo de 2023.<\/p>\n<p><strong>Ufsbd:\u00a0<\/strong><a href=\"http:\/\/www.ufsbd.fr\/wp-content\/uploads\/2013\/08\/Fiche-Halitose.pdf\" target=\"_blank\" rel=\"noopener\">Halitose<\/a>. Consultado el 23 de marzo de 2023.<\/p>\n<p><b>Mayo Clinic:\u00a0<\/b><a href=\"https:\/\/www.mayoclinic.org\/es-es\/diseases-conditions\/bad-breath\/symptoms-causes\/syc-20350922\" target=\"_blank\" rel=\"noopener\">Mal aliento<\/a>. Consultado el 23 de marzo de 2023.<\/p>\n<\/div><\/div><!--\/copyscapeskip-->","protected":false},"excerpt":{"rendered":"<p>Contributor:&nbsp; Dr Abel Jes\u00fas Pederzoli Updated:&nbsp;junio 13, 2023 El mal aliento o halitosis es un problema muy com\u00fan que puede crear verdaderos complejos en quienes lo padecen. Aunque sus causas son muy variadas, afortunadamente existen soluciones eficaces que pueden mejorar la confianza y la calidad de vida general de las personas que lo padecen. Hoy, [&hellip;]<\/p>\n","protected":false},"author":2,"featured_media":20682,"parent":0,"menu_order":0,"comment_status":"closed","ping_status":"closed","template":"","meta":{"inline_featured_image":false},"acf":[],"_links":{"self":[{"href":"https:\/\/nutrident.fr\/es\/wp-json\/wp\/v2\/pages\/16727"}],"collection":[{"href":"https:\/\/nutrident.fr\/es\/wp-json\/wp\/v2\/pages"}],"about":[{"href":"https:\/\/nutrident.fr\/es\/wp-json\/wp\/v2\/types\/page"}],"author":[{"embeddable":true,"href":"https:\/\/nutrident.fr\/es\/wp-json\/wp\/v2\/users\/2"}],"replies":[{"embeddable":true,"href":"https:\/\/nutrident.fr\/es\/wp-json\/wp\/v2\/comments?post=16727"}],"version-history":[{"count":23,"href":"https:\/\/nutrident.fr\/es\/wp-json\/wp\/v2\/pages\/16727\/revisions"}],"predecessor-version":[{"id":22062,"href":"https:\/\/nutrident.fr\/es\/wp-json\/wp\/v2\/pages\/16727\/revisions\/22062"}],"wp:featuredmedia":[{"embeddable":true,"href":"https:\/\/nutrident.fr\/es\/wp-json\/wp\/v2\/media\/20682"}],"wp:attachment":[{"href":"https:\/\/nutrident.fr\/es\/wp-json\/wp\/v2\/media?parent=16727"}],"curies":[{"name":"wp","href":"https:\/\/api.w.org\/{rel}","templated":true}]}}