

{"id":16741,"date":"2022-10-27T17:01:34","date_gmt":"2022-10-27T17:01:34","guid":{"rendered":"https:\/\/nutrident.fr\/?page_id=16741"},"modified":"2023-06-15T23:16:26","modified_gmt":"2023-06-15T23:16:26","slug":"labio-leporino","status":"publish","type":"page","link":"https:\/\/nutrident.fr\/es\/labio-leporino\/","title":{"rendered":"Labio Leporino y paladar hendido: \u00bfqu\u00e9 son y c\u00f3mo se solucionan?"},"content":{"rendered":"<div class=\"meta\"><div class=\"meta__users\">    <div class=\"meta__users__reviewed\">\r\n      <p class=\"meta__users__caption\">Contributor:&nbsp;<\/p>\r\n      <div class=\"users\">\r\n        <span class=\"users__user\">\r\n          <a href=\"#\">Dr Abel Jes\u00fas Pederzoli<\/a>\r\n        <\/span>\r\n      <\/div>\r\n    <\/div>\r\n\t<\/div><div class=\"meta__date-modified\">Updated:&nbsp;<span>junio 15, 2023<\/span><\/div><\/div><div class=\"wp-block-image\">\n<figure class=\"alignright size-medium\"><img width=\"220\" height=\"300\" src=\"https:\/\/nutrident.fr\/wp-content\/uploads\/2022\/06\/fente-labio-palatine-220x300.jpg\" alt=\"labio leporino\" class=\"wp-image-12584\" srcset=\"https:\/\/nutrident.fr\/wp-content\/uploads\/2022\/06\/fente-labio-palatine-220x300.jpg 220w, https:\/\/nutrident.fr\/wp-content\/uploads\/2022\/06\/fente-labio-palatine-751x1024.jpg 751w, https:\/\/nutrident.fr\/wp-content\/uploads\/2022\/06\/fente-labio-palatine-768x1048.jpg 768w, https:\/\/nutrident.fr\/wp-content\/uploads\/2022\/06\/fente-labio-palatine-1126x1536.jpg 1126w, https:\/\/nutrident.fr\/wp-content\/uploads\/2022\/06\/fente-labio-palatine-1501x2048.jpg 1501w, https:\/\/nutrident.fr\/wp-content\/uploads\/2022\/06\/fente-labio-palatine-139x190.jpg 139w, https:\/\/nutrident.fr\/wp-content\/uploads\/2022\/06\/fente-labio-palatine.jpg 1839w\" sizes=\"(max-width: 220px) 100vw, 220px\" \/><figcaption>El labio leporino es una de las enfermedades cong\u00e9nitas m\u00e1s comunes<\/figcaption><\/figure><\/div>\n\n\n<p>El labio leporino es una enfermedad cong\u00e9nita caracterizada por una<strong> fisura en el labio superior<\/strong> que se produce cuando las estructuras faciales del feto no se desarrollan por completo.  <\/p>\n\n\n\n<p>Esta condici\u00f3n est\u00e1 estrechamente relacionada con el paladar hendido, una fisura o hendidura en el techo de la boca que se puede presentar sola o junto con el labio leporino (fisura labiopalatina).<\/p>\n\n\n\n<p>En este art\u00edculo hablaremos sobre las causas del labio leporino, su relaci\u00f3n con la hendidura del paladar y si es posible evitar estas malformaciones.<\/p>\n\n\n\n<div id=\"ez-toc-container\" class=\"ez-toc-v2_0_33_2 counter-hierarchy ez-toc-counter ez-toc-white ez-toc-container-direction\">\n<div class=\"ez-toc-title-container\">\n<p class=\"ez-toc-title\">Contenus<\/p>\n<span class=\"ez-toc-title-toggle\"><a href=\"#\" class=\"ez-toc-pull-right ez-toc-btn ez-toc-btn-xs ez-toc-btn-default ez-toc-toggle\" style=\"display: none;\"><label for=\"item\" aria-label=\"Tabla de contenidos\"><i class=\"ez-toc-glyphicon ez-toc-icon-toggle\"><\/i><\/label><input type=\"checkbox\" id=\"item\"><\/a><\/span><\/div>\n<nav><ul class='ez-toc-list ez-toc-list-level-1'><li class='ez-toc-page-1 ez-toc-heading-level-2'><a class=\"ez-toc-link ez-toc-heading-1\" href=\"https:\/\/nutrident.fr\/es\/labio-leporino\/#%C2%BFQue_es_el_labio_leporino\" title=\"\u00bfQu\u00e9 es el labio leporino?  \">\u00bfQu\u00e9 es el labio leporino?  <\/a><\/li><li class='ez-toc-page-1 ez-toc-heading-level-2'><a class=\"ez-toc-link ez-toc-heading-2\" href=\"https:\/\/nutrident.fr\/es\/labio-leporino\/#%C2%BFQue_causa_el_labio_leporino\" title=\"\u00bfQu\u00e9 causa el labio leporino?  \">\u00bfQu\u00e9 causa el labio leporino?  <\/a><\/li><li class='ez-toc-page-1 ez-toc-heading-level-2'><a class=\"ez-toc-link ez-toc-heading-3\" href=\"https:\/\/nutrident.fr\/es\/labio-leporino\/#Las_diferentes_formas_de_labio_leporino_y_paladar_hendido\" title=\"Las diferentes formas de labio leporino y paladar hendido\">Las diferentes formas de labio leporino y paladar hendido<\/a><\/li><li class='ez-toc-page-1 ez-toc-heading-level-2'><a class=\"ez-toc-link ez-toc-heading-4\" href=\"https:\/\/nutrident.fr\/es\/labio-leporino\/#%C2%BFCuales_son_las_consecuencias_del_labio_leporino\" title=\"\u00bfCu\u00e1les son las consecuencias del labio leporino?  \">\u00bfCu\u00e1les son las consecuencias del labio leporino?  <\/a><\/li><li class='ez-toc-page-1 ez-toc-heading-level-2'><a class=\"ez-toc-link ez-toc-heading-5\" href=\"https:\/\/nutrident.fr\/es\/labio-leporino\/#%C2%BFComo_se_corrige_el_labio_leporino\" title=\"\u00bfC\u00f3mo se corrige el labio leporino?  \">\u00bfC\u00f3mo se corrige el labio leporino?  <\/a><\/li><li class='ez-toc-page-1 ez-toc-heading-level-2'><a class=\"ez-toc-link ez-toc-heading-6\" href=\"https:\/\/nutrident.fr\/es\/labio-leporino\/#Preguntas_frecuentes\" title=\"Preguntas frecuentes\">Preguntas frecuentes<\/a><\/li><\/ul><\/nav><\/div>\n<h2><span class=\"ez-toc-section\" id=\"%C2%BFQue_es_el_labio_leporino\"><\/span>\u00bfQu\u00e9 es el labio leporino?  <span class=\"ez-toc-section-end\"><\/span><\/h2>\n\n\n\n<p>Se trata de una afecci\u00f3n cong\u00e9nita que se origina en el desarrollo de los llamados brotes fetales que posteriormente forman la cara. En lugar de formar una nariz y una mand\u00edbula distintas, <strong>los tejidos de la boca del feto no se fusionan correctamente<\/strong>. Esto causa una fisura en el labio superior y, en el caso del paladar hendido, en el techo de la boca.<\/p>\n\n\n\n<p>La frecuencia del labio leporino depende del origen del ni\u00f1o. Este problema afecta a aproximadamente 1 de cada 1000 ni\u00f1os cauc\u00e1sicos, <strong>es m\u00e1s com\u00fan en los japoneses<\/strong> (1\/584) y m\u00e1s raro en las personas de origen africano (1\/2273). Adem\u00e1s, los ni\u00f1os se ven m\u00e1s afectados que las ni\u00f1as, aunque el paladar hendido sin labio leporino es m\u00e1s com\u00fan en las ni\u00f1as.<\/p>\n\n\n\n<h2><span class=\"ez-toc-section\" id=\"%C2%BFQue_causa_el_labio_leporino\"><\/span>\u00bfQu\u00e9 causa el labio leporino?  <span class=\"ez-toc-section-end\"><\/span><\/h2>\n\n\n\n<p>Hay varios factores que \u00abfavorecen\u00bb la formaci\u00f3n de esta fisura labial. Las consideraciones incluyen la <strong>herencia<\/strong>, los <strong>problemas cromos\u00f3micos<\/strong> y <strong>factores ambientales <\/strong>como el comportamiento materno.<\/p>\n\n\n\n<p>El desarrollo del labio leporino es innegablemente hereditario, es decir, los padres que la han padecido tienen m\u00e1s probabilidades de transmitirlo a su descendencia.<\/p>\n\n\n\n<p>Desde el punto de vista <a class=\"wpil_keyword_link\" title=\"gen\u00e9tica\" href=\"https:\/\/nutrident.fr\/es\/salud-bucodental-y-genetica\/\">gen\u00e9tico<\/a>, el labio leporino est\u00e1 <strong>asociado a muchos s\u00edndromes<\/strong>, pero los m\u00e1s comunes son la trisom\u00eda 13 o la trisom\u00eda 18, el s\u00edndrome de Goldenhar, el s\u00edndrome de Treacher Collins, el s\u00edndrome de Van der Woude, el s\u00edndrome de Shprintzen y el s\u00edndrome de Stickler.<\/p>\n\n\n\n<p>Las madres mayores, con <strong>diabetes<\/strong> o con <strong>obesidad<\/strong> tienen m\u00e1s probabilidades de que sus hijos nazcan con paladar hendido y el consumo de ciertas drogas, <a href=\"https:\/\/cloudvapor.com\/comment-bien-preparer-le-mois-sans-tabac\/\" target=\"_blank\" rel=\"noopener\">tabaco<\/a> y alcohol son factores agravantes.<\/p>\n\n\n\n<h2><span class=\"ez-toc-section\" id=\"Las_diferentes_formas_de_labio_leporino_y_paladar_hendido\"><\/span>Las diferentes formas de labio leporino y paladar hendido<span class=\"ez-toc-section-end\"><\/span><\/h2>\n\n\n\n<p>El labio leporino se manifiesta de distintas maneras. Puede ser m\u00e1s o menos pronunciado, parcial o total, unilateral o bilateral. Tambi\u00e9n puede afectar el paladar.<\/p>\n\n\n\n<h3>La malformaci\u00f3n del paladar<\/h3>\n\n\n\n<p>En algunos casos, el labio leporino se presenta junto con una hendidura en el paladar que puede ser m\u00e1s o menos pronunciada. En casos extremos, incluso est\u00e1 completamente ausente, lo que abre una comunicaci\u00f3n total entre la boca y la nariz.<\/p>\n\n\n\n<h3>Deformaci\u00f3n del labio<\/h3>\n\n\n\n<p>El labio superior puede estar m\u00e1s o menos partido. En los casos m\u00e1s pronunciados, la separaci\u00f3n <strong>se extiende hasta la base de la nariz<\/strong> y puede llegar incluso a las enc\u00edas. En este caso, ya no hablamos de labio leporino, sino de labio y mand\u00edbula hendidos. Adem\u00e1s, puede haber una (unilateral) o dos fisuras (bilateral) en el labio.<\/p>\n\n\n\n<h2><span class=\"ez-toc-section\" id=\"%C2%BFCuales_son_las_consecuencias_del_labio_leporino\"><\/span>\u00bfCu\u00e1les son las consecuencias del labio leporino?  <span class=\"ez-toc-section-end\"><\/span><\/h2>\n\n\n<div class=\"wp-block-image\">\n<figure class=\"alignright size-medium\"><img width=\"300\" height=\"208\" src=\"https:\/\/nutrident.fr\/wp-content\/uploads\/2022\/06\/Depositphotos_73713121_s-2015-300x208.jpg\" alt=\"labio leporino\" class=\"wp-image-12578\" srcset=\"https:\/\/nutrident.fr\/wp-content\/uploads\/2022\/06\/Depositphotos_73713121_s-2015-300x208.jpg 300w, https:\/\/nutrident.fr\/wp-content\/uploads\/2022\/06\/Depositphotos_73713121_s-2015-254x176.jpg 254w, https:\/\/nutrident.fr\/wp-content\/uploads\/2022\/06\/Depositphotos_73713121_s-2015.jpg 500w\" sizes=\"(max-width: 300px) 100vw, 300px\" \/><figcaption>El labio leporino puede corregirse mediante cirug\u00eda <\/figcaption><\/figure><\/div>\n\n\n<p>El labio leporino es una deformidad incapacitante a varios niveles. Puede provocar <strong>dificultades respiratorias y alimentarias<\/strong>, pero tambi\u00e9n problemas en el sistema auditivo, con alteraciones en la calidad de la audici\u00f3n, as\u00ed como enfermedades recurrentes, incluidas las infecciones de o\u00eddo.<\/p>\n\n\n\n<p>El labio leporino afecta al crecimiento de los maxilares y de \u00e9l se derivan muchos <strong>problemas bucales<\/strong>. Los dientes crecen sin control y se producen frecuentes <a href=\"https:\/\/nutrident.fr\/es\/apinamiento-dental\/\" target=\"_blank\" data-type=\"URL\" data-id=\"https:\/\/nutrident.fr\/es\/apinamiento-dental\/\" rel=\"noreferrer noopener\">problemas de mordida<\/a>.<\/p>\n\n\n\n<p>El labio leporino deja secuelas f\u00edsicas, m\u00e1s o menos antiest\u00e9ticas.<\/p>\n\n\n\n<h2><span class=\"ez-toc-section\" id=\"%C2%BFComo_se_corrige_el_labio_leporino\"><\/span>\u00bfC\u00f3mo se corrige el labio leporino?  <span class=\"ez-toc-section-end\"><\/span><\/h2>\n\n\n\n<p>El labio leporino puede detectarse en las ecograf\u00edas <strong>durante el primer trimestre del embarazo<\/strong>, ya que aparece a partir de la quinta semana. Es m\u00e1s f\u00e1cil de identificar que el paladar hendido, pero no es posible corregirlo en esta fase.<\/p>\n\n\n\n<p>La extensi\u00f3n de la malformaci\u00f3n se mide al nacer y la cirug\u00eda debe realizarse en las primeras semanas de vida para limitar el problema. Si se presenta sin paladar hendido, se puede realizar <strong>entre los primeros tres o seis meses de edad<\/strong>. El paladar hendido es m\u00e1s delicado y por ello la cirug\u00eda se realiza entre los seis y doce meses de edad.<\/p>\n\n\n\n<p>Dependiendo de la gravedad de la malformaci\u00f3n, pueden ser necesarias m\u00e1s cirug\u00edas de seguimiento. Sin embargo, es esencial<strong> rectificar los problemas antes de que el ni\u00f1o cumpla un a\u00f1o<\/strong> para evitar las secuelas en la medida de lo posible.<\/p>\n\n\n\n<p>A menudo el ni\u00f1o tambi\u00e9n necesitar\u00e1 <a href=\"https:\/\/nutrident.fr\/es\/ortodoncia\/como-evitar\/\" target=\"_blank\" data-type=\"URL\" data-id=\"https:\/\/nutrident.fr\/es\/ortodoncia\/como-evitar\/\" rel=\"noreferrer noopener\">ortodoncia<\/a> y terapia del habla para compensar los da\u00f1os causados por el labio leporino.<\/p>\n\n\n\n<h2><span class=\"ez-toc-section\" id=\"Preguntas_frecuentes\"><\/span>Preguntas frecuentes<span class=\"ez-toc-section-end\"><\/span><\/h2>\n\n\n<div id=\"rank-math-faq\" class=\"rank-math-block\">\n<div class=\"rank-math-list \">\n<div id=\"faq-question-1657868193588\" class=\"rank-math-list-item\">\n<h3 class=\"rank-math-question \">\u00bfC\u00f3mo evitar el labio leporino?<\/h3>\n<div class=\"rank-math-answer \">\n\n<p>No siempre es posible evitar la aparici\u00f3n de esta malformaci\u00f3n, pero se aconseja a las mujeres embarazadas que eviten el tabaco, el alcohol o las drogas, as\u00ed como ciertos medicamentos como los antiepil\u00e9pticos, los retinoides, los corticosteroides y los antagonistas del \u00e1cido f\u00f3lico para reducir los factores de riesgo<\/p>\n\n<\/div>\n<\/div>\n<div id=\"faq-question-1657868199445\" class=\"rank-math-list-item\">\n<h3 class=\"rank-math-question \">\u00bfCu\u00e1ndo se puede detectar el labio leporino en la ecograf\u00eda?<\/h3>\n<div class=\"rank-math-answer \">\n\n<p>Te\u00f3ricamente, en la primera ecograf\u00eda, a las 13 semanas de embarazo, se puede detectar esta anomal\u00eda.<\/p>\n\n<\/div>\n<\/div>\n<div id=\"faq-question-1657868203100\" class=\"rank-math-list-item\">\n<h3 class=\"rank-math-question \">\u00bfCu\u00e1ndo operar un labio leporino?<\/h3>\n<div class=\"rank-math-answer \">\n\n<p>Si se trata de un labio leporino simple, la cirug\u00eda para cerrar la hendidura puede programarse a partir de los 3 meses. Pero cuando el caso es m\u00e1s complejo, los cirujanos suelen recomendar esperar un poco m\u00e1s e intervenir antes del a\u00f1o de edad (entre 6 y 12 meses).<\/p>\n\n<\/div>\n<\/div>\n<\/div>\n<\/div><div class=\"article-data before-content\"><div class=\"article-data__date\"><div class=\"article-data__date-modified\"><time class=\"published\" datetime=\"2022-10-27T17:01:34+00:00\">This article was originally published on&nbsp;<span class=\"2\">octubre 27, 2022<\/span>&nbsp;and was most recently updated on&nbsp;<span>junio 15, 2023<\/span><\/time><br><\/div><\/div><\/div><div class=\"user-info\">    <div class=\"user-info__body\">\r\n      <div class=\"user-info__caption\"><span>Contributors:<\/span><\/div>\r\n\t\t\t        <div class=\"user-info__wrap \">\r\n          <div class=\"user-info__data\">\r\n            <div class=\"user-info__data__info\">\r\n              <div class=\"photo\">\r\n\t\t\t\t\t\t\t\t<img width=\"66\" height=\"61\" src=\"https:\/\/nutrident.fr\/wp-content\/uploads\/2023\/06\/unnamed-66x61.jpg\" class=\"attachment-profileImageAuthor size-profileImageAuthor wp-post-image\" alt=\"Dr Abel Jes\u00fas Pederzoli\" loading=\"lazy\" srcset=\"https:\/\/nutrident.fr\/wp-content\/uploads\/2023\/06\/unnamed-66x61.jpg 66w, https:\/\/nutrident.fr\/wp-content\/uploads\/2023\/06\/unnamed-300x279.jpg 300w, https:\/\/nutrident.fr\/wp-content\/uploads\/2023\/06\/unnamed-1024x952.jpg 1024w, https:\/\/nutrident.fr\/wp-content\/uploads\/2023\/06\/unnamed-768x714.jpg 768w, https:\/\/nutrident.fr\/wp-content\/uploads\/2023\/06\/unnamed-204x190.jpg 204w, https:\/\/nutrident.fr\/wp-content\/uploads\/2023\/06\/unnamed-120x112.jpg 120w, https:\/\/nutrident.fr\/wp-content\/uploads\/2023\/06\/unnamed.jpg 1125w\" sizes=\"(max-width: 66px) 100vw, 66px\" \/>              <\/div>\r\n              <a href=\"https:\/\/nutrident.fr\/es\/author\/dr-abel-jesus-pederzoli\/\" class=\"name\">Dr Abel Jes\u00fas Pederzoli<\/a>\r\n            <\/div>\r\n            <div class=\"user-info__data__social\">\r\n\t\t\t\t\t\t\t\t\t\t\t\t\t\t\t\t\t\t\t\t\t          <a href=\"https:\/\/clinicaleixample.es\/\"\r\n             class=\"soc-item website\">website<\/a>\r\n\t\t\t\t          <a href=\"http:\/\/linkedin.com\/in\/abel-jes%C3%BAs-pederzoli\"\r\n             class=\"soc-item linkedin\">linkedin<\/a>\r\n\t\t\t\t            <\/div>\r\n          <\/div>\r\n          <div class=\"user-info__description\">\r\n\t\t\t\t\t\t\t\t\t\t\t\t\t<p>Con t\u00edtulos obtenidos en la Facultad de Odontolog\u00eda de la Universidad Nacional de La Plata y una participaci\u00f3n activa en congresos y jornadas, el Dr. Pederzoli se mantiene actualizado en las \u00faltimas t\u00e9cnicas y avances en odontolog\u00eda. Actualmente se encuentra desarrollando un proyecto de consultor\u00eda tecnol\u00f3gica aplicada a cl\u00ednicas dentales.<\/p>\n\t\t\t\t\t\t          <\/div>\r\n        <\/div>\r\n\t\t\t\t    <\/div>\r\n\t<\/div><!--copyscapeskip--><div class=\"medical_references\"><div class=\"medical_references__heading\"><span>Fuentes M\u00e9dicas<\/span><\/div><div class=\"medical_references__list\"><p><strong>Hospices Civils de Lyon:<\/strong>\u00a0<a href=\"https:\/\/www.chu-lyon.fr\/fente-labio-palatine-et-fente-faciale-rare\" target=\"_blank\" rel=\"noopener\">Fente labio-palatine et fente faciale rare<\/a>. Consultado el 25 de marzo de 2023.<\/p>\n<p><b>CHU Poitiers:<\/b>\u00a0<a href=\"https:\/\/www.chu-poitiers.fr\/specialites\/chirurgie-pediatrique\/fentes-labiales-palatines-et-labiopalatines\/\" target=\"_blank\" rel=\"noopener\">Fentes labiales, palatines et labiopalatines<\/a>. Consultado el 25 de marzo de 2023.<\/p>\n<p><strong>CHU Saint-Justine<\/strong>. <a href=\"https:\/\/www.chusj.org\/fr\/soins-services\/C\/complications-de-grossesse\/complications-foetus\/Complications\/fente-labiale-palatine\" target=\"_blank\" rel=\"noopener\">Fente labiale et palatine<\/a>. Consultado el 25 de marzo de 2023.<\/p>\n<p><strong>Mayo Clinic<\/strong>: <a href=\"https:\/\/www.mayoclinic.org\/es-es\/diseases-conditions\/cleft-palate\/symptoms-causes\/syc-20370985\" target=\"_blank\" rel=\"noopener\">Labio leporino y hendidura del paladar<\/a>. Consultado el 25 de marzo de 2023.<\/p>\n<p><strong>MedlinePlus:<\/strong> <a href=\"https:\/\/medlineplus.gov\/spanish\/cleftlipandpalate.html\" target=\"_blank\" rel=\"noopener\">Labio leporino y paladar hendido<\/a>. Consultado el 25 de marzo de 2023.<\/p>\n<\/div><\/div><!--\/copyscapeskip-->","protected":false},"excerpt":{"rendered":"<p>Contributor:&nbsp; Dr Abel Jes\u00fas Pederzoli Updated:&nbsp;junio 15, 2023 El labio leporino es una enfermedad cong\u00e9nita caracterizada por una fisura en el labio superior que se produce cuando las estructuras faciales del feto no se desarrollan por completo. Esta condici\u00f3n est\u00e1 estrechamente relacionada con el paladar hendido, una fisura o hendidura en el techo de la [&hellip;]<\/p>\n","protected":false},"author":2,"featured_media":20723,"parent":0,"menu_order":0,"comment_status":"open","ping_status":"open","template":"","meta":{"inline_featured_image":false},"acf":[],"_links":{"self":[{"href":"https:\/\/nutrident.fr\/es\/wp-json\/wp\/v2\/pages\/16741"}],"collection":[{"href":"https:\/\/nutrident.fr\/es\/wp-json\/wp\/v2\/pages"}],"about":[{"href":"https:\/\/nutrident.fr\/es\/wp-json\/wp\/v2\/types\/page"}],"author":[{"embeddable":true,"href":"https:\/\/nutrident.fr\/es\/wp-json\/wp\/v2\/users\/2"}],"replies":[{"embeddable":true,"href":"https:\/\/nutrident.fr\/es\/wp-json\/wp\/v2\/comments?post=16741"}],"version-history":[{"count":13,"href":"https:\/\/nutrident.fr\/es\/wp-json\/wp\/v2\/pages\/16741\/revisions"}],"predecessor-version":[{"id":21871,"href":"https:\/\/nutrident.fr\/es\/wp-json\/wp\/v2\/pages\/16741\/revisions\/21871"}],"wp:featuredmedia":[{"embeddable":true,"href":"https:\/\/nutrident.fr\/es\/wp-json\/wp\/v2\/media\/20723"}],"wp:attachment":[{"href":"https:\/\/nutrident.fr\/es\/wp-json\/wp\/v2\/media?parent=16741"}],"curies":[{"name":"wp","href":"https:\/\/api.w.org\/{rel}","templated":true}]}}