

{"id":16745,"date":"2022-10-27T17:04:11","date_gmt":"2022-10-27T17:04:11","guid":{"rendered":"https:\/\/nutrident.fr\/?page_id=16745"},"modified":"2022-10-27T17:04:13","modified_gmt":"2022-10-27T17:04:13","slug":"kit-de-blanqueamiento-meawhite","status":"publish","type":"page","link":"https:\/\/nutrident.fr\/es\/kit-de-blanqueamiento-meawhite\/","title":{"rendered":"Kit de blanqueamiento dental Meawhite: opiniones, ventajas y desventajas"},"content":{"rendered":"<div class=\"meta\"><div class=\"meta__users\"><\/div><div class=\"meta__date-modified\">Updated:&nbsp;<span>octubre 27, 2022<\/span><\/div><\/div><div class=\"wp-block-image\">\n<figure class=\"alignright size-medium\"><img width=\"300\" height=\"200\" src=\"https:\/\/nutrident.fr\/wp-content\/uploads\/2020\/01\/iStock-1037081016-300x200.jpg\" alt=\"blanqueamiento dental\" class=\"wp-image-7770\" srcset=\"https:\/\/nutrident.fr\/wp-content\/uploads\/2020\/01\/iStock-1037081016-300x200.jpg 300w, https:\/\/nutrident.fr\/wp-content\/uploads\/2020\/01\/iStock-1037081016-1024x683.jpg 1024w, https:\/\/nutrident.fr\/wp-content\/uploads\/2020\/01\/iStock-1037081016-768x512.jpg 768w, https:\/\/nutrident.fr\/wp-content\/uploads\/2020\/01\/iStock-1037081016-1080x720.jpg 1080w, https:\/\/nutrident.fr\/wp-content\/uploads\/2020\/01\/iStock-1037081016-980x653.jpg 980w, https:\/\/nutrident.fr\/wp-content\/uploads\/2020\/01\/iStock-1037081016-480x320.jpg 480w, https:\/\/nutrident.fr\/wp-content\/uploads\/2020\/01\/iStock-1037081016.jpg 1254w\" sizes=\"(max-width: 300px) 100vw, 300px\" \/><figcaption>Todo sobre el blanqueamiento dental Meawhite<\/figcaption><\/figure><\/div>\n\n\n<p>El n\u00famero de <a href=\"https:\/\/nutrident.fr\/es\/kit-blanqueador-dental\/\">kits de blanqueamiento dental caseros<\/a> aumenta constantemente y resulta dif\u00edcil orientarse. Para ayudarle a hacer su elecci\u00f3n, Nutrident.es pone a prueba estos diferentes procesos para usted y le revela los detalles de sus investigaciones. Hoy en el banco de pruebas: el <strong>kit de blanqueamiento Meawhite<\/strong>, dise\u00f1ado por la marca Plastimea.<\/p>\n\n\n\n<div id=\"ez-toc-container\" class=\"ez-toc-v2_0_33_2 counter-hierarchy ez-toc-counter ez-toc-white ez-toc-container-direction\">\n<div class=\"ez-toc-title-container\">\n<p class=\"ez-toc-title\">Contenus<\/p>\n<span class=\"ez-toc-title-toggle\"><a href=\"#\" class=\"ez-toc-pull-right ez-toc-btn ez-toc-btn-xs ez-toc-btn-default ez-toc-toggle\" style=\"display: none;\"><label for=\"item\" aria-label=\"Tabla de contenidos\"><i class=\"ez-toc-glyphicon ez-toc-icon-toggle\"><\/i><\/label><input type=\"checkbox\" id=\"item\"><\/a><\/span><\/div>\n<nav><ul class='ez-toc-list ez-toc-list-level-1'><li class='ez-toc-page-1 ez-toc-heading-level-2'><a class=\"ez-toc-link ez-toc-heading-1\" href=\"https:\/\/nutrident.fr\/es\/kit-de-blanqueamiento-meawhite\/#Plastimea\" title=\"Plastimea\">Plastimea<\/a><\/li><li class='ez-toc-page-1 ez-toc-heading-level-2'><a class=\"ez-toc-link ez-toc-heading-2\" href=\"https:\/\/nutrident.fr\/es\/kit-de-blanqueamiento-meawhite\/#%C2%BFComo_funciona_el_kit_de_blanqueo_Meawhite\" title=\"\u00bfC\u00f3mo funciona el kit de blanqueo Meawhite?\">\u00bfC\u00f3mo funciona el kit de blanqueo Meawhite?<\/a><\/li><li class='ez-toc-page-1 ez-toc-heading-level-2'><a class=\"ez-toc-link ez-toc-heading-3\" href=\"https:\/\/nutrident.fr\/es\/kit-de-blanqueamiento-meawhite\/#%C2%BFQue_contiene_el_gel_Meawhite\" title=\"\u00bfQu\u00e9 contiene el gel Meawhite?\">\u00bfQu\u00e9 contiene el gel Meawhite?<\/a><\/li><li class='ez-toc-page-1 ez-toc-heading-level-2'><a class=\"ez-toc-link ez-toc-heading-4\" href=\"https:\/\/nutrident.fr\/es\/kit-de-blanqueamiento-meawhite\/#El_kit_Meawhite_y_sus_instrucciones_de_uso\" title=\"El kit Meawhite y sus instrucciones de uso\">El kit Meawhite y sus instrucciones de uso<\/a><\/li><li class='ez-toc-page-1 ez-toc-heading-level-2'><a class=\"ez-toc-link ez-toc-heading-5\" href=\"https:\/\/nutrident.fr\/es\/kit-de-blanqueamiento-meawhite\/#Nuestra_opinion_sobre_el_kit_de_blanqueamiento_Meawhite\" title=\"Nuestra opini\u00f3n sobre el kit de blanqueamiento Meawhite\">Nuestra opini\u00f3n sobre el kit de blanqueamiento Meawhite<\/a><\/li><li class='ez-toc-page-1 ez-toc-heading-level-2'><a class=\"ez-toc-link ez-toc-heading-6\" href=\"https:\/\/nutrident.fr\/es\/kit-de-blanqueamiento-meawhite\/#Otros_kits_de_blanqueamiento_dental\" title=\"Otros kits de blanqueamiento dental\">Otros kits de blanqueamiento dental<\/a><\/li><\/ul><\/nav><\/div>\n<h2><span class=\"ez-toc-section\" id=\"Plastimea\"><\/span>Plastimea<span class=\"ez-toc-section-end\"><\/span><\/h2>\n\n\n\n<p>Plastimea es una empresa que s\u00f3lo ofrece productos y accesorios dedicados a todos los \u00e1mbitos del cuidado y la est\u00e9tica a trav\u00e9s de <strong>Internet <\/strong>: cabello, bienestar, adelgazamiento, manicura, cuidado facial y dental. Adem\u00e1s de su kit de blanqueamiento, <strong>Plastimea <\/strong>ofrece una pluma de blanqueamiento dental.<\/p>\n\n\n\n<p>La empresa tiene oficinas en Par\u00eds y Bruselas.<\/p>\n\n\n\n<h2><span class=\"ez-toc-section\" id=\"%C2%BFComo_funciona_el_kit_de_blanqueo_Meawhite\"><\/span>\u00bfC\u00f3mo funciona el kit de blanqueo Meawhite?<span class=\"ez-toc-section-end\"><\/span><\/h2>\n\n\n\n<p>El kit de blanqueamiento dental Meawhite funciona seg\u00fan el mismo principio que un blanqueamiento en el dentista, pero la composici\u00f3n de su gel es diferente.<\/p>\n\n\n\n<p>El principio es el mismo: tiene una <strong>bandeja <\/strong>que cubre ambos maxilares, en la que se extiende una peque\u00f1a cantidad de gel. Se coloca esta pieza bucal en los dientes y se enciende la luz LED integrada (en el dentista es una luz independiente).<\/p>\n\n\n\n<p>El tiempo de aplicaci\u00f3n de <strong>Meawhite <\/strong>es de unos 20 minutos al d\u00eda durante 10 d\u00edas.<\/p>\n\n\n\n<h2><span class=\"ez-toc-section\" id=\"%C2%BFQue_contiene_el_gel_Meawhite\"><\/span>\u00bfQu\u00e9 contiene el gel Meawhite?<span class=\"ez-toc-section-end\"><\/span><\/h2>\n\n\n\n<p>El gel de Meawhite se diferencia del gel del dentista en que no contiene <strong>per\u00f3xido de hidr\u00f3geno<\/strong>. Este producto es muy eficaz para blanquear los dientes, pero la dosis debe ser extremadamente precisa.  <\/p>\n\n\n\n<p>Si no se dosifica lo suficiente, es ineficaz, si se dosifica demasiado, puede da\u00f1ar el <strong>esmalte <\/strong>dental e irritar las enc\u00edas. Los kits de blanqueo caseros que contienen per\u00f3xido de hidr\u00f3geno est\u00e1n limitados al 0,01%.<\/p>\n\n\n<div class=\"wp-block-image\">\n<figure class=\"alignright size-medium\"><img width=\"300\" height=\"200\" src=\"https:\/\/nutrident.fr\/wp-content\/uploads\/2020\/06\/rafael-rocha-PiifFy1oNqg-unsplash-300x200.jpg\" alt=\"blanqueamiento dental en casa\" class=\"wp-image-4927\" srcset=\"https:\/\/nutrident.fr\/wp-content\/uploads\/2020\/06\/rafael-rocha-PiifFy1oNqg-unsplash-300x200.jpg 300w, https:\/\/nutrident.fr\/wp-content\/uploads\/2020\/06\/rafael-rocha-PiifFy1oNqg-unsplash-1024x683.jpg 1024w, https:\/\/nutrident.fr\/wp-content\/uploads\/2020\/06\/rafael-rocha-PiifFy1oNqg-unsplash-768x512.jpg 768w, https:\/\/nutrident.fr\/wp-content\/uploads\/2020\/06\/rafael-rocha-PiifFy1oNqg-unsplash-1080x720.jpg 1080w, https:\/\/nutrident.fr\/wp-content\/uploads\/2020\/06\/rafael-rocha-PiifFy1oNqg-unsplash-980x653.jpg 980w, https:\/\/nutrident.fr\/wp-content\/uploads\/2020\/06\/rafael-rocha-PiifFy1oNqg-unsplash-480x320.jpg 480w, https:\/\/nutrident.fr\/wp-content\/uploads\/2020\/06\/rafael-rocha-PiifFy1oNqg-unsplash.jpg 1200w\" sizes=\"(max-width: 300px) 100vw, 300px\" \/><figcaption>Atr\u00e9vase a volver a sonre\u00edr con el kit de blanqueamiento Meawhite<\/figcaption><\/figure><\/div>\n\n\n<p>Meawhite ha decidido prescindir del per\u00f3xido de hidr\u00f3geno y ofrecer una composici\u00f3n diferente. Su gel est\u00e1 compuesto por agua purificada (46,8%), glicerol (25%), propilenglicol (25%), hamamelis (1%), as\u00ed como otros <strong>ingredientes naturales<\/strong>, garantizados sin per\u00f3xido de hidr\u00f3geno.<\/p>\n\n\n\n<p>La f\u00f3rmula del gel Meawhite cumple con las directivas europeas (93\/42\/CEE y 2007\/47\/CE).<\/p>\n\n\n\n<h2><span class=\"ez-toc-section\" id=\"El_kit_Meawhite_y_sus_instrucciones_de_uso\"><\/span>El kit Meawhite y sus instrucciones de uso<span class=\"ez-toc-section-end\"><\/span><\/h2>\n\n\n\n<p>El kit Meawhite est\u00e1 dise\u00f1ado para ser utilizado durante <strong>dos cursos de tratamiento de 10 d\u00edas<\/strong>, veinte minutos al d\u00eda. As\u00ed podr\u00e1 conservar su boquilla y comprar kits de recarga de gel.<\/p>\n\n\n\n<p>El kit se compone de :<\/p>\n\n\n\n<ul><li>2 jeringas de 10 ml cada una de gel blanqueador;<\/li><li>una boquilla doble, que permite actuar sobre las dos mand\u00edbulas simult\u00e1neamente;<\/li><li>una l\u00e1mpara LED integrada en la bandeja que acelera el proceso de blanqueo;<\/li><li>una carta de colores que le permite comprobar el color de sus dientes.<\/li><\/ul>\n\n\n\n<p>El uso del kit es muy sencillo. Cada d\u00eda debe reservar media hora para su <strong>tratamiento<\/strong>. Es importante que se haga un seguimiento si se quiere que sea eficaz.<\/p>\n\n\n\n<ol><li>L\u00e1vese bien los dientes.<\/li><li>Coloque la l\u00e1mpara en la cubeta y aplique 1 ml del gel blanqueador de la jeringa en la cubeta (en cada nivel, superior e inferior).<\/li><li>Coloque la boquilla en su boca y apriete la mand\u00edbula para distribuir el gel.<\/li><li>Encienda la l\u00e1mpara LED y d\u00e9jela encendida de 20 a 30 minutos.<\/li><li>Cuando se acabe el tiempo, apague la l\u00e1mpara LED y retire el canal\u00f3n.<\/li><li>L\u00edmpiese la boca con agua tibia y vuelva a cepillarse los dientes para eliminar los \u00faltimos restos de gel.<\/li><\/ol>\n\n\n\n<p>El tratamiento debe durar al menos <strong>diez d\u00edas<\/strong> para ver los efectos.<\/p>\n\n\n\n<p><strong>\n  <em>A continuaci\u00f3n, encontrar\u00e1 la prueba de este tratamiento de blanqueamiento en v\u00eddeo<\/em>\n<\/strong> :<\/p>\n\n\n\n<figure class=\"wp-block-embed is-type-video is-provider-youtube wp-block-embed-youtube wp-embed-aspect-4-3 wp-has-aspect-ratio\"><div class=\"wp-block-embed__wrapper\">\n<iframe title=\"Meawhite : pour une rentr\u00e9e avec le sourire... plus blanc que blanc !\" width=\"500\" height=\"375\" src=\"https:\/\/www.youtube.com\/embed\/M7PTO1v5yow?feature=oembed\" frameborder=\"0\" allow=\"accelerometer; autoplay; clipboard-write; encrypted-media; gyroscope; picture-in-picture\" allowfullscreen><\/iframe>\n<\/div><\/figure>\n\n\n\n<h2><span class=\"ez-toc-section\" id=\"Nuestra_opinion_sobre_el_kit_de_blanqueamiento_Meawhite\"><\/span>Nuestra opini\u00f3n sobre el kit de blanqueamiento Meawhite<span class=\"ez-toc-section-end\"><\/span><\/h2>\n\n\n\n<p>El kit de blanqueo Meawhite es muy sencillo de utilizar y muy pr\u00e1ctico. No contiene per\u00f3xido de hidr\u00f3geno ni ninguna otra <strong>sustancia perjudicial <\/strong>para el esmalte dental o las enc\u00edas.<\/p>\n\n\n\n<p>Tiene la ventaja de poder utilizarse en casa, sin limitaciones. Todo lo que necesita es media hora al d\u00eda. Como <strong>su luz LED est\u00e1 integrada en el canal\u00f3n<\/strong>, puede moverse libremente por su casa y ni siquiera le estorba un cable que le conecte a su smartphone, como ocurre con otros kits de este tipo.<\/p>\n\n\n\n<p>Puede repetir los tratamientos comprando s\u00f3lo un recambio de <strong>gel <\/strong>y conservando la boquilla y la l\u00e1mpara.<\/p>\n\n\n\n<p>En general, el tratamiento da <strong>resultados<\/strong>, pero no como promete Pastimea, es decir, que ganar\u00e1 5 tonos de color. S\u00ed que ver\u00e1 una <strong>mejora<\/strong>, pero la diferencia no puede ser tan grande, incluso con el tratamiento en el dentista.<\/p>\n\n\n\n<h2><span class=\"ez-toc-section\" id=\"Otros_kits_de_blanqueamiento_dental\"><\/span>Otros kits de blanqueamiento dental<span class=\"ez-toc-section-end\"><\/span><\/h2>\n\n\n\n<p>Meawhite tiene un gran inter\u00e9s en desarrollar un producto eficaz, porque en el floreciente campo del blanqueamiento dental la competencia es feroz. Entre las marcas m\u00e1s recomendadas, destacamos :<\/p>\n\n\n\n<ul><li><a href=\"https:\/\/nutrident.fr\/es\/blanqueamiento-smile-avenue\/\" data-type=\"URL\" data-id=\"https:\/\/nutrident.fr\/avis-kit-blanchiment-smile-avenue\/\">Kit de blanqueo en casa de Smile Avenue<\/a><\/li><li><a href=\"https:\/\/nutrident.fr\/es\/kit-de-blanqueamiento-whitecare\/\" data-type=\"URL\" data-id=\"https:\/\/nutrident.fr\/avis-kit-de-blanchiment-whitecare\/\">La caja de cuidados blancos<\/a><\/li><li><a href=\"https:\/\/nutrident.fr\/es\/kit-de-blanqueamiento-floradyle\/\" data-type=\"URL\" data-id=\"https:\/\/nutrident.fr\/kit-blancheur-floradyle-notre-avis\/\">Canal\u00f3n blanco Floradyle<\/a><\/li><\/ul>\n\n\n\n<p>Cada una de estas soluciones tiene sus ventajas e inconvenientes. Visite nuestras p\u00e1ginas dedicadas para comparar los principales m\u00e9todos de blanqueamiento dental existentes.<\/p>\n<div class=\"article-data before-content\"><div class=\"article-data__date\"><div class=\"article-data__date-modified\"><time class=\"published\" datetime=\"2022-10-27T17:04:11+00:00\">This article was originally published on&nbsp;<span class=\"2\">octubre 27, 2022<\/span>&nbsp;and was most recently updated on&nbsp;<span>octubre 27, 2022<\/span><\/time><br><\/div><\/div><\/div><div class=\"user-info\"><\/div>","protected":false},"excerpt":{"rendered":"<p>Updated:&nbsp;octubre 27, 2022 El n\u00famero de kits de blanqueamiento dental caseros aumenta constantemente y resulta dif\u00edcil orientarse. Para ayudarle a hacer su elecci\u00f3n, Nutrident.es pone a prueba estos diferentes procesos para usted y le revela los detalles de sus investigaciones. Hoy en el banco de pruebas: el kit de blanqueamiento Meawhite, dise\u00f1ado por la marca [&hellip;]<\/p>\n","protected":false},"author":14,"featured_media":9801,"parent":0,"menu_order":0,"comment_status":"closed","ping_status":"closed","template":"","meta":{"inline_featured_image":false},"acf":[],"_links":{"self":[{"href":"https:\/\/nutrident.fr\/es\/wp-json\/wp\/v2\/pages\/16745"}],"collection":[{"href":"https:\/\/nutrident.fr\/es\/wp-json\/wp\/v2\/pages"}],"about":[{"href":"https:\/\/nutrident.fr\/es\/wp-json\/wp\/v2\/types\/page"}],"author":[{"embeddable":true,"href":"https:\/\/nutrident.fr\/es\/wp-json\/wp\/v2\/users\/14"}],"replies":[{"embeddable":true,"href":"https:\/\/nutrident.fr\/es\/wp-json\/wp\/v2\/comments?post=16745"}],"version-history":[{"count":2,"href":"https:\/\/nutrident.fr\/es\/wp-json\/wp\/v2\/pages\/16745\/revisions"}],"predecessor-version":[{"id":16942,"href":"https:\/\/nutrident.fr\/es\/wp-json\/wp\/v2\/pages\/16745\/revisions\/16942"}],"wp:featuredmedia":[{"embeddable":true,"href":"https:\/\/nutrident.fr\/es\/wp-json\/wp\/v2\/media\/9801"}],"wp:attachment":[{"href":"https:\/\/nutrident.fr\/es\/wp-json\/wp\/v2\/media?parent=16745"}],"curies":[{"name":"wp","href":"https:\/\/api.w.org\/{rel}","templated":true}]}}