

{"id":16747,"date":"2022-10-27T17:04:35","date_gmt":"2022-10-27T17:04:35","guid":{"rendered":"https:\/\/nutrident.fr\/?page_id=16747"},"modified":"2023-06-15T23:21:52","modified_gmt":"2023-06-15T23:21:52","slug":"raspado-dental-casero","status":"publish","type":"page","link":"https:\/\/nutrident.fr\/es\/raspado-dental-casero\/","title":{"rendered":"Removedor de sarro casero: gu\u00eda y comparaci\u00f3n"},"content":{"rendered":"<div class=\"meta\"><div class=\"meta__users\">    <div class=\"meta__users__reviewed\">\r\n      <p class=\"meta__users__caption\">Contributor:&nbsp;<\/p>\r\n      <div class=\"users\">\r\n        <span class=\"users__user\">\r\n          <a href=\"#\">Dr Abel Jes\u00fas Pederzoli<\/a>\r\n        <\/span>\r\n      <\/div>\r\n    <\/div>\r\n\t<\/div><div class=\"meta__date-modified\">Updated:&nbsp;<span>junio 15, 2023<\/span><\/div><\/div><div class=\"wp-block-image\">\n<figure class=\"alignright size-large is-resized\"><img src=\"https:\/\/nutrident.fr\/wp-content\/uploads\/2023\/02\/escalador-dental-1024x682.jpg\" alt=\"limpiador de sarro casero\" class=\"wp-image-20252\" width=\"300\" height=\"200\" srcset=\"https:\/\/nutrident.fr\/wp-content\/uploads\/2023\/02\/escalador-dental-1024x682.jpg 1024w, https:\/\/nutrident.fr\/wp-content\/uploads\/2023\/02\/escalador-dental-300x200.jpg 300w, https:\/\/nutrident.fr\/wp-content\/uploads\/2023\/02\/escalador-dental-768x512.jpg 768w, https:\/\/nutrident.fr\/wp-content\/uploads\/2023\/02\/escalador-dental-1536x1024.jpg 1536w, https:\/\/nutrident.fr\/wp-content\/uploads\/2023\/02\/escalador-dental-254x169.jpg 254w, https:\/\/nutrident.fr\/wp-content\/uploads\/2023\/02\/escalador-dental.jpg 2000w\" sizes=\"(max-width: 300px) 100vw, 300px\" \/><\/figure><\/div>\n\n\n<p>La acumulaci\u00f3n de placa bacteriana y sarro en los dientes puede provocar caries, <a href=\"https:\/\/nutrident.fr\/es\/gingivitis\/\" target=\"_blank\" data-type=\"URL\" data-id=\"https:\/\/nutrident.fr\/es\/gingivitis\/\" rel=\"noreferrer noopener\">gingivitis<\/a> y otros problemas dentales. Los descalcificadores o escaladores dentales son productos dise\u00f1ados para eliminar la placa y el sarro, y un buen raspado dental casero puede ayudarte a mantener los dientes limpios y saludables.<\/p>\n\n\n\n<p>En este art\u00edculo, aprender\u00e1s m\u00e1s sobre el raspado dental casero. Adem\u00e1s, te contamos sobre los mejores removedores de c\u00e1lculo dental para ayudarte a cuidar tus dientes y mantener una sonrisa brillante y saludable. <\/p>\n\n\n\n<p>Nutrident est\u00e1 financiado por sus lectores. Cuando compras en nuestro sitio, a veces ganamos comisiones de afiliaci\u00f3n que no suponen ning\u00fan coste para ti. <a href=\"https:\/\/nutrident.fr\/es\/divulgacion-y-exencion-de-responsabilidad-de-amazon\/\" rel=\"noindex, nofollow\">Lee m\u00e1s.<\/a><\/p>\n\n\n\n<div id=\"ez-toc-container\" class=\"ez-toc-v2_0_33_2 counter-hierarchy ez-toc-counter ez-toc-white ez-toc-container-direction\">\n<div class=\"ez-toc-title-container\">\n<p class=\"ez-toc-title\">Contenus<\/p>\n<span class=\"ez-toc-title-toggle\"><a href=\"#\" class=\"ez-toc-pull-right ez-toc-btn ez-toc-btn-xs ez-toc-btn-default ez-toc-toggle\" style=\"display: none;\"><label for=\"item\" aria-label=\"Tabla de contenidos\"><i class=\"ez-toc-glyphicon ez-toc-icon-toggle\"><\/i><\/label><input type=\"checkbox\" id=\"item\"><\/a><\/span><\/div>\n<nav><ul class='ez-toc-list ez-toc-list-level-1'><li class='ez-toc-page-1 ez-toc-heading-level-2'><a class=\"ez-toc-link ez-toc-heading-1\" href=\"https:\/\/nutrident.fr\/es\/raspado-dental-casero\/#%C2%BFQue_es_el_raspado_dental_casero\" title=\"\u00bfQu\u00e9 es el raspado dental casero?\">\u00bfQu\u00e9 es el raspado dental casero?<\/a><\/li><li class='ez-toc-page-1 ez-toc-heading-level-2'><a class=\"ez-toc-link ez-toc-heading-2\" href=\"https:\/\/nutrident.fr\/es\/raspado-dental-casero\/#Metodos_que_no_debes_utilizar_para_eliminar_el_sarro\" title=\"M\u00e9todos que no debes utilizar para eliminar el sarro\">M\u00e9todos que no debes utilizar para eliminar el sarro<\/a><\/li><li class='ez-toc-page-1 ez-toc-heading-level-2'><a class=\"ez-toc-link ez-toc-heading-3\" href=\"https:\/\/nutrident.fr\/es\/raspado-dental-casero\/#%C2%BFCuales_son_los_mejores_descalcificadores_dentales_caseros\" title=\"\u00bfCu\u00e1les son los mejores descalcificadores dentales caseros?\">\u00bfCu\u00e1les son los mejores descalcificadores dentales caseros?<\/a><\/li><li class='ez-toc-page-1 ez-toc-heading-level-2'><a class=\"ez-toc-link ez-toc-heading-4\" href=\"https:\/\/nutrident.fr\/es\/raspado-dental-casero\/#2_-_Removedor_de_sarro_DDKJ\" title=\"2 &#8211; Removedor de sarro DDKJ\">2 &#8211; Removedor de sarro DDKJ<\/a><\/li><li class='ez-toc-page-1 ez-toc-heading-level-2'><a class=\"ez-toc-link ez-toc-heading-5\" href=\"https:\/\/nutrident.fr\/es\/raspado-dental-casero\/#3_-_Raspador_dentalPcakic\" title=\"3 &#8211; Raspador dentalPcakic\">3 &#8211; Raspador dentalPcakic<\/a><\/li><li class='ez-toc-page-1 ez-toc-heading-level-2'><a class=\"ez-toc-link ez-toc-heading-6\" href=\"https:\/\/nutrident.fr\/es\/raspado-dental-casero\/#Preguntas_frecuentes\" title=\"Preguntas frecuentes\">Preguntas frecuentes<\/a><\/li><\/ul><\/nav><\/div>\n<h2><span class=\"ez-toc-section\" id=\"%C2%BFQue_es_el_raspado_dental_casero\"><\/span>\u00bfQu\u00e9 es el raspado dental casero?<span class=\"ez-toc-section-end\"><\/span><\/h2>\n\n\n\n<p>La acumulaci\u00f3n de <a href=\"https:\/\/nutrident.fr\/es\/limpieza-dental\/\" target=\"_blank\" data-type=\"URL\" data-id=\"https:\/\/nutrident.fr\/es\/limpieza-dental\/\" rel=\"noreferrer noopener\">sarro<\/a> en los dientes es una amenaza para la salud bucal, ya que proporciona un <strong>ambiente ideal para el crecimiento de bacterias da\u00f1inas<\/strong>. Es crucial eliminar el sarro de manera regular mediante tratamientos de descalcificaci\u00f3n, como la <a href=\"https:\/\/nutrident.fr\/es\/tartrectomia\/\" target=\"_blank\" data-type=\"URL\" data-id=\"https:\/\/nutrident.fr\/es\/tartrectomia\/\" rel=\"noreferrer noopener\">tartrectom\u00eda<\/a>, realizados por un dentista capacitado. Pero tambi\u00e9n hay medidas que puedes tomar para prevenir su formaci\u00f3n entre un tratamiento profesional y otro.<\/p>\n\n\n\n<p>Actualmente existen en el mercado <strong>kits de raspado dental caseros<\/strong> que se basan en las herramientas del dentista profesional y que son seguros para los dientes. No obstante, debes saber que su efectividad no siempre est\u00e1 asegurada, especialmente las primeras veces, ya que no es un tratamiento profesional.<\/p>\n\n\n\n<h2><span class=\"ez-toc-section\" id=\"Metodos_que_no_debes_utilizar_para_eliminar_el_sarro\"><\/span>M\u00e9todos que no debes utilizar para eliminar el sarro<span class=\"ez-toc-section-end\"><\/span><\/h2>\n\n\n\n<p>No olvides que tus dientes son organismos vivos que debes cuidar atentamente. Nunca los cepilles con un cepillo demasiado duro, o peor a\u00fan, con un rascador de acero.<\/p>\n\n\n\n<p>Ten cuidado con los dent\u00edfricos que dicen combatir el sarro. Algunos son demasiado corrosivos y acabar\u00e1n <a href=\"https:\/\/nutrident.fr\/es\/esmalte-dental-tratamiento\/\">da\u00f1ando el esmalte<\/a>. El efecto en este caso es catastr\u00f3fico, ya que el esmalte desgastado deja la <strong>superficie del diente desprotegida<\/strong> y porosa y se convierte en un objetivo f\u00e1cil para las bacterias. Puedes utilizar un buen dent\u00edfrico antisarro, pero nunca en exceso.<\/p>\n\n\n\n<p>Lo mismo ocurre con el remedio casero contra el sarro m\u00e1s conocido: el <strong>bicarbonato de sodio<\/strong>. Basta con colocar una peque\u00f1a cantidad de este producto en tu cepillo de dientes para sacarle provecho a su capacidad abrasiva, pero hay que utilizarlo con menos frecuencia para no da\u00f1ar el esmalte. Nunca utilices el m\u00e9todo del bicarbonato de sodio m\u00e1s de una vez a la semana.<\/p>\n\n\n\n<h2><span class=\"ez-toc-section\" id=\"%C2%BFCuales_son_los_mejores_descalcificadores_dentales_caseros\"><\/span>\u00bfCu\u00e1les son los mejores descalcificadores dentales caseros?<span class=\"ez-toc-section-end\"><\/span><\/h2>\n\n\n\n<p><a href=\"https:\/\/nutrident.fr\/es\/\">Nutrident<\/a> ha seleccionado para ti los tres escaladores dentales (dental scaler) caseros m\u00e1s avanzados y eficaces. Recuerda que debes cepillar o rociar los dientes despu\u00e9s de cada sesi\u00f3n para eliminar las peque\u00f1as part\u00edculas de sarro que se hayan desprendido. <\/p>\n\n\n\n<h3>1 &#8211; Raspador dental casero HOKIN<\/h3>\n\n\n<div class=\"wp-block-image\">\n<figure class=\"aligncenter size-medium\"><img width=\"298\" height=\"300\" src=\"https:\/\/nutrident.fr\/wp-content\/uploads\/2022\/07\/kit-detartrage-hokin-298x300.jpg\" alt=\"Pulidora HOKIN\" class=\"wp-image-14077\" srcset=\"https:\/\/nutrident.fr\/wp-content\/uploads\/2022\/07\/kit-detartrage-hokin-298x300.jpg 298w, https:\/\/nutrident.fr\/wp-content\/uploads\/2022\/07\/kit-detartrage-hokin-150x150.jpg 150w, https:\/\/nutrident.fr\/wp-content\/uploads\/2022\/07\/kit-detartrage-hokin-189x190.jpg 189w, https:\/\/nutrident.fr\/wp-content\/uploads\/2022\/07\/kit-detartrage-hokin.jpg 679w\" sizes=\"(max-width: 298px) 100vw, 298px\" \/><\/figure><\/div>\n\n\n<p>Este raspador manual es <strong>muy barato<\/strong> y se vende en un kit que contiene cuatro herramientas, incluido un espejo dental, que se asemejan en todo a las utilizadas por los dentistas. Es f\u00e1cil de sujetar, no resbala y se adapta bien a los espacios interdentales.<\/p>\n\n\n\n<p>Es seguro utilizarlo en casa, ya que elimina el sarro reci\u00e9n formado. Sin embargo, no ser\u00e1 efectivo contra las grandes acumulaciones de sarro.<\/p>\n\n\n\n<h2><span class=\"ez-toc-section\" id=\"2_-_Removedor_de_sarro_DDKJ\"><\/span>2 &#8211; Removedor de sarro DDKJ<span class=\"ez-toc-section-end\"><\/span><\/h2>\n\n\n<div class=\"wp-block-image\">\n<figure class=\"aligncenter size-medium\"><img width=\"269\" height=\"300\" src=\"https:\/\/nutrident.fr\/wp-content\/uploads\/2022\/07\/kit-detartrage-ddkj-269x300.jpg\" alt=\"Kit de descalcificaci\u00f3n DDKJ\" class=\"wp-image-14080\" srcset=\"https:\/\/nutrident.fr\/wp-content\/uploads\/2022\/07\/kit-detartrage-ddkj-269x300.jpg 269w, https:\/\/nutrident.fr\/wp-content\/uploads\/2022\/07\/kit-detartrage-ddkj-170x190.jpg 170w, https:\/\/nutrident.fr\/wp-content\/uploads\/2022\/07\/kit-detartrage-ddkj.jpg 679w\" sizes=\"(max-width: 269px) 100vw, 269px\" \/><\/figure><\/div>\n\n\n<p>El dise\u00f1o del DDKJ, con un mango similar al de un cepillo de dientes el\u00e9ctrico y una punta de acero inoxidable lo hacen muy <strong>f\u00e1cil de manejar y efectivo<\/strong> para la eliminaci\u00f3n de sarro y placa bacteriana. La punta no es demasiado afilada, lo que evita cualquier riesgo de lesiones al usarlo.<\/p>\n\n\n\n<p>Este removedor de c\u00e1lculo dental es una herramienta el\u00e9ctrica que funciona con bater\u00eda, as\u00ed que no tiene molestos cables. Adem\u00e1s, es <strong>completamente impermeable<\/strong>: cuando hayas terminado tu sesi\u00f3n de limpieza, simplemente enju\u00e1galo bajo el agua. El mango es antideslizante para garantizar un buen agarre.<\/p>\n\n\n\n<p>Ha sido dise\u00f1ado seg\u00fan el mismo principio que el raspador del dentista, por lo que debes colocar la punta en el lugar que quieres limpiar y elegir entre sus <strong>cinco velocidades de vibraci\u00f3n<\/strong>. Esto provocar\u00e1 que el sarro se afloje r\u00e1pidamente.<\/p>\n\n\n\n<p>Puedes elegir entre cinco velocidades para ajustar las vibraciones en funci\u00f3n de la extensi\u00f3n del sarro acumulado y de su ubicaci\u00f3n en la boca. La <strong>punta curva<\/strong> te permite acceder a los lugares m\u00e1s dif\u00edciles de los dientes.<\/p>\n\n\n\n<div class=\"wp-container-1 wp-block-buttons\"><\/div>\n\n\n\n<h2><span class=\"ez-toc-section\" id=\"3_-_Raspador_dentalPcakic\"><\/span>3 &#8211; Raspador dentalPcakic<span class=\"ez-toc-section-end\"><\/span><\/h2>\n\n\n<div class=\"wp-block-image\">\n<figure class=\"aligncenter size-medium\"><img width=\"286\" height=\"300\" src=\"https:\/\/nutrident.fr\/wp-content\/uploads\/2022\/07\/kit-pcakic-286x300.jpg\" alt=\"Kit de escalado Pcakic\" class=\"wp-image-14083\" srcset=\"https:\/\/nutrident.fr\/wp-content\/uploads\/2022\/07\/kit-pcakic-286x300.jpg 286w, https:\/\/nutrident.fr\/wp-content\/uploads\/2022\/07\/kit-pcakic-181x190.jpg 181w, https:\/\/nutrident.fr\/wp-content\/uploads\/2022\/07\/kit-pcakic.jpg 679w\" sizes=\"(max-width: 286px) 100vw, 286px\" \/><\/figure><\/div>\n\n\n<p>Este eliminador de c\u00e1lculo dental funciona seg\u00fan el mismo principio que el anterior, pero con caracter\u00edsticas m\u00e1s sofisticadas y <strong>accesorios adicionales<\/strong> por un precio muy razonable.<\/p>\n\n\n\n<p>Cuenta con dos cabezales intercambiables: un cabezal de acero inoxidable para <strong>eliminar el sarro<\/strong> y un cabezal de silicona suave que act\u00faa como <strong>pulidor<\/strong>. Despu\u00e9s de usarlo, sentir\u00e1s los dientes muy suaves.<\/p>\n\n\n\n<p>El escarificador dental Pcakic ofrece tres velocidades de vibraci\u00f3n y est\u00e1 equipado con una luz LED y una <strong>peque\u00f1a c\u00e1mara para facilitar el trabajo<\/strong>. Tiene una excelente visibilidad, especialmente cuando trabajas en los dientes inferiores. Funciona con una bater\u00eda recargable por USB y es resistente al agua.<\/p>\n\n\n\n<div class=\"wp-container-2 wp-block-buttons\"><\/div>\n\n\n\n<h2><span class=\"ez-toc-section\" id=\"Preguntas_frecuentes\"><\/span>Preguntas frecuentes<span class=\"ez-toc-section-end\"><\/span><\/h2>\n\n\n<div id=\"rank-math-faq\" class=\"rank-math-block\">\n<div class=\"rank-math-list \">\n<div id=\"faq-question-1677338174175\" class=\"rank-math-list-item\">\n<h3 class=\"rank-math-question \">\u00bfCu\u00e1l es la causa del sarro en los dientes?<\/h3>\n<div class=\"rank-math-answer \">\n\n<p>La <a href=\"https:\/\/nutrident.fr\/es\/hipersalivacion\/\" target=\"_blank\" data-type=\"URL\" data-id=\"https:\/\/nutrident.fr\/es\/hipersalivacion\/\" rel=\"noreferrer noopener\">saliva<\/a> contiene naturalmente calcio que, junto a las bacterias y restos de comida que se acumulan en los dientes, forman el sarro o c\u00e1lculo dental. Cepillarse despu\u00e9s de cada comida es importante para reducir su formaci\u00f3n pero no lo elimina por completo, especialmente en \u00e1reas dif\u00edciles de alcanzar, como la zona interdental, debajo de las enc\u00edas y la cara interna de los dientes.<\/p>\n\n<\/div>\n<\/div>\n<div id=\"faq-question-1677338542180\" class=\"rank-math-list-item\">\n<h3 class=\"rank-math-question \">\u00bfPor qu\u00e9 se debe eliminar el sarro?<\/h3>\n<div class=\"rank-math-answer \">\n\n<p>El sarro puede acumularse debajo de las enc\u00edas y causar inflamaci\u00f3n. Es un elemento poroso y puede convertirse en un nido de bacterias y hongos, causando caries, aflojamiento de los dientes y <a href=\"https:\/\/nutrident.fr\/es\/periodontitis\/\" data-type=\"URL\" data-id=\"https:\/\/nutrident.fr\/es\/periodontitis\/\" target=\"_blank\" rel=\"noreferrer noopener\">periodontitis<\/a>. Tambi\u00e9n retiene los pigmentos de los alimentos, bebidas y cigarrillos, causando <a href=\"https:\/\/nutrident.fr\/es\/blanqueamiento-profesional\/manchas-cafe\/\" target=\"_blank\" data-type=\"URL\" rel=\"noreferrer noopener\">manchas<\/a> y mal aliento.<\/p>\n\n<\/div>\n<\/div>\n<div id=\"faq-question-1677338700709\" class=\"rank-math-list-item\">\n<h3 class=\"rank-math-question \">\u00bfC\u00f3mo evitar la formaci\u00f3n de sarro?<\/h3>\n<div class=\"rank-math-answer \">\n\n<p>Es importante mantener una higiene dental impecable para cuidar la salud bucodental. Es recomendable <a href=\"https:\/\/nutrident.fr\/es\/cepillarse-correctamente-los-dientes\/\" target=\"_blank\" data-type=\"URL\" data-id=\"https:\/\/nutrident.fr\/es\/cepillarse-correctamente-los-dientes\/\" rel=\"noreferrer noopener\">cepillarse los dientes<\/a> despu\u00e9s de cada comida y utilizar productos como el hilo dental, el irrigador dental o un cepillo interdental para eliminar la placa que se acumula entre los dientes.<\/p>\n\n<\/div>\n<\/div>\n<\/div>\n<\/div><div class=\"article-data before-content\"><div class=\"article-data__date\"><div class=\"article-data__date-modified\"><time class=\"published\" datetime=\"2022-10-27T17:04:35+00:00\">This article was originally published on&nbsp;<span class=\"2\">octubre 27, 2022<\/span>&nbsp;and was most recently updated on&nbsp;<span>junio 15, 2023<\/span><\/time><br><\/div><\/div><\/div><div class=\"user-info\">    <div class=\"user-info__body\">\r\n      <div class=\"user-info__caption\"><span>Contributors:<\/span><\/div>\r\n\t\t\t        <div class=\"user-info__wrap \">\r\n          <div class=\"user-info__data\">\r\n            <div class=\"user-info__data__info\">\r\n              <div class=\"photo\">\r\n\t\t\t\t\t\t\t\t<img width=\"66\" height=\"61\" src=\"https:\/\/nutrident.fr\/wp-content\/uploads\/2023\/06\/unnamed-66x61.jpg\" class=\"attachment-profileImageAuthor size-profileImageAuthor wp-post-image\" alt=\"Dr Abel Jes\u00fas Pederzoli\" loading=\"lazy\" srcset=\"https:\/\/nutrident.fr\/wp-content\/uploads\/2023\/06\/unnamed-66x61.jpg 66w, https:\/\/nutrident.fr\/wp-content\/uploads\/2023\/06\/unnamed-300x279.jpg 300w, https:\/\/nutrident.fr\/wp-content\/uploads\/2023\/06\/unnamed-1024x952.jpg 1024w, https:\/\/nutrident.fr\/wp-content\/uploads\/2023\/06\/unnamed-768x714.jpg 768w, https:\/\/nutrident.fr\/wp-content\/uploads\/2023\/06\/unnamed-204x190.jpg 204w, https:\/\/nutrident.fr\/wp-content\/uploads\/2023\/06\/unnamed-120x112.jpg 120w, https:\/\/nutrident.fr\/wp-content\/uploads\/2023\/06\/unnamed.jpg 1125w\" sizes=\"(max-width: 66px) 100vw, 66px\" \/>              <\/div>\r\n              <a href=\"https:\/\/nutrident.fr\/es\/author\/dr-abel-jesus-pederzoli\/\" class=\"name\">Dr Abel Jes\u00fas Pederzoli<\/a>\r\n            <\/div>\r\n            <div class=\"user-info__data__social\">\r\n\t\t\t\t\t\t\t\t\t\t\t\t\t\t\t\t\t\t\t\t\t          <a href=\"https:\/\/clinicaleixample.es\/\"\r\n             class=\"soc-item website\">website<\/a>\r\n\t\t\t\t          <a href=\"http:\/\/linkedin.com\/in\/abel-jes%C3%BAs-pederzoli\"\r\n             class=\"soc-item linkedin\">linkedin<\/a>\r\n\t\t\t\t            <\/div>\r\n          <\/div>\r\n          <div class=\"user-info__description\">\r\n\t\t\t\t\t\t\t\t\t\t\t\t\t<p>Con t\u00edtulos obtenidos en la Facultad de Odontolog\u00eda de la Universidad Nacional de La Plata y una participaci\u00f3n activa en congresos y jornadas, el Dr. Pederzoli se mantiene actualizado en las \u00faltimas t\u00e9cnicas y avances en odontolog\u00eda. Actualmente se encuentra desarrollando un proyecto de consultor\u00eda tecnol\u00f3gica aplicada a cl\u00ednicas dentales.<\/p>\n\t\t\t\t\t\t          <\/div>\r\n        <\/div>\r\n\t\t\t\t    <\/div>\r\n\t<\/div><!--copyscapeskip--><div class=\"medical_references\"><div class=\"medical_references__heading\"><span>Fuentes M\u00e9dicas<\/span><\/div><div class=\"medical_references__list\"><p><strong>WebMD:<\/strong> <a href=\"https:\/\/www.webmd.com\/oral-health\/guide\/tartar-dental-calculus-overview\" target=\"_blank\" rel=\"noopener\">What is Tartar? 6 Tips to Control Buildup<\/a>. Consultado el 25 de febrero de 2023.<\/p>\n<p>&nbsp;<\/p>\n<\/div><\/div><!--\/copyscapeskip-->","protected":false},"excerpt":{"rendered":"<p>Contributor:&nbsp; Dr Abel Jes\u00fas Pederzoli Updated:&nbsp;junio 15, 2023 La acumulaci\u00f3n de placa bacteriana y sarro en los dientes puede provocar caries, gingivitis y otros problemas dentales. Los descalcificadores o escaladores dentales son productos dise\u00f1ados para eliminar la placa y el sarro, y un buen raspado dental casero puede ayudarte a mantener los dientes limpios y [&hellip;]<\/p>\n","protected":false},"author":2,"featured_media":20249,"parent":0,"menu_order":0,"comment_status":"open","ping_status":"open","template":"","meta":{"inline_featured_image":false},"acf":[],"_links":{"self":[{"href":"https:\/\/nutrident.fr\/es\/wp-json\/wp\/v2\/pages\/16747"}],"collection":[{"href":"https:\/\/nutrident.fr\/es\/wp-json\/wp\/v2\/pages"}],"about":[{"href":"https:\/\/nutrident.fr\/es\/wp-json\/wp\/v2\/types\/page"}],"author":[{"embeddable":true,"href":"https:\/\/nutrident.fr\/es\/wp-json\/wp\/v2\/users\/2"}],"replies":[{"embeddable":true,"href":"https:\/\/nutrident.fr\/es\/wp-json\/wp\/v2\/comments?post=16747"}],"version-history":[{"count":12,"href":"https:\/\/nutrident.fr\/es\/wp-json\/wp\/v2\/pages\/16747\/revisions"}],"predecessor-version":[{"id":22096,"href":"https:\/\/nutrident.fr\/es\/wp-json\/wp\/v2\/pages\/16747\/revisions\/22096"}],"wp:featuredmedia":[{"embeddable":true,"href":"https:\/\/nutrident.fr\/es\/wp-json\/wp\/v2\/media\/20249"}],"wp:attachment":[{"href":"https:\/\/nutrident.fr\/es\/wp-json\/wp\/v2\/media?parent=16747"}],"curies":[{"name":"wp","href":"https:\/\/api.w.org\/{rel}","templated":true}]}}