

{"id":16749,"date":"2022-10-27T17:07:12","date_gmt":"2022-10-27T17:07:12","guid":{"rendered":"https:\/\/nutrident.fr\/?page_id=16749"},"modified":"2022-12-22T23:50:55","modified_gmt":"2022-12-22T23:50:55","slug":"de-colores","status":"publish","type":"page","link":"https:\/\/nutrident.fr\/es\/ortodoncia\/brackets\/de-colores\/","title":{"rendered":"Brackets de colores: c\u00f3mo elegir el mejor color para una sonrisa original"},"content":{"rendered":"<div class=\"meta\"><div class=\"meta__users\"><\/div><div class=\"meta__date-modified\">Updated:&nbsp;<span>diciembre 22, 2022<\/span><\/div><\/div><div class=\"wp-block-image\">\n<figure class=\"alignright size-medium\"><img width=\"300\" height=\"187\" src=\"https:\/\/nutrident.fr\/wp-content\/uploads\/2022\/05\/bagues-de-couleur-300x187.jpg\" alt=\"dispositivo de color\" class=\"wp-image-10796\" srcset=\"https:\/\/nutrident.fr\/wp-content\/uploads\/2022\/05\/bagues-de-couleur-300x187.jpg 300w, https:\/\/nutrident.fr\/wp-content\/uploads\/2022\/05\/bagues-de-couleur-768x478.jpg 768w, https:\/\/nutrident.fr\/wp-content\/uploads\/2022\/05\/bagues-de-couleur-254x158.jpg 254w, https:\/\/nutrident.fr\/wp-content\/uploads\/2022\/05\/bagues-de-couleur.jpg 800w\" sizes=\"(max-width: 300px) 100vw, 300px\" \/><figcaption>\u00a1Los brackets de colores iluminan la sonrisa!<\/figcaption><\/figure><\/div>\n\n\n<p>Los ni\u00f1os y adolescentes a menudo tienen que llevar aparatos de ortodoncia, pero los adultos tambi\u00e9n utilizan este tipo de tratamiento, aunque con menor frecuencia.<\/p>\n\n\n\n<p>Pero los brackets tradicionales de color plateado pueden ser muy aburridos para algunos ni\u00f1os y adultos por igual. En este caso puedes optar por usar brackets de colores.<\/p>\n\n\n\n<p>En <a href=\"https:\/\/nutrident.fr\/es\/\">Nutrident<\/a> te explicamos c\u00f3mo puedes <strong>iluminar tu sonrisa<\/strong> y darle un aspecto m\u00e1s jovial agregando color a tus aparatos de ortodoncia.<\/p>\n\n\n\n<div id=\"ez-toc-container\" class=\"ez-toc-v2_0_33_2 counter-hierarchy ez-toc-counter ez-toc-white ez-toc-container-direction\">\n<div class=\"ez-toc-title-container\">\n<p class=\"ez-toc-title\">Contenus<\/p>\n<span class=\"ez-toc-title-toggle\"><a href=\"#\" class=\"ez-toc-pull-right ez-toc-btn ez-toc-btn-xs ez-toc-btn-default ez-toc-toggle\" style=\"display: none;\"><label for=\"item\" aria-label=\"Tabla de contenidos\"><i class=\"ez-toc-glyphicon ez-toc-icon-toggle\"><\/i><\/label><input type=\"checkbox\" id=\"item\"><\/a><\/span><\/div>\n<nav><ul class='ez-toc-list ez-toc-list-level-1'><li class='ez-toc-page-1 ez-toc-heading-level-2'><a class=\"ez-toc-link ez-toc-heading-1\" href=\"https:\/\/nutrident.fr\/es\/ortodoncia\/brackets\/de-colores\/#%C2%BFQue_tipos_de_ortodoncia_existe\" title=\"\u00bfQu\u00e9 tipos de ortodoncia existe?\">\u00bfQu\u00e9 tipos de ortodoncia existe?<\/a><\/li><li class='ez-toc-page-1 ez-toc-heading-level-2'><a class=\"ez-toc-link ez-toc-heading-2\" href=\"https:\/\/nutrident.fr\/es\/ortodoncia\/brackets\/de-colores\/#%C2%BFQue_son_los_brackets_de_colores\" title=\"\u00bfQu\u00e9 son los brackets de colores?\">\u00bfQu\u00e9 son los brackets de colores?<\/a><\/li><li class='ez-toc-page-1 ez-toc-heading-level-2'><a class=\"ez-toc-link ez-toc-heading-3\" href=\"https:\/\/nutrident.fr\/es\/ortodoncia\/brackets\/de-colores\/#%C2%BFCuando_debes_cambiar_los_colores_de_tus_brackets\" title=\"\u00bfCu\u00e1ndo debes cambiar los colores de tus brackets?  \">\u00bfCu\u00e1ndo debes cambiar los colores de tus brackets?  <\/a><\/li><\/ul><\/nav><\/div>\n<h2><span class=\"ez-toc-section\" id=\"%C2%BFQue_tipos_de_ortodoncia_existe\"><\/span>\u00bfQu\u00e9 tipos de ortodoncia existe?<span class=\"ez-toc-section-end\"><\/span><\/h2>\n\n\n\n<p>El tratamiento de ortodoncia se lleva a cabo durante varios meses y a menudo durante varios a\u00f1os. Durante mucho tiempo, los brackets met\u00e1licos que te daban una sonrisa de hierro fueron la \u00fanica opci\u00f3n.<\/p>\n\n\n<div class=\"wp-block-image\">\n<figure class=\"alignright size-medium\"><img width=\"300\" height=\"200\" src=\"https:\/\/nutrident.fr\/wp-content\/uploads\/2020\/08\/Depositphotos_328196990_S-300x200.jpg\" alt=\"canal\u00f3n transparente\" class=\"wp-image-10303\" srcset=\"https:\/\/nutrident.fr\/wp-content\/uploads\/2020\/08\/Depositphotos_328196990_S-300x200.jpg 300w, https:\/\/nutrident.fr\/wp-content\/uploads\/2020\/08\/Depositphotos_328196990_S-768x511.jpg 768w, https:\/\/nutrident.fr\/wp-content\/uploads\/2020\/08\/Depositphotos_328196990_S-254x169.jpg 254w, https:\/\/nutrident.fr\/wp-content\/uploads\/2020\/08\/Depositphotos_328196990_S.jpg 999w\" sizes=\"(max-width: 300px) 100vw, 300px\" \/><figcaption>Los alineadores transparentes son una alternativa discreta a los brackets<\/figcaption><\/figure><\/div>\n\n\n<p>Estos aparatos todav\u00eda existen y siguen siendo el <strong>m\u00e9todo de ortodoncia principal <\/strong>y m\u00e1s com\u00fan. Sin embargo, hoy en d\u00eda, si te sientes inc\u00f3modo con esta apariencia, existen dos alternativas: la ortodoncia invisible o la ortodoncia de colores.<\/p>\n\n\n\n<p>En general, los ni\u00f1os est\u00e1n satisfechos con los aparatos met\u00e1licos, pero en la adolescencia, y a\u00fan m\u00e1s en la edad adulta, los pacientes prefieren otras soluciones.<\/p>\n\n\n\n<p>Los alineadores invisibles, <a href=\"https:\/\/nutrident.fr\/es\/drsmile-de-los-alineadores-dentales\/\" data-type=\"page\" data-id=\"10812\">como los de DrSmile<\/a>, son <strong>f\u00e9rulas completamente transparentes<\/strong>. Solo las personas que te vean de cerca se dar\u00e1n cuenta de que llevas algo en la boca.<\/p>\n\n\n\n<p>La otra opci\u00f3n es aceptar plenamente el hecho de llevar brackets y <strong>realzarlos con color<\/strong>.<\/p>\n\n\n\n<h2><span class=\"ez-toc-section\" id=\"%C2%BFQue_son_los_brackets_de_colores\"><\/span>\u00bfQu\u00e9 son los brackets de colores?<span class=\"ez-toc-section-end\"><\/span><\/h2>\n\n\n\n<p>En realidad, cuando se habla de brackets de colores, nos referimos a los<strong> el\u00e1sticos<\/strong> que se colocan sobre ellos. Los propios brackets, as\u00ed como el cable que los conecta, siguen siendo piezas met\u00e1licas. Sin embargo, las gomas el\u00e1sticas crean una ilusi\u00f3n \u00f3ptica perfecta y realmente dan la impresi\u00f3n de que llevas aparatos de colores.<\/p>\n\n\n\n<p>La otra ventaja de estos el\u00e1sticos de colores es que <strong>puedes cambiarlos cuando quieras<\/strong>. De todas maneras es un procedimiento que realiza un ortodoncista, pero es muy r\u00e1pido y sencillo.<\/p>\n\n\n<div class=\"wp-block-image\">\n<figure class=\"alignright size-full\"><img width=\"400\" height=\"300\" src=\"https:\/\/nutrident.fr\/wp-content\/uploads\/2022\/05\/appareil-dentaire-de-couleur.jpeg\" alt=\"tirantes de colores\" class=\"wp-image-10800\" srcset=\"https:\/\/nutrident.fr\/wp-content\/uploads\/2022\/05\/appareil-dentaire-de-couleur.jpeg 400w, https:\/\/nutrident.fr\/wp-content\/uploads\/2022\/05\/appareil-dentaire-de-couleur-300x225.jpeg 300w, https:\/\/nutrident.fr\/wp-content\/uploads\/2022\/05\/appareil-dentaire-de-couleur-254x190.jpeg 254w\" sizes=\"(max-width: 400px) 100vw, 400px\" \/><figcaption>Puedes dejar volar tu imaginaci\u00f3n con los el\u00e1sticos de colores <\/figcaption><\/figure><\/div>\n\n\n<p><strong>La gama de colores es extensa<\/strong>. Puedes elegir tu favorito buscando opciones por Internet y despu\u00e9s pedirle a tu ortodoncista que los encargue, ya que es poco probable que tenga todos los colores en stock.<\/p>\n\n\n\n<p>Puedes elegir tu color favorito, pero tambi\u00e9n puedes <strong>mezclar y combinar los colores<\/strong> para conseguir un aspecto a\u00fan m\u00e1s original.<\/p>\n\n\n\n<p>Si est\u00e1s acostumbrado a llevar ropa de ciertos tonos o joyas del mismo color una y otra vez, puedes elegir tus el\u00e1sticos del mismo color o de un color complementario.<\/p>\n\n\n\n<p>De esta manera, en lugar de considerarlos como dispositivos antiest\u00e9ticos, tus brackets se convertir\u00e1n en un verdadero <strong>accesorio de moda<\/strong>.<\/p>\n\n\n\n<p>Ten en cuenta que <strong>no debes utilizar el\u00e1sticos amarillos, grises o marrones<\/strong>, ya que dar\u00e1n la falsa impresi\u00f3n de que tus dientes est\u00e1n sucios. Si realmente quieres usar el\u00e1sticos amarillos, elije un tono llamativo que no deje dudas sobre su artificialidad.<\/p>\n\n\n\n<h2><span class=\"ez-toc-section\" id=\"%C2%BFCuando_debes_cambiar_los_colores_de_tus_brackets\"><\/span>\u00bfCu\u00e1ndo debes cambiar los colores de tus brackets?  <span class=\"ez-toc-section-end\"><\/span><\/h2>\n\n\n\n<p>En un tratamiento de ortodoncia se debe <strong>ir a consulta cada 6 u 8 semanas<\/strong> para que el ortodoncista compruebe el progreso del tratamiento y apriete los aparatos en funci\u00f3n del resultado. Aprovecha estas visitas para pedirle que te cambie las gomas el\u00e1sticas. Este procedimiento dura unos pocos minutos.<\/p>\n<div class=\"article-data before-content\"><div class=\"article-data__date\"><div class=\"article-data__date-modified\"><time class=\"published\" datetime=\"2022-10-27T17:07:12+00:00\">This article was originally published on&nbsp;<span class=\"2\">octubre 27, 2022<\/span>&nbsp;and was most recently updated on&nbsp;<span>diciembre 22, 2022<\/span><\/time><br><\/div><\/div><\/div><div class=\"user-info\"><\/div><!--copyscapeskip--><div class=\"medical_references\"><div class=\"medical_references__heading\"><span>Fuentes M\u00e9dicas<\/span><\/div><div class=\"medical_references__list\"><p><strong>Braces Colors: What\u2019s Available and How to Choose<\/strong>: <a href=\"https:\/\/www.healthline.com\/health\/braces-colors\" target=\"_blank\" rel=\"noopener\">https:\/\/www.healthline.com\/health\/braces-colors<\/a><\/p>\n<\/div><\/div><!--\/copyscapeskip-->","protected":false},"excerpt":{"rendered":"<p>Updated:&nbsp;diciembre 22, 2022 Los ni\u00f1os y adolescentes a menudo tienen que llevar aparatos de ortodoncia, pero los adultos tambi\u00e9n utilizan este tipo de tratamiento, aunque con menor frecuencia. Pero los brackets tradicionales de color plateado pueden ser muy aburridos para algunos ni\u00f1os y adultos por igual. En este caso puedes optar por usar brackets de [&hellip;]<\/p>\n","protected":false},"author":2,"featured_media":0,"parent":19130,"menu_order":0,"comment_status":"open","ping_status":"open","template":"","meta":{"inline_featured_image":false},"acf":[],"_links":{"self":[{"href":"https:\/\/nutrident.fr\/es\/wp-json\/wp\/v2\/pages\/16749"}],"collection":[{"href":"https:\/\/nutrident.fr\/es\/wp-json\/wp\/v2\/pages"}],"about":[{"href":"https:\/\/nutrident.fr\/es\/wp-json\/wp\/v2\/types\/page"}],"author":[{"embeddable":true,"href":"https:\/\/nutrident.fr\/es\/wp-json\/wp\/v2\/users\/2"}],"replies":[{"embeddable":true,"href":"https:\/\/nutrident.fr\/es\/wp-json\/wp\/v2\/comments?post=16749"}],"version-history":[{"count":13,"href":"https:\/\/nutrident.fr\/es\/wp-json\/wp\/v2\/pages\/16749\/revisions"}],"predecessor-version":[{"id":19570,"href":"https:\/\/nutrident.fr\/es\/wp-json\/wp\/v2\/pages\/16749\/revisions\/19570"}],"up":[{"embeddable":true,"href":"https:\/\/nutrident.fr\/es\/wp-json\/wp\/v2\/pages\/19130"}],"wp:attachment":[{"href":"https:\/\/nutrident.fr\/es\/wp-json\/wp\/v2\/media?parent=16749"}],"curies":[{"name":"wp","href":"https:\/\/api.w.org\/{rel}","templated":true}]}}