

{"id":16753,"date":"2022-10-27T16:14:11","date_gmt":"2022-10-27T16:14:11","guid":{"rendered":"https:\/\/nutrident.fr\/?page_id=16753"},"modified":"2023-06-13T11:13:15","modified_gmt":"2023-06-13T11:13:15","slug":"removible","status":"publish","type":"page","link":"https:\/\/nutrident.fr\/es\/ortodoncia\/removible\/","title":{"rendered":"\u00bfQu\u00e9 tipos de retenedores nocturnos existen y para qu\u00e9 se usan?"},"content":{"rendered":"<div class=\"meta\"><div class=\"meta__users\">    <div class=\"meta__users__reviewed\">\r\n      <p class=\"meta__users__caption\">Contributor:&nbsp;<\/p>\r\n      <div class=\"users\">\r\n        <span class=\"users__user\">\r\n          <a href=\"#\">Dr Abel Jes\u00fas Pederzoli<\/a>\r\n        <\/span>\r\n      <\/div>\r\n    <\/div>\r\n\t<\/div><div class=\"meta__date-modified\">Updated:&nbsp;<span>junio 13, 2023<\/span><\/div><\/div><div class=\"wp-block-image wp-image-7529\">\n<figure class=\"alignright\"><img width=\"300\" height=\"204\" src=\"https:\/\/nutrident.fr\/wp-content\/uploads\/2020\/01\/iStock-1066122690-300x204.jpg\" alt=\"frenos nocturnos\" class=\"wp-image-7529\" srcset=\"https:\/\/nutrident.fr\/wp-content\/uploads\/2020\/01\/iStock-1066122690-300x204.jpg 300w, https:\/\/nutrident.fr\/wp-content\/uploads\/2020\/01\/iStock-1066122690-1024x696.jpg 1024w, https:\/\/nutrident.fr\/wp-content\/uploads\/2020\/01\/iStock-1066122690-768x522.jpg 768w, https:\/\/nutrident.fr\/wp-content\/uploads\/2020\/01\/iStock-1066122690-1080x735.jpg 1080w, https:\/\/nutrident.fr\/wp-content\/uploads\/2020\/01\/iStock-1066122690-980x666.jpg 980w, https:\/\/nutrident.fr\/wp-content\/uploads\/2020\/01\/iStock-1066122690-480x326.jpg 480w, https:\/\/nutrident.fr\/wp-content\/uploads\/2020\/01\/iStock-1066122690.jpg 1241w\" sizes=\"(max-width: 300px) 100vw, 300px\" \/><figcaption>Los aparatos que se llevan por la noche suelen ser retenedores<\/figcaption><\/figure><\/div>\n\n\n<p>Muchos adultos con dientes mal alineados suelen rehusarse a usar ortodoncia porque no quieren llevar aparatos met\u00e1licos antiest\u00e9ticos durante meses o incluso a\u00f1os.<\/p>\n\n\n\n<p>Pero existen otras opciones m\u00e1s convenientes para aquellas personas que quieren cuidar su imagen. Una de ellas son los <strong>aparatos removibles o retenedores<\/strong>, que solo se utilizan de noche. Estos generalmente se usan despu\u00e9s de un tratamiento de ortodoncia, pero en algunos casos tambi\u00e9n se pueden usar para alinear los dientes.<\/p>\n\n\n\n<p>En este art\u00edculo te explicamos todo sobre el uso de retenedores como tratamiento de ortodoncia. Pero antes de seguir leyendo, \u00e9chale un vistazo a la <strong>ortodoncia invisible desarrollada por DrSmile<\/strong>. Este es un m\u00e9todo muy efectivo y totalmente transparente, as\u00ed que es muy discreto:<\/p>\n\n\n\n<div class=\"wp-container-1 is-content-justification-center wp-block-buttons\">\n<div class=\"wp-block-button\"><a class=\"wp-block-button__link has-white-color has-vivid-cyan-blue-background-color has-text-color has-background\" href=\"https:\/\/tidd.ly\/3NXzapN\" target=\"_blank\" rel=\"noopener\">Comprueba tu elegibilidad para el tratamiento DrSmile<\/a><\/div>\n<\/div>\n\n\n\n<div id=\"ez-toc-container\" class=\"ez-toc-v2_0_33_2 counter-hierarchy ez-toc-counter ez-toc-white ez-toc-container-direction\">\n<div class=\"ez-toc-title-container\">\n<p class=\"ez-toc-title\">Contenus<\/p>\n<span class=\"ez-toc-title-toggle\"><a href=\"#\" class=\"ez-toc-pull-right ez-toc-btn ez-toc-btn-xs ez-toc-btn-default ez-toc-toggle\" style=\"display: none;\"><label for=\"item\" aria-label=\"Tabla de contenidos\"><i class=\"ez-toc-glyphicon ez-toc-icon-toggle\"><\/i><\/label><input type=\"checkbox\" id=\"item\"><\/a><\/span><\/div>\n<nav><ul class='ez-toc-list ez-toc-list-level-1'><li class='ez-toc-page-1 ez-toc-heading-level-2'><a class=\"ez-toc-link ez-toc-heading-1\" href=\"https:\/\/nutrident.fr\/es\/ortodoncia\/removible\/#%C2%BFPor_que_es_importante_usar_ortodoncia\" title=\"\u00bfPor qu\u00e9 es importante usar ortodoncia?\">\u00bfPor qu\u00e9 es importante usar ortodoncia?<\/a><\/li><li class='ez-toc-page-1 ez-toc-heading-level-2'><a class=\"ez-toc-link ez-toc-heading-2\" href=\"https:\/\/nutrident.fr\/es\/ortodoncia\/removible\/#Aparatos_dentales\" title=\"Aparatos dentales\">Aparatos dentales<\/a><\/li><li class='ez-toc-page-1 ez-toc-heading-level-2'><a class=\"ez-toc-link ez-toc-heading-3\" href=\"https:\/\/nutrident.fr\/es\/ortodoncia\/removible\/#Ortodoncia_invisible\" title=\"Ortodoncia invisible\">Ortodoncia invisible<\/a><\/li><li class='ez-toc-page-1 ez-toc-heading-level-2'><a class=\"ez-toc-link ez-toc-heading-4\" href=\"https:\/\/nutrident.fr\/es\/ortodoncia\/removible\/#Dispositivos_de_retencion\" title=\"Dispositivos de retenci\u00f3n\">Dispositivos de retenci\u00f3n<\/a><\/li><li class='ez-toc-page-1 ez-toc-heading-level-2'><a class=\"ez-toc-link ez-toc-heading-5\" href=\"https:\/\/nutrident.fr\/es\/ortodoncia\/removible\/#%C2%BFCuales_son_las_reglas_a_seguir_para_un_tratamiento_exitoso_con_un_retenedor_nocturno\" title=\"\u00bfCu\u00e1les son las reglas a seguir para un tratamiento exitoso con un retenedor nocturno?\">\u00bfCu\u00e1les son las reglas a seguir para un tratamiento exitoso con un retenedor nocturno?<\/a><\/li><li class='ez-toc-page-1 ez-toc-heading-level-2'><a class=\"ez-toc-link ez-toc-heading-6\" href=\"https:\/\/nutrident.fr\/es\/ortodoncia\/removible\/#Otros_dispositivos_nocturnos\" title=\"Otros dispositivos nocturnos\">Otros dispositivos nocturnos<\/a><\/li><li class='ez-toc-page-1 ez-toc-heading-level-2'><a class=\"ez-toc-link ez-toc-heading-7\" href=\"https:\/\/nutrident.fr\/es\/ortodoncia\/removible\/#Preguntas_frecuentes\" title=\"Preguntas frecuentes\">Preguntas frecuentes<\/a><\/li><\/ul><\/nav><\/div>\n<h2><span class=\"ez-toc-section\" id=\"%C2%BFPor_que_es_importante_usar_ortodoncia\"><\/span>\u00bfPor qu\u00e9 es importante usar ortodoncia?<span class=\"ez-toc-section-end\"><\/span><\/h2>\n\n\n\n<p>La <a href=\"https:\/\/nutrident.fr\/es\/ortodoncia\/\" target=\"_blank\" rel=\"noreferrer noopener\">ortodoncia<\/a> se utiliza para corregir los <a href=\"https:\/\/nutrident.fr\/es\/apinamiento-dental\/\" target=\"_blank\" rel=\"noreferrer noopener\">dientes desalineados<\/a> y\/o torcidos. Tambi\u00e9n corrige los espacios entre los dientes, que pueden estar demasiado separados o demasiado juntos y acabar api\u00f1\u00e1ndose.<\/p>\n\n\n\n<p>Si no usaste ortodoncia de ni\u00f1o, a\u00fan est\u00e1s a tiempo de rectificar estos defectos que no solo son antiest\u00e9ticos, sino que tambi\u00e9n pueden afectar la mordida, causando <strong>problemas de masticaci\u00f3n, degluci\u00f3n e incluso del habla<\/strong>.<\/p>\n\n\n\n<p>Tambi\u00e9n es posible que hayas sufrido un accidente que haya provocado el desplazamiento de tus dientes. En este caso, la ortodoncia te puede devolver tu mejor sonrisa, incluso con un tratamiento nocturno.<\/p>\n\n\n\n<h2><span class=\"ez-toc-section\" id=\"Aparatos_dentales\"><\/span>Aparatos dentales<span class=\"ez-toc-section-end\"><\/span><\/h2>\n\n\n\n<p>El uso de los brackets tradicionales puede resolver tu problema de ortodoncia, pero tendr\u00e1s que llevar una sonrisa de acero durante uno o dos a\u00f1os, lo que a menudo provoca complejos y verg\u00fcenza en muchas personas. Tambi\u00e9n puedes utilizar <a href=\"https:\/\/nutrident.fr\/es\/ortodoncia\/brackets\/ceramica\/\" target=\"_blank\" rel=\"noreferrer noopener\">brackets de cer\u00e1mica<\/a>, que son un poco m\u00e1s discretos pero tambi\u00e9n m\u00e1s caros.<\/p>\n\n\n\n<p>Los brackets pueden llevarse en la cara interior de los dientes: a esto se le llama aparato lingual. Los <a href=\"https:\/\/nutrident.fr\/es\/ortodoncia\/brackets\/linguales\/\" target=\"_blank\" data-type=\"URL\" data-id=\"https:\/\/nutrident.fr\/es\/ortodoncia\/brackets\/linguales\/\" rel=\"noreferrer noopener\">brackets linguales<\/a> son <strong>totalmente discretos <\/strong>y nadie los notar\u00e1. Pero la desventaja es que no todas las personas son aptas para usar este tratamiento y adem\u00e1s cuesta de dos a cuatro veces m\u00e1s que los aparatos convencionales.<\/p>\n\n\n\n<h2><span class=\"ez-toc-section\" id=\"Ortodoncia_invisible\"><\/span>Ortodoncia invisible<span class=\"ez-toc-section-end\"><\/span><\/h2>\n\n\n<div class=\"wp-block-image\">\n<figure class=\"alignright size-medium\"><img width=\"300\" height=\"200\" src=\"https:\/\/nutrident.fr\/wp-content\/uploads\/2022\/05\/Depositphotos_474566794_S-300x200.jpg\" alt=\"aparato dental\" class=\"wp-image-10443\" srcset=\"https:\/\/nutrident.fr\/wp-content\/uploads\/2022\/05\/Depositphotos_474566794_S-300x200.jpg 300w, https:\/\/nutrident.fr\/wp-content\/uploads\/2022\/05\/Depositphotos_474566794_S-768x512.jpg 768w, https:\/\/nutrident.fr\/wp-content\/uploads\/2022\/05\/Depositphotos_474566794_S-254x169.jpg 254w, https:\/\/nutrident.fr\/wp-content\/uploads\/2022\/05\/Depositphotos_474566794_S.jpg 1000w\" sizes=\"(max-width: 300px) 100vw, 300px\" \/><figcaption>El bruxismo nocturno requiere que los pacientes lleven aparatos por la noche  <\/figcaption><\/figure><\/div>\n\n\n<p>Una de las opciones est\u00e9ticas m\u00e1s populares son los <strong>alineadores invisibles<\/strong> que vienen en forma de <a href=\"https:\/\/nutrident.fr\/es\/ferula-dental-precios-tratamientos-y-opiniones\/\">f\u00e9rulas transparentes extra\u00edble<\/a>s. Estos dispositivos ejercen presi\u00f3n sobre los dientes para moverlos a una mejor posici\u00f3n, pero suelen ser menos eficaces que los aparatos de ortodoncia, por lo que deben llevarse siempre (excepto para comer y cepillarse los dientes).<\/p>\n\n\n\n<div class=\"wp-container-2 wp-block-buttons\">\n<div class=\"wp-block-button aligncenter\"><a class=\"wp-block-button__link has-white-color has-vivid-cyan-blue-background-color has-text-color has-background\" href=\"https:\/\/tidd.ly\/3NXzapN\" target=\"_blank\" rel=\"noopener\">Haz clic aqu\u00ed para encontrar tu dentista DrSmile m\u00e1s cercano<\/a><\/div>\n<\/div>\n\n\n\n<h2><span class=\"ez-toc-section\" id=\"Dispositivos_de_retencion\"><\/span>Dispositivos de retenci\u00f3n<span class=\"ez-toc-section-end\"><\/span><\/h2>\n\n\n\n<p>Los retenedores removibles se utilizan normalmente al final del tratamiento de ortodoncia fija para <strong>estabilizar los dientes en su alineaci\u00f3n ideal<\/strong> y evitar que regresen a su posici\u00f3n anterior.<\/p>\n\n\n\n<p>Sin embargo, tambi\u00e9n pueden utilizarse <strong>como tratamiento de ortodoncia<\/strong> si el problema no es demasiado pronunciado. Si, por ejemplo, tus incisivos est\u00e1n un poco adelantados (quiz\u00e1s te chupaste el dedo de peque\u00f1o), no hace falta mucho esfuerzo para corregir la alineaci\u00f3n y un retenedor puede ser suficiente.<\/p>\n\n\n\n<p>El retenedor palatino solo se usa por la noche, pero tambi\u00e9n puedes llevarlo durante el d\u00eda, cuando est\u00e9s en casa, para que el efecto sea m\u00e1s duradero y poder acortar el tiempo de tratamiento.<\/p>\n\n\n\n<h3>F\u00e9rula de retenci\u00f3n<\/h3>\n\n\n\n<p>La f\u00e9rula de retenci\u00f3n es un aparato de silicona transparente que se fabrica a partir de un molde de tus dientes. Por tanto, se adapta perfectamente a la forma de tus maxilares. Se puede poner y quitar con un solo movimiento, lo que la hace muy pr\u00e1ctica.<\/p>\n\n\n\n<h3>Retenedor palatino<\/h3>\n\n\n\n<p>El retenedor palatino consiste en una serie de alambres met\u00e1licos que se fijan a un <strong>falso paladar de pl\u00e1stico<\/strong>. Tambi\u00e9n se hace a medida a partir de un molde de tu dentadura.<\/p>\n\n\n\n<p>Es tan f\u00e1cil de poner y quitar como una f\u00e9rula. Si lo llevas durante el d\u00eda, debes quit\u00e1rtelo cuando comas para evitar molestias.<\/p>\n\n\n\n<p>El aparato palatino es muy eficaz, pero puede tener dos efectos secundarios ligeramente desagradables. Por un lado, puede provocar un <strong>peque\u00f1o ceceo<\/strong>. Adem\u00e1s, puede producir algo de sensibilidad. Esto se debe a que la parte de pl\u00e1stico que se apoya en el paladar lo protege del contacto con la lengua. Cuando se retira, el paladar es m\u00e1s sensible y la lengua, al igual que la comida, provocan una sensaci\u00f3n de cosquilleo.<\/p>\n\n\n\n<h2><span class=\"ez-toc-section\" id=\"%C2%BFCuales_son_las_reglas_a_seguir_para_un_tratamiento_exitoso_con_un_retenedor_nocturno\"><\/span>\u00bfCu\u00e1les son las reglas a seguir para un tratamiento exitoso con un retenedor nocturno?<span class=\"ez-toc-section-end\"><\/span><\/h2>\n\n\n\n<p>Si decides llevar el retenedor solo por la noche, reducir\u00e1s su tiempo de acci\u00f3n a la mitad. Adem\u00e1s, lo realizado durante la noche no se estabilizar\u00e1 y volver\u00e1 parcialmente a su lugar durante el d\u00eda. Tambi\u00e9n hay que tener en cuenta que <strong>el retenedor es menos eficaz que los brackets<\/strong>, que tienen un poder de tracci\u00f3n mucho mayor. Todo esto significa que tu tratamiento durar\u00e1 m\u00e1s tiempo.<\/p>\n\n\n<div class=\"wp-block-image\">\n<figure class=\"alignright size-medium\"><img width=\"300\" height=\"200\" src=\"https:\/\/nutrident.fr\/wp-content\/uploads\/2022\/05\/Depositphotos_475040250_S-300x200.jpg\" alt=\"Frenos nocturnos\" class=\"wp-image-10446\" srcset=\"https:\/\/nutrident.fr\/wp-content\/uploads\/2022\/05\/Depositphotos_475040250_S-300x200.jpg 300w, https:\/\/nutrident.fr\/wp-content\/uploads\/2022\/05\/Depositphotos_475040250_S-768x512.jpg 768w, https:\/\/nutrident.fr\/wp-content\/uploads\/2022\/05\/Depositphotos_475040250_S-254x169.jpg 254w, https:\/\/nutrident.fr\/wp-content\/uploads\/2022\/05\/Depositphotos_475040250_S.jpg 1000w\" sizes=\"(max-width: 300px) 100vw, 300px\" \/><figcaption>Las visitas al ortodoncista son esenciales despu\u00e9s de llevar ortodoncia<\/figcaption><\/figure><\/div>\n\n\n<p>El tiempo de uso del retenedor nocturno suele ser de al menos un a\u00f1o y <strong>puede durar hasta dos o tres a\u00f1os<\/strong>. Debes visitar a tu ortodoncista cada tres meses para comprobar que la correcci\u00f3n progresa y para ajustar el aparato si es necesario.<\/p>\n\n\n\n<p>Debes limpiar bien el retenedor cuando te lo quites y cuando te lo vuelvas a poner.<\/p>\n\n\n\n<p>Una vez que hayas completado el tratamiento, deber\u00e1s continuar con las consultas de seguimiento para asegurarte de que tus dientes se han estabilizado.<\/p>\n\n\n\n<h2><span class=\"ez-toc-section\" id=\"Otros_dispositivos_nocturnos\"><\/span>Otros dispositivos nocturnos<span class=\"ez-toc-section-end\"><\/span><\/h2>\n\n\n\n<p>Hay otros dos aparatos que solo se pueden llevar por la noche, pero se reservan para problemas espec\u00edficos que no tienen que ver con la alineaci\u00f3n dental.<\/p>\n\n\n\n<h3>Casco de ortodoncia<\/h3>\n\n\n\n<p>El casco de ortodoncia se utiliza para tratar el <strong>posicionamiento de los maxilares<\/strong>, no de los dientes. Solo se utiliza por la noche, ya que su tama\u00f1o es considerable.<\/p>\n\n\n\n<p>Este tipo de aparato solo se utiliza para problemas de <a href=\"https:\/\/nutrident.fr\/es\/ortodoncia\/submordida\/\">prognatismo<\/a> o <a href=\"https:\/\/nutrident.fr\/es\/ortodoncia\/retrognatismo-mandibular\/\" data-type=\"URL\" data-id=\"https:\/\/nutrident.fr\/es\/ortodoncia\/retrognatismo-mandibular\/\" target=\"_blank\" rel=\"noreferrer noopener\">retrognatismo<\/a>, es decir, cuando los dos maxilares no cierran de manera correcta (maloclusi\u00f3n).<\/p>\n\n\n\n<h3>F\u00e9rula de descarga<\/h3>\n\n\n\n<p>Tambi\u00e9n conocida como f\u00e9rula oclusal o placa de relajaci\u00f3n, est\u00e1 reservada para las <strong>personas que sufren de bruxismo<\/strong>, es decir, que rechinan los dientes. Este comportamiento es insoportable para la pareja y provoca efectos negativos en los dientes (desgaste, grietas), as\u00ed como problemas musculares debido a la tensi\u00f3n recurrente.<\/p>\n\n\n\n<p>La placa oclusal es una f\u00e9rula r\u00edgida hecha a la medida que evita el desgaste de los dientes y previene el rechinamiento de los mismos.<\/p>\n\n\n\n<h2><span class=\"ez-toc-section\" id=\"Preguntas_frecuentes\"><\/span>Preguntas frecuentes<span class=\"ez-toc-section-end\"><\/span><\/h2>\n\n\n<div id=\"rank-math-faq\" class=\"rank-math-block\">\n<div class=\"rank-math-list \">\n<div id=\"faq-question-1657865902059\" class=\"rank-math-list-item\">\n<h3 class=\"rank-math-question \">\u00bfPor qu\u00e9 elegir un retenedor nocturno?<\/h3>\n<div class=\"rank-math-answer \">\n\n<p>El retenedor removible es un aparato dental muy c\u00f3modo, f\u00e1cil de usar e ideal para llevarlo por la noche.<\/p>\n\n<\/div>\n<\/div>\n<div id=\"faq-question-1657865908653\" class=\"rank-math-list-item\">\n<h3 class=\"rank-math-question \">\u00bfA qu\u00e9 edad se puede llevar ortodoncia?<\/h3>\n<div class=\"rank-math-answer \">\n\n<p>En algunas circunstancias, es posible llevar ortodoncia desde una edad temprana (alrededor de 4-5 a\u00f1os).<\/p>\n\n<\/div>\n<\/div>\n<div id=\"faq-question-1657865909486\" class=\"rank-math-list-item\">\n<h3 class=\"rank-math-question \">\u00bfQu\u00e9 causa el bruxismo?<\/h3>\n<div class=\"rank-math-answer \">\n\n<p>El bruxismo a menudo est\u00e1 asociado con el estr\u00e9s y la tensi\u00f3n muscular y se cree que se origina en las redes neuronales profundas.<\/p>\n\n<\/div>\n<\/div>\n<\/div>\n<\/div><div class=\"article-data before-content\"><div class=\"article-data__date\"><div class=\"article-data__date-modified\"><time class=\"published\" datetime=\"2022-10-27T16:14:11+00:00\">This article was originally published on&nbsp;<span class=\"2\">octubre 27, 2022<\/span>&nbsp;and was most recently updated on&nbsp;<span>junio 13, 2023<\/span><\/time><br><\/div><\/div><\/div><div class=\"user-info\">    <div class=\"user-info__body\">\r\n      <div class=\"user-info__caption\"><span>Contributors:<\/span><\/div>\r\n\t\t\t        <div class=\"user-info__wrap \">\r\n          <div class=\"user-info__data\">\r\n            <div class=\"user-info__data__info\">\r\n              <div class=\"photo\">\r\n\t\t\t\t\t\t\t\t<img width=\"66\" height=\"61\" src=\"https:\/\/nutrident.fr\/wp-content\/uploads\/2023\/06\/unnamed-66x61.jpg\" class=\"attachment-profileImageAuthor size-profileImageAuthor wp-post-image\" alt=\"Dr Abel Jes\u00fas Pederzoli\" loading=\"lazy\" srcset=\"https:\/\/nutrident.fr\/wp-content\/uploads\/2023\/06\/unnamed-66x61.jpg 66w, https:\/\/nutrident.fr\/wp-content\/uploads\/2023\/06\/unnamed-300x279.jpg 300w, https:\/\/nutrident.fr\/wp-content\/uploads\/2023\/06\/unnamed-1024x952.jpg 1024w, https:\/\/nutrident.fr\/wp-content\/uploads\/2023\/06\/unnamed-768x714.jpg 768w, https:\/\/nutrident.fr\/wp-content\/uploads\/2023\/06\/unnamed-204x190.jpg 204w, https:\/\/nutrident.fr\/wp-content\/uploads\/2023\/06\/unnamed-120x112.jpg 120w, https:\/\/nutrident.fr\/wp-content\/uploads\/2023\/06\/unnamed.jpg 1125w\" sizes=\"(max-width: 66px) 100vw, 66px\" \/>              <\/div>\r\n              <a href=\"https:\/\/nutrident.fr\/es\/author\/dr-abel-jesus-pederzoli\/\" class=\"name\">Dr Abel Jes\u00fas Pederzoli<\/a>\r\n            <\/div>\r\n            <div class=\"user-info__data__social\">\r\n\t\t\t\t\t\t\t\t\t\t\t\t\t\t\t\t\t\t\t\t\t          <a href=\"https:\/\/clinicaleixample.es\/\"\r\n             class=\"soc-item website\">website<\/a>\r\n\t\t\t\t          <a href=\"http:\/\/linkedin.com\/in\/abel-jes%C3%BAs-pederzoli\"\r\n             class=\"soc-item linkedin\">linkedin<\/a>\r\n\t\t\t\t            <\/div>\r\n          <\/div>\r\n          <div class=\"user-info__description\">\r\n\t\t\t\t\t\t\t\t\t\t\t\t\t<p>Con t\u00edtulos obtenidos en la Facultad de Odontolog\u00eda de la Universidad Nacional de La Plata y una participaci\u00f3n activa en congresos y jornadas, el Dr. Pederzoli se mantiene actualizado en las \u00faltimas t\u00e9cnicas y avances en odontolog\u00eda. Actualmente se encuentra desarrollando un proyecto de consultor\u00eda tecnol\u00f3gica aplicada a cl\u00ednicas dentales.<\/p>\n\t\t\t\t\t\t          <\/div>\r\n        <\/div>\r\n\t\t\t\t    <\/div>\r\n\t<\/div><!--copyscapeskip--><div class=\"medical_references\"><div class=\"medical_references__heading\"><span>Fuentes M\u00e9dicas<\/span><\/div><div class=\"medical_references__list\"><p><strong>International journal of odontostomatology<\/strong>: <a href=\"https:\/\/www.scielo.cl\/scielo.php?pid=S0718-381X2021000200460&script=sci_arttext&tlng=pt\" target=\"_blank\" rel=\"noopener\">Retenedores de Ortodoncia y su Efecto sobre la Salud Periodontal. Revisi\u00f3n de la Literatura<\/a><\/p>\n<\/div><\/div><!--\/copyscapeskip-->","protected":false},"excerpt":{"rendered":"<p>Contributor:&nbsp; Dr Abel Jes\u00fas Pederzoli Updated:&nbsp;junio 13, 2023 Muchos adultos con dientes mal alineados suelen rehusarse a usar ortodoncia porque no quieren llevar aparatos met\u00e1licos antiest\u00e9ticos durante meses o incluso a\u00f1os. Pero existen otras opciones m\u00e1s convenientes para aquellas personas que quieren cuidar su imagen. Una de ellas son los aparatos removibles o retenedores, que [&hellip;]<\/p>\n","protected":false},"author":2,"featured_media":0,"parent":16771,"menu_order":0,"comment_status":"open","ping_status":"open","template":"","meta":{"inline_featured_image":false},"acf":[],"_links":{"self":[{"href":"https:\/\/nutrident.fr\/es\/wp-json\/wp\/v2\/pages\/16753"}],"collection":[{"href":"https:\/\/nutrident.fr\/es\/wp-json\/wp\/v2\/pages"}],"about":[{"href":"https:\/\/nutrident.fr\/es\/wp-json\/wp\/v2\/types\/page"}],"author":[{"embeddable":true,"href":"https:\/\/nutrident.fr\/es\/wp-json\/wp\/v2\/users\/2"}],"replies":[{"embeddable":true,"href":"https:\/\/nutrident.fr\/es\/wp-json\/wp\/v2\/comments?post=16753"}],"version-history":[{"count":21,"href":"https:\/\/nutrident.fr\/es\/wp-json\/wp\/v2\/pages\/16753\/revisions"}],"predecessor-version":[{"id":22084,"href":"https:\/\/nutrident.fr\/es\/wp-json\/wp\/v2\/pages\/16753\/revisions\/22084"}],"up":[{"embeddable":true,"href":"https:\/\/nutrident.fr\/es\/wp-json\/wp\/v2\/pages\/16771"}],"wp:attachment":[{"href":"https:\/\/nutrident.fr\/es\/wp-json\/wp\/v2\/media?parent=16753"}],"curies":[{"name":"wp","href":"https:\/\/api.w.org\/{rel}","templated":true}]}}