

{"id":16755,"date":"2022-10-27T17:14:28","date_gmt":"2022-10-27T17:14:28","guid":{"rendered":"https:\/\/nutrident.fr\/?page_id=16755"},"modified":"2023-06-13T10:33:12","modified_gmt":"2023-06-13T10:33:12","slug":"alternativas","status":"publish","type":"page","link":"https:\/\/nutrident.fr\/es\/ortodoncia\/invisalign\/alternativas\/","title":{"rendered":"Ortodoncia invisible: alternativas a Invisalign"},"content":{"rendered":"<div class=\"meta\"><div class=\"meta__users\">    <div class=\"meta__users__reviewed\">\r\n      <p class=\"meta__users__caption\">Contributor:&nbsp;<\/p>\r\n      <div class=\"users\">\r\n        <span class=\"users__user\">\r\n          <a href=\"#\">Dr Abel Jes\u00fas Pederzoli<\/a>\r\n        <\/span>\r\n      <\/div>\r\n    <\/div>\r\n\t<\/div><div class=\"meta__date-modified\">Updated:&nbsp;<span>junio 13, 2023<\/span><\/div><\/div><div class=\"wp-block-image\">\n<figure class=\"alignright size-medium\"><img width=\"300\" height=\"200\" src=\"https:\/\/nutrident.fr\/wp-content\/uploads\/2020\/08\/Depositphotos_505105252_S-300x200.jpg\" alt=\"alternativa invisalign\" class=\"wp-image-10306\" srcset=\"https:\/\/nutrident.fr\/wp-content\/uploads\/2020\/08\/Depositphotos_505105252_S-300x200.jpg 300w, https:\/\/nutrident.fr\/wp-content\/uploads\/2020\/08\/Depositphotos_505105252_S-768x513.jpg 768w, https:\/\/nutrident.fr\/wp-content\/uploads\/2020\/08\/Depositphotos_505105252_S-254x170.jpg 254w, https:\/\/nutrident.fr\/wp-content\/uploads\/2020\/08\/Depositphotos_505105252_S.jpg 1000w\" sizes=\"(max-width: 300px) 100vw, 300px\" \/><figcaption>Invisalign no tiene el monopolio: existen otras marcas de ortodoncia invisible<\/figcaption><\/figure><\/div>\n\n\n<p>Aunque los brackets de ortodoncia siguen siendo un tratamiento muy eficaz para<strong> <\/strong>corregir problemas de alineaci\u00f3n dental, actualmente existen <strong>alternativas mucho m\u00e1s discretas<\/strong> para enderezar los dientes sin tener que usar los antiest\u00e9ticos aparatos met\u00e1licos.<\/p>\n\n\n\n<p>El precursor de este m\u00e9todo, Invisalign, es un tratamiento que implica el uso de alineadores transparentes. No obstante, existen otras marcas que ofrecen <strong>soluciones de ortodoncia invisible muy similares, pero mucho m\u00e1s baratas<\/strong>.<\/p>\n\n\n\n<p>En este art\u00edculo, <a href=\"https:\/\/nutrident.fr\/es\/\">Nutrident<\/a> te cuenta todo sobre las mejores alternativas a Invisalign disponibles en el mercado. Nuestro equipo recomienda especialmente la t\u00e9cnica de DrSmile, una marca alemana similar a Invisalign pero m\u00e1s asequible:<\/p>\n\n\n\n<div class=\"wp-container-1 is-content-justification-center wp-block-buttons\">\n<div class=\"wp-block-button\"><a class=\"wp-block-button__link has-white-color has-vivid-cyan-blue-background-color has-text-color has-background\" href=\"https:\/\/tidd.ly\/3NXzapN\" target=\"_blank\" rel=\"noopener\">Haz clic aqu\u00ed para encontrar a tu dentista DrSmile m\u00e1s cercano<\/a><\/div>\n<\/div>\n\n\n<div class=\"wp-block-image\">\n<figure class=\"alignright size-medium\"><img width=\"300\" height=\"200\" src=\"https:\/\/nutrident.fr\/wp-content\/uploads\/2020\/01\/iStock-1226447065-300x200.jpg\" alt=\"Alternativas a Invisalign\" class=\"wp-image-7535\" srcset=\"https:\/\/nutrident.fr\/wp-content\/uploads\/2020\/01\/iStock-1226447065-300x200.jpg 300w, https:\/\/nutrident.fr\/wp-content\/uploads\/2020\/01\/iStock-1226447065-1024x683.jpg 1024w, https:\/\/nutrident.fr\/wp-content\/uploads\/2020\/01\/iStock-1226447065-768x512.jpg 768w, https:\/\/nutrident.fr\/wp-content\/uploads\/2020\/01\/iStock-1226447065-1080x720.jpg 1080w, https:\/\/nutrident.fr\/wp-content\/uploads\/2020\/01\/iStock-1226447065-980x653.jpg 980w, https:\/\/nutrident.fr\/wp-content\/uploads\/2020\/01\/iStock-1226447065-480x320.jpg 480w, https:\/\/nutrident.fr\/wp-content\/uploads\/2020\/01\/iStock-1226447065.jpg 1254w\" sizes=\"(max-width: 300px) 100vw, 300px\" \/><figcaption>Las alternativas a Invisalign han podido desarrollarse gracias a los avances tecnol\u00f3gicos<\/figcaption><\/figure><\/div>\n\n\n<div id=\"ez-toc-container\" class=\"ez-toc-v2_0_33_2 counter-hierarchy ez-toc-counter ez-toc-white ez-toc-container-direction\">\n<div class=\"ez-toc-title-container\">\n<p class=\"ez-toc-title\">Contenus<\/p>\n<span class=\"ez-toc-title-toggle\"><a href=\"#\" class=\"ez-toc-pull-right ez-toc-btn ez-toc-btn-xs ez-toc-btn-default ez-toc-toggle\" style=\"display: none;\"><label for=\"item\" aria-label=\"Tabla de contenidos\"><i class=\"ez-toc-glyphicon ez-toc-icon-toggle\"><\/i><\/label><input type=\"checkbox\" id=\"item\"><\/a><\/span><\/div>\n<nav><ul class='ez-toc-list ez-toc-list-level-1'><li class='ez-toc-page-1 ez-toc-heading-level-2'><a class=\"ez-toc-link ez-toc-heading-1\" href=\"https:\/\/nutrident.fr\/es\/ortodoncia\/invisalign\/alternativas\/#Alternativas_a_Invisalign_con_seguimiento_a_distancia\" title=\"Alternativas a Invisalign con seguimiento a distancia\">Alternativas a Invisalign con seguimiento a distancia<\/a><\/li><li class='ez-toc-page-1 ez-toc-heading-level-2'><a class=\"ez-toc-link ez-toc-heading-2\" href=\"https:\/\/nutrident.fr\/es\/ortodoncia\/invisalign\/alternativas\/#Alternativas_a_Invisalign_con_seguimiento_en_la_consulta\" title=\"Alternativas a Invisalign con seguimiento en la consulta\">Alternativas a Invisalign con seguimiento en la consulta<\/a><\/li><li class='ez-toc-page-1 ez-toc-heading-level-2'><a class=\"ez-toc-link ez-toc-heading-3\" href=\"https:\/\/nutrident.fr\/es\/ortodoncia\/invisalign\/alternativas\/#%C2%BFComo_es_el_procedimiento_de_Invisalign\" title=\"\u00bfC\u00f3mo es el procedimiento de Invisalign?\">\u00bfC\u00f3mo es el procedimiento de Invisalign?<\/a><\/li><\/ul><\/nav><\/div>\n<h2><span class=\"ez-toc-section\" id=\"Alternativas_a_Invisalign_con_seguimiento_a_distancia\"><\/span>Alternativas a Invisalign con seguimiento a distancia<span class=\"ez-toc-section-end\"><\/span><\/h2>\n\n\n\n<p>Estos fabricantes utilizan el mismo principio de la <a href=\"https:\/\/nutrident.fr\/es\/ortodoncia\/dr-smile-vs-invisalign\/\" target=\"_blank\" data-type=\"URL\" rel=\"noreferrer noopener\">ortodoncia transparente<\/a>, pero <strong>sin necesidad de visitar al dentista cada seis semanas<\/strong> para una revisi\u00f3n. De esta manera se reducen los costes pues se ahorran todas las consultas y el seguimiento con el ortodoncista.<\/p>\n\n\n\n<p>Las consultas se realizan a distancia, generalmente a trav\u00e9s de una aplicaci\u00f3n m\u00f3vil. Tu tratamiento estar\u00e1 acompa\u00f1ado por un profesional de la odontolog\u00eda, pero desde la comodidad de tu casa.<\/p>\n\n\n\n<h3>DrSmile<\/h3>\n\n\n\n<p>La marca alemana DrSmile cuenta con <strong>m\u00e1s de 100 cl\u00ednicas <\/strong>en Espa\u00f1a. Al igual que Invisalign, su concepto se basa en alineadores dentales transparentes hechos a la medida. El objetivo del tratamiento es realinear los dientes movi\u00e9ndolos bajo la presi\u00f3n de los alineadores.<\/p>\n\n\n\n<p>Antes de iniciar el tratamiento DrSmile, es necesaria una <strong>primera cita <\/strong>para realizar <strong>un escaneo en 3D <\/strong>de tus dientes y obtener una visi\u00f3n general de la boca antes y despu\u00e9s del tratamiento.<\/p>\n\n\n\n<p>Unas semanas despu\u00e9s, recibir\u00e1s en tu domicilio un <strong>plan de tratamiento personalizado<\/strong>, junto con toda la informaci\u00f3n sobre el precio y la duraci\u00f3n del mismo. Si est\u00e1s de acuerdo y decides comenzar el tratamiento, recibir\u00e1s los alineadores invisibles hechos a medida en tu casa.<\/p>\n\n\n\n<div class=\"wp-container-2 is-content-justification-center wp-block-buttons\">\n<div class=\"wp-block-button\"><a class=\"wp-block-button__link has-white-color has-vivid-cyan-blue-background-color has-text-color has-background\" href=\"https:\/\/tidd.ly\/3NXzapN\" target=\"_blank\" rel=\"noopener\">Comprueba tu elegibilidad para el tratamiento DrSmile<\/a><\/div>\n<\/div>\n\n\n\n<h3>ClearCorrect<\/h3>\n\n\n\n<p>Una marca de ortodoncia que, al igual que DrSmile, tambi\u00e9n pertenece al grupo Straumann. Funcionan tal como Invisalign, es decir, tendr\u00e1s que acudir al ortodoncista, quien realizar\u00e1 los estudios pertinentes y mandar\u00e1 a fabricar los alineadores a medida que se cambian cada pocas semanas.<\/p>\n\n\n\n<p>El seguimiento de ClearCorrect es mixta. Esto quiere decir que el profesional de la salud dental har\u00e1 el seguimiento del tratamiento a distancia, pero a\u00fan as\u00ed tendr\u00e1s que <strong>asistir a consulta de vez en cuando <\/strong>para una revisi\u00f3n en persona.<\/p>\n\n\n\n<h3>Impress<\/h3>\n\n\n\n<p>Impress es una <strong>marca espa\u00f1ola<\/strong> de alineadores invisibles cuyo seguimiento es completamente digital, aunque al principio tendr\u00e1s que asistir a una de sus cl\u00ednicas para que te hagan todos los estudios necesarios. Cuentan con varios modos de financiaci\u00f3n y su precio es un poco m\u00e1s bajo que Invisalign.<\/p>\n\n\n\n<h3>Franksmile<\/h3>\n\n\n\n<p>La marca Franksmile no tiene cl\u00ednica en Espa\u00f1a, pero puedes contactarlos por tel\u00e9fono. No tendr\u00e1s que acudir a consulta en ning\u00fan momento, sino que Franksmile te enviar\u00e1 un <strong>kit para realizar las impresiones de tus dientes<\/strong>. Si consideran que tu caso no es tratable, te reembolsar\u00e1n el kit.<\/p>\n\n\n<div class=\"wp-block-image\">\n<figure class=\"alignright size-medium\"><img width=\"300\" height=\"154\" src=\"https:\/\/nutrident.fr\/wp-content\/uploads\/2020\/05\/person-holding-clear-aligner-3845985-300x154.jpg\" alt=\"alternativa invisalign\" class=\"wp-image-4443\" srcset=\"https:\/\/nutrident.fr\/wp-content\/uploads\/2020\/05\/person-holding-clear-aligner-3845985-300x154.jpg 300w, https:\/\/nutrident.fr\/wp-content\/uploads\/2020\/05\/person-holding-clear-aligner-3845985-1024x526.jpg 1024w, https:\/\/nutrident.fr\/wp-content\/uploads\/2020\/05\/person-holding-clear-aligner-3845985-768x394.jpg 768w, https:\/\/nutrident.fr\/wp-content\/uploads\/2020\/05\/person-holding-clear-aligner-3845985-1080x554.jpg 1080w, https:\/\/nutrident.fr\/wp-content\/uploads\/2020\/05\/person-holding-clear-aligner-3845985-980x503.jpg 980w, https:\/\/nutrident.fr\/wp-content\/uploads\/2020\/05\/person-holding-clear-aligner-3845985-480x246.jpg 480w, https:\/\/nutrident.fr\/wp-content\/uploads\/2020\/05\/person-holding-clear-aligner-3845985.jpg 1200w\" sizes=\"(max-width: 300px) 100vw, 300px\" \/><figcaption>Muchas marcas han desarrollado m\u00e9todos de ortodoncia invisible a distancia<\/figcaption><\/figure><\/div>\n\n\n<p>Franksmile tambi\u00e9n env\u00eda una simulaci\u00f3n digital del antes y el despu\u00e9s que te da una idea precisa del resultado que puedes esperar.<\/p>\n\n\n\n<h3>Straight Teeth Invisible<\/h3>\n\n\n\n<p>Straight Teeth Invisible es una empresa francesa, aunque su nombre no lo indique. El principio es similar al de Franksmile: tendr\u00e1s que enviar fotos de tu dentadura a al ortodoncista de la marca y despu\u00e9s te enviar\u00e1n un kit de impresi\u00f3n en casa. <strong>Recibir\u00e1s los alineadores en casa<\/strong> y el precio total del tratamiento se encuentra alrededor de los 1500 euros.<\/p>\n\n\n\n<h3>\u00bfQui\u00e9n puede beneficiarse de la ortodoncia invisible a distancia?<\/h3>\n\n\n\n<p>La diferencia notable entre Invisalign y la mayor\u00eda de sus competidores son las opciones de tratamiento. Mientras que Invisalign puede tratar problemas bastante complejos, otras marcas generalmente solo <strong>corrigen condiciones menores<\/strong>, como por ejemplo:<\/p>\n\n\n\n<ul><li>ligero api\u00f1amiento de los incisivos<\/li><li>diastema o espacios entre los dientes<\/li><li>maloclusiones menores<\/li><li>Retomar tratamientos de ortodoncia que no fueron debidamente estabilizados con retenci\u00f3n<\/li><\/ul>\n\n\n\n<h3>\u00bfC\u00f3mo acceder a estos tratamientos de ortodoncia invisible?<\/h3>\n\n\n\n<p>Todas las marcas mencionadas funcionan de forma muy parecida. Una vez que hayas elegido un proveedor, reg\u00edstrate en su p\u00e1gina web. Describe tu problema y env\u00eda algunas fotos de ejemplo. <\/p>\n\n\n\n<p>Con algunas marcas, como DrSmile, tendr\u00e1s que <strong>acudir a una primera (y posiblemente \u00fanica) consulta<\/strong> con el ortodoncista para tomar im\u00e1genes digitales de tus dientes que se usar\u00e1n para planificar el tratamiento y fabricar los alineadores.<\/p>\n\n\n\n<p>En el caso de los m\u00e9todos que son 100% a distancia, recibir\u00e1s en casa un kit que te permitir\u00e1 realizar<strong> <\/strong>tus <strong>impresiones dentales<\/strong>. Estas impresiones son estudiadas por un ortodoncista, quien confirmar\u00e1 que el tratamiento es adecuado para ti y que se puede iniciar la fabricaci\u00f3n de los alineadores.<\/p>\n\n\n\n<p>Si tu caso es tratable con este m\u00e9todo, a continuaci\u00f3n recibir\u00e1s los alineadores dentales junto con un <strong>calendario que te indicar\u00e1 cu\u00e1ndo debes cambiar de alineadores<\/strong>.<\/p>\n\n\n\n<p>Al momento de cambiar los alineadores, debes <strong>tomar fotos de tus dientes y enviarlas al ortodoncista<\/strong>, quien evaluar\u00e1 el progreso de tu dentadura para asegurarse de que el tratamiento est\u00e1 funcionando eficazmente. Si lo considera \u00fatil, el dentista puede modificar el programa para acortar o prolongar el uso de los alineadores.<\/p>\n\n\n\n<p>Una vez completado el tratamiento, llevar\u00e1s los alineadores durante unos meses m\u00e1s (pero solo por la noche) para estabilizar el enderezamiento de tus dientes.<\/p>\n\n\n\n<h2><span class=\"ez-toc-section\" id=\"Alternativas_a_Invisalign_con_seguimiento_en_la_consulta\"><\/span>Alternativas a Invisalign con seguimiento en la consulta<span class=\"ez-toc-section-end\"><\/span><\/h2>\n\n\n\n<p>Este tipo de ortodoncia invisible funciona de manera muy similar a Invisalign, ya que el seguimiento del tratamiento se realiza <strong>en la consulta con un profesional<\/strong>. En Espa\u00f1a, estas son algunas de las m\u00e1s utilizadas:<\/p>\n\n\n\n<h3>Alineadent<\/h3>\n\n\n\n<p>Alineadent es una marca espa\u00f1ola desarrollada por el laboratorio de ortodoncia Grupo Ortoplus, y es un <strong>m\u00e9todo muy utilizado por ortodoncistas<\/strong> de toda Espa\u00f1a. El procedimiento es b\u00e1sicamente igual al de Invisalign: tendr\u00e1s que acudir a una cl\u00ednica certificada para que realicen un estudio digital de tu dentadura y el dentista posteriormente te entregar\u00e1 los alineadores hechos a medida. El seguimiento lo realiza un dentista certificado por Alineadent.<\/p>\n\n\n\n<h3>Spark<\/h3>\n\n\n\n<p>Este es otro m\u00e9todo muy similar a Invisalign y que utiliza la misma t\u00e9cnica del gigante de la ortodoncia invisible. El estudio de cada caso se realiza con un programa inform\u00e1tico y los alineadores se mandan a fabrican en Estados Unidos. <strong>Cada 4-6 semanas deber\u00e1s asistir a la consulta<\/strong> del dentista para una revisi\u00f3n de rutina.<\/p>\n\n\n\n<h2><span class=\"ez-toc-section\" id=\"%C2%BFComo_es_el_procedimiento_de_Invisalign\"><\/span>\u00bfC\u00f3mo es el procedimiento de Invisalign?<span class=\"ez-toc-section-end\"><\/span><\/h2>\n\n\n\n<p><a href=\"https:\/\/nutrident.fr\/es\/ortodoncia\/invisalign\/\" target=\"_blank\" rel=\"noreferrer noopener\">Invisalign<\/a> se cre\u00f3 a finales de los a\u00f1os noventa y su innovaci\u00f3n <strong>revolucion\u00f3 el mundo de la ortodoncia<\/strong>. Esta marca ofrece alineadores transparentes moldeados seg\u00fan las im\u00e1genes digitales 3D que se toman de tu boca. <\/p>\n\n\n\n<p>Estos alineadores se llevan de d\u00eda y de noche y <strong>son muy dif\u00edciles de notar<\/strong>, a diferencia de los brackets. Solo debes quit\u00e1rtelos para comer y para cepillarte los dientes. Una vez completado el tratamiento, utilizar\u00e1s un juego de retenedores que llevar\u00e1s solo por la noche para estabilizar permanentemente los dientes en sus nuevas posiciones.<\/p>\n\n\n\n<p>La desventaja de este m\u00e9todo tan discreto es que <strong>es bastante caro<\/strong> y no lo cubre la seguridad social. Dependiendo de la magnitud el problema, puede costar entre 2.000 y 6.000 euros.<\/p>\n<div class=\"article-data before-content\"><div class=\"article-data__date\"><div class=\"article-data__date-modified\"><time class=\"published\" datetime=\"2022-10-27T17:14:28+00:00\">This article was originally published on&nbsp;<span class=\"2\">octubre 27, 2022<\/span>&nbsp;and was most recently updated on&nbsp;<span>junio 13, 2023<\/span><\/time><br><\/div><\/div><\/div><div class=\"user-info\">    <div class=\"user-info__body\">\r\n      <div class=\"user-info__caption\"><span>Contributors:<\/span><\/div>\r\n\t\t\t        <div class=\"user-info__wrap \">\r\n          <div class=\"user-info__data\">\r\n            <div class=\"user-info__data__info\">\r\n              <div class=\"photo\">\r\n\t\t\t\t\t\t\t\t<img width=\"66\" height=\"61\" src=\"https:\/\/nutrident.fr\/wp-content\/uploads\/2023\/06\/unnamed-66x61.jpg\" class=\"attachment-profileImageAuthor size-profileImageAuthor wp-post-image\" alt=\"Dr Abel Jes\u00fas Pederzoli\" loading=\"lazy\" srcset=\"https:\/\/nutrident.fr\/wp-content\/uploads\/2023\/06\/unnamed-66x61.jpg 66w, https:\/\/nutrident.fr\/wp-content\/uploads\/2023\/06\/unnamed-300x279.jpg 300w, https:\/\/nutrident.fr\/wp-content\/uploads\/2023\/06\/unnamed-1024x952.jpg 1024w, https:\/\/nutrident.fr\/wp-content\/uploads\/2023\/06\/unnamed-768x714.jpg 768w, https:\/\/nutrident.fr\/wp-content\/uploads\/2023\/06\/unnamed-204x190.jpg 204w, https:\/\/nutrident.fr\/wp-content\/uploads\/2023\/06\/unnamed-120x112.jpg 120w, https:\/\/nutrident.fr\/wp-content\/uploads\/2023\/06\/unnamed.jpg 1125w\" sizes=\"(max-width: 66px) 100vw, 66px\" \/>              <\/div>\r\n              <a href=\"https:\/\/nutrident.fr\/es\/author\/dr-abel-jesus-pederzoli\/\" class=\"name\">Dr Abel Jes\u00fas Pederzoli<\/a>\r\n            <\/div>\r\n            <div class=\"user-info__data__social\">\r\n\t\t\t\t\t\t\t\t\t\t\t\t\t\t\t\t\t\t\t\t\t          <a href=\"https:\/\/clinicaleixample.es\/\"\r\n             class=\"soc-item website\">website<\/a>\r\n\t\t\t\t          <a href=\"http:\/\/linkedin.com\/in\/abel-jes%C3%BAs-pederzoli\"\r\n             class=\"soc-item linkedin\">linkedin<\/a>\r\n\t\t\t\t            <\/div>\r\n          <\/div>\r\n          <div class=\"user-info__description\">\r\n\t\t\t\t\t\t\t\t\t\t\t\t\t<p>Con t\u00edtulos obtenidos en la Facultad de Odontolog\u00eda de la Universidad Nacional de La Plata y una participaci\u00f3n activa en congresos y jornadas, el Dr. Pederzoli se mantiene actualizado en las \u00faltimas t\u00e9cnicas y avances en odontolog\u00eda. Actualmente se encuentra desarrollando un proyecto de consultor\u00eda tecnol\u00f3gica aplicada a cl\u00ednicas dentales.<\/p>\n\t\t\t\t\t\t          <\/div>\r\n        <\/div>\r\n\t\t\t\t    <\/div>\r\n\t<\/div><!--copyscapeskip--><div class=\"medical_references\"><div class=\"medical_references__heading\"><span>Fuentes M\u00e9dicas<\/span><\/div><div class=\"medical_references__list\"><p><strong>Alineadores invisibles: Invisalign &#8211; Revisi\u00f3n bibliogr\u00e1fica<\/strong>: <a href=\"https:\/\/www.ortodoncia.ws\/publicaciones\/2018\/art-13\/\" target=\"_blank\" rel=\"noopener\">https:\/\/www.ortodoncia.ws\/publicaciones\/2018\/art-13\/<\/a><\/p>\n<p><strong>Tratamiento ortod\u00f3ntico invisible mediante Invisalign: revisi\u00f3n de literatura basada en evidencia<\/strong>: <a href=\"https:\/\/www.researchgate.net\/publication\/335484356_TRATAMIENTO_ORTODONTICO_INVISIBLE_MEDIANTE_INVISALIGN_REVISION_DE_LITERATURA_BASADA_EN_EVIDENCIA\" target=\"_blank\" rel=\"noopener\">https:\/\/www.researchgate.net\/publication\/335484356<\/a><\/p>\n<p><strong>Llega a Espa\u00f1a una copia de la startup de alineadores dentales baratos que odian los dentistas<\/strong>: <a href=\"https:\/\/www.eldiario.es\/economia\/startup-alineadores-dentistas-espana-irregular_1_1282592.html\" target=\"_blank\" rel=\"noopener\">https:\/\/www.eldiario.es\/economia\/startup-alineadores-dentistas-espana-irregular_1_1282592.html<\/a><\/p>\n<p>&nbsp;<\/p>\n<\/div><\/div><!--\/copyscapeskip-->","protected":false},"excerpt":{"rendered":"<p>Contributor:&nbsp; Dr Abel Jes\u00fas Pederzoli Updated:&nbsp;junio 13, 2023 Aunque los brackets de ortodoncia siguen siendo un tratamiento muy eficaz para corregir problemas de alineaci\u00f3n dental, actualmente existen alternativas mucho m\u00e1s discretas para enderezar los dientes sin tener que usar los antiest\u00e9ticos aparatos met\u00e1licos. El precursor de este m\u00e9todo, Invisalign, es un tratamiento que implica el [&hellip;]<\/p>\n","protected":false},"author":14,"featured_media":10308,"parent":17047,"menu_order":0,"comment_status":"closed","ping_status":"closed","template":"","meta":{"inline_featured_image":false},"acf":[],"_links":{"self":[{"href":"https:\/\/nutrident.fr\/es\/wp-json\/wp\/v2\/pages\/16755"}],"collection":[{"href":"https:\/\/nutrident.fr\/es\/wp-json\/wp\/v2\/pages"}],"about":[{"href":"https:\/\/nutrident.fr\/es\/wp-json\/wp\/v2\/types\/page"}],"author":[{"embeddable":true,"href":"https:\/\/nutrident.fr\/es\/wp-json\/wp\/v2\/users\/14"}],"replies":[{"embeddable":true,"href":"https:\/\/nutrident.fr\/es\/wp-json\/wp\/v2\/comments?post=16755"}],"version-history":[{"count":14,"href":"https:\/\/nutrident.fr\/es\/wp-json\/wp\/v2\/pages\/16755\/revisions"}],"predecessor-version":[{"id":21922,"href":"https:\/\/nutrident.fr\/es\/wp-json\/wp\/v2\/pages\/16755\/revisions\/21922"}],"up":[{"embeddable":true,"href":"https:\/\/nutrident.fr\/es\/wp-json\/wp\/v2\/pages\/17047"}],"wp:featuredmedia":[{"embeddable":true,"href":"https:\/\/nutrident.fr\/es\/wp-json\/wp\/v2\/media\/10308"}],"wp:attachment":[{"href":"https:\/\/nutrident.fr\/es\/wp-json\/wp\/v2\/media?parent=16755"}],"curies":[{"name":"wp","href":"https:\/\/api.w.org\/{rel}","templated":true}]}}