

{"id":16757,"date":"2022-10-27T17:22:36","date_gmt":"2022-10-27T17:22:36","guid":{"rendered":"https:\/\/nutrident.fr\/?page_id=16757"},"modified":"2023-06-13T10:25:26","modified_gmt":"2023-06-13T10:25:26","slug":"ferula-dental-precios-tratamientos-y-opiniones","status":"publish","type":"page","link":"https:\/\/nutrident.fr\/es\/ferula-dental-precios-tratamientos-y-opiniones\/","title":{"rendered":"F\u00e9rula dental: precios, ventajas y opiniones"},"content":{"rendered":"<div class=\"meta\"><div class=\"meta__users\">    <div class=\"meta__users__reviewed\">\r\n      <p class=\"meta__users__caption\">Contributor:&nbsp;<\/p>\r\n      <div class=\"users\">\r\n        <span class=\"users__user\">\r\n          <a href=\"#\">Dr Abel Jes\u00fas Pederzoli<\/a>\r\n        <\/span>\r\n      <\/div>\r\n    <\/div>\r\n\t<\/div><div class=\"meta__date-modified\">Updated:&nbsp;<span>junio 13, 2023<\/span><\/div><\/div><div class=\"wp-block-image\">\n<figure class=\"alignright size-medium\"><img width=\"200\" height=\"300\" src=\"https:\/\/nutrident.fr\/wp-content\/uploads\/2022\/06\/gouttie\u0300res-dentaires-200x300.jpg\" alt=\"f\u00e9rula dental\" class=\"wp-image-10935\" srcset=\"https:\/\/nutrident.fr\/wp-content\/uploads\/2022\/06\/gouttie\u0300res-dentaires-200x300.jpg 200w, https:\/\/nutrident.fr\/wp-content\/uploads\/2022\/06\/gouttie\u0300res-dentaires-682x1024.jpg 682w, https:\/\/nutrident.fr\/wp-content\/uploads\/2022\/06\/gouttie\u0300res-dentaires-768x1152.jpg 768w, https:\/\/nutrident.fr\/wp-content\/uploads\/2022\/06\/gouttie\u0300res-dentaires-1024x1536.jpg 1024w, https:\/\/nutrident.fr\/wp-content\/uploads\/2022\/06\/gouttie\u0300res-dentaires-127x190.jpg 127w, https:\/\/nutrident.fr\/wp-content\/uploads\/2022\/06\/gouttie\u0300res-dentaires.jpg 1333w\" sizes=\"(max-width: 200px) 100vw, 200px\" \/><figcaption>La ortodoncia invisible permite alinear los dientes de forma discreta<\/figcaption><\/figure><\/div>\n\n\n<p>La f\u00e9rula dental es una t\u00e9cnica de ortodoncia innovadora que ofrece una alternativa discreta y eficaz a los brackets met\u00e1licos tradicionales. Es por ello que se han vuelto tan populares en los \u00faltimos a\u00f1os, sobre todo entre adultos con problemas de alineaci\u00f3n o maloclusiones dentales.<\/p>\n\n\n\n<p>Tener los dientes perfectamente alineados no es solo una cuesti\u00f3n est\u00e9tica, sino que facilita una higiene bucal correcta, algo que es dif\u00edcil de lograr cuando tienes dientes superpuestos o api\u00f1ados.<\/p>\n\n\n\n<p>Si quieres iniciar un tratamiento con alineadores, no dudes en pedir cita para un estudio personalizado:<\/p>\n\n\n\n<div class=\"wp-container-1 is-content-justification-center wp-block-buttons\">\n<div class=\"wp-block-button\"><a class=\"wp-block-button__link has-white-color has-vivid-cyan-blue-background-color has-text-color has-background\" href=\"https:\/\/tidd.ly\/3Dy4VRx\" target=\"_blank\" rel=\"noopener\">Encuentra tu dentista Dr. Smile m\u00e1s cercano<\/a><\/div>\n<\/div>\n\n\n\n<div id=\"ez-toc-container\" class=\"ez-toc-v2_0_33_2 counter-hierarchy ez-toc-counter ez-toc-white ez-toc-container-direction\">\n<div class=\"ez-toc-title-container\">\n<p class=\"ez-toc-title\">Contenus<\/p>\n<span class=\"ez-toc-title-toggle\"><a href=\"#\" class=\"ez-toc-pull-right ez-toc-btn ez-toc-btn-xs ez-toc-btn-default ez-toc-toggle\" style=\"display: none;\"><label for=\"item\" aria-label=\"Tabla de contenidos\"><i class=\"ez-toc-glyphicon ez-toc-icon-toggle\"><\/i><\/label><input type=\"checkbox\" id=\"item\"><\/a><\/span><\/div>\n<nav><ul class='ez-toc-list ez-toc-list-level-1'><li class='ez-toc-page-1 ez-toc-heading-level-2'><a class=\"ez-toc-link ez-toc-heading-1\" href=\"https:\/\/nutrident.fr\/es\/ferula-dental-precios-tratamientos-y-opiniones\/#%C2%BFQue_son_las_ferulas_dentales\" title=\"\u00bfQu\u00e9 son las f\u00e9rulas dentales?\">\u00bfQu\u00e9 son las f\u00e9rulas dentales?<\/a><\/li><li class='ez-toc-page-1 ez-toc-heading-level-2'><a class=\"ez-toc-link ez-toc-heading-2\" href=\"https:\/\/nutrident.fr\/es\/ferula-dental-precios-tratamientos-y-opiniones\/#El_diseno_y_las_ventajas_de_la_ferula_dental\" title=\"El dise\u00f1o y las ventajas de la f\u00e9rula dental\">El dise\u00f1o y las ventajas de la f\u00e9rula dental<\/a><\/li><li class='ez-toc-page-1 ez-toc-heading-level-2'><a class=\"ez-toc-link ez-toc-heading-3\" href=\"https:\/\/nutrident.fr\/es\/ferula-dental-precios-tratamientos-y-opiniones\/#Higiene_bucal_con_alineadores_de_ortodoncia\" title=\"Higiene bucal con alineadores de ortodoncia\">Higiene bucal con alineadores de ortodoncia<\/a><\/li><li class='ez-toc-page-1 ez-toc-heading-level-2'><a class=\"ez-toc-link ez-toc-heading-4\" href=\"https:\/\/nutrident.fr\/es\/ferula-dental-precios-tratamientos-y-opiniones\/#%C2%BFQuien_puede_usar_alineadores_de_ortodoncia\" title=\"\u00bfQui\u00e9n puede usar alineadores de ortodoncia?\">\u00bfQui\u00e9n puede usar alineadores de ortodoncia?<\/a><\/li><li class='ez-toc-page-1 ez-toc-heading-level-2'><a class=\"ez-toc-link ez-toc-heading-5\" href=\"https:\/\/nutrident.fr\/es\/ferula-dental-precios-tratamientos-y-opiniones\/#%C2%BFCuanto_dura_el_tratamiento_de_ortodoncia_con_alineadores\" title=\"\u00bfCu\u00e1nto dura el tratamiento de ortodoncia con alineadores?\">\u00bfCu\u00e1nto dura el tratamiento de ortodoncia con alineadores?<\/a><\/li><li class='ez-toc-page-1 ez-toc-heading-level-2'><a class=\"ez-toc-link ez-toc-heading-6\" href=\"https:\/\/nutrident.fr\/es\/ferula-dental-precios-tratamientos-y-opiniones\/#Ferula_dental_%C2%BFcomo_funciona\" title=\"F\u00e9rula dental: \u00bfc\u00f3mo funciona?\">F\u00e9rula dental: \u00bfc\u00f3mo funciona?<\/a><\/li><li class='ez-toc-page-1 ez-toc-heading-level-2'><a class=\"ez-toc-link ez-toc-heading-7\" href=\"https:\/\/nutrident.fr\/es\/ferula-dental-precios-tratamientos-y-opiniones\/#%C2%BFCuanto_cuestan_las_ferulas_de_ortodoncia\" title=\"\u00bfCu\u00e1nto cuestan las f\u00e9rulas de ortodoncia?\">\u00bfCu\u00e1nto cuestan las f\u00e9rulas de ortodoncia?<\/a><\/li><\/ul><\/nav><\/div>\n<h2><span class=\"ez-toc-section\" id=\"%C2%BFQue_son_las_ferulas_dentales\"><\/span>\u00bfQu\u00e9 son las f\u00e9rulas dentales?<span class=\"ez-toc-section-end\"><\/span><\/h2>\n\n\n\n<p>Las f\u00e9rulas dentales son dispositivos extra\u00edbles que pueden tener tres funciones:<\/p>\n\n\n\n<ol><li>Ortodoncia: para enderezar dientes <a href=\"https:\/\/nutrident.fr\/es\/apinamiento-dental\/\" target=\"_blank\" data-type=\"URL\" rel=\"noreferrer noopener\">desalineados y superpuestos<\/a> y los defectos de mordida<\/li><li>Est\u00e9tica: para <a href=\"https:\/\/nutrident.fr\/es\/?page_id=16616\">blanquear los dientes<\/a><\/li><li>Nocturnos: antirronquidos y antibruxismo para un sue\u00f1o m\u00e1s tranquilo y una mejor salud dental y general<\/li><\/ol>\n\n\n\n<p>En este art\u00edculo nos centraremos en la f\u00e9rula dental de ortodoncia.<\/p>\n\n\n\n<h2><span class=\"ez-toc-section\" id=\"El_diseno_y_las_ventajas_de_la_ferula_dental\"><\/span>El dise\u00f1o y las ventajas de la f\u00e9rula dental<span class=\"ez-toc-section-end\"><\/span><\/h2>\n\n\n\n<p>Una f\u00e9rula dental es un <a href=\"https:\/\/nutrident.fr\/es\/ortodoncia\/\" target=\"_blank\" data-type=\"URL\" rel=\"noreferrer noopener\">aparato de ortodoncia<\/a> extra\u00edble que se parece a un protector bucal, pero que no tiene m\u00e1s de un mil\u00edmetro de grosor.<\/p>\n\n\n\n<p>Est\u00e1 hecha de un <strong>material transparente<\/strong> que ha sido ampliamente estudiado para garantizar que no presenta ning\u00fan riesgo para la salud. Como medida de precauci\u00f3n, desaconsejamos la compra de alineadores a cualquier persona que no sea un dentista u ortodoncista.<\/p>\n\n\n\n<p>Las <a href=\"https:\/\/nutrident.fr\/es\/ortodoncia\/invisalign\/alternativas\/\" target=\"_blank\" data-type=\"URL\" rel=\"noreferrer noopener\">f\u00e9rulas de ortodoncia<\/a> pueden utilizarse para alinear los dientes, moverlos hacia delante o hacia atr\u00e1s, apretarlos o separarlos. Para acelerar el tratamiento, pueden llevarse todo el tiempo, excepto al comer.<\/p>\n\n\n\n<p>Estos alineadores tambi\u00e9n pueden abordar los problemas de maloclusi\u00f3n, que pueden ser dolorosos e influir negativamente en la alimentaci\u00f3n, causando problemas en el sistema digestivo.<\/p>\n\n\n<div class=\"wp-block-image\">\n<figure class=\"alignright size-medium\"><img width=\"300\" height=\"200\" src=\"https:\/\/nutrident.fr\/wp-content\/uploads\/2022\/06\/Invis-femme-300x200.jpg\" alt=\"boquilla de ortodoncia\" class=\"wp-image-10938\" srcset=\"https:\/\/nutrident.fr\/wp-content\/uploads\/2022\/06\/Invis-femme-300x200.jpg 300w, https:\/\/nutrident.fr\/wp-content\/uploads\/2022\/06\/Invis-femme-768x512.jpg 768w, https:\/\/nutrident.fr\/wp-content\/uploads\/2022\/06\/Invis-femme-254x169.jpg 254w, https:\/\/nutrident.fr\/wp-content\/uploads\/2022\/06\/Invis-femme.jpg 1000w\" sizes=\"(max-width: 300px) 100vw, 300px\" \/><figcaption>Los alineadores transparentes son c\u00f3modos y discretos<\/figcaption><\/figure><\/div>\n\n\n<p>Una ventaja de la ortodoncia invisible es que no utiliza ning\u00fan componente met\u00e1lico punzante, por lo que no existe el riesgo de que se produzcan lesiones, como ocurre con los aparatos de ortodoncia tradicionales. Est\u00e1n fabricadas con materiales semirr\u00edgidos que <strong>modifican suavemente la posici\u00f3n de los dientes<\/strong>, evitando la aplicaci\u00f3n de las fuerzas agresivas que caracterizan a los brackets de metal. Por lo tanto, son mucho m\u00e1s c\u00f3modas de usar.<\/p>\n\n\n\n<p>Sin embargo, el tratamiento con alineadores transparentes <strong>suele durar un poco m\u00e1s<\/strong>, ya que mueve los dientes m\u00e1s lentamente. La ventaja es que es <a href=\"https:\/\/nutrident.fr\/es\/ortodoncia\/brackets\/dolor\/\" target=\"_blank\" data-type=\"URL\" rel=\"noreferrer noopener\">menos doloroso<\/a>, aunque es posible que se produzca algo de tensi\u00f3n o molestias menores.<\/p>\n\n\n\n<p>Al ser <strong>transparentes<\/strong>, los alineadores dentales son mucho m\u00e1s agradables de llevar. Los brackets son muy visibles desde la distancia debido a la l\u00ednea horizontal casi negra que atraviesa su sonrisa. Las f\u00e9rulas est\u00e1n hechas de un material que <strong>no se nota<\/strong> a menos que se vean de cerca.<\/p>\n\n\n\n<h2><span class=\"ez-toc-section\" id=\"Higiene_bucal_con_alineadores_de_ortodoncia\"><\/span>Higiene bucal con alineadores de ortodoncia<span class=\"ez-toc-section-end\"><\/span><\/h2>\n\n\n\n<p>Los alineadores se llevan en todo momento, excepto durante las comidas y durante la rutina de higiene dental. Esto <strong>facilita el cepillado de los dientes<\/strong>, a diferencia de otros dispositivos en los que los restos de comida se quedan atascados.<\/p>\n\n\n\n<p>Aseg\u00farate de <strong>cepillarte los dientes<\/strong> despu\u00e9s de comer <strong>antes de volver a colocarte los alineadores<\/strong>. De lo contrario, la <a href=\"https:\/\/nutrident.fr\/es\/sarro-dental\/\" data-type=\"post\" data-id=\"16412\">placa<\/a> quedar\u00e1 atrapada y se fijar\u00e1 con mayor rapidez.<\/p>\n\n\n\n<h2><span class=\"ez-toc-section\" id=\"%C2%BFQuien_puede_usar_alineadores_de_ortodoncia\"><\/span>\u00bfQui\u00e9n puede usar alineadores de ortodoncia?<span class=\"ez-toc-section-end\"><\/span><\/h2>\n\n\n\n<p>La respuesta es sencilla: <strong>casi cualquier persona<\/strong>. En un principio, los aparatos de ortodoncia convencionales s\u00f3lo se prescrib\u00edan para ni\u00f1os y adolescentes. Posteriormente se han recetado para adultos, sobre todo en Estados Unidos. Sin embargo, hay que decir que los brackets son a veces dif\u00edciles de aceptar, aunque han progresado en t\u00e9rminos de visibilidad, sustituyendo el metal por <a href=\"https:\/\/nutrident.fr\/es\/ortodoncia\/brackets\/ceramica\/\" target=\"_blank\" data-type=\"URL\" rel=\"noreferrer noopener\">elementos de color blanco<\/a> que son m\u00e1s discretos.<\/p>\n\n\n<div class=\"wp-block-image\">\n<figure class=\"alignright size-medium\"><img width=\"300\" height=\"281\" src=\"https:\/\/nutrident.fr\/wp-content\/uploads\/2022\/05\/invisalign_Home-300x281.jpg\" alt=\"DrSmile\" class=\"wp-image-10821\" srcset=\"https:\/\/nutrident.fr\/wp-content\/uploads\/2022\/05\/invisalign_Home-300x281.jpg 300w, https:\/\/nutrident.fr\/wp-content\/uploads\/2022\/05\/invisalign_Home-203x190.jpg 203w, https:\/\/nutrident.fr\/wp-content\/uploads\/2022\/05\/invisalign_Home.jpg 388w\" sizes=\"(max-width: 300px) 100vw, 300px\" \/><figcaption>Las f\u00e9rulas transparentes son perfectas para los adultos<\/figcaption><\/figure><\/div>\n\n\n<p>Dado el tama\u00f1o del mercado, no es de extra\u00f1ar que la investigaci\u00f3n se haya centrado en un sistema pr\u00e1cticamente invisible, pero igualmente eficaz. As\u00ed surgieron las f\u00e9rulas <a href=\"https:\/\/www.webmd.com\/oral-health\/guide\/invisible-orthodontic-aligners#1\" target=\"_blank\" rel=\"noopener\">transparentes<\/a>.<\/p>\n\n\n\n<p>Los alineadores de ortodoncia son <strong>aptos para todas las edades<\/strong>, as\u00ed que si tienes problemas de alineaci\u00f3n dental y no te trataste de ni\u00f1o o adolescente, a\u00fan est\u00e1s a tiempo de enderezar tus dientes.<\/p>\n\n\n\n<p>Las f\u00e9rulas de ortodoncia <strong>se pueden usar con implantes<\/strong>, coronas y otras pr\u00f3tesis. Tu dentista determinar\u00e1 si eres apto para usar este sistema, no obstante, son pocos los casos en los que no son adecuados.<\/p>\n\n\n\n<h2><span class=\"ez-toc-section\" id=\"%C2%BFCuanto_dura_el_tratamiento_de_ortodoncia_con_alineadores\"><\/span>\u00bfCu\u00e1nto dura el tratamiento de ortodoncia con alineadores?<span class=\"ez-toc-section-end\"><\/span><\/h2>\n\n\n\n<p>La duraci\u00f3n del tratamiento depender\u00e1 de la magnitud del problema y de la edad del paciente. Una mand\u00edbula joven es m\u00e1s maleable y tardar\u00e1 menos en alinearse, pero, en general, la duraci\u00f3n media del tratamiento es de <strong>entre 6 meses y 2 a\u00f1os<\/strong>.<\/p>\n\n\n\n<p>Sin embargo, aunque tengas que someterte al tratamiento m\u00e1s largo, como el progreso es continuo, tendr\u00e1s la satisfacci\u00f3n de ver c\u00f3mo tu sonrisa mejora d\u00eda a d\u00eda.<\/p>\n\n\n\n<h2><span class=\"ez-toc-section\" id=\"Ferula_dental_%C2%BFcomo_funciona\"><\/span>F\u00e9rula dental: \u00bfc\u00f3mo funciona?<span class=\"ez-toc-section-end\"><\/span><\/h2>\n\n\n\n<p>En tu primera cita, el ortodoncista elaborar\u00e1 un <strong>plan de tratamiento<\/strong> en el que determinar\u00e1 los pasos a seguir en funci\u00f3n del objetivo a alcanzar y realizar\u00e1 una simulaci\u00f3n inform\u00e1tica en 3D de todo el proceso. Esto permitir\u00e1 establecer un calendario para la sustituci\u00f3n de las f\u00e9rulas, que se deben cambiar cada dos semanas aproximadamente.<\/p>\n\n\n\n<div class=\"wp-container-2 is-content-justification-center wp-block-buttons\">\n<div class=\"wp-block-button\"><a class=\"wp-block-button__link has-white-color has-vivid-cyan-blue-background-color has-text-color has-background\" href=\"https:\/\/tidd.ly\/3Dy4VRx\" target=\"_blank\" rel=\"noopener\">Pide una cita con un dentista Dr. Smile<\/a><\/div>\n<\/div>\n\n\n\n<p>Posteriormente, el profesional realizar\u00e1 un molde de los arcos dentales que servir\u00e1 para mandar a fabricar los alineadores a la medida. Llevar\u00e1s cada par de f\u00e9rulas <strong>durante quince d\u00edas <\/strong>y cambiar\u00e1s a un nuevo modelo, adaptado a la evoluci\u00f3n de la dentadura.<\/p>\n\n\n\n<p>Las <strong>visitas peri\u00f3dicas al dentista<\/strong> sirven para comprobar que los movimientos de los dientes son los esperados. Si es necesario, el profesional ajustar\u00e1 el tratamiento.<\/p>\n\n\n\n<h2><span class=\"ez-toc-section\" id=\"%C2%BFCuanto_cuestan_las_ferulas_de_ortodoncia\"><\/span>\u00bfCu\u00e1nto cuestan las f\u00e9rulas de ortodoncia?<span class=\"ez-toc-section-end\"><\/span><\/h2>\n\n\n\n<p>El precio de la ortodoncia invisible depende, por supuesto, de la duraci\u00f3n del tratamiento y suele ser un poco m\u00e1s caro que los aparatos met\u00e1licos convencionales. En general, el coste medio es de <strong>2.000 euros por semestre<\/strong>.<\/p>\n\n\n\n<p>Sin embargo, hay marcas que ofrecen <strong>opciones m\u00e1s baratas<\/strong> y con tarifas fijas en funci\u00f3n de la complejidad del caso. Es el caso de <a href=\"https:\/\/nutrident.fr\/es\/ortodoncia\/drsmile-opiniones\/\" target=\"_blank\" data-type=\"URL\" rel=\"noreferrer noopener\">DrSmile<\/a>, una marca alemana que ya trabaja con decenas de consultas dentales en Espa\u00f1a.<\/p>\n\n\n\n<div class=\"wp-container-3 is-content-justification-center wp-block-buttons\">\n<div class=\"wp-block-button\"><a class=\"wp-block-button__link has-white-color has-vivid-cyan-blue-background-color has-text-color has-background\" href=\"https:\/\/tidd.ly\/3Dy4VRx\" target=\"_blank\" rel=\"noopener\">Encuentra tu dentista Dr. Smile m\u00e1s cercano<\/a><\/div>\n<\/div>\n\n\n\n<p>Los alineadores de ortodoncia son un poco m\u00e1s caros que los aparatos met\u00e1licos tradicionales, pero son <strong>igual de eficaces<\/strong>, menos dolorosos y m\u00e1s agradables est\u00e9ticamente. Estas son algunas de las razones por las que son cada vez m\u00e1s populares y comunes.<\/p>\n<div class=\"article-data before-content\"><div class=\"article-data__date\"><div class=\"article-data__date-modified\"><time class=\"published\" datetime=\"2022-10-27T17:22:36+00:00\">This article was originally published on&nbsp;<span class=\"2\">octubre 27, 2022<\/span>&nbsp;and was most recently updated on&nbsp;<span>junio 13, 2023<\/span><\/time><br><\/div><\/div><\/div><div class=\"user-info\">    <div class=\"user-info__body\">\r\n      <div class=\"user-info__caption\"><span>Contributors:<\/span><\/div>\r\n\t\t\t        <div class=\"user-info__wrap \">\r\n          <div class=\"user-info__data\">\r\n            <div class=\"user-info__data__info\">\r\n              <div class=\"photo\">\r\n\t\t\t\t\t\t\t\t<img width=\"66\" height=\"61\" src=\"https:\/\/nutrident.fr\/wp-content\/uploads\/2023\/06\/unnamed-66x61.jpg\" class=\"attachment-profileImageAuthor size-profileImageAuthor wp-post-image\" alt=\"Dr Abel Jes\u00fas Pederzoli\" loading=\"lazy\" srcset=\"https:\/\/nutrident.fr\/wp-content\/uploads\/2023\/06\/unnamed-66x61.jpg 66w, https:\/\/nutrident.fr\/wp-content\/uploads\/2023\/06\/unnamed-300x279.jpg 300w, https:\/\/nutrident.fr\/wp-content\/uploads\/2023\/06\/unnamed-1024x952.jpg 1024w, https:\/\/nutrident.fr\/wp-content\/uploads\/2023\/06\/unnamed-768x714.jpg 768w, https:\/\/nutrident.fr\/wp-content\/uploads\/2023\/06\/unnamed-204x190.jpg 204w, https:\/\/nutrident.fr\/wp-content\/uploads\/2023\/06\/unnamed-120x112.jpg 120w, https:\/\/nutrident.fr\/wp-content\/uploads\/2023\/06\/unnamed.jpg 1125w\" sizes=\"(max-width: 66px) 100vw, 66px\" \/>              <\/div>\r\n              <a href=\"https:\/\/nutrident.fr\/es\/author\/dr-abel-jesus-pederzoli\/\" class=\"name\">Dr Abel Jes\u00fas Pederzoli<\/a>\r\n            <\/div>\r\n            <div class=\"user-info__data__social\">\r\n\t\t\t\t\t\t\t\t\t\t\t\t\t\t\t\t\t\t\t\t\t          <a href=\"https:\/\/clinicaleixample.es\/\"\r\n             class=\"soc-item website\">website<\/a>\r\n\t\t\t\t          <a href=\"http:\/\/linkedin.com\/in\/abel-jes%C3%BAs-pederzoli\"\r\n             class=\"soc-item linkedin\">linkedin<\/a>\r\n\t\t\t\t            <\/div>\r\n          <\/div>\r\n          <div class=\"user-info__description\">\r\n\t\t\t\t\t\t\t\t\t\t\t\t\t<p>Con t\u00edtulos obtenidos en la Facultad de Odontolog\u00eda de la Universidad Nacional de La Plata y una participaci\u00f3n activa en congresos y jornadas, el Dr. Pederzoli se mantiene actualizado en las \u00faltimas t\u00e9cnicas y avances en odontolog\u00eda. Actualmente se encuentra desarrollando un proyecto de consultor\u00eda tecnol\u00f3gica aplicada a cl\u00ednicas dentales.<\/p>\n\t\t\t\t\t\t          <\/div>\r\n        <\/div>\r\n\t\t\t\t    <\/div>\r\n\t<\/div><!--copyscapeskip--><div class=\"medical_references\"><div class=\"medical_references__heading\"><span>Fuentes M\u00e9dicas<\/span><\/div><div class=\"medical_references__list\"><p><strong>WebMD<\/strong>: <a href=\"https:\/\/www.webmd.com\/oral-health\/invisible-orthodontic-aligners#1\" target=\"_blank\" rel=\"noopener\">Invisible Aligners for Teeth<\/a>. Consultado el 27 de mayo de 2023.<\/p>\n<\/div><\/div><!--\/copyscapeskip-->","protected":false},"excerpt":{"rendered":"<p>Contributor:&nbsp; Dr Abel Jes\u00fas Pederzoli Updated:&nbsp;junio 13, 2023 La f\u00e9rula dental es una t\u00e9cnica de ortodoncia innovadora que ofrece una alternativa discreta y eficaz a los brackets met\u00e1licos tradicionales. Es por ello que se han vuelto tan populares en los \u00faltimos a\u00f1os, sobre todo entre adultos con problemas de alineaci\u00f3n o maloclusiones dentales. Tener los [&hellip;]<\/p>\n","protected":false},"author":2,"featured_media":14287,"parent":0,"menu_order":0,"comment_status":"open","ping_status":"open","template":"","meta":{"inline_featured_image":false},"acf":[],"_links":{"self":[{"href":"https:\/\/nutrident.fr\/es\/wp-json\/wp\/v2\/pages\/16757"}],"collection":[{"href":"https:\/\/nutrident.fr\/es\/wp-json\/wp\/v2\/pages"}],"about":[{"href":"https:\/\/nutrident.fr\/es\/wp-json\/wp\/v2\/types\/page"}],"author":[{"embeddable":true,"href":"https:\/\/nutrident.fr\/es\/wp-json\/wp\/v2\/users\/2"}],"replies":[{"embeddable":true,"href":"https:\/\/nutrident.fr\/es\/wp-json\/wp\/v2\/comments?post=16757"}],"version-history":[{"count":14,"href":"https:\/\/nutrident.fr\/es\/wp-json\/wp\/v2\/pages\/16757\/revisions"}],"predecessor-version":[{"id":21843,"href":"https:\/\/nutrident.fr\/es\/wp-json\/wp\/v2\/pages\/16757\/revisions\/21843"}],"wp:featuredmedia":[{"embeddable":true,"href":"https:\/\/nutrident.fr\/es\/wp-json\/wp\/v2\/media\/14287"}],"wp:attachment":[{"href":"https:\/\/nutrident.fr\/es\/wp-json\/wp\/v2\/media?parent=16757"}],"curies":[{"name":"wp","href":"https:\/\/api.w.org\/{rel}","templated":true}]}}