

{"id":16761,"date":"2022-10-27T16:08:26","date_gmt":"2022-10-27T16:08:26","guid":{"rendered":"https:\/\/nutrident.fr\/?page_id=16761"},"modified":"2023-06-13T10:31:45","modified_gmt":"2023-06-13T10:31:45","slug":"dolor","status":"publish","type":"page","link":"https:\/\/nutrident.fr\/es\/ortodoncia\/brackets\/dolor\/","title":{"rendered":"\u00bfC\u00f3mo aliviar el dolor causado por los brackets?"},"content":{"rendered":"<div class=\"meta\"><div class=\"meta__users\">    <div class=\"meta__users__reviewed\">\r\n      <p class=\"meta__users__caption\">Contributor:&nbsp;<\/p>\r\n      <div class=\"users\">\r\n        <span class=\"users__user\">\r\n          <a href=\"#\">Dr Abel Jes\u00fas Pederzoli<\/a>\r\n        <\/span>\r\n      <\/div>\r\n    <\/div>\r\n\t<\/div><div class=\"meta__date-modified\">Updated:&nbsp;<span>junio 13, 2023<\/span><\/div><\/div><div class=\"wp-block-image\">\n<figure class=\"alignright\"><img width=\"300\" height=\"200\" src=\"https:\/\/nutrident.fr\/wp-content\/uploads\/2021\/08\/atikah-akhtar-hKaYlAF1nDw-unsplash-300x200.jpg\" alt=\"aparatos para el dolor\" class=\"wp-image-8895\" srcset=\"https:\/\/nutrident.fr\/wp-content\/uploads\/2021\/08\/atikah-akhtar-hKaYlAF1nDw-unsplash-300x200.jpg 300w, https:\/\/nutrident.fr\/wp-content\/uploads\/2021\/08\/atikah-akhtar-hKaYlAF1nDw-unsplash-768x512.jpg 768w, https:\/\/nutrident.fr\/wp-content\/uploads\/2021\/08\/atikah-akhtar-hKaYlAF1nDw-unsplash-980x654.jpg 980w, https:\/\/nutrident.fr\/wp-content\/uploads\/2021\/08\/atikah-akhtar-hKaYlAF1nDw-unsplash-480x320.jpg 480w, https:\/\/nutrident.fr\/wp-content\/uploads\/2021\/08\/atikah-akhtar-hKaYlAF1nDw-unsplash.jpg 1000w\" sizes=\"(max-width: 300px) 100vw, 300px\" \/><figcaption>\u00bfPor qu\u00e9 le duelen los dientes los aparatos?<\/figcaption><\/figure><\/div>\n\n\n<p>Los aparatos de ortodoncia se han vuelto mucho m\u00e1s eficaces y c\u00f3modos en los \u00faltimos a\u00f1os, pero todav\u00eda suelen causar un poco de dolor y lesiones, especialmente al principio del tratamiento, cuando a\u00fan no est\u00e1s acostumbrado a ellos.<\/p>\n\n\n\n<p>Un tratamiento de ortodoncia puede durar varios meses o incluso a\u00f1os, por lo que es importante acostumbrarse a \u00e9l. Pero mientras te acostumbras, hay varias cosas que puedes hacer para <strong>aliviar o evitar el dolor de los brackets<\/strong> y <a href=\"https:\/\/nutrident.fr\/es\/\">Nutrident<\/a> te las resume en este art\u00edculo.<\/p>\n\n\n\n<p><em>Antes de seguir leyendo, debes saber que los nuevos tratamientos de ortodoncia, como el de DrSmile, son mucho menos propensos a causar dolores y molestias dentales.<\/em><\/p>\n\n\n\n<div class=\"wp-container-1 is-content-justification-center wp-block-buttons\">\n<div class=\"wp-block-button\"><a class=\"wp-block-button__link has-white-color has-vivid-cyan-blue-background-color has-text-color has-background\" href=\"https:\/\/tidd.ly\/3Dy4VRx\" target=\"_blank\" rel=\"noopener\">Pide tu primera cita gratuita con DrSmile<\/a><\/div>\n<\/div>\n\n\n\n<div id=\"ez-toc-container\" class=\"ez-toc-v2_0_33_2 counter-hierarchy ez-toc-counter ez-toc-white ez-toc-container-direction\">\n<div class=\"ez-toc-title-container\">\n<p class=\"ez-toc-title\">Contenus<\/p>\n<span class=\"ez-toc-title-toggle\"><a href=\"#\" class=\"ez-toc-pull-right ez-toc-btn ez-toc-btn-xs ez-toc-btn-default ez-toc-toggle\" style=\"display: none;\"><label for=\"item\" aria-label=\"Tabla de contenidos\"><i class=\"ez-toc-glyphicon ez-toc-icon-toggle\"><\/i><\/label><input type=\"checkbox\" id=\"item\"><\/a><\/span><\/div>\n<nav><ul class='ez-toc-list ez-toc-list-level-1'><li class='ez-toc-page-1 ez-toc-heading-level-2'><a class=\"ez-toc-link ez-toc-heading-1\" href=\"https:\/\/nutrident.fr\/es\/ortodoncia\/brackets\/dolor\/#%C2%BFComo_puedo_evitar_el_dolor_causado_por_los_movimientos_dentales\" title=\"\u00bfC\u00f3mo puedo evitar el dolor causado por los movimientos dentales?\">\u00bfC\u00f3mo puedo evitar el dolor causado por los movimientos dentales?<\/a><\/li><li class='ez-toc-page-1 ez-toc-heading-level-2'><a class=\"ez-toc-link ez-toc-heading-2\" href=\"https:\/\/nutrident.fr\/es\/ortodoncia\/brackets\/dolor\/#%C2%BFComo_puedo_evitar_el_dolor_del_roce_de_los_brackets_con_el_interior_de_los_labios\" title=\"\u00bfC\u00f3mo puedo evitar el dolor del roce de los brackets con el interior de los labios?\">\u00bfC\u00f3mo puedo evitar el dolor del roce de los brackets con el interior de los labios?<\/a><\/li><li class='ez-toc-page-1 ez-toc-heading-level-2'><a class=\"ez-toc-link ez-toc-heading-3\" href=\"https:\/\/nutrident.fr\/es\/ortodoncia\/brackets\/dolor\/#%C2%BFComo_puedo_evitar_el_dolor_de_los_brackets_rotos\" title=\"\u00bfC\u00f3mo puedo evitar el dolor de los brackets rotos?\">\u00bfC\u00f3mo puedo evitar el dolor de los brackets rotos?<\/a><\/li><\/ul><\/nav><\/div>\n<h2><span class=\"ez-toc-section\" id=\"%C2%BFComo_puedo_evitar_el_dolor_causado_por_los_movimientos_dentales\"><\/span>\u00bfC\u00f3mo puedo evitar el dolor causado por los movimientos dentales?<span class=\"ez-toc-section-end\"><\/span><\/h2>\n\n\n\n<p>El objetivo de la ortodoncia es mover los dientes que est\u00e1n en una posici\u00f3n incorrecta, para lo cual hay que ejercer presi\u00f3n sobre los ligamentos que se encuentran dentro y alrededor del diente. Esto genera tensiones dolorosas, especialmente durante <strong>los primeros d\u00edas de tratamiento<\/strong>, as\u00ed como cada vez que <strong>se<\/strong> <strong>reajustan los aparatos<\/strong>, lo que se debe hacer cada mes aproximadamente.<\/p>\n\n\n\n<p>Este dolor es normal, pero tampoco deber\u00eda ser demasiado pronunciado. Si es muy intenso, debes acudir a tu dentista para que <strong>reduzca un poco la presi\u00f3n<\/strong> de la ortodoncia, ya que probablemente haya apretado demasiado tus aparatos.<\/p>\n\n\n\n<p>Si el dolor es soportable, pero punzante y desagradable, puedes utilizar un <strong>analg\u00e9sico<\/strong> para calmarlo durante los dos o tres primeros d\u00edas. Una vez que haya pasado el dolor, debes avisar a tu dentista.<\/p>\n\n\n\n<p>Para evitar aumentar a\u00fan m\u00e1s el dolor, sigue una <strong>dieta<\/strong> <strong>blanda<\/strong> para que no tengas que masticar demasiado.<\/p>\n\n\n\n<h2><span class=\"ez-toc-section\" id=\"%C2%BFComo_puedo_evitar_el_dolor_del_roce_de_los_brackets_con_el_interior_de_los_labios\"><\/span>\u00bfC\u00f3mo puedo evitar el dolor del roce de los brackets con el interior de los labios?<span class=\"ez-toc-section-end\"><\/span><\/h2>\n\n\n\n<p>El relieve que crean los brackets y alambres que los conectan <strong>provoca una fricci\u00f3n<\/strong> a la que los tejidos de la boca no est\u00e1n acostumbrados, pero lo har\u00e1n r\u00e1pidamente.<\/p>\n\n\n\n<p>Mientras tanto, puedes utilizar productos disponibles en las farmacias:  <\/p>\n\n\n<div class=\"wp-block-image\">\n<figure class=\"alignright size-medium\"><img width=\"300\" height=\"200\" src=\"https:\/\/nutrident.fr\/wp-content\/uploads\/2022\/05\/Depositphotos_468523772_S-300x200.jpg\" alt=\"dolor de ortodoncia\" class=\"wp-image-10804\" srcset=\"https:\/\/nutrident.fr\/wp-content\/uploads\/2022\/05\/Depositphotos_468523772_S-300x200.jpg 300w, https:\/\/nutrident.fr\/wp-content\/uploads\/2022\/05\/Depositphotos_468523772_S-768x512.jpg 768w, https:\/\/nutrident.fr\/wp-content\/uploads\/2022\/05\/Depositphotos_468523772_S-254x169.jpg 254w, https:\/\/nutrident.fr\/wp-content\/uploads\/2022\/05\/Depositphotos_468523772_S.jpg 1000w\" sizes=\"(max-width: 300px) 100vw, 300px\" \/><figcaption>Algunos productos farmac\u00e9uticos alivian el dolor causado por el tratamiento de ortodoncia  <\/figcaption><\/figure><\/div>\n\n\n<ul><li>Crema para curar las llagas<\/li><li>B\u00e1lsamo anest\u00e9sico<\/li><li>Cera para ortodoncia<\/li><\/ul>\n\n\n\n<p>Estos productos tambi\u00e9n son adecuados si te has lesionado la boca como consecuencia de un choque.<\/p>\n\n\n\n<p>Si los problemas de roce no mejoran, es posible que <strong>el alambre est\u00e9 mal colocado<\/strong> y sobresalga m\u00e1s de lo que deber\u00eda. En este caso, es tu dentista quien debe rectificar el error lo antes posible.<\/p>\n\n\n\n<h3>Protectores bucales para deportistas<\/h3>\n\n\n\n<p>Si est\u00e1s especialmente expuesto a los impactos y golpes, puedes utilizar protectores bucales deportivos. Act\u00faan <strong>como un amortiguador<\/strong> entre los brackets y los labios para evitar las lesiones.<\/p>\n\n\n\n<h3>Ortodoncia invisible<\/h3>\n\n\n\n<p>Existen alternativas a los brackets tradicionales de metal y a <a href=\"https:\/\/nutrident.fr\/es\/ortodoncia\/brackets\/ceramica\/\" target=\"_blank\" data-type=\"URL\" data-id=\"https:\/\/nutrident.fr\/es\/ortodoncia\/brackets\/ceramica\/\" rel=\"noreferrer noopener\">otros tratamientos similares<\/a>. Se trata de <strong>f\u00e9rulas transparentes que no producen irritaci\u00f3n<\/strong> y adem\u00e1s son muy discretas. <a href=\"https:\/\/nutrident.fr\/es\/ortodoncia\/drsmile-opiniones\/\" target=\"_blank\" rel=\"noreferrer noopener\">DrSmile<\/a> es una de las marcas m\u00e1s conocidas.<\/p>\n\n\n\n<p>Sin embargo, este m\u00e9todo no es adecuado para todos los problemas de ortodoncia, por lo que debes pedir a tu dentista que eval\u00fae tu caso para determinar si puedes usarlo. Por otro lado, los alineadores no evitan que experimentes un peque\u00f1o dolor causado por el desplazamiento de los dientes.<\/p>\n\n\n\n<div class=\"wp-container-2 is-content-justification-center wp-block-buttons\">\n<div class=\"wp-block-button\"><a class=\"wp-block-button__link has-white-color has-vivid-cyan-blue-background-color has-text-color has-background\" href=\"https:\/\/tidd.ly\/3Dy4VRx\" target=\"_blank\" rel=\"noopener\">Pide tu primera cita gratuita con DrSmile<\/a><\/div>\n<\/div>\n\n\n\n<h2><span class=\"ez-toc-section\" id=\"%C2%BFComo_puedo_evitar_el_dolor_de_los_brackets_rotos\"><\/span>\u00bfC\u00f3mo puedo evitar el dolor de los brackets rotos?<span class=\"ez-toc-section-end\"><\/span><\/h2>\n\n\n\n<p>La ortodoncia puede romperse, ya sea como resultado de un impacto o al comer. En este caso, debes pedir una cita de <strong><a href=\"https:\/\/nutrident.fr\/es\/dentista-de-urgencias\/\">emergencia<\/a><\/strong> con el ortodoncista para que eval\u00fae el problema y determine si se puede reparar o si hay que sustituirlo.<\/p>\n<div class=\"article-data before-content\"><div class=\"article-data__date\"><div class=\"article-data__date-modified\"><time class=\"published\" datetime=\"2022-10-27T16:08:26+00:00\">This article was originally published on&nbsp;<span class=\"2\">octubre 27, 2022<\/span>&nbsp;and was most recently updated on&nbsp;<span>junio 13, 2023<\/span><\/time><br><\/div><\/div><\/div><div class=\"user-info\">    <div class=\"user-info__body\">\r\n      <div class=\"user-info__caption\"><span>Contributors:<\/span><\/div>\r\n\t\t\t        <div class=\"user-info__wrap \">\r\n          <div class=\"user-info__data\">\r\n            <div class=\"user-info__data__info\">\r\n              <div class=\"photo\">\r\n\t\t\t\t\t\t\t\t<img width=\"66\" height=\"61\" src=\"https:\/\/nutrident.fr\/wp-content\/uploads\/2023\/06\/unnamed-66x61.jpg\" class=\"attachment-profileImageAuthor size-profileImageAuthor wp-post-image\" alt=\"Dr Abel Jes\u00fas Pederzoli\" loading=\"lazy\" srcset=\"https:\/\/nutrident.fr\/wp-content\/uploads\/2023\/06\/unnamed-66x61.jpg 66w, https:\/\/nutrident.fr\/wp-content\/uploads\/2023\/06\/unnamed-300x279.jpg 300w, https:\/\/nutrident.fr\/wp-content\/uploads\/2023\/06\/unnamed-1024x952.jpg 1024w, https:\/\/nutrident.fr\/wp-content\/uploads\/2023\/06\/unnamed-768x714.jpg 768w, https:\/\/nutrident.fr\/wp-content\/uploads\/2023\/06\/unnamed-204x190.jpg 204w, https:\/\/nutrident.fr\/wp-content\/uploads\/2023\/06\/unnamed-120x112.jpg 120w, https:\/\/nutrident.fr\/wp-content\/uploads\/2023\/06\/unnamed.jpg 1125w\" sizes=\"(max-width: 66px) 100vw, 66px\" \/>              <\/div>\r\n              <a href=\"https:\/\/nutrident.fr\/es\/author\/dr-abel-jesus-pederzoli\/\" class=\"name\">Dr Abel Jes\u00fas Pederzoli<\/a>\r\n            <\/div>\r\n            <div class=\"user-info__data__social\">\r\n\t\t\t\t\t\t\t\t\t\t\t\t\t\t\t\t\t\t\t\t\t          <a href=\"https:\/\/clinicaleixample.es\/\"\r\n             class=\"soc-item website\">website<\/a>\r\n\t\t\t\t          <a href=\"http:\/\/linkedin.com\/in\/abel-jes%C3%BAs-pederzoli\"\r\n             class=\"soc-item linkedin\">linkedin<\/a>\r\n\t\t\t\t            <\/div>\r\n          <\/div>\r\n          <div class=\"user-info__description\">\r\n\t\t\t\t\t\t\t\t\t\t\t\t\t<p>Con t\u00edtulos obtenidos en la Facultad de Odontolog\u00eda de la Universidad Nacional de La Plata y una participaci\u00f3n activa en congresos y jornadas, el Dr. Pederzoli se mantiene actualizado en las \u00faltimas t\u00e9cnicas y avances en odontolog\u00eda. Actualmente se encuentra desarrollando un proyecto de consultor\u00eda tecnol\u00f3gica aplicada a cl\u00ednicas dentales.<\/p>\n\t\t\t\t\t\t          <\/div>\r\n        <\/div>\r\n\t\t\t\t    <\/div>\r\n\t<\/div>","protected":false},"excerpt":{"rendered":"<p>Contributor:&nbsp; Dr Abel Jes\u00fas Pederzoli Updated:&nbsp;junio 13, 2023 Los aparatos de ortodoncia se han vuelto mucho m\u00e1s eficaces y c\u00f3modos en los \u00faltimos a\u00f1os, pero todav\u00eda suelen causar un poco de dolor y lesiones, especialmente al principio del tratamiento, cuando a\u00fan no est\u00e1s acostumbrado a ellos. Un tratamiento de ortodoncia puede durar varios meses o [&hellip;]<\/p>\n","protected":false},"author":14,"featured_media":8897,"parent":19130,"menu_order":0,"comment_status":"closed","ping_status":"closed","template":"","meta":{"inline_featured_image":false},"acf":[],"_links":{"self":[{"href":"https:\/\/nutrident.fr\/es\/wp-json\/wp\/v2\/pages\/16761"}],"collection":[{"href":"https:\/\/nutrident.fr\/es\/wp-json\/wp\/v2\/pages"}],"about":[{"href":"https:\/\/nutrident.fr\/es\/wp-json\/wp\/v2\/types\/page"}],"author":[{"embeddable":true,"href":"https:\/\/nutrident.fr\/es\/wp-json\/wp\/v2\/users\/14"}],"replies":[{"embeddable":true,"href":"https:\/\/nutrident.fr\/es\/wp-json\/wp\/v2\/comments?post=16761"}],"version-history":[{"count":13,"href":"https:\/\/nutrident.fr\/es\/wp-json\/wp\/v2\/pages\/16761\/revisions"}],"predecessor-version":[{"id":21895,"href":"https:\/\/nutrident.fr\/es\/wp-json\/wp\/v2\/pages\/16761\/revisions\/21895"}],"up":[{"embeddable":true,"href":"https:\/\/nutrident.fr\/es\/wp-json\/wp\/v2\/pages\/19130"}],"wp:featuredmedia":[{"embeddable":true,"href":"https:\/\/nutrident.fr\/es\/wp-json\/wp\/v2\/media\/8897"}],"wp:attachment":[{"href":"https:\/\/nutrident.fr\/es\/wp-json\/wp\/v2\/media?parent=16761"}],"curies":[{"name":"wp","href":"https:\/\/api.w.org\/{rel}","templated":true}]}}